{"id":21140,"date":"2022-11-11T14:23:43","date_gmt":"2022-11-11T12:23:43","guid":{"rendered":"https:\/\/www.biopapa.lt\/?post_type=product&#038;p=21140"},"modified":"2026-03-05T09:52:53","modified_gmt":"2026-03-05T07:52:53","slug":"ekologiskos-smulkintos-kukuruzu-kruopos-polenta","status":"publish","type":"product","link":"https:\/\/www.biopapa.de\/lt\/producte\/ekologiskos-smulkintos-kukuruzu-kruopos-polenta\/","title":{"rendered":"Ekologi\u0161kos smulkintos kukur\u016bz\u0173 kruopos (Polenta)"},"content":{"rendered":"<p>Ekologi\u0161kos kukur\u016bz\u0173 kruopos (polenta) tinkamos ko\u0161\u0117ms, apkepams, paplot\u0117liams, tro\u0161kiniams gaminti, taip pat i\u0161 j\u0173 gaminama polenta \u2013 tradicin\u0117 itali\u0161ka ko\u0161\u0117. Kukur\u016bz\u0173 kruopos yra puikus skaidulini\u0173 med\u017eiag\u0173 \u0161altinis.<br \/>\nEkologi\u0161ka kukur\u016bz\u0173 ko\u0161\u0117, gauta i\u0161 kukur\u016bz\u0173 branduoli\u0173. I\u0161 jo ruo\u0161iama garsioji itali\u0161ka polenta arba rumuni\u0161ka mamaliga, kurios skonis ir saldus, pavyzd\u017eiui, pusry\u010diams su d\u017eiovintais vaisiais, ir s\u016brus pagrindiniams patiekalams. \u0160ios kruopos\u00a0 taip pat tinkamos naudoti kaip sriub\u0173 ir pada\u017e\u0173 tir\u0161tiklis, o sumalus \u012f miltus taip pat naudojamos pyragams, pudingams, pyragams ruo\u0161ti.<\/p>\n<p><strong>Kukur\u016bz\u0173 ko\u0161\u0117<\/strong>\u00a0(garnyras 4 asmenims)<br \/>\n250 g kruop\u0173 supilti \u012f 1.5 l verdan\u010dio vandens. Mai\u0161ant virti \u017eemoje temperat\u016broje 2 min. U\u017edengti dangt\u012f ir palikti pastov\u0117ti 5 min.<br \/>\nPikanti\u0161ka ko\u0161\u0117: \u012f paruo\u0161t\u0105 ko\u0161\u0119 galima \u012fmai\u0161yti 100 g tarkuoto vegaini\u0161ko s\u016brio pakaitalo. Norint sald\u017eios ko\u0161\u0117s, verdant vietoj vandens galima naudoti augalin\u012f g\u0117rim\u0105, i\u0161virus saldinti datul\u0117mis ar pasirinktais saldikliais, galima \u012fmai\u0161yti sviesto ar ekologi\u0161ko aliejaus.<\/p>\n","protected":false},"excerpt":{"rendered":"<p>Ekologi\u0161kos kukur\u016bz\u0173 kruopos (polenta) tinkamos ko\u0161\u0117ms, apkepams, paplot\u0117liams, tro\u0161kiniams gaminti, taip pat i\u0161 j\u0173 gaminama polenta \u2013 tradicin\u0117 itali\u0161ka ko\u0161\u0117.<\/p>\n","protected":false},"featured_media":22213,"template":"","meta":{"_acf_changed":false},"product_brand":[],"product_cat":[1295],"product_tag":[1431,1378],"class_list":{"0":"post-21140","1":"product","2":"type-product","3":"status-publish","4":"has-post-thumbnail","6":"product_cat-ekologiskos-kruopos-ankstiniai","7":"product_tag-glitimo-alternatyva","8":"product_tag-veganams","9":"pa_svoris-1-kg","10":"pa_svoris-100-g","11":"pa_svoris-200-g","12":"pa_svoris-25-kg","13":"pa_svoris-300-g","14":"pa_svoris-400-g","15":"pa_svoris-500-g","17":"first","18":"instock","19":"shipping-taxable","20":"purchasable","21":"product-type-variable"},"acf":[],"yoast_head":"<!-- This site is optimized with the Yoast SEO plugin v27.5 - https:\/\/yoast.com\/product\/yoast-seo-wordpress\/ -->\n<title>Ekologi\u0161kos smulkintos kukur\u016bz\u0173 kruopos (Polenta) - Biopapa<\/title>\n<meta name=\"description\" content=\"Ekologi\u0161kos kukur\u016bz\u0173 kruopos (polenta) tinkamos ko\u0161\u0117ms, apkepams, paplot\u0117liams, tro\u0161kiniams gaminti, taip pat i\u0161 j\u0173 gaminama polenta \u2013 tradicin\u0117 itali\u0161ka ko\u0161\u0117.\" \/>\n<meta name=\"robots\" content=\"index, follow, max-snippet:-1, max-image-preview:large, max-video-preview:-1\" \/>\n<link rel=\"canonical\" href=\"https:\/\/www.biopapa.de\/lt\/producte\/ekologiskos-smulkintos-kukuruzu-kruopos-polenta\/\" \/>\n<meta property=\"og:locale\" content=\"lt_LT\" \/>\n<meta property=\"og:type\" content=\"article\" \/>\n<meta property=\"og:title\" content=\"Ekologi\u0161kos smulkintos kukur\u016bz\u0173 kruopos (Polenta) - Biopapa\" \/>\n<meta property=\"og:description\" content=\"Ekologi\u0161kos kukur\u016bz\u0173 kruopos (polenta) tinkamos ko\u0161\u0117ms, apkepams, paplot\u0117liams, tro\u0161kiniams gaminti, taip pat i\u0161 j\u0173 gaminama polenta \u2013 tradicin\u0117 itali\u0161ka ko\u0161\u0117.\" \/>\n<meta property=\"og:url\" content=\"https:\/\/www.biopapa.de\/lt\/producte\/ekologiskos-smulkintos-kukuruzu-kruopos-polenta\/\" \/>\n<meta property=\"og:site_name\" content=\"Biopapa\" \/>\n<meta property=\"article:publisher\" content=\"https:\/\/www.facebook.com\/biopapa.lt\" \/>\n<meta property=\"article:modified_time\" content=\"2026-03-05T07:52:53+00:00\" \/>\n<meta property=\"og:image\" content=\"https:\/\/www.biopapa.de\/wp-content\/uploads\/2022\/11\/smulkintos-kukuruzu-kruopos.jpg\" \/>\n\t<meta property=\"og:image:width\" content=\"800\" \/>\n\t<meta property=\"og:image:height\" content=\"640\" \/>\n\t<meta property=\"og:image:type\" content=\"image\/jpeg\" \/>\n<meta name=\"twitter:card\" content=\"summary_large_image\" \/>\n<script type=\"application\/ld+json\" class=\"yoast-schema-graph\">{\"@context\":\"https:\\\/\\\/schema.org\",\"@graph\":[{\"@type\":\"WebPage\",\"@id\":\"https:\\\/\\\/www.biopapa.de\\\/lt\\\/producte\\\/ekologiskos-smulkintos-kukuruzu-kruopos-polenta\\\/\",\"url\":\"https:\\\/\\\/www.biopapa.de\\\/lt\\\/producte\\\/ekologiskos-smulkintos-kukuruzu-kruopos-polenta\\\/\",\"name\":\"Ekologi\u0161kos smulkintos kukur\u016bz\u0173 kruopos (Polenta) - Biopapa\",\"isPartOf\":{\"@id\":\"https:\\\/\\\/www.biopapa.de\\\/lt\\\/#website\"},\"primaryImageOfPage\":{\"@id\":\"https:\\\/\\\/www.biopapa.de\\\/lt\\\/producte\\\/ekologiskos-smulkintos-kukuruzu-kruopos-polenta\\\/#primaryimage\"},\"image\":{\"@id\":\"https:\\\/\\\/www.biopapa.de\\\/lt\\\/producte\\\/ekologiskos-smulkintos-kukuruzu-kruopos-polenta\\\/#primaryimage\"},\"thumbnailUrl\":\"https:\\\/\\\/www.biopapa.de\\\/wp-content\\\/uploads\\\/2022\\\/11\\\/smulkintos-kukuruzu-kruopos.jpg\",\"datePublished\":\"2022-11-11T12:23:43+00:00\",\"dateModified\":\"2026-03-05T07:52:53+00:00\",\"description\":\"Ekologi\u0161kos kukur\u016bz\u0173 kruopos (polenta) tinkamos ko\u0161\u0117ms, apkepams, paplot\u0117liams, tro\u0161kiniams gaminti, taip pat i\u0161 j\u0173 gaminama polenta \u2013 tradicin\u0117 itali\u0161ka ko\u0161\u0117.\",\"breadcrumb\":{\"@id\":\"https:\\\/\\\/www.biopapa.de\\\/lt\\\/producte\\\/ekologiskos-smulkintos-kukuruzu-kruopos-polenta\\\/#breadcrumb\"},\"inLanguage\":\"lt-LT\",\"potentialAction\":[{\"@type\":\"ReadAction\",\"target\":[\"https:\\\/\\\/www.biopapa.de\\\/lt\\\/producte\\\/ekologiskos-smulkintos-kukuruzu-kruopos-polenta\\\/\"]}]},{\"@type\":\"ImageObject\",\"inLanguage\":\"lt-LT\",\"@id\":\"https:\\\/\\\/www.biopapa.de\\\/lt\\\/producte\\\/ekologiskos-smulkintos-kukuruzu-kruopos-polenta\\\/#primaryimage\",\"url\":\"https:\\\/\\\/www.biopapa.de\\\/wp-content\\\/uploads\\\/2022\\\/11\\\/smulkintos-kukuruzu-kruopos.jpg\",\"contentUrl\":\"https:\\\/\\\/www.biopapa.de\\\/wp-content\\\/uploads\\\/2022\\\/11\\\/smulkintos-kukuruzu-kruopos.jpg\",\"width\":800,\"height\":640,\"caption\":\"Ekologi\u0161kos smulkintos kukur\u016bz\u0173 kruopos (Polenta)\"},{\"@type\":\"BreadcrumbList\",\"@id\":\"https:\\\/\\\/www.biopapa.de\\\/lt\\\/producte\\\/ekologiskos-smulkintos-kukuruzu-kruopos-polenta\\\/#breadcrumb\",\"itemListElement\":[{\"@type\":\"ListItem\",\"position\":1,\"name\":\"Home\",\"item\":\"https:\\\/\\\/www.biopapa.de\\\/lt\\\/\"},{\"@type\":\"ListItem\",\"position\":2,\"name\":\"Parduotuv\u0117\",\"item\":\"https:\\\/\\\/www.biopapa.de\\\/parduotuve\\\/\"},{\"@type\":\"ListItem\",\"position\":3,\"name\":\"Ekologi\u0161kos smulkintos kukur\u016bz\u0173 kruopos (Polenta)\"}]},{\"@type\":\"WebSite\",\"@id\":\"https:\\\/\\\/www.biopapa.de\\\/lt\\\/#website\",\"url\":\"https:\\\/\\\/www.biopapa.de\\\/lt\\\/\",\"name\":\"Biopapa\",\"description\":\"\u0160var\u016bs ekologi\u0161ki produktai\",\"publisher\":{\"@id\":\"https:\\\/\\\/www.biopapa.de\\\/lt\\\/#organization\"},\"potentialAction\":[{\"@type\":\"SearchAction\",\"target\":{\"@type\":\"EntryPoint\",\"urlTemplate\":\"https:\\\/\\\/www.biopapa.de\\\/lt\\\/?s={search_term_string}\"},\"query-input\":{\"@type\":\"PropertyValueSpecification\",\"valueRequired\":true,\"valueName\":\"search_term_string\"}}],\"inLanguage\":\"lt-LT\"},{\"@type\":\"Organization\",\"@id\":\"https:\\\/\\\/www.biopapa.de\\\/lt\\\/#organization\",\"name\":\"Biopapa\",\"url\":\"https:\\\/\\\/www.biopapa.de\\\/lt\\\/\",\"logo\":{\"@type\":\"ImageObject\",\"inLanguage\":\"lt-LT\",\"@id\":\"https:\\\/\\\/www.biopapa.de\\\/lt\\\/#\\\/schema\\\/logo\\\/image\\\/\",\"url\":\"https:\\\/\\\/www.biopapa.lt\\\/wp-content\\\/uploads\\\/2022\\\/04\\\/facebook_biopapa.jpg\",\"contentUrl\":\"https:\\\/\\\/www.biopapa.lt\\\/wp-content\\\/uploads\\\/2022\\\/04\\\/facebook_biopapa.jpg\",\"width\":1733,\"height\":907,\"caption\":\"Biopapa\"},\"image\":{\"@id\":\"https:\\\/\\\/www.biopapa.de\\\/lt\\\/#\\\/schema\\\/logo\\\/image\\\/\"},\"sameAs\":[\"https:\\\/\\\/www.facebook.com\\\/biopapa.lt\"]}]}<\/script>\n<!-- \/ Yoast SEO plugin. -->","yoast_head_json":{"title":"Ekologi\u0161kos smulkintos kukur\u016bz\u0173 kruopos (Polenta) - Biopapa","description":"Ekologi\u0161kos kukur\u016bz\u0173 kruopos (polenta) tinkamos ko\u0161\u0117ms, apkepams, paplot\u0117liams, tro\u0161kiniams gaminti, taip pat i\u0161 j\u0173 gaminama polenta \u2013 tradicin\u0117 itali\u0161ka ko\u0161\u0117.","robots":{"index":"index","follow":"follow","max-snippet":"max-snippet:-1","max-image-preview":"max-image-preview:large","max-video-preview":"max-video-preview:-1"},"canonical":"https:\/\/www.biopapa.de\/lt\/producte\/ekologiskos-smulkintos-kukuruzu-kruopos-polenta\/","og_locale":"lt_LT","og_type":"article","og_title":"Ekologi\u0161kos smulkintos kukur\u016bz\u0173 kruopos (Polenta) - Biopapa","og_description":"Ekologi\u0161kos kukur\u016bz\u0173 kruopos (polenta) tinkamos ko\u0161\u0117ms, apkepams, paplot\u0117liams, tro\u0161kiniams gaminti, taip pat i\u0161 j\u0173 gaminama polenta \u2013 tradicin\u0117 itali\u0161ka ko\u0161\u0117.","og_url":"https:\/\/www.biopapa.de\/lt\/producte\/ekologiskos-smulkintos-kukuruzu-kruopos-polenta\/","og_site_name":"Biopapa","article_publisher":"https:\/\/www.facebook.com\/biopapa.lt","article_modified_time":"2026-03-05T07:52:53+00:00","og_image":[{"width":800,"height":640,"url":"https:\/\/www.biopapa.de\/wp-content\/uploads\/2022\/11\/smulkintos-kukuruzu-kruopos.jpg","type":"image\/jpeg"}],"twitter_card":"summary_large_image","schema":{"@context":"https:\/\/schema.org","@graph":[{"@type":"WebPage","@id":"https:\/\/www.biopapa.de\/lt\/producte\/ekologiskos-smulkintos-kukuruzu-kruopos-polenta\/","url":"https:\/\/www.biopapa.de\/lt\/producte\/ekologiskos-smulkintos-kukuruzu-kruopos-polenta\/","name":"Ekologi\u0161kos smulkintos kukur\u016bz\u0173 kruopos (Polenta) - Biopapa","isPartOf":{"@id":"https:\/\/www.biopapa.de\/lt\/#website"},"primaryImageOfPage":{"@id":"https:\/\/www.biopapa.de\/lt\/producte\/ekologiskos-smulkintos-kukuruzu-kruopos-polenta\/#primaryimage"},"image":{"@id":"https:\/\/www.biopapa.de\/lt\/producte\/ekologiskos-smulkintos-kukuruzu-kruopos-polenta\/#primaryimage"},"thumbnailUrl":"https:\/\/www.biopapa.de\/wp-content\/uploads\/2022\/11\/smulkintos-kukuruzu-kruopos.jpg","datePublished":"2022-11-11T12:23:43+00:00","dateModified":"2026-03-05T07:52:53+00:00","description":"Ekologi\u0161kos kukur\u016bz\u0173 kruopos (polenta) tinkamos ko\u0161\u0117ms, apkepams, paplot\u0117liams, tro\u0161kiniams gaminti, taip pat i\u0161 j\u0173 gaminama polenta \u2013 tradicin\u0117 itali\u0161ka ko\u0161\u0117.","breadcrumb":{"@id":"https:\/\/www.biopapa.de\/lt\/producte\/ekologiskos-smulkintos-kukuruzu-kruopos-polenta\/#breadcrumb"},"inLanguage":"lt-LT","potentialAction":[{"@type":"ReadAction","target":["https:\/\/www.biopapa.de\/lt\/producte\/ekologiskos-smulkintos-kukuruzu-kruopos-polenta\/"]}]},{"@type":"ImageObject","inLanguage":"lt-LT","@id":"https:\/\/www.biopapa.de\/lt\/producte\/ekologiskos-smulkintos-kukuruzu-kruopos-polenta\/#primaryimage","url":"https:\/\/www.biopapa.de\/wp-content\/uploads\/2022\/11\/smulkintos-kukuruzu-kruopos.jpg","contentUrl":"https:\/\/www.biopapa.de\/wp-content\/uploads\/2022\/11\/smulkintos-kukuruzu-kruopos.jpg","width":800,"height":640,"caption":"Ekologi\u0161kos smulkintos kukur\u016bz\u0173 kruopos (Polenta)"},{"@type":"BreadcrumbList","@id":"https:\/\/www.biopapa.de\/lt\/producte\/ekologiskos-smulkintos-kukuruzu-kruopos-polenta\/#breadcrumb","itemListElement":[{"@type":"ListItem","position":1,"name":"Home","item":"https:\/\/www.biopapa.de\/lt\/"},{"@type":"ListItem","position":2,"name":"Parduotuv\u0117","item":"https:\/\/www.biopapa.de\/parduotuve\/"},{"@type":"ListItem","position":3,"name":"Ekologi\u0161kos smulkintos kukur\u016bz\u0173 kruopos (Polenta)"}]},{"@type":"WebSite","@id":"https:\/\/www.biopapa.de\/lt\/#website","url":"https:\/\/www.biopapa.de\/lt\/","name":"Biopapa","description":"\u0160var\u016bs ekologi\u0161ki produktai","publisher":{"@id":"https:\/\/www.biopapa.de\/lt\/#organization"},"potentialAction":[{"@type":"SearchAction","target":{"@type":"EntryPoint","urlTemplate":"https:\/\/www.biopapa.de\/lt\/?s={search_term_string}"},"query-input":{"@type":"PropertyValueSpecification","valueRequired":true,"valueName":"search_term_string"}}],"inLanguage":"lt-LT"},{"@type":"Organization","@id":"https:\/\/www.biopapa.de\/lt\/#organization","name":"Biopapa","url":"https:\/\/www.biopapa.de\/lt\/","logo":{"@type":"ImageObject","inLanguage":"lt-LT","@id":"https:\/\/www.biopapa.de\/lt\/#\/schema\/logo\/image\/","url":"https:\/\/www.biopapa.lt\/wp-content\/uploads\/2022\/04\/facebook_biopapa.jpg","contentUrl":"https:\/\/www.biopapa.lt\/wp-content\/uploads\/2022\/04\/facebook_biopapa.jpg","width":1733,"height":907,"caption":"Biopapa"},"image":{"@id":"https:\/\/www.biopapa.de\/lt\/#\/schema\/logo\/image\/"},"sameAs":["https:\/\/www.facebook.com\/biopapa.lt"]}]}},"_links":{"self":[{"href":"https:\/\/www.biopapa.de\/lt\/wp-json\/wp\/v2\/product\/21140","targetHints":{"allow":["GET"]}}],"collection":[{"href":"https:\/\/www.biopapa.de\/lt\/wp-json\/wp\/v2\/product"}],"about":[{"href":"https:\/\/www.biopapa.de\/lt\/wp-json\/wp\/v2\/types\/product"}],"wp:featuredmedia":[{"embeddable":true,"href":"https:\/\/www.biopapa.de\/lt\/wp-json\/wp\/v2\/media\/22213"}],"wp:attachment":[{"href":"https:\/\/www.biopapa.de\/lt\/wp-json\/wp\/v2\/media?parent=21140"}],"wp:term":[{"taxonomy":"product_brand","embeddable":true,"href":"https:\/\/www.biopapa.de\/lt\/wp-json\/wp\/v2\/product_brand?post=21140"},{"taxonomy":"product_cat","embeddable":true,"href":"https:\/\/www.biopapa.de\/lt\/wp-json\/wp\/v2\/product_cat?post=21140"},{"taxonomy":"product_tag","embeddable":true,"href":"https:\/\/www.biopapa.de\/lt\/wp-json\/wp\/v2\/product_tag?post=21140"}],"curies":[{"name":"wp","href":"https:\/\/api.w.org\/{rel}","templated":true}]}}