{"id":21160,"date":"2022-11-11T15:51:11","date_gmt":"2022-11-11T13:51:11","guid":{"rendered":"https:\/\/www.biopapa.lt\/?post_type=product&#038;p=21160"},"modified":"2026-02-20T14:57:14","modified_gmt":"2026-02-20T12:57:14","slug":"ekologiska-soru-kose","status":"publish","type":"product","link":"https:\/\/www.biopapa.de\/lt\/producte\/ekologiska-soru-kose\/","title":{"rendered":"Ekologi\u0161ka sor\u0173 ko\u0161\u0117"},"content":{"rendered":"<p>Ekologi\u0161kos soros gaunamos i\u0161 nuvalyt\u0173 ir luk\u0161tent\u0173 sor\u0173 gr\u016bdeli\u0173. Sor\u0173 ko\u0161\u0119 galima tiekti kaip garnyr\u0105 su jau paruo\u0161tais dar\u017eovi\u0173 patiekalais ar kaip ko\u0161\u0119 su vaisiais.<\/p>\n<p><strong>Paruo\u0161imas:<br \/>\n<\/strong>2 valgomuosius \u0161auk\u0161tus sor\u0173 u\u017epilkite 1 stikline verdan\u010dio augalinio pieno arba vandens. Virkite apie 5 minutes, retkar\u010diais pamai\u0161ydami.<\/p>\n","protected":false},"excerpt":{"rendered":"<p>Ekologi\u0161kos soros gaunamos i\u0161 nuvalyt\u0173 ir luk\u0161tent\u0173 sor\u0173 gr\u016bdeli\u0173. Sor\u0173 ko\u0161\u0119 galima tiekti kaip garnyr\u0105 su jau paruo\u0161tais dar\u017eovi\u0173 patiekalais<\/p>\n","protected":false},"featured_media":22203,"template":"","meta":{"_acf_changed":false},"product_brand":[],"product_cat":[1295,1932],"product_tag":[1431,1378],"class_list":{"0":"post-21160","1":"product","2":"type-product","3":"status-publish","4":"has-post-thumbnail","6":"product_cat-ekologiskos-kruopos-ankstiniai","7":"product_cat-kruopos-grudai","8":"product_tag-glitimo-alternatyva","9":"product_tag-veganams","10":"pa_svoris-1-kg","11":"pa_svoris-100-g","12":"pa_svoris-20-kg","13":"pa_svoris-200-g","14":"pa_svoris-300-g","15":"pa_svoris-400-g","16":"pa_svoris-50-g","17":"pa_svoris-500-g","19":"first","20":"instock","21":"shipping-taxable","22":"purchasable","23":"product-type-variable"},"acf":[],"yoast_head":"<!-- This site is optimized with the Yoast SEO plugin v27.5 - https:\/\/yoast.com\/product\/yoast-seo-wordpress\/ -->\n<title>Ekologi\u0161ka sor\u0173 ko\u0161\u0117 - Biopapa<\/title>\n<meta name=\"description\" content=\"Ekologi\u0161kos soros gaunamos i\u0161 nuvalyt\u0173 ir luk\u0161tent\u0173 sor\u0173 gr\u016bdeli\u0173\" \/>\n<meta name=\"robots\" content=\"index, follow, max-snippet:-1, max-image-preview:large, max-video-preview:-1\" \/>\n<link rel=\"canonical\" href=\"https:\/\/www.biopapa.de\/lt\/producte\/ekologiska-soru-kose\/\" \/>\n<meta property=\"og:locale\" content=\"lt_LT\" \/>\n<meta property=\"og:type\" content=\"article\" \/>\n<meta property=\"og:title\" content=\"Ekologi\u0161ka sor\u0173 ko\u0161\u0117 - Biopapa\" \/>\n<meta property=\"og:description\" content=\"Ekologi\u0161kos soros gaunamos i\u0161 nuvalyt\u0173 ir luk\u0161tent\u0173 sor\u0173 gr\u016bdeli\u0173\" \/>\n<meta property=\"og:url\" content=\"https:\/\/www.biopapa.de\/lt\/producte\/ekologiska-soru-kose\/\" \/>\n<meta property=\"og:site_name\" content=\"Biopapa\" \/>\n<meta property=\"article:publisher\" content=\"https:\/\/www.facebook.com\/biopapa.lt\" \/>\n<meta property=\"article:modified_time\" content=\"2026-02-20T12:57:14+00:00\" \/>\n<meta property=\"og:image\" content=\"https:\/\/www.biopapa.de\/wp-content\/uploads\/2022\/11\/soru-kose.png\" \/>\n\t<meta property=\"og:image:width\" content=\"800\" \/>\n\t<meta property=\"og:image:height\" content=\"640\" \/>\n\t<meta property=\"og:image:type\" content=\"image\/png\" \/>\n<meta name=\"twitter:card\" content=\"summary_large_image\" \/>\n<meta name=\"twitter:label1\" content=\"Est. reading time\" \/>\n\t<meta name=\"twitter:data1\" content=\"1 minut\u0117\" \/>\n<script type=\"application\/ld+json\" class=\"yoast-schema-graph\">{\"@context\":\"https:\\\/\\\/schema.org\",\"@graph\":[{\"@type\":\"WebPage\",\"@id\":\"https:\\\/\\\/www.biopapa.de\\\/lt\\\/producte\\\/ekologiska-soru-kose\\\/\",\"url\":\"https:\\\/\\\/www.biopapa.de\\\/lt\\\/producte\\\/ekologiska-soru-kose\\\/\",\"name\":\"Ekologi\u0161ka sor\u0173 ko\u0161\u0117 - Biopapa\",\"isPartOf\":{\"@id\":\"https:\\\/\\\/www.biopapa.de\\\/lt\\\/#website\"},\"primaryImageOfPage\":{\"@id\":\"https:\\\/\\\/www.biopapa.de\\\/lt\\\/producte\\\/ekologiska-soru-kose\\\/#primaryimage\"},\"image\":{\"@id\":\"https:\\\/\\\/www.biopapa.de\\\/lt\\\/producte\\\/ekologiska-soru-kose\\\/#primaryimage\"},\"thumbnailUrl\":\"https:\\\/\\\/www.biopapa.de\\\/wp-content\\\/uploads\\\/2022\\\/11\\\/soru-kose.png\",\"datePublished\":\"2022-11-11T13:51:11+00:00\",\"dateModified\":\"2026-02-20T12:57:14+00:00\",\"description\":\"Ekologi\u0161kos soros gaunamos i\u0161 nuvalyt\u0173 ir luk\u0161tent\u0173 sor\u0173 gr\u016bdeli\u0173\",\"breadcrumb\":{\"@id\":\"https:\\\/\\\/www.biopapa.de\\\/lt\\\/producte\\\/ekologiska-soru-kose\\\/#breadcrumb\"},\"inLanguage\":\"lt-LT\",\"potentialAction\":[{\"@type\":\"ReadAction\",\"target\":[\"https:\\\/\\\/www.biopapa.de\\\/lt\\\/producte\\\/ekologiska-soru-kose\\\/\"]}]},{\"@type\":\"ImageObject\",\"inLanguage\":\"lt-LT\",\"@id\":\"https:\\\/\\\/www.biopapa.de\\\/lt\\\/producte\\\/ekologiska-soru-kose\\\/#primaryimage\",\"url\":\"https:\\\/\\\/www.biopapa.de\\\/wp-content\\\/uploads\\\/2022\\\/11\\\/soru-kose.png\",\"contentUrl\":\"https:\\\/\\\/www.biopapa.de\\\/wp-content\\\/uploads\\\/2022\\\/11\\\/soru-kose.png\",\"width\":800,\"height\":640,\"caption\":\"Ekologi\u0161ka sor\u0173 ko\u0161\u0117\"},{\"@type\":\"BreadcrumbList\",\"@id\":\"https:\\\/\\\/www.biopapa.de\\\/lt\\\/producte\\\/ekologiska-soru-kose\\\/#breadcrumb\",\"itemListElement\":[{\"@type\":\"ListItem\",\"position\":1,\"name\":\"Home\",\"item\":\"https:\\\/\\\/www.biopapa.de\\\/lt\\\/\"},{\"@type\":\"ListItem\",\"position\":2,\"name\":\"Parduotuv\u0117\",\"item\":\"https:\\\/\\\/www.biopapa.de\\\/parduotuve\\\/\"},{\"@type\":\"ListItem\",\"position\":3,\"name\":\"Ekologi\u0161ka sor\u0173 ko\u0161\u0117\"}]},{\"@type\":\"WebSite\",\"@id\":\"https:\\\/\\\/www.biopapa.de\\\/lt\\\/#website\",\"url\":\"https:\\\/\\\/www.biopapa.de\\\/lt\\\/\",\"name\":\"Biopapa\",\"description\":\"\u0160var\u016bs ekologi\u0161ki produktai\",\"publisher\":{\"@id\":\"https:\\\/\\\/www.biopapa.de\\\/lt\\\/#organization\"},\"potentialAction\":[{\"@type\":\"SearchAction\",\"target\":{\"@type\":\"EntryPoint\",\"urlTemplate\":\"https:\\\/\\\/www.biopapa.de\\\/lt\\\/?s={search_term_string}\"},\"query-input\":{\"@type\":\"PropertyValueSpecification\",\"valueRequired\":true,\"valueName\":\"search_term_string\"}}],\"inLanguage\":\"lt-LT\"},{\"@type\":\"Organization\",\"@id\":\"https:\\\/\\\/www.biopapa.de\\\/lt\\\/#organization\",\"name\":\"Biopapa\",\"url\":\"https:\\\/\\\/www.biopapa.de\\\/lt\\\/\",\"logo\":{\"@type\":\"ImageObject\",\"inLanguage\":\"lt-LT\",\"@id\":\"https:\\\/\\\/www.biopapa.de\\\/lt\\\/#\\\/schema\\\/logo\\\/image\\\/\",\"url\":\"https:\\\/\\\/www.biopapa.lt\\\/wp-content\\\/uploads\\\/2022\\\/04\\\/facebook_biopapa.jpg\",\"contentUrl\":\"https:\\\/\\\/www.biopapa.lt\\\/wp-content\\\/uploads\\\/2022\\\/04\\\/facebook_biopapa.jpg\",\"width\":1733,\"height\":907,\"caption\":\"Biopapa\"},\"image\":{\"@id\":\"https:\\\/\\\/www.biopapa.de\\\/lt\\\/#\\\/schema\\\/logo\\\/image\\\/\"},\"sameAs\":[\"https:\\\/\\\/www.facebook.com\\\/biopapa.lt\"]}]}<\/script>\n<!-- \/ Yoast SEO plugin. -->","yoast_head_json":{"title":"Ekologi\u0161ka sor\u0173 ko\u0161\u0117 - Biopapa","description":"Ekologi\u0161kos soros gaunamos i\u0161 nuvalyt\u0173 ir luk\u0161tent\u0173 sor\u0173 gr\u016bdeli\u0173","robots":{"index":"index","follow":"follow","max-snippet":"max-snippet:-1","max-image-preview":"max-image-preview:large","max-video-preview":"max-video-preview:-1"},"canonical":"https:\/\/www.biopapa.de\/lt\/producte\/ekologiska-soru-kose\/","og_locale":"lt_LT","og_type":"article","og_title":"Ekologi\u0161ka sor\u0173 ko\u0161\u0117 - Biopapa","og_description":"Ekologi\u0161kos soros gaunamos i\u0161 nuvalyt\u0173 ir luk\u0161tent\u0173 sor\u0173 gr\u016bdeli\u0173","og_url":"https:\/\/www.biopapa.de\/lt\/producte\/ekologiska-soru-kose\/","og_site_name":"Biopapa","article_publisher":"https:\/\/www.facebook.com\/biopapa.lt","article_modified_time":"2026-02-20T12:57:14+00:00","og_image":[{"width":800,"height":640,"url":"https:\/\/www.biopapa.de\/wp-content\/uploads\/2022\/11\/soru-kose.png","type":"image\/png"}],"twitter_card":"summary_large_image","twitter_misc":{"Est. reading time":"1 minut\u0117"},"schema":{"@context":"https:\/\/schema.org","@graph":[{"@type":"WebPage","@id":"https:\/\/www.biopapa.de\/lt\/producte\/ekologiska-soru-kose\/","url":"https:\/\/www.biopapa.de\/lt\/producte\/ekologiska-soru-kose\/","name":"Ekologi\u0161ka sor\u0173 ko\u0161\u0117 - Biopapa","isPartOf":{"@id":"https:\/\/www.biopapa.de\/lt\/#website"},"primaryImageOfPage":{"@id":"https:\/\/www.biopapa.de\/lt\/producte\/ekologiska-soru-kose\/#primaryimage"},"image":{"@id":"https:\/\/www.biopapa.de\/lt\/producte\/ekologiska-soru-kose\/#primaryimage"},"thumbnailUrl":"https:\/\/www.biopapa.de\/wp-content\/uploads\/2022\/11\/soru-kose.png","datePublished":"2022-11-11T13:51:11+00:00","dateModified":"2026-02-20T12:57:14+00:00","description":"Ekologi\u0161kos soros gaunamos i\u0161 nuvalyt\u0173 ir luk\u0161tent\u0173 sor\u0173 gr\u016bdeli\u0173","breadcrumb":{"@id":"https:\/\/www.biopapa.de\/lt\/producte\/ekologiska-soru-kose\/#breadcrumb"},"inLanguage":"lt-LT","potentialAction":[{"@type":"ReadAction","target":["https:\/\/www.biopapa.de\/lt\/producte\/ekologiska-soru-kose\/"]}]},{"@type":"ImageObject","inLanguage":"lt-LT","@id":"https:\/\/www.biopapa.de\/lt\/producte\/ekologiska-soru-kose\/#primaryimage","url":"https:\/\/www.biopapa.de\/wp-content\/uploads\/2022\/11\/soru-kose.png","contentUrl":"https:\/\/www.biopapa.de\/wp-content\/uploads\/2022\/11\/soru-kose.png","width":800,"height":640,"caption":"Ekologi\u0161ka sor\u0173 ko\u0161\u0117"},{"@type":"BreadcrumbList","@id":"https:\/\/www.biopapa.de\/lt\/producte\/ekologiska-soru-kose\/#breadcrumb","itemListElement":[{"@type":"ListItem","position":1,"name":"Home","item":"https:\/\/www.biopapa.de\/lt\/"},{"@type":"ListItem","position":2,"name":"Parduotuv\u0117","item":"https:\/\/www.biopapa.de\/parduotuve\/"},{"@type":"ListItem","position":3,"name":"Ekologi\u0161ka sor\u0173 ko\u0161\u0117"}]},{"@type":"WebSite","@id":"https:\/\/www.biopapa.de\/lt\/#website","url":"https:\/\/www.biopapa.de\/lt\/","name":"Biopapa","description":"\u0160var\u016bs ekologi\u0161ki produktai","publisher":{"@id":"https:\/\/www.biopapa.de\/lt\/#organization"},"potentialAction":[{"@type":"SearchAction","target":{"@type":"EntryPoint","urlTemplate":"https:\/\/www.biopapa.de\/lt\/?s={search_term_string}"},"query-input":{"@type":"PropertyValueSpecification","valueRequired":true,"valueName":"search_term_string"}}],"inLanguage":"lt-LT"},{"@type":"Organization","@id":"https:\/\/www.biopapa.de\/lt\/#organization","name":"Biopapa","url":"https:\/\/www.biopapa.de\/lt\/","logo":{"@type":"ImageObject","inLanguage":"lt-LT","@id":"https:\/\/www.biopapa.de\/lt\/#\/schema\/logo\/image\/","url":"https:\/\/www.biopapa.lt\/wp-content\/uploads\/2022\/04\/facebook_biopapa.jpg","contentUrl":"https:\/\/www.biopapa.lt\/wp-content\/uploads\/2022\/04\/facebook_biopapa.jpg","width":1733,"height":907,"caption":"Biopapa"},"image":{"@id":"https:\/\/www.biopapa.de\/lt\/#\/schema\/logo\/image\/"},"sameAs":["https:\/\/www.facebook.com\/biopapa.lt"]}]}},"_links":{"self":[{"href":"https:\/\/www.biopapa.de\/lt\/wp-json\/wp\/v2\/product\/21160","targetHints":{"allow":["GET"]}}],"collection":[{"href":"https:\/\/www.biopapa.de\/lt\/wp-json\/wp\/v2\/product"}],"about":[{"href":"https:\/\/www.biopapa.de\/lt\/wp-json\/wp\/v2\/types\/product"}],"wp:featuredmedia":[{"embeddable":true,"href":"https:\/\/www.biopapa.de\/lt\/wp-json\/wp\/v2\/media\/22203"}],"wp:attachment":[{"href":"https:\/\/www.biopapa.de\/lt\/wp-json\/wp\/v2\/media?parent=21160"}],"wp:term":[{"taxonomy":"product_brand","embeddable":true,"href":"https:\/\/www.biopapa.de\/lt\/wp-json\/wp\/v2\/product_brand?post=21160"},{"taxonomy":"product_cat","embeddable":true,"href":"https:\/\/www.biopapa.de\/lt\/wp-json\/wp\/v2\/product_cat?post=21160"},{"taxonomy":"product_tag","embeddable":true,"href":"https:\/\/www.biopapa.de\/lt\/wp-json\/wp\/v2\/product_tag?post=21160"}],"curies":[{"name":"wp","href":"https:\/\/api.w.org\/{rel}","templated":true}]}}