{"id":21282,"date":"2022-11-17T14:22:36","date_gmt":"2022-11-17T12:22:36","guid":{"rendered":"https:\/\/www.biopapa.lt\/?post_type=product&#038;p=21282"},"modified":"2026-03-24T12:04:07","modified_gmt":"2026-03-24T10:04:07","slug":"ekologiskos-miezines-kruopos","status":"publish","type":"product","link":"https:\/\/www.biopapa.de\/lt\/producte\/ekologiskos-miezines-kruopos\/","title":{"rendered":"Ekologi\u0161kos mie\u017ein\u0117s kruopos"},"content":{"rendered":"<p><strong>Ekologi\u0161kos mie\u017ein\u0117s kruopos<\/strong><br \/>\nMie\u017eiai yra puikus skaidul\u0173 \u0161altinis, turintis daug skaidul\u0173, kurios padeda palaikyti tinkam\u0105 vir\u0161kinimo sistemos veikl\u0105. D\u0117l didelio skaidul\u0173 ir angliavandeni\u0173 kiekio, patiekalai, paruo\u0161ti i\u0161 mie\u017eini\u0173 kruop\u0173, suteikia ilgalaik\u012f sotumo jausm\u0105. Tod\u0117l \u0161ios kruopos gali b\u016bti rekomenduojamos \u017emon\u0117ms, linkusiems \u012f antsvor\u012f arba siekiantiems reguliuoti k\u016bno svor\u012f.<br \/>\nMie\u017ein\u0117s kruopos pasi\u017eymi \u0161velniu ir nat\u016braliu skoniu, tod\u0117l yra labai universalios \u2013 i\u0161 j\u0173 galite gaminti tiek sald\u017eias, tiek pikanti\u0161kas ko\u0161es, praturtinti salotas ar \u012fmai\u0161yti \u012f sriubas, suteikiant joms kremin\u0119 tekst\u016br\u0105, pavyzd\u017eiui, pievagrybi\u0173 sriubai.<\/p>\n<p>Paruo\u0161imo b\u016bdas:<br \/>\nKruopas prie\u0161 tai nuplauti \u0161altu vandeniu.<br \/>\nU\u017evirkite vanden\u012f (ar sultin\u012f).<br \/>\n\u012epilkite kruopas ir suma\u017einkite ugn\u012f.<br \/>\nVirkite ant silpnos ugnies apie 30\u201340 minu\u010di\u0173, kol kruopos sumink\u0161t\u0117s ir sugeria skyst\u012f. Jeigu verdate greitpuodyje virimo laikas sutrump\u0117ja iki 15 \u2013 20 min.<br \/>\nJei reikia, per t\u0105 laik\u0105 papildykite vandens.<\/p>\n<p>\u0160ie santykiai ir laikas gali \u0161iek tiek skirtis priklausomai nuo to, kok\u012f konsistencij\u0105 norite (skystesn\u0119 ar tir\u0161tesn\u0119 ko\u0161\u0119) ir kruop\u0173 r\u016b\u0161ies (stambesn\u0117s ar smulkesn\u0117s).<\/p>\n<p>PASTABA. \u010cia pateikta informacija negali b\u016bti interpretuojama kaip gydymo ar kitokio pob\u016bd\u017eio sveikatos klausim\u0173 sprendimo rekomendacija. Raginame sprendimus, susijusius su asmenine sveikata, priimti asmeni\u0161kai, \u012fvertinus \u012fvairius informacijos \u0161altinius.<\/p>\n<p>&nbsp;<\/p>\n","protected":false},"excerpt":{"rendered":"<p>Ekologi\u0161kos mie\u017ein\u0117s kruopos Mie\u017eiai yra puikus skaidul\u0173 \u0161altinis, turintis daug skaidul\u0173, kurios padeda palaikyti tinkam\u0105 vir\u0161kinimo sistemos veikl\u0105. D\u0117l didelio<\/p>\n","protected":false},"featured_media":22212,"template":"","meta":{"_acf_changed":false},"product_brand":[],"product_cat":[1295],"product_tag":[2755,2764],"class_list":{"0":"post-21282","1":"product","2":"type-product","3":"status-publish","4":"has-post-thumbnail","6":"product_cat-ekologiskos-kruopos-ankstiniai","7":"product_tag-2755","8":"product_tag-2764","9":"pa_svoris-1-kg","10":"pa_svoris-100-g","11":"pa_svoris-200-g","12":"pa_svoris-25-kg","13":"pa_svoris-300-g","14":"pa_svoris-400-g","15":"pa_svoris-500-g","17":"first","18":"instock","19":"shipping-taxable","20":"purchasable","21":"product-type-variable"},"acf":[],"yoast_head":"<!-- This site is optimized with the Yoast SEO plugin v27.5 - https:\/\/yoast.com\/product\/yoast-seo-wordpress\/ -->\n<title>Ekologi\u0161kos mie\u017ein\u0117s kruopos - Biopapa<\/title>\n<meta name=\"description\" content=\"Mie\u017eiai pasi\u017eymi dideliu skaidul\u0173 kiekiu. Skaidulos palaiko tinkam\u0105 vir\u0161kinimo sistemos darb\u0105 ir padeda sureguliuoti \u017earnyno funkcijas. Mie\u017ein\u0117s kruopos pasi\u017eymi \u0161velniu, nat\u016braliu skoniu d\u0117l ko jas galima panaudoti labai universaliai.\" \/>\n<meta name=\"robots\" content=\"index, follow, max-snippet:-1, max-image-preview:large, max-video-preview:-1\" \/>\n<link rel=\"canonical\" href=\"https:\/\/www.biopapa.de\/lt\/producte\/ekologiskos-miezines-kruopos\/\" \/>\n<meta property=\"og:locale\" content=\"lt_LT\" \/>\n<meta property=\"og:type\" content=\"article\" \/>\n<meta property=\"og:title\" content=\"Ekologi\u0161kos mie\u017ein\u0117s kruopos - Biopapa\" \/>\n<meta property=\"og:description\" content=\"Mie\u017eiai pasi\u017eymi dideliu skaidul\u0173 kiekiu. Skaidulos palaiko tinkam\u0105 vir\u0161kinimo sistemos darb\u0105 ir padeda sureguliuoti \u017earnyno funkcijas. Mie\u017ein\u0117s kruopos pasi\u017eymi \u0161velniu, nat\u016braliu skoniu d\u0117l ko jas galima panaudoti labai universaliai.\" \/>\n<meta property=\"og:url\" content=\"https:\/\/www.biopapa.de\/lt\/producte\/ekologiskos-miezines-kruopos\/\" \/>\n<meta property=\"og:site_name\" content=\"Biopapa\" \/>\n<meta property=\"article:publisher\" content=\"https:\/\/www.facebook.com\/biopapa.lt\" \/>\n<meta property=\"article:modified_time\" content=\"2026-03-24T10:04:07+00:00\" \/>\n<meta property=\"og:image\" content=\"https:\/\/www.biopapa.de\/wp-content\/uploads\/2022\/11\/miezines-krupos.png\" \/>\n\t<meta property=\"og:image:width\" content=\"800\" \/>\n\t<meta property=\"og:image:height\" content=\"640\" \/>\n\t<meta property=\"og:image:type\" content=\"image\/png\" \/>\n<meta name=\"twitter:card\" content=\"summary_large_image\" \/>\n<meta name=\"twitter:label1\" content=\"Est. reading time\" \/>\n\t<meta name=\"twitter:data1\" content=\"2 minut\u0117s\" \/>\n<script type=\"application\/ld+json\" class=\"yoast-schema-graph\">{\"@context\":\"https:\\\/\\\/schema.org\",\"@graph\":[{\"@type\":\"WebPage\",\"@id\":\"https:\\\/\\\/www.biopapa.de\\\/lt\\\/producte\\\/ekologiskos-miezines-kruopos\\\/\",\"url\":\"https:\\\/\\\/www.biopapa.de\\\/lt\\\/producte\\\/ekologiskos-miezines-kruopos\\\/\",\"name\":\"Ekologi\u0161kos mie\u017ein\u0117s kruopos - Biopapa\",\"isPartOf\":{\"@id\":\"https:\\\/\\\/www.biopapa.de\\\/lt\\\/#website\"},\"primaryImageOfPage\":{\"@id\":\"https:\\\/\\\/www.biopapa.de\\\/lt\\\/producte\\\/ekologiskos-miezines-kruopos\\\/#primaryimage\"},\"image\":{\"@id\":\"https:\\\/\\\/www.biopapa.de\\\/lt\\\/producte\\\/ekologiskos-miezines-kruopos\\\/#primaryimage\"},\"thumbnailUrl\":\"https:\\\/\\\/www.biopapa.de\\\/wp-content\\\/uploads\\\/2022\\\/11\\\/miezines-krupos.png\",\"datePublished\":\"2022-11-17T12:22:36+00:00\",\"dateModified\":\"2026-03-24T10:04:07+00:00\",\"description\":\"Mie\u017eiai pasi\u017eymi dideliu skaidul\u0173 kiekiu. Skaidulos palaiko tinkam\u0105 vir\u0161kinimo sistemos darb\u0105 ir padeda sureguliuoti \u017earnyno funkcijas. Mie\u017ein\u0117s kruopos pasi\u017eymi \u0161velniu, nat\u016braliu skoniu d\u0117l ko jas galima panaudoti labai universaliai.\",\"breadcrumb\":{\"@id\":\"https:\\\/\\\/www.biopapa.de\\\/lt\\\/producte\\\/ekologiskos-miezines-kruopos\\\/#breadcrumb\"},\"inLanguage\":\"lt-LT\",\"potentialAction\":[{\"@type\":\"ReadAction\",\"target\":[\"https:\\\/\\\/www.biopapa.de\\\/lt\\\/producte\\\/ekologiskos-miezines-kruopos\\\/\"]}]},{\"@type\":\"ImageObject\",\"inLanguage\":\"lt-LT\",\"@id\":\"https:\\\/\\\/www.biopapa.de\\\/lt\\\/producte\\\/ekologiskos-miezines-kruopos\\\/#primaryimage\",\"url\":\"https:\\\/\\\/www.biopapa.de\\\/wp-content\\\/uploads\\\/2022\\\/11\\\/miezines-krupos.png\",\"contentUrl\":\"https:\\\/\\\/www.biopapa.de\\\/wp-content\\\/uploads\\\/2022\\\/11\\\/miezines-krupos.png\",\"width\":800,\"height\":640,\"caption\":\"Ekologi\u0161kos mie\u017ein\u0117s kruopos\"},{\"@type\":\"BreadcrumbList\",\"@id\":\"https:\\\/\\\/www.biopapa.de\\\/lt\\\/producte\\\/ekologiskos-miezines-kruopos\\\/#breadcrumb\",\"itemListElement\":[{\"@type\":\"ListItem\",\"position\":1,\"name\":\"Home\",\"item\":\"https:\\\/\\\/www.biopapa.de\\\/lt\\\/\"},{\"@type\":\"ListItem\",\"position\":2,\"name\":\"Parduotuv\u0117\",\"item\":\"https:\\\/\\\/www.biopapa.de\\\/parduotuve\\\/\"},{\"@type\":\"ListItem\",\"position\":3,\"name\":\"Ekologi\u0161kos mie\u017ein\u0117s kruopos\"}]},{\"@type\":\"WebSite\",\"@id\":\"https:\\\/\\\/www.biopapa.de\\\/lt\\\/#website\",\"url\":\"https:\\\/\\\/www.biopapa.de\\\/lt\\\/\",\"name\":\"Biopapa\",\"description\":\"\u0160var\u016bs ekologi\u0161ki produktai\",\"publisher\":{\"@id\":\"https:\\\/\\\/www.biopapa.de\\\/lt\\\/#organization\"},\"potentialAction\":[{\"@type\":\"SearchAction\",\"target\":{\"@type\":\"EntryPoint\",\"urlTemplate\":\"https:\\\/\\\/www.biopapa.de\\\/lt\\\/?s={search_term_string}\"},\"query-input\":{\"@type\":\"PropertyValueSpecification\",\"valueRequired\":true,\"valueName\":\"search_term_string\"}}],\"inLanguage\":\"lt-LT\"},{\"@type\":\"Organization\",\"@id\":\"https:\\\/\\\/www.biopapa.de\\\/lt\\\/#organization\",\"name\":\"Biopapa\",\"url\":\"https:\\\/\\\/www.biopapa.de\\\/lt\\\/\",\"logo\":{\"@type\":\"ImageObject\",\"inLanguage\":\"lt-LT\",\"@id\":\"https:\\\/\\\/www.biopapa.de\\\/lt\\\/#\\\/schema\\\/logo\\\/image\\\/\",\"url\":\"https:\\\/\\\/www.biopapa.lt\\\/wp-content\\\/uploads\\\/2022\\\/04\\\/facebook_biopapa.jpg\",\"contentUrl\":\"https:\\\/\\\/www.biopapa.lt\\\/wp-content\\\/uploads\\\/2022\\\/04\\\/facebook_biopapa.jpg\",\"width\":1733,\"height\":907,\"caption\":\"Biopapa\"},\"image\":{\"@id\":\"https:\\\/\\\/www.biopapa.de\\\/lt\\\/#\\\/schema\\\/logo\\\/image\\\/\"},\"sameAs\":[\"https:\\\/\\\/www.facebook.com\\\/biopapa.lt\"]}]}<\/script>\n<!-- \/ Yoast SEO plugin. -->","yoast_head_json":{"title":"Ekologi\u0161kos mie\u017ein\u0117s kruopos - Biopapa","description":"Mie\u017eiai pasi\u017eymi dideliu skaidul\u0173 kiekiu. Skaidulos palaiko tinkam\u0105 vir\u0161kinimo sistemos darb\u0105 ir padeda sureguliuoti \u017earnyno funkcijas. Mie\u017ein\u0117s kruopos pasi\u017eymi \u0161velniu, nat\u016braliu skoniu d\u0117l ko jas galima panaudoti labai universaliai.","robots":{"index":"index","follow":"follow","max-snippet":"max-snippet:-1","max-image-preview":"max-image-preview:large","max-video-preview":"max-video-preview:-1"},"canonical":"https:\/\/www.biopapa.de\/lt\/producte\/ekologiskos-miezines-kruopos\/","og_locale":"lt_LT","og_type":"article","og_title":"Ekologi\u0161kos mie\u017ein\u0117s kruopos - Biopapa","og_description":"Mie\u017eiai pasi\u017eymi dideliu skaidul\u0173 kiekiu. Skaidulos palaiko tinkam\u0105 vir\u0161kinimo sistemos darb\u0105 ir padeda sureguliuoti \u017earnyno funkcijas. Mie\u017ein\u0117s kruopos pasi\u017eymi \u0161velniu, nat\u016braliu skoniu d\u0117l ko jas galima panaudoti labai universaliai.","og_url":"https:\/\/www.biopapa.de\/lt\/producte\/ekologiskos-miezines-kruopos\/","og_site_name":"Biopapa","article_publisher":"https:\/\/www.facebook.com\/biopapa.lt","article_modified_time":"2026-03-24T10:04:07+00:00","og_image":[{"width":800,"height":640,"url":"https:\/\/www.biopapa.de\/wp-content\/uploads\/2022\/11\/miezines-krupos.png","type":"image\/png"}],"twitter_card":"summary_large_image","twitter_misc":{"Est. reading time":"2 minut\u0117s"},"schema":{"@context":"https:\/\/schema.org","@graph":[{"@type":"WebPage","@id":"https:\/\/www.biopapa.de\/lt\/producte\/ekologiskos-miezines-kruopos\/","url":"https:\/\/www.biopapa.de\/lt\/producte\/ekologiskos-miezines-kruopos\/","name":"Ekologi\u0161kos mie\u017ein\u0117s kruopos - Biopapa","isPartOf":{"@id":"https:\/\/www.biopapa.de\/lt\/#website"},"primaryImageOfPage":{"@id":"https:\/\/www.biopapa.de\/lt\/producte\/ekologiskos-miezines-kruopos\/#primaryimage"},"image":{"@id":"https:\/\/www.biopapa.de\/lt\/producte\/ekologiskos-miezines-kruopos\/#primaryimage"},"thumbnailUrl":"https:\/\/www.biopapa.de\/wp-content\/uploads\/2022\/11\/miezines-krupos.png","datePublished":"2022-11-17T12:22:36+00:00","dateModified":"2026-03-24T10:04:07+00:00","description":"Mie\u017eiai pasi\u017eymi dideliu skaidul\u0173 kiekiu. Skaidulos palaiko tinkam\u0105 vir\u0161kinimo sistemos darb\u0105 ir padeda sureguliuoti \u017earnyno funkcijas. Mie\u017ein\u0117s kruopos pasi\u017eymi \u0161velniu, nat\u016braliu skoniu d\u0117l ko jas galima panaudoti labai universaliai.","breadcrumb":{"@id":"https:\/\/www.biopapa.de\/lt\/producte\/ekologiskos-miezines-kruopos\/#breadcrumb"},"inLanguage":"lt-LT","potentialAction":[{"@type":"ReadAction","target":["https:\/\/www.biopapa.de\/lt\/producte\/ekologiskos-miezines-kruopos\/"]}]},{"@type":"ImageObject","inLanguage":"lt-LT","@id":"https:\/\/www.biopapa.de\/lt\/producte\/ekologiskos-miezines-kruopos\/#primaryimage","url":"https:\/\/www.biopapa.de\/wp-content\/uploads\/2022\/11\/miezines-krupos.png","contentUrl":"https:\/\/www.biopapa.de\/wp-content\/uploads\/2022\/11\/miezines-krupos.png","width":800,"height":640,"caption":"Ekologi\u0161kos mie\u017ein\u0117s kruopos"},{"@type":"BreadcrumbList","@id":"https:\/\/www.biopapa.de\/lt\/producte\/ekologiskos-miezines-kruopos\/#breadcrumb","itemListElement":[{"@type":"ListItem","position":1,"name":"Home","item":"https:\/\/www.biopapa.de\/lt\/"},{"@type":"ListItem","position":2,"name":"Parduotuv\u0117","item":"https:\/\/www.biopapa.de\/parduotuve\/"},{"@type":"ListItem","position":3,"name":"Ekologi\u0161kos mie\u017ein\u0117s kruopos"}]},{"@type":"WebSite","@id":"https:\/\/www.biopapa.de\/lt\/#website","url":"https:\/\/www.biopapa.de\/lt\/","name":"Biopapa","description":"\u0160var\u016bs ekologi\u0161ki produktai","publisher":{"@id":"https:\/\/www.biopapa.de\/lt\/#organization"},"potentialAction":[{"@type":"SearchAction","target":{"@type":"EntryPoint","urlTemplate":"https:\/\/www.biopapa.de\/lt\/?s={search_term_string}"},"query-input":{"@type":"PropertyValueSpecification","valueRequired":true,"valueName":"search_term_string"}}],"inLanguage":"lt-LT"},{"@type":"Organization","@id":"https:\/\/www.biopapa.de\/lt\/#organization","name":"Biopapa","url":"https:\/\/www.biopapa.de\/lt\/","logo":{"@type":"ImageObject","inLanguage":"lt-LT","@id":"https:\/\/www.biopapa.de\/lt\/#\/schema\/logo\/image\/","url":"https:\/\/www.biopapa.lt\/wp-content\/uploads\/2022\/04\/facebook_biopapa.jpg","contentUrl":"https:\/\/www.biopapa.lt\/wp-content\/uploads\/2022\/04\/facebook_biopapa.jpg","width":1733,"height":907,"caption":"Biopapa"},"image":{"@id":"https:\/\/www.biopapa.de\/lt\/#\/schema\/logo\/image\/"},"sameAs":["https:\/\/www.facebook.com\/biopapa.lt"]}]}},"_links":{"self":[{"href":"https:\/\/www.biopapa.de\/lt\/wp-json\/wp\/v2\/product\/21282","targetHints":{"allow":["GET"]}}],"collection":[{"href":"https:\/\/www.biopapa.de\/lt\/wp-json\/wp\/v2\/product"}],"about":[{"href":"https:\/\/www.biopapa.de\/lt\/wp-json\/wp\/v2\/types\/product"}],"wp:featuredmedia":[{"embeddable":true,"href":"https:\/\/www.biopapa.de\/lt\/wp-json\/wp\/v2\/media\/22212"}],"wp:attachment":[{"href":"https:\/\/www.biopapa.de\/lt\/wp-json\/wp\/v2\/media?parent=21282"}],"wp:term":[{"taxonomy":"product_brand","embeddable":true,"href":"https:\/\/www.biopapa.de\/lt\/wp-json\/wp\/v2\/product_brand?post=21282"},{"taxonomy":"product_cat","embeddable":true,"href":"https:\/\/www.biopapa.de\/lt\/wp-json\/wp\/v2\/product_cat?post=21282"},{"taxonomy":"product_tag","embeddable":true,"href":"https:\/\/www.biopapa.de\/lt\/wp-json\/wp\/v2\/product_tag?post=21282"}],"curies":[{"name":"wp","href":"https:\/\/api.w.org\/{rel}","templated":true}]}}