{"id":21299,"date":"2022-11-17T15:50:40","date_gmt":"2022-11-17T13:50:40","guid":{"rendered":"https:\/\/www.biopapa.lt\/?post_type=product&#038;p=21299"},"modified":"2026-02-04T14:08:30","modified_gmt":"2026-02-04T12:08:30","slug":"ekologiskos-tikrojo-margainio-seklos","status":"publish","type":"product","link":"https:\/\/www.biopapa.de\/lt\/producte\/ekologiskos-tikrojo-margainio-seklos\/","title":{"rendered":"Ekologi\u0161kos tikrojo margainio (Milk Thistle) s\u0117klos"},"content":{"rendered":"<p><strong>Ekologi\u0161kas tikrasis margainis (Milk Thistle)<\/strong> yra \u017eydintis augalas, kil\u0119s i\u0161 Vidur\u017eemio j\u016bros regiono, atpa\u017e\u012fstamas pagal dygliuotas lapus ir violetinius \u017eiedus. Jo s\u0117klos tradicin\u0117je medicinoje buvo naudojamos daugiau nei 2 000 met\u0173 sveikatai gerinti. Senov\u0117s graikai ir rom\u0117nai vertino j\u012f d\u0117l detoksikacijos ir vir\u0161kinimo palaikymo.<br \/>\nS\u0117klos yra ma\u017eos, rudos ir \u0161iek tiek blizgios, da\u017enai renkamos d\u0117l savo unikalios skonio savyb\u0117s ir aliejaus. Tradici\u0161kai jos buvo trai\u0161komos arba malamos ir dedamos \u012f maist\u0105 arba u\u017eplikomos kaip arbata.<br \/>\n\u0160iandien s\u0117klos kartais naudojamos gaminant maist\u0105, u\u017ekand\u017eius.<\/p>\n<p>Vartojimas: galima sumalti ir berti \u012f salotas, sausus pusry\u010dius, kokteilius, glotnu\u010dius ar kaip \u017eoleli\u0173 arbat\u0105.<\/p>\n<p>Arbatai paruo\u0161ti reikia 1 arbatinio \u0161auk\u0161telio malto margainio (apie 6 g) stiklinei vandens., u\u017epilkite stikline verdan\u010dio vandens, u\u017edenkite ir palaikykite 15 min.\u00a0 Gerti po 1 puodel\u012f u\u017epilo.<br \/>\nParos doz\u0117je 3 arbatiniai \u0161auk\u0161teliai \u2013 12-18 g margainio.<\/p>\n","protected":false},"excerpt":{"rendered":"<p>Ekologi\u0161kas tikrasis margainis (Milk Thistle) yra \u017eydintis augalas, kil\u0119s i\u0161 Vidur\u017eemio j\u016bros regiono, atpa\u017e\u012fstamas pagal dygliuotas lapus ir violetinius \u017eiedus.<\/p>\n","protected":false},"featured_media":22313,"template":"","meta":{"_acf_changed":false},"product_brand":[],"product_cat":[730,1905],"product_tag":[1433,1378,1382],"class_list":{"0":"post-21299","1":"product","2":"type-product","3":"status-publish","4":"has-post-thumbnail","6":"product_cat-ekologiski-riesutai-seklos","7":"product_cat-seklos","8":"product_tag-baltymu-saltinis","9":"product_tag-veganams","10":"product_tag-zaliavalgiams","11":"pa_svoris-1-kg","12":"pa_svoris-100-g","13":"pa_svoris-200-g","14":"pa_svoris-25-kg","15":"pa_svoris-300-g","16":"pa_svoris-400-g","17":"pa_svoris-50-g","18":"pa_svoris-500-g","20":"first","21":"instock","22":"shipping-taxable","23":"purchasable","24":"product-type-variable"},"acf":[],"yoast_head":"<!-- This site is optimized with the Yoast SEO plugin v27.5 - https:\/\/yoast.com\/product\/yoast-seo-wordpress\/ -->\n<title>Ekologi\u0161kos tikrojo margainio (Milk Thistle) s\u0117klos - Biopapa<\/title>\n<meta name=\"description\" content=\"Ekologi\u0161kas tikrasis margainis (Milk Thistle) s\u0117klos tradicin\u0117je medicinoje buvo naudojamos daugiau nei 2 000 met\u0173 sveikatai gerinti.\" \/>\n<meta name=\"robots\" content=\"index, follow, max-snippet:-1, max-image-preview:large, max-video-preview:-1\" \/>\n<link rel=\"canonical\" href=\"https:\/\/www.biopapa.de\/lt\/producte\/ekologiskos-tikrojo-margainio-seklos\/\" \/>\n<meta property=\"og:locale\" content=\"lt_LT\" \/>\n<meta property=\"og:type\" content=\"article\" \/>\n<meta property=\"og:title\" content=\"Ekologi\u0161kos tikrojo margainio (Milk Thistle) s\u0117klos - Biopapa\" \/>\n<meta property=\"og:description\" content=\"Ekologi\u0161kas tikrasis margainis (Milk Thistle) s\u0117klos tradicin\u0117je medicinoje buvo naudojamos daugiau nei 2 000 met\u0173 sveikatai gerinti.\" \/>\n<meta property=\"og:url\" content=\"https:\/\/www.biopapa.de\/lt\/producte\/ekologiskos-tikrojo-margainio-seklos\/\" \/>\n<meta property=\"og:site_name\" content=\"Biopapa\" \/>\n<meta property=\"article:publisher\" content=\"https:\/\/www.facebook.com\/biopapa.lt\" \/>\n<meta property=\"article:modified_time\" content=\"2026-02-04T12:08:30+00:00\" \/>\n<meta property=\"og:image\" content=\"https:\/\/www.biopapa.de\/wp-content\/uploads\/2022\/11\/Ekologiskos-tikrojo-margainio-seklos.png\" \/>\n\t<meta property=\"og:image:width\" content=\"800\" \/>\n\t<meta property=\"og:image:height\" content=\"640\" \/>\n\t<meta property=\"og:image:type\" content=\"image\/png\" \/>\n<meta name=\"twitter:card\" content=\"summary_large_image\" \/>\n<meta name=\"twitter:label1\" content=\"Est. reading time\" \/>\n\t<meta name=\"twitter:data1\" content=\"1 minut\u0117\" \/>\n<script type=\"application\/ld+json\" class=\"yoast-schema-graph\">{\"@context\":\"https:\\\/\\\/schema.org\",\"@graph\":[{\"@type\":\"WebPage\",\"@id\":\"https:\\\/\\\/www.biopapa.de\\\/lt\\\/producte\\\/ekologiskos-tikrojo-margainio-seklos\\\/\",\"url\":\"https:\\\/\\\/www.biopapa.de\\\/lt\\\/producte\\\/ekologiskos-tikrojo-margainio-seklos\\\/\",\"name\":\"Ekologi\u0161kos tikrojo margainio (Milk Thistle) s\u0117klos - Biopapa\",\"isPartOf\":{\"@id\":\"https:\\\/\\\/www.biopapa.de\\\/lt\\\/#website\"},\"primaryImageOfPage\":{\"@id\":\"https:\\\/\\\/www.biopapa.de\\\/lt\\\/producte\\\/ekologiskos-tikrojo-margainio-seklos\\\/#primaryimage\"},\"image\":{\"@id\":\"https:\\\/\\\/www.biopapa.de\\\/lt\\\/producte\\\/ekologiskos-tikrojo-margainio-seklos\\\/#primaryimage\"},\"thumbnailUrl\":\"https:\\\/\\\/www.biopapa.de\\\/wp-content\\\/uploads\\\/2022\\\/11\\\/Ekologiskos-tikrojo-margainio-seklos.png\",\"datePublished\":\"2022-11-17T13:50:40+00:00\",\"dateModified\":\"2026-02-04T12:08:30+00:00\",\"description\":\"Ekologi\u0161kas tikrasis margainis (Milk Thistle) s\u0117klos tradicin\u0117je medicinoje buvo naudojamos daugiau nei 2 000 met\u0173 sveikatai gerinti.\",\"breadcrumb\":{\"@id\":\"https:\\\/\\\/www.biopapa.de\\\/lt\\\/producte\\\/ekologiskos-tikrojo-margainio-seklos\\\/#breadcrumb\"},\"inLanguage\":\"lt-LT\",\"potentialAction\":[{\"@type\":\"ReadAction\",\"target\":[\"https:\\\/\\\/www.biopapa.de\\\/lt\\\/producte\\\/ekologiskos-tikrojo-margainio-seklos\\\/\"]}]},{\"@type\":\"ImageObject\",\"inLanguage\":\"lt-LT\",\"@id\":\"https:\\\/\\\/www.biopapa.de\\\/lt\\\/producte\\\/ekologiskos-tikrojo-margainio-seklos\\\/#primaryimage\",\"url\":\"https:\\\/\\\/www.biopapa.de\\\/wp-content\\\/uploads\\\/2022\\\/11\\\/Ekologiskos-tikrojo-margainio-seklos.png\",\"contentUrl\":\"https:\\\/\\\/www.biopapa.de\\\/wp-content\\\/uploads\\\/2022\\\/11\\\/Ekologiskos-tikrojo-margainio-seklos.png\",\"width\":800,\"height\":640,\"caption\":\"Ekologi\u0161kos tikrojo margainio s\u0117klos\"},{\"@type\":\"BreadcrumbList\",\"@id\":\"https:\\\/\\\/www.biopapa.de\\\/lt\\\/producte\\\/ekologiskos-tikrojo-margainio-seklos\\\/#breadcrumb\",\"itemListElement\":[{\"@type\":\"ListItem\",\"position\":1,\"name\":\"Home\",\"item\":\"https:\\\/\\\/www.biopapa.de\\\/lt\\\/\"},{\"@type\":\"ListItem\",\"position\":2,\"name\":\"Parduotuv\u0117\",\"item\":\"https:\\\/\\\/www.biopapa.de\\\/parduotuve\\\/\"},{\"@type\":\"ListItem\",\"position\":3,\"name\":\"Ekologi\u0161kos tikrojo margainio (Milk Thistle) s\u0117klos\"}]},{\"@type\":\"WebSite\",\"@id\":\"https:\\\/\\\/www.biopapa.de\\\/lt\\\/#website\",\"url\":\"https:\\\/\\\/www.biopapa.de\\\/lt\\\/\",\"name\":\"Biopapa\",\"description\":\"\u0160var\u016bs ekologi\u0161ki produktai\",\"publisher\":{\"@id\":\"https:\\\/\\\/www.biopapa.de\\\/lt\\\/#organization\"},\"potentialAction\":[{\"@type\":\"SearchAction\",\"target\":{\"@type\":\"EntryPoint\",\"urlTemplate\":\"https:\\\/\\\/www.biopapa.de\\\/lt\\\/?s={search_term_string}\"},\"query-input\":{\"@type\":\"PropertyValueSpecification\",\"valueRequired\":true,\"valueName\":\"search_term_string\"}}],\"inLanguage\":\"lt-LT\"},{\"@type\":\"Organization\",\"@id\":\"https:\\\/\\\/www.biopapa.de\\\/lt\\\/#organization\",\"name\":\"Biopapa\",\"url\":\"https:\\\/\\\/www.biopapa.de\\\/lt\\\/\",\"logo\":{\"@type\":\"ImageObject\",\"inLanguage\":\"lt-LT\",\"@id\":\"https:\\\/\\\/www.biopapa.de\\\/lt\\\/#\\\/schema\\\/logo\\\/image\\\/\",\"url\":\"https:\\\/\\\/www.biopapa.lt\\\/wp-content\\\/uploads\\\/2022\\\/04\\\/facebook_biopapa.jpg\",\"contentUrl\":\"https:\\\/\\\/www.biopapa.lt\\\/wp-content\\\/uploads\\\/2022\\\/04\\\/facebook_biopapa.jpg\",\"width\":1733,\"height\":907,\"caption\":\"Biopapa\"},\"image\":{\"@id\":\"https:\\\/\\\/www.biopapa.de\\\/lt\\\/#\\\/schema\\\/logo\\\/image\\\/\"},\"sameAs\":[\"https:\\\/\\\/www.facebook.com\\\/biopapa.lt\"]}]}<\/script>\n<!-- \/ Yoast SEO plugin. -->","yoast_head_json":{"title":"Ekologi\u0161kos tikrojo margainio (Milk Thistle) s\u0117klos - Biopapa","description":"Ekologi\u0161kas tikrasis margainis (Milk Thistle) s\u0117klos tradicin\u0117je medicinoje buvo naudojamos daugiau nei 2 000 met\u0173 sveikatai gerinti.","robots":{"index":"index","follow":"follow","max-snippet":"max-snippet:-1","max-image-preview":"max-image-preview:large","max-video-preview":"max-video-preview:-1"},"canonical":"https:\/\/www.biopapa.de\/lt\/producte\/ekologiskos-tikrojo-margainio-seklos\/","og_locale":"lt_LT","og_type":"article","og_title":"Ekologi\u0161kos tikrojo margainio (Milk Thistle) s\u0117klos - Biopapa","og_description":"Ekologi\u0161kas tikrasis margainis (Milk Thistle) s\u0117klos tradicin\u0117je medicinoje buvo naudojamos daugiau nei 2 000 met\u0173 sveikatai gerinti.","og_url":"https:\/\/www.biopapa.de\/lt\/producte\/ekologiskos-tikrojo-margainio-seklos\/","og_site_name":"Biopapa","article_publisher":"https:\/\/www.facebook.com\/biopapa.lt","article_modified_time":"2026-02-04T12:08:30+00:00","og_image":[{"width":800,"height":640,"url":"https:\/\/www.biopapa.de\/wp-content\/uploads\/2022\/11\/Ekologiskos-tikrojo-margainio-seklos.png","type":"image\/png"}],"twitter_card":"summary_large_image","twitter_misc":{"Est. reading time":"1 minut\u0117"},"schema":{"@context":"https:\/\/schema.org","@graph":[{"@type":"WebPage","@id":"https:\/\/www.biopapa.de\/lt\/producte\/ekologiskos-tikrojo-margainio-seklos\/","url":"https:\/\/www.biopapa.de\/lt\/producte\/ekologiskos-tikrojo-margainio-seklos\/","name":"Ekologi\u0161kos tikrojo margainio (Milk Thistle) s\u0117klos - Biopapa","isPartOf":{"@id":"https:\/\/www.biopapa.de\/lt\/#website"},"primaryImageOfPage":{"@id":"https:\/\/www.biopapa.de\/lt\/producte\/ekologiskos-tikrojo-margainio-seklos\/#primaryimage"},"image":{"@id":"https:\/\/www.biopapa.de\/lt\/producte\/ekologiskos-tikrojo-margainio-seklos\/#primaryimage"},"thumbnailUrl":"https:\/\/www.biopapa.de\/wp-content\/uploads\/2022\/11\/Ekologiskos-tikrojo-margainio-seklos.png","datePublished":"2022-11-17T13:50:40+00:00","dateModified":"2026-02-04T12:08:30+00:00","description":"Ekologi\u0161kas tikrasis margainis (Milk Thistle) s\u0117klos tradicin\u0117je medicinoje buvo naudojamos daugiau nei 2 000 met\u0173 sveikatai gerinti.","breadcrumb":{"@id":"https:\/\/www.biopapa.de\/lt\/producte\/ekologiskos-tikrojo-margainio-seklos\/#breadcrumb"},"inLanguage":"lt-LT","potentialAction":[{"@type":"ReadAction","target":["https:\/\/www.biopapa.de\/lt\/producte\/ekologiskos-tikrojo-margainio-seklos\/"]}]},{"@type":"ImageObject","inLanguage":"lt-LT","@id":"https:\/\/www.biopapa.de\/lt\/producte\/ekologiskos-tikrojo-margainio-seklos\/#primaryimage","url":"https:\/\/www.biopapa.de\/wp-content\/uploads\/2022\/11\/Ekologiskos-tikrojo-margainio-seklos.png","contentUrl":"https:\/\/www.biopapa.de\/wp-content\/uploads\/2022\/11\/Ekologiskos-tikrojo-margainio-seklos.png","width":800,"height":640,"caption":"Ekologi\u0161kos tikrojo margainio s\u0117klos"},{"@type":"BreadcrumbList","@id":"https:\/\/www.biopapa.de\/lt\/producte\/ekologiskos-tikrojo-margainio-seklos\/#breadcrumb","itemListElement":[{"@type":"ListItem","position":1,"name":"Home","item":"https:\/\/www.biopapa.de\/lt\/"},{"@type":"ListItem","position":2,"name":"Parduotuv\u0117","item":"https:\/\/www.biopapa.de\/parduotuve\/"},{"@type":"ListItem","position":3,"name":"Ekologi\u0161kos tikrojo margainio (Milk Thistle) s\u0117klos"}]},{"@type":"WebSite","@id":"https:\/\/www.biopapa.de\/lt\/#website","url":"https:\/\/www.biopapa.de\/lt\/","name":"Biopapa","description":"\u0160var\u016bs ekologi\u0161ki produktai","publisher":{"@id":"https:\/\/www.biopapa.de\/lt\/#organization"},"potentialAction":[{"@type":"SearchAction","target":{"@type":"EntryPoint","urlTemplate":"https:\/\/www.biopapa.de\/lt\/?s={search_term_string}"},"query-input":{"@type":"PropertyValueSpecification","valueRequired":true,"valueName":"search_term_string"}}],"inLanguage":"lt-LT"},{"@type":"Organization","@id":"https:\/\/www.biopapa.de\/lt\/#organization","name":"Biopapa","url":"https:\/\/www.biopapa.de\/lt\/","logo":{"@type":"ImageObject","inLanguage":"lt-LT","@id":"https:\/\/www.biopapa.de\/lt\/#\/schema\/logo\/image\/","url":"https:\/\/www.biopapa.lt\/wp-content\/uploads\/2022\/04\/facebook_biopapa.jpg","contentUrl":"https:\/\/www.biopapa.lt\/wp-content\/uploads\/2022\/04\/facebook_biopapa.jpg","width":1733,"height":907,"caption":"Biopapa"},"image":{"@id":"https:\/\/www.biopapa.de\/lt\/#\/schema\/logo\/image\/"},"sameAs":["https:\/\/www.facebook.com\/biopapa.lt"]}]}},"_links":{"self":[{"href":"https:\/\/www.biopapa.de\/lt\/wp-json\/wp\/v2\/product\/21299","targetHints":{"allow":["GET"]}}],"collection":[{"href":"https:\/\/www.biopapa.de\/lt\/wp-json\/wp\/v2\/product"}],"about":[{"href":"https:\/\/www.biopapa.de\/lt\/wp-json\/wp\/v2\/types\/product"}],"wp:featuredmedia":[{"embeddable":true,"href":"https:\/\/www.biopapa.de\/lt\/wp-json\/wp\/v2\/media\/22313"}],"wp:attachment":[{"href":"https:\/\/www.biopapa.de\/lt\/wp-json\/wp\/v2\/media?parent=21299"}],"wp:term":[{"taxonomy":"product_brand","embeddable":true,"href":"https:\/\/www.biopapa.de\/lt\/wp-json\/wp\/v2\/product_brand?post=21299"},{"taxonomy":"product_cat","embeddable":true,"href":"https:\/\/www.biopapa.de\/lt\/wp-json\/wp\/v2\/product_cat?post=21299"},{"taxonomy":"product_tag","embeddable":true,"href":"https:\/\/www.biopapa.de\/lt\/wp-json\/wp\/v2\/product_tag?post=21299"}],"curies":[{"name":"wp","href":"https:\/\/api.w.org\/{rel}","templated":true}]}}