{"id":21315,"date":"2022-11-17T18:04:58","date_gmt":"2022-11-17T16:04:58","guid":{"rendered":"https:\/\/www.biopapa.lt\/?post_type=product&#038;p=21315"},"modified":"2026-04-16T14:53:22","modified_gmt":"2026-04-16T11:53:22","slug":"ekologiskas-grikiu-batonelis-su-burokeliais-ir-morkomis-30-g","status":"publish","type":"product","link":"https:\/\/www.biopapa.de\/lt\/producte\/ekologiskas-grikiu-batonelis-su-burokeliais-ir-morkomis-30-g\/","title":{"rendered":"Ekologi\u0161kas griki\u0173 baton\u0117lis su burok\u0117liais ir morkomis, 30 g"},"content":{"rendered":"<p><strong>Ekologi\u0161kas griki\u0173 baton\u0117lis su burok\u0117liais ir morkomis, 30 g<\/strong><br \/>\nPristatome nauj\u0105j\u012f ekologi\u0161k\u0105 griki\u0173 baton\u0117l\u012f \u201eNature\u2018s element\u201c. \u0160is baton\u0117lis yra idealus u\u017ekandis tinkantis tiek sportuojantiems, tiek m\u0117gstantiems aktyv\u0173 laisvalaik\u012f ir besir\u016bpinantiems savo mityba. Savo klientams si\u016blome tik tai, kas geriausia. Baton\u0117lis pagamintas tik i\u0161 auk\u0161\u010diausios kokyb\u0117s produkt\u0173 nenaudojant dirbtini\u0173 pried\u0173 ir koncervant\u0173. Lietuvoje u\u017eauginti grikiai sudaro net 54 % visos baton\u0117lio sud\u0117ties.<br \/>\nProduktas tinkamas veganams ir vegetarams.<br \/>\n<strong>\u0160is ekologi\u0161kas griki\u0173 baton\u0117lis yra tikras energijos u\u017etaisas visai dienai!<\/strong><\/p>\n<p>&nbsp;<\/p>\n","protected":false},"excerpt":{"rendered":"<p>Ekologi\u0161kas griki\u0173 baton\u0117lis su burok\u0117liais ir morkomis, 30 g Pristatome nauj\u0105j\u012f ekologi\u0161k\u0105 griki\u0173 baton\u0117l\u012f \u201eNature\u2018s element\u201c. \u0160is baton\u0117lis yra idealus<\/p>\n","protected":false},"featured_media":23090,"template":"","meta":{"_acf_changed":false},"product_brand":[],"product_cat":[1324],"product_tag":[],"class_list":{"0":"post-21315","1":"product","2":"type-product","3":"status-publish","4":"has-post-thumbnail","6":"product_cat-ekologiski-sveiki-saldumynai","8":"first","9":"instock","10":"sale","11":"shipping-taxable","12":"purchasable","13":"product-type-variable"},"acf":[],"yoast_head":"<!-- This site is optimized with the Yoast SEO plugin v27.5 - https:\/\/yoast.com\/product\/yoast-seo-wordpress\/ -->\n<title>Ekologi\u0161kas griki\u0173 baton\u0117lis su burok\u0117liais ir morkomis, 30 g - Biopapa<\/title>\n<meta name=\"description\" content=\"Baton\u0117lis pagamintas tik i\u0161 auk\u0161\u010diausios kokyb\u0117s produkt\u0173 nenaudojant dirbtini\u0173 pried\u0173 ir koncervant\u0173.\" \/>\n<meta name=\"robots\" content=\"index, follow, max-snippet:-1, max-image-preview:large, max-video-preview:-1\" \/>\n<link rel=\"canonical\" href=\"https:\/\/www.biopapa.de\/lt\/producte\/ekologiskas-grikiu-batonelis-su-burokeliais-ir-morkomis-30-g\/\" \/>\n<meta property=\"og:locale\" content=\"lt_LT\" \/>\n<meta property=\"og:type\" content=\"article\" \/>\n<meta property=\"og:title\" content=\"Ekologi\u0161kas griki\u0173 baton\u0117lis su burok\u0117liais ir morkomis, 30 g - Biopapa\" \/>\n<meta property=\"og:description\" content=\"Baton\u0117lis pagamintas tik i\u0161 auk\u0161\u010diausios kokyb\u0117s produkt\u0173 nenaudojant dirbtini\u0173 pried\u0173 ir koncervant\u0173.\" \/>\n<meta property=\"og:url\" content=\"https:\/\/www.biopapa.de\/lt\/producte\/ekologiskas-grikiu-batonelis-su-burokeliais-ir-morkomis-30-g\/\" \/>\n<meta property=\"og:site_name\" content=\"Biopapa\" \/>\n<meta property=\"article:publisher\" content=\"https:\/\/www.facebook.com\/biopapa.lt\" \/>\n<meta property=\"article:modified_time\" content=\"2026-04-16T11:53:22+00:00\" \/>\n<meta property=\"og:image\" content=\"https:\/\/www.biopapa.de\/wp-content\/uploads\/2022\/11\/Ekologiskas-grikiu-batonelis-su-burokeliais-ir-morkomis-30-g.jpg\" \/>\n\t<meta property=\"og:image:width\" content=\"800\" \/>\n\t<meta property=\"og:image:height\" content=\"640\" \/>\n\t<meta property=\"og:image:type\" content=\"image\/jpeg\" \/>\n<meta name=\"twitter:card\" content=\"summary_large_image\" \/>\n<meta name=\"twitter:label1\" content=\"Est. reading time\" \/>\n\t<meta name=\"twitter:data1\" content=\"1 minut\u0117\" \/>\n<script type=\"application\/ld+json\" class=\"yoast-schema-graph\">{\"@context\":\"https:\\\/\\\/schema.org\",\"@graph\":[{\"@type\":\"WebPage\",\"@id\":\"https:\\\/\\\/www.biopapa.de\\\/lt\\\/producte\\\/ekologiskas-grikiu-batonelis-su-burokeliais-ir-morkomis-30-g\\\/\",\"url\":\"https:\\\/\\\/www.biopapa.de\\\/lt\\\/producte\\\/ekologiskas-grikiu-batonelis-su-burokeliais-ir-morkomis-30-g\\\/\",\"name\":\"Ekologi\u0161kas griki\u0173 baton\u0117lis su burok\u0117liais ir morkomis, 30 g - Biopapa\",\"isPartOf\":{\"@id\":\"https:\\\/\\\/www.biopapa.de\\\/lt\\\/#website\"},\"primaryImageOfPage\":{\"@id\":\"https:\\\/\\\/www.biopapa.de\\\/lt\\\/producte\\\/ekologiskas-grikiu-batonelis-su-burokeliais-ir-morkomis-30-g\\\/#primaryimage\"},\"image\":{\"@id\":\"https:\\\/\\\/www.biopapa.de\\\/lt\\\/producte\\\/ekologiskas-grikiu-batonelis-su-burokeliais-ir-morkomis-30-g\\\/#primaryimage\"},\"thumbnailUrl\":\"https:\\\/\\\/www.biopapa.de\\\/wp-content\\\/uploads\\\/2022\\\/11\\\/Ekologiskas-grikiu-batonelis-su-burokeliais-ir-morkomis-30-g.jpg\",\"datePublished\":\"2022-11-17T16:04:58+00:00\",\"dateModified\":\"2026-04-16T11:53:22+00:00\",\"description\":\"Baton\u0117lis pagamintas tik i\u0161 auk\u0161\u010diausios kokyb\u0117s produkt\u0173 nenaudojant dirbtini\u0173 pried\u0173 ir koncervant\u0173.\",\"breadcrumb\":{\"@id\":\"https:\\\/\\\/www.biopapa.de\\\/lt\\\/producte\\\/ekologiskas-grikiu-batonelis-su-burokeliais-ir-morkomis-30-g\\\/#breadcrumb\"},\"inLanguage\":\"lt-LT\",\"potentialAction\":[{\"@type\":\"ReadAction\",\"target\":[\"https:\\\/\\\/www.biopapa.de\\\/lt\\\/producte\\\/ekologiskas-grikiu-batonelis-su-burokeliais-ir-morkomis-30-g\\\/\"]}]},{\"@type\":\"ImageObject\",\"inLanguage\":\"lt-LT\",\"@id\":\"https:\\\/\\\/www.biopapa.de\\\/lt\\\/producte\\\/ekologiskas-grikiu-batonelis-su-burokeliais-ir-morkomis-30-g\\\/#primaryimage\",\"url\":\"https:\\\/\\\/www.biopapa.de\\\/wp-content\\\/uploads\\\/2022\\\/11\\\/Ekologiskas-grikiu-batonelis-su-burokeliais-ir-morkomis-30-g.jpg\",\"contentUrl\":\"https:\\\/\\\/www.biopapa.de\\\/wp-content\\\/uploads\\\/2022\\\/11\\\/Ekologiskas-grikiu-batonelis-su-burokeliais-ir-morkomis-30-g.jpg\",\"width\":800,\"height\":640,\"caption\":\"Ekologi\u0161kas griki\u0173 baton\u0117lis su burok\u0117liais ir morkomis, 30 g\"},{\"@type\":\"BreadcrumbList\",\"@id\":\"https:\\\/\\\/www.biopapa.de\\\/lt\\\/producte\\\/ekologiskas-grikiu-batonelis-su-burokeliais-ir-morkomis-30-g\\\/#breadcrumb\",\"itemListElement\":[{\"@type\":\"ListItem\",\"position\":1,\"name\":\"Home\",\"item\":\"https:\\\/\\\/www.biopapa.de\\\/lt\\\/\"},{\"@type\":\"ListItem\",\"position\":2,\"name\":\"Parduotuv\u0117\",\"item\":\"https:\\\/\\\/www.biopapa.de\\\/parduotuve\\\/\"},{\"@type\":\"ListItem\",\"position\":3,\"name\":\"Ekologi\u0161kas griki\u0173 baton\u0117lis su burok\u0117liais ir morkomis, 30 g\"}]},{\"@type\":\"WebSite\",\"@id\":\"https:\\\/\\\/www.biopapa.de\\\/lt\\\/#website\",\"url\":\"https:\\\/\\\/www.biopapa.de\\\/lt\\\/\",\"name\":\"Biopapa\",\"description\":\"\u0160var\u016bs ekologi\u0161ki produktai\",\"publisher\":{\"@id\":\"https:\\\/\\\/www.biopapa.de\\\/lt\\\/#organization\"},\"potentialAction\":[{\"@type\":\"SearchAction\",\"target\":{\"@type\":\"EntryPoint\",\"urlTemplate\":\"https:\\\/\\\/www.biopapa.de\\\/lt\\\/?s={search_term_string}\"},\"query-input\":{\"@type\":\"PropertyValueSpecification\",\"valueRequired\":true,\"valueName\":\"search_term_string\"}}],\"inLanguage\":\"lt-LT\"},{\"@type\":\"Organization\",\"@id\":\"https:\\\/\\\/www.biopapa.de\\\/lt\\\/#organization\",\"name\":\"Biopapa\",\"url\":\"https:\\\/\\\/www.biopapa.de\\\/lt\\\/\",\"logo\":{\"@type\":\"ImageObject\",\"inLanguage\":\"lt-LT\",\"@id\":\"https:\\\/\\\/www.biopapa.de\\\/lt\\\/#\\\/schema\\\/logo\\\/image\\\/\",\"url\":\"https:\\\/\\\/www.biopapa.lt\\\/wp-content\\\/uploads\\\/2022\\\/04\\\/facebook_biopapa.jpg\",\"contentUrl\":\"https:\\\/\\\/www.biopapa.lt\\\/wp-content\\\/uploads\\\/2022\\\/04\\\/facebook_biopapa.jpg\",\"width\":1733,\"height\":907,\"caption\":\"Biopapa\"},\"image\":{\"@id\":\"https:\\\/\\\/www.biopapa.de\\\/lt\\\/#\\\/schema\\\/logo\\\/image\\\/\"},\"sameAs\":[\"https:\\\/\\\/www.facebook.com\\\/biopapa.lt\"]}]}<\/script>\n<!-- \/ Yoast SEO plugin. -->","yoast_head_json":{"title":"Ekologi\u0161kas griki\u0173 baton\u0117lis su burok\u0117liais ir morkomis, 30 g - Biopapa","description":"Baton\u0117lis pagamintas tik i\u0161 auk\u0161\u010diausios kokyb\u0117s produkt\u0173 nenaudojant dirbtini\u0173 pried\u0173 ir koncervant\u0173.","robots":{"index":"index","follow":"follow","max-snippet":"max-snippet:-1","max-image-preview":"max-image-preview:large","max-video-preview":"max-video-preview:-1"},"canonical":"https:\/\/www.biopapa.de\/lt\/producte\/ekologiskas-grikiu-batonelis-su-burokeliais-ir-morkomis-30-g\/","og_locale":"lt_LT","og_type":"article","og_title":"Ekologi\u0161kas griki\u0173 baton\u0117lis su burok\u0117liais ir morkomis, 30 g - Biopapa","og_description":"Baton\u0117lis pagamintas tik i\u0161 auk\u0161\u010diausios kokyb\u0117s produkt\u0173 nenaudojant dirbtini\u0173 pried\u0173 ir koncervant\u0173.","og_url":"https:\/\/www.biopapa.de\/lt\/producte\/ekologiskas-grikiu-batonelis-su-burokeliais-ir-morkomis-30-g\/","og_site_name":"Biopapa","article_publisher":"https:\/\/www.facebook.com\/biopapa.lt","article_modified_time":"2026-04-16T11:53:22+00:00","og_image":[{"width":800,"height":640,"url":"https:\/\/www.biopapa.de\/wp-content\/uploads\/2022\/11\/Ekologiskas-grikiu-batonelis-su-burokeliais-ir-morkomis-30-g.jpg","type":"image\/jpeg"}],"twitter_card":"summary_large_image","twitter_misc":{"Est. reading time":"1 minut\u0117"},"schema":{"@context":"https:\/\/schema.org","@graph":[{"@type":"WebPage","@id":"https:\/\/www.biopapa.de\/lt\/producte\/ekologiskas-grikiu-batonelis-su-burokeliais-ir-morkomis-30-g\/","url":"https:\/\/www.biopapa.de\/lt\/producte\/ekologiskas-grikiu-batonelis-su-burokeliais-ir-morkomis-30-g\/","name":"Ekologi\u0161kas griki\u0173 baton\u0117lis su burok\u0117liais ir morkomis, 30 g - Biopapa","isPartOf":{"@id":"https:\/\/www.biopapa.de\/lt\/#website"},"primaryImageOfPage":{"@id":"https:\/\/www.biopapa.de\/lt\/producte\/ekologiskas-grikiu-batonelis-su-burokeliais-ir-morkomis-30-g\/#primaryimage"},"image":{"@id":"https:\/\/www.biopapa.de\/lt\/producte\/ekologiskas-grikiu-batonelis-su-burokeliais-ir-morkomis-30-g\/#primaryimage"},"thumbnailUrl":"https:\/\/www.biopapa.de\/wp-content\/uploads\/2022\/11\/Ekologiskas-grikiu-batonelis-su-burokeliais-ir-morkomis-30-g.jpg","datePublished":"2022-11-17T16:04:58+00:00","dateModified":"2026-04-16T11:53:22+00:00","description":"Baton\u0117lis pagamintas tik i\u0161 auk\u0161\u010diausios kokyb\u0117s produkt\u0173 nenaudojant dirbtini\u0173 pried\u0173 ir koncervant\u0173.","breadcrumb":{"@id":"https:\/\/www.biopapa.de\/lt\/producte\/ekologiskas-grikiu-batonelis-su-burokeliais-ir-morkomis-30-g\/#breadcrumb"},"inLanguage":"lt-LT","potentialAction":[{"@type":"ReadAction","target":["https:\/\/www.biopapa.de\/lt\/producte\/ekologiskas-grikiu-batonelis-su-burokeliais-ir-morkomis-30-g\/"]}]},{"@type":"ImageObject","inLanguage":"lt-LT","@id":"https:\/\/www.biopapa.de\/lt\/producte\/ekologiskas-grikiu-batonelis-su-burokeliais-ir-morkomis-30-g\/#primaryimage","url":"https:\/\/www.biopapa.de\/wp-content\/uploads\/2022\/11\/Ekologiskas-grikiu-batonelis-su-burokeliais-ir-morkomis-30-g.jpg","contentUrl":"https:\/\/www.biopapa.de\/wp-content\/uploads\/2022\/11\/Ekologiskas-grikiu-batonelis-su-burokeliais-ir-morkomis-30-g.jpg","width":800,"height":640,"caption":"Ekologi\u0161kas griki\u0173 baton\u0117lis su burok\u0117liais ir morkomis, 30 g"},{"@type":"BreadcrumbList","@id":"https:\/\/www.biopapa.de\/lt\/producte\/ekologiskas-grikiu-batonelis-su-burokeliais-ir-morkomis-30-g\/#breadcrumb","itemListElement":[{"@type":"ListItem","position":1,"name":"Home","item":"https:\/\/www.biopapa.de\/lt\/"},{"@type":"ListItem","position":2,"name":"Parduotuv\u0117","item":"https:\/\/www.biopapa.de\/parduotuve\/"},{"@type":"ListItem","position":3,"name":"Ekologi\u0161kas griki\u0173 baton\u0117lis su burok\u0117liais ir morkomis, 30 g"}]},{"@type":"WebSite","@id":"https:\/\/www.biopapa.de\/lt\/#website","url":"https:\/\/www.biopapa.de\/lt\/","name":"Biopapa","description":"\u0160var\u016bs ekologi\u0161ki produktai","publisher":{"@id":"https:\/\/www.biopapa.de\/lt\/#organization"},"potentialAction":[{"@type":"SearchAction","target":{"@type":"EntryPoint","urlTemplate":"https:\/\/www.biopapa.de\/lt\/?s={search_term_string}"},"query-input":{"@type":"PropertyValueSpecification","valueRequired":true,"valueName":"search_term_string"}}],"inLanguage":"lt-LT"},{"@type":"Organization","@id":"https:\/\/www.biopapa.de\/lt\/#organization","name":"Biopapa","url":"https:\/\/www.biopapa.de\/lt\/","logo":{"@type":"ImageObject","inLanguage":"lt-LT","@id":"https:\/\/www.biopapa.de\/lt\/#\/schema\/logo\/image\/","url":"https:\/\/www.biopapa.lt\/wp-content\/uploads\/2022\/04\/facebook_biopapa.jpg","contentUrl":"https:\/\/www.biopapa.lt\/wp-content\/uploads\/2022\/04\/facebook_biopapa.jpg","width":1733,"height":907,"caption":"Biopapa"},"image":{"@id":"https:\/\/www.biopapa.de\/lt\/#\/schema\/logo\/image\/"},"sameAs":["https:\/\/www.facebook.com\/biopapa.lt"]}]}},"_links":{"self":[{"href":"https:\/\/www.biopapa.de\/lt\/wp-json\/wp\/v2\/product\/21315","targetHints":{"allow":["GET"]}}],"collection":[{"href":"https:\/\/www.biopapa.de\/lt\/wp-json\/wp\/v2\/product"}],"about":[{"href":"https:\/\/www.biopapa.de\/lt\/wp-json\/wp\/v2\/types\/product"}],"wp:featuredmedia":[{"embeddable":true,"href":"https:\/\/www.biopapa.de\/lt\/wp-json\/wp\/v2\/media\/23090"}],"wp:attachment":[{"href":"https:\/\/www.biopapa.de\/lt\/wp-json\/wp\/v2\/media?parent=21315"}],"wp:term":[{"taxonomy":"product_brand","embeddable":true,"href":"https:\/\/www.biopapa.de\/lt\/wp-json\/wp\/v2\/product_brand?post=21315"},{"taxonomy":"product_cat","embeddable":true,"href":"https:\/\/www.biopapa.de\/lt\/wp-json\/wp\/v2\/product_cat?post=21315"},{"taxonomy":"product_tag","embeddable":true,"href":"https:\/\/www.biopapa.de\/lt\/wp-json\/wp\/v2\/product_tag?post=21315"}],"curies":[{"name":"wp","href":"https:\/\/api.w.org\/{rel}","templated":true}]}}