{"id":21417,"date":"2022-11-22T10:14:34","date_gmt":"2022-11-22T08:14:34","guid":{"rendered":"https:\/\/www.biopapa.lt\/?post_type=product&#038;p=21417"},"modified":"2026-02-04T15:11:44","modified_gmt":"2026-02-04T13:11:44","slug":"ekologiski-maistiniu-mieliu-milteliai","status":"publish","type":"product","link":"https:\/\/www.biopapa.de\/lt\/producte\/ekologiski-maistiniu-mieliu-milteliai\/","title":{"rendered":"Ekologi\u0161ki maistini\u0173 mieli\u0173 milteliai"},"content":{"rendered":"<p><strong>Maistini\u0173 mieli\u0173 milteliai<\/strong> u\u017evald\u0117 kulinarijos pasaul\u012f kaip audra. Deaktyvuotos maistin\u0117s miel\u0117s tapo pagrindine vegan\u0173, vegetar\u0173 ir sveikata besir\u016bpinan\u010di\u0173 asmen\u0173 dieta.<\/p>\n<p><em>Kas yra deaktyvuotos maistines mieles?<\/em><br \/>\nDeaktyvuotos maistin\u0117s miel\u0117s, kaip ir alaus miel\u0117s, gaunamos i\u0161 <em>Saccharomyces cerevisiae<\/em> r\u016b\u0161ies. Ta\u010diau gamybos proceso metu miel\u0117s i\u0161jungiamos, tod\u0117l jos tampa neaktyvios. \u0160is deaktyvavimas vyksta termi\u0161kai apdorojant, tod\u0117l i\u0161saugomas j\u0173 maistinis profilis bet sustabdomas fermentacijos procesas. Rezultatas yra nuostabus, \u0161ios miel\u0117s tur\u012f \u012f s\u016br\u012f pana\u0161\u0173 skonis, tod\u0117l yra puikus pieno ir s\u016brio pakaitalas augalin\u0117s kilm\u0117s dietoje.<\/p>\n<p><em>Galimas \u0161alutinis poveikis<\/em><br \/>\nDeaktyvuotos maistin\u0117s miel\u0117s daugeliui \u017emoni\u0173 yra saugios, kai jos vartojamos saikingai. Ta\u010diau, kaip ir vartojant bet kok\u012f nauj\u0105 maist\u0105, kai kurie \u017emon\u0117s gali patirti nedidel\u012f \u0161alutin\u012f poveik\u012f, pavyzd\u017eiui, vir\u0161kinimo sutrikimus ar alergines reakcijas.<\/p>\n<p><em>Deaktyvuot\u0173 maistini\u0173 mieli\u0173 naudojimas<\/em><br \/>\nD\u0117l maistini\u0173 mieli\u0173 kulinarinio universalumo jos yra m\u0117gstamas ingredientas daugelyje augalin\u0117s kilm\u0117s virtuvi\u0173.<br \/>\n<em>Pikanti\u0161ki prieskoniai:<\/em> pabarstykite mileles ant sprag\u0117si\u0173, skrudint\u0173 dar\u017eovi\u0173 ar makaron\u0173 patiekal\u0173, kad suteiktum\u0117te s\u016brio skon\u012f.<br \/>\n<em>Vegani\u0161kas s\u016brio pada\u017eas:<\/em> sumai\u0161ykite kremin\u012f ir skan\u0173 vegani\u0161k\u0105 s\u016brio pada\u017e\u0105 sumai\u0161ydami maistines mieles su augaliniu pienu ir prieskoniais. Naudokite kaip pada\u017e\u0105 \u012fvairiems patiekalams.<br \/>\n<em>\u012emai\u0161ykite \u012f maist\u0105:<\/em> \u012fmai\u0161ykite maistines mieles \u012f sriubas, tro\u0161kinius ar salot\u0173 pada\u017eus, kad patiekalai b\u016bt\u0173 sodresni.<br \/>\n<em>Augalin\u0117s kilm\u0117s baltym\u0173 papildymas:<\/em> \u012fd\u0117kite \u012f savo kokteilius ar salotas pabarstydami \u0161iek tiek ant vir\u0161aus.<\/p>\n<p>Maistin\u0117s miel\u0117s yra kulinarinis perlas, suteikiantis patiekalams ir skon\u012f, ir maistingum\u0105.<br \/>\nNesvarbu, ar esate augalinio gyvenimo b\u016bdo sek\u0117jas, ar tiesiog norite patobulinti savo mityb\u0105, \u0161is nuostabus ingredientas tikrai u\u017ekariaus j\u016bs\u0173 skonio receptorius. Nepamir\u0161kite rinktis auk\u0161tos kokyb\u0117s ekologi\u0161k\u0105 produkt\u0105 ir m\u0117gaukit\u0117s jos teikiama nauda sveikatai.<br \/>\nKaip ir atliekant bet kokius mitybos poky\u010dius, \u012fsiklausykite \u012f savo k\u016bno reakcij\u0105 ir m\u0117gaukit\u0117s k\u016brybi\u0161kumu j\u016bs\u0173 virtuv\u0117je.<\/p>\n<p><em>\u0160altiniai:<\/em><br \/>\nhttps:\/\/www.healthline.com<br \/>\nhttps:\/\/www.medicalnewstoday.com<\/p>\n<p><em>PASTABA. \u010cia pateikta informacija negali b\u016bti interpretuojama kaip gydymo ar kitokio pob\u016bd\u017eio sveikatos klausim\u0173 sprendimo rekomendacija. Raginame sprendimus, susijusius su asmenine sveikata, priimti asmeni\u0161kai, \u012fvertinus \u012fvairius informacijos \u0161altinius.<\/em><\/p>\n","protected":false},"excerpt":{"rendered":"<p>Maistini\u0173 mieli\u0173 milteliai u\u017evald\u0117 kulinarijos pasaul\u012f kaip audra. Deaktyvuotos maistin\u0117s miel\u0117s tapo pagrindine vegan\u0173, vegetar\u0173 ir sveikata besir\u016bpinan\u010di\u0173 asmen\u0173 dieta.<\/p>\n","protected":false},"featured_media":21427,"template":"","meta":{"_acf_changed":false},"product_brand":[],"product_cat":[1348],"product_tag":[1433,1381,1378],"class_list":{"0":"post-21417","1":"product","2":"type-product","3":"status-publish","4":"has-post-thumbnail","6":"product_cat-mieles","7":"product_tag-baltymu-saltinis","8":"product_tag-be-pridetinio-cukraus","9":"product_tag-veganams","10":"pa_svoris-1-kg","11":"pa_svoris-10-kg","12":"pa_svoris-100-g","13":"pa_svoris-20-kg","14":"pa_svoris-200-g","15":"pa_svoris-300-g","16":"pa_svoris-400-g","17":"pa_svoris-500-g","19":"first","20":"outofstock","21":"shipping-taxable","22":"purchasable","23":"product-type-variable"},"acf":[],"yoast_head":"<!-- This site is optimized with the Yoast SEO plugin v27.5 - https:\/\/yoast.com\/product\/yoast-seo-wordpress\/ -->\n<title>Ekologi\u0161ki maistini\u0173 mieli\u0173 milteliai - Biopapa<\/title>\n<meta name=\"description\" content=\"Ekologi\u0161ki maistini\u0173 mieli\u0173 milteliai, kaip ir alaus miel\u0117s, gaunamos i\u0161 Saccharomyces cerevisiae r\u016b\u0161ies. Mieli\u0173 milteliai turi esmini\u0173 B vitamin\u0173, \u012fskaitant B1, B2, B3, B6 ir B12. \u0160ie vitaminai vaidina svarb\u0173 vaidmen\u012f energijos apykaitai, nerv\u0173 funkcijai ir bendrai gerovei.\" \/>\n<meta name=\"robots\" content=\"index, follow, max-snippet:-1, max-image-preview:large, max-video-preview:-1\" \/>\n<link rel=\"canonical\" href=\"https:\/\/www.biopapa.de\/lt\/producte\/ekologiski-maistiniu-mieliu-milteliai\/\" \/>\n<meta property=\"og:locale\" content=\"lt_LT\" \/>\n<meta property=\"og:type\" content=\"article\" \/>\n<meta property=\"og:title\" content=\"Ekologi\u0161ki maistini\u0173 mieli\u0173 milteliai - Biopapa\" \/>\n<meta property=\"og:description\" content=\"Ekologi\u0161ki maistini\u0173 mieli\u0173 milteliai, kaip ir alaus miel\u0117s, gaunamos i\u0161 Saccharomyces cerevisiae r\u016b\u0161ies. Mieli\u0173 milteliai turi esmini\u0173 B vitamin\u0173, \u012fskaitant B1, B2, B3, B6 ir B12. \u0160ie vitaminai vaidina svarb\u0173 vaidmen\u012f energijos apykaitai, nerv\u0173 funkcijai ir bendrai gerovei.\" \/>\n<meta property=\"og:url\" content=\"https:\/\/www.biopapa.de\/lt\/producte\/ekologiski-maistiniu-mieliu-milteliai\/\" \/>\n<meta property=\"og:site_name\" content=\"Biopapa\" \/>\n<meta property=\"article:publisher\" content=\"https:\/\/www.facebook.com\/biopapa.lt\" \/>\n<meta property=\"article:modified_time\" content=\"2026-02-04T13:11:44+00:00\" \/>\n<meta property=\"og:image\" content=\"https:\/\/www.biopapa.de\/wp-content\/uploads\/2022\/11\/mieliu-milteliai.jpg\" \/>\n\t<meta property=\"og:image:width\" content=\"800\" \/>\n\t<meta property=\"og:image:height\" content=\"640\" \/>\n\t<meta property=\"og:image:type\" content=\"image\/jpeg\" \/>\n<meta name=\"twitter:card\" content=\"summary_large_image\" \/>\n<meta name=\"twitter:label1\" content=\"Est. reading time\" \/>\n\t<meta name=\"twitter:data1\" content=\"1 minut\u0117\" \/>\n<script type=\"application\/ld+json\" class=\"yoast-schema-graph\">{\"@context\":\"https:\\\/\\\/schema.org\",\"@graph\":[{\"@type\":\"WebPage\",\"@id\":\"https:\\\/\\\/www.biopapa.de\\\/lt\\\/producte\\\/ekologiski-maistiniu-mieliu-milteliai\\\/\",\"url\":\"https:\\\/\\\/www.biopapa.de\\\/lt\\\/producte\\\/ekologiski-maistiniu-mieliu-milteliai\\\/\",\"name\":\"Ekologi\u0161ki maistini\u0173 mieli\u0173 milteliai - Biopapa\",\"isPartOf\":{\"@id\":\"https:\\\/\\\/www.biopapa.de\\\/lt\\\/#website\"},\"primaryImageOfPage\":{\"@id\":\"https:\\\/\\\/www.biopapa.de\\\/lt\\\/producte\\\/ekologiski-maistiniu-mieliu-milteliai\\\/#primaryimage\"},\"image\":{\"@id\":\"https:\\\/\\\/www.biopapa.de\\\/lt\\\/producte\\\/ekologiski-maistiniu-mieliu-milteliai\\\/#primaryimage\"},\"thumbnailUrl\":\"https:\\\/\\\/www.biopapa.de\\\/wp-content\\\/uploads\\\/2022\\\/11\\\/mieliu-milteliai.jpg\",\"datePublished\":\"2022-11-22T08:14:34+00:00\",\"dateModified\":\"2026-02-04T13:11:44+00:00\",\"description\":\"Ekologi\u0161ki maistini\u0173 mieli\u0173 milteliai, kaip ir alaus miel\u0117s, gaunamos i\u0161 Saccharomyces cerevisiae r\u016b\u0161ies. Mieli\u0173 milteliai turi esmini\u0173 B vitamin\u0173, \u012fskaitant B1, B2, B3, B6 ir B12. \u0160ie vitaminai vaidina svarb\u0173 vaidmen\u012f energijos apykaitai, nerv\u0173 funkcijai ir bendrai gerovei.\",\"breadcrumb\":{\"@id\":\"https:\\\/\\\/www.biopapa.de\\\/lt\\\/producte\\\/ekologiski-maistiniu-mieliu-milteliai\\\/#breadcrumb\"},\"inLanguage\":\"lt-LT\",\"potentialAction\":[{\"@type\":\"ReadAction\",\"target\":[\"https:\\\/\\\/www.biopapa.de\\\/lt\\\/producte\\\/ekologiski-maistiniu-mieliu-milteliai\\\/\"]}]},{\"@type\":\"ImageObject\",\"inLanguage\":\"lt-LT\",\"@id\":\"https:\\\/\\\/www.biopapa.de\\\/lt\\\/producte\\\/ekologiski-maistiniu-mieliu-milteliai\\\/#primaryimage\",\"url\":\"https:\\\/\\\/www.biopapa.de\\\/wp-content\\\/uploads\\\/2022\\\/11\\\/mieliu-milteliai.jpg\",\"contentUrl\":\"https:\\\/\\\/www.biopapa.de\\\/wp-content\\\/uploads\\\/2022\\\/11\\\/mieliu-milteliai.jpg\",\"width\":800,\"height\":640,\"caption\":\"Ekologi\u0161ki maistini\u0173 mieli\u0173 milteliai\"},{\"@type\":\"BreadcrumbList\",\"@id\":\"https:\\\/\\\/www.biopapa.de\\\/lt\\\/producte\\\/ekologiski-maistiniu-mieliu-milteliai\\\/#breadcrumb\",\"itemListElement\":[{\"@type\":\"ListItem\",\"position\":1,\"name\":\"Home\",\"item\":\"https:\\\/\\\/www.biopapa.de\\\/lt\\\/\"},{\"@type\":\"ListItem\",\"position\":2,\"name\":\"Parduotuv\u0117\",\"item\":\"https:\\\/\\\/www.biopapa.de\\\/parduotuve\\\/\"},{\"@type\":\"ListItem\",\"position\":3,\"name\":\"Ekologi\u0161ki maistini\u0173 mieli\u0173 milteliai\"}]},{\"@type\":\"WebSite\",\"@id\":\"https:\\\/\\\/www.biopapa.de\\\/lt\\\/#website\",\"url\":\"https:\\\/\\\/www.biopapa.de\\\/lt\\\/\",\"name\":\"Biopapa\",\"description\":\"\u0160var\u016bs ekologi\u0161ki produktai\",\"publisher\":{\"@id\":\"https:\\\/\\\/www.biopapa.de\\\/lt\\\/#organization\"},\"potentialAction\":[{\"@type\":\"SearchAction\",\"target\":{\"@type\":\"EntryPoint\",\"urlTemplate\":\"https:\\\/\\\/www.biopapa.de\\\/lt\\\/?s={search_term_string}\"},\"query-input\":{\"@type\":\"PropertyValueSpecification\",\"valueRequired\":true,\"valueName\":\"search_term_string\"}}],\"inLanguage\":\"lt-LT\"},{\"@type\":\"Organization\",\"@id\":\"https:\\\/\\\/www.biopapa.de\\\/lt\\\/#organization\",\"name\":\"Biopapa\",\"url\":\"https:\\\/\\\/www.biopapa.de\\\/lt\\\/\",\"logo\":{\"@type\":\"ImageObject\",\"inLanguage\":\"lt-LT\",\"@id\":\"https:\\\/\\\/www.biopapa.de\\\/lt\\\/#\\\/schema\\\/logo\\\/image\\\/\",\"url\":\"https:\\\/\\\/www.biopapa.lt\\\/wp-content\\\/uploads\\\/2022\\\/04\\\/facebook_biopapa.jpg\",\"contentUrl\":\"https:\\\/\\\/www.biopapa.lt\\\/wp-content\\\/uploads\\\/2022\\\/04\\\/facebook_biopapa.jpg\",\"width\":1733,\"height\":907,\"caption\":\"Biopapa\"},\"image\":{\"@id\":\"https:\\\/\\\/www.biopapa.de\\\/lt\\\/#\\\/schema\\\/logo\\\/image\\\/\"},\"sameAs\":[\"https:\\\/\\\/www.facebook.com\\\/biopapa.lt\"]}]}<\/script>\n<!-- \/ Yoast SEO plugin. -->","yoast_head_json":{"title":"Ekologi\u0161ki maistini\u0173 mieli\u0173 milteliai - Biopapa","description":"Ekologi\u0161ki maistini\u0173 mieli\u0173 milteliai, kaip ir alaus miel\u0117s, gaunamos i\u0161 Saccharomyces cerevisiae r\u016b\u0161ies. Mieli\u0173 milteliai turi esmini\u0173 B vitamin\u0173, \u012fskaitant B1, B2, B3, B6 ir B12. \u0160ie vitaminai vaidina svarb\u0173 vaidmen\u012f energijos apykaitai, nerv\u0173 funkcijai ir bendrai gerovei.","robots":{"index":"index","follow":"follow","max-snippet":"max-snippet:-1","max-image-preview":"max-image-preview:large","max-video-preview":"max-video-preview:-1"},"canonical":"https:\/\/www.biopapa.de\/lt\/producte\/ekologiski-maistiniu-mieliu-milteliai\/","og_locale":"lt_LT","og_type":"article","og_title":"Ekologi\u0161ki maistini\u0173 mieli\u0173 milteliai - Biopapa","og_description":"Ekologi\u0161ki maistini\u0173 mieli\u0173 milteliai, kaip ir alaus miel\u0117s, gaunamos i\u0161 Saccharomyces cerevisiae r\u016b\u0161ies. Mieli\u0173 milteliai turi esmini\u0173 B vitamin\u0173, \u012fskaitant B1, B2, B3, B6 ir B12. \u0160ie vitaminai vaidina svarb\u0173 vaidmen\u012f energijos apykaitai, nerv\u0173 funkcijai ir bendrai gerovei.","og_url":"https:\/\/www.biopapa.de\/lt\/producte\/ekologiski-maistiniu-mieliu-milteliai\/","og_site_name":"Biopapa","article_publisher":"https:\/\/www.facebook.com\/biopapa.lt","article_modified_time":"2026-02-04T13:11:44+00:00","og_image":[{"width":800,"height":640,"url":"https:\/\/www.biopapa.de\/wp-content\/uploads\/2022\/11\/mieliu-milteliai.jpg","type":"image\/jpeg"}],"twitter_card":"summary_large_image","twitter_misc":{"Est. reading time":"1 minut\u0117"},"schema":{"@context":"https:\/\/schema.org","@graph":[{"@type":"WebPage","@id":"https:\/\/www.biopapa.de\/lt\/producte\/ekologiski-maistiniu-mieliu-milteliai\/","url":"https:\/\/www.biopapa.de\/lt\/producte\/ekologiski-maistiniu-mieliu-milteliai\/","name":"Ekologi\u0161ki maistini\u0173 mieli\u0173 milteliai - Biopapa","isPartOf":{"@id":"https:\/\/www.biopapa.de\/lt\/#website"},"primaryImageOfPage":{"@id":"https:\/\/www.biopapa.de\/lt\/producte\/ekologiski-maistiniu-mieliu-milteliai\/#primaryimage"},"image":{"@id":"https:\/\/www.biopapa.de\/lt\/producte\/ekologiski-maistiniu-mieliu-milteliai\/#primaryimage"},"thumbnailUrl":"https:\/\/www.biopapa.de\/wp-content\/uploads\/2022\/11\/mieliu-milteliai.jpg","datePublished":"2022-11-22T08:14:34+00:00","dateModified":"2026-02-04T13:11:44+00:00","description":"Ekologi\u0161ki maistini\u0173 mieli\u0173 milteliai, kaip ir alaus miel\u0117s, gaunamos i\u0161 Saccharomyces cerevisiae r\u016b\u0161ies. Mieli\u0173 milteliai turi esmini\u0173 B vitamin\u0173, \u012fskaitant B1, B2, B3, B6 ir B12. \u0160ie vitaminai vaidina svarb\u0173 vaidmen\u012f energijos apykaitai, nerv\u0173 funkcijai ir bendrai gerovei.","breadcrumb":{"@id":"https:\/\/www.biopapa.de\/lt\/producte\/ekologiski-maistiniu-mieliu-milteliai\/#breadcrumb"},"inLanguage":"lt-LT","potentialAction":[{"@type":"ReadAction","target":["https:\/\/www.biopapa.de\/lt\/producte\/ekologiski-maistiniu-mieliu-milteliai\/"]}]},{"@type":"ImageObject","inLanguage":"lt-LT","@id":"https:\/\/www.biopapa.de\/lt\/producte\/ekologiski-maistiniu-mieliu-milteliai\/#primaryimage","url":"https:\/\/www.biopapa.de\/wp-content\/uploads\/2022\/11\/mieliu-milteliai.jpg","contentUrl":"https:\/\/www.biopapa.de\/wp-content\/uploads\/2022\/11\/mieliu-milteliai.jpg","width":800,"height":640,"caption":"Ekologi\u0161ki maistini\u0173 mieli\u0173 milteliai"},{"@type":"BreadcrumbList","@id":"https:\/\/www.biopapa.de\/lt\/producte\/ekologiski-maistiniu-mieliu-milteliai\/#breadcrumb","itemListElement":[{"@type":"ListItem","position":1,"name":"Home","item":"https:\/\/www.biopapa.de\/lt\/"},{"@type":"ListItem","position":2,"name":"Parduotuv\u0117","item":"https:\/\/www.biopapa.de\/parduotuve\/"},{"@type":"ListItem","position":3,"name":"Ekologi\u0161ki maistini\u0173 mieli\u0173 milteliai"}]},{"@type":"WebSite","@id":"https:\/\/www.biopapa.de\/lt\/#website","url":"https:\/\/www.biopapa.de\/lt\/","name":"Biopapa","description":"\u0160var\u016bs ekologi\u0161ki produktai","publisher":{"@id":"https:\/\/www.biopapa.de\/lt\/#organization"},"potentialAction":[{"@type":"SearchAction","target":{"@type":"EntryPoint","urlTemplate":"https:\/\/www.biopapa.de\/lt\/?s={search_term_string}"},"query-input":{"@type":"PropertyValueSpecification","valueRequired":true,"valueName":"search_term_string"}}],"inLanguage":"lt-LT"},{"@type":"Organization","@id":"https:\/\/www.biopapa.de\/lt\/#organization","name":"Biopapa","url":"https:\/\/www.biopapa.de\/lt\/","logo":{"@type":"ImageObject","inLanguage":"lt-LT","@id":"https:\/\/www.biopapa.de\/lt\/#\/schema\/logo\/image\/","url":"https:\/\/www.biopapa.lt\/wp-content\/uploads\/2022\/04\/facebook_biopapa.jpg","contentUrl":"https:\/\/www.biopapa.lt\/wp-content\/uploads\/2022\/04\/facebook_biopapa.jpg","width":1733,"height":907,"caption":"Biopapa"},"image":{"@id":"https:\/\/www.biopapa.de\/lt\/#\/schema\/logo\/image\/"},"sameAs":["https:\/\/www.facebook.com\/biopapa.lt"]}]}},"_links":{"self":[{"href":"https:\/\/www.biopapa.de\/lt\/wp-json\/wp\/v2\/product\/21417","targetHints":{"allow":["GET"]}}],"collection":[{"href":"https:\/\/www.biopapa.de\/lt\/wp-json\/wp\/v2\/product"}],"about":[{"href":"https:\/\/www.biopapa.de\/lt\/wp-json\/wp\/v2\/types\/product"}],"wp:featuredmedia":[{"embeddable":true,"href":"https:\/\/www.biopapa.de\/lt\/wp-json\/wp\/v2\/media\/21427"}],"wp:attachment":[{"href":"https:\/\/www.biopapa.de\/lt\/wp-json\/wp\/v2\/media?parent=21417"}],"wp:term":[{"taxonomy":"product_brand","embeddable":true,"href":"https:\/\/www.biopapa.de\/lt\/wp-json\/wp\/v2\/product_brand?post=21417"},{"taxonomy":"product_cat","embeddable":true,"href":"https:\/\/www.biopapa.de\/lt\/wp-json\/wp\/v2\/product_cat?post=21417"},{"taxonomy":"product_tag","embeddable":true,"href":"https:\/\/www.biopapa.de\/lt\/wp-json\/wp\/v2\/product_tag?post=21417"}],"curies":[{"name":"wp","href":"https:\/\/api.w.org\/{rel}","templated":true}]}}