{"id":21430,"date":"2022-11-22T15:09:07","date_gmt":"2022-11-22T13:09:07","guid":{"rendered":"https:\/\/www.biopapa.lt\/?post_type=product&#038;p=21430"},"modified":"2026-02-11T10:53:28","modified_gmt":"2026-02-11T08:53:28","slug":"ekologiskas-salto-mct-kokosu-aliejus","status":"publish","type":"product","link":"https:\/\/www.biopapa.de\/lt\/producte\/ekologiskas-salto-mct-kokosu-aliejus\/","title":{"rendered":"Ekologi\u0161kas MCT kokos\u0173 aliejus, 250 ml"},"content":{"rendered":"<p class=\"p1\"><strong>MCT kokos\u0173 aliejus <\/strong>sulauk\u0117 didelio d\u0117mesio d\u0117l savo unikali\u0173 savybi\u0173. MCT kokos\u0173 aliejus yra koncentruota forma vidutin\u0117s grandin\u0117s triglicerid\u0173, bekvapis ir beskonis, tinkamas gaminimui auk\u0161toje temperat\u016broje. MCT aliejuje yra riebal\u0173 r\u016bg\u0161tys, kurias organizmas lengviau vir\u0161kina ir greitai pasisavina, tod\u0117l jos yra efektyvus energijos \u0161altinis.<\/p>\n<p class=\"p1\"><em>Vartojant didelius kiekius MCT kokos\u0173 aliejaus galimas \u0161alutinis poveikis<\/em><br \/>\nVir\u0161kinimas: kai kuriems asmenims, vartojant didelius kiekius MCT kokos\u0173 aliejaus, gali atsirasti vir\u0161kinimo sutrikim\u0173, toki\u0173 kaip viduriavimas ar pikinimas. Atsargiai vartoti jeigu turite vir\u0161kinimo sutrikim\u0173.<br \/>\nKalorijos: MCT kokos\u0173 aliejus yra kaloringas, per didelis vartojimas gali tur\u0117ti \u012ftakos svorio augimui.<br \/>\nVaist\u0173 s\u0105veika: MCT kokos\u0173 aliejus gali s\u0105veikauti su tam tikrais vaistais, paveikti j\u0173 \u012fsisavinim\u0105 ir veiksmingum\u0105.<\/p>\n<p class=\"p1\"><em>Vartojimas<\/em><br \/>\nGaminimas &#8211; MCT kokos\u0173 aliejus yra atsparus auk\u0161tai temperat\u016brai d\u0117l savo chemin\u0117s sud\u0117ties, kuri\u0105 daugiausia sudaro vidutin\u0117s grandin\u0117s trigliceridai (MCT). D\u0117l \u0161io atsparumo auk\u0161tai temperat\u016brai MCT kokos\u0173 aliejus gali atlaikyti auk\u0161tesnes kepimo temperat\u016bras.<br \/>\nMCT aliejus geras paisirinkimas Keto dietai. Keto dietose naudojama daug riebal\u0173 ir ma\u017eai angliavandeni\u0173. MCT aliejuje aliejuje yra daug riebal\u0173 ir n\u0117ra angliavandeni\u0173.<\/p>\n<p><em>Rekomenduojamas vartojimo b\u016bdas:<\/em> rekomenduojame naudoti nuo 1\/2 iki 3 valgom\u0173j\u0173 \u0161auk\u0161t\u0173 aliejaus per dien\u0105.<\/p>\n<p class=\"p1\">Kokteiliai ir Glotnu\u010diai:<br \/>\n\u012e savo m\u0117gstam\u0105 kokteil\u012f \u012fpilkite \u0161auk\u0161t\u0105 MCT kokos\u0173 aliejaus, kad gautum\u0117te papildomos maistin\u0117s naudos ir kr\u0117min\u0119 tekst\u016br\u0105.<br \/>\nSalot\u0173 pada\u017eai:<br \/>\nSukurkite sveikus pada\u017eus, sumai\u0161ydami MCT kokos\u0173 aliej\u0173 su actu ar citrinos sultimis, \u017eolel\u0117mis, prieskoniais.<\/p>\n<p class=\"p1\"><em>PASTABA. \u010cia pateikta informacija negali b\u016bti interpretuojama kaip gydymo ar kitokio pob\u016bd\u017eio sveikatos klausim\u0173 sprendimo rekomendacija. Raginame sprendimus, susijusius su asmenine sveikata, priimti asmeni\u0161kai, \u012fvertinus \u012fvairius informacijos \u0161altinius.<\/em><\/p>\n","protected":false},"excerpt":{"rendered":"<p>MCT kokos\u0173 aliejus sulauk\u0117 didelio d\u0117mesio d\u0117l savo unikali\u0173 savybi\u0173. MCT kokos\u0173 aliejus yra koncentruota forma vidutin\u0117s grandin\u0117s triglicerid\u0173, bekvapis<\/p>\n","protected":false},"featured_media":21432,"template":"","meta":{"_acf_changed":false},"product_brand":[],"product_cat":[1928,1314],"product_tag":[1380,1378,1382],"class_list":{"0":"post-21430","1":"product","2":"type-product","3":"status-publish","4":"has-post-thumbnail","6":"product_cat-aliejus","7":"product_cat-ekologiskas-aliejus-actas","8":"product_tag-keto-mityba","9":"product_tag-veganams","10":"product_tag-zaliavalgiams","12":"first","13":"instock","14":"shipping-taxable","15":"purchasable","16":"product-type-simple"},"acf":[],"yoast_head":"<!-- This site is optimized with the Yoast SEO plugin v27.5 - https:\/\/yoast.com\/product\/yoast-seo-wordpress\/ -->\n<title>Ekologi\u0161kas MCT kokos\u0173 aliejus, 250 ml - Biopapa<\/title>\n<meta name=\"description\" content=\"MCT aliejuje yra riebal\u0173 r\u016bg\u0161tys, kurias organizmas lengviau vir\u0161kina ir greitai pasisavina, tod\u0117l jos yra efektyvus energijos \u0161altinis. MCT kokos\u0173 aliejus yra koncentruota forma vidutin\u0117s grandin\u0117s triglicerid\u0173, bekvapis ir beskonis, tinkamas gaminimui auk\u0161toje temperat\u016broje.\" \/>\n<meta name=\"robots\" content=\"index, follow, max-snippet:-1, max-image-preview:large, max-video-preview:-1\" \/>\n<link rel=\"canonical\" href=\"https:\/\/www.biopapa.de\/lt\/producte\/ekologiskas-salto-mct-kokosu-aliejus\/\" \/>\n<meta property=\"og:locale\" content=\"lt_LT\" \/>\n<meta property=\"og:type\" content=\"article\" \/>\n<meta property=\"og:title\" content=\"Ekologi\u0161kas MCT kokos\u0173 aliejus, 250 ml - Biopapa\" \/>\n<meta property=\"og:description\" content=\"MCT aliejuje yra riebal\u0173 r\u016bg\u0161tys, kurias organizmas lengviau vir\u0161kina ir greitai pasisavina, tod\u0117l jos yra efektyvus energijos \u0161altinis. MCT kokos\u0173 aliejus yra koncentruota forma vidutin\u0117s grandin\u0117s triglicerid\u0173, bekvapis ir beskonis, tinkamas gaminimui auk\u0161toje temperat\u016broje.\" \/>\n<meta property=\"og:url\" content=\"https:\/\/www.biopapa.de\/lt\/producte\/ekologiskas-salto-mct-kokosu-aliejus\/\" \/>\n<meta property=\"og:site_name\" content=\"Biopapa\" \/>\n<meta property=\"article:publisher\" content=\"https:\/\/www.facebook.com\/biopapa.lt\" \/>\n<meta property=\"article:modified_time\" content=\"2026-02-11T08:53:28+00:00\" \/>\n<meta property=\"og:image\" content=\"https:\/\/www.biopapa.de\/wp-content\/uploads\/2022\/11\/Untitled-design-5.png\" \/>\n\t<meta property=\"og:image:width\" content=\"800\" \/>\n\t<meta property=\"og:image:height\" content=\"640\" \/>\n\t<meta property=\"og:image:type\" content=\"image\/png\" \/>\n<meta name=\"twitter:card\" content=\"summary_large_image\" \/>\n<meta name=\"twitter:label1\" content=\"Est. reading time\" \/>\n\t<meta name=\"twitter:data1\" content=\"4 minut\u0117s\" \/>\n<script type=\"application\/ld+json\" class=\"yoast-schema-graph\">{\"@context\":\"https:\\\/\\\/schema.org\",\"@graph\":[{\"@type\":\"WebPage\",\"@id\":\"https:\\\/\\\/www.biopapa.de\\\/lt\\\/producte\\\/ekologiskas-salto-mct-kokosu-aliejus\\\/\",\"url\":\"https:\\\/\\\/www.biopapa.de\\\/lt\\\/producte\\\/ekologiskas-salto-mct-kokosu-aliejus\\\/\",\"name\":\"Ekologi\u0161kas MCT kokos\u0173 aliejus, 250 ml - Biopapa\",\"isPartOf\":{\"@id\":\"https:\\\/\\\/www.biopapa.de\\\/lt\\\/#website\"},\"primaryImageOfPage\":{\"@id\":\"https:\\\/\\\/www.biopapa.de\\\/lt\\\/producte\\\/ekologiskas-salto-mct-kokosu-aliejus\\\/#primaryimage\"},\"image\":{\"@id\":\"https:\\\/\\\/www.biopapa.de\\\/lt\\\/producte\\\/ekologiskas-salto-mct-kokosu-aliejus\\\/#primaryimage\"},\"thumbnailUrl\":\"https:\\\/\\\/www.biopapa.de\\\/wp-content\\\/uploads\\\/2022\\\/11\\\/Untitled-design-5.png\",\"datePublished\":\"2022-11-22T13:09:07+00:00\",\"dateModified\":\"2026-02-11T08:53:28+00:00\",\"description\":\"MCT aliejuje yra riebal\u0173 r\u016bg\u0161tys, kurias organizmas lengviau vir\u0161kina ir greitai pasisavina, tod\u0117l jos yra efektyvus energijos \u0161altinis. MCT kokos\u0173 aliejus yra koncentruota forma vidutin\u0117s grandin\u0117s triglicerid\u0173, bekvapis ir beskonis, tinkamas gaminimui auk\u0161toje temperat\u016broje.\",\"breadcrumb\":{\"@id\":\"https:\\\/\\\/www.biopapa.de\\\/lt\\\/producte\\\/ekologiskas-salto-mct-kokosu-aliejus\\\/#breadcrumb\"},\"inLanguage\":\"lt-LT\",\"potentialAction\":[{\"@type\":\"ReadAction\",\"target\":[\"https:\\\/\\\/www.biopapa.de\\\/lt\\\/producte\\\/ekologiskas-salto-mct-kokosu-aliejus\\\/\"]}]},{\"@type\":\"ImageObject\",\"inLanguage\":\"lt-LT\",\"@id\":\"https:\\\/\\\/www.biopapa.de\\\/lt\\\/producte\\\/ekologiskas-salto-mct-kokosu-aliejus\\\/#primaryimage\",\"url\":\"https:\\\/\\\/www.biopapa.de\\\/wp-content\\\/uploads\\\/2022\\\/11\\\/Untitled-design-5.png\",\"contentUrl\":\"https:\\\/\\\/www.biopapa.de\\\/wp-content\\\/uploads\\\/2022\\\/11\\\/Untitled-design-5.png\",\"width\":800,\"height\":640,\"caption\":\"Ekologi\u0161kas MCT kokos\u0173 aliejus, 250 ml\"},{\"@type\":\"BreadcrumbList\",\"@id\":\"https:\\\/\\\/www.biopapa.de\\\/lt\\\/producte\\\/ekologiskas-salto-mct-kokosu-aliejus\\\/#breadcrumb\",\"itemListElement\":[{\"@type\":\"ListItem\",\"position\":1,\"name\":\"Home\",\"item\":\"https:\\\/\\\/www.biopapa.de\\\/lt\\\/\"},{\"@type\":\"ListItem\",\"position\":2,\"name\":\"Parduotuv\u0117\",\"item\":\"https:\\\/\\\/www.biopapa.de\\\/parduotuve\\\/\"},{\"@type\":\"ListItem\",\"position\":3,\"name\":\"Ekologi\u0161kas MCT kokos\u0173 aliejus, 250 ml\"}]},{\"@type\":\"WebSite\",\"@id\":\"https:\\\/\\\/www.biopapa.de\\\/lt\\\/#website\",\"url\":\"https:\\\/\\\/www.biopapa.de\\\/lt\\\/\",\"name\":\"Biopapa\",\"description\":\"\u0160var\u016bs ekologi\u0161ki produktai\",\"publisher\":{\"@id\":\"https:\\\/\\\/www.biopapa.de\\\/lt\\\/#organization\"},\"potentialAction\":[{\"@type\":\"SearchAction\",\"target\":{\"@type\":\"EntryPoint\",\"urlTemplate\":\"https:\\\/\\\/www.biopapa.de\\\/lt\\\/?s={search_term_string}\"},\"query-input\":{\"@type\":\"PropertyValueSpecification\",\"valueRequired\":true,\"valueName\":\"search_term_string\"}}],\"inLanguage\":\"lt-LT\"},{\"@type\":\"Organization\",\"@id\":\"https:\\\/\\\/www.biopapa.de\\\/lt\\\/#organization\",\"name\":\"Biopapa\",\"url\":\"https:\\\/\\\/www.biopapa.de\\\/lt\\\/\",\"logo\":{\"@type\":\"ImageObject\",\"inLanguage\":\"lt-LT\",\"@id\":\"https:\\\/\\\/www.biopapa.de\\\/lt\\\/#\\\/schema\\\/logo\\\/image\\\/\",\"url\":\"https:\\\/\\\/www.biopapa.lt\\\/wp-content\\\/uploads\\\/2022\\\/04\\\/facebook_biopapa.jpg\",\"contentUrl\":\"https:\\\/\\\/www.biopapa.lt\\\/wp-content\\\/uploads\\\/2022\\\/04\\\/facebook_biopapa.jpg\",\"width\":1733,\"height\":907,\"caption\":\"Biopapa\"},\"image\":{\"@id\":\"https:\\\/\\\/www.biopapa.de\\\/lt\\\/#\\\/schema\\\/logo\\\/image\\\/\"},\"sameAs\":[\"https:\\\/\\\/www.facebook.com\\\/biopapa.lt\"]}]}<\/script>\n<!-- \/ Yoast SEO plugin. -->","yoast_head_json":{"title":"Ekologi\u0161kas MCT kokos\u0173 aliejus, 250 ml - Biopapa","description":"MCT aliejuje yra riebal\u0173 r\u016bg\u0161tys, kurias organizmas lengviau vir\u0161kina ir greitai pasisavina, tod\u0117l jos yra efektyvus energijos \u0161altinis. MCT kokos\u0173 aliejus yra koncentruota forma vidutin\u0117s grandin\u0117s triglicerid\u0173, bekvapis ir beskonis, tinkamas gaminimui auk\u0161toje temperat\u016broje.","robots":{"index":"index","follow":"follow","max-snippet":"max-snippet:-1","max-image-preview":"max-image-preview:large","max-video-preview":"max-video-preview:-1"},"canonical":"https:\/\/www.biopapa.de\/lt\/producte\/ekologiskas-salto-mct-kokosu-aliejus\/","og_locale":"lt_LT","og_type":"article","og_title":"Ekologi\u0161kas MCT kokos\u0173 aliejus, 250 ml - Biopapa","og_description":"MCT aliejuje yra riebal\u0173 r\u016bg\u0161tys, kurias organizmas lengviau vir\u0161kina ir greitai pasisavina, tod\u0117l jos yra efektyvus energijos \u0161altinis. MCT kokos\u0173 aliejus yra koncentruota forma vidutin\u0117s grandin\u0117s triglicerid\u0173, bekvapis ir beskonis, tinkamas gaminimui auk\u0161toje temperat\u016broje.","og_url":"https:\/\/www.biopapa.de\/lt\/producte\/ekologiskas-salto-mct-kokosu-aliejus\/","og_site_name":"Biopapa","article_publisher":"https:\/\/www.facebook.com\/biopapa.lt","article_modified_time":"2026-02-11T08:53:28+00:00","og_image":[{"width":800,"height":640,"url":"https:\/\/www.biopapa.de\/wp-content\/uploads\/2022\/11\/Untitled-design-5.png","type":"image\/png"}],"twitter_card":"summary_large_image","twitter_misc":{"Est. reading time":"4 minut\u0117s"},"schema":{"@context":"https:\/\/schema.org","@graph":[{"@type":"WebPage","@id":"https:\/\/www.biopapa.de\/lt\/producte\/ekologiskas-salto-mct-kokosu-aliejus\/","url":"https:\/\/www.biopapa.de\/lt\/producte\/ekologiskas-salto-mct-kokosu-aliejus\/","name":"Ekologi\u0161kas MCT kokos\u0173 aliejus, 250 ml - Biopapa","isPartOf":{"@id":"https:\/\/www.biopapa.de\/lt\/#website"},"primaryImageOfPage":{"@id":"https:\/\/www.biopapa.de\/lt\/producte\/ekologiskas-salto-mct-kokosu-aliejus\/#primaryimage"},"image":{"@id":"https:\/\/www.biopapa.de\/lt\/producte\/ekologiskas-salto-mct-kokosu-aliejus\/#primaryimage"},"thumbnailUrl":"https:\/\/www.biopapa.de\/wp-content\/uploads\/2022\/11\/Untitled-design-5.png","datePublished":"2022-11-22T13:09:07+00:00","dateModified":"2026-02-11T08:53:28+00:00","description":"MCT aliejuje yra riebal\u0173 r\u016bg\u0161tys, kurias organizmas lengviau vir\u0161kina ir greitai pasisavina, tod\u0117l jos yra efektyvus energijos \u0161altinis. MCT kokos\u0173 aliejus yra koncentruota forma vidutin\u0117s grandin\u0117s triglicerid\u0173, bekvapis ir beskonis, tinkamas gaminimui auk\u0161toje temperat\u016broje.","breadcrumb":{"@id":"https:\/\/www.biopapa.de\/lt\/producte\/ekologiskas-salto-mct-kokosu-aliejus\/#breadcrumb"},"inLanguage":"lt-LT","potentialAction":[{"@type":"ReadAction","target":["https:\/\/www.biopapa.de\/lt\/producte\/ekologiskas-salto-mct-kokosu-aliejus\/"]}]},{"@type":"ImageObject","inLanguage":"lt-LT","@id":"https:\/\/www.biopapa.de\/lt\/producte\/ekologiskas-salto-mct-kokosu-aliejus\/#primaryimage","url":"https:\/\/www.biopapa.de\/wp-content\/uploads\/2022\/11\/Untitled-design-5.png","contentUrl":"https:\/\/www.biopapa.de\/wp-content\/uploads\/2022\/11\/Untitled-design-5.png","width":800,"height":640,"caption":"Ekologi\u0161kas MCT kokos\u0173 aliejus, 250 ml"},{"@type":"BreadcrumbList","@id":"https:\/\/www.biopapa.de\/lt\/producte\/ekologiskas-salto-mct-kokosu-aliejus\/#breadcrumb","itemListElement":[{"@type":"ListItem","position":1,"name":"Home","item":"https:\/\/www.biopapa.de\/lt\/"},{"@type":"ListItem","position":2,"name":"Parduotuv\u0117","item":"https:\/\/www.biopapa.de\/parduotuve\/"},{"@type":"ListItem","position":3,"name":"Ekologi\u0161kas MCT kokos\u0173 aliejus, 250 ml"}]},{"@type":"WebSite","@id":"https:\/\/www.biopapa.de\/lt\/#website","url":"https:\/\/www.biopapa.de\/lt\/","name":"Biopapa","description":"\u0160var\u016bs ekologi\u0161ki produktai","publisher":{"@id":"https:\/\/www.biopapa.de\/lt\/#organization"},"potentialAction":[{"@type":"SearchAction","target":{"@type":"EntryPoint","urlTemplate":"https:\/\/www.biopapa.de\/lt\/?s={search_term_string}"},"query-input":{"@type":"PropertyValueSpecification","valueRequired":true,"valueName":"search_term_string"}}],"inLanguage":"lt-LT"},{"@type":"Organization","@id":"https:\/\/www.biopapa.de\/lt\/#organization","name":"Biopapa","url":"https:\/\/www.biopapa.de\/lt\/","logo":{"@type":"ImageObject","inLanguage":"lt-LT","@id":"https:\/\/www.biopapa.de\/lt\/#\/schema\/logo\/image\/","url":"https:\/\/www.biopapa.lt\/wp-content\/uploads\/2022\/04\/facebook_biopapa.jpg","contentUrl":"https:\/\/www.biopapa.lt\/wp-content\/uploads\/2022\/04\/facebook_biopapa.jpg","width":1733,"height":907,"caption":"Biopapa"},"image":{"@id":"https:\/\/www.biopapa.de\/lt\/#\/schema\/logo\/image\/"},"sameAs":["https:\/\/www.facebook.com\/biopapa.lt"]}]}},"_links":{"self":[{"href":"https:\/\/www.biopapa.de\/lt\/wp-json\/wp\/v2\/product\/21430","targetHints":{"allow":["GET"]}}],"collection":[{"href":"https:\/\/www.biopapa.de\/lt\/wp-json\/wp\/v2\/product"}],"about":[{"href":"https:\/\/www.biopapa.de\/lt\/wp-json\/wp\/v2\/types\/product"}],"wp:featuredmedia":[{"embeddable":true,"href":"https:\/\/www.biopapa.de\/lt\/wp-json\/wp\/v2\/media\/21432"}],"wp:attachment":[{"href":"https:\/\/www.biopapa.de\/lt\/wp-json\/wp\/v2\/media?parent=21430"}],"wp:term":[{"taxonomy":"product_brand","embeddable":true,"href":"https:\/\/www.biopapa.de\/lt\/wp-json\/wp\/v2\/product_brand?post=21430"},{"taxonomy":"product_cat","embeddable":true,"href":"https:\/\/www.biopapa.de\/lt\/wp-json\/wp\/v2\/product_cat?post=21430"},{"taxonomy":"product_tag","embeddable":true,"href":"https:\/\/www.biopapa.de\/lt\/wp-json\/wp\/v2\/product_tag?post=21430"}],"curies":[{"name":"wp","href":"https:\/\/api.w.org\/{rel}","templated":true}]}}