{"id":21475,"date":"2022-11-25T17:39:38","date_gmt":"2022-11-25T15:39:38","guid":{"rendered":"https:\/\/www.biopapa.lt\/?post_type=product&#038;p=21475"},"modified":"2026-03-12T10:07:37","modified_gmt":"2026-03-12T08:07:37","slug":"ekologiski-ceremonines-kakavos-milteliai-raw-nenuriebinti","status":"publish","type":"product","link":"https:\/\/www.biopapa.de\/lt\/producte\/ekologiski-ceremonines-kakavos-milteliai-raw-nenuriebinti\/","title":{"rendered":"Ekologi\u0161ki Ceremonin\u0117s kakavos milteliai RAW (nenuriebinti)"},"content":{"rendered":"<p>Kakava (Theobroma cocoa L.) atsirado Centrin\u0117je Amerikoje. Majai, actekai ir kitos tautos vartojo kakavos g\u0117rimus, pana\u0161ius \u012f\u00a0tejate\u00a0arba\u00a0pozole\u00a0g\u0117rimus, kurie vis dar gaminami Meksikoje ir Centrin\u0117je Amerikoje.<br \/>\n\u0160ios senov\u0117s civilizacijos ne tik vartojo kakav\u0105 kaip g\u0117rim\u0105, bet ir laik\u0117 j\u0105 \u0161venta, naudodamos ritualuose ir ceremonijose. Kakavos pupel\u0117s buvo taip vertinamos, kad buvo naudojamos kaip valiuta ir u\u017e\u0117m\u0117 pagrindin\u0119 viet\u0105 kult\u016brin\u0117je ir dvasin\u0117je praktikoje. \u0160iandien apeigin\u0117s kakavos tradicija klesti ir toliau, nes \u017emon\u0117s visame pasaulyje i\u0161 naujo atranda jos emocinio gydymo ir dvasinio ry\u0161io potencial\u0105.<\/p>\n<p>Teigiama, kad kakavos pupel\u0117se yra jungini\u0173, sukurian\u010di\u0173 laim\u0117s, malonumo ir net lengvos euforijos jausm\u0105. Tai gali prisid\u0117ti prie geresn\u0117s nuotaikos ir gerov\u0117s.<br \/>\nTaip pat manoma, kad gali pad\u0117ti pagerinti susikaupim\u0105, tod\u0117l bus naudinga atliekant u\u017eduotis, kurioms reikia proto ai\u0161kumo. Kakava yra puikus \u0161altinis \u012fvairi\u0173 meneral\u0173.<br \/>\nKakava siejama su afrodiziako poveikiu, sustiprinan\u010diu romanti\u0161kus ir jausmingus potyrius.<\/p>\n<p>Savyb\u0117s<br \/>\nKakavos milteliai, pagaminti i\u0161 neskrudint\u0173, fermentuot\u0173, saul\u0117je d\u017eiovint\u0173 kakavos pupeli\u0173, kuri\u0173 dr\u0117gm\u0117s kiekis yra 6,59%.<br \/>\nBe pa\u0161alini\u0173 skoni\u0173, kvapo, perteklinio r\u016bg\u0161tingumo, perteklinio kartumo ar sutraukian\u010dio poveikio.<\/p>\n<p>D\u0117mesio<br \/>\nKakavoje nat\u016braliai yra kofeino ir teobromino. Nors kiekiai ma\u017eesni nei kavoje, tie kas jautr\u016bs kofeinui gali jausti nerim\u0105, nervingum\u0105 ar nemig\u0105.<br \/>\nPer didelis kakavos vartojimas gali sukelti vir\u0161kinimo sutrikimus, \u012fskaitant pykinim\u0105 ar viduriavim\u0105, galvos skausmus,<br \/>\nKakava gali s\u0105veikauti su tam tikrais vaistais, ypa\u010d su antidepresantais, b\u016bkite atid\u016bs.<\/p>\n<p>Naudojimas<br \/>\nKasdien vartojant kakavos 30 g yra daugiau nei pakankamai. Labai svarbu prad\u0117ti nuo ma\u017eesnio kiekio ir palaipsniui didinti, kad b\u016bt\u0173 nustatyta optimali doz\u0117, nes individualios reakcijos gali labai skirtis.<br \/>\nKakav\u0105 paprastai saugu vartoti n\u0117\u0161tumo metu, ta\u010diau dideli\u0173 porcij\u0173 nerekomenduojame. Svarbu steb\u0117ti suvartojamo kakavos kiek\u012f.<\/p>\n<p>Kar\u0161tas \u0161okoladas<br \/>\nKakavos miltelius\u00a0 i\u0161tirpinti kar\u0161tame inde ir u\u017epylus \u0161iltu (ne verdan\u010diu) vandeniu suplakti blenderiu.<br \/>\nGardinti galima su\u00a0kokos\u0173 pieno milteliais\u00a0arba augaliniu \u2013\u00a0avi\u017e\u0173,\u00a0migdol\u0173,\u00a0kokos\u0173\u00a0g\u0117rimu.<br \/>\nSaldinkite su savo m\u0117gstamu saldikliu ir eksperimentuokite su prieskoniais \u2013 vanile, cinamonu, kardamonu, kajeno pipirais.<\/p>\n<p>Pasigaminkite \u0161okolad\u0105 namuose<br \/>\nKakavos miltelius i\u0161tirpinkite kar\u0161tame inde su kokos\u0173 pieno milteliais, ar, tarkime, rie\u0161ut\u0173 sviestu (ne su vandeniu, ar augaliniu pienu) ir i\u0161pilstyti \u012f formeles. Atv\u0117sinus \u012f \u0161aldytuve, gal\u0117site m\u0117gautis auk\u0161tos kokyb\u0117s \u0161okoladu.<br \/>\nPabarstykite ant pusry\u010di\u0173 ko\u0161\u0117s, kokteilio ar salot\u0173.<\/p>\n<p>\u0160altiniai<br \/>\nhttps:\/\/cacaolaboratory.com<br \/>\nhttps:\/\/www.sciencedirect.com<br \/>\nhttps:\/\/www.thechocolatejournalist.com<\/p>\n<p><em>PASTABA.\u00a0\u010cia pateikta informacija negali b\u016bti interpretuojama kaip gydymo ar kitokio pob\u016bd\u017eio sveikatos klausim\u0173 sprendimo rekomendacija. Raginame sprendimus, susijusius su asmenine sveikata, priimti asmeni\u0161kai, \u012fvertinus \u012fvairius informacijos \u0161altinius.<\/em><\/p>\n","protected":false},"excerpt":{"rendered":"<p>Kakava (Theobroma cocoa L.) atsirado Centrin\u0117je Amerikoje. Majai, actekai ir kitos tautos vartojo kakavos g\u0117rimus, pana\u0161ius \u012f\u00a0tejate\u00a0arba\u00a0pozole\u00a0g\u0117rimus, kurie vis dar<\/p>\n","protected":false},"featured_media":22798,"template":"","meta":{"_acf_changed":false},"product_brand":[],"product_cat":[1265,1909],"product_tag":[1380,1378,1382],"class_list":{"0":"post-21475","1":"product","2":"type-product","3":"status-publish","4":"has-post-thumbnail","6":"product_cat-ekologiska-kakava-arbata-kava","7":"product_cat-kakava","8":"product_tag-keto-mityba","9":"product_tag-veganams","10":"product_tag-zaliavalgiams","11":"pa_svoris-1-kg","12":"pa_svoris-100-g","13":"pa_svoris-200-g","14":"pa_svoris-300-g","15":"pa_svoris-400-g","16":"pa_svoris-500-g","18":"first","19":"instock","20":"shipping-taxable","21":"purchasable","22":"product-type-variable"},"acf":[],"yoast_head":"<!-- This site is optimized with the Yoast SEO plugin v27.5 - https:\/\/yoast.com\/product\/yoast-seo-wordpress\/ -->\n<title>Ekologi\u0161ki Ceremonin\u0117s kakavos milteliai RAW (nenuriebinti) - Biopapa<\/title>\n<meta name=\"description\" content=\"Ekologi\u0161ki kakavos milteliai, gauti i\u0161 auk\u0161\u010diausios kokyb\u0117s kakavos pupeli\u0173.\" \/>\n<meta name=\"robots\" content=\"index, follow, max-snippet:-1, max-image-preview:large, max-video-preview:-1\" \/>\n<link rel=\"canonical\" href=\"https:\/\/www.biopapa.de\/lt\/producte\/ekologiski-ceremonines-kakavos-milteliai-raw-nenuriebinti\/\" \/>\n<meta property=\"og:locale\" content=\"lt_LT\" \/>\n<meta property=\"og:type\" content=\"article\" \/>\n<meta property=\"og:title\" content=\"Ekologi\u0161ki Ceremonin\u0117s kakavos milteliai RAW (nenuriebinti) - Biopapa\" \/>\n<meta property=\"og:description\" content=\"Ekologi\u0161ki kakavos milteliai, gauti i\u0161 auk\u0161\u010diausios kokyb\u0117s kakavos pupeli\u0173.\" \/>\n<meta property=\"og:url\" content=\"https:\/\/www.biopapa.de\/lt\/producte\/ekologiski-ceremonines-kakavos-milteliai-raw-nenuriebinti\/\" \/>\n<meta property=\"og:site_name\" content=\"Biopapa\" \/>\n<meta property=\"article:publisher\" content=\"https:\/\/www.facebook.com\/biopapa.lt\" \/>\n<meta property=\"article:modified_time\" content=\"2026-03-12T08:07:37+00:00\" \/>\n<meta property=\"og:image\" content=\"https:\/\/www.biopapa.de\/wp-content\/uploads\/2022\/11\/Ekologiski-kakavos-milteliai-RAW-nenuriebinti-1.png\" \/>\n\t<meta property=\"og:image:width\" content=\"800\" \/>\n\t<meta property=\"og:image:height\" content=\"640\" \/>\n\t<meta property=\"og:image:type\" content=\"image\/png\" \/>\n<meta name=\"twitter:card\" content=\"summary_large_image\" \/>\n<meta name=\"twitter:label1\" content=\"Est. reading time\" \/>\n\t<meta name=\"twitter:data1\" content=\"2 minut\u0117s\" \/>\n<script type=\"application\/ld+json\" class=\"yoast-schema-graph\">{\"@context\":\"https:\\\/\\\/schema.org\",\"@graph\":[{\"@type\":\"WebPage\",\"@id\":\"https:\\\/\\\/www.biopapa.de\\\/lt\\\/producte\\\/ekologiski-ceremonines-kakavos-milteliai-raw-nenuriebinti\\\/\",\"url\":\"https:\\\/\\\/www.biopapa.de\\\/lt\\\/producte\\\/ekologiski-ceremonines-kakavos-milteliai-raw-nenuriebinti\\\/\",\"name\":\"Ekologi\u0161ki Ceremonin\u0117s kakavos milteliai RAW (nenuriebinti) - Biopapa\",\"isPartOf\":{\"@id\":\"https:\\\/\\\/www.biopapa.de\\\/lt\\\/#website\"},\"primaryImageOfPage\":{\"@id\":\"https:\\\/\\\/www.biopapa.de\\\/lt\\\/producte\\\/ekologiski-ceremonines-kakavos-milteliai-raw-nenuriebinti\\\/#primaryimage\"},\"image\":{\"@id\":\"https:\\\/\\\/www.biopapa.de\\\/lt\\\/producte\\\/ekologiski-ceremonines-kakavos-milteliai-raw-nenuriebinti\\\/#primaryimage\"},\"thumbnailUrl\":\"https:\\\/\\\/www.biopapa.de\\\/wp-content\\\/uploads\\\/2022\\\/11\\\/Ekologiski-kakavos-milteliai-RAW-nenuriebinti-1.png\",\"datePublished\":\"2022-11-25T15:39:38+00:00\",\"dateModified\":\"2026-03-12T08:07:37+00:00\",\"description\":\"Ekologi\u0161ki kakavos milteliai, gauti i\u0161 auk\u0161\u010diausios kokyb\u0117s kakavos pupeli\u0173.\",\"breadcrumb\":{\"@id\":\"https:\\\/\\\/www.biopapa.de\\\/lt\\\/producte\\\/ekologiski-ceremonines-kakavos-milteliai-raw-nenuriebinti\\\/#breadcrumb\"},\"inLanguage\":\"lt-LT\",\"potentialAction\":[{\"@type\":\"ReadAction\",\"target\":[\"https:\\\/\\\/www.biopapa.de\\\/lt\\\/producte\\\/ekologiski-ceremonines-kakavos-milteliai-raw-nenuriebinti\\\/\"]}]},{\"@type\":\"ImageObject\",\"inLanguage\":\"lt-LT\",\"@id\":\"https:\\\/\\\/www.biopapa.de\\\/lt\\\/producte\\\/ekologiski-ceremonines-kakavos-milteliai-raw-nenuriebinti\\\/#primaryimage\",\"url\":\"https:\\\/\\\/www.biopapa.de\\\/wp-content\\\/uploads\\\/2022\\\/11\\\/Ekologiski-kakavos-milteliai-RAW-nenuriebinti-1.png\",\"contentUrl\":\"https:\\\/\\\/www.biopapa.de\\\/wp-content\\\/uploads\\\/2022\\\/11\\\/Ekologiski-kakavos-milteliai-RAW-nenuriebinti-1.png\",\"width\":800,\"height\":640,\"caption\":\"Ekologi\u0161ki Ceremonin\u0117s kakavos milteliai RAW (nenuriebinti)\"},{\"@type\":\"BreadcrumbList\",\"@id\":\"https:\\\/\\\/www.biopapa.de\\\/lt\\\/producte\\\/ekologiski-ceremonines-kakavos-milteliai-raw-nenuriebinti\\\/#breadcrumb\",\"itemListElement\":[{\"@type\":\"ListItem\",\"position\":1,\"name\":\"Home\",\"item\":\"https:\\\/\\\/www.biopapa.de\\\/lt\\\/\"},{\"@type\":\"ListItem\",\"position\":2,\"name\":\"Parduotuv\u0117\",\"item\":\"https:\\\/\\\/www.biopapa.de\\\/parduotuve\\\/\"},{\"@type\":\"ListItem\",\"position\":3,\"name\":\"Ekologi\u0161ki Ceremonin\u0117s kakavos milteliai RAW (nenuriebinti)\"}]},{\"@type\":\"WebSite\",\"@id\":\"https:\\\/\\\/www.biopapa.de\\\/lt\\\/#website\",\"url\":\"https:\\\/\\\/www.biopapa.de\\\/lt\\\/\",\"name\":\"Biopapa\",\"description\":\"\u0160var\u016bs ekologi\u0161ki produktai\",\"publisher\":{\"@id\":\"https:\\\/\\\/www.biopapa.de\\\/lt\\\/#organization\"},\"potentialAction\":[{\"@type\":\"SearchAction\",\"target\":{\"@type\":\"EntryPoint\",\"urlTemplate\":\"https:\\\/\\\/www.biopapa.de\\\/lt\\\/?s={search_term_string}\"},\"query-input\":{\"@type\":\"PropertyValueSpecification\",\"valueRequired\":true,\"valueName\":\"search_term_string\"}}],\"inLanguage\":\"lt-LT\"},{\"@type\":\"Organization\",\"@id\":\"https:\\\/\\\/www.biopapa.de\\\/lt\\\/#organization\",\"name\":\"Biopapa\",\"url\":\"https:\\\/\\\/www.biopapa.de\\\/lt\\\/\",\"logo\":{\"@type\":\"ImageObject\",\"inLanguage\":\"lt-LT\",\"@id\":\"https:\\\/\\\/www.biopapa.de\\\/lt\\\/#\\\/schema\\\/logo\\\/image\\\/\",\"url\":\"https:\\\/\\\/www.biopapa.lt\\\/wp-content\\\/uploads\\\/2022\\\/04\\\/facebook_biopapa.jpg\",\"contentUrl\":\"https:\\\/\\\/www.biopapa.lt\\\/wp-content\\\/uploads\\\/2022\\\/04\\\/facebook_biopapa.jpg\",\"width\":1733,\"height\":907,\"caption\":\"Biopapa\"},\"image\":{\"@id\":\"https:\\\/\\\/www.biopapa.de\\\/lt\\\/#\\\/schema\\\/logo\\\/image\\\/\"},\"sameAs\":[\"https:\\\/\\\/www.facebook.com\\\/biopapa.lt\"]}]}<\/script>\n<!-- \/ Yoast SEO plugin. -->","yoast_head_json":{"title":"Ekologi\u0161ki Ceremonin\u0117s kakavos milteliai RAW (nenuriebinti) - Biopapa","description":"Ekologi\u0161ki kakavos milteliai, gauti i\u0161 auk\u0161\u010diausios kokyb\u0117s kakavos pupeli\u0173.","robots":{"index":"index","follow":"follow","max-snippet":"max-snippet:-1","max-image-preview":"max-image-preview:large","max-video-preview":"max-video-preview:-1"},"canonical":"https:\/\/www.biopapa.de\/lt\/producte\/ekologiski-ceremonines-kakavos-milteliai-raw-nenuriebinti\/","og_locale":"lt_LT","og_type":"article","og_title":"Ekologi\u0161ki Ceremonin\u0117s kakavos milteliai RAW (nenuriebinti) - Biopapa","og_description":"Ekologi\u0161ki kakavos milteliai, gauti i\u0161 auk\u0161\u010diausios kokyb\u0117s kakavos pupeli\u0173.","og_url":"https:\/\/www.biopapa.de\/lt\/producte\/ekologiski-ceremonines-kakavos-milteliai-raw-nenuriebinti\/","og_site_name":"Biopapa","article_publisher":"https:\/\/www.facebook.com\/biopapa.lt","article_modified_time":"2026-03-12T08:07:37+00:00","og_image":[{"width":800,"height":640,"url":"https:\/\/www.biopapa.de\/wp-content\/uploads\/2022\/11\/Ekologiski-kakavos-milteliai-RAW-nenuriebinti-1.png","type":"image\/png"}],"twitter_card":"summary_large_image","twitter_misc":{"Est. reading time":"2 minut\u0117s"},"schema":{"@context":"https:\/\/schema.org","@graph":[{"@type":"WebPage","@id":"https:\/\/www.biopapa.de\/lt\/producte\/ekologiski-ceremonines-kakavos-milteliai-raw-nenuriebinti\/","url":"https:\/\/www.biopapa.de\/lt\/producte\/ekologiski-ceremonines-kakavos-milteliai-raw-nenuriebinti\/","name":"Ekologi\u0161ki Ceremonin\u0117s kakavos milteliai RAW (nenuriebinti) - Biopapa","isPartOf":{"@id":"https:\/\/www.biopapa.de\/lt\/#website"},"primaryImageOfPage":{"@id":"https:\/\/www.biopapa.de\/lt\/producte\/ekologiski-ceremonines-kakavos-milteliai-raw-nenuriebinti\/#primaryimage"},"image":{"@id":"https:\/\/www.biopapa.de\/lt\/producte\/ekologiski-ceremonines-kakavos-milteliai-raw-nenuriebinti\/#primaryimage"},"thumbnailUrl":"https:\/\/www.biopapa.de\/wp-content\/uploads\/2022\/11\/Ekologiski-kakavos-milteliai-RAW-nenuriebinti-1.png","datePublished":"2022-11-25T15:39:38+00:00","dateModified":"2026-03-12T08:07:37+00:00","description":"Ekologi\u0161ki kakavos milteliai, gauti i\u0161 auk\u0161\u010diausios kokyb\u0117s kakavos pupeli\u0173.","breadcrumb":{"@id":"https:\/\/www.biopapa.de\/lt\/producte\/ekologiski-ceremonines-kakavos-milteliai-raw-nenuriebinti\/#breadcrumb"},"inLanguage":"lt-LT","potentialAction":[{"@type":"ReadAction","target":["https:\/\/www.biopapa.de\/lt\/producte\/ekologiski-ceremonines-kakavos-milteliai-raw-nenuriebinti\/"]}]},{"@type":"ImageObject","inLanguage":"lt-LT","@id":"https:\/\/www.biopapa.de\/lt\/producte\/ekologiski-ceremonines-kakavos-milteliai-raw-nenuriebinti\/#primaryimage","url":"https:\/\/www.biopapa.de\/wp-content\/uploads\/2022\/11\/Ekologiski-kakavos-milteliai-RAW-nenuriebinti-1.png","contentUrl":"https:\/\/www.biopapa.de\/wp-content\/uploads\/2022\/11\/Ekologiski-kakavos-milteliai-RAW-nenuriebinti-1.png","width":800,"height":640,"caption":"Ekologi\u0161ki Ceremonin\u0117s kakavos milteliai RAW (nenuriebinti)"},{"@type":"BreadcrumbList","@id":"https:\/\/www.biopapa.de\/lt\/producte\/ekologiski-ceremonines-kakavos-milteliai-raw-nenuriebinti\/#breadcrumb","itemListElement":[{"@type":"ListItem","position":1,"name":"Home","item":"https:\/\/www.biopapa.de\/lt\/"},{"@type":"ListItem","position":2,"name":"Parduotuv\u0117","item":"https:\/\/www.biopapa.de\/parduotuve\/"},{"@type":"ListItem","position":3,"name":"Ekologi\u0161ki Ceremonin\u0117s kakavos milteliai RAW (nenuriebinti)"}]},{"@type":"WebSite","@id":"https:\/\/www.biopapa.de\/lt\/#website","url":"https:\/\/www.biopapa.de\/lt\/","name":"Biopapa","description":"\u0160var\u016bs ekologi\u0161ki produktai","publisher":{"@id":"https:\/\/www.biopapa.de\/lt\/#organization"},"potentialAction":[{"@type":"SearchAction","target":{"@type":"EntryPoint","urlTemplate":"https:\/\/www.biopapa.de\/lt\/?s={search_term_string}"},"query-input":{"@type":"PropertyValueSpecification","valueRequired":true,"valueName":"search_term_string"}}],"inLanguage":"lt-LT"},{"@type":"Organization","@id":"https:\/\/www.biopapa.de\/lt\/#organization","name":"Biopapa","url":"https:\/\/www.biopapa.de\/lt\/","logo":{"@type":"ImageObject","inLanguage":"lt-LT","@id":"https:\/\/www.biopapa.de\/lt\/#\/schema\/logo\/image\/","url":"https:\/\/www.biopapa.lt\/wp-content\/uploads\/2022\/04\/facebook_biopapa.jpg","contentUrl":"https:\/\/www.biopapa.lt\/wp-content\/uploads\/2022\/04\/facebook_biopapa.jpg","width":1733,"height":907,"caption":"Biopapa"},"image":{"@id":"https:\/\/www.biopapa.de\/lt\/#\/schema\/logo\/image\/"},"sameAs":["https:\/\/www.facebook.com\/biopapa.lt"]}]}},"_links":{"self":[{"href":"https:\/\/www.biopapa.de\/lt\/wp-json\/wp\/v2\/product\/21475","targetHints":{"allow":["GET"]}}],"collection":[{"href":"https:\/\/www.biopapa.de\/lt\/wp-json\/wp\/v2\/product"}],"about":[{"href":"https:\/\/www.biopapa.de\/lt\/wp-json\/wp\/v2\/types\/product"}],"wp:featuredmedia":[{"embeddable":true,"href":"https:\/\/www.biopapa.de\/lt\/wp-json\/wp\/v2\/media\/22798"}],"wp:attachment":[{"href":"https:\/\/www.biopapa.de\/lt\/wp-json\/wp\/v2\/media?parent=21475"}],"wp:term":[{"taxonomy":"product_brand","embeddable":true,"href":"https:\/\/www.biopapa.de\/lt\/wp-json\/wp\/v2\/product_brand?post=21475"},{"taxonomy":"product_cat","embeddable":true,"href":"https:\/\/www.biopapa.de\/lt\/wp-json\/wp\/v2\/product_cat?post=21475"},{"taxonomy":"product_tag","embeddable":true,"href":"https:\/\/www.biopapa.de\/lt\/wp-json\/wp\/v2\/product_tag?post=21475"}],"curies":[{"name":"wp","href":"https:\/\/api.w.org\/{rel}","templated":true}]}}