{"id":21569,"date":"2022-11-30T17:19:02","date_gmt":"2022-11-30T15:19:02","guid":{"rendered":"https:\/\/www.biopapa.lt\/?post_type=product&#038;p=21569"},"modified":"2026-01-06T12:19:51","modified_gmt":"2026-01-06T10:19:51","slug":"ekologiski-moringos-lapu-milteliai","status":"publish","type":"product","link":"https:\/\/www.biopapa.de\/lt\/producte\/ekologiski-moringos-lapu-milteliai\/","title":{"rendered":"Ekologi\u0161ki moringa lap\u0173 milteliai"},"content":{"rendered":"<p><strong>Ekologi\u0161ki moringa lap\u0173 milteliai<\/strong><br \/>\nMoringa (Moringa oleifera), taip pat \u017einoma kaip \u201estebukl\u0173 medis\u201c, kurio \u0161aknys, stiebai, lapai, s\u0117kl\u0173 ank\u0161tys, derva ir \u017eiedai nuo seno laikomi gydomaisiais. Moringa yra kilusi i\u0161 Himalaj\u0173 kaln\u0173 regiono, ypa\u010d Indijoje, ir v\u0117liau paplito Pietvakari\u0173 Azijoje, Pietvakari\u0173 ir \u0160iaur\u0117s Ryt\u0173 Afrikoje, Madagaskare, Filipinuose ir JAV.<br \/>\nTiek moringos milteliai, tiek d\u017eiovinti moringos lapai yra kil\u0119 i\u0161 to paties \u0161altinio \u2013 Moringa oleifera med\u017eio, ta\u010diau jie skiriasi paruo\u0161imo, tekst\u016bros ir naudojimo po\u017ei\u016briu.<\/p>\n<p>Ajurvedoje moringa naudojama nuo am\u017ei\u0173. Ji priskiriama prie augal\u0173 \u201eviskas viename\u201c \u2013 turin\u010di\u0173 dau sveikatai nauding\u0173 savybi\u0173.<\/p>\n<p>Moringa milteliai\u00a0gaminami d\u017eiovinant \u0161vie\u017eius moring\u0173 lapus \u017eemoje temperat\u016broje, kad i\u0161likt\u0173 maistin\u0117s med\u017eiagos. Tada d\u017eiovinti lapai sumalami \u012f smulkius miltelius, taip i\u0161saugant maistin\u0117s med\u017eiagos.<br \/>\nD\u017eiovinti moringa lapai\u00a0gaunami d\u017eiovinant \u0161vie\u017eius lapus ore, kol jie tampa tra\u0161k\u016bs ir trap\u016bs. Kaip ir moringa milteliai, d\u017eiovinti moringa lapai turi daug maistini\u0173 med\u017eiag\u0173 ir juose yra b\u016btin\u0173 vitamin\u0173 ir mineral\u0173. Ta\u010diau juose gali b\u016bti \u0161iek tiek ma\u017eesn\u0117 maistini\u0173 med\u017eiag\u0173 koncentracija, palyginti su moringos milteliuose esan\u010diu maistini\u0173 med\u017eiag\u0173 kiekiu.<br \/>\nMoringa milteliai \u017einomi kaip supermaistas d\u0117l savo i\u0161skirtinio maistinio profilio ir naudos sveikatai yra nat\u016bralus ir universalus sveikos mitybos priedas.<br \/>\nTeigiama, kad juose yra med\u017eiag\u0173, kurie palaiko bendr\u0105 sveikat\u0105 ir stiprina organizmo apsaug\u0105. Moringa esantis maistini\u0173 med\u017eiag\u0173 kiekis galimai suteikia nat\u016bral\u0173 energijos palaikym\u0105.<\/p>\n<p>ECHO (Educational Concerns for Hunger Organization) teigia: \u201eNetinkama mityba yra pagrindin\u0117 didelio k\u016bdiki\u0173 mirtingumo tropikuose prie\u017eastis. Moringa pad\u0117jo pasr\u016bpinti \u0161iais alkanais vaikais ir ji laikoma viena maistingiausi\u0173 augal\u0173 pasaulyje. Tai svarbus maistini\u0173 med\u017eiag\u0173 \u0161altinis maitinan\u010dioms motinoms ir besivystantiems vaikams.\u201d<\/p>\n<p>Moringa milteli\u0173 galimas \u0161alutinis poveikis<br \/>\nNors moringa milteliai paprastai yra saug\u016bs vartoti, per didelis suvartojimas gali sukelti nedidel\u012f \u0161alutin\u012f poveik\u012f, pavyzd\u017eiui, pykinim\u0105, viduriavim\u0105 ar skrand\u017eio sutrikimus.<br \/>\nN\u0117\u0161\u010dios ar kr\u016btimi maitinan\u010dios moterys, taip pat asmenys, vartojantys vaistus arba turintys specifini\u0173 sveikatos sutrikim\u0173, prie\u0161 \u012ftraukdami moringos miltelius \u012f savo mityb\u0105, tur\u0117t\u0173 b\u016bti atid\u016bs.<\/p>\n<p>Naudojimas<br \/>\nMoringa milteliai yra labai universal\u016bs ir gali b\u016bti dedami \u012f \u012fvairius patiekalus ir g\u0117rimus, siekiant padidinti j\u0173 maistin\u0119 vert\u0119.<\/p>\n<p>\u0160tai keletas paprast\u0173 moringa milteli\u0173 naudojimo dietoje b\u016bd\u0173:<br \/>\nGlotnu\u010diai \u2013 \u012f savo m\u0117gstam\u0105 vaisi\u0173 ar dar\u017eovi\u0173 kokteil\u012f \u012fpilkite arbatin\u012f \u0161auk\u0161tel\u012f moringos milteli\u0173;<br \/>\nSriubos ir tro\u0161kiniai \u2013 Moringa miltelius \u012fmai\u0161ykite \u012f sriubas ar tro\u0161kinius prie\u0161 pat patiekiant, kad padidintum\u0117te j\u0173 maistin\u0119 vert\u0119;<br \/>\nSalotos \u2013 Pabarstykite moringa milteli\u0173 ant salot\u0173, tai tai suteiks \u0161veln\u0173, \u017eemi\u0161k\u0105 skon\u012f.<br \/>\nKepiniai \u2013 Moringa milteli\u0173 \u012fberkite \u012f bandeles, blynus ar energetinius baton\u0117lius.<br \/>\nArbata \u2013 U\u017eplikykite moringa miltelius kar\u0161tu vandeniu, gausite raminan\u010di\u0105 ir sveik\u0105 \u017eoleli\u0173 arbat\u0105.<br \/>\nGaliausiai naudokite moringa miltelius kaip matcha, ir paruo\u0161kite sau puodel\u012f g\u0117rimo be kofeino.<\/p>\n<p>Rekomenduojama paros norma \u2013 3-6 g (1-2 arbatiniai \u0161auk\u0161teliai).<\/p>\n<p>Tegul maistas b\u016bna J\u016bs\u0173 vaistas!<\/p>\n<p>\u0160altiniai<br \/>\nhttps:\/\/www.webmd.com<br \/>\nhttps:\/\/www.mindbodygreen.com<\/p>\n<p>PASTABA. \u010cia pateikta informacija negali b\u016bti interpretuojama kaip gydymo ar kitokio pob\u016bd\u017eio sveikatos klausim\u0173 sprendimo rekomendacija.<br \/>\nRaginame sprendimus, susijusius su asmenine sveikata, priimti asmeni\u0161kai, \u012fvertinus \u012fvairius informacijos \u0161altinius.<\/p>\n","protected":false},"excerpt":{"rendered":"<p>Ekologi\u0161ki moringa lap\u0173 milteliai Moringa (Moringa oleifera), taip pat \u017einoma kaip \u201estebukl\u0173 medis\u201c, kurio \u0161aknys, stiebai, lapai, s\u0117kl\u0173 ank\u0161tys, derva<\/p>\n","protected":false},"featured_media":23230,"template":"","meta":{"_acf_changed":false},"product_brand":[],"product_cat":[1907,1216,2349],"product_tag":[1378,1382],"class_list":{"0":"post-21569","1":"product","2":"type-product","3":"status-publish","4":"has-post-thumbnail","6":"product_cat-arbata","7":"product_cat-augalinis-supermaistas","8":"product_cat-milteliai","9":"product_tag-veganams","10":"product_tag-zaliavalgiams","11":"pa_svoris-1-kg","12":"pa_svoris-100-g","13":"pa_svoris-200-g","14":"pa_svoris-25-kg","15":"pa_svoris-300-g","16":"pa_svoris-400-g","17":"pa_svoris-50-g","18":"pa_svoris-500-g","20":"first","21":"instock","22":"shipping-taxable","23":"purchasable","24":"product-type-variable"},"acf":[],"yoast_head":"<!-- This site is optimized with the Yoast SEO plugin v27.5 - https:\/\/yoast.com\/product\/yoast-seo-wordpress\/ -->\n<title>Ekologi\u0161ki moringa lap\u0173 milteliai - Biopapa<\/title>\n<meta name=\"description\" content=\"Ekologi\u0161ki moringa milteliai gaunami i\u0161 Moringa oleifera med\u017eio lap\u0173. Jie populiar\u0117ja kaip supermaistas d\u0117l savo i\u0161skirtinio maistinio profilio ir naudos sveikatai. Moringos milteliai, kuriuose gausu b\u016btin\u0173 vitamin\u0173, mineral\u0173 ir antioksidant\u0173, yra nat\u016bralus ir universalus sveikos mitybos priedas.\" \/>\n<meta name=\"robots\" content=\"index, follow, max-snippet:-1, max-image-preview:large, max-video-preview:-1\" \/>\n<link rel=\"canonical\" href=\"https:\/\/www.biopapa.de\/lt\/producte\/ekologiski-moringos-lapu-milteliai\/\" \/>\n<meta property=\"og:locale\" content=\"lt_LT\" \/>\n<meta property=\"og:type\" content=\"article\" \/>\n<meta property=\"og:title\" content=\"Ekologi\u0161ki moringa lap\u0173 milteliai - Biopapa\" \/>\n<meta property=\"og:description\" content=\"Ekologi\u0161ki moringa milteliai gaunami i\u0161 Moringa oleifera med\u017eio lap\u0173. Jie populiar\u0117ja kaip supermaistas d\u0117l savo i\u0161skirtinio maistinio profilio ir naudos sveikatai. Moringos milteliai, kuriuose gausu b\u016btin\u0173 vitamin\u0173, mineral\u0173 ir antioksidant\u0173, yra nat\u016bralus ir universalus sveikos mitybos priedas.\" \/>\n<meta property=\"og:url\" content=\"https:\/\/www.biopapa.de\/lt\/producte\/ekologiski-moringos-lapu-milteliai\/\" \/>\n<meta property=\"og:site_name\" content=\"Biopapa\" \/>\n<meta property=\"article:publisher\" content=\"https:\/\/www.facebook.com\/biopapa.lt\" \/>\n<meta property=\"article:modified_time\" content=\"2026-01-06T10:19:51+00:00\" \/>\n<meta property=\"og:image\" content=\"https:\/\/www.biopapa.de\/wp-content\/uploads\/2022\/11\/Ekologiski-moringos-milteliai.png\" \/>\n\t<meta property=\"og:image:width\" content=\"800\" \/>\n\t<meta property=\"og:image:height\" content=\"640\" \/>\n\t<meta property=\"og:image:type\" content=\"image\/png\" \/>\n<meta name=\"twitter:card\" content=\"summary_large_image\" \/>\n<meta name=\"twitter:label1\" content=\"Est. reading time\" \/>\n\t<meta name=\"twitter:data1\" content=\"1 minut\u0117\" \/>\n<script type=\"application\/ld+json\" class=\"yoast-schema-graph\">{\"@context\":\"https:\\\/\\\/schema.org\",\"@graph\":[{\"@type\":\"WebPage\",\"@id\":\"https:\\\/\\\/www.biopapa.de\\\/lt\\\/producte\\\/ekologiski-moringos-lapu-milteliai\\\/\",\"url\":\"https:\\\/\\\/www.biopapa.de\\\/lt\\\/producte\\\/ekologiski-moringos-lapu-milteliai\\\/\",\"name\":\"Ekologi\u0161ki moringa lap\u0173 milteliai - Biopapa\",\"isPartOf\":{\"@id\":\"https:\\\/\\\/www.biopapa.de\\\/lt\\\/#website\"},\"primaryImageOfPage\":{\"@id\":\"https:\\\/\\\/www.biopapa.de\\\/lt\\\/producte\\\/ekologiski-moringos-lapu-milteliai\\\/#primaryimage\"},\"image\":{\"@id\":\"https:\\\/\\\/www.biopapa.de\\\/lt\\\/producte\\\/ekologiski-moringos-lapu-milteliai\\\/#primaryimage\"},\"thumbnailUrl\":\"https:\\\/\\\/www.biopapa.de\\\/wp-content\\\/uploads\\\/2022\\\/11\\\/Ekologiski-moringos-milteliai.png\",\"datePublished\":\"2022-11-30T15:19:02+00:00\",\"dateModified\":\"2026-01-06T10:19:51+00:00\",\"description\":\"Ekologi\u0161ki moringa milteliai gaunami i\u0161 Moringa oleifera med\u017eio lap\u0173. Jie populiar\u0117ja kaip supermaistas d\u0117l savo i\u0161skirtinio maistinio profilio ir naudos sveikatai. Moringos milteliai, kuriuose gausu b\u016btin\u0173 vitamin\u0173, mineral\u0173 ir antioksidant\u0173, yra nat\u016bralus ir universalus sveikos mitybos priedas.\",\"breadcrumb\":{\"@id\":\"https:\\\/\\\/www.biopapa.de\\\/lt\\\/producte\\\/ekologiski-moringos-lapu-milteliai\\\/#breadcrumb\"},\"inLanguage\":\"lt-LT\",\"potentialAction\":[{\"@type\":\"ReadAction\",\"target\":[\"https:\\\/\\\/www.biopapa.de\\\/lt\\\/producte\\\/ekologiski-moringos-lapu-milteliai\\\/\"]}]},{\"@type\":\"ImageObject\",\"inLanguage\":\"lt-LT\",\"@id\":\"https:\\\/\\\/www.biopapa.de\\\/lt\\\/producte\\\/ekologiski-moringos-lapu-milteliai\\\/#primaryimage\",\"url\":\"https:\\\/\\\/www.biopapa.de\\\/wp-content\\\/uploads\\\/2022\\\/11\\\/Ekologiski-moringos-milteliai.png\",\"contentUrl\":\"https:\\\/\\\/www.biopapa.de\\\/wp-content\\\/uploads\\\/2022\\\/11\\\/Ekologiski-moringos-milteliai.png\",\"width\":800,\"height\":640,\"caption\":\"Ekologi\u0161ki moringos milteliai\"},{\"@type\":\"BreadcrumbList\",\"@id\":\"https:\\\/\\\/www.biopapa.de\\\/lt\\\/producte\\\/ekologiski-moringos-lapu-milteliai\\\/#breadcrumb\",\"itemListElement\":[{\"@type\":\"ListItem\",\"position\":1,\"name\":\"Home\",\"item\":\"https:\\\/\\\/www.biopapa.de\\\/lt\\\/\"},{\"@type\":\"ListItem\",\"position\":2,\"name\":\"Parduotuv\u0117\",\"item\":\"https:\\\/\\\/www.biopapa.de\\\/parduotuve\\\/\"},{\"@type\":\"ListItem\",\"position\":3,\"name\":\"Ekologi\u0161ki moringa lap\u0173 milteliai\"}]},{\"@type\":\"WebSite\",\"@id\":\"https:\\\/\\\/www.biopapa.de\\\/lt\\\/#website\",\"url\":\"https:\\\/\\\/www.biopapa.de\\\/lt\\\/\",\"name\":\"Biopapa\",\"description\":\"\u0160var\u016bs ekologi\u0161ki produktai\",\"publisher\":{\"@id\":\"https:\\\/\\\/www.biopapa.de\\\/lt\\\/#organization\"},\"potentialAction\":[{\"@type\":\"SearchAction\",\"target\":{\"@type\":\"EntryPoint\",\"urlTemplate\":\"https:\\\/\\\/www.biopapa.de\\\/lt\\\/?s={search_term_string}\"},\"query-input\":{\"@type\":\"PropertyValueSpecification\",\"valueRequired\":true,\"valueName\":\"search_term_string\"}}],\"inLanguage\":\"lt-LT\"},{\"@type\":\"Organization\",\"@id\":\"https:\\\/\\\/www.biopapa.de\\\/lt\\\/#organization\",\"name\":\"Biopapa\",\"url\":\"https:\\\/\\\/www.biopapa.de\\\/lt\\\/\",\"logo\":{\"@type\":\"ImageObject\",\"inLanguage\":\"lt-LT\",\"@id\":\"https:\\\/\\\/www.biopapa.de\\\/lt\\\/#\\\/schema\\\/logo\\\/image\\\/\",\"url\":\"https:\\\/\\\/www.biopapa.lt\\\/wp-content\\\/uploads\\\/2022\\\/04\\\/facebook_biopapa.jpg\",\"contentUrl\":\"https:\\\/\\\/www.biopapa.lt\\\/wp-content\\\/uploads\\\/2022\\\/04\\\/facebook_biopapa.jpg\",\"width\":1733,\"height\":907,\"caption\":\"Biopapa\"},\"image\":{\"@id\":\"https:\\\/\\\/www.biopapa.de\\\/lt\\\/#\\\/schema\\\/logo\\\/image\\\/\"},\"sameAs\":[\"https:\\\/\\\/www.facebook.com\\\/biopapa.lt\"]}]}<\/script>\n<!-- \/ Yoast SEO plugin. -->","yoast_head_json":{"title":"Ekologi\u0161ki moringa lap\u0173 milteliai - Biopapa","description":"Ekologi\u0161ki moringa milteliai gaunami i\u0161 Moringa oleifera med\u017eio lap\u0173. Jie populiar\u0117ja kaip supermaistas d\u0117l savo i\u0161skirtinio maistinio profilio ir naudos sveikatai. Moringos milteliai, kuriuose gausu b\u016btin\u0173 vitamin\u0173, mineral\u0173 ir antioksidant\u0173, yra nat\u016bralus ir universalus sveikos mitybos priedas.","robots":{"index":"index","follow":"follow","max-snippet":"max-snippet:-1","max-image-preview":"max-image-preview:large","max-video-preview":"max-video-preview:-1"},"canonical":"https:\/\/www.biopapa.de\/lt\/producte\/ekologiski-moringos-lapu-milteliai\/","og_locale":"lt_LT","og_type":"article","og_title":"Ekologi\u0161ki moringa lap\u0173 milteliai - Biopapa","og_description":"Ekologi\u0161ki moringa milteliai gaunami i\u0161 Moringa oleifera med\u017eio lap\u0173. Jie populiar\u0117ja kaip supermaistas d\u0117l savo i\u0161skirtinio maistinio profilio ir naudos sveikatai. Moringos milteliai, kuriuose gausu b\u016btin\u0173 vitamin\u0173, mineral\u0173 ir antioksidant\u0173, yra nat\u016bralus ir universalus sveikos mitybos priedas.","og_url":"https:\/\/www.biopapa.de\/lt\/producte\/ekologiski-moringos-lapu-milteliai\/","og_site_name":"Biopapa","article_publisher":"https:\/\/www.facebook.com\/biopapa.lt","article_modified_time":"2026-01-06T10:19:51+00:00","og_image":[{"width":800,"height":640,"url":"https:\/\/www.biopapa.de\/wp-content\/uploads\/2022\/11\/Ekologiski-moringos-milteliai.png","type":"image\/png"}],"twitter_card":"summary_large_image","twitter_misc":{"Est. reading time":"1 minut\u0117"},"schema":{"@context":"https:\/\/schema.org","@graph":[{"@type":"WebPage","@id":"https:\/\/www.biopapa.de\/lt\/producte\/ekologiski-moringos-lapu-milteliai\/","url":"https:\/\/www.biopapa.de\/lt\/producte\/ekologiski-moringos-lapu-milteliai\/","name":"Ekologi\u0161ki moringa lap\u0173 milteliai - Biopapa","isPartOf":{"@id":"https:\/\/www.biopapa.de\/lt\/#website"},"primaryImageOfPage":{"@id":"https:\/\/www.biopapa.de\/lt\/producte\/ekologiski-moringos-lapu-milteliai\/#primaryimage"},"image":{"@id":"https:\/\/www.biopapa.de\/lt\/producte\/ekologiski-moringos-lapu-milteliai\/#primaryimage"},"thumbnailUrl":"https:\/\/www.biopapa.de\/wp-content\/uploads\/2022\/11\/Ekologiski-moringos-milteliai.png","datePublished":"2022-11-30T15:19:02+00:00","dateModified":"2026-01-06T10:19:51+00:00","description":"Ekologi\u0161ki moringa milteliai gaunami i\u0161 Moringa oleifera med\u017eio lap\u0173. Jie populiar\u0117ja kaip supermaistas d\u0117l savo i\u0161skirtinio maistinio profilio ir naudos sveikatai. Moringos milteliai, kuriuose gausu b\u016btin\u0173 vitamin\u0173, mineral\u0173 ir antioksidant\u0173, yra nat\u016bralus ir universalus sveikos mitybos priedas.","breadcrumb":{"@id":"https:\/\/www.biopapa.de\/lt\/producte\/ekologiski-moringos-lapu-milteliai\/#breadcrumb"},"inLanguage":"lt-LT","potentialAction":[{"@type":"ReadAction","target":["https:\/\/www.biopapa.de\/lt\/producte\/ekologiski-moringos-lapu-milteliai\/"]}]},{"@type":"ImageObject","inLanguage":"lt-LT","@id":"https:\/\/www.biopapa.de\/lt\/producte\/ekologiski-moringos-lapu-milteliai\/#primaryimage","url":"https:\/\/www.biopapa.de\/wp-content\/uploads\/2022\/11\/Ekologiski-moringos-milteliai.png","contentUrl":"https:\/\/www.biopapa.de\/wp-content\/uploads\/2022\/11\/Ekologiski-moringos-milteliai.png","width":800,"height":640,"caption":"Ekologi\u0161ki moringos milteliai"},{"@type":"BreadcrumbList","@id":"https:\/\/www.biopapa.de\/lt\/producte\/ekologiski-moringos-lapu-milteliai\/#breadcrumb","itemListElement":[{"@type":"ListItem","position":1,"name":"Home","item":"https:\/\/www.biopapa.de\/lt\/"},{"@type":"ListItem","position":2,"name":"Parduotuv\u0117","item":"https:\/\/www.biopapa.de\/parduotuve\/"},{"@type":"ListItem","position":3,"name":"Ekologi\u0161ki moringa lap\u0173 milteliai"}]},{"@type":"WebSite","@id":"https:\/\/www.biopapa.de\/lt\/#website","url":"https:\/\/www.biopapa.de\/lt\/","name":"Biopapa","description":"\u0160var\u016bs ekologi\u0161ki produktai","publisher":{"@id":"https:\/\/www.biopapa.de\/lt\/#organization"},"potentialAction":[{"@type":"SearchAction","target":{"@type":"EntryPoint","urlTemplate":"https:\/\/www.biopapa.de\/lt\/?s={search_term_string}"},"query-input":{"@type":"PropertyValueSpecification","valueRequired":true,"valueName":"search_term_string"}}],"inLanguage":"lt-LT"},{"@type":"Organization","@id":"https:\/\/www.biopapa.de\/lt\/#organization","name":"Biopapa","url":"https:\/\/www.biopapa.de\/lt\/","logo":{"@type":"ImageObject","inLanguage":"lt-LT","@id":"https:\/\/www.biopapa.de\/lt\/#\/schema\/logo\/image\/","url":"https:\/\/www.biopapa.lt\/wp-content\/uploads\/2022\/04\/facebook_biopapa.jpg","contentUrl":"https:\/\/www.biopapa.lt\/wp-content\/uploads\/2022\/04\/facebook_biopapa.jpg","width":1733,"height":907,"caption":"Biopapa"},"image":{"@id":"https:\/\/www.biopapa.de\/lt\/#\/schema\/logo\/image\/"},"sameAs":["https:\/\/www.facebook.com\/biopapa.lt"]}]}},"_links":{"self":[{"href":"https:\/\/www.biopapa.de\/lt\/wp-json\/wp\/v2\/product\/21569","targetHints":{"allow":["GET"]}}],"collection":[{"href":"https:\/\/www.biopapa.de\/lt\/wp-json\/wp\/v2\/product"}],"about":[{"href":"https:\/\/www.biopapa.de\/lt\/wp-json\/wp\/v2\/types\/product"}],"wp:featuredmedia":[{"embeddable":true,"href":"https:\/\/www.biopapa.de\/lt\/wp-json\/wp\/v2\/media\/23230"}],"wp:attachment":[{"href":"https:\/\/www.biopapa.de\/lt\/wp-json\/wp\/v2\/media?parent=21569"}],"wp:term":[{"taxonomy":"product_brand","embeddable":true,"href":"https:\/\/www.biopapa.de\/lt\/wp-json\/wp\/v2\/product_brand?post=21569"},{"taxonomy":"product_cat","embeddable":true,"href":"https:\/\/www.biopapa.de\/lt\/wp-json\/wp\/v2\/product_cat?post=21569"},{"taxonomy":"product_tag","embeddable":true,"href":"https:\/\/www.biopapa.de\/lt\/wp-json\/wp\/v2\/product_tag?post=21569"}],"curies":[{"name":"wp","href":"https:\/\/api.w.org\/{rel}","templated":true}]}}