{"id":21798,"date":"2022-12-12T14:27:58","date_gmt":"2022-12-12T12:27:58","guid":{"rendered":"https:\/\/www.biopapa.lt\/?post_type=product&#038;p=21798"},"modified":"2026-04-20T13:18:27","modified_gmt":"2026-04-20T10:18:27","slug":"ekologiskas-nerafinuotas-moliugu-seklu-aliejus-250-ml","status":"publish","type":"product","link":"https:\/\/www.biopapa.de\/lt\/producte\/ekologiskas-nerafinuotas-moliugu-seklu-aliejus-250-ml\/","title":{"rendered":"Ekologi\u0161kas nerafinuotas moli\u016bg\u0173 s\u0117kl\u0173 aliejus, 250 ml"},"content":{"rendered":"<p><strong>Ekologi\u0161kas \u0161alto spaudimo moli\u016bg\u0173 s\u0117kl\u0173 aliejus<\/strong> Bionaturalis yra i\u0161skirtinai malonaus skonio bei aromato produktas. Pagamintas i\u0161 auk\u0161\u010diausios kokyb\u0117s kruop\u0161\u010diai i\u0161valyt\u0173 moli\u016bg\u0173 s\u0117kl\u0173. Tai aliejus, savo sud\u0117tyje turintis polineso\u010di\u0173j\u0173 riebal\u0173 r\u016bg\u0161\u010di\u0173.<\/p>\n<p>Rekomenduojama juo gardinti salotas, ko\u0161es, sriubas, \u017ealiuosius kokteilius, ar tiesiog i\u0161gerti po arbatin\u012f \u0161auk\u0161tel\u012f kasdien.<br \/>\nTamsaus stiklo butelyje.<\/p>\n","protected":false},"excerpt":{"rendered":"<p>Ekologi\u0161kas \u0161alto spaudimo moli\u016bg\u0173 s\u0117kl\u0173 aliejus Bionaturalis yra i\u0161skirtinai malonaus skonio bei aromato produktas. Pagamintas i\u0161 auk\u0161\u010diausios kokyb\u0117s kruop\u0161\u010diai i\u0161valyt\u0173<\/p>\n","protected":false},"featured_media":46611,"template":"","meta":{"_acf_changed":false},"product_brand":[],"product_cat":[1928,1314],"product_tag":[1380,1378,1382],"class_list":{"0":"post-21798","1":"product","2":"type-product","3":"status-publish","4":"has-post-thumbnail","6":"product_cat-aliejus","7":"product_cat-ekologiskas-aliejus-actas","8":"product_tag-keto-mityba","9":"product_tag-veganams","10":"product_tag-zaliavalgiams","12":"first","13":"instock","14":"shipping-taxable","15":"purchasable","16":"product-type-simple"},"acf":[],"yoast_head":"<!-- This site is optimized with the Yoast SEO plugin v27.5 - https:\/\/yoast.com\/product\/yoast-seo-wordpress\/ -->\n<title>Ekologi\u0161kas nerafinuotas moli\u016bg\u0173 s\u0117kl\u0173 aliejus, 250 ml - Biopapa<\/title>\n<meta name=\"description\" content=\"Ekologi\u0161kas \u0161alto spaudimo moli\u016bg\u0173 s\u0117kl\u0173 aliejus Bionaturalis yra i\u0161skirtinai malonaus skonio bei aromato produktas.\" \/>\n<meta name=\"robots\" content=\"index, follow, max-snippet:-1, max-image-preview:large, max-video-preview:-1\" \/>\n<link rel=\"canonical\" href=\"https:\/\/www.biopapa.de\/lt\/producte\/ekologiskas-nerafinuotas-moliugu-seklu-aliejus-250-ml\/\" \/>\n<meta property=\"og:locale\" content=\"lt_LT\" \/>\n<meta property=\"og:type\" content=\"article\" \/>\n<meta property=\"og:title\" content=\"Ekologi\u0161kas nerafinuotas moli\u016bg\u0173 s\u0117kl\u0173 aliejus, 250 ml - Biopapa\" \/>\n<meta property=\"og:description\" content=\"Ekologi\u0161kas \u0161alto spaudimo moli\u016bg\u0173 s\u0117kl\u0173 aliejus Bionaturalis yra i\u0161skirtinai malonaus skonio bei aromato produktas.\" \/>\n<meta property=\"og:url\" content=\"https:\/\/www.biopapa.de\/lt\/producte\/ekologiskas-nerafinuotas-moliugu-seklu-aliejus-250-ml\/\" \/>\n<meta property=\"og:site_name\" content=\"Biopapa\" \/>\n<meta property=\"article:publisher\" content=\"https:\/\/www.facebook.com\/biopapa.lt\" \/>\n<meta property=\"article:modified_time\" content=\"2026-04-20T10:18:27+00:00\" \/>\n<meta property=\"og:image\" content=\"https:\/\/www.biopapa.de\/wp-content\/uploads\/2022\/12\/Ekologiskas-nerafinuotas-moliugu-seklu-aliejus-250-ml.png.webp\" \/>\n\t<meta property=\"og:image:width\" content=\"1600\" \/>\n\t<meta property=\"og:image:height\" content=\"1280\" \/>\n\t<meta property=\"og:image:type\" content=\"image\/webp\" \/>\n<meta name=\"twitter:card\" content=\"summary_large_image\" \/>\n<meta name=\"twitter:label1\" content=\"Est. reading time\" \/>\n\t<meta name=\"twitter:data1\" content=\"4 minut\u0117s\" \/>\n<script type=\"application\/ld+json\" class=\"yoast-schema-graph\">{\"@context\":\"https:\\\/\\\/schema.org\",\"@graph\":[{\"@type\":\"WebPage\",\"@id\":\"https:\\\/\\\/www.biopapa.de\\\/lt\\\/producte\\\/ekologiskas-nerafinuotas-moliugu-seklu-aliejus-250-ml\\\/\",\"url\":\"https:\\\/\\\/www.biopapa.de\\\/lt\\\/producte\\\/ekologiskas-nerafinuotas-moliugu-seklu-aliejus-250-ml\\\/\",\"name\":\"Ekologi\u0161kas nerafinuotas moli\u016bg\u0173 s\u0117kl\u0173 aliejus, 250 ml - Biopapa\",\"isPartOf\":{\"@id\":\"https:\\\/\\\/www.biopapa.de\\\/lt\\\/#website\"},\"primaryImageOfPage\":{\"@id\":\"https:\\\/\\\/www.biopapa.de\\\/lt\\\/producte\\\/ekologiskas-nerafinuotas-moliugu-seklu-aliejus-250-ml\\\/#primaryimage\"},\"image\":{\"@id\":\"https:\\\/\\\/www.biopapa.de\\\/lt\\\/producte\\\/ekologiskas-nerafinuotas-moliugu-seklu-aliejus-250-ml\\\/#primaryimage\"},\"thumbnailUrl\":\"https:\\\/\\\/www.biopapa.de\\\/wp-content\\\/uploads\\\/2022\\\/12\\\/Ekologiskas-nerafinuotas-moliugu-seklu-aliejus-250-ml.png.webp\",\"datePublished\":\"2022-12-12T12:27:58+00:00\",\"dateModified\":\"2026-04-20T10:18:27+00:00\",\"description\":\"Ekologi\u0161kas \u0161alto spaudimo moli\u016bg\u0173 s\u0117kl\u0173 aliejus Bionaturalis yra i\u0161skirtinai malonaus skonio bei aromato produktas.\",\"breadcrumb\":{\"@id\":\"https:\\\/\\\/www.biopapa.de\\\/lt\\\/producte\\\/ekologiskas-nerafinuotas-moliugu-seklu-aliejus-250-ml\\\/#breadcrumb\"},\"inLanguage\":\"lt-LT\",\"potentialAction\":[{\"@type\":\"ReadAction\",\"target\":[\"https:\\\/\\\/www.biopapa.de\\\/lt\\\/producte\\\/ekologiskas-nerafinuotas-moliugu-seklu-aliejus-250-ml\\\/\"]}]},{\"@type\":\"ImageObject\",\"inLanguage\":\"lt-LT\",\"@id\":\"https:\\\/\\\/www.biopapa.de\\\/lt\\\/producte\\\/ekologiskas-nerafinuotas-moliugu-seklu-aliejus-250-ml\\\/#primaryimage\",\"url\":\"https:\\\/\\\/www.biopapa.de\\\/wp-content\\\/uploads\\\/2022\\\/12\\\/Ekologiskas-nerafinuotas-moliugu-seklu-aliejus-250-ml.png.webp\",\"contentUrl\":\"https:\\\/\\\/www.biopapa.de\\\/wp-content\\\/uploads\\\/2022\\\/12\\\/Ekologiskas-nerafinuotas-moliugu-seklu-aliejus-250-ml.png.webp\",\"width\":1600,\"height\":1280},{\"@type\":\"BreadcrumbList\",\"@id\":\"https:\\\/\\\/www.biopapa.de\\\/lt\\\/producte\\\/ekologiskas-nerafinuotas-moliugu-seklu-aliejus-250-ml\\\/#breadcrumb\",\"itemListElement\":[{\"@type\":\"ListItem\",\"position\":1,\"name\":\"Home\",\"item\":\"https:\\\/\\\/www.biopapa.de\\\/lt\\\/\"},{\"@type\":\"ListItem\",\"position\":2,\"name\":\"Parduotuv\u0117\",\"item\":\"https:\\\/\\\/www.biopapa.de\\\/parduotuve\\\/\"},{\"@type\":\"ListItem\",\"position\":3,\"name\":\"Ekologi\u0161kas nerafinuotas moli\u016bg\u0173 s\u0117kl\u0173 aliejus, 250 ml\"}]},{\"@type\":\"WebSite\",\"@id\":\"https:\\\/\\\/www.biopapa.de\\\/lt\\\/#website\",\"url\":\"https:\\\/\\\/www.biopapa.de\\\/lt\\\/\",\"name\":\"Biopapa\",\"description\":\"\u0160var\u016bs ekologi\u0161ki produktai\",\"publisher\":{\"@id\":\"https:\\\/\\\/www.biopapa.de\\\/lt\\\/#organization\"},\"potentialAction\":[{\"@type\":\"SearchAction\",\"target\":{\"@type\":\"EntryPoint\",\"urlTemplate\":\"https:\\\/\\\/www.biopapa.de\\\/lt\\\/?s={search_term_string}\"},\"query-input\":{\"@type\":\"PropertyValueSpecification\",\"valueRequired\":true,\"valueName\":\"search_term_string\"}}],\"inLanguage\":\"lt-LT\"},{\"@type\":\"Organization\",\"@id\":\"https:\\\/\\\/www.biopapa.de\\\/lt\\\/#organization\",\"name\":\"Biopapa\",\"url\":\"https:\\\/\\\/www.biopapa.de\\\/lt\\\/\",\"logo\":{\"@type\":\"ImageObject\",\"inLanguage\":\"lt-LT\",\"@id\":\"https:\\\/\\\/www.biopapa.de\\\/lt\\\/#\\\/schema\\\/logo\\\/image\\\/\",\"url\":\"https:\\\/\\\/www.biopapa.lt\\\/wp-content\\\/uploads\\\/2022\\\/04\\\/facebook_biopapa.jpg\",\"contentUrl\":\"https:\\\/\\\/www.biopapa.lt\\\/wp-content\\\/uploads\\\/2022\\\/04\\\/facebook_biopapa.jpg\",\"width\":1733,\"height\":907,\"caption\":\"Biopapa\"},\"image\":{\"@id\":\"https:\\\/\\\/www.biopapa.de\\\/lt\\\/#\\\/schema\\\/logo\\\/image\\\/\"},\"sameAs\":[\"https:\\\/\\\/www.facebook.com\\\/biopapa.lt\"]}]}<\/script>\n<!-- \/ Yoast SEO plugin. -->","yoast_head_json":{"title":"Ekologi\u0161kas nerafinuotas moli\u016bg\u0173 s\u0117kl\u0173 aliejus, 250 ml - Biopapa","description":"Ekologi\u0161kas \u0161alto spaudimo moli\u016bg\u0173 s\u0117kl\u0173 aliejus Bionaturalis yra i\u0161skirtinai malonaus skonio bei aromato produktas.","robots":{"index":"index","follow":"follow","max-snippet":"max-snippet:-1","max-image-preview":"max-image-preview:large","max-video-preview":"max-video-preview:-1"},"canonical":"https:\/\/www.biopapa.de\/lt\/producte\/ekologiskas-nerafinuotas-moliugu-seklu-aliejus-250-ml\/","og_locale":"lt_LT","og_type":"article","og_title":"Ekologi\u0161kas nerafinuotas moli\u016bg\u0173 s\u0117kl\u0173 aliejus, 250 ml - Biopapa","og_description":"Ekologi\u0161kas \u0161alto spaudimo moli\u016bg\u0173 s\u0117kl\u0173 aliejus Bionaturalis yra i\u0161skirtinai malonaus skonio bei aromato produktas.","og_url":"https:\/\/www.biopapa.de\/lt\/producte\/ekologiskas-nerafinuotas-moliugu-seklu-aliejus-250-ml\/","og_site_name":"Biopapa","article_publisher":"https:\/\/www.facebook.com\/biopapa.lt","article_modified_time":"2026-04-20T10:18:27+00:00","og_image":[{"width":1600,"height":1280,"url":"https:\/\/www.biopapa.de\/wp-content\/uploads\/2022\/12\/Ekologiskas-nerafinuotas-moliugu-seklu-aliejus-250-ml.png.webp","type":"image\/webp"}],"twitter_card":"summary_large_image","twitter_misc":{"Est. reading time":"4 minut\u0117s"},"schema":{"@context":"https:\/\/schema.org","@graph":[{"@type":"WebPage","@id":"https:\/\/www.biopapa.de\/lt\/producte\/ekologiskas-nerafinuotas-moliugu-seklu-aliejus-250-ml\/","url":"https:\/\/www.biopapa.de\/lt\/producte\/ekologiskas-nerafinuotas-moliugu-seklu-aliejus-250-ml\/","name":"Ekologi\u0161kas nerafinuotas moli\u016bg\u0173 s\u0117kl\u0173 aliejus, 250 ml - Biopapa","isPartOf":{"@id":"https:\/\/www.biopapa.de\/lt\/#website"},"primaryImageOfPage":{"@id":"https:\/\/www.biopapa.de\/lt\/producte\/ekologiskas-nerafinuotas-moliugu-seklu-aliejus-250-ml\/#primaryimage"},"image":{"@id":"https:\/\/www.biopapa.de\/lt\/producte\/ekologiskas-nerafinuotas-moliugu-seklu-aliejus-250-ml\/#primaryimage"},"thumbnailUrl":"https:\/\/www.biopapa.de\/wp-content\/uploads\/2022\/12\/Ekologiskas-nerafinuotas-moliugu-seklu-aliejus-250-ml.png.webp","datePublished":"2022-12-12T12:27:58+00:00","dateModified":"2026-04-20T10:18:27+00:00","description":"Ekologi\u0161kas \u0161alto spaudimo moli\u016bg\u0173 s\u0117kl\u0173 aliejus Bionaturalis yra i\u0161skirtinai malonaus skonio bei aromato produktas.","breadcrumb":{"@id":"https:\/\/www.biopapa.de\/lt\/producte\/ekologiskas-nerafinuotas-moliugu-seklu-aliejus-250-ml\/#breadcrumb"},"inLanguage":"lt-LT","potentialAction":[{"@type":"ReadAction","target":["https:\/\/www.biopapa.de\/lt\/producte\/ekologiskas-nerafinuotas-moliugu-seklu-aliejus-250-ml\/"]}]},{"@type":"ImageObject","inLanguage":"lt-LT","@id":"https:\/\/www.biopapa.de\/lt\/producte\/ekologiskas-nerafinuotas-moliugu-seklu-aliejus-250-ml\/#primaryimage","url":"https:\/\/www.biopapa.de\/wp-content\/uploads\/2022\/12\/Ekologiskas-nerafinuotas-moliugu-seklu-aliejus-250-ml.png.webp","contentUrl":"https:\/\/www.biopapa.de\/wp-content\/uploads\/2022\/12\/Ekologiskas-nerafinuotas-moliugu-seklu-aliejus-250-ml.png.webp","width":1600,"height":1280},{"@type":"BreadcrumbList","@id":"https:\/\/www.biopapa.de\/lt\/producte\/ekologiskas-nerafinuotas-moliugu-seklu-aliejus-250-ml\/#breadcrumb","itemListElement":[{"@type":"ListItem","position":1,"name":"Home","item":"https:\/\/www.biopapa.de\/lt\/"},{"@type":"ListItem","position":2,"name":"Parduotuv\u0117","item":"https:\/\/www.biopapa.de\/parduotuve\/"},{"@type":"ListItem","position":3,"name":"Ekologi\u0161kas nerafinuotas moli\u016bg\u0173 s\u0117kl\u0173 aliejus, 250 ml"}]},{"@type":"WebSite","@id":"https:\/\/www.biopapa.de\/lt\/#website","url":"https:\/\/www.biopapa.de\/lt\/","name":"Biopapa","description":"\u0160var\u016bs ekologi\u0161ki produktai","publisher":{"@id":"https:\/\/www.biopapa.de\/lt\/#organization"},"potentialAction":[{"@type":"SearchAction","target":{"@type":"EntryPoint","urlTemplate":"https:\/\/www.biopapa.de\/lt\/?s={search_term_string}"},"query-input":{"@type":"PropertyValueSpecification","valueRequired":true,"valueName":"search_term_string"}}],"inLanguage":"lt-LT"},{"@type":"Organization","@id":"https:\/\/www.biopapa.de\/lt\/#organization","name":"Biopapa","url":"https:\/\/www.biopapa.de\/lt\/","logo":{"@type":"ImageObject","inLanguage":"lt-LT","@id":"https:\/\/www.biopapa.de\/lt\/#\/schema\/logo\/image\/","url":"https:\/\/www.biopapa.lt\/wp-content\/uploads\/2022\/04\/facebook_biopapa.jpg","contentUrl":"https:\/\/www.biopapa.lt\/wp-content\/uploads\/2022\/04\/facebook_biopapa.jpg","width":1733,"height":907,"caption":"Biopapa"},"image":{"@id":"https:\/\/www.biopapa.de\/lt\/#\/schema\/logo\/image\/"},"sameAs":["https:\/\/www.facebook.com\/biopapa.lt"]}]}},"_links":{"self":[{"href":"https:\/\/www.biopapa.de\/lt\/wp-json\/wp\/v2\/product\/21798","targetHints":{"allow":["GET"]}}],"collection":[{"href":"https:\/\/www.biopapa.de\/lt\/wp-json\/wp\/v2\/product"}],"about":[{"href":"https:\/\/www.biopapa.de\/lt\/wp-json\/wp\/v2\/types\/product"}],"wp:featuredmedia":[{"embeddable":true,"href":"https:\/\/www.biopapa.de\/lt\/wp-json\/wp\/v2\/media\/46611"}],"wp:attachment":[{"href":"https:\/\/www.biopapa.de\/lt\/wp-json\/wp\/v2\/media?parent=21798"}],"wp:term":[{"taxonomy":"product_brand","embeddable":true,"href":"https:\/\/www.biopapa.de\/lt\/wp-json\/wp\/v2\/product_brand?post=21798"},{"taxonomy":"product_cat","embeddable":true,"href":"https:\/\/www.biopapa.de\/lt\/wp-json\/wp\/v2\/product_cat?post=21798"},{"taxonomy":"product_tag","embeddable":true,"href":"https:\/\/www.biopapa.de\/lt\/wp-json\/wp\/v2\/product_tag?post=21798"}],"curies":[{"name":"wp","href":"https:\/\/api.w.org\/{rel}","templated":true}]}}