{"id":21853,"date":"2022-12-15T11:57:25","date_gmt":"2022-12-15T09:57:25","guid":{"rendered":"https:\/\/www.biopapa.lt\/?post_type=product&#038;p=21853"},"modified":"2026-03-13T09:30:38","modified_gmt":"2026-03-13T07:30:38","slug":"ekologiska-dziovinta-meta","status":"publish","type":"product","link":"https:\/\/www.biopapa.de\/lt\/producte\/ekologiska-dziovinta-meta\/","title":{"rendered":"Ekologi\u0161ka d\u017eiovinta m\u0117ta"},"content":{"rendered":"<p>M\u0117t\u0173 lapai yra \u0161velni \u017eol\u0117 su \u0161velniais stiebais.<br \/>\nPuikus, kvapnus ir gaivinantis skonis \u2013 tai, kas ateina \u012f galv\u0105 paragavus m\u016bs\u0173 <strong>Ekologi\u0161kos d\u017eiovintos m\u0117tos.<\/strong><\/p>\n<p>M\u0117ta yra stiprus antioksidant\u0173 \u0161altinis, ypa\u010d lyginant su kitomis \u017eolel\u0117mis ir prieskoniais. Antioksidantai padeda apsaugoti j\u016bs\u0173 k\u016bn\u0105 nuo oksidacinio streso, laisv\u0173j\u0173 radikal\u0173 sukeliamo l\u0105steli\u0173 pa\u017eeidimo<br \/>\nM\u0117t\u0173 gali tur\u0117ti naudos sveikatai &#8211; m\u0117ta yra raminantis augalas, kuri\u0105 \u017emon\u0117s vartojo t\u016bkstan\u010dius met\u0173, kad pad\u0117t\u0173 nuraminti skrand\u017eio, vir\u0161kinimo sutrikimus.<br \/>\nM\u0117tos veikia prie\u0161 kenksmingus mikrobus, reguliuoja raumen\u0173 atsipalaidavim\u0105 ir padeda kontroliuoti u\u017edegim\u0105.<br \/>\nM\u0117tos yra ypa\u010d geras vitamino A \u0161altinis, riebaluose tirpus vitaminas, labai svarbus aki\u0173 sveikatai.<br \/>\nTai taip pat stiprus antioksidant\u0173 \u0161altinis, ypa\u010d lyginant su kitomis \u017eolel\u0117mis ir prieskoniais. Antioksidantai padeda apsaugoti j\u016bs\u0173 k\u016bn\u0105 nuo oksidacinio streso, laisv\u0173j\u0173 radikal\u0173 sukeliamo l\u0105steli\u0173 pa\u017eeidimo<\/p>\n<p>Naudojimas<br \/>\n&#8211; M\u0117t\u0173 galite \u012fd\u0117ti \u012f \u0161vie\u017ei\u0173 vaisi\u0173 sals\u0105 su kapotais obuoliais, kriau\u0161\u0117mis, citrinos arba laimo sultimis, jalapeno ir kas m\u0117gsta saldesn\u012f skon\u012f, sirupu. Patiekite su cinamono pita ar tra\u0161ku\u010diais.<br \/>\n&#8211; M\u0117tos tiks pagardinti \u0161okoladini\u0173 sausaini\u0173 te\u0161l\u0105.<br \/>\n&#8211; M\u0117tas u\u017epilkite kar\u0161tu vandeniu ir po 5-6 minu\u010di\u0173 m\u0117gausit\u0117s m\u0117t\u0173 arbata.<\/p>\n<p>D\u0117l dinami\u0161ko skonio m\u0117t\u0173 da\u017enai dedama \u012f receptus nedideliais kiekiais.<\/p>\n<p>&nbsp;<\/p>\n","protected":false},"excerpt":{"rendered":"<p>M\u0117t\u0173 lapai yra \u0161velni \u017eol\u0117 su \u0161velniais stiebais. Puikus, kvapnus ir gaivinantis skonis \u2013 tai, kas ateina \u012f galv\u0105 paragavus<\/p>\n","protected":false},"featured_media":21862,"template":"","meta":{"_acf_changed":false},"product_brand":[],"product_cat":[1907,1265,1315],"product_tag":[1378],"class_list":{"0":"post-21853","1":"product","2":"type-product","3":"status-publish","4":"has-post-thumbnail","6":"product_cat-arbata","7":"product_cat-ekologiska-kakava-arbata-kava","8":"product_cat-ekologiski-prieskoniai","9":"product_tag-veganams","10":"pa_svoris-1-kg","11":"pa_svoris-100-g","12":"pa_svoris-12-5-kg","13":"pa_svoris-200-g","14":"pa_svoris-25-g","15":"pa_svoris-300-g","16":"pa_svoris-400-g","17":"pa_svoris-50-g","18":"pa_svoris-500-g","20":"first","21":"instock","22":"shipping-taxable","23":"purchasable","24":"product-type-variable"},"acf":[],"yoast_head":"<!-- This site is optimized with the Yoast SEO plugin v27.5 - https:\/\/yoast.com\/product\/yoast-seo-wordpress\/ -->\n<title>Ekologi\u0161ka d\u017eiovinta m\u0117ta - Biopapa<\/title>\n<meta name=\"description\" content=\"Puikus, kvapnus ir gaivinantis skonis \u2013 tai, kas ateina \u012f galv\u0105 paragavus m\u016bs\u0173 Ekologi\u0161kos d\u017eiovintos m\u0117tos.\" \/>\n<meta name=\"robots\" content=\"index, follow, max-snippet:-1, max-image-preview:large, max-video-preview:-1\" \/>\n<link rel=\"canonical\" href=\"https:\/\/www.biopapa.de\/lt\/producte\/ekologiska-dziovinta-meta\/\" \/>\n<meta property=\"og:locale\" content=\"lt_LT\" \/>\n<meta property=\"og:type\" content=\"article\" \/>\n<meta property=\"og:title\" content=\"Ekologi\u0161ka d\u017eiovinta m\u0117ta - Biopapa\" \/>\n<meta property=\"og:description\" content=\"Puikus, kvapnus ir gaivinantis skonis \u2013 tai, kas ateina \u012f galv\u0105 paragavus m\u016bs\u0173 Ekologi\u0161kos d\u017eiovintos m\u0117tos.\" \/>\n<meta property=\"og:url\" content=\"https:\/\/www.biopapa.de\/lt\/producte\/ekologiska-dziovinta-meta\/\" \/>\n<meta property=\"og:site_name\" content=\"Biopapa\" \/>\n<meta property=\"article:publisher\" content=\"https:\/\/www.facebook.com\/biopapa.lt\" \/>\n<meta property=\"article:modified_time\" content=\"2026-03-13T07:30:38+00:00\" \/>\n<meta property=\"og:image\" content=\"https:\/\/www.biopapa.de\/wp-content\/uploads\/2022\/12\/meta.png\" \/>\n\t<meta property=\"og:image:width\" content=\"800\" \/>\n\t<meta property=\"og:image:height\" content=\"640\" \/>\n\t<meta property=\"og:image:type\" content=\"image\/png\" \/>\n<meta name=\"twitter:card\" content=\"summary_large_image\" \/>\n<script type=\"application\/ld+json\" class=\"yoast-schema-graph\">{\"@context\":\"https:\\\/\\\/schema.org\",\"@graph\":[{\"@type\":\"WebPage\",\"@id\":\"https:\\\/\\\/www.biopapa.de\\\/lt\\\/producte\\\/ekologiska-dziovinta-meta\\\/\",\"url\":\"https:\\\/\\\/www.biopapa.de\\\/lt\\\/producte\\\/ekologiska-dziovinta-meta\\\/\",\"name\":\"Ekologi\u0161ka d\u017eiovinta m\u0117ta - Biopapa\",\"isPartOf\":{\"@id\":\"https:\\\/\\\/www.biopapa.de\\\/lt\\\/#website\"},\"primaryImageOfPage\":{\"@id\":\"https:\\\/\\\/www.biopapa.de\\\/lt\\\/producte\\\/ekologiska-dziovinta-meta\\\/#primaryimage\"},\"image\":{\"@id\":\"https:\\\/\\\/www.biopapa.de\\\/lt\\\/producte\\\/ekologiska-dziovinta-meta\\\/#primaryimage\"},\"thumbnailUrl\":\"https:\\\/\\\/www.biopapa.de\\\/wp-content\\\/uploads\\\/2022\\\/12\\\/meta.png\",\"datePublished\":\"2022-12-15T09:57:25+00:00\",\"dateModified\":\"2026-03-13T07:30:38+00:00\",\"description\":\"Puikus, kvapnus ir gaivinantis skonis \u2013 tai, kas ateina \u012f galv\u0105 paragavus m\u016bs\u0173 Ekologi\u0161kos d\u017eiovintos m\u0117tos.\",\"breadcrumb\":{\"@id\":\"https:\\\/\\\/www.biopapa.de\\\/lt\\\/producte\\\/ekologiska-dziovinta-meta\\\/#breadcrumb\"},\"inLanguage\":\"lt-LT\",\"potentialAction\":[{\"@type\":\"ReadAction\",\"target\":[\"https:\\\/\\\/www.biopapa.de\\\/lt\\\/producte\\\/ekologiska-dziovinta-meta\\\/\"]}]},{\"@type\":\"ImageObject\",\"inLanguage\":\"lt-LT\",\"@id\":\"https:\\\/\\\/www.biopapa.de\\\/lt\\\/producte\\\/ekologiska-dziovinta-meta\\\/#primaryimage\",\"url\":\"https:\\\/\\\/www.biopapa.de\\\/wp-content\\\/uploads\\\/2022\\\/12\\\/meta.png\",\"contentUrl\":\"https:\\\/\\\/www.biopapa.de\\\/wp-content\\\/uploads\\\/2022\\\/12\\\/meta.png\",\"width\":800,\"height\":640,\"caption\":\"meta\"},{\"@type\":\"BreadcrumbList\",\"@id\":\"https:\\\/\\\/www.biopapa.de\\\/lt\\\/producte\\\/ekologiska-dziovinta-meta\\\/#breadcrumb\",\"itemListElement\":[{\"@type\":\"ListItem\",\"position\":1,\"name\":\"Home\",\"item\":\"https:\\\/\\\/www.biopapa.de\\\/lt\\\/\"},{\"@type\":\"ListItem\",\"position\":2,\"name\":\"Parduotuv\u0117\",\"item\":\"https:\\\/\\\/www.biopapa.de\\\/parduotuve\\\/\"},{\"@type\":\"ListItem\",\"position\":3,\"name\":\"Ekologi\u0161ka d\u017eiovinta m\u0117ta\"}]},{\"@type\":\"WebSite\",\"@id\":\"https:\\\/\\\/www.biopapa.de\\\/lt\\\/#website\",\"url\":\"https:\\\/\\\/www.biopapa.de\\\/lt\\\/\",\"name\":\"Biopapa\",\"description\":\"\u0160var\u016bs ekologi\u0161ki produktai\",\"publisher\":{\"@id\":\"https:\\\/\\\/www.biopapa.de\\\/lt\\\/#organization\"},\"potentialAction\":[{\"@type\":\"SearchAction\",\"target\":{\"@type\":\"EntryPoint\",\"urlTemplate\":\"https:\\\/\\\/www.biopapa.de\\\/lt\\\/?s={search_term_string}\"},\"query-input\":{\"@type\":\"PropertyValueSpecification\",\"valueRequired\":true,\"valueName\":\"search_term_string\"}}],\"inLanguage\":\"lt-LT\"},{\"@type\":\"Organization\",\"@id\":\"https:\\\/\\\/www.biopapa.de\\\/lt\\\/#organization\",\"name\":\"Biopapa\",\"url\":\"https:\\\/\\\/www.biopapa.de\\\/lt\\\/\",\"logo\":{\"@type\":\"ImageObject\",\"inLanguage\":\"lt-LT\",\"@id\":\"https:\\\/\\\/www.biopapa.de\\\/lt\\\/#\\\/schema\\\/logo\\\/image\\\/\",\"url\":\"https:\\\/\\\/www.biopapa.lt\\\/wp-content\\\/uploads\\\/2022\\\/04\\\/facebook_biopapa.jpg\",\"contentUrl\":\"https:\\\/\\\/www.biopapa.lt\\\/wp-content\\\/uploads\\\/2022\\\/04\\\/facebook_biopapa.jpg\",\"width\":1733,\"height\":907,\"caption\":\"Biopapa\"},\"image\":{\"@id\":\"https:\\\/\\\/www.biopapa.de\\\/lt\\\/#\\\/schema\\\/logo\\\/image\\\/\"},\"sameAs\":[\"https:\\\/\\\/www.facebook.com\\\/biopapa.lt\"]}]}<\/script>\n<!-- \/ Yoast SEO plugin. -->","yoast_head_json":{"title":"Ekologi\u0161ka d\u017eiovinta m\u0117ta - Biopapa","description":"Puikus, kvapnus ir gaivinantis skonis \u2013 tai, kas ateina \u012f galv\u0105 paragavus m\u016bs\u0173 Ekologi\u0161kos d\u017eiovintos m\u0117tos.","robots":{"index":"index","follow":"follow","max-snippet":"max-snippet:-1","max-image-preview":"max-image-preview:large","max-video-preview":"max-video-preview:-1"},"canonical":"https:\/\/www.biopapa.de\/lt\/producte\/ekologiska-dziovinta-meta\/","og_locale":"lt_LT","og_type":"article","og_title":"Ekologi\u0161ka d\u017eiovinta m\u0117ta - Biopapa","og_description":"Puikus, kvapnus ir gaivinantis skonis \u2013 tai, kas ateina \u012f galv\u0105 paragavus m\u016bs\u0173 Ekologi\u0161kos d\u017eiovintos m\u0117tos.","og_url":"https:\/\/www.biopapa.de\/lt\/producte\/ekologiska-dziovinta-meta\/","og_site_name":"Biopapa","article_publisher":"https:\/\/www.facebook.com\/biopapa.lt","article_modified_time":"2026-03-13T07:30:38+00:00","og_image":[{"width":800,"height":640,"url":"https:\/\/www.biopapa.de\/wp-content\/uploads\/2022\/12\/meta.png","type":"image\/png"}],"twitter_card":"summary_large_image","schema":{"@context":"https:\/\/schema.org","@graph":[{"@type":"WebPage","@id":"https:\/\/www.biopapa.de\/lt\/producte\/ekologiska-dziovinta-meta\/","url":"https:\/\/www.biopapa.de\/lt\/producte\/ekologiska-dziovinta-meta\/","name":"Ekologi\u0161ka d\u017eiovinta m\u0117ta - Biopapa","isPartOf":{"@id":"https:\/\/www.biopapa.de\/lt\/#website"},"primaryImageOfPage":{"@id":"https:\/\/www.biopapa.de\/lt\/producte\/ekologiska-dziovinta-meta\/#primaryimage"},"image":{"@id":"https:\/\/www.biopapa.de\/lt\/producte\/ekologiska-dziovinta-meta\/#primaryimage"},"thumbnailUrl":"https:\/\/www.biopapa.de\/wp-content\/uploads\/2022\/12\/meta.png","datePublished":"2022-12-15T09:57:25+00:00","dateModified":"2026-03-13T07:30:38+00:00","description":"Puikus, kvapnus ir gaivinantis skonis \u2013 tai, kas ateina \u012f galv\u0105 paragavus m\u016bs\u0173 Ekologi\u0161kos d\u017eiovintos m\u0117tos.","breadcrumb":{"@id":"https:\/\/www.biopapa.de\/lt\/producte\/ekologiska-dziovinta-meta\/#breadcrumb"},"inLanguage":"lt-LT","potentialAction":[{"@type":"ReadAction","target":["https:\/\/www.biopapa.de\/lt\/producte\/ekologiska-dziovinta-meta\/"]}]},{"@type":"ImageObject","inLanguage":"lt-LT","@id":"https:\/\/www.biopapa.de\/lt\/producte\/ekologiska-dziovinta-meta\/#primaryimage","url":"https:\/\/www.biopapa.de\/wp-content\/uploads\/2022\/12\/meta.png","contentUrl":"https:\/\/www.biopapa.de\/wp-content\/uploads\/2022\/12\/meta.png","width":800,"height":640,"caption":"meta"},{"@type":"BreadcrumbList","@id":"https:\/\/www.biopapa.de\/lt\/producte\/ekologiska-dziovinta-meta\/#breadcrumb","itemListElement":[{"@type":"ListItem","position":1,"name":"Home","item":"https:\/\/www.biopapa.de\/lt\/"},{"@type":"ListItem","position":2,"name":"Parduotuv\u0117","item":"https:\/\/www.biopapa.de\/parduotuve\/"},{"@type":"ListItem","position":3,"name":"Ekologi\u0161ka d\u017eiovinta m\u0117ta"}]},{"@type":"WebSite","@id":"https:\/\/www.biopapa.de\/lt\/#website","url":"https:\/\/www.biopapa.de\/lt\/","name":"Biopapa","description":"\u0160var\u016bs ekologi\u0161ki produktai","publisher":{"@id":"https:\/\/www.biopapa.de\/lt\/#organization"},"potentialAction":[{"@type":"SearchAction","target":{"@type":"EntryPoint","urlTemplate":"https:\/\/www.biopapa.de\/lt\/?s={search_term_string}"},"query-input":{"@type":"PropertyValueSpecification","valueRequired":true,"valueName":"search_term_string"}}],"inLanguage":"lt-LT"},{"@type":"Organization","@id":"https:\/\/www.biopapa.de\/lt\/#organization","name":"Biopapa","url":"https:\/\/www.biopapa.de\/lt\/","logo":{"@type":"ImageObject","inLanguage":"lt-LT","@id":"https:\/\/www.biopapa.de\/lt\/#\/schema\/logo\/image\/","url":"https:\/\/www.biopapa.lt\/wp-content\/uploads\/2022\/04\/facebook_biopapa.jpg","contentUrl":"https:\/\/www.biopapa.lt\/wp-content\/uploads\/2022\/04\/facebook_biopapa.jpg","width":1733,"height":907,"caption":"Biopapa"},"image":{"@id":"https:\/\/www.biopapa.de\/lt\/#\/schema\/logo\/image\/"},"sameAs":["https:\/\/www.facebook.com\/biopapa.lt"]}]}},"_links":{"self":[{"href":"https:\/\/www.biopapa.de\/lt\/wp-json\/wp\/v2\/product\/21853","targetHints":{"allow":["GET"]}}],"collection":[{"href":"https:\/\/www.biopapa.de\/lt\/wp-json\/wp\/v2\/product"}],"about":[{"href":"https:\/\/www.biopapa.de\/lt\/wp-json\/wp\/v2\/types\/product"}],"wp:featuredmedia":[{"embeddable":true,"href":"https:\/\/www.biopapa.de\/lt\/wp-json\/wp\/v2\/media\/21862"}],"wp:attachment":[{"href":"https:\/\/www.biopapa.de\/lt\/wp-json\/wp\/v2\/media?parent=21853"}],"wp:term":[{"taxonomy":"product_brand","embeddable":true,"href":"https:\/\/www.biopapa.de\/lt\/wp-json\/wp\/v2\/product_brand?post=21853"},{"taxonomy":"product_cat","embeddable":true,"href":"https:\/\/www.biopapa.de\/lt\/wp-json\/wp\/v2\/product_cat?post=21853"},{"taxonomy":"product_tag","embeddable":true,"href":"https:\/\/www.biopapa.de\/lt\/wp-json\/wp\/v2\/product_tag?post=21853"}],"curies":[{"name":"wp","href":"https:\/\/api.w.org\/{rel}","templated":true}]}}