{"id":21867,"date":"2022-12-15T16:53:57","date_gmt":"2022-12-15T14:53:57","guid":{"rendered":"https:\/\/www.biopapa.lt\/?post_type=product&#038;p=21867"},"modified":"2026-02-23T12:58:31","modified_gmt":"2026-02-23T10:58:31","slug":"ekologiskos-kumino-seklos","status":"publish","type":"product","link":"https:\/\/www.biopapa.de\/lt\/producte\/ekologiskos-kumino-seklos\/","title":{"rendered":"Ekologi\u0161kos kumino s\u0117klos"},"content":{"rendered":"<p>Nuo a\u0161tri\u0173 lotyni\u0161k\u0173 patiekal\u0173 iki pikanti\u0161k\u0173 Indijos ir Artim\u0173j\u0173 Ryt\u0173 virtuv\u0117s \u2013 <strong>kuminas<\/strong> neturi sien\u0173. Nors tai ma\u017ea, paprasta s\u0117kla, ji pasi\u017eymi ypatingu skoniu, kuris puikiai papildo \u012fvairius patiekalus. Nuo kario iki s\u016bri\u0173 bei pada\u017e\u0173 \u2013 kuminas yra daugelio tarptautini\u0173 m\u0117gstamiausi\u0173 patiekal\u0173 pagrindas ir yra pla\u010diai m\u0117giamas visame pasaulyje.<br \/>\nArtimuosiuose Rytuose, \u0160iaur\u0117s Afrikoje ir Indijoje kaip esminis prieskonis nacionaliniuose patiekaluose, tokiuose kaip kuskusas, baharatas, \u010datnis ir karis.<br \/>\nKumino s\u0117klos yra nedideli d\u017eiovinti vaisiai, gaunami i\u0161 ma\u017eo Umbelliferae augalo, priklausan\u010dio tai pa\u010diai augal\u0173 \u0161eimai kaip petra\u017eol\u0117s, morkos, krapai ir kmynai. \u0160is augalas yra kil\u0119s i\u0161 Vidur\u017eemio j\u016bros regiono ir Egipto, jis auginamas vakarin\u0117je Vidur\u017eemio j\u016bros dalyje per Vidurinius Rytus ir Indij\u0105.<br \/>\nKadangi kuminas prisitaiko tiek \u0161iltam, tiek v\u0117siam klimatui, jie lengvai auginami visame pasaulyje. Beje, did\u017eiausia populiari\u0173 prieskoni\u0173 gamintoja ir vartotoja yra Indija.<\/p>\n<p>Kumino s\u0117klos (Cuminum cyminum) yra viena geriausi\u0173 prieskoni\u0173, palaikan\u010di\u0173 sveik\u0105 vir\u0161kinim\u0105. Indijoje, jo sanskrito pavadinimas pa\u017eod\u017eiui rei\u0161kia \u201eskatina vir\u0161kinim\u0105\u201c. Kuminas ne tik suteikia maistui skon\u012f, bet ir skatina vir\u0161kinimo ugn\u012f, skatina sveik\u0105 pasisavinim\u0105 ir pa\u0161alina toksinus i\u0161 vir\u0161kinimo trakto. S\u0117klos taip pat da\u017enai kramtomos po valgio, pagerinti vir\u0161kinim\u0105 ir pa\u0161alinti maisto kvap\u0105.<br \/>\nKumino s\u0117klos yra bly\u0161kios, gelsvai \u017ealios spalvos, pailgos formos. Jos turi devynias i\u0161kilusias keteras. S\u0117klos pana\u0161ios \u012f kmynus. Nenuostabu, kad kumino s\u0117klos da\u017enai painiojamos su kmynais d\u0117l j\u0173 stipraus pana\u0161umo ir pana\u0161aus aromato. Labiausiai pastebimas skirtumas tarp \u0161i\u0173 dviej\u0173 yra tas, kad kmyn\u0173 s\u0117klos yra \u0161viesesn\u0117s spalvos ir yra padengtos labai smulkiais, vos matomais \u0161ereliais.<\/p>\n<p>Kuminas da\u017enai apib\u016bdinami kaip pasi\u017eymintis stipriu skoniu, \u0161iltu ir \u017eemi\u0161ku, a\u0161traus kartaus saldaus aromato ir lengv\u0173 citrusini\u0173 atspalvi\u0173. Kuminas paprastai lyginamas su kmynais kaip \u0161iek tiek a\u0161tresn\u0117 alternatyva.<br \/>\nNors spalva ir skonis skirtinguose regionuose skiriasi, kumino skoniui ma\u017eiau \u012ftakos turi kilm\u0117, o daugiau \u2013 aliejaus kiekis. Kuo didesnis aliejaus kiekis, tuo kvapnesnis kuminas.<br \/>\nKmyn\u0173 s\u0117kl\u0173 eterinio aliejaus kiekis svyruoja nuo 2 iki 5%, mes gauname auk\u0161\u010diausios kokyb\u0117s s\u0117klas, kuri\u0173 kiekis svyruoja nuo 3 iki 5%, kad b\u016bt\u0173 u\u017etikrintas intensyvus skonis. Svarbu pa\u017eym\u0117ti, kad kuminas turi b\u016bti laikomas sandariai u\u017edarytas ir apsaugotas nuo dr\u0117gm\u0117s.<\/p>\n<p><strong>Arbatos receptas:<br \/>\n<\/strong>Paimkite po 0,5 arbatin\u012f \u0161auk\u0161tel\u012f kumino s\u0117kl\u0173, kalendros s\u0117kl\u0173 ir pankoli\u0173 s\u0117kl\u0173.<br \/>\nGalima \u0161iek tiek patrai\u0161kyti s\u0117klas, ir pamirkykite 0,5 l \u0161ilto vandens bent vien\u0105 valand\u0105.<br \/>\nTada u\u017evirinkite vanden\u012f su \u0161iais trimis ingredientais ir virkite ant ma\u017eos ugnies 15 minu\u010di\u0173. Nepamir\u0161kite u\u017edengti puodo.<br \/>\nLeiskite atv\u0117sti 5\u201310 minu\u010di\u0173.<\/p>\n<p>\u0160i arbata gali pad\u0117ti numesti svorio, atsikratyti duj\u0173 ir kit\u0173 pilvo problem\u0173.<br \/>\nVisi trys \u0161ioje arbatoje esantys ingredientai yra riebal\u0173 degintojai, tod\u0117l \u0161i arbata taip pat ma\u017eina riebal\u0173 kaupim\u0105si organizme.<br \/>\nTaip pat naudinga gerinant med\u017eiag\u0173 apykait\u0105 organizme, koreguoja kepen\u0173 funkcijas ir padidina tul\u017eies sekrecij\u0105, kuri skatina tinkam\u0105 riebal\u0173 apykait\u0105.<br \/>\nBe to, arbata turi \u017eem\u0105 glikemijos indeks\u0105, o tai yra papildoma nauda \u012ftraukus j\u0105 \u012f svorio metimo diet\u0105.<br \/>\nArbata ramina prot\u0105 ir atpalaiduoja nerv\u0173 sistem\u0105. \u0160is poveikis pastebimas d\u0117l \u0161ioje arbatoje esan\u010di\u0173 kalendr\u0173 ir pankoli\u0173 s\u0117kl\u0173.<br \/>\nGalima naudoti k\u016bdikiams, ken\u010diantiems nuo duj\u0173, pilvo diegli\u0173 ir r\u016bg\u0161tingumo, nes suma\u017eina r\u016bg\u0161\u010di\u0173 kiek\u012f skrandyje ir apsaugo nuo pieno atpylimo.<br \/>\nArbatoje esantys ingredientai veikia kaip antacidiniai vaistai ir ma\u017eina r\u016bg\u0161\u010di\u0173 pertekli\u0173 skrandyje. \u017dmon\u0117s, ken\u010diantys nuo \u0161i\u0173 problem\u0173, gali gerti \u0161i\u0105 arbat\u0105 kiekvien\u0105 dien\u0105.<br \/>\nKumino ir pankoli\u0173 s\u0117klos yra gerai \u017einomos galaktagogas. Arbata, kurioje yra \u0161i\u0173 ingredient\u0173, padidina motinos pieno kiek\u012f.<br \/>\nArbata turi valom\u0105j\u012f poveik\u012f organizmui. \u0160i\u0105 priemon\u0119 galite naudoti gaubtin\u0117s \u017earnos valymui.<br \/>\nArbatoje esantis kuminas padeda geriau \u012fsisavinti organizme svarbiausias maistines med\u017eiagas.<br \/>\nArbata gali pad\u0117ti pilvo spazmams menstruacij\u0173 metu palengvinti. Ta\u010diau kuminas taip pat skatina menstruacijas, tod\u0117l jo negalima vartoti esant gausiam kraujavimui.<\/p>\n<p><strong>Pastaba<\/strong><br \/>\nN\u0117\u0161tumo metu tur\u0117tum\u0117te to vengti, nes pankoli\u0173 s\u0117klos gali b\u016bti susijusios su gimdos susitraukim\u0173 stimuliavimu.<\/p>\n<p><em>PASTABA. \u010cia pateikta informacija negali b\u016bti interpretuojama kaip gydymo ar kitokio pob\u016bd\u017eio sveikatos klausim\u0173 sprendimo rekomendacija. Raginame sprendimus, susijusius su asmenine sveikata, priimti asmeni\u0161kai, \u012fvertinus \u012fvairius informacijos \u0161altinius. <\/em><\/p>\n","protected":false},"excerpt":{"rendered":"<p>Nuo a\u0161tri\u0173 lotyni\u0161k\u0173 patiekal\u0173 iki pikanti\u0161k\u0173 Indijos ir Artim\u0173j\u0173 Ryt\u0173 virtuv\u0117s \u2013 kuminas neturi sien\u0173. Nors tai ma\u017ea, paprasta s\u0117kla,<\/p>\n","protected":false},"featured_media":21875,"template":"","meta":{"_acf_changed":false},"product_brand":[],"product_cat":[1315],"product_tag":[1378,1382],"class_list":{"0":"post-21867","1":"product","2":"type-product","3":"status-publish","4":"has-post-thumbnail","6":"product_cat-ekologiski-prieskoniai","7":"product_tag-veganams","8":"product_tag-zaliavalgiams","9":"pa_svoris-1-kg","10":"pa_svoris-100-g","11":"pa_svoris-200-g","12":"pa_svoris-300-g","13":"pa_svoris-400-g","14":"pa_svoris-50-g","15":"pa_svoris-500-g","17":"first","18":"instock","19":"shipping-taxable","20":"purchasable","21":"product-type-variable"},"acf":[],"yoast_head":"<!-- This site is optimized with the Yoast SEO plugin v27.5 - https:\/\/yoast.com\/product\/yoast-seo-wordpress\/ -->\n<title>Ekologi\u0161kos kumino s\u0117klos - Biopapa<\/title>\n<meta name=\"description\" content=\"Kumino s\u0117klos (Cuminum cyminum) yra viena geriausi\u0173 prieskoni\u0173, palaikan\u010di\u0173 sveik\u0105 vir\u0161kinim\u0105. Indijoje, jo sanskrito pavadinimas pa\u017eod\u017eiui rei\u0161kia \u201eskatina vir\u0161kinim\u0105\u201c.\" \/>\n<meta name=\"robots\" content=\"index, follow, max-snippet:-1, max-image-preview:large, max-video-preview:-1\" \/>\n<link rel=\"canonical\" href=\"https:\/\/www.biopapa.de\/lt\/producte\/ekologiskos-kumino-seklos\/\" \/>\n<meta property=\"og:locale\" content=\"lt_LT\" \/>\n<meta property=\"og:type\" content=\"article\" \/>\n<meta property=\"og:title\" content=\"Ekologi\u0161kos kumino s\u0117klos - Biopapa\" \/>\n<meta property=\"og:description\" content=\"Kumino s\u0117klos (Cuminum cyminum) yra viena geriausi\u0173 prieskoni\u0173, palaikan\u010di\u0173 sveik\u0105 vir\u0161kinim\u0105. Indijoje, jo sanskrito pavadinimas pa\u017eod\u017eiui rei\u0161kia \u201eskatina vir\u0161kinim\u0105\u201c.\" \/>\n<meta property=\"og:url\" content=\"https:\/\/www.biopapa.de\/lt\/producte\/ekologiskos-kumino-seklos\/\" \/>\n<meta property=\"og:site_name\" content=\"Biopapa\" \/>\n<meta property=\"article:publisher\" content=\"https:\/\/www.facebook.com\/biopapa.lt\" \/>\n<meta property=\"article:modified_time\" content=\"2026-02-23T10:58:31+00:00\" \/>\n<meta property=\"og:image\" content=\"https:\/\/www.biopapa.de\/wp-content\/uploads\/2022\/12\/kuminas-seklos.png\" \/>\n\t<meta property=\"og:image:width\" content=\"800\" \/>\n\t<meta property=\"og:image:height\" content=\"640\" \/>\n\t<meta property=\"og:image:type\" content=\"image\/png\" \/>\n<meta name=\"twitter:card\" content=\"summary_large_image\" \/>\n<meta name=\"twitter:label1\" content=\"Est. reading time\" \/>\n\t<meta name=\"twitter:data1\" content=\"4 minut\u0117s\" \/>\n<script type=\"application\/ld+json\" class=\"yoast-schema-graph\">{\"@context\":\"https:\\\/\\\/schema.org\",\"@graph\":[{\"@type\":\"WebPage\",\"@id\":\"https:\\\/\\\/www.biopapa.de\\\/lt\\\/producte\\\/ekologiskos-kumino-seklos\\\/\",\"url\":\"https:\\\/\\\/www.biopapa.de\\\/lt\\\/producte\\\/ekologiskos-kumino-seklos\\\/\",\"name\":\"Ekologi\u0161kos kumino s\u0117klos - Biopapa\",\"isPartOf\":{\"@id\":\"https:\\\/\\\/www.biopapa.de\\\/lt\\\/#website\"},\"primaryImageOfPage\":{\"@id\":\"https:\\\/\\\/www.biopapa.de\\\/lt\\\/producte\\\/ekologiskos-kumino-seklos\\\/#primaryimage\"},\"image\":{\"@id\":\"https:\\\/\\\/www.biopapa.de\\\/lt\\\/producte\\\/ekologiskos-kumino-seklos\\\/#primaryimage\"},\"thumbnailUrl\":\"https:\\\/\\\/www.biopapa.de\\\/wp-content\\\/uploads\\\/2022\\\/12\\\/kuminas-seklos.png\",\"datePublished\":\"2022-12-15T14:53:57+00:00\",\"dateModified\":\"2026-02-23T10:58:31+00:00\",\"description\":\"Kumino s\u0117klos (Cuminum cyminum) yra viena geriausi\u0173 prieskoni\u0173, palaikan\u010di\u0173 sveik\u0105 vir\u0161kinim\u0105. Indijoje, jo sanskrito pavadinimas pa\u017eod\u017eiui rei\u0161kia \u201eskatina vir\u0161kinim\u0105\u201c.\",\"breadcrumb\":{\"@id\":\"https:\\\/\\\/www.biopapa.de\\\/lt\\\/producte\\\/ekologiskos-kumino-seklos\\\/#breadcrumb\"},\"inLanguage\":\"lt-LT\",\"potentialAction\":[{\"@type\":\"ReadAction\",\"target\":[\"https:\\\/\\\/www.biopapa.de\\\/lt\\\/producte\\\/ekologiskos-kumino-seklos\\\/\"]}]},{\"@type\":\"ImageObject\",\"inLanguage\":\"lt-LT\",\"@id\":\"https:\\\/\\\/www.biopapa.de\\\/lt\\\/producte\\\/ekologiskos-kumino-seklos\\\/#primaryimage\",\"url\":\"https:\\\/\\\/www.biopapa.de\\\/wp-content\\\/uploads\\\/2022\\\/12\\\/kuminas-seklos.png\",\"contentUrl\":\"https:\\\/\\\/www.biopapa.de\\\/wp-content\\\/uploads\\\/2022\\\/12\\\/kuminas-seklos.png\",\"width\":800,\"height\":640,\"caption\":\"Ekologi\u0161kos kumino s\u0117klos\"},{\"@type\":\"BreadcrumbList\",\"@id\":\"https:\\\/\\\/www.biopapa.de\\\/lt\\\/producte\\\/ekologiskos-kumino-seklos\\\/#breadcrumb\",\"itemListElement\":[{\"@type\":\"ListItem\",\"position\":1,\"name\":\"Home\",\"item\":\"https:\\\/\\\/www.biopapa.de\\\/lt\\\/\"},{\"@type\":\"ListItem\",\"position\":2,\"name\":\"Parduotuv\u0117\",\"item\":\"https:\\\/\\\/www.biopapa.de\\\/parduotuve\\\/\"},{\"@type\":\"ListItem\",\"position\":3,\"name\":\"Ekologi\u0161kos kumino s\u0117klos\"}]},{\"@type\":\"WebSite\",\"@id\":\"https:\\\/\\\/www.biopapa.de\\\/lt\\\/#website\",\"url\":\"https:\\\/\\\/www.biopapa.de\\\/lt\\\/\",\"name\":\"Biopapa\",\"description\":\"\u0160var\u016bs ekologi\u0161ki produktai\",\"publisher\":{\"@id\":\"https:\\\/\\\/www.biopapa.de\\\/lt\\\/#organization\"},\"potentialAction\":[{\"@type\":\"SearchAction\",\"target\":{\"@type\":\"EntryPoint\",\"urlTemplate\":\"https:\\\/\\\/www.biopapa.de\\\/lt\\\/?s={search_term_string}\"},\"query-input\":{\"@type\":\"PropertyValueSpecification\",\"valueRequired\":true,\"valueName\":\"search_term_string\"}}],\"inLanguage\":\"lt-LT\"},{\"@type\":\"Organization\",\"@id\":\"https:\\\/\\\/www.biopapa.de\\\/lt\\\/#organization\",\"name\":\"Biopapa\",\"url\":\"https:\\\/\\\/www.biopapa.de\\\/lt\\\/\",\"logo\":{\"@type\":\"ImageObject\",\"inLanguage\":\"lt-LT\",\"@id\":\"https:\\\/\\\/www.biopapa.de\\\/lt\\\/#\\\/schema\\\/logo\\\/image\\\/\",\"url\":\"https:\\\/\\\/www.biopapa.lt\\\/wp-content\\\/uploads\\\/2022\\\/04\\\/facebook_biopapa.jpg\",\"contentUrl\":\"https:\\\/\\\/www.biopapa.lt\\\/wp-content\\\/uploads\\\/2022\\\/04\\\/facebook_biopapa.jpg\",\"width\":1733,\"height\":907,\"caption\":\"Biopapa\"},\"image\":{\"@id\":\"https:\\\/\\\/www.biopapa.de\\\/lt\\\/#\\\/schema\\\/logo\\\/image\\\/\"},\"sameAs\":[\"https:\\\/\\\/www.facebook.com\\\/biopapa.lt\"]}]}<\/script>\n<!-- \/ Yoast SEO plugin. -->","yoast_head_json":{"title":"Ekologi\u0161kos kumino s\u0117klos - Biopapa","description":"Kumino s\u0117klos (Cuminum cyminum) yra viena geriausi\u0173 prieskoni\u0173, palaikan\u010di\u0173 sveik\u0105 vir\u0161kinim\u0105. Indijoje, jo sanskrito pavadinimas pa\u017eod\u017eiui rei\u0161kia \u201eskatina vir\u0161kinim\u0105\u201c.","robots":{"index":"index","follow":"follow","max-snippet":"max-snippet:-1","max-image-preview":"max-image-preview:large","max-video-preview":"max-video-preview:-1"},"canonical":"https:\/\/www.biopapa.de\/lt\/producte\/ekologiskos-kumino-seklos\/","og_locale":"lt_LT","og_type":"article","og_title":"Ekologi\u0161kos kumino s\u0117klos - Biopapa","og_description":"Kumino s\u0117klos (Cuminum cyminum) yra viena geriausi\u0173 prieskoni\u0173, palaikan\u010di\u0173 sveik\u0105 vir\u0161kinim\u0105. Indijoje, jo sanskrito pavadinimas pa\u017eod\u017eiui rei\u0161kia \u201eskatina vir\u0161kinim\u0105\u201c.","og_url":"https:\/\/www.biopapa.de\/lt\/producte\/ekologiskos-kumino-seklos\/","og_site_name":"Biopapa","article_publisher":"https:\/\/www.facebook.com\/biopapa.lt","article_modified_time":"2026-02-23T10:58:31+00:00","og_image":[{"width":800,"height":640,"url":"https:\/\/www.biopapa.de\/wp-content\/uploads\/2022\/12\/kuminas-seklos.png","type":"image\/png"}],"twitter_card":"summary_large_image","twitter_misc":{"Est. reading time":"4 minut\u0117s"},"schema":{"@context":"https:\/\/schema.org","@graph":[{"@type":"WebPage","@id":"https:\/\/www.biopapa.de\/lt\/producte\/ekologiskos-kumino-seklos\/","url":"https:\/\/www.biopapa.de\/lt\/producte\/ekologiskos-kumino-seklos\/","name":"Ekologi\u0161kos kumino s\u0117klos - Biopapa","isPartOf":{"@id":"https:\/\/www.biopapa.de\/lt\/#website"},"primaryImageOfPage":{"@id":"https:\/\/www.biopapa.de\/lt\/producte\/ekologiskos-kumino-seklos\/#primaryimage"},"image":{"@id":"https:\/\/www.biopapa.de\/lt\/producte\/ekologiskos-kumino-seklos\/#primaryimage"},"thumbnailUrl":"https:\/\/www.biopapa.de\/wp-content\/uploads\/2022\/12\/kuminas-seklos.png","datePublished":"2022-12-15T14:53:57+00:00","dateModified":"2026-02-23T10:58:31+00:00","description":"Kumino s\u0117klos (Cuminum cyminum) yra viena geriausi\u0173 prieskoni\u0173, palaikan\u010di\u0173 sveik\u0105 vir\u0161kinim\u0105. Indijoje, jo sanskrito pavadinimas pa\u017eod\u017eiui rei\u0161kia \u201eskatina vir\u0161kinim\u0105\u201c.","breadcrumb":{"@id":"https:\/\/www.biopapa.de\/lt\/producte\/ekologiskos-kumino-seklos\/#breadcrumb"},"inLanguage":"lt-LT","potentialAction":[{"@type":"ReadAction","target":["https:\/\/www.biopapa.de\/lt\/producte\/ekologiskos-kumino-seklos\/"]}]},{"@type":"ImageObject","inLanguage":"lt-LT","@id":"https:\/\/www.biopapa.de\/lt\/producte\/ekologiskos-kumino-seklos\/#primaryimage","url":"https:\/\/www.biopapa.de\/wp-content\/uploads\/2022\/12\/kuminas-seklos.png","contentUrl":"https:\/\/www.biopapa.de\/wp-content\/uploads\/2022\/12\/kuminas-seklos.png","width":800,"height":640,"caption":"Ekologi\u0161kos kumino s\u0117klos"},{"@type":"BreadcrumbList","@id":"https:\/\/www.biopapa.de\/lt\/producte\/ekologiskos-kumino-seklos\/#breadcrumb","itemListElement":[{"@type":"ListItem","position":1,"name":"Home","item":"https:\/\/www.biopapa.de\/lt\/"},{"@type":"ListItem","position":2,"name":"Parduotuv\u0117","item":"https:\/\/www.biopapa.de\/parduotuve\/"},{"@type":"ListItem","position":3,"name":"Ekologi\u0161kos kumino s\u0117klos"}]},{"@type":"WebSite","@id":"https:\/\/www.biopapa.de\/lt\/#website","url":"https:\/\/www.biopapa.de\/lt\/","name":"Biopapa","description":"\u0160var\u016bs ekologi\u0161ki produktai","publisher":{"@id":"https:\/\/www.biopapa.de\/lt\/#organization"},"potentialAction":[{"@type":"SearchAction","target":{"@type":"EntryPoint","urlTemplate":"https:\/\/www.biopapa.de\/lt\/?s={search_term_string}"},"query-input":{"@type":"PropertyValueSpecification","valueRequired":true,"valueName":"search_term_string"}}],"inLanguage":"lt-LT"},{"@type":"Organization","@id":"https:\/\/www.biopapa.de\/lt\/#organization","name":"Biopapa","url":"https:\/\/www.biopapa.de\/lt\/","logo":{"@type":"ImageObject","inLanguage":"lt-LT","@id":"https:\/\/www.biopapa.de\/lt\/#\/schema\/logo\/image\/","url":"https:\/\/www.biopapa.lt\/wp-content\/uploads\/2022\/04\/facebook_biopapa.jpg","contentUrl":"https:\/\/www.biopapa.lt\/wp-content\/uploads\/2022\/04\/facebook_biopapa.jpg","width":1733,"height":907,"caption":"Biopapa"},"image":{"@id":"https:\/\/www.biopapa.de\/lt\/#\/schema\/logo\/image\/"},"sameAs":["https:\/\/www.facebook.com\/biopapa.lt"]}]}},"_links":{"self":[{"href":"https:\/\/www.biopapa.de\/lt\/wp-json\/wp\/v2\/product\/21867","targetHints":{"allow":["GET"]}}],"collection":[{"href":"https:\/\/www.biopapa.de\/lt\/wp-json\/wp\/v2\/product"}],"about":[{"href":"https:\/\/www.biopapa.de\/lt\/wp-json\/wp\/v2\/types\/product"}],"wp:featuredmedia":[{"embeddable":true,"href":"https:\/\/www.biopapa.de\/lt\/wp-json\/wp\/v2\/media\/21875"}],"wp:attachment":[{"href":"https:\/\/www.biopapa.de\/lt\/wp-json\/wp\/v2\/media?parent=21867"}],"wp:term":[{"taxonomy":"product_brand","embeddable":true,"href":"https:\/\/www.biopapa.de\/lt\/wp-json\/wp\/v2\/product_brand?post=21867"},{"taxonomy":"product_cat","embeddable":true,"href":"https:\/\/www.biopapa.de\/lt\/wp-json\/wp\/v2\/product_cat?post=21867"},{"taxonomy":"product_tag","embeddable":true,"href":"https:\/\/www.biopapa.de\/lt\/wp-json\/wp\/v2\/product_tag?post=21867"}],"curies":[{"name":"wp","href":"https:\/\/api.w.org\/{rel}","templated":true}]}}