{"id":21904,"date":"2022-12-16T13:33:10","date_gmt":"2022-12-16T11:33:10","guid":{"rendered":"https:\/\/www.biopapa.lt\/?post_type=product&#038;p=21904"},"modified":"2026-02-17T08:24:03","modified_gmt":"2026-02-17T06:24:03","slug":"ekologiski-dziovintu-mangu-rutuliukai","status":"publish","type":"product","link":"https:\/\/www.biopapa.de\/lt\/producte\/ekologiski-dziovintu-mangu-rutuliukai\/","title":{"rendered":"Ekologi\u0161ki d\u017eiovint\u0173 mang\u0173 rutuliukai"},"content":{"rendered":"<p>Ekologi\u0161ki d\u017eiovint\u0173 mang\u0173 rutuliukai\u00a0\u2013 sveikas skan\u0117stas, kuriuo gali m\u0117gautis visa \u0161eima.<br \/>\nNat\u016bralus vaisiuose esantis cukrus suteikia greit\u0105 ir nat\u016bral\u0173 energijos u\u017etais\u0105, tod\u0117l \u0161ie rutuliukai \u2013 puikus pasirinkimas energijos suteikian\u010diam u\u017ekand\u017eiui tiek vaikams, tiek suaugusiesiems prie\u0161 treniruotes ar \u012ftemptomis dienomis.<br \/>\nJuose esantis skaidul\u0173 kiekis gali pad\u0117ti valdyti alk\u012f.<br \/>\n\u0160iais mang\u0173 rutuliukais galima m\u0117gautis kaip u\u017ekand\u017eiu arba k\u016brybi\u0161kai panaudoti juos receptuose. Nuo paprasto skan\u0117sto iki pusry\u010di\u0173 duben\u0117lio \u2013 j\u0173 nat\u016bralus saldumas \u012fvairiems patiekalams suteiks \u0161velnaus tropinio poj\u016b\u010dio.<br \/>\nEkologi\u0161ki d\u017eiovint\u0173 mang\u0173 rutuliukai pagaminti i\u0161 100% d\u017eiovint\u0173 mang\u0173, be prid\u0117tinio cukraus.<\/p>\n<p>Tegul maistas b\u016bna J\u016bs\u0173 vaistas!<\/p>\n<p><em>PASTABA. Svetain\u0117je pateikiama informacija negali b\u016bti interpretuojama kaip gydymo ar kitokio pob\u016bd\u017eio sveikatos klausim\u0173 sprendimo rekomendacija. Raginame sprendimus, susijusius su asmenine sveikata, priimti asmeni\u0161kai, \u012fvertinus \u012fvairius informacijos \u0161altinius.<\/em><\/p>\n","protected":false},"excerpt":{"rendered":"<p>Ekologi\u0161ki d\u017eiovint\u0173 mang\u0173 rutuliukai\u00a0\u2013 sveikas skan\u0117stas, kuriuo gali m\u0117gautis visa \u0161eima. Nat\u016bralus vaisiuose esantis cukrus suteikia greit\u0105 ir nat\u016bral\u0173 energijos<\/p>\n","protected":false},"featured_media":21913,"template":"","meta":{"_acf_changed":false},"product_brand":[],"product_cat":[1934,1228,1902],"product_tag":[1381,1497,1378],"class_list":{"0":"post-21904","1":"product","2":"type-product","3":"status-publish","4":"has-post-thumbnail","6":"product_cat-dziovinti-vaisiai","7":"product_cat-ekologiski-dziovinti-vaisiai-uogos-darzoves","8":"product_cat-vaikams","9":"product_tag-be-pridetinio-cukraus","10":"product_tag-ne-gmo","11":"product_tag-veganams","12":"pa_svoris-1-kg","13":"pa_svoris-100-g","14":"pa_svoris-14-kg","15":"pa_svoris-2-kg","16":"pa_svoris-200-g","17":"pa_svoris-300-g","18":"pa_svoris-400-g","19":"pa_svoris-500-g","21":"first","22":"instock","23":"shipping-taxable","24":"purchasable","25":"product-type-variable"},"acf":[],"yoast_head":"<!-- This site is optimized with the Yoast SEO plugin v27.5 - https:\/\/yoast.com\/product\/yoast-seo-wordpress\/ -->\n<title>Ekologi\u0161ki d\u017eiovint\u0173 mang\u0173 rutuliukai - Biopapa<\/title>\n<meta name=\"description\" content=\"Intensyvaus skonio ir aromato ekologi\u0161ki d\u017eiovint\u0173 mang\u0173 rutuliukai. Skanus u\u017ekandis, patiks ir vaikui ir suaugusiam.Be cukraus.\" \/>\n<meta name=\"robots\" content=\"index, follow, max-snippet:-1, max-image-preview:large, max-video-preview:-1\" \/>\n<link rel=\"canonical\" href=\"https:\/\/www.biopapa.de\/lt\/producte\/ekologiski-dziovintu-mangu-rutuliukai\/\" \/>\n<meta property=\"og:locale\" content=\"lt_LT\" \/>\n<meta property=\"og:type\" content=\"article\" \/>\n<meta property=\"og:title\" content=\"Ekologi\u0161ki d\u017eiovint\u0173 mang\u0173 rutuliukai - Biopapa\" \/>\n<meta property=\"og:description\" content=\"Intensyvaus skonio ir aromato ekologi\u0161ki d\u017eiovint\u0173 mang\u0173 rutuliukai. Skanus u\u017ekandis, patiks ir vaikui ir suaugusiam.Be cukraus.\" \/>\n<meta property=\"og:url\" content=\"https:\/\/www.biopapa.de\/lt\/producte\/ekologiski-dziovintu-mangu-rutuliukai\/\" \/>\n<meta property=\"og:site_name\" content=\"Biopapa\" \/>\n<meta property=\"article:publisher\" content=\"https:\/\/www.facebook.com\/biopapa.lt\" \/>\n<meta property=\"article:modified_time\" content=\"2026-02-17T06:24:03+00:00\" \/>\n<meta property=\"og:image\" content=\"https:\/\/www.biopapa.de\/wp-content\/uploads\/2022\/12\/mango-rutuliukai.png\" \/>\n\t<meta property=\"og:image:width\" content=\"800\" \/>\n\t<meta property=\"og:image:height\" content=\"640\" \/>\n\t<meta property=\"og:image:type\" content=\"image\/png\" \/>\n<meta name=\"twitter:card\" content=\"summary_large_image\" \/>\n<meta name=\"twitter:label1\" content=\"Est. reading time\" \/>\n\t<meta name=\"twitter:data1\" content=\"1 minut\u0117\" \/>\n<script type=\"application\/ld+json\" class=\"yoast-schema-graph\">{\"@context\":\"https:\\\/\\\/schema.org\",\"@graph\":[{\"@type\":\"WebPage\",\"@id\":\"https:\\\/\\\/www.biopapa.de\\\/lt\\\/producte\\\/ekologiski-dziovintu-mangu-rutuliukai\\\/\",\"url\":\"https:\\\/\\\/www.biopapa.de\\\/lt\\\/producte\\\/ekologiski-dziovintu-mangu-rutuliukai\\\/\",\"name\":\"Ekologi\u0161ki d\u017eiovint\u0173 mang\u0173 rutuliukai - Biopapa\",\"isPartOf\":{\"@id\":\"https:\\\/\\\/www.biopapa.de\\\/lt\\\/#website\"},\"primaryImageOfPage\":{\"@id\":\"https:\\\/\\\/www.biopapa.de\\\/lt\\\/producte\\\/ekologiski-dziovintu-mangu-rutuliukai\\\/#primaryimage\"},\"image\":{\"@id\":\"https:\\\/\\\/www.biopapa.de\\\/lt\\\/producte\\\/ekologiski-dziovintu-mangu-rutuliukai\\\/#primaryimage\"},\"thumbnailUrl\":\"https:\\\/\\\/www.biopapa.de\\\/wp-content\\\/uploads\\\/2022\\\/12\\\/mango-rutuliukai.png\",\"datePublished\":\"2022-12-16T11:33:10+00:00\",\"dateModified\":\"2026-02-17T06:24:03+00:00\",\"description\":\"Intensyvaus skonio ir aromato ekologi\u0161ki d\u017eiovint\u0173 mang\u0173 rutuliukai. Skanus u\u017ekandis, patiks ir vaikui ir suaugusiam.Be cukraus.\",\"breadcrumb\":{\"@id\":\"https:\\\/\\\/www.biopapa.de\\\/lt\\\/producte\\\/ekologiski-dziovintu-mangu-rutuliukai\\\/#breadcrumb\"},\"inLanguage\":\"lt-LT\",\"potentialAction\":[{\"@type\":\"ReadAction\",\"target\":[\"https:\\\/\\\/www.biopapa.de\\\/lt\\\/producte\\\/ekologiski-dziovintu-mangu-rutuliukai\\\/\"]}]},{\"@type\":\"ImageObject\",\"inLanguage\":\"lt-LT\",\"@id\":\"https:\\\/\\\/www.biopapa.de\\\/lt\\\/producte\\\/ekologiski-dziovintu-mangu-rutuliukai\\\/#primaryimage\",\"url\":\"https:\\\/\\\/www.biopapa.de\\\/wp-content\\\/uploads\\\/2022\\\/12\\\/mango-rutuliukai.png\",\"contentUrl\":\"https:\\\/\\\/www.biopapa.de\\\/wp-content\\\/uploads\\\/2022\\\/12\\\/mango-rutuliukai.png\",\"width\":800,\"height\":640,\"caption\":\"Ekologi\u0161ki d\u017eiovint\u0173 mang\u0173 rutuliukai\"},{\"@type\":\"BreadcrumbList\",\"@id\":\"https:\\\/\\\/www.biopapa.de\\\/lt\\\/producte\\\/ekologiski-dziovintu-mangu-rutuliukai\\\/#breadcrumb\",\"itemListElement\":[{\"@type\":\"ListItem\",\"position\":1,\"name\":\"Home\",\"item\":\"https:\\\/\\\/www.biopapa.de\\\/lt\\\/\"},{\"@type\":\"ListItem\",\"position\":2,\"name\":\"Parduotuv\u0117\",\"item\":\"https:\\\/\\\/www.biopapa.de\\\/parduotuve\\\/\"},{\"@type\":\"ListItem\",\"position\":3,\"name\":\"Ekologi\u0161ki d\u017eiovint\u0173 mang\u0173 rutuliukai\"}]},{\"@type\":\"WebSite\",\"@id\":\"https:\\\/\\\/www.biopapa.de\\\/lt\\\/#website\",\"url\":\"https:\\\/\\\/www.biopapa.de\\\/lt\\\/\",\"name\":\"Biopapa\",\"description\":\"\u0160var\u016bs ekologi\u0161ki produktai\",\"publisher\":{\"@id\":\"https:\\\/\\\/www.biopapa.de\\\/lt\\\/#organization\"},\"potentialAction\":[{\"@type\":\"SearchAction\",\"target\":{\"@type\":\"EntryPoint\",\"urlTemplate\":\"https:\\\/\\\/www.biopapa.de\\\/lt\\\/?s={search_term_string}\"},\"query-input\":{\"@type\":\"PropertyValueSpecification\",\"valueRequired\":true,\"valueName\":\"search_term_string\"}}],\"inLanguage\":\"lt-LT\"},{\"@type\":\"Organization\",\"@id\":\"https:\\\/\\\/www.biopapa.de\\\/lt\\\/#organization\",\"name\":\"Biopapa\",\"url\":\"https:\\\/\\\/www.biopapa.de\\\/lt\\\/\",\"logo\":{\"@type\":\"ImageObject\",\"inLanguage\":\"lt-LT\",\"@id\":\"https:\\\/\\\/www.biopapa.de\\\/lt\\\/#\\\/schema\\\/logo\\\/image\\\/\",\"url\":\"https:\\\/\\\/www.biopapa.lt\\\/wp-content\\\/uploads\\\/2022\\\/04\\\/facebook_biopapa.jpg\",\"contentUrl\":\"https:\\\/\\\/www.biopapa.lt\\\/wp-content\\\/uploads\\\/2022\\\/04\\\/facebook_biopapa.jpg\",\"width\":1733,\"height\":907,\"caption\":\"Biopapa\"},\"image\":{\"@id\":\"https:\\\/\\\/www.biopapa.de\\\/lt\\\/#\\\/schema\\\/logo\\\/image\\\/\"},\"sameAs\":[\"https:\\\/\\\/www.facebook.com\\\/biopapa.lt\"]}]}<\/script>\n<!-- \/ Yoast SEO plugin. -->","yoast_head_json":{"title":"Ekologi\u0161ki d\u017eiovint\u0173 mang\u0173 rutuliukai - Biopapa","description":"Intensyvaus skonio ir aromato ekologi\u0161ki d\u017eiovint\u0173 mang\u0173 rutuliukai. Skanus u\u017ekandis, patiks ir vaikui ir suaugusiam.Be cukraus.","robots":{"index":"index","follow":"follow","max-snippet":"max-snippet:-1","max-image-preview":"max-image-preview:large","max-video-preview":"max-video-preview:-1"},"canonical":"https:\/\/www.biopapa.de\/lt\/producte\/ekologiski-dziovintu-mangu-rutuliukai\/","og_locale":"lt_LT","og_type":"article","og_title":"Ekologi\u0161ki d\u017eiovint\u0173 mang\u0173 rutuliukai - Biopapa","og_description":"Intensyvaus skonio ir aromato ekologi\u0161ki d\u017eiovint\u0173 mang\u0173 rutuliukai. Skanus u\u017ekandis, patiks ir vaikui ir suaugusiam.Be cukraus.","og_url":"https:\/\/www.biopapa.de\/lt\/producte\/ekologiski-dziovintu-mangu-rutuliukai\/","og_site_name":"Biopapa","article_publisher":"https:\/\/www.facebook.com\/biopapa.lt","article_modified_time":"2026-02-17T06:24:03+00:00","og_image":[{"width":800,"height":640,"url":"https:\/\/www.biopapa.de\/wp-content\/uploads\/2022\/12\/mango-rutuliukai.png","type":"image\/png"}],"twitter_card":"summary_large_image","twitter_misc":{"Est. reading time":"1 minut\u0117"},"schema":{"@context":"https:\/\/schema.org","@graph":[{"@type":"WebPage","@id":"https:\/\/www.biopapa.de\/lt\/producte\/ekologiski-dziovintu-mangu-rutuliukai\/","url":"https:\/\/www.biopapa.de\/lt\/producte\/ekologiski-dziovintu-mangu-rutuliukai\/","name":"Ekologi\u0161ki d\u017eiovint\u0173 mang\u0173 rutuliukai - Biopapa","isPartOf":{"@id":"https:\/\/www.biopapa.de\/lt\/#website"},"primaryImageOfPage":{"@id":"https:\/\/www.biopapa.de\/lt\/producte\/ekologiski-dziovintu-mangu-rutuliukai\/#primaryimage"},"image":{"@id":"https:\/\/www.biopapa.de\/lt\/producte\/ekologiski-dziovintu-mangu-rutuliukai\/#primaryimage"},"thumbnailUrl":"https:\/\/www.biopapa.de\/wp-content\/uploads\/2022\/12\/mango-rutuliukai.png","datePublished":"2022-12-16T11:33:10+00:00","dateModified":"2026-02-17T06:24:03+00:00","description":"Intensyvaus skonio ir aromato ekologi\u0161ki d\u017eiovint\u0173 mang\u0173 rutuliukai. Skanus u\u017ekandis, patiks ir vaikui ir suaugusiam.Be cukraus.","breadcrumb":{"@id":"https:\/\/www.biopapa.de\/lt\/producte\/ekologiski-dziovintu-mangu-rutuliukai\/#breadcrumb"},"inLanguage":"lt-LT","potentialAction":[{"@type":"ReadAction","target":["https:\/\/www.biopapa.de\/lt\/producte\/ekologiski-dziovintu-mangu-rutuliukai\/"]}]},{"@type":"ImageObject","inLanguage":"lt-LT","@id":"https:\/\/www.biopapa.de\/lt\/producte\/ekologiski-dziovintu-mangu-rutuliukai\/#primaryimage","url":"https:\/\/www.biopapa.de\/wp-content\/uploads\/2022\/12\/mango-rutuliukai.png","contentUrl":"https:\/\/www.biopapa.de\/wp-content\/uploads\/2022\/12\/mango-rutuliukai.png","width":800,"height":640,"caption":"Ekologi\u0161ki d\u017eiovint\u0173 mang\u0173 rutuliukai"},{"@type":"BreadcrumbList","@id":"https:\/\/www.biopapa.de\/lt\/producte\/ekologiski-dziovintu-mangu-rutuliukai\/#breadcrumb","itemListElement":[{"@type":"ListItem","position":1,"name":"Home","item":"https:\/\/www.biopapa.de\/lt\/"},{"@type":"ListItem","position":2,"name":"Parduotuv\u0117","item":"https:\/\/www.biopapa.de\/parduotuve\/"},{"@type":"ListItem","position":3,"name":"Ekologi\u0161ki d\u017eiovint\u0173 mang\u0173 rutuliukai"}]},{"@type":"WebSite","@id":"https:\/\/www.biopapa.de\/lt\/#website","url":"https:\/\/www.biopapa.de\/lt\/","name":"Biopapa","description":"\u0160var\u016bs ekologi\u0161ki produktai","publisher":{"@id":"https:\/\/www.biopapa.de\/lt\/#organization"},"potentialAction":[{"@type":"SearchAction","target":{"@type":"EntryPoint","urlTemplate":"https:\/\/www.biopapa.de\/lt\/?s={search_term_string}"},"query-input":{"@type":"PropertyValueSpecification","valueRequired":true,"valueName":"search_term_string"}}],"inLanguage":"lt-LT"},{"@type":"Organization","@id":"https:\/\/www.biopapa.de\/lt\/#organization","name":"Biopapa","url":"https:\/\/www.biopapa.de\/lt\/","logo":{"@type":"ImageObject","inLanguage":"lt-LT","@id":"https:\/\/www.biopapa.de\/lt\/#\/schema\/logo\/image\/","url":"https:\/\/www.biopapa.lt\/wp-content\/uploads\/2022\/04\/facebook_biopapa.jpg","contentUrl":"https:\/\/www.biopapa.lt\/wp-content\/uploads\/2022\/04\/facebook_biopapa.jpg","width":1733,"height":907,"caption":"Biopapa"},"image":{"@id":"https:\/\/www.biopapa.de\/lt\/#\/schema\/logo\/image\/"},"sameAs":["https:\/\/www.facebook.com\/biopapa.lt"]}]}},"_links":{"self":[{"href":"https:\/\/www.biopapa.de\/lt\/wp-json\/wp\/v2\/product\/21904","targetHints":{"allow":["GET"]}}],"collection":[{"href":"https:\/\/www.biopapa.de\/lt\/wp-json\/wp\/v2\/product"}],"about":[{"href":"https:\/\/www.biopapa.de\/lt\/wp-json\/wp\/v2\/types\/product"}],"wp:featuredmedia":[{"embeddable":true,"href":"https:\/\/www.biopapa.de\/lt\/wp-json\/wp\/v2\/media\/21913"}],"wp:attachment":[{"href":"https:\/\/www.biopapa.de\/lt\/wp-json\/wp\/v2\/media?parent=21904"}],"wp:term":[{"taxonomy":"product_brand","embeddable":true,"href":"https:\/\/www.biopapa.de\/lt\/wp-json\/wp\/v2\/product_brand?post=21904"},{"taxonomy":"product_cat","embeddable":true,"href":"https:\/\/www.biopapa.de\/lt\/wp-json\/wp\/v2\/product_cat?post=21904"},{"taxonomy":"product_tag","embeddable":true,"href":"https:\/\/www.biopapa.de\/lt\/wp-json\/wp\/v2\/product_tag?post=21904"}],"curies":[{"name":"wp","href":"https:\/\/api.w.org\/{rel}","templated":true}]}}