{"id":22059,"date":"2022-12-22T13:19:58","date_gmt":"2022-12-22T11:19:58","guid":{"rendered":"https:\/\/www.biopapa.lt\/?post_type=product&#038;p=22059"},"modified":"2025-11-25T12:47:05","modified_gmt":"2025-11-25T10:47:05","slug":"ekologiski-indiskojo-lapainio-vaisiaus-milteliai-amla","status":"publish","type":"product","link":"https:\/\/www.biopapa.de\/lt\/producte\/ekologiski-indiskojo-lapainio-vaisiaus-milteliai-amla\/","title":{"rendered":"Ekologi\u0161ki indi\u0161kojo lapainio vaisiaus (Amla) milteliai"},"content":{"rendered":"<p><strong>Ekologi\u0161ki indi\u0161kojo lapainio vaisiaus milteliai Amla<\/strong><\/p>\n<p>T\u016bkstan\u010diai met\u0173 prie\u0161 tai, kai Nobelio premijos laureatas mokslininkas Linusas Paulingas pateik\u0117 \u012frodym\u0173 apie vitamino C gydom\u0105sias galias, ajurvedos gydytojai Aml\u0105 (da\u017enai vadinamas Indijos agrastu) naudojo kaip gydom\u0105j\u0105 priemon\u0119. Amla yra vienas i\u0161 daugiausiai antioksidant\u0173 turin\u010di\u0173 vaisi\u0173, randami gamtoje. Buvo i\u0161tirta daugyb\u0117 Amlos naudos ir naudojimo b\u016bd\u0173, \u012fskaitant imuniteto stiprinim\u0105; apsaugoti nuo deguon\u012f pa\u017eeid\u017eian\u010di\u0173 laisv\u0173j\u0173 radikal\u0173 l\u0105steli\u0173; gali sul\u0117tinti sen\u0117jimo proces\u0105.<\/p>\n<p>Amla (Phyllanthus emblica) priklauso Euphorbiaceae \u0161eimai ir sunoksta ruden\u012f dr\u0117gnuose Indijos subkontinento mi\u0161kuose ir kalvotose vietov\u0117se. Medis, vedantis \u0161\u012f nuostab\u0173 vaisi\u0173, laikomas \u0161ventu Indijoje, kur Amla da\u017enai valgoma su druska ir \u010dili milteliais arba i\u0161 Amlos vaisi\u0173 gaminami marinuoti u\u017ekand\u017eiai ar cukruoti saldainiai. Nors Amla yra r\u016bg\u0161ti, valgant \u017eali\u0105, ji palieka saldumo poskon\u012f. Paradoksalu, bet \u0161is r\u016bg\u0161tus vaisius ma\u017eina skrand\u017eio r\u016bg\u0161tingum\u0105 ir Ajurvedos medicinoje da\u017enai naudojamas skrand\u017eio problemoms, opoms, r\u0117meniui ir r\u016bg\u0161ties refliuksui gydyti.<\/p>\n<p>Amla gali pad\u0117ti kovoti su kai kuriomis sistemin\u0117mis sveikatos s\u0105lygomis ir su\u0161velninti l\u0105steli\u0173 \u017eal\u0105. \u017doleli\u0173 tyrin\u0117tojas Vidhi Bhatia ra\u0161\u0117, kad Amla vartojimas \u201ei\u0161 5000 met\u0173 senumo tradicin\u0117s Indijos medicinos sistemos Ajurvedos \u2013 disciplinos, orientuotos \u012f geros sveikatos stiprinim\u0105, imunin\u0117s sistemos palaikym\u0105, k\u016bno ir k\u016bno atjauninim\u0105 bei atgaivinim\u0105.<\/p>\n<p>\u0160imte gram\u0173 \u017ealios Amlos yra 478 mg vitamino C. Palyginimui, citrinoje yra 77 mg vitamino C 100 gram\u0173.<br \/>\nKaip maistas, kuriame gausu vitamino C, Amla palaiko antinks\u010di\u0173 liaukas, naudojamas l\u0105steli\u0173 energijai gauti, ir palaikyti odos bei kraujagysli\u0173 sveikat\u0105. Amla buvo naudojamas viduri\u0173 u\u017ekiet\u0117jimui ir kitoms pilvo sveikatos problemoms palengvinti. Tai taip pat gali b\u016bti naudinga palaikant kepen\u0173 ir \u0161irdies sveikat\u0105.<br \/>\nAmla taip pat gali b\u016bti puiki prie\u0161u\u017edegimin\u0117 priemon\u0117, naudinga esant s\u0105nari\u0173 skausmui ir patinimui. Skirtingai nuo prie\u0161u\u017edegimini\u0173 vaist\u0173, kurie link\u0119 sukelti \u0161alutin\u012f poveik\u012f, tokie maisto produktai kaip Amla leid\u017eia k\u016bnui nat\u016braliai veikti per u\u017edegimin\u012f gijimo ir gynybos proces\u0105. Amla pat tradici\u0161kai naudojama kar\u0161\u010diavimui ma\u017einti, \u0161ird\u017eiai stiprinti, cukraus kiekiui kraujyje kontroliuoti, \u0161lapimo tak\u0173 infekcijoms gydyti ir reg\u0117jimui gerinti. Ji netgi buvo skirta streso ma\u017einimui ir atsipalaidavimui, ypa\u010d d\u0117l dabar \u017einomos naudos antinks\u010diams, kuri\u0173 sveikata ir veikla priklauso nuo vitamino C.<br \/>\nAmla gali pagerinti vaisingum\u0105, sustiprinti plau\u010dius ir maitinti imunin\u0119 sistem\u0105.<br \/>\nBe to, vaisiai laikomi \u0161vei\u010diam\u0105ja ir sutraukian\u010dia priemone. Teigiama, kad reguliariai naudojant, oda atrodo jaunesn\u0117 ir stangresn\u0117. Ji da\u017enai naudojamas norint, kad plaukai b\u016bt\u0173 blizg\u016bs ir sveikesni.<\/p>\n<p>I\u0161 prad\u017ei\u0173 gydomasias Amla savybes l\u0117m\u0117 didelis vitamino C kiekis. Tyrimai dabar atskleid\u017eia, kad i\u0161 tikr\u0173j\u0173 tai yra vis\u0173 veikli\u0173j\u0173 med\u017eiag\u0173 derinys, u\u017etikrinantis lig\u0173 gydym\u0105, lig\u0173 prevencij\u0105 ir sveikatos stiprinim\u0105.<\/p>\n<p>Rekomenduojama paros norma \u2013 \u00bc\u2013\u00bd arbatinio \u0161auk\u0161telio su \u0161iltu vandeniu vien\u0105 ar du kartus per dien\u0105.<\/p>\n<p><strong>Pastaba<\/strong><br \/>\nAmla yra adaptogeninis augalas, kuris paprastai laikomas saugiu vartoti. Be to, yra keletas atvej\u0173, kai geriausia b\u016bti atsargiems.<br \/>\nYra keletas \u012frodym\u0173, rodan\u010di\u0173, kad asmenys, kuriems tr\u016bksta gele\u017eies, turi b\u016bti atsarg\u016bs, nes amla gali sudaryti chelatus su gele\u017eimi ir taip suma\u017einti naudingos gele\u017eies kiek\u012f kraujyje.<br \/>\nN\u0117\u0161\u010dioms, \u017eindan\u010dioms ar vartojantiems vaistus, rekomenduojame prie\u0161 vartojant aml\u0105 pasitarti su gydytoju arba ajurvedos specialistu.Laikyti ma\u017eiems vaikams nepasiekiamoje vietoje!<\/p>\n<p>\u0160altiniai:<br \/>\nNational Library of Medicine<br \/>\nEasyAyurveda<br \/>\nBanyanBotanicals<br \/>\nResearchgate<\/p>\n<p><em>PASTABA. \u010cia pateikta informacija negali b\u016bti interpretuojama kaip gydymo ar kitokio pob\u016bd\u017eio sveikatos klausim\u0173 sprendimo rekomendacija. Raginame sprendimus, susijusius su asmenine sveikata, priimti asmeni\u0161kai, \u012fvertinus \u012fvairius informacijos \u0161altinius. <\/em><\/p>\n","protected":false},"excerpt":{"rendered":"<p>Ekologi\u0161ki indi\u0161kojo lapainio vaisiaus milteliai Amla T\u016bkstan\u010diai met\u0173 prie\u0161 tai, kai Nobelio premijos laureatas mokslininkas Linusas Paulingas pateik\u0117 \u012frodym\u0173 apie<\/p>\n","protected":false},"featured_media":22068,"template":"","meta":{"_acf_changed":false},"product_brand":[],"product_cat":[1216,2349],"product_tag":[1378,1382],"class_list":{"0":"post-22059","1":"product","2":"type-product","3":"status-publish","4":"has-post-thumbnail","6":"product_cat-augalinis-supermaistas","7":"product_cat-milteliai","8":"product_tag-veganams","9":"product_tag-zaliavalgiams","10":"pa_svoris-1-kg","11":"pa_svoris-100-g","12":"pa_svoris-200-g","13":"pa_svoris-25-kg","14":"pa_svoris-300-g","15":"pa_svoris-400-g","16":"pa_svoris-50-g","17":"pa_svoris-500-g","19":"first","20":"instock","21":"shipping-taxable","22":"purchasable","23":"product-type-variable"},"acf":[],"yoast_head":"<!-- This site is optimized with the Yoast SEO plugin v27.5 - https:\/\/yoast.com\/product\/yoast-seo-wordpress\/ -->\n<title>Ekologi\u0161ki indi\u0161kojo lapainio vaisiaus (Amla) milteliai - Biopapa<\/title>\n<meta name=\"description\" content=\"Ekologi\u0161ki indi\u0161kojo lapainio vaisiaus milteliai (Amla) yra vienas i\u0161 daugiausiai antioksidant\u0173 turin\u010di\u0173 vaisi\u0173, randami gamtoje. Buvo i\u0161tirta daugyb\u0117 Amlos naudos ir naudojimo b\u016bd\u0173, \u012fskaitant imuniteto stiprinim\u0105.\" \/>\n<meta name=\"robots\" content=\"index, follow, max-snippet:-1, max-image-preview:large, max-video-preview:-1\" \/>\n<link rel=\"canonical\" href=\"https:\/\/www.biopapa.de\/lt\/producte\/ekologiski-indiskojo-lapainio-vaisiaus-milteliai-amla\/\" \/>\n<meta property=\"og:locale\" content=\"lt_LT\" \/>\n<meta property=\"og:type\" content=\"article\" \/>\n<meta property=\"og:title\" content=\"Ekologi\u0161ki indi\u0161kojo lapainio vaisiaus (Amla) milteliai - Biopapa\" \/>\n<meta property=\"og:description\" content=\"Ekologi\u0161ki indi\u0161kojo lapainio vaisiaus milteliai (Amla) yra vienas i\u0161 daugiausiai antioksidant\u0173 turin\u010di\u0173 vaisi\u0173, randami gamtoje. Buvo i\u0161tirta daugyb\u0117 Amlos naudos ir naudojimo b\u016bd\u0173, \u012fskaitant imuniteto stiprinim\u0105.\" \/>\n<meta property=\"og:url\" content=\"https:\/\/www.biopapa.de\/lt\/producte\/ekologiski-indiskojo-lapainio-vaisiaus-milteliai-amla\/\" \/>\n<meta property=\"og:site_name\" content=\"Biopapa\" \/>\n<meta property=\"article:publisher\" content=\"https:\/\/www.facebook.com\/biopapa.lt\" \/>\n<meta property=\"article:modified_time\" content=\"2025-11-25T10:47:05+00:00\" \/>\n<meta property=\"og:image\" content=\"https:\/\/www.biopapa.de\/wp-content\/uploads\/2022\/12\/Amla.jpg\" \/>\n\t<meta property=\"og:image:width\" content=\"800\" \/>\n\t<meta property=\"og:image:height\" content=\"640\" \/>\n\t<meta property=\"og:image:type\" content=\"image\/jpeg\" \/>\n<meta name=\"twitter:card\" content=\"summary_large_image\" \/>\n<meta name=\"twitter:label1\" content=\"Est. reading time\" \/>\n\t<meta name=\"twitter:data1\" content=\"1 minut\u0117\" \/>\n<script type=\"application\/ld+json\" class=\"yoast-schema-graph\">{\"@context\":\"https:\\\/\\\/schema.org\",\"@graph\":[{\"@type\":\"WebPage\",\"@id\":\"https:\\\/\\\/www.biopapa.de\\\/lt\\\/producte\\\/ekologiski-indiskojo-lapainio-vaisiaus-milteliai-amla\\\/\",\"url\":\"https:\\\/\\\/www.biopapa.de\\\/lt\\\/producte\\\/ekologiski-indiskojo-lapainio-vaisiaus-milteliai-amla\\\/\",\"name\":\"Ekologi\u0161ki indi\u0161kojo lapainio vaisiaus (Amla) milteliai - Biopapa\",\"isPartOf\":{\"@id\":\"https:\\\/\\\/www.biopapa.de\\\/lt\\\/#website\"},\"primaryImageOfPage\":{\"@id\":\"https:\\\/\\\/www.biopapa.de\\\/lt\\\/producte\\\/ekologiski-indiskojo-lapainio-vaisiaus-milteliai-amla\\\/#primaryimage\"},\"image\":{\"@id\":\"https:\\\/\\\/www.biopapa.de\\\/lt\\\/producte\\\/ekologiski-indiskojo-lapainio-vaisiaus-milteliai-amla\\\/#primaryimage\"},\"thumbnailUrl\":\"https:\\\/\\\/www.biopapa.de\\\/wp-content\\\/uploads\\\/2022\\\/12\\\/Amla.jpg\",\"datePublished\":\"2022-12-22T11:19:58+00:00\",\"dateModified\":\"2025-11-25T10:47:05+00:00\",\"description\":\"Ekologi\u0161ki indi\u0161kojo lapainio vaisiaus milteliai (Amla) yra vienas i\u0161 daugiausiai antioksidant\u0173 turin\u010di\u0173 vaisi\u0173, randami gamtoje. Buvo i\u0161tirta daugyb\u0117 Amlos naudos ir naudojimo b\u016bd\u0173, \u012fskaitant imuniteto stiprinim\u0105.\",\"breadcrumb\":{\"@id\":\"https:\\\/\\\/www.biopapa.de\\\/lt\\\/producte\\\/ekologiski-indiskojo-lapainio-vaisiaus-milteliai-amla\\\/#breadcrumb\"},\"inLanguage\":\"lt-LT\",\"potentialAction\":[{\"@type\":\"ReadAction\",\"target\":[\"https:\\\/\\\/www.biopapa.de\\\/lt\\\/producte\\\/ekologiski-indiskojo-lapainio-vaisiaus-milteliai-amla\\\/\"]}]},{\"@type\":\"ImageObject\",\"inLanguage\":\"lt-LT\",\"@id\":\"https:\\\/\\\/www.biopapa.de\\\/lt\\\/producte\\\/ekologiski-indiskojo-lapainio-vaisiaus-milteliai-amla\\\/#primaryimage\",\"url\":\"https:\\\/\\\/www.biopapa.de\\\/wp-content\\\/uploads\\\/2022\\\/12\\\/Amla.jpg\",\"contentUrl\":\"https:\\\/\\\/www.biopapa.de\\\/wp-content\\\/uploads\\\/2022\\\/12\\\/Amla.jpg\",\"width\":800,\"height\":640,\"caption\":\"Ekologi\u0161ki indi\u0161kojo lapainio vaisiaus milteliai Amla\"},{\"@type\":\"BreadcrumbList\",\"@id\":\"https:\\\/\\\/www.biopapa.de\\\/lt\\\/producte\\\/ekologiski-indiskojo-lapainio-vaisiaus-milteliai-amla\\\/#breadcrumb\",\"itemListElement\":[{\"@type\":\"ListItem\",\"position\":1,\"name\":\"Home\",\"item\":\"https:\\\/\\\/www.biopapa.de\\\/lt\\\/\"},{\"@type\":\"ListItem\",\"position\":2,\"name\":\"Parduotuv\u0117\",\"item\":\"https:\\\/\\\/www.biopapa.de\\\/parduotuve\\\/\"},{\"@type\":\"ListItem\",\"position\":3,\"name\":\"Ekologi\u0161ki indi\u0161kojo lapainio vaisiaus (Amla) milteliai\"}]},{\"@type\":\"WebSite\",\"@id\":\"https:\\\/\\\/www.biopapa.de\\\/lt\\\/#website\",\"url\":\"https:\\\/\\\/www.biopapa.de\\\/lt\\\/\",\"name\":\"Biopapa\",\"description\":\"\u0160var\u016bs ekologi\u0161ki produktai\",\"publisher\":{\"@id\":\"https:\\\/\\\/www.biopapa.de\\\/lt\\\/#organization\"},\"potentialAction\":[{\"@type\":\"SearchAction\",\"target\":{\"@type\":\"EntryPoint\",\"urlTemplate\":\"https:\\\/\\\/www.biopapa.de\\\/lt\\\/?s={search_term_string}\"},\"query-input\":{\"@type\":\"PropertyValueSpecification\",\"valueRequired\":true,\"valueName\":\"search_term_string\"}}],\"inLanguage\":\"lt-LT\"},{\"@type\":\"Organization\",\"@id\":\"https:\\\/\\\/www.biopapa.de\\\/lt\\\/#organization\",\"name\":\"Biopapa\",\"url\":\"https:\\\/\\\/www.biopapa.de\\\/lt\\\/\",\"logo\":{\"@type\":\"ImageObject\",\"inLanguage\":\"lt-LT\",\"@id\":\"https:\\\/\\\/www.biopapa.de\\\/lt\\\/#\\\/schema\\\/logo\\\/image\\\/\",\"url\":\"https:\\\/\\\/www.biopapa.lt\\\/wp-content\\\/uploads\\\/2022\\\/04\\\/facebook_biopapa.jpg\",\"contentUrl\":\"https:\\\/\\\/www.biopapa.lt\\\/wp-content\\\/uploads\\\/2022\\\/04\\\/facebook_biopapa.jpg\",\"width\":1733,\"height\":907,\"caption\":\"Biopapa\"},\"image\":{\"@id\":\"https:\\\/\\\/www.biopapa.de\\\/lt\\\/#\\\/schema\\\/logo\\\/image\\\/\"},\"sameAs\":[\"https:\\\/\\\/www.facebook.com\\\/biopapa.lt\"]}]}<\/script>\n<!-- \/ Yoast SEO plugin. -->","yoast_head_json":{"title":"Ekologi\u0161ki indi\u0161kojo lapainio vaisiaus (Amla) milteliai - Biopapa","description":"Ekologi\u0161ki indi\u0161kojo lapainio vaisiaus milteliai (Amla) yra vienas i\u0161 daugiausiai antioksidant\u0173 turin\u010di\u0173 vaisi\u0173, randami gamtoje. Buvo i\u0161tirta daugyb\u0117 Amlos naudos ir naudojimo b\u016bd\u0173, \u012fskaitant imuniteto stiprinim\u0105.","robots":{"index":"index","follow":"follow","max-snippet":"max-snippet:-1","max-image-preview":"max-image-preview:large","max-video-preview":"max-video-preview:-1"},"canonical":"https:\/\/www.biopapa.de\/lt\/producte\/ekologiski-indiskojo-lapainio-vaisiaus-milteliai-amla\/","og_locale":"lt_LT","og_type":"article","og_title":"Ekologi\u0161ki indi\u0161kojo lapainio vaisiaus (Amla) milteliai - Biopapa","og_description":"Ekologi\u0161ki indi\u0161kojo lapainio vaisiaus milteliai (Amla) yra vienas i\u0161 daugiausiai antioksidant\u0173 turin\u010di\u0173 vaisi\u0173, randami gamtoje. Buvo i\u0161tirta daugyb\u0117 Amlos naudos ir naudojimo b\u016bd\u0173, \u012fskaitant imuniteto stiprinim\u0105.","og_url":"https:\/\/www.biopapa.de\/lt\/producte\/ekologiski-indiskojo-lapainio-vaisiaus-milteliai-amla\/","og_site_name":"Biopapa","article_publisher":"https:\/\/www.facebook.com\/biopapa.lt","article_modified_time":"2025-11-25T10:47:05+00:00","og_image":[{"width":800,"height":640,"url":"https:\/\/www.biopapa.de\/wp-content\/uploads\/2022\/12\/Amla.jpg","type":"image\/jpeg"}],"twitter_card":"summary_large_image","twitter_misc":{"Est. reading time":"1 minut\u0117"},"schema":{"@context":"https:\/\/schema.org","@graph":[{"@type":"WebPage","@id":"https:\/\/www.biopapa.de\/lt\/producte\/ekologiski-indiskojo-lapainio-vaisiaus-milteliai-amla\/","url":"https:\/\/www.biopapa.de\/lt\/producte\/ekologiski-indiskojo-lapainio-vaisiaus-milteliai-amla\/","name":"Ekologi\u0161ki indi\u0161kojo lapainio vaisiaus (Amla) milteliai - Biopapa","isPartOf":{"@id":"https:\/\/www.biopapa.de\/lt\/#website"},"primaryImageOfPage":{"@id":"https:\/\/www.biopapa.de\/lt\/producte\/ekologiski-indiskojo-lapainio-vaisiaus-milteliai-amla\/#primaryimage"},"image":{"@id":"https:\/\/www.biopapa.de\/lt\/producte\/ekologiski-indiskojo-lapainio-vaisiaus-milteliai-amla\/#primaryimage"},"thumbnailUrl":"https:\/\/www.biopapa.de\/wp-content\/uploads\/2022\/12\/Amla.jpg","datePublished":"2022-12-22T11:19:58+00:00","dateModified":"2025-11-25T10:47:05+00:00","description":"Ekologi\u0161ki indi\u0161kojo lapainio vaisiaus milteliai (Amla) yra vienas i\u0161 daugiausiai antioksidant\u0173 turin\u010di\u0173 vaisi\u0173, randami gamtoje. Buvo i\u0161tirta daugyb\u0117 Amlos naudos ir naudojimo b\u016bd\u0173, \u012fskaitant imuniteto stiprinim\u0105.","breadcrumb":{"@id":"https:\/\/www.biopapa.de\/lt\/producte\/ekologiski-indiskojo-lapainio-vaisiaus-milteliai-amla\/#breadcrumb"},"inLanguage":"lt-LT","potentialAction":[{"@type":"ReadAction","target":["https:\/\/www.biopapa.de\/lt\/producte\/ekologiski-indiskojo-lapainio-vaisiaus-milteliai-amla\/"]}]},{"@type":"ImageObject","inLanguage":"lt-LT","@id":"https:\/\/www.biopapa.de\/lt\/producte\/ekologiski-indiskojo-lapainio-vaisiaus-milteliai-amla\/#primaryimage","url":"https:\/\/www.biopapa.de\/wp-content\/uploads\/2022\/12\/Amla.jpg","contentUrl":"https:\/\/www.biopapa.de\/wp-content\/uploads\/2022\/12\/Amla.jpg","width":800,"height":640,"caption":"Ekologi\u0161ki indi\u0161kojo lapainio vaisiaus milteliai Amla"},{"@type":"BreadcrumbList","@id":"https:\/\/www.biopapa.de\/lt\/producte\/ekologiski-indiskojo-lapainio-vaisiaus-milteliai-amla\/#breadcrumb","itemListElement":[{"@type":"ListItem","position":1,"name":"Home","item":"https:\/\/www.biopapa.de\/lt\/"},{"@type":"ListItem","position":2,"name":"Parduotuv\u0117","item":"https:\/\/www.biopapa.de\/parduotuve\/"},{"@type":"ListItem","position":3,"name":"Ekologi\u0161ki indi\u0161kojo lapainio vaisiaus (Amla) milteliai"}]},{"@type":"WebSite","@id":"https:\/\/www.biopapa.de\/lt\/#website","url":"https:\/\/www.biopapa.de\/lt\/","name":"Biopapa","description":"\u0160var\u016bs ekologi\u0161ki produktai","publisher":{"@id":"https:\/\/www.biopapa.de\/lt\/#organization"},"potentialAction":[{"@type":"SearchAction","target":{"@type":"EntryPoint","urlTemplate":"https:\/\/www.biopapa.de\/lt\/?s={search_term_string}"},"query-input":{"@type":"PropertyValueSpecification","valueRequired":true,"valueName":"search_term_string"}}],"inLanguage":"lt-LT"},{"@type":"Organization","@id":"https:\/\/www.biopapa.de\/lt\/#organization","name":"Biopapa","url":"https:\/\/www.biopapa.de\/lt\/","logo":{"@type":"ImageObject","inLanguage":"lt-LT","@id":"https:\/\/www.biopapa.de\/lt\/#\/schema\/logo\/image\/","url":"https:\/\/www.biopapa.lt\/wp-content\/uploads\/2022\/04\/facebook_biopapa.jpg","contentUrl":"https:\/\/www.biopapa.lt\/wp-content\/uploads\/2022\/04\/facebook_biopapa.jpg","width":1733,"height":907,"caption":"Biopapa"},"image":{"@id":"https:\/\/www.biopapa.de\/lt\/#\/schema\/logo\/image\/"},"sameAs":["https:\/\/www.facebook.com\/biopapa.lt"]}]}},"_links":{"self":[{"href":"https:\/\/www.biopapa.de\/lt\/wp-json\/wp\/v2\/product\/22059","targetHints":{"allow":["GET"]}}],"collection":[{"href":"https:\/\/www.biopapa.de\/lt\/wp-json\/wp\/v2\/product"}],"about":[{"href":"https:\/\/www.biopapa.de\/lt\/wp-json\/wp\/v2\/types\/product"}],"wp:featuredmedia":[{"embeddable":true,"href":"https:\/\/www.biopapa.de\/lt\/wp-json\/wp\/v2\/media\/22068"}],"wp:attachment":[{"href":"https:\/\/www.biopapa.de\/lt\/wp-json\/wp\/v2\/media?parent=22059"}],"wp:term":[{"taxonomy":"product_brand","embeddable":true,"href":"https:\/\/www.biopapa.de\/lt\/wp-json\/wp\/v2\/product_brand?post=22059"},{"taxonomy":"product_cat","embeddable":true,"href":"https:\/\/www.biopapa.de\/lt\/wp-json\/wp\/v2\/product_cat?post=22059"},{"taxonomy":"product_tag","embeddable":true,"href":"https:\/\/www.biopapa.de\/lt\/wp-json\/wp\/v2\/product_tag?post=22059"}],"curies":[{"name":"wp","href":"https:\/\/api.w.org\/{rel}","templated":true}]}}