{"id":22280,"date":"2023-01-05T17:40:02","date_gmt":"2023-01-05T15:40:02","guid":{"rendered":"https:\/\/www.biopapa.lt\/?post_type=product&#038;p=22280"},"modified":"2026-02-06T13:24:20","modified_gmt":"2026-02-06T11:24:20","slug":"ekologiski-zvaigzdiniai-anyziai","status":"publish","type":"product","link":"https:\/\/www.biopapa.de\/lt\/producte\/ekologiski-zvaigzdiniai-anyziai\/","title":{"rendered":"Ekologi\u0161ki \u017evaig\u017ediniai any\u017eiai"},"content":{"rendered":"<p><strong>Ekologi\u0161ki \u017evaig\u017ediniai any\u017eiai <\/strong>d\u0117l savo i\u0161skirtin\u0117s formos ir skonio bei savybi\u0173, greitai tampa vienu geid\u017eiamiausi\u0173 prieskoni\u0173 pasaulyje, ypa\u010d d\u0117l galimo poveikio \u017emoni\u0173 sveikatai. D\u0117l santykinio prieinamumo ir kainos jis yra puikus pasirinkimas kulinarijos ir medicinos reikm\u0117ms visame pasaulyje.<\/p>\n<p><em>Kas yra \u017evaig\u017edinis any\u017eius?<\/em><br \/>\nI\u0161 tikr\u0173j\u0173 \u017evaig\u017edinis any\u017eius yra sukiet\u0117j\u0119s vaisius med\u017eio, moksli\u0161kai \u017einomo kaip <em>Illicium verum<\/em>. \u0160is sukiet\u0117j\u0119s vaisius, kil\u0119s i\u0161 Pietry\u010di\u0173 Azijos ir kai kuri\u0173 Kinijos dali\u0173, da\u017enai sumaltas \u012f miltelius, kurie naudojami kaip prieskonis tam tikriems gaminiams ir patiekalams gaminti. \u0160i \u017evaig\u017ed\u0117 t\u016bkstan\u010dius met\u0173 buvo naudojama kulinarijoje ir tradicin\u0117je medicinoje. \u017dvaig\u017edini\u0173 any\u017ei\u0173 pavadinimas yra jo formos ir skonio pana\u0161umo \u012f any\u017ei\u0173 derinys. Nors augalai n\u0117ra giminingi, abiejuose augaluose esantis anetolis suteikia i\u0161skirtin\u012f saldymed\u017eio skon\u012f, tod\u0117l jis toks populiarus gaminant maist\u0105. Populiariausi prieskoniai, kuri\u0173 sud\u0117tyje yra \u017evaig\u017edinio any\u017eiaus yra kinie\u010di\u0173 <em>&#8216;5 prieskoni\u0173 mi\u0161inys&#8217;<\/em> bei indi\u0161ki <em>&#8216;Garam masala&#8217;.<\/em><br \/>\n\u0160is \u017evaig\u017ed\u0117s formos prieskonis yra labai geid\u017eiamas d\u0117l aktyvi\u0173 chemini\u0173 jungini\u0173, ypa\u010d t\u0173, kurie randami \u017evaig\u017edini\u0173 any\u017ei\u0173 aliejuje. \u0160ioje \u017evaig\u017ed\u0117je taip pat yra junginio, vadinamo \u0161ikimo r\u016bg\u0161timi, kuri yra labai svarbi vaist\u0173 nuo gripo dalis visame pasaulyje. \u0160ios r\u016bg\u0161ties i\u0161gavimas ir apdorojimas trunka i\u0161tisus metus, tod\u0117l \u017evaig\u017edinio any\u017eiaus kain\u0105 daugiausia lemia pasaulin\u0117 vaist\u0173 nuo gripo paklausa.<\/p>\n<p>\u017dvaig\u017edini\u0173 any\u017ei\u0173 kalorij\u0173 skai\u010dius taip pat yra gana ma\u017eas \u2013 tik 23 kalorijos 1 valgomajame \u0161auk\u0161te.<\/p>\n<p><em>Naudojimas<\/em><br \/>\nEkologi\u0161ki \u017evaig\u017ediniai any\u017eiai naudojami desertams, pyragams, kompotams, arbatai.<\/p>\n<p><em>\u017dvaig\u017edini\u0173 any\u017ei\u0173 arbata<\/em><br \/>\n\u017dvaig\u017edini\u0173 any\u017ei\u0173 arbata gaminama visame pasaulyje kaip patikima priemon\u0117 nuo daugelio kv\u0117pavimo tak\u0173 lig\u0173, vir\u0161kinimo trakto sutrikim\u0173 ir hormon\u0173 disbalanso. Arbata lengvai paruo\u0161iama ir skani!<br \/>\nIngredientai:<br \/>\n300 ml vandens<br \/>\n2 \u017evaig\u017edinis any\u017eius<br \/>\nSaldiklio pagal skon\u012f<br \/>\nInstrukcijos:<br \/>\nVanden\u012f u\u017evirinkite nedideliame puode ar virdulyje<br \/>\nAny\u017ei\u0173 vaisius u\u017epilkite vandeniu<br \/>\nVirkite ant ma\u017eos ugnies 10-15 minu\u010di\u0173.<br \/>\nI\u0161imkite any\u017ei\u0173 ir pasaldinkite pagal skon\u012f.<br \/>\nPatiekite kar\u0161t\u0105 ir gerkite 2-3 kartus per dien\u0105, kad pasiektum\u0117te geriausi\u0105 poveik\u012f.<\/p>\n<p><em>PASTABA. \u010cia pateikta informacija negali b\u016bti interpretuojama kaip gydymo ar kitokio pob\u016bd\u017eio sveikatos klausim\u0173 sprendimo rekomendacija. Raginame sprendimus, susijusius su asmenine sveikata, priimti asmeni\u0161kai, \u012fvertinus \u012fvairius informacijos \u0161altinius. <\/em><\/p>\n","protected":false},"excerpt":{"rendered":"<p>Ekologi\u0161ki \u017evaig\u017ediniai any\u017eiai d\u0117l savo i\u0161skirtin\u0117s formos ir skonio bei savybi\u0173, greitai tampa vienu geid\u017eiamiausi\u0173 prieskoni\u0173 pasaulyje, ypa\u010d d\u0117l galimo<\/p>\n","protected":false},"featured_media":22300,"template":"","meta":{"_acf_changed":false},"product_brand":[],"product_cat":[1315],"product_tag":[1378,1382],"class_list":{"0":"post-22280","1":"product","2":"type-product","3":"status-publish","4":"has-post-thumbnail","6":"product_cat-ekologiski-prieskoniai","7":"product_tag-veganams","8":"product_tag-zaliavalgiams","9":"pa_svoris-1-kg","10":"pa_svoris-100-g","11":"pa_svoris-200-g","12":"pa_svoris-30-g","13":"pa_svoris-300-g","14":"pa_svoris-4-kg","15":"pa_svoris-400-g","16":"pa_svoris-50-g","17":"pa_svoris-500-g","19":"first","20":"instock","21":"shipping-taxable","22":"purchasable","23":"product-type-variable"},"acf":[],"yoast_head":"<!-- This site is optimized with the Yoast SEO plugin v27.5 - https:\/\/yoast.com\/product\/yoast-seo-wordpress\/ -->\n<title>Ekologi\u0161ki \u017evaig\u017ediniai any\u017eiai - Biopapa<\/title>\n<meta name=\"description\" content=\"Ekologi\u0161ki \u017evaig\u017ediniai any\u017eiai d\u0117l savo i\u0161skirtin\u0117s formos ir skonio bei savybi\u0173, greitai tampa vienu geid\u017eiamiausi\u0173 prieskoni\u0173 pasaulyje, ypa\u010d d\u0117l galimo poveikio \u017emoni\u0173 sveikatai.\" \/>\n<meta name=\"robots\" content=\"index, follow, max-snippet:-1, max-image-preview:large, max-video-preview:-1\" \/>\n<link rel=\"canonical\" href=\"https:\/\/www.biopapa.de\/lt\/producte\/ekologiski-zvaigzdiniai-anyziai\/\" \/>\n<meta property=\"og:locale\" content=\"lt_LT\" \/>\n<meta property=\"og:type\" content=\"article\" \/>\n<meta property=\"og:title\" content=\"Ekologi\u0161ki \u017evaig\u017ediniai any\u017eiai - Biopapa\" \/>\n<meta property=\"og:description\" content=\"Ekologi\u0161ki \u017evaig\u017ediniai any\u017eiai d\u0117l savo i\u0161skirtin\u0117s formos ir skonio bei savybi\u0173, greitai tampa vienu geid\u017eiamiausi\u0173 prieskoni\u0173 pasaulyje, ypa\u010d d\u0117l galimo poveikio \u017emoni\u0173 sveikatai.\" \/>\n<meta property=\"og:url\" content=\"https:\/\/www.biopapa.de\/lt\/producte\/ekologiski-zvaigzdiniai-anyziai\/\" \/>\n<meta property=\"og:site_name\" content=\"Biopapa\" \/>\n<meta property=\"article:publisher\" content=\"https:\/\/www.facebook.com\/biopapa.lt\" \/>\n<meta property=\"article:modified_time\" content=\"2026-02-06T11:24:20+00:00\" \/>\n<meta property=\"og:image\" content=\"https:\/\/www.biopapa.de\/wp-content\/uploads\/2023\/01\/zvaigzdinis-anyzius.png\" \/>\n\t<meta property=\"og:image:width\" content=\"800\" \/>\n\t<meta property=\"og:image:height\" content=\"640\" \/>\n\t<meta property=\"og:image:type\" content=\"image\/png\" \/>\n<meta name=\"twitter:card\" content=\"summary_large_image\" \/>\n<meta name=\"twitter:label1\" content=\"Est. reading time\" \/>\n\t<meta name=\"twitter:data1\" content=\"2 minut\u0117s\" \/>\n<script type=\"application\/ld+json\" class=\"yoast-schema-graph\">{\"@context\":\"https:\\\/\\\/schema.org\",\"@graph\":[{\"@type\":\"WebPage\",\"@id\":\"https:\\\/\\\/www.biopapa.de\\\/lt\\\/producte\\\/ekologiski-zvaigzdiniai-anyziai\\\/\",\"url\":\"https:\\\/\\\/www.biopapa.de\\\/lt\\\/producte\\\/ekologiski-zvaigzdiniai-anyziai\\\/\",\"name\":\"Ekologi\u0161ki \u017evaig\u017ediniai any\u017eiai - Biopapa\",\"isPartOf\":{\"@id\":\"https:\\\/\\\/www.biopapa.de\\\/lt\\\/#website\"},\"primaryImageOfPage\":{\"@id\":\"https:\\\/\\\/www.biopapa.de\\\/lt\\\/producte\\\/ekologiski-zvaigzdiniai-anyziai\\\/#primaryimage\"},\"image\":{\"@id\":\"https:\\\/\\\/www.biopapa.de\\\/lt\\\/producte\\\/ekologiski-zvaigzdiniai-anyziai\\\/#primaryimage\"},\"thumbnailUrl\":\"https:\\\/\\\/www.biopapa.de\\\/wp-content\\\/uploads\\\/2023\\\/01\\\/zvaigzdinis-anyzius.png\",\"datePublished\":\"2023-01-05T15:40:02+00:00\",\"dateModified\":\"2026-02-06T11:24:20+00:00\",\"description\":\"Ekologi\u0161ki \u017evaig\u017ediniai any\u017eiai d\u0117l savo i\u0161skirtin\u0117s formos ir skonio bei savybi\u0173, greitai tampa vienu geid\u017eiamiausi\u0173 prieskoni\u0173 pasaulyje, ypa\u010d d\u0117l galimo poveikio \u017emoni\u0173 sveikatai.\",\"breadcrumb\":{\"@id\":\"https:\\\/\\\/www.biopapa.de\\\/lt\\\/producte\\\/ekologiski-zvaigzdiniai-anyziai\\\/#breadcrumb\"},\"inLanguage\":\"lt-LT\",\"potentialAction\":[{\"@type\":\"ReadAction\",\"target\":[\"https:\\\/\\\/www.biopapa.de\\\/lt\\\/producte\\\/ekologiski-zvaigzdiniai-anyziai\\\/\"]}]},{\"@type\":\"ImageObject\",\"inLanguage\":\"lt-LT\",\"@id\":\"https:\\\/\\\/www.biopapa.de\\\/lt\\\/producte\\\/ekologiski-zvaigzdiniai-anyziai\\\/#primaryimage\",\"url\":\"https:\\\/\\\/www.biopapa.de\\\/wp-content\\\/uploads\\\/2023\\\/01\\\/zvaigzdinis-anyzius.png\",\"contentUrl\":\"https:\\\/\\\/www.biopapa.de\\\/wp-content\\\/uploads\\\/2023\\\/01\\\/zvaigzdinis-anyzius.png\",\"width\":800,\"height\":640,\"caption\":\"Ekologi\u0161ki \u017evaig\u017ediniai any\u017eiai\"},{\"@type\":\"BreadcrumbList\",\"@id\":\"https:\\\/\\\/www.biopapa.de\\\/lt\\\/producte\\\/ekologiski-zvaigzdiniai-anyziai\\\/#breadcrumb\",\"itemListElement\":[{\"@type\":\"ListItem\",\"position\":1,\"name\":\"Home\",\"item\":\"https:\\\/\\\/www.biopapa.de\\\/lt\\\/\"},{\"@type\":\"ListItem\",\"position\":2,\"name\":\"Parduotuv\u0117\",\"item\":\"https:\\\/\\\/www.biopapa.de\\\/parduotuve\\\/\"},{\"@type\":\"ListItem\",\"position\":3,\"name\":\"Ekologi\u0161ki \u017evaig\u017ediniai any\u017eiai\"}]},{\"@type\":\"WebSite\",\"@id\":\"https:\\\/\\\/www.biopapa.de\\\/lt\\\/#website\",\"url\":\"https:\\\/\\\/www.biopapa.de\\\/lt\\\/\",\"name\":\"Biopapa\",\"description\":\"\u0160var\u016bs ekologi\u0161ki produktai\",\"publisher\":{\"@id\":\"https:\\\/\\\/www.biopapa.de\\\/lt\\\/#organization\"},\"potentialAction\":[{\"@type\":\"SearchAction\",\"target\":{\"@type\":\"EntryPoint\",\"urlTemplate\":\"https:\\\/\\\/www.biopapa.de\\\/lt\\\/?s={search_term_string}\"},\"query-input\":{\"@type\":\"PropertyValueSpecification\",\"valueRequired\":true,\"valueName\":\"search_term_string\"}}],\"inLanguage\":\"lt-LT\"},{\"@type\":\"Organization\",\"@id\":\"https:\\\/\\\/www.biopapa.de\\\/lt\\\/#organization\",\"name\":\"Biopapa\",\"url\":\"https:\\\/\\\/www.biopapa.de\\\/lt\\\/\",\"logo\":{\"@type\":\"ImageObject\",\"inLanguage\":\"lt-LT\",\"@id\":\"https:\\\/\\\/www.biopapa.de\\\/lt\\\/#\\\/schema\\\/logo\\\/image\\\/\",\"url\":\"https:\\\/\\\/www.biopapa.lt\\\/wp-content\\\/uploads\\\/2022\\\/04\\\/facebook_biopapa.jpg\",\"contentUrl\":\"https:\\\/\\\/www.biopapa.lt\\\/wp-content\\\/uploads\\\/2022\\\/04\\\/facebook_biopapa.jpg\",\"width\":1733,\"height\":907,\"caption\":\"Biopapa\"},\"image\":{\"@id\":\"https:\\\/\\\/www.biopapa.de\\\/lt\\\/#\\\/schema\\\/logo\\\/image\\\/\"},\"sameAs\":[\"https:\\\/\\\/www.facebook.com\\\/biopapa.lt\"]}]}<\/script>\n<!-- \/ Yoast SEO plugin. -->","yoast_head_json":{"title":"Ekologi\u0161ki \u017evaig\u017ediniai any\u017eiai - Biopapa","description":"Ekologi\u0161ki \u017evaig\u017ediniai any\u017eiai d\u0117l savo i\u0161skirtin\u0117s formos ir skonio bei savybi\u0173, greitai tampa vienu geid\u017eiamiausi\u0173 prieskoni\u0173 pasaulyje, ypa\u010d d\u0117l galimo poveikio \u017emoni\u0173 sveikatai.","robots":{"index":"index","follow":"follow","max-snippet":"max-snippet:-1","max-image-preview":"max-image-preview:large","max-video-preview":"max-video-preview:-1"},"canonical":"https:\/\/www.biopapa.de\/lt\/producte\/ekologiski-zvaigzdiniai-anyziai\/","og_locale":"lt_LT","og_type":"article","og_title":"Ekologi\u0161ki \u017evaig\u017ediniai any\u017eiai - Biopapa","og_description":"Ekologi\u0161ki \u017evaig\u017ediniai any\u017eiai d\u0117l savo i\u0161skirtin\u0117s formos ir skonio bei savybi\u0173, greitai tampa vienu geid\u017eiamiausi\u0173 prieskoni\u0173 pasaulyje, ypa\u010d d\u0117l galimo poveikio \u017emoni\u0173 sveikatai.","og_url":"https:\/\/www.biopapa.de\/lt\/producte\/ekologiski-zvaigzdiniai-anyziai\/","og_site_name":"Biopapa","article_publisher":"https:\/\/www.facebook.com\/biopapa.lt","article_modified_time":"2026-02-06T11:24:20+00:00","og_image":[{"width":800,"height":640,"url":"https:\/\/www.biopapa.de\/wp-content\/uploads\/2023\/01\/zvaigzdinis-anyzius.png","type":"image\/png"}],"twitter_card":"summary_large_image","twitter_misc":{"Est. reading time":"2 minut\u0117s"},"schema":{"@context":"https:\/\/schema.org","@graph":[{"@type":"WebPage","@id":"https:\/\/www.biopapa.de\/lt\/producte\/ekologiski-zvaigzdiniai-anyziai\/","url":"https:\/\/www.biopapa.de\/lt\/producte\/ekologiski-zvaigzdiniai-anyziai\/","name":"Ekologi\u0161ki \u017evaig\u017ediniai any\u017eiai - Biopapa","isPartOf":{"@id":"https:\/\/www.biopapa.de\/lt\/#website"},"primaryImageOfPage":{"@id":"https:\/\/www.biopapa.de\/lt\/producte\/ekologiski-zvaigzdiniai-anyziai\/#primaryimage"},"image":{"@id":"https:\/\/www.biopapa.de\/lt\/producte\/ekologiski-zvaigzdiniai-anyziai\/#primaryimage"},"thumbnailUrl":"https:\/\/www.biopapa.de\/wp-content\/uploads\/2023\/01\/zvaigzdinis-anyzius.png","datePublished":"2023-01-05T15:40:02+00:00","dateModified":"2026-02-06T11:24:20+00:00","description":"Ekologi\u0161ki \u017evaig\u017ediniai any\u017eiai d\u0117l savo i\u0161skirtin\u0117s formos ir skonio bei savybi\u0173, greitai tampa vienu geid\u017eiamiausi\u0173 prieskoni\u0173 pasaulyje, ypa\u010d d\u0117l galimo poveikio \u017emoni\u0173 sveikatai.","breadcrumb":{"@id":"https:\/\/www.biopapa.de\/lt\/producte\/ekologiski-zvaigzdiniai-anyziai\/#breadcrumb"},"inLanguage":"lt-LT","potentialAction":[{"@type":"ReadAction","target":["https:\/\/www.biopapa.de\/lt\/producte\/ekologiski-zvaigzdiniai-anyziai\/"]}]},{"@type":"ImageObject","inLanguage":"lt-LT","@id":"https:\/\/www.biopapa.de\/lt\/producte\/ekologiski-zvaigzdiniai-anyziai\/#primaryimage","url":"https:\/\/www.biopapa.de\/wp-content\/uploads\/2023\/01\/zvaigzdinis-anyzius.png","contentUrl":"https:\/\/www.biopapa.de\/wp-content\/uploads\/2023\/01\/zvaigzdinis-anyzius.png","width":800,"height":640,"caption":"Ekologi\u0161ki \u017evaig\u017ediniai any\u017eiai"},{"@type":"BreadcrumbList","@id":"https:\/\/www.biopapa.de\/lt\/producte\/ekologiski-zvaigzdiniai-anyziai\/#breadcrumb","itemListElement":[{"@type":"ListItem","position":1,"name":"Home","item":"https:\/\/www.biopapa.de\/lt\/"},{"@type":"ListItem","position":2,"name":"Parduotuv\u0117","item":"https:\/\/www.biopapa.de\/parduotuve\/"},{"@type":"ListItem","position":3,"name":"Ekologi\u0161ki \u017evaig\u017ediniai any\u017eiai"}]},{"@type":"WebSite","@id":"https:\/\/www.biopapa.de\/lt\/#website","url":"https:\/\/www.biopapa.de\/lt\/","name":"Biopapa","description":"\u0160var\u016bs ekologi\u0161ki produktai","publisher":{"@id":"https:\/\/www.biopapa.de\/lt\/#organization"},"potentialAction":[{"@type":"SearchAction","target":{"@type":"EntryPoint","urlTemplate":"https:\/\/www.biopapa.de\/lt\/?s={search_term_string}"},"query-input":{"@type":"PropertyValueSpecification","valueRequired":true,"valueName":"search_term_string"}}],"inLanguage":"lt-LT"},{"@type":"Organization","@id":"https:\/\/www.biopapa.de\/lt\/#organization","name":"Biopapa","url":"https:\/\/www.biopapa.de\/lt\/","logo":{"@type":"ImageObject","inLanguage":"lt-LT","@id":"https:\/\/www.biopapa.de\/lt\/#\/schema\/logo\/image\/","url":"https:\/\/www.biopapa.lt\/wp-content\/uploads\/2022\/04\/facebook_biopapa.jpg","contentUrl":"https:\/\/www.biopapa.lt\/wp-content\/uploads\/2022\/04\/facebook_biopapa.jpg","width":1733,"height":907,"caption":"Biopapa"},"image":{"@id":"https:\/\/www.biopapa.de\/lt\/#\/schema\/logo\/image\/"},"sameAs":["https:\/\/www.facebook.com\/biopapa.lt"]}]}},"_links":{"self":[{"href":"https:\/\/www.biopapa.de\/lt\/wp-json\/wp\/v2\/product\/22280","targetHints":{"allow":["GET"]}}],"collection":[{"href":"https:\/\/www.biopapa.de\/lt\/wp-json\/wp\/v2\/product"}],"about":[{"href":"https:\/\/www.biopapa.de\/lt\/wp-json\/wp\/v2\/types\/product"}],"wp:featuredmedia":[{"embeddable":true,"href":"https:\/\/www.biopapa.de\/lt\/wp-json\/wp\/v2\/media\/22300"}],"wp:attachment":[{"href":"https:\/\/www.biopapa.de\/lt\/wp-json\/wp\/v2\/media?parent=22280"}],"wp:term":[{"taxonomy":"product_brand","embeddable":true,"href":"https:\/\/www.biopapa.de\/lt\/wp-json\/wp\/v2\/product_brand?post=22280"},{"taxonomy":"product_cat","embeddable":true,"href":"https:\/\/www.biopapa.de\/lt\/wp-json\/wp\/v2\/product_cat?post=22280"},{"taxonomy":"product_tag","embeddable":true,"href":"https:\/\/www.biopapa.de\/lt\/wp-json\/wp\/v2\/product_tag?post=22280"}],"curies":[{"name":"wp","href":"https:\/\/api.w.org\/{rel}","templated":true}]}}