{"id":22417,"date":"2023-01-10T17:43:57","date_gmt":"2023-01-10T15:43:57","guid":{"rendered":"https:\/\/www.biopapa.lt\/?post_type=product&#038;p=22417"},"modified":"2026-04-10T14:19:05","modified_gmt":"2026-04-10T11:19:05","slug":"ekologiskos-japonines-pupuoles-adzuki","status":"publish","type":"product","link":"https:\/\/www.biopapa.de\/lt\/producte\/ekologiskos-japonines-pupuoles-adzuki\/","title":{"rendered":"Ekologi\u0161kos japonin\u0117s pupuol\u0117s (adzuki)"},"content":{"rendered":"<p><strong>Adzuki pupuol\u0117se<\/strong> yra gana daug baltym\u0173 ir skaidul\u0173. Nors juose yra gana daug baltym\u0173, jie n\u0117ra visaver\u010diai baltymai, tod\u0117l jums tiesiog reikia valgyti juos su ry\u017eiais, gr\u016bdais ir dar\u017eov\u0117mis.<\/p>\n<p>Kaip gaminti Adzuki pupuoles?<br \/>\nSkirtingai nuo kit\u0173 d\u017eiovint\u0173 pupeli\u0173, prie\u0161 verdant Adzuki pupuoles pamirkyti 2-4 valandas, tai pagreitins virimo laik\u0105 ir bus naudinga vir\u0161kinimui. Jos paprastai i\u0161verda per ma\u017edaug 40 \u2013 60 minu\u010di\u0173! Jeigu virsite greitpuodyje, tai u\u017etruks apie 20 min.<br \/>\nGamindami adzuki pupuoles galite pasirinkti galutin\u0119 j\u0173 tekst\u016br\u0105, o j\u0173 skon\u012f galite sustiprinti tro\u0161kindami jas su prieskoniais pagal skon\u012f, pavyzd\u017eiui, svog\u016bnais, trintomis \u010desnako skiltel\u0117mis, lauro lapais ar juod\u0173j\u0173 pipir\u0173 \u017eirneliais.<\/p>\n<p><em>PASTABA. \u010cia pateikta informacija negali b\u016bti interpretuojama kaip gydymo ar kitokio pob\u016bd\u017eio sveikatos klausim\u0173 sprendimo rekomendacija. Raginame sprendimus, susijusius su asmenine sveikata, priimti asmeni\u0161kai, \u012fvertinus \u012fvairius informacijos \u0161altinius.<\/em><\/p>\n","protected":false},"excerpt":{"rendered":"<p>Adzuki pupuol\u0117se yra gana daug baltym\u0173 ir skaidul\u0173. Nors juose yra gana daug baltym\u0173, jie n\u0117ra visaver\u010diai baltymai, tod\u0117l jums<\/p>\n","protected":false},"featured_media":22538,"template":"","meta":{"_acf_changed":false},"product_brand":[],"product_cat":[1933,1295],"product_tag":[1433,1378],"class_list":{"0":"post-22417","1":"product","2":"type-product","3":"status-publish","4":"has-post-thumbnail","6":"product_cat-ankstiniai","7":"product_cat-ekologiskos-kruopos-ankstiniai","8":"product_tag-baltymu-saltinis","9":"product_tag-veganams","10":"pa_svoris-1-kg","11":"pa_svoris-100-g","12":"pa_svoris-200-g","13":"pa_svoris-25-kg","14":"pa_svoris-300-g","15":"pa_svoris-400-g","16":"pa_svoris-500-g","18":"first","19":"instock","20":"shipping-taxable","21":"purchasable","22":"product-type-variable"},"acf":[],"yoast_head":"<!-- This site is optimized with the Yoast SEO plugin v27.5 - https:\/\/yoast.com\/product\/yoast-seo-wordpress\/ -->\n<title>Ekologi\u0161kos japonin\u0117s pupuol\u0117s (adzuki) - Biopapa<\/title>\n<meta name=\"robots\" content=\"index, follow, max-snippet:-1, max-image-preview:large, max-video-preview:-1\" \/>\n<link rel=\"canonical\" href=\"https:\/\/www.biopapa.de\/lt\/producte\/ekologiskos-japonines-pupuoles-adzuki\/\" \/>\n<meta property=\"og:locale\" content=\"lt_LT\" \/>\n<meta property=\"og:type\" content=\"article\" \/>\n<meta property=\"og:title\" content=\"Ekologi\u0161kos japonin\u0117s pupuol\u0117s (adzuki) - Biopapa\" \/>\n<meta property=\"og:description\" content=\"Adzuki pupuol\u0117se yra gana daug baltym\u0173 ir skaidul\u0173. Nors juose yra gana daug baltym\u0173, jie n\u0117ra visaver\u010diai baltymai, tod\u0117l jums\" \/>\n<meta property=\"og:url\" content=\"https:\/\/www.biopapa.de\/lt\/producte\/ekologiskos-japonines-pupuoles-adzuki\/\" \/>\n<meta property=\"og:site_name\" content=\"Biopapa\" \/>\n<meta property=\"article:publisher\" content=\"https:\/\/www.facebook.com\/biopapa.lt\" \/>\n<meta property=\"article:modified_time\" content=\"2026-04-10T11:19:05+00:00\" \/>\n<meta property=\"og:image\" content=\"https:\/\/www.biopapa.de\/wp-content\/uploads\/2023\/01\/Ekologiskos-japonines-pupuoles-adzuki.png\" \/>\n\t<meta property=\"og:image:width\" content=\"800\" \/>\n\t<meta property=\"og:image:height\" content=\"640\" \/>\n\t<meta property=\"og:image:type\" content=\"image\/png\" \/>\n<meta name=\"twitter:card\" content=\"summary_large_image\" \/>\n<script type=\"application\/ld+json\" class=\"yoast-schema-graph\">{\"@context\":\"https:\\\/\\\/schema.org\",\"@graph\":[{\"@type\":\"WebPage\",\"@id\":\"https:\\\/\\\/www.biopapa.de\\\/lt\\\/producte\\\/ekologiskos-japonines-pupuoles-adzuki\\\/\",\"url\":\"https:\\\/\\\/www.biopapa.de\\\/lt\\\/producte\\\/ekologiskos-japonines-pupuoles-adzuki\\\/\",\"name\":\"Ekologi\u0161kos japonin\u0117s pupuol\u0117s (adzuki) - Biopapa\",\"isPartOf\":{\"@id\":\"https:\\\/\\\/www.biopapa.de\\\/lt\\\/#website\"},\"primaryImageOfPage\":{\"@id\":\"https:\\\/\\\/www.biopapa.de\\\/lt\\\/producte\\\/ekologiskos-japonines-pupuoles-adzuki\\\/#primaryimage\"},\"image\":{\"@id\":\"https:\\\/\\\/www.biopapa.de\\\/lt\\\/producte\\\/ekologiskos-japonines-pupuoles-adzuki\\\/#primaryimage\"},\"thumbnailUrl\":\"https:\\\/\\\/www.biopapa.de\\\/wp-content\\\/uploads\\\/2023\\\/01\\\/Ekologiskos-japonines-pupuoles-adzuki.png\",\"datePublished\":\"2023-01-10T15:43:57+00:00\",\"dateModified\":\"2026-04-10T11:19:05+00:00\",\"breadcrumb\":{\"@id\":\"https:\\\/\\\/www.biopapa.de\\\/lt\\\/producte\\\/ekologiskos-japonines-pupuoles-adzuki\\\/#breadcrumb\"},\"inLanguage\":\"lt-LT\",\"potentialAction\":[{\"@type\":\"ReadAction\",\"target\":[\"https:\\\/\\\/www.biopapa.de\\\/lt\\\/producte\\\/ekologiskos-japonines-pupuoles-adzuki\\\/\"]}]},{\"@type\":\"ImageObject\",\"inLanguage\":\"lt-LT\",\"@id\":\"https:\\\/\\\/www.biopapa.de\\\/lt\\\/producte\\\/ekologiskos-japonines-pupuoles-adzuki\\\/#primaryimage\",\"url\":\"https:\\\/\\\/www.biopapa.de\\\/wp-content\\\/uploads\\\/2023\\\/01\\\/Ekologiskos-japonines-pupuoles-adzuki.png\",\"contentUrl\":\"https:\\\/\\\/www.biopapa.de\\\/wp-content\\\/uploads\\\/2023\\\/01\\\/Ekologiskos-japonines-pupuoles-adzuki.png\",\"width\":800,\"height\":640,\"caption\":\"Ekologi\u0161kos japonin\u0117s pupuol\u0117s (adzuki)\"},{\"@type\":\"BreadcrumbList\",\"@id\":\"https:\\\/\\\/www.biopapa.de\\\/lt\\\/producte\\\/ekologiskos-japonines-pupuoles-adzuki\\\/#breadcrumb\",\"itemListElement\":[{\"@type\":\"ListItem\",\"position\":1,\"name\":\"Home\",\"item\":\"https:\\\/\\\/www.biopapa.de\\\/lt\\\/\"},{\"@type\":\"ListItem\",\"position\":2,\"name\":\"Parduotuv\u0117\",\"item\":\"https:\\\/\\\/www.biopapa.de\\\/parduotuve\\\/\"},{\"@type\":\"ListItem\",\"position\":3,\"name\":\"Ekologi\u0161kos japonin\u0117s pupuol\u0117s (adzuki)\"}]},{\"@type\":\"WebSite\",\"@id\":\"https:\\\/\\\/www.biopapa.de\\\/lt\\\/#website\",\"url\":\"https:\\\/\\\/www.biopapa.de\\\/lt\\\/\",\"name\":\"Biopapa\",\"description\":\"\u0160var\u016bs ekologi\u0161ki produktai\",\"publisher\":{\"@id\":\"https:\\\/\\\/www.biopapa.de\\\/lt\\\/#organization\"},\"potentialAction\":[{\"@type\":\"SearchAction\",\"target\":{\"@type\":\"EntryPoint\",\"urlTemplate\":\"https:\\\/\\\/www.biopapa.de\\\/lt\\\/?s={search_term_string}\"},\"query-input\":{\"@type\":\"PropertyValueSpecification\",\"valueRequired\":true,\"valueName\":\"search_term_string\"}}],\"inLanguage\":\"lt-LT\"},{\"@type\":\"Organization\",\"@id\":\"https:\\\/\\\/www.biopapa.de\\\/lt\\\/#organization\",\"name\":\"Biopapa\",\"url\":\"https:\\\/\\\/www.biopapa.de\\\/lt\\\/\",\"logo\":{\"@type\":\"ImageObject\",\"inLanguage\":\"lt-LT\",\"@id\":\"https:\\\/\\\/www.biopapa.de\\\/lt\\\/#\\\/schema\\\/logo\\\/image\\\/\",\"url\":\"https:\\\/\\\/www.biopapa.lt\\\/wp-content\\\/uploads\\\/2022\\\/04\\\/facebook_biopapa.jpg\",\"contentUrl\":\"https:\\\/\\\/www.biopapa.lt\\\/wp-content\\\/uploads\\\/2022\\\/04\\\/facebook_biopapa.jpg\",\"width\":1733,\"height\":907,\"caption\":\"Biopapa\"},\"image\":{\"@id\":\"https:\\\/\\\/www.biopapa.de\\\/lt\\\/#\\\/schema\\\/logo\\\/image\\\/\"},\"sameAs\":[\"https:\\\/\\\/www.facebook.com\\\/biopapa.lt\"]}]}<\/script>\n<!-- \/ Yoast SEO plugin. -->","yoast_head_json":{"title":"Ekologi\u0161kos japonin\u0117s pupuol\u0117s (adzuki) - Biopapa","robots":{"index":"index","follow":"follow","max-snippet":"max-snippet:-1","max-image-preview":"max-image-preview:large","max-video-preview":"max-video-preview:-1"},"canonical":"https:\/\/www.biopapa.de\/lt\/producte\/ekologiskos-japonines-pupuoles-adzuki\/","og_locale":"lt_LT","og_type":"article","og_title":"Ekologi\u0161kos japonin\u0117s pupuol\u0117s (adzuki) - Biopapa","og_description":"Adzuki pupuol\u0117se yra gana daug baltym\u0173 ir skaidul\u0173. Nors juose yra gana daug baltym\u0173, jie n\u0117ra visaver\u010diai baltymai, tod\u0117l jums","og_url":"https:\/\/www.biopapa.de\/lt\/producte\/ekologiskos-japonines-pupuoles-adzuki\/","og_site_name":"Biopapa","article_publisher":"https:\/\/www.facebook.com\/biopapa.lt","article_modified_time":"2026-04-10T11:19:05+00:00","og_image":[{"width":800,"height":640,"url":"https:\/\/www.biopapa.de\/wp-content\/uploads\/2023\/01\/Ekologiskos-japonines-pupuoles-adzuki.png","type":"image\/png"}],"twitter_card":"summary_large_image","schema":{"@context":"https:\/\/schema.org","@graph":[{"@type":"WebPage","@id":"https:\/\/www.biopapa.de\/lt\/producte\/ekologiskos-japonines-pupuoles-adzuki\/","url":"https:\/\/www.biopapa.de\/lt\/producte\/ekologiskos-japonines-pupuoles-adzuki\/","name":"Ekologi\u0161kos japonin\u0117s pupuol\u0117s (adzuki) - Biopapa","isPartOf":{"@id":"https:\/\/www.biopapa.de\/lt\/#website"},"primaryImageOfPage":{"@id":"https:\/\/www.biopapa.de\/lt\/producte\/ekologiskos-japonines-pupuoles-adzuki\/#primaryimage"},"image":{"@id":"https:\/\/www.biopapa.de\/lt\/producte\/ekologiskos-japonines-pupuoles-adzuki\/#primaryimage"},"thumbnailUrl":"https:\/\/www.biopapa.de\/wp-content\/uploads\/2023\/01\/Ekologiskos-japonines-pupuoles-adzuki.png","datePublished":"2023-01-10T15:43:57+00:00","dateModified":"2026-04-10T11:19:05+00:00","breadcrumb":{"@id":"https:\/\/www.biopapa.de\/lt\/producte\/ekologiskos-japonines-pupuoles-adzuki\/#breadcrumb"},"inLanguage":"lt-LT","potentialAction":[{"@type":"ReadAction","target":["https:\/\/www.biopapa.de\/lt\/producte\/ekologiskos-japonines-pupuoles-adzuki\/"]}]},{"@type":"ImageObject","inLanguage":"lt-LT","@id":"https:\/\/www.biopapa.de\/lt\/producte\/ekologiskos-japonines-pupuoles-adzuki\/#primaryimage","url":"https:\/\/www.biopapa.de\/wp-content\/uploads\/2023\/01\/Ekologiskos-japonines-pupuoles-adzuki.png","contentUrl":"https:\/\/www.biopapa.de\/wp-content\/uploads\/2023\/01\/Ekologiskos-japonines-pupuoles-adzuki.png","width":800,"height":640,"caption":"Ekologi\u0161kos japonin\u0117s pupuol\u0117s (adzuki)"},{"@type":"BreadcrumbList","@id":"https:\/\/www.biopapa.de\/lt\/producte\/ekologiskos-japonines-pupuoles-adzuki\/#breadcrumb","itemListElement":[{"@type":"ListItem","position":1,"name":"Home","item":"https:\/\/www.biopapa.de\/lt\/"},{"@type":"ListItem","position":2,"name":"Parduotuv\u0117","item":"https:\/\/www.biopapa.de\/parduotuve\/"},{"@type":"ListItem","position":3,"name":"Ekologi\u0161kos japonin\u0117s pupuol\u0117s (adzuki)"}]},{"@type":"WebSite","@id":"https:\/\/www.biopapa.de\/lt\/#website","url":"https:\/\/www.biopapa.de\/lt\/","name":"Biopapa","description":"\u0160var\u016bs ekologi\u0161ki produktai","publisher":{"@id":"https:\/\/www.biopapa.de\/lt\/#organization"},"potentialAction":[{"@type":"SearchAction","target":{"@type":"EntryPoint","urlTemplate":"https:\/\/www.biopapa.de\/lt\/?s={search_term_string}"},"query-input":{"@type":"PropertyValueSpecification","valueRequired":true,"valueName":"search_term_string"}}],"inLanguage":"lt-LT"},{"@type":"Organization","@id":"https:\/\/www.biopapa.de\/lt\/#organization","name":"Biopapa","url":"https:\/\/www.biopapa.de\/lt\/","logo":{"@type":"ImageObject","inLanguage":"lt-LT","@id":"https:\/\/www.biopapa.de\/lt\/#\/schema\/logo\/image\/","url":"https:\/\/www.biopapa.lt\/wp-content\/uploads\/2022\/04\/facebook_biopapa.jpg","contentUrl":"https:\/\/www.biopapa.lt\/wp-content\/uploads\/2022\/04\/facebook_biopapa.jpg","width":1733,"height":907,"caption":"Biopapa"},"image":{"@id":"https:\/\/www.biopapa.de\/lt\/#\/schema\/logo\/image\/"},"sameAs":["https:\/\/www.facebook.com\/biopapa.lt"]}]}},"_links":{"self":[{"href":"https:\/\/www.biopapa.de\/lt\/wp-json\/wp\/v2\/product\/22417","targetHints":{"allow":["GET"]}}],"collection":[{"href":"https:\/\/www.biopapa.de\/lt\/wp-json\/wp\/v2\/product"}],"about":[{"href":"https:\/\/www.biopapa.de\/lt\/wp-json\/wp\/v2\/types\/product"}],"wp:featuredmedia":[{"embeddable":true,"href":"https:\/\/www.biopapa.de\/lt\/wp-json\/wp\/v2\/media\/22538"}],"wp:attachment":[{"href":"https:\/\/www.biopapa.de\/lt\/wp-json\/wp\/v2\/media?parent=22417"}],"wp:term":[{"taxonomy":"product_brand","embeddable":true,"href":"https:\/\/www.biopapa.de\/lt\/wp-json\/wp\/v2\/product_brand?post=22417"},{"taxonomy":"product_cat","embeddable":true,"href":"https:\/\/www.biopapa.de\/lt\/wp-json\/wp\/v2\/product_cat?post=22417"},{"taxonomy":"product_tag","embeddable":true,"href":"https:\/\/www.biopapa.de\/lt\/wp-json\/wp\/v2\/product_tag?post=22417"}],"curies":[{"name":"wp","href":"https:\/\/api.w.org\/{rel}","templated":true}]}}