{"id":22436,"date":"2023-01-10T18:17:24","date_gmt":"2023-01-10T16:17:24","guid":{"rendered":"https:\/\/www.biopapa.lt\/?post_type=product&#038;p=22436"},"modified":"2025-10-21T23:55:29","modified_gmt":"2025-10-21T20:55:29","slug":"ekologiska-ceremonine-kakavos-mase-criollo-raw","status":"publish","type":"product","link":"https:\/\/www.biopapa.de\/lt\/producte\/ekologiska-ceremonine-kakavos-mase-criollo-raw\/","title":{"rendered":"Ekologi\u0161ka Ceremonin\u0117 Kakavos mas\u0117 Criollo (RAW)"},"content":{"rendered":"<p><strong>Ekologi\u0161ka Ceremonin\u0117 Kakavos mas\u0117 Criollo (RAW)<br \/>\n<\/strong>Criollo kakav\u0105 (<em>Theobroma cacao L, criollo<\/em>) majai augino daugiau nei prie\u0161 1500 met\u0173. Buvo manoma, kad Criollo kakava atsirado Centrin\u0117je Amerikoje ir i\u0161sivyst\u0117 nepriklausomai nuo kakavos populiacij\u0173 Amazon\u0117s baseine. Taip pat turime \u017einoti, kad majai ir actekai nevalg\u0117 \u0161okolado. Cukrus, kurio reikia \u0161okoladui gaminti, Amerikoje neegzistavo anks\u010diau nei ispanai. Majai, actekai ir kitos tautos vartojo g\u0117rimus, pana\u0161ius \u012f <em>tejate<\/em> arba <em>pozole<\/em> g\u0117rimus, kurie vis dar gaminami Meksikoje ir Centrin\u0117je Amerikoje.<br \/>\n\u0160ios senov\u0117s civilizacijos ne tik vartojo kakav\u0105 kaip g\u0117rim\u0105, bet ir laik\u0117 j\u0105 \u0161venta, naudodamos ritualuose ir ceremonijose. Kakavos pupel\u0117s buvo taip vertinamos, kad buvo naudojamos kaip valiuta ir u\u017e\u0117m\u0117 pagrindin\u0119 viet\u0105 kult\u016brin\u0117je ir dvasin\u0117je praktikoje. \u0160iandien apeigin\u0117s kakavos tradicija klesti ir toliau, nes \u017emon\u0117s visame pasaulyje i\u0161 naujo atranda jos emocinio gydymo ir dvasinio ry\u0161io potencial\u0105.<\/p>\n<p><em>Savyb\u0117s<\/em><br \/>\nCeremonin\u0117 kakava da\u017enai siejama su emocine ir dvasine \u0161ird\u012f atverian\u010dia patirtimi.<br \/>\nKakavos pupel\u0117se yra jungini\u0173, toki\u0173 kaip feniletilaminas (PEA), da\u017enai vadinamas \u201emeil\u0117s molekule\u201c, nes gali paskatinti endorfin\u0173 ir dopamino i\u0161siskyrim\u0105 smegenyse, sukurdamas laim\u0117s, malonumo ir net lengvos euforijos jausm\u0105. Tai gali prisid\u0117ti prie geresn\u0117s nuotaikos ir gerov\u0117s.<\/p>\n<p><em>D\u0117mesio<\/em><br \/>\nCeremonin\u0117je kakavoje nat\u016braliai yra kofeino ir teobromino. Nors kiekiai ma\u017eesni nei kavoje, tie kas jautr\u016bs kofeinui gali jausti nerim\u0105, nervingum\u0105 ar nemig\u0105.<br \/>\nPer didelis kakavos vartojimas gali sukelti vir\u0161kinimo sutrikimus, \u012fskaitant pykinim\u0105 ar viduriavim\u0105, galvos skausmus.<br \/>\nCeremonin\u0117 kakava gali s\u0105veikauti su tam tikrais vaistais, ypa\u010d su antidepresantais, b\u016bkite atid\u016bs.<\/p>\n<p><em>Naudojimas<\/em><br \/>\nKasdien vartojant kakavos 30 g yra daugiau nei pakankamai.<br \/>\nMeditacijai vidutin\u0117 rekomenduojama doz\u0117 yra 22-30 g.<br \/>\nCeremoninei kakavai paruo\u0161ti rekomenduojama 40-50g. Apeigines dozes vartoti ne da\u017eniau kaip 3 kartus per savait\u0119.<br \/>\nDaugiau nei 50 g porcijos gali b\u016bti per daug, ypa\u010d tiems, kurie tik pradeda savo kelion\u0119 su kakava. Labai svarbu prad\u0117ti nuo ma\u017eesnio kiekio ir palaipsniui didinti, kad b\u016bt\u0173 nustatyta optimali doz\u0117, nes individualios reakcijos gali labai skirtis.<br \/>\nCeremonin\u0117s r\u016b\u0161ies kakav\u0105 paprastai saugu vartoti n\u0117\u0161tumo metu, ta\u010diau dideli\u0173 porcij\u0173 nerekomenduojame. Svarbu steb\u0117ti suvartojamo kakavos kiek\u012f.<\/p>\n<p><em>Kar\u0161tas \u0161okoladas<\/em><br \/>\nKakavos gabaliukus\u00a0 i\u0161tirpinti kar\u0161toje vonel\u0117je arba smulkiai supjaus\u010dius ir u\u017epylus \u0161iltu (ne verdan\u010diu) vandeniu suplakti blenderiu.<br \/>\nGardinti galima su kokos\u0173 pieno milteliais arba augaliniu \u2013 avi\u017e\u0173, migdol\u0173, kokos\u0173 pienu.<br \/>\nSaldinkite su savo m\u0117gstamu saldikliu ir eksperimentuokite su prieskoniais \u2013 vanile, cinamonu, kardamonu, kajeno pipirais.<\/p>\n<p><em>Pasigaminkite \u0161okolad\u0105 namuose<\/em><br \/>\nKakavos mas\u0119 i\u0161tirpinus kar\u0161toje vonel\u0117je su kokos\u0173 pieno milteliais, ar, tarkime, rie\u0161ut\u0173 sviestu (ne su vandeniu, ar augaliniu pienu) ir i\u0161pilstyti \u012f formeles. Atv\u0117sinus \u012f \u0161aldytuve, gal\u0117site m\u0117gautis auk\u0161tos kokyb\u0117s \u0161okoladu.<br \/>\nSutarkavus, gausite pried\u0105 ant pusry\u010di\u0173 ko\u0161\u0117s, kokteilio ar salot\u0173.<br \/>\n<em>\u0160altiniai<\/em><br \/>\nhttps:\/\/cacaolaboratory.com<br \/>\nhttps:\/\/www.sciencedirect.com<br \/>\nhttps:\/\/www.thechocolatejournalist.com<\/p>\n<p><em>PASTABA. \u010cia pateikta informacija negali b\u016bti interpretuojama kaip gydymo ar kitokio pob\u016bd\u017eio sveikatos klausim\u0173 sprendimo rekomendacija. Raginame sprendimus, susijusius su asmenine sveikata, priimti asmeni\u0161kai, \u012fvertinus \u012fvairius informacijos \u0161altinius.<\/em><\/p>\n","protected":false},"excerpt":{"rendered":"<p>Ekologi\u0161ka Ceremonin\u0117 Kakavos mas\u0117 Criollo (RAW) Criollo kakav\u0105 (Theobroma cacao L, criollo) majai augino daugiau nei prie\u0161 1500 met\u0173. Buvo<\/p>\n","protected":false},"featured_media":14522,"template":"","meta":{"_acf_changed":false},"product_brand":[],"product_cat":[1265,1909],"product_tag":[1381,1380,1378,1382],"class_list":{"0":"post-22436","1":"product","2":"type-product","3":"status-publish","4":"has-post-thumbnail","6":"product_cat-ekologiska-kakava-arbata-kava","7":"product_cat-kakava","8":"product_tag-be-pridetinio-cukraus","9":"product_tag-keto-mityba","10":"product_tag-veganams","11":"product_tag-zaliavalgiams","12":"pa_svoris-1-kg","13":"pa_svoris-100-g","14":"pa_svoris-200-g","15":"pa_svoris-25-kg","16":"pa_svoris-300-g","17":"pa_svoris-400-g","18":"pa_svoris-500-g","20":"first","21":"instock","22":"shipping-taxable","23":"purchasable","24":"product-type-variable"},"acf":[],"yoast_head":"<!-- This site is optimized with the Yoast SEO plugin v27.5 - https:\/\/yoast.com\/product\/yoast-seo-wordpress\/ -->\n<title>Ekologi\u0161ka Ceremonin\u0117 Kakavos mas\u0117 Criollo (RAW) - Biopapa<\/title>\n<meta name=\"description\" content=\"Senov\u0117s civilizacijos ne tik vartojo kakav\u0105 kaip g\u0117rim\u0105, bet ir laik\u0117 j\u0105 \u0161venta, naudodamos ritualuose ir ceremonijose. Ceremonin\u0117 kakava da\u017enai siejama su emocine ir dvasine \u0161ird\u012f atverian\u010dia patirtimi.\" \/>\n<meta name=\"robots\" content=\"index, follow, max-snippet:-1, max-image-preview:large, max-video-preview:-1\" \/>\n<link rel=\"canonical\" href=\"https:\/\/www.biopapa.de\/lt\/producte\/ekologiska-ceremonine-kakavos-mase-criollo-raw\/\" \/>\n<meta property=\"og:locale\" content=\"lt_LT\" \/>\n<meta property=\"og:type\" content=\"article\" \/>\n<meta property=\"og:title\" content=\"Ekologi\u0161ka Ceremonin\u0117 Kakavos mas\u0117 Criollo (RAW) - Biopapa\" \/>\n<meta property=\"og:description\" content=\"Senov\u0117s civilizacijos ne tik vartojo kakav\u0105 kaip g\u0117rim\u0105, bet ir laik\u0117 j\u0105 \u0161venta, naudodamos ritualuose ir ceremonijose. Ceremonin\u0117 kakava da\u017enai siejama su emocine ir dvasine \u0161ird\u012f atverian\u010dia patirtimi.\" \/>\n<meta property=\"og:url\" content=\"https:\/\/www.biopapa.de\/lt\/producte\/ekologiska-ceremonine-kakavos-mase-criollo-raw\/\" \/>\n<meta property=\"og:site_name\" content=\"Biopapa\" \/>\n<meta property=\"article:publisher\" content=\"https:\/\/www.facebook.com\/biopapa.lt\" \/>\n<meta property=\"article:modified_time\" content=\"2025-10-21T20:55:29+00:00\" \/>\n<meta property=\"og:image\" content=\"https:\/\/www.biopapa.de\/wp-content\/uploads\/2021\/08\/Ekologiski-kakavos-mases-gabaliukai-RAW-100_-sokoladas.jpg\" \/>\n\t<meta property=\"og:image:width\" content=\"800\" \/>\n\t<meta property=\"og:image:height\" content=\"640\" \/>\n\t<meta property=\"og:image:type\" content=\"image\/jpeg\" \/>\n<meta name=\"twitter:card\" content=\"summary_large_image\" \/>\n<meta name=\"twitter:label1\" content=\"Est. reading time\" \/>\n\t<meta name=\"twitter:data1\" content=\"3 minut\u0117s\" \/>\n<script type=\"application\/ld+json\" class=\"yoast-schema-graph\">{\"@context\":\"https:\\\/\\\/schema.org\",\"@graph\":[{\"@type\":\"WebPage\",\"@id\":\"https:\\\/\\\/www.biopapa.de\\\/lt\\\/producte\\\/ekologiska-ceremonine-kakavos-mase-criollo-raw\\\/\",\"url\":\"https:\\\/\\\/www.biopapa.de\\\/lt\\\/producte\\\/ekologiska-ceremonine-kakavos-mase-criollo-raw\\\/\",\"name\":\"Ekologi\u0161ka Ceremonin\u0117 Kakavos mas\u0117 Criollo (RAW) - Biopapa\",\"isPartOf\":{\"@id\":\"https:\\\/\\\/www.biopapa.de\\\/lt\\\/#website\"},\"primaryImageOfPage\":{\"@id\":\"https:\\\/\\\/www.biopapa.de\\\/lt\\\/producte\\\/ekologiska-ceremonine-kakavos-mase-criollo-raw\\\/#primaryimage\"},\"image\":{\"@id\":\"https:\\\/\\\/www.biopapa.de\\\/lt\\\/producte\\\/ekologiska-ceremonine-kakavos-mase-criollo-raw\\\/#primaryimage\"},\"thumbnailUrl\":\"https:\\\/\\\/www.biopapa.de\\\/wp-content\\\/uploads\\\/2021\\\/08\\\/Ekologiski-kakavos-mases-gabaliukai-RAW-100_-sokoladas.jpg\",\"datePublished\":\"2023-01-10T16:17:24+00:00\",\"dateModified\":\"2025-10-21T20:55:29+00:00\",\"description\":\"Senov\u0117s civilizacijos ne tik vartojo kakav\u0105 kaip g\u0117rim\u0105, bet ir laik\u0117 j\u0105 \u0161venta, naudodamos ritualuose ir ceremonijose. Ceremonin\u0117 kakava da\u017enai siejama su emocine ir dvasine \u0161ird\u012f atverian\u010dia patirtimi.\",\"breadcrumb\":{\"@id\":\"https:\\\/\\\/www.biopapa.de\\\/lt\\\/producte\\\/ekologiska-ceremonine-kakavos-mase-criollo-raw\\\/#breadcrumb\"},\"inLanguage\":\"lt-LT\",\"potentialAction\":[{\"@type\":\"ReadAction\",\"target\":[\"https:\\\/\\\/www.biopapa.de\\\/lt\\\/producte\\\/ekologiska-ceremonine-kakavos-mase-criollo-raw\\\/\"]}]},{\"@type\":\"ImageObject\",\"inLanguage\":\"lt-LT\",\"@id\":\"https:\\\/\\\/www.biopapa.de\\\/lt\\\/producte\\\/ekologiska-ceremonine-kakavos-mase-criollo-raw\\\/#primaryimage\",\"url\":\"https:\\\/\\\/www.biopapa.de\\\/wp-content\\\/uploads\\\/2021\\\/08\\\/Ekologiski-kakavos-mases-gabaliukai-RAW-100_-sokoladas.jpg\",\"contentUrl\":\"https:\\\/\\\/www.biopapa.de\\\/wp-content\\\/uploads\\\/2021\\\/08\\\/Ekologiski-kakavos-mases-gabaliukai-RAW-100_-sokoladas.jpg\",\"width\":800,\"height\":640,\"caption\":\"Ekologi\u0161ki kakavos mases gabaliukai (RAW), 100_ \u0161okoladas\"},{\"@type\":\"BreadcrumbList\",\"@id\":\"https:\\\/\\\/www.biopapa.de\\\/lt\\\/producte\\\/ekologiska-ceremonine-kakavos-mase-criollo-raw\\\/#breadcrumb\",\"itemListElement\":[{\"@type\":\"ListItem\",\"position\":1,\"name\":\"Home\",\"item\":\"https:\\\/\\\/www.biopapa.de\\\/lt\\\/\"},{\"@type\":\"ListItem\",\"position\":2,\"name\":\"Parduotuv\u0117\",\"item\":\"https:\\\/\\\/www.biopapa.de\\\/parduotuve\\\/\"},{\"@type\":\"ListItem\",\"position\":3,\"name\":\"Ekologi\u0161ka Ceremonin\u0117 Kakavos mas\u0117 Criollo (RAW)\"}]},{\"@type\":\"WebSite\",\"@id\":\"https:\\\/\\\/www.biopapa.de\\\/lt\\\/#website\",\"url\":\"https:\\\/\\\/www.biopapa.de\\\/lt\\\/\",\"name\":\"Biopapa\",\"description\":\"\u0160var\u016bs ekologi\u0161ki produktai\",\"publisher\":{\"@id\":\"https:\\\/\\\/www.biopapa.de\\\/lt\\\/#organization\"},\"potentialAction\":[{\"@type\":\"SearchAction\",\"target\":{\"@type\":\"EntryPoint\",\"urlTemplate\":\"https:\\\/\\\/www.biopapa.de\\\/lt\\\/?s={search_term_string}\"},\"query-input\":{\"@type\":\"PropertyValueSpecification\",\"valueRequired\":true,\"valueName\":\"search_term_string\"}}],\"inLanguage\":\"lt-LT\"},{\"@type\":\"Organization\",\"@id\":\"https:\\\/\\\/www.biopapa.de\\\/lt\\\/#organization\",\"name\":\"Biopapa\",\"url\":\"https:\\\/\\\/www.biopapa.de\\\/lt\\\/\",\"logo\":{\"@type\":\"ImageObject\",\"inLanguage\":\"lt-LT\",\"@id\":\"https:\\\/\\\/www.biopapa.de\\\/lt\\\/#\\\/schema\\\/logo\\\/image\\\/\",\"url\":\"https:\\\/\\\/www.biopapa.lt\\\/wp-content\\\/uploads\\\/2022\\\/04\\\/facebook_biopapa.jpg\",\"contentUrl\":\"https:\\\/\\\/www.biopapa.lt\\\/wp-content\\\/uploads\\\/2022\\\/04\\\/facebook_biopapa.jpg\",\"width\":1733,\"height\":907,\"caption\":\"Biopapa\"},\"image\":{\"@id\":\"https:\\\/\\\/www.biopapa.de\\\/lt\\\/#\\\/schema\\\/logo\\\/image\\\/\"},\"sameAs\":[\"https:\\\/\\\/www.facebook.com\\\/biopapa.lt\"]}]}<\/script>\n<!-- \/ Yoast SEO plugin. -->","yoast_head_json":{"title":"Ekologi\u0161ka Ceremonin\u0117 Kakavos mas\u0117 Criollo (RAW) - Biopapa","description":"Senov\u0117s civilizacijos ne tik vartojo kakav\u0105 kaip g\u0117rim\u0105, bet ir laik\u0117 j\u0105 \u0161venta, naudodamos ritualuose ir ceremonijose. Ceremonin\u0117 kakava da\u017enai siejama su emocine ir dvasine \u0161ird\u012f atverian\u010dia patirtimi.","robots":{"index":"index","follow":"follow","max-snippet":"max-snippet:-1","max-image-preview":"max-image-preview:large","max-video-preview":"max-video-preview:-1"},"canonical":"https:\/\/www.biopapa.de\/lt\/producte\/ekologiska-ceremonine-kakavos-mase-criollo-raw\/","og_locale":"lt_LT","og_type":"article","og_title":"Ekologi\u0161ka Ceremonin\u0117 Kakavos mas\u0117 Criollo (RAW) - Biopapa","og_description":"Senov\u0117s civilizacijos ne tik vartojo kakav\u0105 kaip g\u0117rim\u0105, bet ir laik\u0117 j\u0105 \u0161venta, naudodamos ritualuose ir ceremonijose. Ceremonin\u0117 kakava da\u017enai siejama su emocine ir dvasine \u0161ird\u012f atverian\u010dia patirtimi.","og_url":"https:\/\/www.biopapa.de\/lt\/producte\/ekologiska-ceremonine-kakavos-mase-criollo-raw\/","og_site_name":"Biopapa","article_publisher":"https:\/\/www.facebook.com\/biopapa.lt","article_modified_time":"2025-10-21T20:55:29+00:00","og_image":[{"width":800,"height":640,"url":"https:\/\/www.biopapa.de\/wp-content\/uploads\/2021\/08\/Ekologiski-kakavos-mases-gabaliukai-RAW-100_-sokoladas.jpg","type":"image\/jpeg"}],"twitter_card":"summary_large_image","twitter_misc":{"Est. reading time":"3 minut\u0117s"},"schema":{"@context":"https:\/\/schema.org","@graph":[{"@type":"WebPage","@id":"https:\/\/www.biopapa.de\/lt\/producte\/ekologiska-ceremonine-kakavos-mase-criollo-raw\/","url":"https:\/\/www.biopapa.de\/lt\/producte\/ekologiska-ceremonine-kakavos-mase-criollo-raw\/","name":"Ekologi\u0161ka Ceremonin\u0117 Kakavos mas\u0117 Criollo (RAW) - Biopapa","isPartOf":{"@id":"https:\/\/www.biopapa.de\/lt\/#website"},"primaryImageOfPage":{"@id":"https:\/\/www.biopapa.de\/lt\/producte\/ekologiska-ceremonine-kakavos-mase-criollo-raw\/#primaryimage"},"image":{"@id":"https:\/\/www.biopapa.de\/lt\/producte\/ekologiska-ceremonine-kakavos-mase-criollo-raw\/#primaryimage"},"thumbnailUrl":"https:\/\/www.biopapa.de\/wp-content\/uploads\/2021\/08\/Ekologiski-kakavos-mases-gabaliukai-RAW-100_-sokoladas.jpg","datePublished":"2023-01-10T16:17:24+00:00","dateModified":"2025-10-21T20:55:29+00:00","description":"Senov\u0117s civilizacijos ne tik vartojo kakav\u0105 kaip g\u0117rim\u0105, bet ir laik\u0117 j\u0105 \u0161venta, naudodamos ritualuose ir ceremonijose. Ceremonin\u0117 kakava da\u017enai siejama su emocine ir dvasine \u0161ird\u012f atverian\u010dia patirtimi.","breadcrumb":{"@id":"https:\/\/www.biopapa.de\/lt\/producte\/ekologiska-ceremonine-kakavos-mase-criollo-raw\/#breadcrumb"},"inLanguage":"lt-LT","potentialAction":[{"@type":"ReadAction","target":["https:\/\/www.biopapa.de\/lt\/producte\/ekologiska-ceremonine-kakavos-mase-criollo-raw\/"]}]},{"@type":"ImageObject","inLanguage":"lt-LT","@id":"https:\/\/www.biopapa.de\/lt\/producte\/ekologiska-ceremonine-kakavos-mase-criollo-raw\/#primaryimage","url":"https:\/\/www.biopapa.de\/wp-content\/uploads\/2021\/08\/Ekologiski-kakavos-mases-gabaliukai-RAW-100_-sokoladas.jpg","contentUrl":"https:\/\/www.biopapa.de\/wp-content\/uploads\/2021\/08\/Ekologiski-kakavos-mases-gabaliukai-RAW-100_-sokoladas.jpg","width":800,"height":640,"caption":"Ekologi\u0161ki kakavos mases gabaliukai (RAW), 100_ \u0161okoladas"},{"@type":"BreadcrumbList","@id":"https:\/\/www.biopapa.de\/lt\/producte\/ekologiska-ceremonine-kakavos-mase-criollo-raw\/#breadcrumb","itemListElement":[{"@type":"ListItem","position":1,"name":"Home","item":"https:\/\/www.biopapa.de\/lt\/"},{"@type":"ListItem","position":2,"name":"Parduotuv\u0117","item":"https:\/\/www.biopapa.de\/parduotuve\/"},{"@type":"ListItem","position":3,"name":"Ekologi\u0161ka Ceremonin\u0117 Kakavos mas\u0117 Criollo (RAW)"}]},{"@type":"WebSite","@id":"https:\/\/www.biopapa.de\/lt\/#website","url":"https:\/\/www.biopapa.de\/lt\/","name":"Biopapa","description":"\u0160var\u016bs ekologi\u0161ki produktai","publisher":{"@id":"https:\/\/www.biopapa.de\/lt\/#organization"},"potentialAction":[{"@type":"SearchAction","target":{"@type":"EntryPoint","urlTemplate":"https:\/\/www.biopapa.de\/lt\/?s={search_term_string}"},"query-input":{"@type":"PropertyValueSpecification","valueRequired":true,"valueName":"search_term_string"}}],"inLanguage":"lt-LT"},{"@type":"Organization","@id":"https:\/\/www.biopapa.de\/lt\/#organization","name":"Biopapa","url":"https:\/\/www.biopapa.de\/lt\/","logo":{"@type":"ImageObject","inLanguage":"lt-LT","@id":"https:\/\/www.biopapa.de\/lt\/#\/schema\/logo\/image\/","url":"https:\/\/www.biopapa.lt\/wp-content\/uploads\/2022\/04\/facebook_biopapa.jpg","contentUrl":"https:\/\/www.biopapa.lt\/wp-content\/uploads\/2022\/04\/facebook_biopapa.jpg","width":1733,"height":907,"caption":"Biopapa"},"image":{"@id":"https:\/\/www.biopapa.de\/lt\/#\/schema\/logo\/image\/"},"sameAs":["https:\/\/www.facebook.com\/biopapa.lt"]}]}},"_links":{"self":[{"href":"https:\/\/www.biopapa.de\/lt\/wp-json\/wp\/v2\/product\/22436","targetHints":{"allow":["GET"]}}],"collection":[{"href":"https:\/\/www.biopapa.de\/lt\/wp-json\/wp\/v2\/product"}],"about":[{"href":"https:\/\/www.biopapa.de\/lt\/wp-json\/wp\/v2\/types\/product"}],"wp:featuredmedia":[{"embeddable":true,"href":"https:\/\/www.biopapa.de\/lt\/wp-json\/wp\/v2\/media\/14522"}],"wp:attachment":[{"href":"https:\/\/www.biopapa.de\/lt\/wp-json\/wp\/v2\/media?parent=22436"}],"wp:term":[{"taxonomy":"product_brand","embeddable":true,"href":"https:\/\/www.biopapa.de\/lt\/wp-json\/wp\/v2\/product_brand?post=22436"},{"taxonomy":"product_cat","embeddable":true,"href":"https:\/\/www.biopapa.de\/lt\/wp-json\/wp\/v2\/product_cat?post=22436"},{"taxonomy":"product_tag","embeddable":true,"href":"https:\/\/www.biopapa.de\/lt\/wp-json\/wp\/v2\/product_tag?post=22436"}],"curies":[{"name":"wp","href":"https:\/\/api.w.org\/{rel}","templated":true}]}}