{"id":22670,"date":"2023-01-17T17:31:21","date_gmt":"2023-01-17T15:31:21","guid":{"rendered":"https:\/\/www.biopapa.lt\/?post_type=product&#038;p=22670"},"modified":"2026-03-23T11:09:20","modified_gmt":"2026-03-23T09:09:20","slug":"ekologiska-yerba-mate-arbata","status":"publish","type":"product","link":"https:\/\/www.biopapa.de\/lt\/producte\/ekologiska-yerba-mate-arbata\/","title":{"rendered":"Ekologi\u0161ka yerba mat\u0117 arbata"},"content":{"rendered":"<p><strong>Ekologi\u0161ka yerba mat\u0117 arbata<\/strong><br \/>\nYerba mate skonis kaip arbata, stimuliuoja kaip kava, ta\u010diau techni\u0161kai tai n\u0117ra n\u0117 vienas. Yerba mate turi labai savit\u0105 skon\u012f &#8211; stiprus, \u0161iek tiek kartokas. Tradici\u0161kai yerba mate geriama i\u0161 specialaus indo ir gurk\u0161nojama su metaliniu \u0161iaudeliu, kurio apatiniame gale yra filtras.<\/p>\n<p>Jei ie\u0161kote energijos u\u017etaiso, kurio neduoda espreso kavos pupel\u0117s, paruo\u0161kite arbatos i\u0161 \u0161io Piet\u0173 Amerikos kilusio super augalo, Yerba mate (<em>Ilex paraguariensis<\/em>) augalo lap\u0173 ir \u0161akeli\u0173, naudojamo \u0161imtme\u010dius. Yerba mate arbatoje yra beveik tiek pat kofeino, kiek ir kavoje, ma\u017edaug 80 miligram\u0173 viename puodelyje.<\/p>\n<p>\u0160i arbata yra turtinga antioksidant\u0173 ir maistini\u0173 med\u017eiag\u0173.<br \/>\nYerba mate gali padidinti energij\u0105 ir pagerinti protin\u012f susikaupim\u0105. Kai kurie tyrimai rodo, kad yerba mate gali b\u016bti veiksminga ma\u017einant k\u016bno svor\u012f.<\/p>\n<p>Daugiau informacijos angl\u0173 kalba:<br \/>\n1. National Library of Medicine<br \/>\n2. Organicfacts<\/p>\n<p><em>PASTABA. Svetain\u0117je pateikiama informacija negali b\u016bti interpretuojama kaip gydymo ar kitokio pob\u016bd\u017eio sveikatos klausim\u0173 sprendimo rekomendacija. Raginame sprendimus, susijusius su asmenine sveikata, priimti asmeni\u0161kai, \u012fvertinus \u012fvairius informacijos \u0161altinius.<\/em><\/p>\n","protected":false},"excerpt":{"rendered":"<p>Ekologi\u0161ka yerba mat\u0117 arbata Yerba mate skonis kaip arbata, stimuliuoja kaip kava, ta\u010diau techni\u0161kai tai n\u0117ra n\u0117 vienas. Yerba mate<\/p>\n","protected":false},"featured_media":22731,"template":"","meta":{"_acf_changed":false},"product_brand":[],"product_cat":[1907,1265],"product_tag":[1378],"class_list":{"0":"post-22670","1":"product","2":"type-product","3":"status-publish","4":"has-post-thumbnail","6":"product_cat-arbata","7":"product_cat-ekologiska-kakava-arbata-kava","8":"product_tag-veganams","9":"pa_svoris-1-kg","10":"pa_svoris-10-kg","11":"pa_svoris-100-g","12":"pa_svoris-200-g","13":"pa_svoris-25-g","14":"pa_svoris-300-g","15":"pa_svoris-400-g","16":"pa_svoris-50-g","17":"pa_svoris-500-g","19":"first","20":"instock","21":"shipping-taxable","22":"purchasable","23":"product-type-variable"},"acf":[],"yoast_head":"<!-- This site is optimized with the Yoast SEO plugin v27.5 - https:\/\/yoast.com\/product\/yoast-seo-wordpress\/ -->\n<title>Ekologi\u0161ka yerba mat\u0117 arbata - Biopapa<\/title>\n<meta name=\"description\" content=\"Yerba mate skonis kaip arbata, stimuliuoja kaip kava, ta\u010diau techni\u0161kai tai n\u0117ra n\u0117 vienas. Yerba mate turi labai savit\u0105 skon\u012f - stiprus, \u0161iek tiek kartokas.\" \/>\n<meta name=\"robots\" content=\"index, follow, max-snippet:-1, max-image-preview:large, max-video-preview:-1\" \/>\n<link rel=\"canonical\" href=\"https:\/\/www.biopapa.de\/lt\/producte\/ekologiska-yerba-mate-arbata\/\" \/>\n<meta property=\"og:locale\" content=\"lt_LT\" \/>\n<meta property=\"og:type\" content=\"article\" \/>\n<meta property=\"og:title\" content=\"Ekologi\u0161ka yerba mat\u0117 arbata - Biopapa\" \/>\n<meta property=\"og:description\" content=\"Yerba mate skonis kaip arbata, stimuliuoja kaip kava, ta\u010diau techni\u0161kai tai n\u0117ra n\u0117 vienas. Yerba mate turi labai savit\u0105 skon\u012f - stiprus, \u0161iek tiek kartokas.\" \/>\n<meta property=\"og:url\" content=\"https:\/\/www.biopapa.de\/lt\/producte\/ekologiska-yerba-mate-arbata\/\" \/>\n<meta property=\"og:site_name\" content=\"Biopapa\" \/>\n<meta property=\"article:publisher\" content=\"https:\/\/www.facebook.com\/biopapa.lt\" \/>\n<meta property=\"article:modified_time\" content=\"2026-03-23T09:09:20+00:00\" \/>\n<meta property=\"og:image\" content=\"https:\/\/www.biopapa.de\/wp-content\/uploads\/2023\/01\/Ekologiska-yerba-mate-arbata.png\" \/>\n\t<meta property=\"og:image:width\" content=\"800\" \/>\n\t<meta property=\"og:image:height\" content=\"640\" \/>\n\t<meta property=\"og:image:type\" content=\"image\/png\" \/>\n<meta name=\"twitter:card\" content=\"summary_large_image\" \/>\n<script type=\"application\/ld+json\" class=\"yoast-schema-graph\">{\"@context\":\"https:\\\/\\\/schema.org\",\"@graph\":[{\"@type\":\"WebPage\",\"@id\":\"https:\\\/\\\/www.biopapa.de\\\/lt\\\/producte\\\/ekologiska-yerba-mate-arbata\\\/\",\"url\":\"https:\\\/\\\/www.biopapa.de\\\/lt\\\/producte\\\/ekologiska-yerba-mate-arbata\\\/\",\"name\":\"Ekologi\u0161ka yerba mat\u0117 arbata - Biopapa\",\"isPartOf\":{\"@id\":\"https:\\\/\\\/www.biopapa.de\\\/lt\\\/#website\"},\"primaryImageOfPage\":{\"@id\":\"https:\\\/\\\/www.biopapa.de\\\/lt\\\/producte\\\/ekologiska-yerba-mate-arbata\\\/#primaryimage\"},\"image\":{\"@id\":\"https:\\\/\\\/www.biopapa.de\\\/lt\\\/producte\\\/ekologiska-yerba-mate-arbata\\\/#primaryimage\"},\"thumbnailUrl\":\"https:\\\/\\\/www.biopapa.de\\\/wp-content\\\/uploads\\\/2023\\\/01\\\/Ekologiska-yerba-mate-arbata.png\",\"datePublished\":\"2023-01-17T15:31:21+00:00\",\"dateModified\":\"2026-03-23T09:09:20+00:00\",\"description\":\"Yerba mate skonis kaip arbata, stimuliuoja kaip kava, ta\u010diau techni\u0161kai tai n\u0117ra n\u0117 vienas. Yerba mate turi labai savit\u0105 skon\u012f - stiprus, \u0161iek tiek kartokas.\",\"breadcrumb\":{\"@id\":\"https:\\\/\\\/www.biopapa.de\\\/lt\\\/producte\\\/ekologiska-yerba-mate-arbata\\\/#breadcrumb\"},\"inLanguage\":\"lt-LT\",\"potentialAction\":[{\"@type\":\"ReadAction\",\"target\":[\"https:\\\/\\\/www.biopapa.de\\\/lt\\\/producte\\\/ekologiska-yerba-mate-arbata\\\/\"]}]},{\"@type\":\"ImageObject\",\"inLanguage\":\"lt-LT\",\"@id\":\"https:\\\/\\\/www.biopapa.de\\\/lt\\\/producte\\\/ekologiska-yerba-mate-arbata\\\/#primaryimage\",\"url\":\"https:\\\/\\\/www.biopapa.de\\\/wp-content\\\/uploads\\\/2023\\\/01\\\/Ekologiska-yerba-mate-arbata.png\",\"contentUrl\":\"https:\\\/\\\/www.biopapa.de\\\/wp-content\\\/uploads\\\/2023\\\/01\\\/Ekologiska-yerba-mate-arbata.png\",\"width\":800,\"height\":640,\"caption\":\"Ekologi\u0161ka yerba mat\u0117 arbata\"},{\"@type\":\"BreadcrumbList\",\"@id\":\"https:\\\/\\\/www.biopapa.de\\\/lt\\\/producte\\\/ekologiska-yerba-mate-arbata\\\/#breadcrumb\",\"itemListElement\":[{\"@type\":\"ListItem\",\"position\":1,\"name\":\"Home\",\"item\":\"https:\\\/\\\/www.biopapa.de\\\/lt\\\/\"},{\"@type\":\"ListItem\",\"position\":2,\"name\":\"Parduotuv\u0117\",\"item\":\"https:\\\/\\\/www.biopapa.de\\\/parduotuve\\\/\"},{\"@type\":\"ListItem\",\"position\":3,\"name\":\"Ekologi\u0161ka yerba mat\u0117 arbata\"}]},{\"@type\":\"WebSite\",\"@id\":\"https:\\\/\\\/www.biopapa.de\\\/lt\\\/#website\",\"url\":\"https:\\\/\\\/www.biopapa.de\\\/lt\\\/\",\"name\":\"Biopapa\",\"description\":\"\u0160var\u016bs ekologi\u0161ki produktai\",\"publisher\":{\"@id\":\"https:\\\/\\\/www.biopapa.de\\\/lt\\\/#organization\"},\"potentialAction\":[{\"@type\":\"SearchAction\",\"target\":{\"@type\":\"EntryPoint\",\"urlTemplate\":\"https:\\\/\\\/www.biopapa.de\\\/lt\\\/?s={search_term_string}\"},\"query-input\":{\"@type\":\"PropertyValueSpecification\",\"valueRequired\":true,\"valueName\":\"search_term_string\"}}],\"inLanguage\":\"lt-LT\"},{\"@type\":\"Organization\",\"@id\":\"https:\\\/\\\/www.biopapa.de\\\/lt\\\/#organization\",\"name\":\"Biopapa\",\"url\":\"https:\\\/\\\/www.biopapa.de\\\/lt\\\/\",\"logo\":{\"@type\":\"ImageObject\",\"inLanguage\":\"lt-LT\",\"@id\":\"https:\\\/\\\/www.biopapa.de\\\/lt\\\/#\\\/schema\\\/logo\\\/image\\\/\",\"url\":\"https:\\\/\\\/www.biopapa.lt\\\/wp-content\\\/uploads\\\/2022\\\/04\\\/facebook_biopapa.jpg\",\"contentUrl\":\"https:\\\/\\\/www.biopapa.lt\\\/wp-content\\\/uploads\\\/2022\\\/04\\\/facebook_biopapa.jpg\",\"width\":1733,\"height\":907,\"caption\":\"Biopapa\"},\"image\":{\"@id\":\"https:\\\/\\\/www.biopapa.de\\\/lt\\\/#\\\/schema\\\/logo\\\/image\\\/\"},\"sameAs\":[\"https:\\\/\\\/www.facebook.com\\\/biopapa.lt\"]}]}<\/script>\n<!-- \/ Yoast SEO plugin. -->","yoast_head_json":{"title":"Ekologi\u0161ka yerba mat\u0117 arbata - Biopapa","description":"Yerba mate skonis kaip arbata, stimuliuoja kaip kava, ta\u010diau techni\u0161kai tai n\u0117ra n\u0117 vienas. Yerba mate turi labai savit\u0105 skon\u012f - stiprus, \u0161iek tiek kartokas.","robots":{"index":"index","follow":"follow","max-snippet":"max-snippet:-1","max-image-preview":"max-image-preview:large","max-video-preview":"max-video-preview:-1"},"canonical":"https:\/\/www.biopapa.de\/lt\/producte\/ekologiska-yerba-mate-arbata\/","og_locale":"lt_LT","og_type":"article","og_title":"Ekologi\u0161ka yerba mat\u0117 arbata - Biopapa","og_description":"Yerba mate skonis kaip arbata, stimuliuoja kaip kava, ta\u010diau techni\u0161kai tai n\u0117ra n\u0117 vienas. Yerba mate turi labai savit\u0105 skon\u012f - stiprus, \u0161iek tiek kartokas.","og_url":"https:\/\/www.biopapa.de\/lt\/producte\/ekologiska-yerba-mate-arbata\/","og_site_name":"Biopapa","article_publisher":"https:\/\/www.facebook.com\/biopapa.lt","article_modified_time":"2026-03-23T09:09:20+00:00","og_image":[{"width":800,"height":640,"url":"https:\/\/www.biopapa.de\/wp-content\/uploads\/2023\/01\/Ekologiska-yerba-mate-arbata.png","type":"image\/png"}],"twitter_card":"summary_large_image","schema":{"@context":"https:\/\/schema.org","@graph":[{"@type":"WebPage","@id":"https:\/\/www.biopapa.de\/lt\/producte\/ekologiska-yerba-mate-arbata\/","url":"https:\/\/www.biopapa.de\/lt\/producte\/ekologiska-yerba-mate-arbata\/","name":"Ekologi\u0161ka yerba mat\u0117 arbata - Biopapa","isPartOf":{"@id":"https:\/\/www.biopapa.de\/lt\/#website"},"primaryImageOfPage":{"@id":"https:\/\/www.biopapa.de\/lt\/producte\/ekologiska-yerba-mate-arbata\/#primaryimage"},"image":{"@id":"https:\/\/www.biopapa.de\/lt\/producte\/ekologiska-yerba-mate-arbata\/#primaryimage"},"thumbnailUrl":"https:\/\/www.biopapa.de\/wp-content\/uploads\/2023\/01\/Ekologiska-yerba-mate-arbata.png","datePublished":"2023-01-17T15:31:21+00:00","dateModified":"2026-03-23T09:09:20+00:00","description":"Yerba mate skonis kaip arbata, stimuliuoja kaip kava, ta\u010diau techni\u0161kai tai n\u0117ra n\u0117 vienas. Yerba mate turi labai savit\u0105 skon\u012f - stiprus, \u0161iek tiek kartokas.","breadcrumb":{"@id":"https:\/\/www.biopapa.de\/lt\/producte\/ekologiska-yerba-mate-arbata\/#breadcrumb"},"inLanguage":"lt-LT","potentialAction":[{"@type":"ReadAction","target":["https:\/\/www.biopapa.de\/lt\/producte\/ekologiska-yerba-mate-arbata\/"]}]},{"@type":"ImageObject","inLanguage":"lt-LT","@id":"https:\/\/www.biopapa.de\/lt\/producte\/ekologiska-yerba-mate-arbata\/#primaryimage","url":"https:\/\/www.biopapa.de\/wp-content\/uploads\/2023\/01\/Ekologiska-yerba-mate-arbata.png","contentUrl":"https:\/\/www.biopapa.de\/wp-content\/uploads\/2023\/01\/Ekologiska-yerba-mate-arbata.png","width":800,"height":640,"caption":"Ekologi\u0161ka yerba mat\u0117 arbata"},{"@type":"BreadcrumbList","@id":"https:\/\/www.biopapa.de\/lt\/producte\/ekologiska-yerba-mate-arbata\/#breadcrumb","itemListElement":[{"@type":"ListItem","position":1,"name":"Home","item":"https:\/\/www.biopapa.de\/lt\/"},{"@type":"ListItem","position":2,"name":"Parduotuv\u0117","item":"https:\/\/www.biopapa.de\/parduotuve\/"},{"@type":"ListItem","position":3,"name":"Ekologi\u0161ka yerba mat\u0117 arbata"}]},{"@type":"WebSite","@id":"https:\/\/www.biopapa.de\/lt\/#website","url":"https:\/\/www.biopapa.de\/lt\/","name":"Biopapa","description":"\u0160var\u016bs ekologi\u0161ki produktai","publisher":{"@id":"https:\/\/www.biopapa.de\/lt\/#organization"},"potentialAction":[{"@type":"SearchAction","target":{"@type":"EntryPoint","urlTemplate":"https:\/\/www.biopapa.de\/lt\/?s={search_term_string}"},"query-input":{"@type":"PropertyValueSpecification","valueRequired":true,"valueName":"search_term_string"}}],"inLanguage":"lt-LT"},{"@type":"Organization","@id":"https:\/\/www.biopapa.de\/lt\/#organization","name":"Biopapa","url":"https:\/\/www.biopapa.de\/lt\/","logo":{"@type":"ImageObject","inLanguage":"lt-LT","@id":"https:\/\/www.biopapa.de\/lt\/#\/schema\/logo\/image\/","url":"https:\/\/www.biopapa.lt\/wp-content\/uploads\/2022\/04\/facebook_biopapa.jpg","contentUrl":"https:\/\/www.biopapa.lt\/wp-content\/uploads\/2022\/04\/facebook_biopapa.jpg","width":1733,"height":907,"caption":"Biopapa"},"image":{"@id":"https:\/\/www.biopapa.de\/lt\/#\/schema\/logo\/image\/"},"sameAs":["https:\/\/www.facebook.com\/biopapa.lt"]}]}},"_links":{"self":[{"href":"https:\/\/www.biopapa.de\/lt\/wp-json\/wp\/v2\/product\/22670","targetHints":{"allow":["GET"]}}],"collection":[{"href":"https:\/\/www.biopapa.de\/lt\/wp-json\/wp\/v2\/product"}],"about":[{"href":"https:\/\/www.biopapa.de\/lt\/wp-json\/wp\/v2\/types\/product"}],"wp:featuredmedia":[{"embeddable":true,"href":"https:\/\/www.biopapa.de\/lt\/wp-json\/wp\/v2\/media\/22731"}],"wp:attachment":[{"href":"https:\/\/www.biopapa.de\/lt\/wp-json\/wp\/v2\/media?parent=22670"}],"wp:term":[{"taxonomy":"product_brand","embeddable":true,"href":"https:\/\/www.biopapa.de\/lt\/wp-json\/wp\/v2\/product_brand?post=22670"},{"taxonomy":"product_cat","embeddable":true,"href":"https:\/\/www.biopapa.de\/lt\/wp-json\/wp\/v2\/product_cat?post=22670"},{"taxonomy":"product_tag","embeddable":true,"href":"https:\/\/www.biopapa.de\/lt\/wp-json\/wp\/v2\/product_tag?post=22670"}],"curies":[{"name":"wp","href":"https:\/\/api.w.org\/{rel}","templated":true}]}}