{"id":22773,"date":"2023-01-19T15:32:38","date_gmt":"2023-01-19T13:32:38","guid":{"rendered":"https:\/\/www.biopapa.lt\/?post_type=product&#038;p=22773"},"modified":"2024-04-04T12:10:11","modified_gmt":"2024-04-04T09:10:11","slug":"ekologiska-malta-kava-be-kofeino-arabica-robusta-fair-trade-250-g-oxfam","status":"publish","type":"product","link":"https:\/\/www.biopapa.de\/lt\/producte\/ekologiska-malta-kava-be-kofeino-arabica-robusta-fair-trade-250-g-oxfam\/","title":{"rendered":"Ekologi\u0161ka malta kava be kofeino Arabica\/Robusta Fair Trade, 250 g, Oxfam"},"content":{"rendered":"<p><strong>Ekologi\u0161ka malta kava be kofeino Arabica\/Robusta Fair Trade, 250 g, Oxfam\u00a0\u00a0 <\/strong><\/p>\n<p>Kavoje n\u0117ra kofeino. Gaunamas kavos pupeli\u0173 kofeino pa\u0161alinimo anglies dioksidu procese.<br \/>\nKavos savyb\u0117s:<br \/>\nIntensyvumas: 3\/5<br \/>\nKilm\u0117s \u0161alis: Peru, Hond\u016bras, Uganda.<br \/>\nPagaminta: Belgijoje.<\/p>\n","protected":false},"excerpt":{"rendered":"<p>Ekologi\u0161ka malta kava be kofeino Arabica\/Robusta Fair Trade, 250 g, Oxfam\u00a0\u00a0 Kavoje n\u0117ra kofeino. Gaunamas kavos pupeli\u0173 kofeino pa\u0161alinimo anglies<\/p>\n","protected":false},"featured_media":22774,"template":"","meta":{"_acf_changed":false},"product_brand":[],"product_cat":[1265,1799],"product_tag":[1940,1378],"class_list":{"0":"post-22773","1":"product","2":"type-product","3":"status-publish","4":"has-post-thumbnail","6":"product_cat-ekologiska-kakava-arbata-kava","7":"product_cat-kava","8":"product_tag-be-kofeino","9":"product_tag-veganams","11":"first","12":"instock","13":"shipping-taxable","14":"purchasable","15":"product-type-simple"},"acf":[],"yoast_head":"<!-- This site is optimized with the Yoast SEO plugin v27.5 - https:\/\/yoast.com\/product\/yoast-seo-wordpress\/ -->\n<title>Ekologi\u0161ka malta kava be kofeino Arabica\/Robusta Fair Trade, 250 g, Oxfam - Biopapa<\/title>\n<meta name=\"description\" content=\"Kavoje n\u0117ra kofeino. Gaunamas kavos pupeli\u0173 kofeino pa\u0161alinimo anglies dioksidu procese.\" \/>\n<meta name=\"robots\" content=\"index, follow, max-snippet:-1, max-image-preview:large, max-video-preview:-1\" \/>\n<link rel=\"canonical\" href=\"https:\/\/www.biopapa.de\/lt\/producte\/ekologiska-malta-kava-be-kofeino-arabica-robusta-fair-trade-250-g-oxfam\/\" \/>\n<meta property=\"og:locale\" content=\"lt_LT\" \/>\n<meta property=\"og:type\" content=\"article\" \/>\n<meta property=\"og:title\" content=\"Ekologi\u0161ka malta kava be kofeino Arabica\/Robusta Fair Trade, 250 g, Oxfam - Biopapa\" \/>\n<meta property=\"og:description\" content=\"Kavoje n\u0117ra kofeino. Gaunamas kavos pupeli\u0173 kofeino pa\u0161alinimo anglies dioksidu procese.\" \/>\n<meta property=\"og:url\" content=\"https:\/\/www.biopapa.de\/lt\/producte\/ekologiska-malta-kava-be-kofeino-arabica-robusta-fair-trade-250-g-oxfam\/\" \/>\n<meta property=\"og:site_name\" content=\"Biopapa\" \/>\n<meta property=\"article:publisher\" content=\"https:\/\/www.facebook.com\/biopapa.lt\" \/>\n<meta property=\"article:modified_time\" content=\"2024-04-04T09:10:11+00:00\" \/>\n<meta property=\"og:image\" content=\"https:\/\/www.biopapa.de\/wp-content\/uploads\/2023\/01\/kava-be-kofeino.png\" \/>\n\t<meta property=\"og:image:width\" content=\"800\" \/>\n\t<meta property=\"og:image:height\" content=\"640\" \/>\n\t<meta property=\"og:image:type\" content=\"image\/png\" \/>\n<meta name=\"twitter:card\" content=\"summary_large_image\" \/>\n<script type=\"application\/ld+json\" class=\"yoast-schema-graph\">{\"@context\":\"https:\\\/\\\/schema.org\",\"@graph\":[{\"@type\":\"WebPage\",\"@id\":\"https:\\\/\\\/www.biopapa.de\\\/lt\\\/producte\\\/ekologiska-malta-kava-be-kofeino-arabica-robusta-fair-trade-250-g-oxfam\\\/\",\"url\":\"https:\\\/\\\/www.biopapa.de\\\/lt\\\/producte\\\/ekologiska-malta-kava-be-kofeino-arabica-robusta-fair-trade-250-g-oxfam\\\/\",\"name\":\"Ekologi\u0161ka malta kava be kofeino Arabica\\\/Robusta Fair Trade, 250 g, Oxfam - Biopapa\",\"isPartOf\":{\"@id\":\"https:\\\/\\\/www.biopapa.de\\\/lt\\\/#website\"},\"primaryImageOfPage\":{\"@id\":\"https:\\\/\\\/www.biopapa.de\\\/lt\\\/producte\\\/ekologiska-malta-kava-be-kofeino-arabica-robusta-fair-trade-250-g-oxfam\\\/#primaryimage\"},\"image\":{\"@id\":\"https:\\\/\\\/www.biopapa.de\\\/lt\\\/producte\\\/ekologiska-malta-kava-be-kofeino-arabica-robusta-fair-trade-250-g-oxfam\\\/#primaryimage\"},\"thumbnailUrl\":\"https:\\\/\\\/www.biopapa.de\\\/wp-content\\\/uploads\\\/2023\\\/01\\\/kava-be-kofeino.png\",\"datePublished\":\"2023-01-19T13:32:38+00:00\",\"dateModified\":\"2024-04-04T09:10:11+00:00\",\"description\":\"Kavoje n\u0117ra kofeino. Gaunamas kavos pupeli\u0173 kofeino pa\u0161alinimo anglies dioksidu procese.\",\"breadcrumb\":{\"@id\":\"https:\\\/\\\/www.biopapa.de\\\/lt\\\/producte\\\/ekologiska-malta-kava-be-kofeino-arabica-robusta-fair-trade-250-g-oxfam\\\/#breadcrumb\"},\"inLanguage\":\"lt-LT\",\"potentialAction\":[{\"@type\":\"ReadAction\",\"target\":[\"https:\\\/\\\/www.biopapa.de\\\/lt\\\/producte\\\/ekologiska-malta-kava-be-kofeino-arabica-robusta-fair-trade-250-g-oxfam\\\/\"]}]},{\"@type\":\"ImageObject\",\"inLanguage\":\"lt-LT\",\"@id\":\"https:\\\/\\\/www.biopapa.de\\\/lt\\\/producte\\\/ekologiska-malta-kava-be-kofeino-arabica-robusta-fair-trade-250-g-oxfam\\\/#primaryimage\",\"url\":\"https:\\\/\\\/www.biopapa.de\\\/wp-content\\\/uploads\\\/2023\\\/01\\\/kava-be-kofeino.png\",\"contentUrl\":\"https:\\\/\\\/www.biopapa.de\\\/wp-content\\\/uploads\\\/2023\\\/01\\\/kava-be-kofeino.png\",\"width\":800,\"height\":640,\"caption\":\"Ekologi\u0161ka malta kava be kofeino Arabica\\\/Robusta Fair Trade, 250 g, Oxfam\"},{\"@type\":\"BreadcrumbList\",\"@id\":\"https:\\\/\\\/www.biopapa.de\\\/lt\\\/producte\\\/ekologiska-malta-kava-be-kofeino-arabica-robusta-fair-trade-250-g-oxfam\\\/#breadcrumb\",\"itemListElement\":[{\"@type\":\"ListItem\",\"position\":1,\"name\":\"Home\",\"item\":\"https:\\\/\\\/www.biopapa.de\\\/lt\\\/\"},{\"@type\":\"ListItem\",\"position\":2,\"name\":\"Parduotuv\u0117\",\"item\":\"https:\\\/\\\/www.biopapa.de\\\/parduotuve\\\/\"},{\"@type\":\"ListItem\",\"position\":3,\"name\":\"Ekologi\u0161ka malta kava be kofeino Arabica\\\/Robusta Fair Trade, 250 g, Oxfam\"}]},{\"@type\":\"WebSite\",\"@id\":\"https:\\\/\\\/www.biopapa.de\\\/lt\\\/#website\",\"url\":\"https:\\\/\\\/www.biopapa.de\\\/lt\\\/\",\"name\":\"Biopapa\",\"description\":\"\u0160var\u016bs ekologi\u0161ki produktai\",\"publisher\":{\"@id\":\"https:\\\/\\\/www.biopapa.de\\\/lt\\\/#organization\"},\"potentialAction\":[{\"@type\":\"SearchAction\",\"target\":{\"@type\":\"EntryPoint\",\"urlTemplate\":\"https:\\\/\\\/www.biopapa.de\\\/lt\\\/?s={search_term_string}\"},\"query-input\":{\"@type\":\"PropertyValueSpecification\",\"valueRequired\":true,\"valueName\":\"search_term_string\"}}],\"inLanguage\":\"lt-LT\"},{\"@type\":\"Organization\",\"@id\":\"https:\\\/\\\/www.biopapa.de\\\/lt\\\/#organization\",\"name\":\"Biopapa\",\"url\":\"https:\\\/\\\/www.biopapa.de\\\/lt\\\/\",\"logo\":{\"@type\":\"ImageObject\",\"inLanguage\":\"lt-LT\",\"@id\":\"https:\\\/\\\/www.biopapa.de\\\/lt\\\/#\\\/schema\\\/logo\\\/image\\\/\",\"url\":\"https:\\\/\\\/www.biopapa.lt\\\/wp-content\\\/uploads\\\/2022\\\/04\\\/facebook_biopapa.jpg\",\"contentUrl\":\"https:\\\/\\\/www.biopapa.lt\\\/wp-content\\\/uploads\\\/2022\\\/04\\\/facebook_biopapa.jpg\",\"width\":1733,\"height\":907,\"caption\":\"Biopapa\"},\"image\":{\"@id\":\"https:\\\/\\\/www.biopapa.de\\\/lt\\\/#\\\/schema\\\/logo\\\/image\\\/\"},\"sameAs\":[\"https:\\\/\\\/www.facebook.com\\\/biopapa.lt\"]}]}<\/script>\n<!-- \/ Yoast SEO plugin. -->","yoast_head_json":{"title":"Ekologi\u0161ka malta kava be kofeino Arabica\/Robusta Fair Trade, 250 g, Oxfam - Biopapa","description":"Kavoje n\u0117ra kofeino. Gaunamas kavos pupeli\u0173 kofeino pa\u0161alinimo anglies dioksidu procese.","robots":{"index":"index","follow":"follow","max-snippet":"max-snippet:-1","max-image-preview":"max-image-preview:large","max-video-preview":"max-video-preview:-1"},"canonical":"https:\/\/www.biopapa.de\/lt\/producte\/ekologiska-malta-kava-be-kofeino-arabica-robusta-fair-trade-250-g-oxfam\/","og_locale":"lt_LT","og_type":"article","og_title":"Ekologi\u0161ka malta kava be kofeino Arabica\/Robusta Fair Trade, 250 g, Oxfam - Biopapa","og_description":"Kavoje n\u0117ra kofeino. Gaunamas kavos pupeli\u0173 kofeino pa\u0161alinimo anglies dioksidu procese.","og_url":"https:\/\/www.biopapa.de\/lt\/producte\/ekologiska-malta-kava-be-kofeino-arabica-robusta-fair-trade-250-g-oxfam\/","og_site_name":"Biopapa","article_publisher":"https:\/\/www.facebook.com\/biopapa.lt","article_modified_time":"2024-04-04T09:10:11+00:00","og_image":[{"width":800,"height":640,"url":"https:\/\/www.biopapa.de\/wp-content\/uploads\/2023\/01\/kava-be-kofeino.png","type":"image\/png"}],"twitter_card":"summary_large_image","schema":{"@context":"https:\/\/schema.org","@graph":[{"@type":"WebPage","@id":"https:\/\/www.biopapa.de\/lt\/producte\/ekologiska-malta-kava-be-kofeino-arabica-robusta-fair-trade-250-g-oxfam\/","url":"https:\/\/www.biopapa.de\/lt\/producte\/ekologiska-malta-kava-be-kofeino-arabica-robusta-fair-trade-250-g-oxfam\/","name":"Ekologi\u0161ka malta kava be kofeino Arabica\/Robusta Fair Trade, 250 g, Oxfam - Biopapa","isPartOf":{"@id":"https:\/\/www.biopapa.de\/lt\/#website"},"primaryImageOfPage":{"@id":"https:\/\/www.biopapa.de\/lt\/producte\/ekologiska-malta-kava-be-kofeino-arabica-robusta-fair-trade-250-g-oxfam\/#primaryimage"},"image":{"@id":"https:\/\/www.biopapa.de\/lt\/producte\/ekologiska-malta-kava-be-kofeino-arabica-robusta-fair-trade-250-g-oxfam\/#primaryimage"},"thumbnailUrl":"https:\/\/www.biopapa.de\/wp-content\/uploads\/2023\/01\/kava-be-kofeino.png","datePublished":"2023-01-19T13:32:38+00:00","dateModified":"2024-04-04T09:10:11+00:00","description":"Kavoje n\u0117ra kofeino. Gaunamas kavos pupeli\u0173 kofeino pa\u0161alinimo anglies dioksidu procese.","breadcrumb":{"@id":"https:\/\/www.biopapa.de\/lt\/producte\/ekologiska-malta-kava-be-kofeino-arabica-robusta-fair-trade-250-g-oxfam\/#breadcrumb"},"inLanguage":"lt-LT","potentialAction":[{"@type":"ReadAction","target":["https:\/\/www.biopapa.de\/lt\/producte\/ekologiska-malta-kava-be-kofeino-arabica-robusta-fair-trade-250-g-oxfam\/"]}]},{"@type":"ImageObject","inLanguage":"lt-LT","@id":"https:\/\/www.biopapa.de\/lt\/producte\/ekologiska-malta-kava-be-kofeino-arabica-robusta-fair-trade-250-g-oxfam\/#primaryimage","url":"https:\/\/www.biopapa.de\/wp-content\/uploads\/2023\/01\/kava-be-kofeino.png","contentUrl":"https:\/\/www.biopapa.de\/wp-content\/uploads\/2023\/01\/kava-be-kofeino.png","width":800,"height":640,"caption":"Ekologi\u0161ka malta kava be kofeino Arabica\/Robusta Fair Trade, 250 g, Oxfam"},{"@type":"BreadcrumbList","@id":"https:\/\/www.biopapa.de\/lt\/producte\/ekologiska-malta-kava-be-kofeino-arabica-robusta-fair-trade-250-g-oxfam\/#breadcrumb","itemListElement":[{"@type":"ListItem","position":1,"name":"Home","item":"https:\/\/www.biopapa.de\/lt\/"},{"@type":"ListItem","position":2,"name":"Parduotuv\u0117","item":"https:\/\/www.biopapa.de\/parduotuve\/"},{"@type":"ListItem","position":3,"name":"Ekologi\u0161ka malta kava be kofeino Arabica\/Robusta Fair Trade, 250 g, Oxfam"}]},{"@type":"WebSite","@id":"https:\/\/www.biopapa.de\/lt\/#website","url":"https:\/\/www.biopapa.de\/lt\/","name":"Biopapa","description":"\u0160var\u016bs ekologi\u0161ki produktai","publisher":{"@id":"https:\/\/www.biopapa.de\/lt\/#organization"},"potentialAction":[{"@type":"SearchAction","target":{"@type":"EntryPoint","urlTemplate":"https:\/\/www.biopapa.de\/lt\/?s={search_term_string}"},"query-input":{"@type":"PropertyValueSpecification","valueRequired":true,"valueName":"search_term_string"}}],"inLanguage":"lt-LT"},{"@type":"Organization","@id":"https:\/\/www.biopapa.de\/lt\/#organization","name":"Biopapa","url":"https:\/\/www.biopapa.de\/lt\/","logo":{"@type":"ImageObject","inLanguage":"lt-LT","@id":"https:\/\/www.biopapa.de\/lt\/#\/schema\/logo\/image\/","url":"https:\/\/www.biopapa.lt\/wp-content\/uploads\/2022\/04\/facebook_biopapa.jpg","contentUrl":"https:\/\/www.biopapa.lt\/wp-content\/uploads\/2022\/04\/facebook_biopapa.jpg","width":1733,"height":907,"caption":"Biopapa"},"image":{"@id":"https:\/\/www.biopapa.de\/lt\/#\/schema\/logo\/image\/"},"sameAs":["https:\/\/www.facebook.com\/biopapa.lt"]}]}},"_links":{"self":[{"href":"https:\/\/www.biopapa.de\/lt\/wp-json\/wp\/v2\/product\/22773","targetHints":{"allow":["GET"]}}],"collection":[{"href":"https:\/\/www.biopapa.de\/lt\/wp-json\/wp\/v2\/product"}],"about":[{"href":"https:\/\/www.biopapa.de\/lt\/wp-json\/wp\/v2\/types\/product"}],"wp:featuredmedia":[{"embeddable":true,"href":"https:\/\/www.biopapa.de\/lt\/wp-json\/wp\/v2\/media\/22774"}],"wp:attachment":[{"href":"https:\/\/www.biopapa.de\/lt\/wp-json\/wp\/v2\/media?parent=22773"}],"wp:term":[{"taxonomy":"product_brand","embeddable":true,"href":"https:\/\/www.biopapa.de\/lt\/wp-json\/wp\/v2\/product_brand?post=22773"},{"taxonomy":"product_cat","embeddable":true,"href":"https:\/\/www.biopapa.de\/lt\/wp-json\/wp\/v2\/product_cat?post=22773"},{"taxonomy":"product_tag","embeddable":true,"href":"https:\/\/www.biopapa.de\/lt\/wp-json\/wp\/v2\/product_tag?post=22773"}],"curies":[{"name":"wp","href":"https:\/\/api.w.org\/{rel}","templated":true}]}}