{"id":22780,"date":"2023-01-19T17:03:01","date_gmt":"2023-01-19T15:03:01","guid":{"rendered":"https:\/\/www.biopapa.lt\/?post_type=product&#038;p=22780"},"modified":"2024-09-03T15:48:50","modified_gmt":"2024-09-03T12:48:50","slug":"kompostuojami-buitiniu-atlieku-maisai-20-l-20-vnt","status":"publish","type":"product","link":"https:\/\/www.biopapa.de\/lt\/producte\/kompostuojami-buitiniu-atlieku-maisai-20-l-20-vnt\/","title":{"rendered":"Kompostuojami buitini\u0173 atliek\u0173 mai\u0161ai, 20 l, 20 vnt"},"content":{"rendered":"<p>BioBag mai\u0161eliai yra 100% biologi\u0161kai skaid\u016bs ir kompostuojami. BioBag mai\u0161eliai organin\u0117ms atliekoms pagaminti i\u0161 naujovi\u0161kos Mater-Bi med\u017eiagos, kurios pagrindin\u0117 sudedamoji dalis yra bulvi\u0173 krakmolas. Jie turi \u201eausytes\u201c, kad b\u016bt\u0173 lengva suri\u0161ti.<br \/>\nKrep\u0161elio matmenys: 42 X 52 cm.<br \/>\nTinka<br \/>\n&#8211; organin\u0117s ir mi\u0161rios atliekos,<br \/>\n&#8211; naudoti nam\u0173 ir komunaliniuose komposteriuose<br \/>\nPrivalumai<br \/>\n&#8211; jie yra patvar\u016bs, esteti\u0161ki,<br \/>\n&#8211; jie yra draugi\u0161ki planetai: visi\u0161kai biologi\u0161kai skaid\u016bs ir kompostuojami (pagal Europos standart\u0105 EN-13432). J\u0173 geb\u0117jim\u0105 irti kompostavimo s\u0105lygomis patvirtina \u0161ie sertifikatai: OK Compost Vincotte ir Daigas DIN CERTCO.<br \/>\nBioBag mai\u0161eliai kompostavimo s\u0105lygomis (esant deguoniui ir specializuotiems mikroorganizmams) suyra ma\u017edaug per 45 dienas.<\/p>\n<p>Mai\u0161elius su atliekomis rekomenduojame i\u0161ne\u0161ti \u012f konteiner\u012f ar kompostin\u0119 ne re\u010diau kaip kas 3-5 dienas (vasaros periodu 3 dienas).<\/p>\n","protected":false},"excerpt":{"rendered":"<p>BioBag mai\u0161eliai yra 100% biologi\u0161kai skaid\u016bs ir kompostuojami. BioBag mai\u0161eliai organin\u0117ms atliekoms pagaminti i\u0161 naujovi\u0161kos Mater-Bi med\u017eiagos, kurios pagrindin\u0117 sudedamoji<\/p>\n","protected":false},"featured_media":22781,"template":"","meta":{"_acf_changed":false},"product_brand":[],"product_cat":[1910,1449],"product_tag":[],"class_list":{"0":"post-22780","1":"product","2":"type-product","3":"status-publish","4":"has-post-thumbnail","6":"product_cat-namams","7":"product_cat-namu-svaros-prekes","9":"first","10":"outofstock","11":"shipping-taxable","12":"purchasable","13":"product-type-simple"},"acf":[],"yoast_head":"<!-- This site is optimized with the Yoast SEO plugin v27.5 - https:\/\/yoast.com\/product\/yoast-seo-wordpress\/ -->\n<title>Kompostuojami buitini\u0173 atliek\u0173 mai\u0161ai, 20 l, 20 vnt - Biopapa<\/title>\n<meta name=\"robots\" content=\"index, follow, max-snippet:-1, max-image-preview:large, max-video-preview:-1\" \/>\n<link rel=\"canonical\" href=\"https:\/\/www.biopapa.de\/lt\/producte\/kompostuojami-buitiniu-atlieku-maisai-20-l-20-vnt\/\" \/>\n<meta property=\"og:locale\" content=\"lt_LT\" \/>\n<meta property=\"og:type\" content=\"article\" \/>\n<meta property=\"og:title\" content=\"Kompostuojami buitini\u0173 atliek\u0173 mai\u0161ai, 20 l, 20 vnt - Biopapa\" \/>\n<meta property=\"og:description\" content=\"BioBag mai\u0161eliai yra 100% biologi\u0161kai skaid\u016bs ir kompostuojami. BioBag mai\u0161eliai organin\u0117ms atliekoms pagaminti i\u0161 naujovi\u0161kos Mater-Bi med\u017eiagos, kurios pagrindin\u0117 sudedamoji\" \/>\n<meta property=\"og:url\" content=\"https:\/\/www.biopapa.de\/lt\/producte\/kompostuojami-buitiniu-atlieku-maisai-20-l-20-vnt\/\" \/>\n<meta property=\"og:site_name\" content=\"Biopapa\" \/>\n<meta property=\"article:publisher\" content=\"https:\/\/www.facebook.com\/biopapa.lt\" \/>\n<meta property=\"article:modified_time\" content=\"2024-09-03T12:48:50+00:00\" \/>\n<meta property=\"og:image\" content=\"https:\/\/www.biopapa.de\/wp-content\/uploads\/2023\/01\/kompostuojami-maiseliai-1.png\" \/>\n\t<meta property=\"og:image:width\" content=\"800\" \/>\n\t<meta property=\"og:image:height\" content=\"640\" \/>\n\t<meta property=\"og:image:type\" content=\"image\/png\" \/>\n<meta name=\"twitter:card\" content=\"summary_large_image\" \/>\n<meta name=\"twitter:label1\" content=\"Est. reading time\" \/>\n\t<meta name=\"twitter:data1\" content=\"1 minut\u0117\" \/>\n<script type=\"application\/ld+json\" class=\"yoast-schema-graph\">{\"@context\":\"https:\\\/\\\/schema.org\",\"@graph\":[{\"@type\":\"WebPage\",\"@id\":\"https:\\\/\\\/www.biopapa.de\\\/lt\\\/producte\\\/kompostuojami-buitiniu-atlieku-maisai-20-l-20-vnt\\\/\",\"url\":\"https:\\\/\\\/www.biopapa.de\\\/lt\\\/producte\\\/kompostuojami-buitiniu-atlieku-maisai-20-l-20-vnt\\\/\",\"name\":\"Kompostuojami buitini\u0173 atliek\u0173 mai\u0161ai, 20 l, 20 vnt - Biopapa\",\"isPartOf\":{\"@id\":\"https:\\\/\\\/www.biopapa.de\\\/lt\\\/#website\"},\"primaryImageOfPage\":{\"@id\":\"https:\\\/\\\/www.biopapa.de\\\/lt\\\/producte\\\/kompostuojami-buitiniu-atlieku-maisai-20-l-20-vnt\\\/#primaryimage\"},\"image\":{\"@id\":\"https:\\\/\\\/www.biopapa.de\\\/lt\\\/producte\\\/kompostuojami-buitiniu-atlieku-maisai-20-l-20-vnt\\\/#primaryimage\"},\"thumbnailUrl\":\"https:\\\/\\\/www.biopapa.de\\\/wp-content\\\/uploads\\\/2023\\\/01\\\/kompostuojami-maiseliai-1.png\",\"datePublished\":\"2023-01-19T15:03:01+00:00\",\"dateModified\":\"2024-09-03T12:48:50+00:00\",\"breadcrumb\":{\"@id\":\"https:\\\/\\\/www.biopapa.de\\\/lt\\\/producte\\\/kompostuojami-buitiniu-atlieku-maisai-20-l-20-vnt\\\/#breadcrumb\"},\"inLanguage\":\"lt-LT\",\"potentialAction\":[{\"@type\":\"ReadAction\",\"target\":[\"https:\\\/\\\/www.biopapa.de\\\/lt\\\/producte\\\/kompostuojami-buitiniu-atlieku-maisai-20-l-20-vnt\\\/\"]}]},{\"@type\":\"ImageObject\",\"inLanguage\":\"lt-LT\",\"@id\":\"https:\\\/\\\/www.biopapa.de\\\/lt\\\/producte\\\/kompostuojami-buitiniu-atlieku-maisai-20-l-20-vnt\\\/#primaryimage\",\"url\":\"https:\\\/\\\/www.biopapa.de\\\/wp-content\\\/uploads\\\/2023\\\/01\\\/kompostuojami-maiseliai-1.png\",\"contentUrl\":\"https:\\\/\\\/www.biopapa.de\\\/wp-content\\\/uploads\\\/2023\\\/01\\\/kompostuojami-maiseliai-1.png\",\"width\":800,\"height\":640},{\"@type\":\"BreadcrumbList\",\"@id\":\"https:\\\/\\\/www.biopapa.de\\\/lt\\\/producte\\\/kompostuojami-buitiniu-atlieku-maisai-20-l-20-vnt\\\/#breadcrumb\",\"itemListElement\":[{\"@type\":\"ListItem\",\"position\":1,\"name\":\"Home\",\"item\":\"https:\\\/\\\/www.biopapa.de\\\/lt\\\/\"},{\"@type\":\"ListItem\",\"position\":2,\"name\":\"Parduotuv\u0117\",\"item\":\"https:\\\/\\\/www.biopapa.de\\\/parduotuve\\\/\"},{\"@type\":\"ListItem\",\"position\":3,\"name\":\"Kompostuojami buitini\u0173 atliek\u0173 mai\u0161ai, 20 l, 20 vnt\"}]},{\"@type\":\"WebSite\",\"@id\":\"https:\\\/\\\/www.biopapa.de\\\/lt\\\/#website\",\"url\":\"https:\\\/\\\/www.biopapa.de\\\/lt\\\/\",\"name\":\"Biopapa\",\"description\":\"\u0160var\u016bs ekologi\u0161ki produktai\",\"publisher\":{\"@id\":\"https:\\\/\\\/www.biopapa.de\\\/lt\\\/#organization\"},\"potentialAction\":[{\"@type\":\"SearchAction\",\"target\":{\"@type\":\"EntryPoint\",\"urlTemplate\":\"https:\\\/\\\/www.biopapa.de\\\/lt\\\/?s={search_term_string}\"},\"query-input\":{\"@type\":\"PropertyValueSpecification\",\"valueRequired\":true,\"valueName\":\"search_term_string\"}}],\"inLanguage\":\"lt-LT\"},{\"@type\":\"Organization\",\"@id\":\"https:\\\/\\\/www.biopapa.de\\\/lt\\\/#organization\",\"name\":\"Biopapa\",\"url\":\"https:\\\/\\\/www.biopapa.de\\\/lt\\\/\",\"logo\":{\"@type\":\"ImageObject\",\"inLanguage\":\"lt-LT\",\"@id\":\"https:\\\/\\\/www.biopapa.de\\\/lt\\\/#\\\/schema\\\/logo\\\/image\\\/\",\"url\":\"https:\\\/\\\/www.biopapa.lt\\\/wp-content\\\/uploads\\\/2022\\\/04\\\/facebook_biopapa.jpg\",\"contentUrl\":\"https:\\\/\\\/www.biopapa.lt\\\/wp-content\\\/uploads\\\/2022\\\/04\\\/facebook_biopapa.jpg\",\"width\":1733,\"height\":907,\"caption\":\"Biopapa\"},\"image\":{\"@id\":\"https:\\\/\\\/www.biopapa.de\\\/lt\\\/#\\\/schema\\\/logo\\\/image\\\/\"},\"sameAs\":[\"https:\\\/\\\/www.facebook.com\\\/biopapa.lt\"]}]}<\/script>\n<!-- \/ Yoast SEO plugin. -->","yoast_head_json":{"title":"Kompostuojami buitini\u0173 atliek\u0173 mai\u0161ai, 20 l, 20 vnt - Biopapa","robots":{"index":"index","follow":"follow","max-snippet":"max-snippet:-1","max-image-preview":"max-image-preview:large","max-video-preview":"max-video-preview:-1"},"canonical":"https:\/\/www.biopapa.de\/lt\/producte\/kompostuojami-buitiniu-atlieku-maisai-20-l-20-vnt\/","og_locale":"lt_LT","og_type":"article","og_title":"Kompostuojami buitini\u0173 atliek\u0173 mai\u0161ai, 20 l, 20 vnt - Biopapa","og_description":"BioBag mai\u0161eliai yra 100% biologi\u0161kai skaid\u016bs ir kompostuojami. BioBag mai\u0161eliai organin\u0117ms atliekoms pagaminti i\u0161 naujovi\u0161kos Mater-Bi med\u017eiagos, kurios pagrindin\u0117 sudedamoji","og_url":"https:\/\/www.biopapa.de\/lt\/producte\/kompostuojami-buitiniu-atlieku-maisai-20-l-20-vnt\/","og_site_name":"Biopapa","article_publisher":"https:\/\/www.facebook.com\/biopapa.lt","article_modified_time":"2024-09-03T12:48:50+00:00","og_image":[{"width":800,"height":640,"url":"https:\/\/www.biopapa.de\/wp-content\/uploads\/2023\/01\/kompostuojami-maiseliai-1.png","type":"image\/png"}],"twitter_card":"summary_large_image","twitter_misc":{"Est. reading time":"1 minut\u0117"},"schema":{"@context":"https:\/\/schema.org","@graph":[{"@type":"WebPage","@id":"https:\/\/www.biopapa.de\/lt\/producte\/kompostuojami-buitiniu-atlieku-maisai-20-l-20-vnt\/","url":"https:\/\/www.biopapa.de\/lt\/producte\/kompostuojami-buitiniu-atlieku-maisai-20-l-20-vnt\/","name":"Kompostuojami buitini\u0173 atliek\u0173 mai\u0161ai, 20 l, 20 vnt - Biopapa","isPartOf":{"@id":"https:\/\/www.biopapa.de\/lt\/#website"},"primaryImageOfPage":{"@id":"https:\/\/www.biopapa.de\/lt\/producte\/kompostuojami-buitiniu-atlieku-maisai-20-l-20-vnt\/#primaryimage"},"image":{"@id":"https:\/\/www.biopapa.de\/lt\/producte\/kompostuojami-buitiniu-atlieku-maisai-20-l-20-vnt\/#primaryimage"},"thumbnailUrl":"https:\/\/www.biopapa.de\/wp-content\/uploads\/2023\/01\/kompostuojami-maiseliai-1.png","datePublished":"2023-01-19T15:03:01+00:00","dateModified":"2024-09-03T12:48:50+00:00","breadcrumb":{"@id":"https:\/\/www.biopapa.de\/lt\/producte\/kompostuojami-buitiniu-atlieku-maisai-20-l-20-vnt\/#breadcrumb"},"inLanguage":"lt-LT","potentialAction":[{"@type":"ReadAction","target":["https:\/\/www.biopapa.de\/lt\/producte\/kompostuojami-buitiniu-atlieku-maisai-20-l-20-vnt\/"]}]},{"@type":"ImageObject","inLanguage":"lt-LT","@id":"https:\/\/www.biopapa.de\/lt\/producte\/kompostuojami-buitiniu-atlieku-maisai-20-l-20-vnt\/#primaryimage","url":"https:\/\/www.biopapa.de\/wp-content\/uploads\/2023\/01\/kompostuojami-maiseliai-1.png","contentUrl":"https:\/\/www.biopapa.de\/wp-content\/uploads\/2023\/01\/kompostuojami-maiseliai-1.png","width":800,"height":640},{"@type":"BreadcrumbList","@id":"https:\/\/www.biopapa.de\/lt\/producte\/kompostuojami-buitiniu-atlieku-maisai-20-l-20-vnt\/#breadcrumb","itemListElement":[{"@type":"ListItem","position":1,"name":"Home","item":"https:\/\/www.biopapa.de\/lt\/"},{"@type":"ListItem","position":2,"name":"Parduotuv\u0117","item":"https:\/\/www.biopapa.de\/parduotuve\/"},{"@type":"ListItem","position":3,"name":"Kompostuojami buitini\u0173 atliek\u0173 mai\u0161ai, 20 l, 20 vnt"}]},{"@type":"WebSite","@id":"https:\/\/www.biopapa.de\/lt\/#website","url":"https:\/\/www.biopapa.de\/lt\/","name":"Biopapa","description":"\u0160var\u016bs ekologi\u0161ki produktai","publisher":{"@id":"https:\/\/www.biopapa.de\/lt\/#organization"},"potentialAction":[{"@type":"SearchAction","target":{"@type":"EntryPoint","urlTemplate":"https:\/\/www.biopapa.de\/lt\/?s={search_term_string}"},"query-input":{"@type":"PropertyValueSpecification","valueRequired":true,"valueName":"search_term_string"}}],"inLanguage":"lt-LT"},{"@type":"Organization","@id":"https:\/\/www.biopapa.de\/lt\/#organization","name":"Biopapa","url":"https:\/\/www.biopapa.de\/lt\/","logo":{"@type":"ImageObject","inLanguage":"lt-LT","@id":"https:\/\/www.biopapa.de\/lt\/#\/schema\/logo\/image\/","url":"https:\/\/www.biopapa.lt\/wp-content\/uploads\/2022\/04\/facebook_biopapa.jpg","contentUrl":"https:\/\/www.biopapa.lt\/wp-content\/uploads\/2022\/04\/facebook_biopapa.jpg","width":1733,"height":907,"caption":"Biopapa"},"image":{"@id":"https:\/\/www.biopapa.de\/lt\/#\/schema\/logo\/image\/"},"sameAs":["https:\/\/www.facebook.com\/biopapa.lt"]}]}},"_links":{"self":[{"href":"https:\/\/www.biopapa.de\/lt\/wp-json\/wp\/v2\/product\/22780","targetHints":{"allow":["GET"]}}],"collection":[{"href":"https:\/\/www.biopapa.de\/lt\/wp-json\/wp\/v2\/product"}],"about":[{"href":"https:\/\/www.biopapa.de\/lt\/wp-json\/wp\/v2\/types\/product"}],"wp:featuredmedia":[{"embeddable":true,"href":"https:\/\/www.biopapa.de\/lt\/wp-json\/wp\/v2\/media\/22781"}],"wp:attachment":[{"href":"https:\/\/www.biopapa.de\/lt\/wp-json\/wp\/v2\/media?parent=22780"}],"wp:term":[{"taxonomy":"product_brand","embeddable":true,"href":"https:\/\/www.biopapa.de\/lt\/wp-json\/wp\/v2\/product_brand?post=22780"},{"taxonomy":"product_cat","embeddable":true,"href":"https:\/\/www.biopapa.de\/lt\/wp-json\/wp\/v2\/product_cat?post=22780"},{"taxonomy":"product_tag","embeddable":true,"href":"https:\/\/www.biopapa.de\/lt\/wp-json\/wp\/v2\/product_tag?post=22780"}],"curies":[{"name":"wp","href":"https:\/\/api.w.org\/{rel}","templated":true}]}}