{"id":23237,"date":"2023-02-06T14:01:01","date_gmt":"2023-02-06T12:01:01","guid":{"rendered":"https:\/\/www.biopapa.lt\/?post_type=product&#038;p=23237"},"modified":"2026-04-20T12:16:55","modified_gmt":"2026-04-20T09:16:55","slug":"ekologiskas-naturalus-kakavos-sviestas-gabaliukais","status":"publish","type":"product","link":"https:\/\/www.biopapa.de\/lt\/producte\/ekologiskas-naturalus-kakavos-sviestas-gabaliukais\/","title":{"rendered":"Ekologi\u0161kas nat\u016bralus kakavos sviestas gabaliukais"},"content":{"rendered":"<p><strong>Ekologi\u0161kas kakavos sviestas gabaliukais<\/strong> (gabaliuk\u0173 dydis gali skirtis, gali pasitaikyti ir sutrup\u0117jusi\u0173 \u012f miltelius).<br \/>\nNat\u016brali\u0173 supermaisto produkt\u0173 pasaulyje kakavos sviestas ir RAW kakavos sviestas \u017einomi kaip du prabang\u016bs ingredientai, turintys skirtingus skonius ir didel\u0119 naud\u0105 sveikatai. I\u0161 kakavos pupeli\u0173 gaunami aksominiai gardumynai u\u017esitarnavo ypating\u0105 viet\u0105 vir\u0117j\u0173, sveikatos entuziast\u0173 ir \u0161okolado myl\u0117toj\u0173 \u0161irdyse. Norime atkreipti d\u0117mes\u012f \u012f j\u0173 teikiam\u0105 naud\u0105 sveikatai ir kulinarinius bei k\u016brybi\u0161kus b\u016bdus, kaip maksimaliai i\u0161naudoti \u0161\u012f puik\u0173 sviest\u0105.<\/p>\n<p><strong><em>Kakavos sviestas ir RAW kakavos sviestas<\/em><\/strong><br \/>\nKakavos sviestas gaminamas i\u0161 kakavos pupeli\u0173, kurios yra <em>Theobroma kakavmed\u017eio<\/em> s\u0117klos.<br \/>\nGaminant kakavos sviest\u0105, procesas apima fermentavim\u0105, d\u017eiovinim\u0105, skrudinim\u0105, malim\u0105 ir kakavos pupeli\u0173 spaudim\u0105, kad b\u016bt\u0173 atskirti riebalai nuo kakavos kiet\u0173j\u0173 daleli\u0173.<br \/>\nKakavos sviestas ir neapdorotas (RAW) kakavos sviestas paprastai rei\u0161kia t\u0105 pat\u012f produkt\u0105, tai yra riebalus, i\u0161gautus i\u0161 kakavos pupeli\u0173. Terminas RAW vartojamas norint pabr\u0117\u017eti, kad RAW kakavos sviestas yra nat\u016bralus, termi\u0161kai neapdorotas, be joki\u0173 pried\u0173.<br \/>\nKakavos sviestas &#8211; yra lygus, dramblio kaulo spalvos sviestas su subtiliu \u0161okolado aromatu ir \u0161velniu skoniu.<br \/>\nRAW kakavos sviestas &#8211; turi ry\u0161kesn\u012f \u0161okolado skon\u012f ir i\u0161laiko sodresn\u0119 spalv\u0105.<\/p>\n<p><em>Galimas \u0161alutinis poveikis<\/em><br \/>\nKakavos sviestas ir RAW kakavos sviestas paprastai yra saug\u016bs daugumai \u017emoni\u0173, kai vartojami nedideliais kiekiais. Ta\u010diau d\u0117l j\u0173 riebumo per didelis vartojimas gali sukelti vir\u0161kinimo sutrikimus. Be to, asmenys, kurie yra alergi\u0161ki ar jautr\u016bs kakavai, tur\u0117t\u0173 b\u016bti atsarg\u016bs.<\/p>\n<p><em>Naudojimas\u00a0<\/em><br \/>\n\u0160okolado gamyba &#8211; kakavos sviestas yra pagrindinis namini\u0173 \u0161okolad\u0173 ingredientas, prisidedantis prie j\u0173 skonio ir kremin\u0117s tekst\u016bros.<br \/>\nKepiniai &#8211; kepimo receptuose naudokite kakavos sviest\u0105 arba RAW kakavos sviest\u0105, pyragams, sausainiams ir kitiems skan\u0117stams tai prid\u0117s sodrumo ir dr\u0117gm\u0117s.<br \/>\nOdos prie\u017ei\u016bra &#8211; kurdami savo nat\u016bralius odos prie\u017ei\u016bros produktus, \u012fpilkite kakavos sviesto arba RAW kakavos sviesto, taip suk\u016brsite nuostabius kremus ar balzamus.<\/p>\n<p>Kakavos sviestas yra prabangi gamtos dovana, pasi\u017eyminti unikaliomis savyb\u0117mis ir skonio profiliais. Kakavos sviestas pasi\u017eymi \u0161velnia ir kremine esencija, o RAW kakavos sviestas \u017eavi intensyviu \u0161okolado aromatu. Abu sviestai teikia daugyb\u0119 naudos sveikatai, pradedant nuo \u0161irdies sveikatos palaikymo iki odos maitinimo.<br \/>\nNesvarbu, ar esate aistringas \u0161okolado entuziastas, kulinarijos ekspertas ar sveikatingumo entuziastas, ir kakavos sviestas ir RAW kakavos sviestas bus puikus ir maistingas priedas j\u016bs\u0173 gyvenime.<\/p>\n<p><em>\u0160altiniai<\/em><br \/>\nReadcacao.com<br \/>\nHealthline.com<\/p>\n<p><em>PASTABA. \u010cia pateikta informacija negali b\u016bti interpretuojama kaip gydymo ar kitokio pob\u016bd\u017eio sveikatos klausim\u0173 sprendimo rekomendacija. Raginame sprendimus, susijusius su asmenine sveikata, priimti asmeni\u0161kai, \u012fvertinus \u012fvairius informacijos \u0161altinius.<\/em><\/p>\n","protected":false},"excerpt":{"rendered":"<p>Ekologi\u0161kas kakavos sviestas gabaliukais (gabaliuk\u0173 dydis gali skirtis, gali pasitaikyti ir sutrup\u0117jusi\u0173 \u012f miltelius). Nat\u016brali\u0173 supermaisto produkt\u0173 pasaulyje kakavos sviestas<\/p>\n","protected":false},"featured_media":15013,"template":"","meta":{"_acf_changed":false},"product_brand":[],"product_cat":[1265,1909],"product_tag":[1380,1378],"class_list":{"0":"post-23237","1":"product","2":"type-product","3":"status-publish","4":"has-post-thumbnail","6":"product_cat-ekologiska-kakava-arbata-kava","7":"product_cat-kakava","8":"product_tag-keto-mityba","9":"product_tag-veganams","10":"pa_svoris-1-kg","11":"pa_svoris-100-g","12":"pa_svoris-200-g","13":"pa_svoris-25-kg","14":"pa_svoris-300-g","15":"pa_svoris-400-g","16":"pa_svoris-500-g","18":"first","19":"instock","20":"shipping-taxable","21":"purchasable","22":"product-type-variable"},"acf":[],"yoast_head":"<!-- This site is optimized with the Yoast SEO plugin v27.5 - https:\/\/yoast.com\/product\/yoast-seo-wordpress\/ -->\n<title>Ekologi\u0161kas nat\u016bralus kakavos sviestas gabaliukais - Biopapa<\/title>\n<meta name=\"description\" content=\"Ekologi\u0161kas kakavos sviestas yra prabangi gamtos dovana, pasi\u017eyminti unikaliomis savyb\u0117mis ir skonio profiliais.\" \/>\n<meta name=\"robots\" content=\"index, follow, max-snippet:-1, max-image-preview:large, max-video-preview:-1\" \/>\n<link rel=\"canonical\" href=\"https:\/\/www.biopapa.de\/lt\/producte\/ekologiskas-naturalus-kakavos-sviestas-gabaliukais\/\" \/>\n<meta property=\"og:locale\" content=\"lt_LT\" \/>\n<meta property=\"og:type\" content=\"article\" \/>\n<meta property=\"og:title\" content=\"Ekologi\u0161kas nat\u016bralus kakavos sviestas gabaliukais - Biopapa\" \/>\n<meta property=\"og:description\" content=\"Ekologi\u0161kas kakavos sviestas yra prabangi gamtos dovana, pasi\u017eyminti unikaliomis savyb\u0117mis ir skonio profiliais.\" \/>\n<meta property=\"og:url\" content=\"https:\/\/www.biopapa.de\/lt\/producte\/ekologiskas-naturalus-kakavos-sviestas-gabaliukais\/\" \/>\n<meta property=\"og:site_name\" content=\"Biopapa\" \/>\n<meta property=\"article:publisher\" content=\"https:\/\/www.facebook.com\/biopapa.lt\" \/>\n<meta property=\"article:modified_time\" content=\"2026-04-20T09:16:55+00:00\" \/>\n<meta property=\"og:image\" content=\"https:\/\/www.biopapa.de\/wp-content\/uploads\/2021\/09\/779A1464.jpg\" \/>\n\t<meta property=\"og:image:width\" content=\"800\" \/>\n\t<meta property=\"og:image:height\" content=\"640\" \/>\n\t<meta property=\"og:image:type\" content=\"image\/jpeg\" \/>\n<meta name=\"twitter:card\" content=\"summary_large_image\" \/>\n<meta name=\"twitter:label1\" content=\"Est. reading time\" \/>\n\t<meta name=\"twitter:data1\" content=\"1 minut\u0117\" \/>\n<script type=\"application\/ld+json\" class=\"yoast-schema-graph\">{\"@context\":\"https:\\\/\\\/schema.org\",\"@graph\":[{\"@type\":\"WebPage\",\"@id\":\"https:\\\/\\\/www.biopapa.de\\\/lt\\\/producte\\\/ekologiskas-naturalus-kakavos-sviestas-gabaliukais\\\/\",\"url\":\"https:\\\/\\\/www.biopapa.de\\\/lt\\\/producte\\\/ekologiskas-naturalus-kakavos-sviestas-gabaliukais\\\/\",\"name\":\"Ekologi\u0161kas nat\u016bralus kakavos sviestas gabaliukais - Biopapa\",\"isPartOf\":{\"@id\":\"https:\\\/\\\/www.biopapa.de\\\/lt\\\/#website\"},\"primaryImageOfPage\":{\"@id\":\"https:\\\/\\\/www.biopapa.de\\\/lt\\\/producte\\\/ekologiskas-naturalus-kakavos-sviestas-gabaliukais\\\/#primaryimage\"},\"image\":{\"@id\":\"https:\\\/\\\/www.biopapa.de\\\/lt\\\/producte\\\/ekologiskas-naturalus-kakavos-sviestas-gabaliukais\\\/#primaryimage\"},\"thumbnailUrl\":\"https:\\\/\\\/www.biopapa.de\\\/wp-content\\\/uploads\\\/2021\\\/09\\\/779A1464.jpg\",\"datePublished\":\"2023-02-06T12:01:01+00:00\",\"dateModified\":\"2026-04-20T09:16:55+00:00\",\"description\":\"Ekologi\u0161kas kakavos sviestas yra prabangi gamtos dovana, pasi\u017eyminti unikaliomis savyb\u0117mis ir skonio profiliais.\",\"breadcrumb\":{\"@id\":\"https:\\\/\\\/www.biopapa.de\\\/lt\\\/producte\\\/ekologiskas-naturalus-kakavos-sviestas-gabaliukais\\\/#breadcrumb\"},\"inLanguage\":\"lt-LT\",\"potentialAction\":[{\"@type\":\"ReadAction\",\"target\":[\"https:\\\/\\\/www.biopapa.de\\\/lt\\\/producte\\\/ekologiskas-naturalus-kakavos-sviestas-gabaliukais\\\/\"]}]},{\"@type\":\"ImageObject\",\"inLanguage\":\"lt-LT\",\"@id\":\"https:\\\/\\\/www.biopapa.de\\\/lt\\\/producte\\\/ekologiskas-naturalus-kakavos-sviestas-gabaliukais\\\/#primaryimage\",\"url\":\"https:\\\/\\\/www.biopapa.de\\\/wp-content\\\/uploads\\\/2021\\\/09\\\/779A1464.jpg\",\"contentUrl\":\"https:\\\/\\\/www.biopapa.de\\\/wp-content\\\/uploads\\\/2021\\\/09\\\/779A1464.jpg\",\"width\":800,\"height\":640,\"caption\":\"Ekologi\u0161kas kakavos sviestas gabaliukais (RAW)\"},{\"@type\":\"BreadcrumbList\",\"@id\":\"https:\\\/\\\/www.biopapa.de\\\/lt\\\/producte\\\/ekologiskas-naturalus-kakavos-sviestas-gabaliukais\\\/#breadcrumb\",\"itemListElement\":[{\"@type\":\"ListItem\",\"position\":1,\"name\":\"Home\",\"item\":\"https:\\\/\\\/www.biopapa.de\\\/lt\\\/\"},{\"@type\":\"ListItem\",\"position\":2,\"name\":\"Parduotuv\u0117\",\"item\":\"https:\\\/\\\/www.biopapa.de\\\/parduotuve\\\/\"},{\"@type\":\"ListItem\",\"position\":3,\"name\":\"Ekologi\u0161kas nat\u016bralus kakavos sviestas gabaliukais\"}]},{\"@type\":\"WebSite\",\"@id\":\"https:\\\/\\\/www.biopapa.de\\\/lt\\\/#website\",\"url\":\"https:\\\/\\\/www.biopapa.de\\\/lt\\\/\",\"name\":\"Biopapa\",\"description\":\"\u0160var\u016bs ekologi\u0161ki produktai\",\"publisher\":{\"@id\":\"https:\\\/\\\/www.biopapa.de\\\/lt\\\/#organization\"},\"potentialAction\":[{\"@type\":\"SearchAction\",\"target\":{\"@type\":\"EntryPoint\",\"urlTemplate\":\"https:\\\/\\\/www.biopapa.de\\\/lt\\\/?s={search_term_string}\"},\"query-input\":{\"@type\":\"PropertyValueSpecification\",\"valueRequired\":true,\"valueName\":\"search_term_string\"}}],\"inLanguage\":\"lt-LT\"},{\"@type\":\"Organization\",\"@id\":\"https:\\\/\\\/www.biopapa.de\\\/lt\\\/#organization\",\"name\":\"Biopapa\",\"url\":\"https:\\\/\\\/www.biopapa.de\\\/lt\\\/\",\"logo\":{\"@type\":\"ImageObject\",\"inLanguage\":\"lt-LT\",\"@id\":\"https:\\\/\\\/www.biopapa.de\\\/lt\\\/#\\\/schema\\\/logo\\\/image\\\/\",\"url\":\"https:\\\/\\\/www.biopapa.lt\\\/wp-content\\\/uploads\\\/2022\\\/04\\\/facebook_biopapa.jpg\",\"contentUrl\":\"https:\\\/\\\/www.biopapa.lt\\\/wp-content\\\/uploads\\\/2022\\\/04\\\/facebook_biopapa.jpg\",\"width\":1733,\"height\":907,\"caption\":\"Biopapa\"},\"image\":{\"@id\":\"https:\\\/\\\/www.biopapa.de\\\/lt\\\/#\\\/schema\\\/logo\\\/image\\\/\"},\"sameAs\":[\"https:\\\/\\\/www.facebook.com\\\/biopapa.lt\"]}]}<\/script>\n<!-- \/ Yoast SEO plugin. -->","yoast_head_json":{"title":"Ekologi\u0161kas nat\u016bralus kakavos sviestas gabaliukais - Biopapa","description":"Ekologi\u0161kas kakavos sviestas yra prabangi gamtos dovana, pasi\u017eyminti unikaliomis savyb\u0117mis ir skonio profiliais.","robots":{"index":"index","follow":"follow","max-snippet":"max-snippet:-1","max-image-preview":"max-image-preview:large","max-video-preview":"max-video-preview:-1"},"canonical":"https:\/\/www.biopapa.de\/lt\/producte\/ekologiskas-naturalus-kakavos-sviestas-gabaliukais\/","og_locale":"lt_LT","og_type":"article","og_title":"Ekologi\u0161kas nat\u016bralus kakavos sviestas gabaliukais - Biopapa","og_description":"Ekologi\u0161kas kakavos sviestas yra prabangi gamtos dovana, pasi\u017eyminti unikaliomis savyb\u0117mis ir skonio profiliais.","og_url":"https:\/\/www.biopapa.de\/lt\/producte\/ekologiskas-naturalus-kakavos-sviestas-gabaliukais\/","og_site_name":"Biopapa","article_publisher":"https:\/\/www.facebook.com\/biopapa.lt","article_modified_time":"2026-04-20T09:16:55+00:00","og_image":[{"width":800,"height":640,"url":"https:\/\/www.biopapa.de\/wp-content\/uploads\/2021\/09\/779A1464.jpg","type":"image\/jpeg"}],"twitter_card":"summary_large_image","twitter_misc":{"Est. reading time":"1 minut\u0117"},"schema":{"@context":"https:\/\/schema.org","@graph":[{"@type":"WebPage","@id":"https:\/\/www.biopapa.de\/lt\/producte\/ekologiskas-naturalus-kakavos-sviestas-gabaliukais\/","url":"https:\/\/www.biopapa.de\/lt\/producte\/ekologiskas-naturalus-kakavos-sviestas-gabaliukais\/","name":"Ekologi\u0161kas nat\u016bralus kakavos sviestas gabaliukais - Biopapa","isPartOf":{"@id":"https:\/\/www.biopapa.de\/lt\/#website"},"primaryImageOfPage":{"@id":"https:\/\/www.biopapa.de\/lt\/producte\/ekologiskas-naturalus-kakavos-sviestas-gabaliukais\/#primaryimage"},"image":{"@id":"https:\/\/www.biopapa.de\/lt\/producte\/ekologiskas-naturalus-kakavos-sviestas-gabaliukais\/#primaryimage"},"thumbnailUrl":"https:\/\/www.biopapa.de\/wp-content\/uploads\/2021\/09\/779A1464.jpg","datePublished":"2023-02-06T12:01:01+00:00","dateModified":"2026-04-20T09:16:55+00:00","description":"Ekologi\u0161kas kakavos sviestas yra prabangi gamtos dovana, pasi\u017eyminti unikaliomis savyb\u0117mis ir skonio profiliais.","breadcrumb":{"@id":"https:\/\/www.biopapa.de\/lt\/producte\/ekologiskas-naturalus-kakavos-sviestas-gabaliukais\/#breadcrumb"},"inLanguage":"lt-LT","potentialAction":[{"@type":"ReadAction","target":["https:\/\/www.biopapa.de\/lt\/producte\/ekologiskas-naturalus-kakavos-sviestas-gabaliukais\/"]}]},{"@type":"ImageObject","inLanguage":"lt-LT","@id":"https:\/\/www.biopapa.de\/lt\/producte\/ekologiskas-naturalus-kakavos-sviestas-gabaliukais\/#primaryimage","url":"https:\/\/www.biopapa.de\/wp-content\/uploads\/2021\/09\/779A1464.jpg","contentUrl":"https:\/\/www.biopapa.de\/wp-content\/uploads\/2021\/09\/779A1464.jpg","width":800,"height":640,"caption":"Ekologi\u0161kas kakavos sviestas gabaliukais (RAW)"},{"@type":"BreadcrumbList","@id":"https:\/\/www.biopapa.de\/lt\/producte\/ekologiskas-naturalus-kakavos-sviestas-gabaliukais\/#breadcrumb","itemListElement":[{"@type":"ListItem","position":1,"name":"Home","item":"https:\/\/www.biopapa.de\/lt\/"},{"@type":"ListItem","position":2,"name":"Parduotuv\u0117","item":"https:\/\/www.biopapa.de\/parduotuve\/"},{"@type":"ListItem","position":3,"name":"Ekologi\u0161kas nat\u016bralus kakavos sviestas gabaliukais"}]},{"@type":"WebSite","@id":"https:\/\/www.biopapa.de\/lt\/#website","url":"https:\/\/www.biopapa.de\/lt\/","name":"Biopapa","description":"\u0160var\u016bs ekologi\u0161ki produktai","publisher":{"@id":"https:\/\/www.biopapa.de\/lt\/#organization"},"potentialAction":[{"@type":"SearchAction","target":{"@type":"EntryPoint","urlTemplate":"https:\/\/www.biopapa.de\/lt\/?s={search_term_string}"},"query-input":{"@type":"PropertyValueSpecification","valueRequired":true,"valueName":"search_term_string"}}],"inLanguage":"lt-LT"},{"@type":"Organization","@id":"https:\/\/www.biopapa.de\/lt\/#organization","name":"Biopapa","url":"https:\/\/www.biopapa.de\/lt\/","logo":{"@type":"ImageObject","inLanguage":"lt-LT","@id":"https:\/\/www.biopapa.de\/lt\/#\/schema\/logo\/image\/","url":"https:\/\/www.biopapa.lt\/wp-content\/uploads\/2022\/04\/facebook_biopapa.jpg","contentUrl":"https:\/\/www.biopapa.lt\/wp-content\/uploads\/2022\/04\/facebook_biopapa.jpg","width":1733,"height":907,"caption":"Biopapa"},"image":{"@id":"https:\/\/www.biopapa.de\/lt\/#\/schema\/logo\/image\/"},"sameAs":["https:\/\/www.facebook.com\/biopapa.lt"]}]}},"_links":{"self":[{"href":"https:\/\/www.biopapa.de\/lt\/wp-json\/wp\/v2\/product\/23237","targetHints":{"allow":["GET"]}}],"collection":[{"href":"https:\/\/www.biopapa.de\/lt\/wp-json\/wp\/v2\/product"}],"about":[{"href":"https:\/\/www.biopapa.de\/lt\/wp-json\/wp\/v2\/types\/product"}],"wp:featuredmedia":[{"embeddable":true,"href":"https:\/\/www.biopapa.de\/lt\/wp-json\/wp\/v2\/media\/15013"}],"wp:attachment":[{"href":"https:\/\/www.biopapa.de\/lt\/wp-json\/wp\/v2\/media?parent=23237"}],"wp:term":[{"taxonomy":"product_brand","embeddable":true,"href":"https:\/\/www.biopapa.de\/lt\/wp-json\/wp\/v2\/product_brand?post=23237"},{"taxonomy":"product_cat","embeddable":true,"href":"https:\/\/www.biopapa.de\/lt\/wp-json\/wp\/v2\/product_cat?post=23237"},{"taxonomy":"product_tag","embeddable":true,"href":"https:\/\/www.biopapa.de\/lt\/wp-json\/wp\/v2\/product_tag?post=23237"}],"curies":[{"name":"wp","href":"https:\/\/api.w.org\/{rel}","templated":true}]}}