{"id":23367,"date":"2023-02-10T13:11:03","date_gmt":"2023-02-10T11:11:03","guid":{"rendered":"https:\/\/www.biopapa.lt\/?post_type=product&#038;p=23367"},"modified":"2026-03-24T14:08:42","modified_gmt":"2026-03-24T12:08:42","slug":"ekologiski-saltalankiu-uogu-milteliai","status":"publish","type":"product","link":"https:\/\/www.biopapa.de\/lt\/producte\/ekologiski-saltalankiu-uogu-milteliai\/","title":{"rendered":"Ekologi\u0161ki \u0161altalanki\u0173 uog\u0173 milteliai"},"content":{"rendered":"<p><strong>Ekologi\u0161ki \u0161altalanki\u0173 uog\u0173 milteliai<\/strong><br \/>\nPasaulyje, kuriame sveikata yra svarbiausia, nat\u016brali\u0173 \u2018vaist\u0173\u2019 ie\u0161kojimas mus sugr\u0105\u017eino prie sen\u0173j\u0173 tradicij\u0173.<br \/>\n\u0160altalankis, nuostabus vaisius, \u0161imtme\u010dius buvo puosel\u0117jamas \u012fvairiose kult\u016brose d\u0117l ne\u012ftik\u0117tinos naudos sveikatai. Viena patogiausi\u0173 ir universaliausi\u0173 \u0161altalanki\u0173 form\u0173 yra \u0161altalanki\u0173 milteliai.<br \/>\n\u0160altalankis (Hippophae rhamnoides) \u2013 i\u0161tvermingas kr\u016bmas, augantis at\u0161iauraus Europos ir Azijos klimato zonose. Jo ry\u0161kios oran\u017ein\u0117s uogos \u0161imtme\u010dius buvo naudojamos tradicin\u0117s medicinos sistemose, tokiose kaip Ajurveda ir tradicin\u0117 kin\u0173 medicina (TCM). Senov\u0117s graikai netgi pavadino j\u012f \u201eHippophae\u201c, rei\u0161kian\u010diu \u201eblizgant\u012f arkl\u012f\u201c, nes buvo manoma, kad jis pagerina arkli\u0173 sveikat\u0105 ir i\u0161vaizd\u0105.<br \/>\n\u0160ios tradicijos pripa\u017eino jo gydom\u0105sias savybes ir vertino kaip sveikatos ir gyvybingumo \u0161altin\u012f.<br \/>\n\u0160altalankiuose gausu vitamino C \u2013 kuris galimai stiprina imunitet\u0105.<\/p>\n<p>D\u0117mesio<br \/>\nAlergija \u2013 kai kurie asmenys gali b\u016bti alergi\u0161ki \u0161altalankiams. Prad\u0117kite nuo nedidelio kiekio ir palaipsniui didinkite suvartojim\u0105.<br \/>\nS\u0105veika \u2013 \u0161altalankiai gali s\u0105veikauti su tam tikrais vaistais, ypa\u010d su krauj\u0105 skystinan\u010diomis med\u017eiagomis. B\u016bkite atid\u016bs.<\/p>\n<p>Naudojimas<br \/>\nGlotnu\u010diai \u2013 \u012f rytin\u012f kokteil\u012f \u012fpilkite \u0161auk\u0161tel\u012f \u0161altalanki\u0173 milteli\u0173, kad gausite maisting\u0173 med\u017eiag\u0173.<br \/>\nArbata \u2013 sumai\u0161ykite miltelius su kar\u0161tu ( iki 45 C ) vandeniu ir medumi, kad gautum\u0117te gaivi\u0105 ir maisting\u0173 g\u0117rim\u0105.<br \/>\nJogurtas ir avi\u017einiai dribsniai \u2013 \u012fsid\u0117kite \u0161altalanki\u0173 milteli\u0173 \u012f jogurto ar avi\u017ein\u0117s ko\u0161\u0117s, gausite antioksidant\u0173.<br \/>\nVeido kauk\u0117s\u00a0 sukurkite namin\u0119 veido kauk\u0119, sumai\u0161\u0119 \u0161altalanki\u0173 miltelius su jogurtu ir medumi, kad oda spind\u0117t\u0173.<br \/>\nKepiniai \u2013 milteli\u0173 galite \u012fd\u0117ti \u012f bandeli\u0173, pyrag\u0173 ar blyn\u0173 receptus.<\/p>\n<p>\u0160altiniai<br \/>\nhttps:\/\/www.ncbi.nlm.nih.gov<br \/>\nhttps:\/\/www.webmd.com<\/p>\n<p><em>PASTABA. \u010cia pateikta informacija negali b\u016bti interpretuojama kaip gydymo ar kitokio pob\u016bd\u017eio sveikatos klausim\u0173 sprendimo rekomendacija. Raginame sprendimus, susijusius su asmenine sveikata, priimti asmeni\u0161kai, \u012fvertinus \u012fvairius informacijos \u0161altinius.<\/em><\/p>\n","protected":false},"excerpt":{"rendered":"<p>Ekologi\u0161ki \u0161altalanki\u0173 uog\u0173 milteliai Pasaulyje, kuriame sveikata yra svarbiausia, nat\u016brali\u0173 \u2018vaist\u0173\u2019 ie\u0161kojimas mus sugr\u0105\u017eino prie sen\u0173j\u0173 tradicij\u0173. \u0160altalankis, nuostabus vaisius,<\/p>\n","protected":false},"featured_media":23562,"template":"","meta":{"_acf_changed":false},"product_brand":[],"product_cat":[1907,1216,2349],"product_tag":[1378],"class_list":{"0":"post-23367","1":"product","2":"type-product","3":"status-publish","4":"has-post-thumbnail","6":"product_cat-arbata","7":"product_cat-augalinis-supermaistas","8":"product_cat-milteliai","9":"product_tag-veganams","10":"pa_svoris-1-kg","11":"pa_svoris-100-g","12":"pa_svoris-200-g","13":"pa_svoris-25-g","14":"pa_svoris-300-g","15":"pa_svoris-400-g","16":"pa_svoris-5-kg","17":"pa_svoris-50-g","18":"pa_svoris-500-g","20":"first","21":"instock","22":"shipping-taxable","23":"purchasable","24":"product-type-variable"},"acf":[],"yoast_head":"<!-- This site is optimized with the Yoast SEO plugin v27.5 - https:\/\/yoast.com\/product\/yoast-seo-wordpress\/ -->\n<title>Ekologi\u0161ki \u0161altalanki\u0173 uog\u0173 milteliai - Biopapa<\/title>\n<meta name=\"description\" content=\"\u0160altalanki\u0173 uogos ry\u0161kios oran\u017ein\u0117s uogos \u0161imtme\u010dius buvo naudojamos tradicin\u0117s medicinos sistemose, tokiose kaip Ajurveda ir tradicin\u0117 kin\u0173 medicina (TCM). Senov\u0117s graikai netgi pavadino j\u012f \u201eHippophae\u201c, rei\u0161kian\u010diu \u201eblizgant\u012f arkl\u012f\u201c, nes buvo manoma, kad jis pagerina arkli\u0173 sveikat\u0105 ir i\u0161vaizd\u0105.\" \/>\n<meta name=\"robots\" content=\"index, follow, max-snippet:-1, max-image-preview:large, max-video-preview:-1\" \/>\n<link rel=\"canonical\" href=\"https:\/\/www.biopapa.de\/lt\/producte\/ekologiski-saltalankiu-uogu-milteliai\/\" \/>\n<meta property=\"og:locale\" content=\"lt_LT\" \/>\n<meta property=\"og:type\" content=\"article\" \/>\n<meta property=\"og:title\" content=\"Ekologi\u0161ki \u0161altalanki\u0173 uog\u0173 milteliai - Biopapa\" \/>\n<meta property=\"og:description\" content=\"\u0160altalanki\u0173 uogos ry\u0161kios oran\u017ein\u0117s uogos \u0161imtme\u010dius buvo naudojamos tradicin\u0117s medicinos sistemose, tokiose kaip Ajurveda ir tradicin\u0117 kin\u0173 medicina (TCM). Senov\u0117s graikai netgi pavadino j\u012f \u201eHippophae\u201c, rei\u0161kian\u010diu \u201eblizgant\u012f arkl\u012f\u201c, nes buvo manoma, kad jis pagerina arkli\u0173 sveikat\u0105 ir i\u0161vaizd\u0105.\" \/>\n<meta property=\"og:url\" content=\"https:\/\/www.biopapa.de\/lt\/producte\/ekologiski-saltalankiu-uogu-milteliai\/\" \/>\n<meta property=\"og:site_name\" content=\"Biopapa\" \/>\n<meta property=\"article:publisher\" content=\"https:\/\/www.facebook.com\/biopapa.lt\" \/>\n<meta property=\"article:modified_time\" content=\"2026-03-24T12:08:42+00:00\" \/>\n<meta property=\"og:image\" content=\"https:\/\/www.biopapa.de\/wp-content\/uploads\/2023\/02\/Ekologiski-saltalankiu-uogu-milteliai.png\" \/>\n\t<meta property=\"og:image:width\" content=\"800\" \/>\n\t<meta property=\"og:image:height\" content=\"640\" \/>\n\t<meta property=\"og:image:type\" content=\"image\/png\" \/>\n<meta name=\"twitter:card\" content=\"summary_large_image\" \/>\n<meta name=\"twitter:label1\" content=\"Est. reading time\" \/>\n\t<meta name=\"twitter:data1\" content=\"1 minut\u0117\" \/>\n<script type=\"application\/ld+json\" class=\"yoast-schema-graph\">{\"@context\":\"https:\\\/\\\/schema.org\",\"@graph\":[{\"@type\":\"WebPage\",\"@id\":\"https:\\\/\\\/www.biopapa.de\\\/lt\\\/producte\\\/ekologiski-saltalankiu-uogu-milteliai\\\/\",\"url\":\"https:\\\/\\\/www.biopapa.de\\\/lt\\\/producte\\\/ekologiski-saltalankiu-uogu-milteliai\\\/\",\"name\":\"Ekologi\u0161ki \u0161altalanki\u0173 uog\u0173 milteliai - Biopapa\",\"isPartOf\":{\"@id\":\"https:\\\/\\\/www.biopapa.de\\\/lt\\\/#website\"},\"primaryImageOfPage\":{\"@id\":\"https:\\\/\\\/www.biopapa.de\\\/lt\\\/producte\\\/ekologiski-saltalankiu-uogu-milteliai\\\/#primaryimage\"},\"image\":{\"@id\":\"https:\\\/\\\/www.biopapa.de\\\/lt\\\/producte\\\/ekologiski-saltalankiu-uogu-milteliai\\\/#primaryimage\"},\"thumbnailUrl\":\"https:\\\/\\\/www.biopapa.de\\\/wp-content\\\/uploads\\\/2023\\\/02\\\/Ekologiski-saltalankiu-uogu-milteliai.png\",\"datePublished\":\"2023-02-10T11:11:03+00:00\",\"dateModified\":\"2026-03-24T12:08:42+00:00\",\"description\":\"\u0160altalanki\u0173 uogos ry\u0161kios oran\u017ein\u0117s uogos \u0161imtme\u010dius buvo naudojamos tradicin\u0117s medicinos sistemose, tokiose kaip Ajurveda ir tradicin\u0117 kin\u0173 medicina (TCM). Senov\u0117s graikai netgi pavadino j\u012f \u201eHippophae\u201c, rei\u0161kian\u010diu \u201eblizgant\u012f arkl\u012f\u201c, nes buvo manoma, kad jis pagerina arkli\u0173 sveikat\u0105 ir i\u0161vaizd\u0105.\",\"breadcrumb\":{\"@id\":\"https:\\\/\\\/www.biopapa.de\\\/lt\\\/producte\\\/ekologiski-saltalankiu-uogu-milteliai\\\/#breadcrumb\"},\"inLanguage\":\"lt-LT\",\"potentialAction\":[{\"@type\":\"ReadAction\",\"target\":[\"https:\\\/\\\/www.biopapa.de\\\/lt\\\/producte\\\/ekologiski-saltalankiu-uogu-milteliai\\\/\"]}]},{\"@type\":\"ImageObject\",\"inLanguage\":\"lt-LT\",\"@id\":\"https:\\\/\\\/www.biopapa.de\\\/lt\\\/producte\\\/ekologiski-saltalankiu-uogu-milteliai\\\/#primaryimage\",\"url\":\"https:\\\/\\\/www.biopapa.de\\\/wp-content\\\/uploads\\\/2023\\\/02\\\/Ekologiski-saltalankiu-uogu-milteliai.png\",\"contentUrl\":\"https:\\\/\\\/www.biopapa.de\\\/wp-content\\\/uploads\\\/2023\\\/02\\\/Ekologiski-saltalankiu-uogu-milteliai.png\",\"width\":800,\"height\":640,\"caption\":\"Ekologi\u0161ki \u0161altalanki\u0173 uog\u0173 milteliai\"},{\"@type\":\"BreadcrumbList\",\"@id\":\"https:\\\/\\\/www.biopapa.de\\\/lt\\\/producte\\\/ekologiski-saltalankiu-uogu-milteliai\\\/#breadcrumb\",\"itemListElement\":[{\"@type\":\"ListItem\",\"position\":1,\"name\":\"Home\",\"item\":\"https:\\\/\\\/www.biopapa.de\\\/lt\\\/\"},{\"@type\":\"ListItem\",\"position\":2,\"name\":\"Parduotuv\u0117\",\"item\":\"https:\\\/\\\/www.biopapa.de\\\/parduotuve\\\/\"},{\"@type\":\"ListItem\",\"position\":3,\"name\":\"Ekologi\u0161ki \u0161altalanki\u0173 uog\u0173 milteliai\"}]},{\"@type\":\"WebSite\",\"@id\":\"https:\\\/\\\/www.biopapa.de\\\/lt\\\/#website\",\"url\":\"https:\\\/\\\/www.biopapa.de\\\/lt\\\/\",\"name\":\"Biopapa\",\"description\":\"\u0160var\u016bs ekologi\u0161ki produktai\",\"publisher\":{\"@id\":\"https:\\\/\\\/www.biopapa.de\\\/lt\\\/#organization\"},\"potentialAction\":[{\"@type\":\"SearchAction\",\"target\":{\"@type\":\"EntryPoint\",\"urlTemplate\":\"https:\\\/\\\/www.biopapa.de\\\/lt\\\/?s={search_term_string}\"},\"query-input\":{\"@type\":\"PropertyValueSpecification\",\"valueRequired\":true,\"valueName\":\"search_term_string\"}}],\"inLanguage\":\"lt-LT\"},{\"@type\":\"Organization\",\"@id\":\"https:\\\/\\\/www.biopapa.de\\\/lt\\\/#organization\",\"name\":\"Biopapa\",\"url\":\"https:\\\/\\\/www.biopapa.de\\\/lt\\\/\",\"logo\":{\"@type\":\"ImageObject\",\"inLanguage\":\"lt-LT\",\"@id\":\"https:\\\/\\\/www.biopapa.de\\\/lt\\\/#\\\/schema\\\/logo\\\/image\\\/\",\"url\":\"https:\\\/\\\/www.biopapa.lt\\\/wp-content\\\/uploads\\\/2022\\\/04\\\/facebook_biopapa.jpg\",\"contentUrl\":\"https:\\\/\\\/www.biopapa.lt\\\/wp-content\\\/uploads\\\/2022\\\/04\\\/facebook_biopapa.jpg\",\"width\":1733,\"height\":907,\"caption\":\"Biopapa\"},\"image\":{\"@id\":\"https:\\\/\\\/www.biopapa.de\\\/lt\\\/#\\\/schema\\\/logo\\\/image\\\/\"},\"sameAs\":[\"https:\\\/\\\/www.facebook.com\\\/biopapa.lt\"]}]}<\/script>\n<!-- \/ Yoast SEO plugin. -->","yoast_head_json":{"title":"Ekologi\u0161ki \u0161altalanki\u0173 uog\u0173 milteliai - Biopapa","description":"\u0160altalanki\u0173 uogos ry\u0161kios oran\u017ein\u0117s uogos \u0161imtme\u010dius buvo naudojamos tradicin\u0117s medicinos sistemose, tokiose kaip Ajurveda ir tradicin\u0117 kin\u0173 medicina (TCM). Senov\u0117s graikai netgi pavadino j\u012f \u201eHippophae\u201c, rei\u0161kian\u010diu \u201eblizgant\u012f arkl\u012f\u201c, nes buvo manoma, kad jis pagerina arkli\u0173 sveikat\u0105 ir i\u0161vaizd\u0105.","robots":{"index":"index","follow":"follow","max-snippet":"max-snippet:-1","max-image-preview":"max-image-preview:large","max-video-preview":"max-video-preview:-1"},"canonical":"https:\/\/www.biopapa.de\/lt\/producte\/ekologiski-saltalankiu-uogu-milteliai\/","og_locale":"lt_LT","og_type":"article","og_title":"Ekologi\u0161ki \u0161altalanki\u0173 uog\u0173 milteliai - Biopapa","og_description":"\u0160altalanki\u0173 uogos ry\u0161kios oran\u017ein\u0117s uogos \u0161imtme\u010dius buvo naudojamos tradicin\u0117s medicinos sistemose, tokiose kaip Ajurveda ir tradicin\u0117 kin\u0173 medicina (TCM). Senov\u0117s graikai netgi pavadino j\u012f \u201eHippophae\u201c, rei\u0161kian\u010diu \u201eblizgant\u012f arkl\u012f\u201c, nes buvo manoma, kad jis pagerina arkli\u0173 sveikat\u0105 ir i\u0161vaizd\u0105.","og_url":"https:\/\/www.biopapa.de\/lt\/producte\/ekologiski-saltalankiu-uogu-milteliai\/","og_site_name":"Biopapa","article_publisher":"https:\/\/www.facebook.com\/biopapa.lt","article_modified_time":"2026-03-24T12:08:42+00:00","og_image":[{"width":800,"height":640,"url":"https:\/\/www.biopapa.de\/wp-content\/uploads\/2023\/02\/Ekologiski-saltalankiu-uogu-milteliai.png","type":"image\/png"}],"twitter_card":"summary_large_image","twitter_misc":{"Est. reading time":"1 minut\u0117"},"schema":{"@context":"https:\/\/schema.org","@graph":[{"@type":"WebPage","@id":"https:\/\/www.biopapa.de\/lt\/producte\/ekologiski-saltalankiu-uogu-milteliai\/","url":"https:\/\/www.biopapa.de\/lt\/producte\/ekologiski-saltalankiu-uogu-milteliai\/","name":"Ekologi\u0161ki \u0161altalanki\u0173 uog\u0173 milteliai - Biopapa","isPartOf":{"@id":"https:\/\/www.biopapa.de\/lt\/#website"},"primaryImageOfPage":{"@id":"https:\/\/www.biopapa.de\/lt\/producte\/ekologiski-saltalankiu-uogu-milteliai\/#primaryimage"},"image":{"@id":"https:\/\/www.biopapa.de\/lt\/producte\/ekologiski-saltalankiu-uogu-milteliai\/#primaryimage"},"thumbnailUrl":"https:\/\/www.biopapa.de\/wp-content\/uploads\/2023\/02\/Ekologiski-saltalankiu-uogu-milteliai.png","datePublished":"2023-02-10T11:11:03+00:00","dateModified":"2026-03-24T12:08:42+00:00","description":"\u0160altalanki\u0173 uogos ry\u0161kios oran\u017ein\u0117s uogos \u0161imtme\u010dius buvo naudojamos tradicin\u0117s medicinos sistemose, tokiose kaip Ajurveda ir tradicin\u0117 kin\u0173 medicina (TCM). Senov\u0117s graikai netgi pavadino j\u012f \u201eHippophae\u201c, rei\u0161kian\u010diu \u201eblizgant\u012f arkl\u012f\u201c, nes buvo manoma, kad jis pagerina arkli\u0173 sveikat\u0105 ir i\u0161vaizd\u0105.","breadcrumb":{"@id":"https:\/\/www.biopapa.de\/lt\/producte\/ekologiski-saltalankiu-uogu-milteliai\/#breadcrumb"},"inLanguage":"lt-LT","potentialAction":[{"@type":"ReadAction","target":["https:\/\/www.biopapa.de\/lt\/producte\/ekologiski-saltalankiu-uogu-milteliai\/"]}]},{"@type":"ImageObject","inLanguage":"lt-LT","@id":"https:\/\/www.biopapa.de\/lt\/producte\/ekologiski-saltalankiu-uogu-milteliai\/#primaryimage","url":"https:\/\/www.biopapa.de\/wp-content\/uploads\/2023\/02\/Ekologiski-saltalankiu-uogu-milteliai.png","contentUrl":"https:\/\/www.biopapa.de\/wp-content\/uploads\/2023\/02\/Ekologiski-saltalankiu-uogu-milteliai.png","width":800,"height":640,"caption":"Ekologi\u0161ki \u0161altalanki\u0173 uog\u0173 milteliai"},{"@type":"BreadcrumbList","@id":"https:\/\/www.biopapa.de\/lt\/producte\/ekologiski-saltalankiu-uogu-milteliai\/#breadcrumb","itemListElement":[{"@type":"ListItem","position":1,"name":"Home","item":"https:\/\/www.biopapa.de\/lt\/"},{"@type":"ListItem","position":2,"name":"Parduotuv\u0117","item":"https:\/\/www.biopapa.de\/parduotuve\/"},{"@type":"ListItem","position":3,"name":"Ekologi\u0161ki \u0161altalanki\u0173 uog\u0173 milteliai"}]},{"@type":"WebSite","@id":"https:\/\/www.biopapa.de\/lt\/#website","url":"https:\/\/www.biopapa.de\/lt\/","name":"Biopapa","description":"\u0160var\u016bs ekologi\u0161ki produktai","publisher":{"@id":"https:\/\/www.biopapa.de\/lt\/#organization"},"potentialAction":[{"@type":"SearchAction","target":{"@type":"EntryPoint","urlTemplate":"https:\/\/www.biopapa.de\/lt\/?s={search_term_string}"},"query-input":{"@type":"PropertyValueSpecification","valueRequired":true,"valueName":"search_term_string"}}],"inLanguage":"lt-LT"},{"@type":"Organization","@id":"https:\/\/www.biopapa.de\/lt\/#organization","name":"Biopapa","url":"https:\/\/www.biopapa.de\/lt\/","logo":{"@type":"ImageObject","inLanguage":"lt-LT","@id":"https:\/\/www.biopapa.de\/lt\/#\/schema\/logo\/image\/","url":"https:\/\/www.biopapa.lt\/wp-content\/uploads\/2022\/04\/facebook_biopapa.jpg","contentUrl":"https:\/\/www.biopapa.lt\/wp-content\/uploads\/2022\/04\/facebook_biopapa.jpg","width":1733,"height":907,"caption":"Biopapa"},"image":{"@id":"https:\/\/www.biopapa.de\/lt\/#\/schema\/logo\/image\/"},"sameAs":["https:\/\/www.facebook.com\/biopapa.lt"]}]}},"_links":{"self":[{"href":"https:\/\/www.biopapa.de\/lt\/wp-json\/wp\/v2\/product\/23367","targetHints":{"allow":["GET"]}}],"collection":[{"href":"https:\/\/www.biopapa.de\/lt\/wp-json\/wp\/v2\/product"}],"about":[{"href":"https:\/\/www.biopapa.de\/lt\/wp-json\/wp\/v2\/types\/product"}],"wp:featuredmedia":[{"embeddable":true,"href":"https:\/\/www.biopapa.de\/lt\/wp-json\/wp\/v2\/media\/23562"}],"wp:attachment":[{"href":"https:\/\/www.biopapa.de\/lt\/wp-json\/wp\/v2\/media?parent=23367"}],"wp:term":[{"taxonomy":"product_brand","embeddable":true,"href":"https:\/\/www.biopapa.de\/lt\/wp-json\/wp\/v2\/product_brand?post=23367"},{"taxonomy":"product_cat","embeddable":true,"href":"https:\/\/www.biopapa.de\/lt\/wp-json\/wp\/v2\/product_cat?post=23367"},{"taxonomy":"product_tag","embeddable":true,"href":"https:\/\/www.biopapa.de\/lt\/wp-json\/wp\/v2\/product_tag?post=23367"}],"curies":[{"name":"wp","href":"https:\/\/api.w.org\/{rel}","templated":true}]}}