{"id":23406,"date":"2023-02-10T22:01:30","date_gmt":"2023-02-10T20:01:30","guid":{"rendered":"https:\/\/www.biopapa.lt\/?post_type=product&#038;p=23406"},"modified":"2026-03-23T15:02:31","modified_gmt":"2026-03-23T13:02:31","slug":"ekologiski-datuliu-milteliai-cukrus","status":"publish","type":"product","link":"https:\/\/www.biopapa.de\/lt\/producte\/ekologiski-datuliu-milteliai-cukrus\/","title":{"rendered":"Ekologi\u0161ki datuli\u0173 milteliai &#8211; cukrus"},"content":{"rendered":"<p><strong>Ekologi\u0161ki datuli\u0173 milteliai<\/strong> \u2013 cukrus\u00a0yra universalus ir maistingas nat\u016bralus saldiklis, gaunamas i\u0161 d\u017eiovint\u0173 datuli\u0173.<br \/>\nJie i\u0161populiar\u0117jo kaip sveika alternatyva rafinuotam cukrui ir yra pla\u010diai naudojama \u012fvairiose kulinarijos srityse.<br \/>\nVienas i\u0161 pagrindini\u0173 datuli\u0173 milteli\u0173 privalum\u0173 yra \u012fsp\u016bdingas maistinis profilis. Tai turtingas pagrindini\u0173 vitamin\u0173 ir mineral\u0173 \u0161altinis. Be to, datuli\u0173 milteliuose yra maistini\u0173 skaidul\u0173.<br \/>\nD\u0117l nat\u016bralaus saldumo jis yra puikus pasirinkimas tiems, kurie nori suma\u017einti suvartojamo cukraus kiek\u012f, tuo pa\u010diu patenkinant saldumyn\u0173 tro\u0161kim\u0105.<\/p>\n<p>Datuli\u0173 milteliai pla\u010diai naudojami virtuv\u0117je. Jis gali b\u016bti naudojamas kaip nat\u016bralus kokteili\u0173, avi\u017eini\u0173 dribsni\u0173 ir kepini\u0173, pavyzd\u017eiui, sausaini\u0173 ir bandeli\u0173, saldiklis.<br \/>\nSubtilus \u012f karamel\u0119 pana\u0161us skonis gali pagerinti \u012fvairi\u0173 patiekal\u0173 skon\u012f, \u012fskaitant kar\u012f, salot\u0173 pada\u017eus ir marinatus. Be to, datuli\u0173 milteliai da\u017enai naudojami gaminant energetinius baton\u0117lius ir u\u017ekand\u017eius d\u0117l savo energij\u0105 didinan\u010di\u0173 savybi\u0173.<\/p>\n<p>Nepaisant daugyb\u0117s privalum\u0173, datuli\u0173 miltelius b\u016btina vartoti saikingai, nes jie turi daug kalorij\u0173 ir galima priaugti svorio, jei naudojami per daug.<br \/>\nBe to, kai kurie asmenys, vartodami didelius datuli\u0173 milteli\u0173 kiekius, gali patirti vir\u0161kinimo diskomfort\u0105 d\u0117l didelio skaidul\u0173 kiekio.<br \/>\nTod\u0117l patartina prad\u0117ti nuo ma\u017e\u0173 kieki\u0173 ir palaipsniui didinti suvartojam\u0105 kiek\u012f, kad \u012fvertintum\u0117te savo tolerancij\u0105.<\/p>\n<p>PASTABA. \u010cia pateikta informacija negali b\u016bti interpretuojama kaip gydymo ar kitokio pob\u016bd\u017eio sveikatos klausim\u0173 sprendimo rekomendacija. Raginame sprendimus, susijusius su asmenine sveikata, priimti asmeni\u0161kai, \u012fvertinus \u012fvairius informacijos \u0161altinius.<\/p>\n","protected":false},"excerpt":{"rendered":"<p>Ekologi\u0161ki datuli\u0173 milteliai \u2013 cukrus\u00a0yra universalus ir maistingas nat\u016bralus saldiklis, gaunamas i\u0161 d\u017eiovint\u0173 datuli\u0173. Jie i\u0161populiar\u0117jo kaip sveika alternatyva rafinuotam<\/p>\n","protected":false},"featured_media":23560,"template":"","meta":{"_acf_changed":false},"product_brand":[],"product_cat":[1746],"product_tag":[2642],"class_list":{"0":"post-23406","1":"product","2":"type-product","3":"status-publish","4":"has-post-thumbnail","6":"product_cat-ekologiski-eteriniai-aliejai","7":"product_tag-fuer-veganer-lt","8":"pa_svoris-1-kg","9":"pa_svoris-10-kg","10":"pa_svoris-100-g","11":"pa_svoris-200-g","12":"pa_svoris-300-g","13":"pa_svoris-400-g","14":"pa_svoris-5-kg","15":"pa_svoris-50-g","16":"pa_svoris-500-g","18":"first","19":"instock","20":"shipping-taxable","21":"purchasable","22":"product-type-variable"},"acf":[],"yoast_head":"<!-- This site is optimized with the Yoast SEO plugin v27.5 - https:\/\/yoast.com\/product\/yoast-seo-wordpress\/ -->\n<title>Ekologi\u0161ki datuli\u0173 milteliai - cukrus - Biopapa<\/title>\n<meta name=\"description\" content=\"Ekologi\u0161ki datuli\u0173 milteliai - cukrus yra universalus ir maistingas nat\u016bralus saldiklis, gaunamas i\u0161 d\u017eiovint\u0173 datuli\u0173. Jie i\u0161populiar\u0117jo kaip sveika alternatyva rafinuotam cukrui ir yra pla\u010diai naudojama \u012fvairiose kulinarijos srityse.\" \/>\n<meta name=\"robots\" content=\"index, follow, max-snippet:-1, max-image-preview:large, max-video-preview:-1\" \/>\n<link rel=\"canonical\" href=\"https:\/\/www.biopapa.de\/lt\/producte\/ekologiski-datuliu-milteliai-cukrus\/\" \/>\n<meta property=\"og:locale\" content=\"lt_LT\" \/>\n<meta property=\"og:type\" content=\"article\" \/>\n<meta property=\"og:title\" content=\"Ekologi\u0161ki datuli\u0173 milteliai - cukrus - Biopapa\" \/>\n<meta property=\"og:description\" content=\"Ekologi\u0161ki datuli\u0173 milteliai - cukrus yra universalus ir maistingas nat\u016bralus saldiklis, gaunamas i\u0161 d\u017eiovint\u0173 datuli\u0173. Jie i\u0161populiar\u0117jo kaip sveika alternatyva rafinuotam cukrui ir yra pla\u010diai naudojama \u012fvairiose kulinarijos srityse.\" \/>\n<meta property=\"og:url\" content=\"https:\/\/www.biopapa.de\/lt\/producte\/ekologiski-datuliu-milteliai-cukrus\/\" \/>\n<meta property=\"og:site_name\" content=\"Biopapa\" \/>\n<meta property=\"article:publisher\" content=\"https:\/\/www.facebook.com\/biopapa.lt\" \/>\n<meta property=\"article:modified_time\" content=\"2026-03-23T13:02:31+00:00\" \/>\n<meta property=\"og:image\" content=\"https:\/\/www.biopapa.de\/wp-content\/uploads\/2023\/02\/Ekologiski-datuliu-milteliai.png\" \/>\n\t<meta property=\"og:image:width\" content=\"800\" \/>\n\t<meta property=\"og:image:height\" content=\"640\" \/>\n\t<meta property=\"og:image:type\" content=\"image\/png\" \/>\n<meta name=\"twitter:card\" content=\"summary_large_image\" \/>\n<meta name=\"twitter:label1\" content=\"Est. reading time\" \/>\n\t<meta name=\"twitter:data1\" content=\"1 minut\u0117\" \/>\n<script type=\"application\/ld+json\" class=\"yoast-schema-graph\">{\"@context\":\"https:\\\/\\\/schema.org\",\"@graph\":[{\"@type\":\"WebPage\",\"@id\":\"https:\\\/\\\/www.biopapa.de\\\/lt\\\/producte\\\/ekologiski-datuliu-milteliai-cukrus\\\/\",\"url\":\"https:\\\/\\\/www.biopapa.de\\\/lt\\\/producte\\\/ekologiski-datuliu-milteliai-cukrus\\\/\",\"name\":\"Ekologi\u0161ki datuli\u0173 milteliai - cukrus - Biopapa\",\"isPartOf\":{\"@id\":\"https:\\\/\\\/www.biopapa.de\\\/lt\\\/#website\"},\"primaryImageOfPage\":{\"@id\":\"https:\\\/\\\/www.biopapa.de\\\/lt\\\/producte\\\/ekologiski-datuliu-milteliai-cukrus\\\/#primaryimage\"},\"image\":{\"@id\":\"https:\\\/\\\/www.biopapa.de\\\/lt\\\/producte\\\/ekologiski-datuliu-milteliai-cukrus\\\/#primaryimage\"},\"thumbnailUrl\":\"https:\\\/\\\/www.biopapa.de\\\/wp-content\\\/uploads\\\/2023\\\/02\\\/Ekologiski-datuliu-milteliai.png\",\"datePublished\":\"2023-02-10T20:01:30+00:00\",\"dateModified\":\"2026-03-23T13:02:31+00:00\",\"description\":\"Ekologi\u0161ki datuli\u0173 milteliai - cukrus yra universalus ir maistingas nat\u016bralus saldiklis, gaunamas i\u0161 d\u017eiovint\u0173 datuli\u0173. Jie i\u0161populiar\u0117jo kaip sveika alternatyva rafinuotam cukrui ir yra pla\u010diai naudojama \u012fvairiose kulinarijos srityse.\",\"breadcrumb\":{\"@id\":\"https:\\\/\\\/www.biopapa.de\\\/lt\\\/producte\\\/ekologiski-datuliu-milteliai-cukrus\\\/#breadcrumb\"},\"inLanguage\":\"lt-LT\",\"potentialAction\":[{\"@type\":\"ReadAction\",\"target\":[\"https:\\\/\\\/www.biopapa.de\\\/lt\\\/producte\\\/ekologiski-datuliu-milteliai-cukrus\\\/\"]}]},{\"@type\":\"ImageObject\",\"inLanguage\":\"lt-LT\",\"@id\":\"https:\\\/\\\/www.biopapa.de\\\/lt\\\/producte\\\/ekologiski-datuliu-milteliai-cukrus\\\/#primaryimage\",\"url\":\"https:\\\/\\\/www.biopapa.de\\\/wp-content\\\/uploads\\\/2023\\\/02\\\/Ekologiski-datuliu-milteliai.png\",\"contentUrl\":\"https:\\\/\\\/www.biopapa.de\\\/wp-content\\\/uploads\\\/2023\\\/02\\\/Ekologiski-datuliu-milteliai.png\",\"width\":800,\"height\":640,\"caption\":\"Ekologi\u0161ki datuli\u0173 milteliai\"},{\"@type\":\"BreadcrumbList\",\"@id\":\"https:\\\/\\\/www.biopapa.de\\\/lt\\\/producte\\\/ekologiski-datuliu-milteliai-cukrus\\\/#breadcrumb\",\"itemListElement\":[{\"@type\":\"ListItem\",\"position\":1,\"name\":\"Home\",\"item\":\"https:\\\/\\\/www.biopapa.de\\\/lt\\\/\"},{\"@type\":\"ListItem\",\"position\":2,\"name\":\"Parduotuv\u0117\",\"item\":\"https:\\\/\\\/www.biopapa.de\\\/parduotuve\\\/\"},{\"@type\":\"ListItem\",\"position\":3,\"name\":\"Ekologi\u0161ki datuli\u0173 milteliai &#8211; cukrus\"}]},{\"@type\":\"WebSite\",\"@id\":\"https:\\\/\\\/www.biopapa.de\\\/lt\\\/#website\",\"url\":\"https:\\\/\\\/www.biopapa.de\\\/lt\\\/\",\"name\":\"Biopapa\",\"description\":\"\u0160var\u016bs ekologi\u0161ki produktai\",\"publisher\":{\"@id\":\"https:\\\/\\\/www.biopapa.de\\\/lt\\\/#organization\"},\"potentialAction\":[{\"@type\":\"SearchAction\",\"target\":{\"@type\":\"EntryPoint\",\"urlTemplate\":\"https:\\\/\\\/www.biopapa.de\\\/lt\\\/?s={search_term_string}\"},\"query-input\":{\"@type\":\"PropertyValueSpecification\",\"valueRequired\":true,\"valueName\":\"search_term_string\"}}],\"inLanguage\":\"lt-LT\"},{\"@type\":\"Organization\",\"@id\":\"https:\\\/\\\/www.biopapa.de\\\/lt\\\/#organization\",\"name\":\"Biopapa\",\"url\":\"https:\\\/\\\/www.biopapa.de\\\/lt\\\/\",\"logo\":{\"@type\":\"ImageObject\",\"inLanguage\":\"lt-LT\",\"@id\":\"https:\\\/\\\/www.biopapa.de\\\/lt\\\/#\\\/schema\\\/logo\\\/image\\\/\",\"url\":\"https:\\\/\\\/www.biopapa.lt\\\/wp-content\\\/uploads\\\/2022\\\/04\\\/facebook_biopapa.jpg\",\"contentUrl\":\"https:\\\/\\\/www.biopapa.lt\\\/wp-content\\\/uploads\\\/2022\\\/04\\\/facebook_biopapa.jpg\",\"width\":1733,\"height\":907,\"caption\":\"Biopapa\"},\"image\":{\"@id\":\"https:\\\/\\\/www.biopapa.de\\\/lt\\\/#\\\/schema\\\/logo\\\/image\\\/\"},\"sameAs\":[\"https:\\\/\\\/www.facebook.com\\\/biopapa.lt\"]}]}<\/script>\n<!-- \/ Yoast SEO plugin. -->","yoast_head_json":{"title":"Ekologi\u0161ki datuli\u0173 milteliai - cukrus - Biopapa","description":"Ekologi\u0161ki datuli\u0173 milteliai - cukrus yra universalus ir maistingas nat\u016bralus saldiklis, gaunamas i\u0161 d\u017eiovint\u0173 datuli\u0173. Jie i\u0161populiar\u0117jo kaip sveika alternatyva rafinuotam cukrui ir yra pla\u010diai naudojama \u012fvairiose kulinarijos srityse.","robots":{"index":"index","follow":"follow","max-snippet":"max-snippet:-1","max-image-preview":"max-image-preview:large","max-video-preview":"max-video-preview:-1"},"canonical":"https:\/\/www.biopapa.de\/lt\/producte\/ekologiski-datuliu-milteliai-cukrus\/","og_locale":"lt_LT","og_type":"article","og_title":"Ekologi\u0161ki datuli\u0173 milteliai - cukrus - Biopapa","og_description":"Ekologi\u0161ki datuli\u0173 milteliai - cukrus yra universalus ir maistingas nat\u016bralus saldiklis, gaunamas i\u0161 d\u017eiovint\u0173 datuli\u0173. Jie i\u0161populiar\u0117jo kaip sveika alternatyva rafinuotam cukrui ir yra pla\u010diai naudojama \u012fvairiose kulinarijos srityse.","og_url":"https:\/\/www.biopapa.de\/lt\/producte\/ekologiski-datuliu-milteliai-cukrus\/","og_site_name":"Biopapa","article_publisher":"https:\/\/www.facebook.com\/biopapa.lt","article_modified_time":"2026-03-23T13:02:31+00:00","og_image":[{"width":800,"height":640,"url":"https:\/\/www.biopapa.de\/wp-content\/uploads\/2023\/02\/Ekologiski-datuliu-milteliai.png","type":"image\/png"}],"twitter_card":"summary_large_image","twitter_misc":{"Est. reading time":"1 minut\u0117"},"schema":{"@context":"https:\/\/schema.org","@graph":[{"@type":"WebPage","@id":"https:\/\/www.biopapa.de\/lt\/producte\/ekologiski-datuliu-milteliai-cukrus\/","url":"https:\/\/www.biopapa.de\/lt\/producte\/ekologiski-datuliu-milteliai-cukrus\/","name":"Ekologi\u0161ki datuli\u0173 milteliai - cukrus - Biopapa","isPartOf":{"@id":"https:\/\/www.biopapa.de\/lt\/#website"},"primaryImageOfPage":{"@id":"https:\/\/www.biopapa.de\/lt\/producte\/ekologiski-datuliu-milteliai-cukrus\/#primaryimage"},"image":{"@id":"https:\/\/www.biopapa.de\/lt\/producte\/ekologiski-datuliu-milteliai-cukrus\/#primaryimage"},"thumbnailUrl":"https:\/\/www.biopapa.de\/wp-content\/uploads\/2023\/02\/Ekologiski-datuliu-milteliai.png","datePublished":"2023-02-10T20:01:30+00:00","dateModified":"2026-03-23T13:02:31+00:00","description":"Ekologi\u0161ki datuli\u0173 milteliai - cukrus yra universalus ir maistingas nat\u016bralus saldiklis, gaunamas i\u0161 d\u017eiovint\u0173 datuli\u0173. Jie i\u0161populiar\u0117jo kaip sveika alternatyva rafinuotam cukrui ir yra pla\u010diai naudojama \u012fvairiose kulinarijos srityse.","breadcrumb":{"@id":"https:\/\/www.biopapa.de\/lt\/producte\/ekologiski-datuliu-milteliai-cukrus\/#breadcrumb"},"inLanguage":"lt-LT","potentialAction":[{"@type":"ReadAction","target":["https:\/\/www.biopapa.de\/lt\/producte\/ekologiski-datuliu-milteliai-cukrus\/"]}]},{"@type":"ImageObject","inLanguage":"lt-LT","@id":"https:\/\/www.biopapa.de\/lt\/producte\/ekologiski-datuliu-milteliai-cukrus\/#primaryimage","url":"https:\/\/www.biopapa.de\/wp-content\/uploads\/2023\/02\/Ekologiski-datuliu-milteliai.png","contentUrl":"https:\/\/www.biopapa.de\/wp-content\/uploads\/2023\/02\/Ekologiski-datuliu-milteliai.png","width":800,"height":640,"caption":"Ekologi\u0161ki datuli\u0173 milteliai"},{"@type":"BreadcrumbList","@id":"https:\/\/www.biopapa.de\/lt\/producte\/ekologiski-datuliu-milteliai-cukrus\/#breadcrumb","itemListElement":[{"@type":"ListItem","position":1,"name":"Home","item":"https:\/\/www.biopapa.de\/lt\/"},{"@type":"ListItem","position":2,"name":"Parduotuv\u0117","item":"https:\/\/www.biopapa.de\/parduotuve\/"},{"@type":"ListItem","position":3,"name":"Ekologi\u0161ki datuli\u0173 milteliai &#8211; cukrus"}]},{"@type":"WebSite","@id":"https:\/\/www.biopapa.de\/lt\/#website","url":"https:\/\/www.biopapa.de\/lt\/","name":"Biopapa","description":"\u0160var\u016bs ekologi\u0161ki produktai","publisher":{"@id":"https:\/\/www.biopapa.de\/lt\/#organization"},"potentialAction":[{"@type":"SearchAction","target":{"@type":"EntryPoint","urlTemplate":"https:\/\/www.biopapa.de\/lt\/?s={search_term_string}"},"query-input":{"@type":"PropertyValueSpecification","valueRequired":true,"valueName":"search_term_string"}}],"inLanguage":"lt-LT"},{"@type":"Organization","@id":"https:\/\/www.biopapa.de\/lt\/#organization","name":"Biopapa","url":"https:\/\/www.biopapa.de\/lt\/","logo":{"@type":"ImageObject","inLanguage":"lt-LT","@id":"https:\/\/www.biopapa.de\/lt\/#\/schema\/logo\/image\/","url":"https:\/\/www.biopapa.lt\/wp-content\/uploads\/2022\/04\/facebook_biopapa.jpg","contentUrl":"https:\/\/www.biopapa.lt\/wp-content\/uploads\/2022\/04\/facebook_biopapa.jpg","width":1733,"height":907,"caption":"Biopapa"},"image":{"@id":"https:\/\/www.biopapa.de\/lt\/#\/schema\/logo\/image\/"},"sameAs":["https:\/\/www.facebook.com\/biopapa.lt"]}]}},"_links":{"self":[{"href":"https:\/\/www.biopapa.de\/lt\/wp-json\/wp\/v2\/product\/23406","targetHints":{"allow":["GET"]}}],"collection":[{"href":"https:\/\/www.biopapa.de\/lt\/wp-json\/wp\/v2\/product"}],"about":[{"href":"https:\/\/www.biopapa.de\/lt\/wp-json\/wp\/v2\/types\/product"}],"wp:featuredmedia":[{"embeddable":true,"href":"https:\/\/www.biopapa.de\/lt\/wp-json\/wp\/v2\/media\/23560"}],"wp:attachment":[{"href":"https:\/\/www.biopapa.de\/lt\/wp-json\/wp\/v2\/media?parent=23406"}],"wp:term":[{"taxonomy":"product_brand","embeddable":true,"href":"https:\/\/www.biopapa.de\/lt\/wp-json\/wp\/v2\/product_brand?post=23406"},{"taxonomy":"product_cat","embeddable":true,"href":"https:\/\/www.biopapa.de\/lt\/wp-json\/wp\/v2\/product_cat?post=23406"},{"taxonomy":"product_tag","embeddable":true,"href":"https:\/\/www.biopapa.de\/lt\/wp-json\/wp\/v2\/product_tag?post=23406"}],"curies":[{"name":"wp","href":"https:\/\/api.w.org\/{rel}","templated":true}]}}