{"id":23434,"date":"2023-02-10T22:30:30","date_gmt":"2023-02-10T20:30:30","guid":{"rendered":"https:\/\/www.biopapa.lt\/?post_type=product&#038;p=23434"},"modified":"2026-01-19T16:21:51","modified_gmt":"2026-01-19T14:21:51","slug":"ekologiskos-lukstentos-sezamu-seklos","status":"publish","type":"product","link":"https:\/\/www.biopapa.de\/lt\/producte\/ekologiskos-lukstentos-sezamu-seklos\/","title":{"rendered":"Ekologi\u0161kos luk\u0161tentos sezam\u0173 s\u0117klos"},"content":{"rendered":"<p><strong>Ekologi\u0161kos luk\u0161tentos sezam\u0173 s\u0117klos<\/strong><br \/>\nSezamo s\u0117klos \u2013 vienas seniausi\u0173 \u017einom\u0173 s\u0117kl\u0173\/prieskoni\u0173 pasaulyje. Indijoje \u0161ios s\u0117klos laikomos nemirtingumo simboliu, o senov\u0117je moterys \u0161ias s\u0117klas valgydavo nor\u0117damos kaip \u012fmanoma ilgiau i\u0161saugoti gro\u017e\u012f ir jaunyst\u0119.<br \/>\nNuo sen\u0173 laik\u0173 manoma, kad sezamo s\u0117klos, turin\u010dios daug sveik\u0173j\u0173 riebal\u0173, baltym\u0173, skaidul\u0173 ir svarbi\u0173 mineral\u0173, naudingos sveikatai. Teigiama, kad jos yra puikus antioksidant\u0173 \u0161altinis, \u012fskaitant sesamin\u0105 ir sesamol\u0105, kurie padeda turi \u012ftakos organizmo sveikatai. Galimai sezamo s\u0117klos taip pat stiprina kaulus d\u0117l auk\u0161to kalcio kiekio.<\/p>\n<p>\u0160ios ma\u017eyt\u0117s s\u0117klyt\u0117s pasi\u017eymi nuostabiu rie\u0161ut\u0173 skoniu ir maloniu tra\u0161kumu, tod\u0117l jos yra patrauklus priedas prie daugyb\u0117s patiekal\u0173.<br \/>\nSezamo s\u0117klos da\u017enai vartojamos \u017ealios, skrudintos arba sumaltos \u012f tahini.<br \/>\nKepant sezamo s\u0117klas galima pabarstyti ant duonos, bandeli\u0173 ar sausaini\u0173, i\u0161ry\u0161k\u0117s subtilus, \u017eemi\u0161kas skonis ir tekst\u016bra.<br \/>\nSkrudintos sezamo s\u0117klos sustiprina salot\u0173 ir bulvy\u010di\u0173 skon\u012f, suteikdamos puik\u0173 kontrast\u0105 \u017ealumynams ir dar\u017eov\u0117ms.<br \/>\nAr puo\u0161iate pikanti\u0161k\u0105 patiekal\u0105, ar norite pagerinti patiekalo tekst\u016br\u0105, sezamo s\u0117klos yra universalus kulinarinis s\u0105jungininkas, galintis pagerinti j\u016bs\u0173 patiekal\u0173 skon\u012f ir maistingum\u0105.<\/p>\n<p>Rekomenduojama sezamo s\u0117kl\u0173 dienos norma yra apie 1-2 \u0161auk\u0161tus (apie 10-20 gram\u0173).<\/p>\n<p>PASTABA. \u010cia pateikta informacija negali b\u016bti interpretuojama kaip gydymo ar kitokio pob\u016bd\u017eio sveikatos klausim\u0173 sprendimo rekomendacija. Raginame sprendimus, susijusius su asmenine sveikata, priimti asmeni\u0161kai, \u012fvertinus \u012fvairius informacijos \u0161altinius.<\/p>\n","protected":false},"excerpt":{"rendered":"<p>Ekologi\u0161kos luk\u0161tentos sezam\u0173 s\u0117klos Sezamo s\u0117klos \u2013 vienas seniausi\u0173 \u017einom\u0173 s\u0117kl\u0173\/prieskoni\u0173 pasaulyje. Indijoje \u0161ios s\u0117klos laikomos nemirtingumo simboliu, o senov\u0117je<\/p>\n","protected":false},"featured_media":23557,"template":"","meta":{"_acf_changed":false},"product_brand":[],"product_cat":[730,1905],"product_tag":[1380,1378],"class_list":{"0":"post-23434","1":"product","2":"type-product","3":"status-publish","4":"has-post-thumbnail","6":"product_cat-ekologiski-riesutai-seklos","7":"product_cat-seklos","8":"product_tag-keto-mityba","9":"product_tag-veganams","10":"pa_svoris-1-kg","11":"pa_svoris-100-g","12":"pa_svoris-200-g","13":"pa_svoris-25-kg","14":"pa_svoris-300-g","15":"pa_svoris-400-g","16":"pa_svoris-500-g","18":"first","19":"instock","20":"shipping-taxable","21":"purchasable","22":"product-type-variable"},"acf":[],"yoast_head":"<!-- This site is optimized with the Yoast SEO plugin v27.5 - https:\/\/yoast.com\/product\/yoast-seo-wordpress\/ -->\n<title>Ekologi\u0161kos luk\u0161tentos sezam\u0173 s\u0117klos - Biopapa<\/title>\n<meta name=\"description\" content=\"Sezamo s\u0117klos \u2013 vienas seniausi\u0173 \u017einom\u0173 prieskoni\u0173 pasaulyje. Indijoje \u0161ios s\u0117klos laikomos nemirtingumo simboliu. Ekologi\u0161kos sezamo s\u0117klos.\" \/>\n<meta name=\"robots\" content=\"index, follow, max-snippet:-1, max-image-preview:large, max-video-preview:-1\" \/>\n<link rel=\"canonical\" href=\"https:\/\/www.biopapa.de\/lt\/producte\/ekologiskos-lukstentos-sezamu-seklos\/\" \/>\n<meta property=\"og:locale\" content=\"lt_LT\" \/>\n<meta property=\"og:type\" content=\"article\" \/>\n<meta property=\"og:title\" content=\"Ekologi\u0161kos luk\u0161tentos sezam\u0173 s\u0117klos - Biopapa\" \/>\n<meta property=\"og:description\" content=\"Sezamo s\u0117klos \u2013 vienas seniausi\u0173 \u017einom\u0173 prieskoni\u0173 pasaulyje. Indijoje \u0161ios s\u0117klos laikomos nemirtingumo simboliu. Ekologi\u0161kos sezamo s\u0117klos.\" \/>\n<meta property=\"og:url\" content=\"https:\/\/www.biopapa.de\/lt\/producte\/ekologiskos-lukstentos-sezamu-seklos\/\" \/>\n<meta property=\"og:site_name\" content=\"Biopapa\" \/>\n<meta property=\"article:publisher\" content=\"https:\/\/www.facebook.com\/biopapa.lt\" \/>\n<meta property=\"article:modified_time\" content=\"2026-01-19T14:21:51+00:00\" \/>\n<meta property=\"og:image\" content=\"https:\/\/www.biopapa.de\/wp-content\/uploads\/2023\/02\/Ekologiskos-lukstentos-sezamu-seklos.png\" \/>\n\t<meta property=\"og:image:width\" content=\"800\" \/>\n\t<meta property=\"og:image:height\" content=\"640\" \/>\n\t<meta property=\"og:image:type\" content=\"image\/png\" \/>\n<meta name=\"twitter:card\" content=\"summary_large_image\" \/>\n<meta name=\"twitter:label1\" content=\"Est. reading time\" \/>\n\t<meta name=\"twitter:data1\" content=\"1 minut\u0117\" \/>\n<script type=\"application\/ld+json\" class=\"yoast-schema-graph\">{\"@context\":\"https:\\\/\\\/schema.org\",\"@graph\":[{\"@type\":\"WebPage\",\"@id\":\"https:\\\/\\\/www.biopapa.de\\\/lt\\\/producte\\\/ekologiskos-lukstentos-sezamu-seklos\\\/\",\"url\":\"https:\\\/\\\/www.biopapa.de\\\/lt\\\/producte\\\/ekologiskos-lukstentos-sezamu-seklos\\\/\",\"name\":\"Ekologi\u0161kos luk\u0161tentos sezam\u0173 s\u0117klos - Biopapa\",\"isPartOf\":{\"@id\":\"https:\\\/\\\/www.biopapa.de\\\/lt\\\/#website\"},\"primaryImageOfPage\":{\"@id\":\"https:\\\/\\\/www.biopapa.de\\\/lt\\\/producte\\\/ekologiskos-lukstentos-sezamu-seklos\\\/#primaryimage\"},\"image\":{\"@id\":\"https:\\\/\\\/www.biopapa.de\\\/lt\\\/producte\\\/ekologiskos-lukstentos-sezamu-seklos\\\/#primaryimage\"},\"thumbnailUrl\":\"https:\\\/\\\/www.biopapa.de\\\/wp-content\\\/uploads\\\/2023\\\/02\\\/Ekologiskos-lukstentos-sezamu-seklos.png\",\"datePublished\":\"2023-02-10T20:30:30+00:00\",\"dateModified\":\"2026-01-19T14:21:51+00:00\",\"description\":\"Sezamo s\u0117klos \u2013 vienas seniausi\u0173 \u017einom\u0173 prieskoni\u0173 pasaulyje. Indijoje \u0161ios s\u0117klos laikomos nemirtingumo simboliu. Ekologi\u0161kos sezamo s\u0117klos.\",\"breadcrumb\":{\"@id\":\"https:\\\/\\\/www.biopapa.de\\\/lt\\\/producte\\\/ekologiskos-lukstentos-sezamu-seklos\\\/#breadcrumb\"},\"inLanguage\":\"lt-LT\",\"potentialAction\":[{\"@type\":\"ReadAction\",\"target\":[\"https:\\\/\\\/www.biopapa.de\\\/lt\\\/producte\\\/ekologiskos-lukstentos-sezamu-seklos\\\/\"]}]},{\"@type\":\"ImageObject\",\"inLanguage\":\"lt-LT\",\"@id\":\"https:\\\/\\\/www.biopapa.de\\\/lt\\\/producte\\\/ekologiskos-lukstentos-sezamu-seklos\\\/#primaryimage\",\"url\":\"https:\\\/\\\/www.biopapa.de\\\/wp-content\\\/uploads\\\/2023\\\/02\\\/Ekologiskos-lukstentos-sezamu-seklos.png\",\"contentUrl\":\"https:\\\/\\\/www.biopapa.de\\\/wp-content\\\/uploads\\\/2023\\\/02\\\/Ekologiskos-lukstentos-sezamu-seklos.png\",\"width\":800,\"height\":640,\"caption\":\"Ekologi\u0161kos luk\u0161tentos sezam\u0173 s\u0117klos\"},{\"@type\":\"BreadcrumbList\",\"@id\":\"https:\\\/\\\/www.biopapa.de\\\/lt\\\/producte\\\/ekologiskos-lukstentos-sezamu-seklos\\\/#breadcrumb\",\"itemListElement\":[{\"@type\":\"ListItem\",\"position\":1,\"name\":\"Home\",\"item\":\"https:\\\/\\\/www.biopapa.de\\\/lt\\\/\"},{\"@type\":\"ListItem\",\"position\":2,\"name\":\"Parduotuv\u0117\",\"item\":\"https:\\\/\\\/www.biopapa.de\\\/parduotuve\\\/\"},{\"@type\":\"ListItem\",\"position\":3,\"name\":\"Ekologi\u0161kos luk\u0161tentos sezam\u0173 s\u0117klos\"}]},{\"@type\":\"WebSite\",\"@id\":\"https:\\\/\\\/www.biopapa.de\\\/lt\\\/#website\",\"url\":\"https:\\\/\\\/www.biopapa.de\\\/lt\\\/\",\"name\":\"Biopapa\",\"description\":\"\u0160var\u016bs ekologi\u0161ki produktai\",\"publisher\":{\"@id\":\"https:\\\/\\\/www.biopapa.de\\\/lt\\\/#organization\"},\"potentialAction\":[{\"@type\":\"SearchAction\",\"target\":{\"@type\":\"EntryPoint\",\"urlTemplate\":\"https:\\\/\\\/www.biopapa.de\\\/lt\\\/?s={search_term_string}\"},\"query-input\":{\"@type\":\"PropertyValueSpecification\",\"valueRequired\":true,\"valueName\":\"search_term_string\"}}],\"inLanguage\":\"lt-LT\"},{\"@type\":\"Organization\",\"@id\":\"https:\\\/\\\/www.biopapa.de\\\/lt\\\/#organization\",\"name\":\"Biopapa\",\"url\":\"https:\\\/\\\/www.biopapa.de\\\/lt\\\/\",\"logo\":{\"@type\":\"ImageObject\",\"inLanguage\":\"lt-LT\",\"@id\":\"https:\\\/\\\/www.biopapa.de\\\/lt\\\/#\\\/schema\\\/logo\\\/image\\\/\",\"url\":\"https:\\\/\\\/www.biopapa.lt\\\/wp-content\\\/uploads\\\/2022\\\/04\\\/facebook_biopapa.jpg\",\"contentUrl\":\"https:\\\/\\\/www.biopapa.lt\\\/wp-content\\\/uploads\\\/2022\\\/04\\\/facebook_biopapa.jpg\",\"width\":1733,\"height\":907,\"caption\":\"Biopapa\"},\"image\":{\"@id\":\"https:\\\/\\\/www.biopapa.de\\\/lt\\\/#\\\/schema\\\/logo\\\/image\\\/\"},\"sameAs\":[\"https:\\\/\\\/www.facebook.com\\\/biopapa.lt\"]}]}<\/script>\n<!-- \/ Yoast SEO plugin. -->","yoast_head_json":{"title":"Ekologi\u0161kos luk\u0161tentos sezam\u0173 s\u0117klos - Biopapa","description":"Sezamo s\u0117klos \u2013 vienas seniausi\u0173 \u017einom\u0173 prieskoni\u0173 pasaulyje. Indijoje \u0161ios s\u0117klos laikomos nemirtingumo simboliu. Ekologi\u0161kos sezamo s\u0117klos.","robots":{"index":"index","follow":"follow","max-snippet":"max-snippet:-1","max-image-preview":"max-image-preview:large","max-video-preview":"max-video-preview:-1"},"canonical":"https:\/\/www.biopapa.de\/lt\/producte\/ekologiskos-lukstentos-sezamu-seklos\/","og_locale":"lt_LT","og_type":"article","og_title":"Ekologi\u0161kos luk\u0161tentos sezam\u0173 s\u0117klos - Biopapa","og_description":"Sezamo s\u0117klos \u2013 vienas seniausi\u0173 \u017einom\u0173 prieskoni\u0173 pasaulyje. Indijoje \u0161ios s\u0117klos laikomos nemirtingumo simboliu. Ekologi\u0161kos sezamo s\u0117klos.","og_url":"https:\/\/www.biopapa.de\/lt\/producte\/ekologiskos-lukstentos-sezamu-seklos\/","og_site_name":"Biopapa","article_publisher":"https:\/\/www.facebook.com\/biopapa.lt","article_modified_time":"2026-01-19T14:21:51+00:00","og_image":[{"width":800,"height":640,"url":"https:\/\/www.biopapa.de\/wp-content\/uploads\/2023\/02\/Ekologiskos-lukstentos-sezamu-seklos.png","type":"image\/png"}],"twitter_card":"summary_large_image","twitter_misc":{"Est. reading time":"1 minut\u0117"},"schema":{"@context":"https:\/\/schema.org","@graph":[{"@type":"WebPage","@id":"https:\/\/www.biopapa.de\/lt\/producte\/ekologiskos-lukstentos-sezamu-seklos\/","url":"https:\/\/www.biopapa.de\/lt\/producte\/ekologiskos-lukstentos-sezamu-seklos\/","name":"Ekologi\u0161kos luk\u0161tentos sezam\u0173 s\u0117klos - Biopapa","isPartOf":{"@id":"https:\/\/www.biopapa.de\/lt\/#website"},"primaryImageOfPage":{"@id":"https:\/\/www.biopapa.de\/lt\/producte\/ekologiskos-lukstentos-sezamu-seklos\/#primaryimage"},"image":{"@id":"https:\/\/www.biopapa.de\/lt\/producte\/ekologiskos-lukstentos-sezamu-seklos\/#primaryimage"},"thumbnailUrl":"https:\/\/www.biopapa.de\/wp-content\/uploads\/2023\/02\/Ekologiskos-lukstentos-sezamu-seklos.png","datePublished":"2023-02-10T20:30:30+00:00","dateModified":"2026-01-19T14:21:51+00:00","description":"Sezamo s\u0117klos \u2013 vienas seniausi\u0173 \u017einom\u0173 prieskoni\u0173 pasaulyje. Indijoje \u0161ios s\u0117klos laikomos nemirtingumo simboliu. Ekologi\u0161kos sezamo s\u0117klos.","breadcrumb":{"@id":"https:\/\/www.biopapa.de\/lt\/producte\/ekologiskos-lukstentos-sezamu-seklos\/#breadcrumb"},"inLanguage":"lt-LT","potentialAction":[{"@type":"ReadAction","target":["https:\/\/www.biopapa.de\/lt\/producte\/ekologiskos-lukstentos-sezamu-seklos\/"]}]},{"@type":"ImageObject","inLanguage":"lt-LT","@id":"https:\/\/www.biopapa.de\/lt\/producte\/ekologiskos-lukstentos-sezamu-seklos\/#primaryimage","url":"https:\/\/www.biopapa.de\/wp-content\/uploads\/2023\/02\/Ekologiskos-lukstentos-sezamu-seklos.png","contentUrl":"https:\/\/www.biopapa.de\/wp-content\/uploads\/2023\/02\/Ekologiskos-lukstentos-sezamu-seklos.png","width":800,"height":640,"caption":"Ekologi\u0161kos luk\u0161tentos sezam\u0173 s\u0117klos"},{"@type":"BreadcrumbList","@id":"https:\/\/www.biopapa.de\/lt\/producte\/ekologiskos-lukstentos-sezamu-seklos\/#breadcrumb","itemListElement":[{"@type":"ListItem","position":1,"name":"Home","item":"https:\/\/www.biopapa.de\/lt\/"},{"@type":"ListItem","position":2,"name":"Parduotuv\u0117","item":"https:\/\/www.biopapa.de\/parduotuve\/"},{"@type":"ListItem","position":3,"name":"Ekologi\u0161kos luk\u0161tentos sezam\u0173 s\u0117klos"}]},{"@type":"WebSite","@id":"https:\/\/www.biopapa.de\/lt\/#website","url":"https:\/\/www.biopapa.de\/lt\/","name":"Biopapa","description":"\u0160var\u016bs ekologi\u0161ki produktai","publisher":{"@id":"https:\/\/www.biopapa.de\/lt\/#organization"},"potentialAction":[{"@type":"SearchAction","target":{"@type":"EntryPoint","urlTemplate":"https:\/\/www.biopapa.de\/lt\/?s={search_term_string}"},"query-input":{"@type":"PropertyValueSpecification","valueRequired":true,"valueName":"search_term_string"}}],"inLanguage":"lt-LT"},{"@type":"Organization","@id":"https:\/\/www.biopapa.de\/lt\/#organization","name":"Biopapa","url":"https:\/\/www.biopapa.de\/lt\/","logo":{"@type":"ImageObject","inLanguage":"lt-LT","@id":"https:\/\/www.biopapa.de\/lt\/#\/schema\/logo\/image\/","url":"https:\/\/www.biopapa.lt\/wp-content\/uploads\/2022\/04\/facebook_biopapa.jpg","contentUrl":"https:\/\/www.biopapa.lt\/wp-content\/uploads\/2022\/04\/facebook_biopapa.jpg","width":1733,"height":907,"caption":"Biopapa"},"image":{"@id":"https:\/\/www.biopapa.de\/lt\/#\/schema\/logo\/image\/"},"sameAs":["https:\/\/www.facebook.com\/biopapa.lt"]}]}},"_links":{"self":[{"href":"https:\/\/www.biopapa.de\/lt\/wp-json\/wp\/v2\/product\/23434","targetHints":{"allow":["GET"]}}],"collection":[{"href":"https:\/\/www.biopapa.de\/lt\/wp-json\/wp\/v2\/product"}],"about":[{"href":"https:\/\/www.biopapa.de\/lt\/wp-json\/wp\/v2\/types\/product"}],"wp:featuredmedia":[{"embeddable":true,"href":"https:\/\/www.biopapa.de\/lt\/wp-json\/wp\/v2\/media\/23557"}],"wp:attachment":[{"href":"https:\/\/www.biopapa.de\/lt\/wp-json\/wp\/v2\/media?parent=23434"}],"wp:term":[{"taxonomy":"product_brand","embeddable":true,"href":"https:\/\/www.biopapa.de\/lt\/wp-json\/wp\/v2\/product_brand?post=23434"},{"taxonomy":"product_cat","embeddable":true,"href":"https:\/\/www.biopapa.de\/lt\/wp-json\/wp\/v2\/product_cat?post=23434"},{"taxonomy":"product_tag","embeddable":true,"href":"https:\/\/www.biopapa.de\/lt\/wp-json\/wp\/v2\/product_tag?post=23434"}],"curies":[{"name":"wp","href":"https:\/\/api.w.org\/{rel}","templated":true}]}}