{"id":23772,"date":"2023-02-22T12:55:01","date_gmt":"2023-02-22T10:55:01","guid":{"rendered":"https:\/\/www.biopapa.lt\/?post_type=product&#038;p=23772"},"modified":"2025-09-01T16:39:49","modified_gmt":"2025-09-01T13:39:49","slug":"ekologiskas-supermaisto-misinys-imunitetui-stiprinti","status":"publish","type":"product","link":"https:\/\/www.biopapa.de\/lt\/producte\/ekologiskas-supermaisto-misinys-imunitetui-stiprinti\/","title":{"rendered":"Ekologi\u0161kas supermaisto mi\u0161inys imunitetui stiprinti"},"content":{"rendered":"<p><strong>Ekologi\u0161kas supermaisto mi\u0161inys imunitetui stiprinti<\/strong> yra puikus nat\u016bralaus vitamino C supermaisto, adaptogeno, padedan\u010dio geriau valdyti stres\u0105, ir \u017eiupsnelio \u010dili, skatinan\u010dio kraujotak\u0105, mi\u0161inys.<\/p>\n<p>&#8211; stiprina imunitet\u0105<br \/>\n&#8211; nat\u016bralus vitaminas C<br \/>\n&#8211; sud\u0117tyje yra adaptogeninio supermaisto<br \/>\n&#8211; \u010dili milteliai, skatinantys kraujotak\u0105<br \/>\n&#8211; supermaisto mi\u0161inys<br \/>\n&#8211; be prid\u0117tinio cukraus<br \/>\n&#8211; RAW<br \/>\n&#8211; be glitimo<br \/>\n&#8211; 100% ekologi\u0161kas<\/p>\n<p>\u0160iame ekologi\u0161k\u0173 supermaisto produkt\u0173 mi\u0161inyje esan\u010dios er\u0161k\u0117tuog\u0117s, acerola ir baobabas yra nat\u016bral\u016bs vitamino C \u0161altiniai, padedantys palaikyti normali\u0105 imunin\u0117s sistemos veikl\u0105. Mi\u0161in\u012f papildo ashwagandha (\u017einomas kaip adaptogenas) ir \u010dili milteliai, skatinantys kraujotak\u0105. Nat\u016bralus citrusini\u0173 vaisi\u0173 skonis su a\u0161triu atspalviu nuostabiai dera su \u0161vie\u017eiomis apelsin\u0173 ar greipfrut\u0173 sultimis.<\/p>\n<p><strong>Vartojimas:<\/strong> 2 valgomieji \u0161auk\u0161tai (15 g) per dien\u0105.<\/p>\n","protected":false},"excerpt":{"rendered":"<p>Ekologi\u0161kas supermaisto mi\u0161inys imunitetui stiprinti yra puikus nat\u016bralaus vitamino C supermaisto, adaptogeno, padedan\u010dio geriau valdyti stres\u0105, ir \u017eiupsnelio \u010dili, skatinan\u010dio<\/p>\n","protected":false},"featured_media":25137,"template":"","meta":{"_acf_changed":false},"product_brand":[],"product_cat":[1216,2349],"product_tag":[1378],"class_list":{"0":"post-23772","1":"product","2":"type-product","3":"status-publish","4":"has-post-thumbnail","6":"product_cat-augalinis-supermaistas","7":"product_cat-milteliai","8":"product_tag-veganams","9":"pa_svoris-1-kg","10":"pa_svoris-100-g","11":"pa_svoris-200-g","12":"pa_svoris-300-g","13":"pa_svoris-400-g","14":"pa_svoris-50-g","15":"pa_svoris-500-g","17":"first","18":"instock","19":"shipping-taxable","20":"purchasable","21":"product-type-variable"},"acf":[],"yoast_head":"<!-- This site is optimized with the Yoast SEO plugin v27.5 - https:\/\/yoast.com\/product\/yoast-seo-wordpress\/ -->\n<title>Ekologi\u0161kas supermaisto mi\u0161inys imunitetui stiprinti - Biopapa<\/title>\n<meta name=\"robots\" content=\"index, follow, max-snippet:-1, max-image-preview:large, max-video-preview:-1\" \/>\n<link rel=\"canonical\" href=\"https:\/\/www.biopapa.de\/lt\/producte\/ekologiskas-supermaisto-misinys-imunitetui-stiprinti\/\" \/>\n<meta property=\"og:locale\" content=\"lt_LT\" \/>\n<meta property=\"og:type\" content=\"article\" \/>\n<meta property=\"og:title\" content=\"Ekologi\u0161kas supermaisto mi\u0161inys imunitetui stiprinti - Biopapa\" \/>\n<meta property=\"og:description\" content=\"Ekologi\u0161kas supermaisto mi\u0161inys imunitetui stiprinti yra puikus nat\u016bralaus vitamino C supermaisto, adaptogeno, padedan\u010dio geriau valdyti stres\u0105, ir \u017eiupsnelio \u010dili, skatinan\u010dio\" \/>\n<meta property=\"og:url\" content=\"https:\/\/www.biopapa.de\/lt\/producte\/ekologiskas-supermaisto-misinys-imunitetui-stiprinti\/\" \/>\n<meta property=\"og:site_name\" content=\"Biopapa\" \/>\n<meta property=\"article:publisher\" content=\"https:\/\/www.facebook.com\/biopapa.lt\" \/>\n<meta property=\"article:modified_time\" content=\"2025-09-01T13:39:49+00:00\" \/>\n<meta property=\"og:image\" content=\"https:\/\/www.biopapa.de\/wp-content\/uploads\/2023\/02\/Ekologiskas-supermaisto-misinys-imunitetui-stiprinti.png\" \/>\n\t<meta property=\"og:image:width\" content=\"800\" \/>\n\t<meta property=\"og:image:height\" content=\"640\" \/>\n\t<meta property=\"og:image:type\" content=\"image\/png\" \/>\n<meta name=\"twitter:card\" content=\"summary_large_image\" \/>\n<script type=\"application\/ld+json\" class=\"yoast-schema-graph\">{\"@context\":\"https:\\\/\\\/schema.org\",\"@graph\":[{\"@type\":\"WebPage\",\"@id\":\"https:\\\/\\\/www.biopapa.de\\\/lt\\\/producte\\\/ekologiskas-supermaisto-misinys-imunitetui-stiprinti\\\/\",\"url\":\"https:\\\/\\\/www.biopapa.de\\\/lt\\\/producte\\\/ekologiskas-supermaisto-misinys-imunitetui-stiprinti\\\/\",\"name\":\"Ekologi\u0161kas supermaisto mi\u0161inys imunitetui stiprinti - Biopapa\",\"isPartOf\":{\"@id\":\"https:\\\/\\\/www.biopapa.de\\\/lt\\\/#website\"},\"primaryImageOfPage\":{\"@id\":\"https:\\\/\\\/www.biopapa.de\\\/lt\\\/producte\\\/ekologiskas-supermaisto-misinys-imunitetui-stiprinti\\\/#primaryimage\"},\"image\":{\"@id\":\"https:\\\/\\\/www.biopapa.de\\\/lt\\\/producte\\\/ekologiskas-supermaisto-misinys-imunitetui-stiprinti\\\/#primaryimage\"},\"thumbnailUrl\":\"https:\\\/\\\/www.biopapa.de\\\/wp-content\\\/uploads\\\/2023\\\/02\\\/Ekologiskas-supermaisto-misinys-imunitetui-stiprinti.png\",\"datePublished\":\"2023-02-22T10:55:01+00:00\",\"dateModified\":\"2025-09-01T13:39:49+00:00\",\"breadcrumb\":{\"@id\":\"https:\\\/\\\/www.biopapa.de\\\/lt\\\/producte\\\/ekologiskas-supermaisto-misinys-imunitetui-stiprinti\\\/#breadcrumb\"},\"inLanguage\":\"lt-LT\",\"potentialAction\":[{\"@type\":\"ReadAction\",\"target\":[\"https:\\\/\\\/www.biopapa.de\\\/lt\\\/producte\\\/ekologiskas-supermaisto-misinys-imunitetui-stiprinti\\\/\"]}]},{\"@type\":\"ImageObject\",\"inLanguage\":\"lt-LT\",\"@id\":\"https:\\\/\\\/www.biopapa.de\\\/lt\\\/producte\\\/ekologiskas-supermaisto-misinys-imunitetui-stiprinti\\\/#primaryimage\",\"url\":\"https:\\\/\\\/www.biopapa.de\\\/wp-content\\\/uploads\\\/2023\\\/02\\\/Ekologiskas-supermaisto-misinys-imunitetui-stiprinti.png\",\"contentUrl\":\"https:\\\/\\\/www.biopapa.de\\\/wp-content\\\/uploads\\\/2023\\\/02\\\/Ekologiskas-supermaisto-misinys-imunitetui-stiprinti.png\",\"width\":800,\"height\":640,\"caption\":\"Ekologiskas-supermaisto-misinys-imunitetui-stiprinti\"},{\"@type\":\"BreadcrumbList\",\"@id\":\"https:\\\/\\\/www.biopapa.de\\\/lt\\\/producte\\\/ekologiskas-supermaisto-misinys-imunitetui-stiprinti\\\/#breadcrumb\",\"itemListElement\":[{\"@type\":\"ListItem\",\"position\":1,\"name\":\"Home\",\"item\":\"https:\\\/\\\/www.biopapa.de\\\/lt\\\/\"},{\"@type\":\"ListItem\",\"position\":2,\"name\":\"Parduotuv\u0117\",\"item\":\"https:\\\/\\\/www.biopapa.de\\\/parduotuve\\\/\"},{\"@type\":\"ListItem\",\"position\":3,\"name\":\"Ekologi\u0161kas supermaisto mi\u0161inys imunitetui stiprinti\"}]},{\"@type\":\"WebSite\",\"@id\":\"https:\\\/\\\/www.biopapa.de\\\/lt\\\/#website\",\"url\":\"https:\\\/\\\/www.biopapa.de\\\/lt\\\/\",\"name\":\"Biopapa\",\"description\":\"\u0160var\u016bs ekologi\u0161ki produktai\",\"publisher\":{\"@id\":\"https:\\\/\\\/www.biopapa.de\\\/lt\\\/#organization\"},\"potentialAction\":[{\"@type\":\"SearchAction\",\"target\":{\"@type\":\"EntryPoint\",\"urlTemplate\":\"https:\\\/\\\/www.biopapa.de\\\/lt\\\/?s={search_term_string}\"},\"query-input\":{\"@type\":\"PropertyValueSpecification\",\"valueRequired\":true,\"valueName\":\"search_term_string\"}}],\"inLanguage\":\"lt-LT\"},{\"@type\":\"Organization\",\"@id\":\"https:\\\/\\\/www.biopapa.de\\\/lt\\\/#organization\",\"name\":\"Biopapa\",\"url\":\"https:\\\/\\\/www.biopapa.de\\\/lt\\\/\",\"logo\":{\"@type\":\"ImageObject\",\"inLanguage\":\"lt-LT\",\"@id\":\"https:\\\/\\\/www.biopapa.de\\\/lt\\\/#\\\/schema\\\/logo\\\/image\\\/\",\"url\":\"https:\\\/\\\/www.biopapa.lt\\\/wp-content\\\/uploads\\\/2022\\\/04\\\/facebook_biopapa.jpg\",\"contentUrl\":\"https:\\\/\\\/www.biopapa.lt\\\/wp-content\\\/uploads\\\/2022\\\/04\\\/facebook_biopapa.jpg\",\"width\":1733,\"height\":907,\"caption\":\"Biopapa\"},\"image\":{\"@id\":\"https:\\\/\\\/www.biopapa.de\\\/lt\\\/#\\\/schema\\\/logo\\\/image\\\/\"},\"sameAs\":[\"https:\\\/\\\/www.facebook.com\\\/biopapa.lt\"]}]}<\/script>\n<!-- \/ Yoast SEO plugin. -->","yoast_head_json":{"title":"Ekologi\u0161kas supermaisto mi\u0161inys imunitetui stiprinti - Biopapa","robots":{"index":"index","follow":"follow","max-snippet":"max-snippet:-1","max-image-preview":"max-image-preview:large","max-video-preview":"max-video-preview:-1"},"canonical":"https:\/\/www.biopapa.de\/lt\/producte\/ekologiskas-supermaisto-misinys-imunitetui-stiprinti\/","og_locale":"lt_LT","og_type":"article","og_title":"Ekologi\u0161kas supermaisto mi\u0161inys imunitetui stiprinti - Biopapa","og_description":"Ekologi\u0161kas supermaisto mi\u0161inys imunitetui stiprinti yra puikus nat\u016bralaus vitamino C supermaisto, adaptogeno, padedan\u010dio geriau valdyti stres\u0105, ir \u017eiupsnelio \u010dili, skatinan\u010dio","og_url":"https:\/\/www.biopapa.de\/lt\/producte\/ekologiskas-supermaisto-misinys-imunitetui-stiprinti\/","og_site_name":"Biopapa","article_publisher":"https:\/\/www.facebook.com\/biopapa.lt","article_modified_time":"2025-09-01T13:39:49+00:00","og_image":[{"width":800,"height":640,"url":"https:\/\/www.biopapa.de\/wp-content\/uploads\/2023\/02\/Ekologiskas-supermaisto-misinys-imunitetui-stiprinti.png","type":"image\/png"}],"twitter_card":"summary_large_image","schema":{"@context":"https:\/\/schema.org","@graph":[{"@type":"WebPage","@id":"https:\/\/www.biopapa.de\/lt\/producte\/ekologiskas-supermaisto-misinys-imunitetui-stiprinti\/","url":"https:\/\/www.biopapa.de\/lt\/producte\/ekologiskas-supermaisto-misinys-imunitetui-stiprinti\/","name":"Ekologi\u0161kas supermaisto mi\u0161inys imunitetui stiprinti - Biopapa","isPartOf":{"@id":"https:\/\/www.biopapa.de\/lt\/#website"},"primaryImageOfPage":{"@id":"https:\/\/www.biopapa.de\/lt\/producte\/ekologiskas-supermaisto-misinys-imunitetui-stiprinti\/#primaryimage"},"image":{"@id":"https:\/\/www.biopapa.de\/lt\/producte\/ekologiskas-supermaisto-misinys-imunitetui-stiprinti\/#primaryimage"},"thumbnailUrl":"https:\/\/www.biopapa.de\/wp-content\/uploads\/2023\/02\/Ekologiskas-supermaisto-misinys-imunitetui-stiprinti.png","datePublished":"2023-02-22T10:55:01+00:00","dateModified":"2025-09-01T13:39:49+00:00","breadcrumb":{"@id":"https:\/\/www.biopapa.de\/lt\/producte\/ekologiskas-supermaisto-misinys-imunitetui-stiprinti\/#breadcrumb"},"inLanguage":"lt-LT","potentialAction":[{"@type":"ReadAction","target":["https:\/\/www.biopapa.de\/lt\/producte\/ekologiskas-supermaisto-misinys-imunitetui-stiprinti\/"]}]},{"@type":"ImageObject","inLanguage":"lt-LT","@id":"https:\/\/www.biopapa.de\/lt\/producte\/ekologiskas-supermaisto-misinys-imunitetui-stiprinti\/#primaryimage","url":"https:\/\/www.biopapa.de\/wp-content\/uploads\/2023\/02\/Ekologiskas-supermaisto-misinys-imunitetui-stiprinti.png","contentUrl":"https:\/\/www.biopapa.de\/wp-content\/uploads\/2023\/02\/Ekologiskas-supermaisto-misinys-imunitetui-stiprinti.png","width":800,"height":640,"caption":"Ekologiskas-supermaisto-misinys-imunitetui-stiprinti"},{"@type":"BreadcrumbList","@id":"https:\/\/www.biopapa.de\/lt\/producte\/ekologiskas-supermaisto-misinys-imunitetui-stiprinti\/#breadcrumb","itemListElement":[{"@type":"ListItem","position":1,"name":"Home","item":"https:\/\/www.biopapa.de\/lt\/"},{"@type":"ListItem","position":2,"name":"Parduotuv\u0117","item":"https:\/\/www.biopapa.de\/parduotuve\/"},{"@type":"ListItem","position":3,"name":"Ekologi\u0161kas supermaisto mi\u0161inys imunitetui stiprinti"}]},{"@type":"WebSite","@id":"https:\/\/www.biopapa.de\/lt\/#website","url":"https:\/\/www.biopapa.de\/lt\/","name":"Biopapa","description":"\u0160var\u016bs ekologi\u0161ki produktai","publisher":{"@id":"https:\/\/www.biopapa.de\/lt\/#organization"},"potentialAction":[{"@type":"SearchAction","target":{"@type":"EntryPoint","urlTemplate":"https:\/\/www.biopapa.de\/lt\/?s={search_term_string}"},"query-input":{"@type":"PropertyValueSpecification","valueRequired":true,"valueName":"search_term_string"}}],"inLanguage":"lt-LT"},{"@type":"Organization","@id":"https:\/\/www.biopapa.de\/lt\/#organization","name":"Biopapa","url":"https:\/\/www.biopapa.de\/lt\/","logo":{"@type":"ImageObject","inLanguage":"lt-LT","@id":"https:\/\/www.biopapa.de\/lt\/#\/schema\/logo\/image\/","url":"https:\/\/www.biopapa.lt\/wp-content\/uploads\/2022\/04\/facebook_biopapa.jpg","contentUrl":"https:\/\/www.biopapa.lt\/wp-content\/uploads\/2022\/04\/facebook_biopapa.jpg","width":1733,"height":907,"caption":"Biopapa"},"image":{"@id":"https:\/\/www.biopapa.de\/lt\/#\/schema\/logo\/image\/"},"sameAs":["https:\/\/www.facebook.com\/biopapa.lt"]}]}},"_links":{"self":[{"href":"https:\/\/www.biopapa.de\/lt\/wp-json\/wp\/v2\/product\/23772","targetHints":{"allow":["GET"]}}],"collection":[{"href":"https:\/\/www.biopapa.de\/lt\/wp-json\/wp\/v2\/product"}],"about":[{"href":"https:\/\/www.biopapa.de\/lt\/wp-json\/wp\/v2\/types\/product"}],"wp:featuredmedia":[{"embeddable":true,"href":"https:\/\/www.biopapa.de\/lt\/wp-json\/wp\/v2\/media\/25137"}],"wp:attachment":[{"href":"https:\/\/www.biopapa.de\/lt\/wp-json\/wp\/v2\/media?parent=23772"}],"wp:term":[{"taxonomy":"product_brand","embeddable":true,"href":"https:\/\/www.biopapa.de\/lt\/wp-json\/wp\/v2\/product_brand?post=23772"},{"taxonomy":"product_cat","embeddable":true,"href":"https:\/\/www.biopapa.de\/lt\/wp-json\/wp\/v2\/product_cat?post=23772"},{"taxonomy":"product_tag","embeddable":true,"href":"https:\/\/www.biopapa.de\/lt\/wp-json\/wp\/v2\/product_tag?post=23772"}],"curies":[{"name":"wp","href":"https:\/\/api.w.org\/{rel}","templated":true}]}}