{"id":23788,"date":"2023-02-22T12:58:50","date_gmt":"2023-02-22T10:58:50","guid":{"rendered":"https:\/\/www.biopapa.lt\/?post_type=product&#038;p=23788"},"modified":"2025-08-31T22:36:57","modified_gmt":"2025-08-31T19:36:57","slug":"ekologiskas-detoksikuojantis-misinys-green-detox","status":"publish","type":"product","link":"https:\/\/www.biopapa.de\/lt\/producte\/ekologiskas-detoksikuojantis-misinys-green-detox\/","title":{"rendered":"Ekologi\u0161kas detoksikuojantis mi\u0161inys Green Detox"},"content":{"rendered":"<p><strong>Ekologi\u0161kas detoksikuojantis mi\u0161inys \u201eGreen Detox\u201c<\/strong> yra ekologi\u0161kas supermaisto produktas, chlorofilo \u0161altinis.<\/p>\n<p>&#8211; detoksikacija<br \/>\n&#8211; augalinis stimuliatorius<br \/>\n&#8211; didelis chlorofilo kiekis<br \/>\n&#8211; nat\u016bralus antioksidantas<br \/>\n&#8211; palaiko normali\u0105 kepen\u0173 veikl\u0105<br \/>\n&#8211; be glitimo<br \/>\n&#8211; be prid\u0117tinio cukraus<br \/>\n&#8211; 100% ekologi\u0161kas<\/p>\n<p>Ekologi\u0161kas detoksikuojantis mi\u0161inys \u201eGreen Detox\u201c yra puikus kruop\u0161\u010diai atrinkto \u017ealio maisto mi\u0161inys. Spirulinos, chlorel\u0117s, kvie\u010di\u0173 ir mie\u017ei\u0173 \u017eelmen\u0173 derinys, puikiai papildantis chlorofilu j\u016bs\u0173 mityb\u0105. Kokteiliams sumai\u0161ykite lapinius \u017ealumynus, \u0161vie\u017eius vaisius ir skyst\u0105 pagrind\u0105, tada tiesiog \u012fpilkite 2 arbatinius \u0161auk\u0161telius m\u016bs\u0173 supermaisto mi\u0161inio ir gerai i\u0161mai\u0161ykite.<\/p>\n<p><strong>Vartojimas:<\/strong> 1-3 arbatiniai \u0161auk\u0161teliai (10-15 g) per dien\u0105.<\/p>\n","protected":false},"excerpt":{"rendered":"<p>Ekologi\u0161kas detoksikuojantis mi\u0161inys \u201eGreen Detox\u201c yra ekologi\u0161kas supermaisto produktas, chlorofilo \u0161altinis. &#8211; detoksikacija &#8211; augalinis stimuliatorius &#8211; didelis chlorofilo kiekis<\/p>\n","protected":false},"featured_media":25483,"template":"","meta":{"_acf_changed":false},"product_brand":[],"product_cat":[1216,2349],"product_tag":[1381,1485,1378],"class_list":{"0":"post-23788","1":"product","2":"type-product","3":"status-publish","4":"has-post-thumbnail","6":"product_cat-augalinis-supermaistas","7":"product_cat-milteliai","8":"product_tag-be-pridetinio-cukraus","9":"product_tag-raw","10":"product_tag-veganams","11":"pa_svoris-1-kg","12":"pa_svoris-100-g","13":"pa_svoris-200-g","14":"pa_svoris-300-g","15":"pa_svoris-400-g","16":"pa_svoris-50-g","17":"pa_svoris-500-g","19":"first","20":"instock","21":"shipping-taxable","22":"purchasable","23":"product-type-variable"},"acf":[],"yoast_head":"<!-- This site is optimized with the Yoast SEO plugin v27.5 - https:\/\/yoast.com\/product\/yoast-seo-wordpress\/ -->\n<title>Ekologi\u0161kas detoksikuojantis mi\u0161inys Green Detox - Biopapa<\/title>\n<meta name=\"robots\" content=\"index, follow, max-snippet:-1, max-image-preview:large, max-video-preview:-1\" \/>\n<link rel=\"canonical\" href=\"https:\/\/www.biopapa.de\/lt\/producte\/ekologiskas-detoksikuojantis-misinys-green-detox\/\" \/>\n<meta property=\"og:locale\" content=\"lt_LT\" \/>\n<meta property=\"og:type\" content=\"article\" \/>\n<meta property=\"og:title\" content=\"Ekologi\u0161kas detoksikuojantis mi\u0161inys Green Detox - Biopapa\" \/>\n<meta property=\"og:description\" content=\"Ekologi\u0161kas detoksikuojantis mi\u0161inys \u201eGreen Detox\u201c yra ekologi\u0161kas supermaisto produktas, chlorofilo \u0161altinis. &#8211; detoksikacija &#8211; augalinis stimuliatorius &#8211; didelis chlorofilo kiekis\" \/>\n<meta property=\"og:url\" content=\"https:\/\/www.biopapa.de\/lt\/producte\/ekologiskas-detoksikuojantis-misinys-green-detox\/\" \/>\n<meta property=\"og:site_name\" content=\"Biopapa\" \/>\n<meta property=\"article:publisher\" content=\"https:\/\/www.facebook.com\/biopapa.lt\" \/>\n<meta property=\"article:modified_time\" content=\"2025-08-31T19:36:57+00:00\" \/>\n<meta property=\"og:image\" content=\"https:\/\/www.biopapa.de\/wp-content\/uploads\/2023\/02\/Ekologiskas-detoksikuojantis-misinys-Green-Detox-2.png\" \/>\n\t<meta property=\"og:image:width\" content=\"800\" \/>\n\t<meta property=\"og:image:height\" content=\"640\" \/>\n\t<meta property=\"og:image:type\" content=\"image\/png\" \/>\n<meta name=\"twitter:card\" content=\"summary_large_image\" \/>\n<script type=\"application\/ld+json\" class=\"yoast-schema-graph\">{\"@context\":\"https:\\\/\\\/schema.org\",\"@graph\":[{\"@type\":\"WebPage\",\"@id\":\"https:\\\/\\\/www.biopapa.de\\\/lt\\\/producte\\\/ekologiskas-detoksikuojantis-misinys-green-detox\\\/\",\"url\":\"https:\\\/\\\/www.biopapa.de\\\/lt\\\/producte\\\/ekologiskas-detoksikuojantis-misinys-green-detox\\\/\",\"name\":\"Ekologi\u0161kas detoksikuojantis mi\u0161inys Green Detox - Biopapa\",\"isPartOf\":{\"@id\":\"https:\\\/\\\/www.biopapa.de\\\/lt\\\/#website\"},\"primaryImageOfPage\":{\"@id\":\"https:\\\/\\\/www.biopapa.de\\\/lt\\\/producte\\\/ekologiskas-detoksikuojantis-misinys-green-detox\\\/#primaryimage\"},\"image\":{\"@id\":\"https:\\\/\\\/www.biopapa.de\\\/lt\\\/producte\\\/ekologiskas-detoksikuojantis-misinys-green-detox\\\/#primaryimage\"},\"thumbnailUrl\":\"https:\\\/\\\/www.biopapa.de\\\/wp-content\\\/uploads\\\/2023\\\/02\\\/Ekologiskas-detoksikuojantis-misinys-Green-Detox-2.png\",\"datePublished\":\"2023-02-22T10:58:50+00:00\",\"dateModified\":\"2025-08-31T19:36:57+00:00\",\"breadcrumb\":{\"@id\":\"https:\\\/\\\/www.biopapa.de\\\/lt\\\/producte\\\/ekologiskas-detoksikuojantis-misinys-green-detox\\\/#breadcrumb\"},\"inLanguage\":\"lt-LT\",\"potentialAction\":[{\"@type\":\"ReadAction\",\"target\":[\"https:\\\/\\\/www.biopapa.de\\\/lt\\\/producte\\\/ekologiskas-detoksikuojantis-misinys-green-detox\\\/\"]}]},{\"@type\":\"ImageObject\",\"inLanguage\":\"lt-LT\",\"@id\":\"https:\\\/\\\/www.biopapa.de\\\/lt\\\/producte\\\/ekologiskas-detoksikuojantis-misinys-green-detox\\\/#primaryimage\",\"url\":\"https:\\\/\\\/www.biopapa.de\\\/wp-content\\\/uploads\\\/2023\\\/02\\\/Ekologiskas-detoksikuojantis-misinys-Green-Detox-2.png\",\"contentUrl\":\"https:\\\/\\\/www.biopapa.de\\\/wp-content\\\/uploads\\\/2023\\\/02\\\/Ekologiskas-detoksikuojantis-misinys-Green-Detox-2.png\",\"width\":800,\"height\":640,\"caption\":\"Ekologi\u0161kas detoksikuojantis mi\u0161inys Green Detox\"},{\"@type\":\"BreadcrumbList\",\"@id\":\"https:\\\/\\\/www.biopapa.de\\\/lt\\\/producte\\\/ekologiskas-detoksikuojantis-misinys-green-detox\\\/#breadcrumb\",\"itemListElement\":[{\"@type\":\"ListItem\",\"position\":1,\"name\":\"Home\",\"item\":\"https:\\\/\\\/www.biopapa.de\\\/lt\\\/\"},{\"@type\":\"ListItem\",\"position\":2,\"name\":\"Parduotuv\u0117\",\"item\":\"https:\\\/\\\/www.biopapa.de\\\/parduotuve\\\/\"},{\"@type\":\"ListItem\",\"position\":3,\"name\":\"Ekologi\u0161kas detoksikuojantis mi\u0161inys Green Detox\"}]},{\"@type\":\"WebSite\",\"@id\":\"https:\\\/\\\/www.biopapa.de\\\/lt\\\/#website\",\"url\":\"https:\\\/\\\/www.biopapa.de\\\/lt\\\/\",\"name\":\"Biopapa\",\"description\":\"\u0160var\u016bs ekologi\u0161ki produktai\",\"publisher\":{\"@id\":\"https:\\\/\\\/www.biopapa.de\\\/lt\\\/#organization\"},\"potentialAction\":[{\"@type\":\"SearchAction\",\"target\":{\"@type\":\"EntryPoint\",\"urlTemplate\":\"https:\\\/\\\/www.biopapa.de\\\/lt\\\/?s={search_term_string}\"},\"query-input\":{\"@type\":\"PropertyValueSpecification\",\"valueRequired\":true,\"valueName\":\"search_term_string\"}}],\"inLanguage\":\"lt-LT\"},{\"@type\":\"Organization\",\"@id\":\"https:\\\/\\\/www.biopapa.de\\\/lt\\\/#organization\",\"name\":\"Biopapa\",\"url\":\"https:\\\/\\\/www.biopapa.de\\\/lt\\\/\",\"logo\":{\"@type\":\"ImageObject\",\"inLanguage\":\"lt-LT\",\"@id\":\"https:\\\/\\\/www.biopapa.de\\\/lt\\\/#\\\/schema\\\/logo\\\/image\\\/\",\"url\":\"https:\\\/\\\/www.biopapa.lt\\\/wp-content\\\/uploads\\\/2022\\\/04\\\/facebook_biopapa.jpg\",\"contentUrl\":\"https:\\\/\\\/www.biopapa.lt\\\/wp-content\\\/uploads\\\/2022\\\/04\\\/facebook_biopapa.jpg\",\"width\":1733,\"height\":907,\"caption\":\"Biopapa\"},\"image\":{\"@id\":\"https:\\\/\\\/www.biopapa.de\\\/lt\\\/#\\\/schema\\\/logo\\\/image\\\/\"},\"sameAs\":[\"https:\\\/\\\/www.facebook.com\\\/biopapa.lt\"]}]}<\/script>\n<!-- \/ Yoast SEO plugin. -->","yoast_head_json":{"title":"Ekologi\u0161kas detoksikuojantis mi\u0161inys Green Detox - Biopapa","robots":{"index":"index","follow":"follow","max-snippet":"max-snippet:-1","max-image-preview":"max-image-preview:large","max-video-preview":"max-video-preview:-1"},"canonical":"https:\/\/www.biopapa.de\/lt\/producte\/ekologiskas-detoksikuojantis-misinys-green-detox\/","og_locale":"lt_LT","og_type":"article","og_title":"Ekologi\u0161kas detoksikuojantis mi\u0161inys Green Detox - Biopapa","og_description":"Ekologi\u0161kas detoksikuojantis mi\u0161inys \u201eGreen Detox\u201c yra ekologi\u0161kas supermaisto produktas, chlorofilo \u0161altinis. &#8211; detoksikacija &#8211; augalinis stimuliatorius &#8211; didelis chlorofilo kiekis","og_url":"https:\/\/www.biopapa.de\/lt\/producte\/ekologiskas-detoksikuojantis-misinys-green-detox\/","og_site_name":"Biopapa","article_publisher":"https:\/\/www.facebook.com\/biopapa.lt","article_modified_time":"2025-08-31T19:36:57+00:00","og_image":[{"width":800,"height":640,"url":"https:\/\/www.biopapa.de\/wp-content\/uploads\/2023\/02\/Ekologiskas-detoksikuojantis-misinys-Green-Detox-2.png","type":"image\/png"}],"twitter_card":"summary_large_image","schema":{"@context":"https:\/\/schema.org","@graph":[{"@type":"WebPage","@id":"https:\/\/www.biopapa.de\/lt\/producte\/ekologiskas-detoksikuojantis-misinys-green-detox\/","url":"https:\/\/www.biopapa.de\/lt\/producte\/ekologiskas-detoksikuojantis-misinys-green-detox\/","name":"Ekologi\u0161kas detoksikuojantis mi\u0161inys Green Detox - Biopapa","isPartOf":{"@id":"https:\/\/www.biopapa.de\/lt\/#website"},"primaryImageOfPage":{"@id":"https:\/\/www.biopapa.de\/lt\/producte\/ekologiskas-detoksikuojantis-misinys-green-detox\/#primaryimage"},"image":{"@id":"https:\/\/www.biopapa.de\/lt\/producte\/ekologiskas-detoksikuojantis-misinys-green-detox\/#primaryimage"},"thumbnailUrl":"https:\/\/www.biopapa.de\/wp-content\/uploads\/2023\/02\/Ekologiskas-detoksikuojantis-misinys-Green-Detox-2.png","datePublished":"2023-02-22T10:58:50+00:00","dateModified":"2025-08-31T19:36:57+00:00","breadcrumb":{"@id":"https:\/\/www.biopapa.de\/lt\/producte\/ekologiskas-detoksikuojantis-misinys-green-detox\/#breadcrumb"},"inLanguage":"lt-LT","potentialAction":[{"@type":"ReadAction","target":["https:\/\/www.biopapa.de\/lt\/producte\/ekologiskas-detoksikuojantis-misinys-green-detox\/"]}]},{"@type":"ImageObject","inLanguage":"lt-LT","@id":"https:\/\/www.biopapa.de\/lt\/producte\/ekologiskas-detoksikuojantis-misinys-green-detox\/#primaryimage","url":"https:\/\/www.biopapa.de\/wp-content\/uploads\/2023\/02\/Ekologiskas-detoksikuojantis-misinys-Green-Detox-2.png","contentUrl":"https:\/\/www.biopapa.de\/wp-content\/uploads\/2023\/02\/Ekologiskas-detoksikuojantis-misinys-Green-Detox-2.png","width":800,"height":640,"caption":"Ekologi\u0161kas detoksikuojantis mi\u0161inys Green Detox"},{"@type":"BreadcrumbList","@id":"https:\/\/www.biopapa.de\/lt\/producte\/ekologiskas-detoksikuojantis-misinys-green-detox\/#breadcrumb","itemListElement":[{"@type":"ListItem","position":1,"name":"Home","item":"https:\/\/www.biopapa.de\/lt\/"},{"@type":"ListItem","position":2,"name":"Parduotuv\u0117","item":"https:\/\/www.biopapa.de\/parduotuve\/"},{"@type":"ListItem","position":3,"name":"Ekologi\u0161kas detoksikuojantis mi\u0161inys Green Detox"}]},{"@type":"WebSite","@id":"https:\/\/www.biopapa.de\/lt\/#website","url":"https:\/\/www.biopapa.de\/lt\/","name":"Biopapa","description":"\u0160var\u016bs ekologi\u0161ki produktai","publisher":{"@id":"https:\/\/www.biopapa.de\/lt\/#organization"},"potentialAction":[{"@type":"SearchAction","target":{"@type":"EntryPoint","urlTemplate":"https:\/\/www.biopapa.de\/lt\/?s={search_term_string}"},"query-input":{"@type":"PropertyValueSpecification","valueRequired":true,"valueName":"search_term_string"}}],"inLanguage":"lt-LT"},{"@type":"Organization","@id":"https:\/\/www.biopapa.de\/lt\/#organization","name":"Biopapa","url":"https:\/\/www.biopapa.de\/lt\/","logo":{"@type":"ImageObject","inLanguage":"lt-LT","@id":"https:\/\/www.biopapa.de\/lt\/#\/schema\/logo\/image\/","url":"https:\/\/www.biopapa.lt\/wp-content\/uploads\/2022\/04\/facebook_biopapa.jpg","contentUrl":"https:\/\/www.biopapa.lt\/wp-content\/uploads\/2022\/04\/facebook_biopapa.jpg","width":1733,"height":907,"caption":"Biopapa"},"image":{"@id":"https:\/\/www.biopapa.de\/lt\/#\/schema\/logo\/image\/"},"sameAs":["https:\/\/www.facebook.com\/biopapa.lt"]}]}},"_links":{"self":[{"href":"https:\/\/www.biopapa.de\/lt\/wp-json\/wp\/v2\/product\/23788","targetHints":{"allow":["GET"]}}],"collection":[{"href":"https:\/\/www.biopapa.de\/lt\/wp-json\/wp\/v2\/product"}],"about":[{"href":"https:\/\/www.biopapa.de\/lt\/wp-json\/wp\/v2\/types\/product"}],"wp:featuredmedia":[{"embeddable":true,"href":"https:\/\/www.biopapa.de\/lt\/wp-json\/wp\/v2\/media\/25483"}],"wp:attachment":[{"href":"https:\/\/www.biopapa.de\/lt\/wp-json\/wp\/v2\/media?parent=23788"}],"wp:term":[{"taxonomy":"product_brand","embeddable":true,"href":"https:\/\/www.biopapa.de\/lt\/wp-json\/wp\/v2\/product_brand?post=23788"},{"taxonomy":"product_cat","embeddable":true,"href":"https:\/\/www.biopapa.de\/lt\/wp-json\/wp\/v2\/product_cat?post=23788"},{"taxonomy":"product_tag","embeddable":true,"href":"https:\/\/www.biopapa.de\/lt\/wp-json\/wp\/v2\/product_tag?post=23788"}],"curies":[{"name":"wp","href":"https:\/\/api.w.org\/{rel}","templated":true}]}}