{"id":23796,"date":"2023-02-22T13:01:05","date_gmt":"2023-02-22T11:01:05","guid":{"rendered":"https:\/\/www.biopapa.lt\/?post_type=product&#038;p=23796"},"modified":"2026-04-13T13:39:47","modified_gmt":"2026-04-13T10:39:47","slug":"ekologiski-skrudintu-avizu-miltai","status":"publish","type":"product","link":"https:\/\/www.biopapa.de\/lt\/producte\/ekologiski-skrudintu-avizu-miltai\/","title":{"rendered":"Ekologi\u0161ki skrudint\u0173 avi\u017e\u0173 miltai"},"content":{"rendered":"<p>Ekologi\u0161ki skrudint\u0173 avi\u017e\u0173 miltai tinka kepti sausainius, pyragus, duon\u0105, blynus. Nor\u0117dami pagerinti duonos skon\u012f ir tekst\u016br\u0105, rekomenduojame \u012f te\u0161l\u0105 \u012fmai\u0161yti ir kvietini\u0173 ar rugini\u0173 milt\u0173.<br \/>\nTuri daug skaidulini\u0173 med\u017eiag\u0173.<\/p>\n<p><strong>Avi\u017eos<\/strong>\u00a0(lot.\u00a0<em>Avena Sativa<\/em>) yra i\u0161skirtinis energijos \u0161altinis su puikiu baltym\u0173, angliavandeni\u0173 ir riebal\u0173 balansu. Jose dauguma esan\u010di\u0173 riebal\u0173 \u2013 tai neso\u010diosios riebiosios r\u016bg\u0161tys, tarp kuri\u0173 dominuoja mononeso\u010diosios. Palyginus su kitais javais, avi\u017eos yra turtingos baltym\u0173. Jose yra glitimo, ta\u010diau, tyrimai rodo, kad daugelis kvie\u010di\u0173 glitimui alergi\u0161k\u0173 \u017emoni\u0173 avi\u017eas toleruoja gerai. Kiekvieno \u017emogaus mityboje skaidulos yra svarbus elementas, kadangi jos reikalingos normaliai \u017earnyno veiklai.<\/p>\n","protected":false},"excerpt":{"rendered":"<p>Ekologi\u0161ki skrudint\u0173 avi\u017e\u0173 miltai tinka kepti sausainius, pyragus, duon\u0105, blynus. Nor\u0117dami pagerinti duonos skon\u012f ir tekst\u016br\u0105, rekomenduojame \u012f te\u0161l\u0105 \u012fmai\u0161yti<\/p>\n","protected":false},"featured_media":46269,"template":"","meta":{"_acf_changed":false},"product_brand":[],"product_cat":[1316],"product_tag":[1378],"class_list":{"0":"post-23796","1":"product","2":"type-product","3":"status-publish","4":"has-post-thumbnail","6":"product_cat-ekologiski-miltai","7":"product_tag-veganams","8":"pa_svoris-1-kg","9":"pa_svoris-100-g","10":"pa_svoris-20-kg","11":"pa_svoris-200-g","12":"pa_svoris-300-g","13":"pa_svoris-400-g","14":"pa_svoris-500-g","16":"first","17":"instock","18":"shipping-taxable","19":"purchasable","20":"product-type-variable"},"acf":[],"yoast_head":"<!-- This site is optimized with the Yoast SEO plugin v27.5 - https:\/\/yoast.com\/product\/yoast-seo-wordpress\/ -->\n<title>Ekologi\u0161ki skrudint\u0173 avi\u017e\u0173 miltai - Biopapa<\/title>\n<meta name=\"description\" content=\"Ekologi\u0161ki skrudint\u0173 avi\u017e\u0173 miltai tinka kepti sausainius, pyragus, duon\u0105, blynus.\" \/>\n<meta name=\"robots\" content=\"index, follow, max-snippet:-1, max-image-preview:large, max-video-preview:-1\" \/>\n<link rel=\"canonical\" href=\"https:\/\/www.biopapa.de\/lt\/producte\/ekologiski-skrudintu-avizu-miltai\/\" \/>\n<meta property=\"og:locale\" content=\"lt_LT\" \/>\n<meta property=\"og:type\" content=\"article\" \/>\n<meta property=\"og:title\" content=\"Ekologi\u0161ki skrudint\u0173 avi\u017e\u0173 miltai - Biopapa\" \/>\n<meta property=\"og:description\" content=\"Ekologi\u0161ki skrudint\u0173 avi\u017e\u0173 miltai tinka kepti sausainius, pyragus, duon\u0105, blynus.\" \/>\n<meta property=\"og:url\" content=\"https:\/\/www.biopapa.de\/lt\/producte\/ekologiski-skrudintu-avizu-miltai\/\" \/>\n<meta property=\"og:site_name\" content=\"Biopapa\" \/>\n<meta property=\"article:publisher\" content=\"https:\/\/www.facebook.com\/biopapa.lt\" \/>\n<meta property=\"article:modified_time\" content=\"2026-04-13T10:39:47+00:00\" \/>\n<meta property=\"og:image\" content=\"https:\/\/www.biopapa.de\/wp-content\/uploads\/2023\/02\/Ekologiski-skrudintu-avizu-miltai-2.png.webp\" \/>\n\t<meta property=\"og:image:width\" content=\"800\" \/>\n\t<meta property=\"og:image:height\" content=\"640\" \/>\n\t<meta property=\"og:image:type\" content=\"image\/webp\" \/>\n<meta name=\"twitter:card\" content=\"summary_large_image\" \/>\n<meta name=\"twitter:label1\" content=\"Est. reading time\" \/>\n\t<meta name=\"twitter:data1\" content=\"1 minut\u0117\" \/>\n<script type=\"application\/ld+json\" class=\"yoast-schema-graph\">{\"@context\":\"https:\\\/\\\/schema.org\",\"@graph\":[{\"@type\":\"WebPage\",\"@id\":\"https:\\\/\\\/www.biopapa.de\\\/lt\\\/producte\\\/ekologiski-skrudintu-avizu-miltai\\\/\",\"url\":\"https:\\\/\\\/www.biopapa.de\\\/lt\\\/producte\\\/ekologiski-skrudintu-avizu-miltai\\\/\",\"name\":\"Ekologi\u0161ki skrudint\u0173 avi\u017e\u0173 miltai - Biopapa\",\"isPartOf\":{\"@id\":\"https:\\\/\\\/www.biopapa.de\\\/lt\\\/#website\"},\"primaryImageOfPage\":{\"@id\":\"https:\\\/\\\/www.biopapa.de\\\/lt\\\/producte\\\/ekologiski-skrudintu-avizu-miltai\\\/#primaryimage\"},\"image\":{\"@id\":\"https:\\\/\\\/www.biopapa.de\\\/lt\\\/producte\\\/ekologiski-skrudintu-avizu-miltai\\\/#primaryimage\"},\"thumbnailUrl\":\"https:\\\/\\\/www.biopapa.de\\\/wp-content\\\/uploads\\\/2023\\\/02\\\/Ekologiski-skrudintu-avizu-miltai-2.png.webp\",\"datePublished\":\"2023-02-22T11:01:05+00:00\",\"dateModified\":\"2026-04-13T10:39:47+00:00\",\"description\":\"Ekologi\u0161ki skrudint\u0173 avi\u017e\u0173 miltai tinka kepti sausainius, pyragus, duon\u0105, blynus.\",\"breadcrumb\":{\"@id\":\"https:\\\/\\\/www.biopapa.de\\\/lt\\\/producte\\\/ekologiski-skrudintu-avizu-miltai\\\/#breadcrumb\"},\"inLanguage\":\"lt-LT\",\"potentialAction\":[{\"@type\":\"ReadAction\",\"target\":[\"https:\\\/\\\/www.biopapa.de\\\/lt\\\/producte\\\/ekologiski-skrudintu-avizu-miltai\\\/\"]}]},{\"@type\":\"ImageObject\",\"inLanguage\":\"lt-LT\",\"@id\":\"https:\\\/\\\/www.biopapa.de\\\/lt\\\/producte\\\/ekologiski-skrudintu-avizu-miltai\\\/#primaryimage\",\"url\":\"https:\\\/\\\/www.biopapa.de\\\/wp-content\\\/uploads\\\/2023\\\/02\\\/Ekologiski-skrudintu-avizu-miltai-2.png.webp\",\"contentUrl\":\"https:\\\/\\\/www.biopapa.de\\\/wp-content\\\/uploads\\\/2023\\\/02\\\/Ekologiski-skrudintu-avizu-miltai-2.png.webp\",\"width\":800,\"height\":640,\"caption\":\"Ekologi\u0161ki skrudint\u0173 avi\u017e\u0173 miltai\"},{\"@type\":\"BreadcrumbList\",\"@id\":\"https:\\\/\\\/www.biopapa.de\\\/lt\\\/producte\\\/ekologiski-skrudintu-avizu-miltai\\\/#breadcrumb\",\"itemListElement\":[{\"@type\":\"ListItem\",\"position\":1,\"name\":\"Home\",\"item\":\"https:\\\/\\\/www.biopapa.de\\\/lt\\\/\"},{\"@type\":\"ListItem\",\"position\":2,\"name\":\"Parduotuv\u0117\",\"item\":\"https:\\\/\\\/www.biopapa.de\\\/parduotuve\\\/\"},{\"@type\":\"ListItem\",\"position\":3,\"name\":\"Ekologi\u0161ki skrudint\u0173 avi\u017e\u0173 miltai\"}]},{\"@type\":\"WebSite\",\"@id\":\"https:\\\/\\\/www.biopapa.de\\\/lt\\\/#website\",\"url\":\"https:\\\/\\\/www.biopapa.de\\\/lt\\\/\",\"name\":\"Biopapa\",\"description\":\"\u0160var\u016bs ekologi\u0161ki produktai\",\"publisher\":{\"@id\":\"https:\\\/\\\/www.biopapa.de\\\/lt\\\/#organization\"},\"potentialAction\":[{\"@type\":\"SearchAction\",\"target\":{\"@type\":\"EntryPoint\",\"urlTemplate\":\"https:\\\/\\\/www.biopapa.de\\\/lt\\\/?s={search_term_string}\"},\"query-input\":{\"@type\":\"PropertyValueSpecification\",\"valueRequired\":true,\"valueName\":\"search_term_string\"}}],\"inLanguage\":\"lt-LT\"},{\"@type\":\"Organization\",\"@id\":\"https:\\\/\\\/www.biopapa.de\\\/lt\\\/#organization\",\"name\":\"Biopapa\",\"url\":\"https:\\\/\\\/www.biopapa.de\\\/lt\\\/\",\"logo\":{\"@type\":\"ImageObject\",\"inLanguage\":\"lt-LT\",\"@id\":\"https:\\\/\\\/www.biopapa.de\\\/lt\\\/#\\\/schema\\\/logo\\\/image\\\/\",\"url\":\"https:\\\/\\\/www.biopapa.lt\\\/wp-content\\\/uploads\\\/2022\\\/04\\\/facebook_biopapa.jpg\",\"contentUrl\":\"https:\\\/\\\/www.biopapa.lt\\\/wp-content\\\/uploads\\\/2022\\\/04\\\/facebook_biopapa.jpg\",\"width\":1733,\"height\":907,\"caption\":\"Biopapa\"},\"image\":{\"@id\":\"https:\\\/\\\/www.biopapa.de\\\/lt\\\/#\\\/schema\\\/logo\\\/image\\\/\"},\"sameAs\":[\"https:\\\/\\\/www.facebook.com\\\/biopapa.lt\"]}]}<\/script>\n<!-- \/ Yoast SEO plugin. -->","yoast_head_json":{"title":"Ekologi\u0161ki skrudint\u0173 avi\u017e\u0173 miltai - Biopapa","description":"Ekologi\u0161ki skrudint\u0173 avi\u017e\u0173 miltai tinka kepti sausainius, pyragus, duon\u0105, blynus.","robots":{"index":"index","follow":"follow","max-snippet":"max-snippet:-1","max-image-preview":"max-image-preview:large","max-video-preview":"max-video-preview:-1"},"canonical":"https:\/\/www.biopapa.de\/lt\/producte\/ekologiski-skrudintu-avizu-miltai\/","og_locale":"lt_LT","og_type":"article","og_title":"Ekologi\u0161ki skrudint\u0173 avi\u017e\u0173 miltai - Biopapa","og_description":"Ekologi\u0161ki skrudint\u0173 avi\u017e\u0173 miltai tinka kepti sausainius, pyragus, duon\u0105, blynus.","og_url":"https:\/\/www.biopapa.de\/lt\/producte\/ekologiski-skrudintu-avizu-miltai\/","og_site_name":"Biopapa","article_publisher":"https:\/\/www.facebook.com\/biopapa.lt","article_modified_time":"2026-04-13T10:39:47+00:00","og_image":[{"width":800,"height":640,"url":"https:\/\/www.biopapa.de\/wp-content\/uploads\/2023\/02\/Ekologiski-skrudintu-avizu-miltai-2.png.webp","type":"image\/webp"}],"twitter_card":"summary_large_image","twitter_misc":{"Est. reading time":"1 minut\u0117"},"schema":{"@context":"https:\/\/schema.org","@graph":[{"@type":"WebPage","@id":"https:\/\/www.biopapa.de\/lt\/producte\/ekologiski-skrudintu-avizu-miltai\/","url":"https:\/\/www.biopapa.de\/lt\/producte\/ekologiski-skrudintu-avizu-miltai\/","name":"Ekologi\u0161ki skrudint\u0173 avi\u017e\u0173 miltai - Biopapa","isPartOf":{"@id":"https:\/\/www.biopapa.de\/lt\/#website"},"primaryImageOfPage":{"@id":"https:\/\/www.biopapa.de\/lt\/producte\/ekologiski-skrudintu-avizu-miltai\/#primaryimage"},"image":{"@id":"https:\/\/www.biopapa.de\/lt\/producte\/ekologiski-skrudintu-avizu-miltai\/#primaryimage"},"thumbnailUrl":"https:\/\/www.biopapa.de\/wp-content\/uploads\/2023\/02\/Ekologiski-skrudintu-avizu-miltai-2.png.webp","datePublished":"2023-02-22T11:01:05+00:00","dateModified":"2026-04-13T10:39:47+00:00","description":"Ekologi\u0161ki skrudint\u0173 avi\u017e\u0173 miltai tinka kepti sausainius, pyragus, duon\u0105, blynus.","breadcrumb":{"@id":"https:\/\/www.biopapa.de\/lt\/producte\/ekologiski-skrudintu-avizu-miltai\/#breadcrumb"},"inLanguage":"lt-LT","potentialAction":[{"@type":"ReadAction","target":["https:\/\/www.biopapa.de\/lt\/producte\/ekologiski-skrudintu-avizu-miltai\/"]}]},{"@type":"ImageObject","inLanguage":"lt-LT","@id":"https:\/\/www.biopapa.de\/lt\/producte\/ekologiski-skrudintu-avizu-miltai\/#primaryimage","url":"https:\/\/www.biopapa.de\/wp-content\/uploads\/2023\/02\/Ekologiski-skrudintu-avizu-miltai-2.png.webp","contentUrl":"https:\/\/www.biopapa.de\/wp-content\/uploads\/2023\/02\/Ekologiski-skrudintu-avizu-miltai-2.png.webp","width":800,"height":640,"caption":"Ekologi\u0161ki skrudint\u0173 avi\u017e\u0173 miltai"},{"@type":"BreadcrumbList","@id":"https:\/\/www.biopapa.de\/lt\/producte\/ekologiski-skrudintu-avizu-miltai\/#breadcrumb","itemListElement":[{"@type":"ListItem","position":1,"name":"Home","item":"https:\/\/www.biopapa.de\/lt\/"},{"@type":"ListItem","position":2,"name":"Parduotuv\u0117","item":"https:\/\/www.biopapa.de\/parduotuve\/"},{"@type":"ListItem","position":3,"name":"Ekologi\u0161ki skrudint\u0173 avi\u017e\u0173 miltai"}]},{"@type":"WebSite","@id":"https:\/\/www.biopapa.de\/lt\/#website","url":"https:\/\/www.biopapa.de\/lt\/","name":"Biopapa","description":"\u0160var\u016bs ekologi\u0161ki produktai","publisher":{"@id":"https:\/\/www.biopapa.de\/lt\/#organization"},"potentialAction":[{"@type":"SearchAction","target":{"@type":"EntryPoint","urlTemplate":"https:\/\/www.biopapa.de\/lt\/?s={search_term_string}"},"query-input":{"@type":"PropertyValueSpecification","valueRequired":true,"valueName":"search_term_string"}}],"inLanguage":"lt-LT"},{"@type":"Organization","@id":"https:\/\/www.biopapa.de\/lt\/#organization","name":"Biopapa","url":"https:\/\/www.biopapa.de\/lt\/","logo":{"@type":"ImageObject","inLanguage":"lt-LT","@id":"https:\/\/www.biopapa.de\/lt\/#\/schema\/logo\/image\/","url":"https:\/\/www.biopapa.lt\/wp-content\/uploads\/2022\/04\/facebook_biopapa.jpg","contentUrl":"https:\/\/www.biopapa.lt\/wp-content\/uploads\/2022\/04\/facebook_biopapa.jpg","width":1733,"height":907,"caption":"Biopapa"},"image":{"@id":"https:\/\/www.biopapa.de\/lt\/#\/schema\/logo\/image\/"},"sameAs":["https:\/\/www.facebook.com\/biopapa.lt"]}]}},"_links":{"self":[{"href":"https:\/\/www.biopapa.de\/lt\/wp-json\/wp\/v2\/product\/23796","targetHints":{"allow":["GET"]}}],"collection":[{"href":"https:\/\/www.biopapa.de\/lt\/wp-json\/wp\/v2\/product"}],"about":[{"href":"https:\/\/www.biopapa.de\/lt\/wp-json\/wp\/v2\/types\/product"}],"wp:featuredmedia":[{"embeddable":true,"href":"https:\/\/www.biopapa.de\/lt\/wp-json\/wp\/v2\/media\/46269"}],"wp:attachment":[{"href":"https:\/\/www.biopapa.de\/lt\/wp-json\/wp\/v2\/media?parent=23796"}],"wp:term":[{"taxonomy":"product_brand","embeddable":true,"href":"https:\/\/www.biopapa.de\/lt\/wp-json\/wp\/v2\/product_brand?post=23796"},{"taxonomy":"product_cat","embeddable":true,"href":"https:\/\/www.biopapa.de\/lt\/wp-json\/wp\/v2\/product_cat?post=23796"},{"taxonomy":"product_tag","embeddable":true,"href":"https:\/\/www.biopapa.de\/lt\/wp-json\/wp\/v2\/product_tag?post=23796"}],"curies":[{"name":"wp","href":"https:\/\/api.w.org\/{rel}","templated":true}]}}