{"id":23852,"date":"2023-02-23T12:33:40","date_gmt":"2023-02-23T10:33:40","guid":{"rendered":"https:\/\/www.biopapa.lt\/?post_type=product&#038;p=23852"},"modified":"2026-01-26T16:33:32","modified_gmt":"2026-01-26T14:33:32","slug":"ekologiskas-kakavos-sviestas-diskeliais","status":"publish","type":"product","link":"https:\/\/www.biopapa.de\/lt\/producte\/ekologiskas-kakavos-sviestas-diskeliais\/","title":{"rendered":"Ekologi\u0161kas kakavos sviestas diskeliais"},"content":{"rendered":"<p><strong>Ekologi\u0161kas kakavos sviestas diskeliais<\/strong><br \/>\nNat\u016brali\u0173 supermaisto produkt\u0173 pasaulyje\u00a0kakavos sviestas ir RAW kakavos sviestas\u00a0\u017einomi kaip du prabang\u016bs ingredientai, turintys skirtingus skonius ir didel\u0119 naud\u0105 sveikatai. I\u0161 kakavos pupeli\u0173 gaunami aksominiai gardumynai u\u017esitarnavo ypating\u0105 viet\u0105 vir\u0117j\u0173, sveikatos entuziast\u0173 ir \u0161okolado myl\u0117toj\u0173 \u0161irdyse. Norime atkreipti d\u0117mes\u012f \u012f j\u0173 teikiam\u0105 naud\u0105 sveikatai ir kulinarinius bei k\u016brybi\u0161kus b\u016bdus, kaip maksimaliai i\u0161naudoti \u0161\u012f puik\u0173 sviest\u0105.<\/p>\n<p>Nat\u016brali\u0173 supermaisto produkt\u0173 pasaulyje kakavos sviestas \u017einomas kaip prabangus ingredientas, turintis didel\u0119 naud\u0105 sveikatai. I\u0161 kakavos pupeli\u0173 gaunami aksominiai gardumynai u\u017esitarnavo ypating\u0105 viet\u0105 vir\u0117j\u0173, sveikatos entuziast\u0173 ir \u0161okolado myl\u0117toj\u0173 \u0161irdyse.<\/p>\n<p>Produktas pagamintas i\u0161 ekologi\u0161k\u0173 ingredient\u0173: ekologi\u0161kas \u017ealias kakavos sviestas, gaunamas i\u0161 dehidratuot\u0173, i\u0161luk\u0161tent\u0173, sumalt\u0173 ir rafinuot\u0173 ekologi\u0161k\u0173 kakavos pupeli\u0173, kurios buvo presuotos ekologi\u0161kam kakavos sviestui i\u0161gauti.<\/p>\n<p>Naudojimas<br \/>\nNaudokite i\u0161tirpint\u0105 kakavos sviest\u0105 vietoj kit\u0173 r\u016b\u0161i\u0173 aliejaus ar sviesto receptuose, pvz., sausainiuose, pyraguose ir pyragai\u010diuose.<br \/>\nNorint gauti geriausius rezultatus, naudokite kakavos sviest\u0105 tik kaip dalin\u012f pakaital\u0105, tur\u0117dami omenyje, kad kakavos sviestas sutvirt\u0117ja ir tai gali tur\u0117ti \u012ftakos galutiniam gaminio rezultatui.<\/p>\n<p>PASTABA. \u010cia pateikta informacija negali b\u016bti interpretuojama kaip gydymo ar kitokio pob\u016bd\u017eio sveikatos klausim\u0173 sprendimo rekomendacija. Raginame sprendimus, susijusius su asmenine sveikata, priimti asmeni\u0161kai, \u012fvertinus \u012fvairius informacijos \u0161altinius.<\/p>\n","protected":false},"excerpt":{"rendered":"<p>Ekologi\u0161kas kakavos sviestas diskeliais Nat\u016brali\u0173 supermaisto produkt\u0173 pasaulyje\u00a0kakavos sviestas ir RAW kakavos sviestas\u00a0\u017einomi kaip du prabang\u016bs ingredientai, turintys skirtingus skonius<\/p>\n","protected":false},"featured_media":23886,"template":"","meta":{"_acf_changed":false},"product_brand":[],"product_cat":[1265,1909],"product_tag":[1380,1378,1382],"class_list":{"0":"post-23852","1":"product","2":"type-product","3":"status-publish","4":"has-post-thumbnail","6":"product_cat-ekologiska-kakava-arbata-kava","7":"product_cat-kakava","8":"product_tag-keto-mityba","9":"product_tag-veganams","10":"product_tag-zaliavalgiams","11":"pa_svoris-1-kg","12":"pa_svoris-100-g","13":"pa_svoris-200-g","14":"pa_svoris-300-g","15":"pa_svoris-400-g","16":"pa_svoris-5-kg","17":"pa_svoris-50-g","18":"pa_svoris-500-g","20":"first","21":"instock","22":"shipping-taxable","23":"purchasable","24":"product-type-variable"},"acf":[],"yoast_head":"<!-- This site is optimized with the Yoast SEO plugin v27.5 - https:\/\/yoast.com\/product\/yoast-seo-wordpress\/ -->\n<title>Ekologi\u0161kas kakavos sviestas diskeliais - Biopapa<\/title>\n<meta name=\"description\" content=\"Nat\u016brali\u0173 supermaisto produkt\u0173 pasaulyje kakavos sviestas \u017einomas kaip prabangus ingredientas, turintis didel\u0119 naud\u0105 sveikatai.\" \/>\n<meta name=\"robots\" content=\"index, follow, max-snippet:-1, max-image-preview:large, max-video-preview:-1\" \/>\n<link rel=\"canonical\" href=\"https:\/\/www.biopapa.de\/lt\/producte\/ekologiskas-kakavos-sviestas-diskeliais\/\" \/>\n<meta property=\"og:locale\" content=\"lt_LT\" \/>\n<meta property=\"og:type\" content=\"article\" \/>\n<meta property=\"og:title\" content=\"Ekologi\u0161kas kakavos sviestas diskeliais - Biopapa\" \/>\n<meta property=\"og:description\" content=\"Nat\u016brali\u0173 supermaisto produkt\u0173 pasaulyje kakavos sviestas \u017einomas kaip prabangus ingredientas, turintis didel\u0119 naud\u0105 sveikatai.\" \/>\n<meta property=\"og:url\" content=\"https:\/\/www.biopapa.de\/lt\/producte\/ekologiskas-kakavos-sviestas-diskeliais\/\" \/>\n<meta property=\"og:site_name\" content=\"Biopapa\" \/>\n<meta property=\"article:publisher\" content=\"https:\/\/www.facebook.com\/biopapa.lt\" \/>\n<meta property=\"article:modified_time\" content=\"2026-01-26T14:33:32+00:00\" \/>\n<meta property=\"og:image\" content=\"https:\/\/www.biopapa.de\/wp-content\/uploads\/2023\/02\/Ekologiskas-kakavos-sviestas-diskeliais.jpg\" \/>\n\t<meta property=\"og:image:width\" content=\"800\" \/>\n\t<meta property=\"og:image:height\" content=\"640\" \/>\n\t<meta property=\"og:image:type\" content=\"image\/jpeg\" \/>\n<meta name=\"twitter:card\" content=\"summary_large_image\" \/>\n<meta name=\"twitter:label1\" content=\"Est. reading time\" \/>\n\t<meta name=\"twitter:data1\" content=\"1 minut\u0117\" \/>\n<script type=\"application\/ld+json\" class=\"yoast-schema-graph\">{\"@context\":\"https:\\\/\\\/schema.org\",\"@graph\":[{\"@type\":\"WebPage\",\"@id\":\"https:\\\/\\\/www.biopapa.de\\\/lt\\\/producte\\\/ekologiskas-kakavos-sviestas-diskeliais\\\/\",\"url\":\"https:\\\/\\\/www.biopapa.de\\\/lt\\\/producte\\\/ekologiskas-kakavos-sviestas-diskeliais\\\/\",\"name\":\"Ekologi\u0161kas kakavos sviestas diskeliais - Biopapa\",\"isPartOf\":{\"@id\":\"https:\\\/\\\/www.biopapa.de\\\/lt\\\/#website\"},\"primaryImageOfPage\":{\"@id\":\"https:\\\/\\\/www.biopapa.de\\\/lt\\\/producte\\\/ekologiskas-kakavos-sviestas-diskeliais\\\/#primaryimage\"},\"image\":{\"@id\":\"https:\\\/\\\/www.biopapa.de\\\/lt\\\/producte\\\/ekologiskas-kakavos-sviestas-diskeliais\\\/#primaryimage\"},\"thumbnailUrl\":\"https:\\\/\\\/www.biopapa.de\\\/wp-content\\\/uploads\\\/2023\\\/02\\\/Ekologiskas-kakavos-sviestas-diskeliais.jpg\",\"datePublished\":\"2023-02-23T10:33:40+00:00\",\"dateModified\":\"2026-01-26T14:33:32+00:00\",\"description\":\"Nat\u016brali\u0173 supermaisto produkt\u0173 pasaulyje kakavos sviestas \u017einomas kaip prabangus ingredientas, turintis didel\u0119 naud\u0105 sveikatai.\",\"breadcrumb\":{\"@id\":\"https:\\\/\\\/www.biopapa.de\\\/lt\\\/producte\\\/ekologiskas-kakavos-sviestas-diskeliais\\\/#breadcrumb\"},\"inLanguage\":\"lt-LT\",\"potentialAction\":[{\"@type\":\"ReadAction\",\"target\":[\"https:\\\/\\\/www.biopapa.de\\\/lt\\\/producte\\\/ekologiskas-kakavos-sviestas-diskeliais\\\/\"]}]},{\"@type\":\"ImageObject\",\"inLanguage\":\"lt-LT\",\"@id\":\"https:\\\/\\\/www.biopapa.de\\\/lt\\\/producte\\\/ekologiskas-kakavos-sviestas-diskeliais\\\/#primaryimage\",\"url\":\"https:\\\/\\\/www.biopapa.de\\\/wp-content\\\/uploads\\\/2023\\\/02\\\/Ekologiskas-kakavos-sviestas-diskeliais.jpg\",\"contentUrl\":\"https:\\\/\\\/www.biopapa.de\\\/wp-content\\\/uploads\\\/2023\\\/02\\\/Ekologiskas-kakavos-sviestas-diskeliais.jpg\",\"width\":800,\"height\":640,\"caption\":\"Ekologi\u0161kas kakavos sviestas (RAW), diskeliais\"},{\"@type\":\"BreadcrumbList\",\"@id\":\"https:\\\/\\\/www.biopapa.de\\\/lt\\\/producte\\\/ekologiskas-kakavos-sviestas-diskeliais\\\/#breadcrumb\",\"itemListElement\":[{\"@type\":\"ListItem\",\"position\":1,\"name\":\"Home\",\"item\":\"https:\\\/\\\/www.biopapa.de\\\/lt\\\/\"},{\"@type\":\"ListItem\",\"position\":2,\"name\":\"Parduotuv\u0117\",\"item\":\"https:\\\/\\\/www.biopapa.de\\\/parduotuve\\\/\"},{\"@type\":\"ListItem\",\"position\":3,\"name\":\"Ekologi\u0161kas kakavos sviestas diskeliais\"}]},{\"@type\":\"WebSite\",\"@id\":\"https:\\\/\\\/www.biopapa.de\\\/lt\\\/#website\",\"url\":\"https:\\\/\\\/www.biopapa.de\\\/lt\\\/\",\"name\":\"Biopapa\",\"description\":\"\u0160var\u016bs ekologi\u0161ki produktai\",\"publisher\":{\"@id\":\"https:\\\/\\\/www.biopapa.de\\\/lt\\\/#organization\"},\"potentialAction\":[{\"@type\":\"SearchAction\",\"target\":{\"@type\":\"EntryPoint\",\"urlTemplate\":\"https:\\\/\\\/www.biopapa.de\\\/lt\\\/?s={search_term_string}\"},\"query-input\":{\"@type\":\"PropertyValueSpecification\",\"valueRequired\":true,\"valueName\":\"search_term_string\"}}],\"inLanguage\":\"lt-LT\"},{\"@type\":\"Organization\",\"@id\":\"https:\\\/\\\/www.biopapa.de\\\/lt\\\/#organization\",\"name\":\"Biopapa\",\"url\":\"https:\\\/\\\/www.biopapa.de\\\/lt\\\/\",\"logo\":{\"@type\":\"ImageObject\",\"inLanguage\":\"lt-LT\",\"@id\":\"https:\\\/\\\/www.biopapa.de\\\/lt\\\/#\\\/schema\\\/logo\\\/image\\\/\",\"url\":\"https:\\\/\\\/www.biopapa.lt\\\/wp-content\\\/uploads\\\/2022\\\/04\\\/facebook_biopapa.jpg\",\"contentUrl\":\"https:\\\/\\\/www.biopapa.lt\\\/wp-content\\\/uploads\\\/2022\\\/04\\\/facebook_biopapa.jpg\",\"width\":1733,\"height\":907,\"caption\":\"Biopapa\"},\"image\":{\"@id\":\"https:\\\/\\\/www.biopapa.de\\\/lt\\\/#\\\/schema\\\/logo\\\/image\\\/\"},\"sameAs\":[\"https:\\\/\\\/www.facebook.com\\\/biopapa.lt\"]}]}<\/script>\n<!-- \/ Yoast SEO plugin. -->","yoast_head_json":{"title":"Ekologi\u0161kas kakavos sviestas diskeliais - Biopapa","description":"Nat\u016brali\u0173 supermaisto produkt\u0173 pasaulyje kakavos sviestas \u017einomas kaip prabangus ingredientas, turintis didel\u0119 naud\u0105 sveikatai.","robots":{"index":"index","follow":"follow","max-snippet":"max-snippet:-1","max-image-preview":"max-image-preview:large","max-video-preview":"max-video-preview:-1"},"canonical":"https:\/\/www.biopapa.de\/lt\/producte\/ekologiskas-kakavos-sviestas-diskeliais\/","og_locale":"lt_LT","og_type":"article","og_title":"Ekologi\u0161kas kakavos sviestas diskeliais - Biopapa","og_description":"Nat\u016brali\u0173 supermaisto produkt\u0173 pasaulyje kakavos sviestas \u017einomas kaip prabangus ingredientas, turintis didel\u0119 naud\u0105 sveikatai.","og_url":"https:\/\/www.biopapa.de\/lt\/producte\/ekologiskas-kakavos-sviestas-diskeliais\/","og_site_name":"Biopapa","article_publisher":"https:\/\/www.facebook.com\/biopapa.lt","article_modified_time":"2026-01-26T14:33:32+00:00","og_image":[{"width":800,"height":640,"url":"https:\/\/www.biopapa.de\/wp-content\/uploads\/2023\/02\/Ekologiskas-kakavos-sviestas-diskeliais.jpg","type":"image\/jpeg"}],"twitter_card":"summary_large_image","twitter_misc":{"Est. reading time":"1 minut\u0117"},"schema":{"@context":"https:\/\/schema.org","@graph":[{"@type":"WebPage","@id":"https:\/\/www.biopapa.de\/lt\/producte\/ekologiskas-kakavos-sviestas-diskeliais\/","url":"https:\/\/www.biopapa.de\/lt\/producte\/ekologiskas-kakavos-sviestas-diskeliais\/","name":"Ekologi\u0161kas kakavos sviestas diskeliais - Biopapa","isPartOf":{"@id":"https:\/\/www.biopapa.de\/lt\/#website"},"primaryImageOfPage":{"@id":"https:\/\/www.biopapa.de\/lt\/producte\/ekologiskas-kakavos-sviestas-diskeliais\/#primaryimage"},"image":{"@id":"https:\/\/www.biopapa.de\/lt\/producte\/ekologiskas-kakavos-sviestas-diskeliais\/#primaryimage"},"thumbnailUrl":"https:\/\/www.biopapa.de\/wp-content\/uploads\/2023\/02\/Ekologiskas-kakavos-sviestas-diskeliais.jpg","datePublished":"2023-02-23T10:33:40+00:00","dateModified":"2026-01-26T14:33:32+00:00","description":"Nat\u016brali\u0173 supermaisto produkt\u0173 pasaulyje kakavos sviestas \u017einomas kaip prabangus ingredientas, turintis didel\u0119 naud\u0105 sveikatai.","breadcrumb":{"@id":"https:\/\/www.biopapa.de\/lt\/producte\/ekologiskas-kakavos-sviestas-diskeliais\/#breadcrumb"},"inLanguage":"lt-LT","potentialAction":[{"@type":"ReadAction","target":["https:\/\/www.biopapa.de\/lt\/producte\/ekologiskas-kakavos-sviestas-diskeliais\/"]}]},{"@type":"ImageObject","inLanguage":"lt-LT","@id":"https:\/\/www.biopapa.de\/lt\/producte\/ekologiskas-kakavos-sviestas-diskeliais\/#primaryimage","url":"https:\/\/www.biopapa.de\/wp-content\/uploads\/2023\/02\/Ekologiskas-kakavos-sviestas-diskeliais.jpg","contentUrl":"https:\/\/www.biopapa.de\/wp-content\/uploads\/2023\/02\/Ekologiskas-kakavos-sviestas-diskeliais.jpg","width":800,"height":640,"caption":"Ekologi\u0161kas kakavos sviestas (RAW), diskeliais"},{"@type":"BreadcrumbList","@id":"https:\/\/www.biopapa.de\/lt\/producte\/ekologiskas-kakavos-sviestas-diskeliais\/#breadcrumb","itemListElement":[{"@type":"ListItem","position":1,"name":"Home","item":"https:\/\/www.biopapa.de\/lt\/"},{"@type":"ListItem","position":2,"name":"Parduotuv\u0117","item":"https:\/\/www.biopapa.de\/parduotuve\/"},{"@type":"ListItem","position":3,"name":"Ekologi\u0161kas kakavos sviestas diskeliais"}]},{"@type":"WebSite","@id":"https:\/\/www.biopapa.de\/lt\/#website","url":"https:\/\/www.biopapa.de\/lt\/","name":"Biopapa","description":"\u0160var\u016bs ekologi\u0161ki produktai","publisher":{"@id":"https:\/\/www.biopapa.de\/lt\/#organization"},"potentialAction":[{"@type":"SearchAction","target":{"@type":"EntryPoint","urlTemplate":"https:\/\/www.biopapa.de\/lt\/?s={search_term_string}"},"query-input":{"@type":"PropertyValueSpecification","valueRequired":true,"valueName":"search_term_string"}}],"inLanguage":"lt-LT"},{"@type":"Organization","@id":"https:\/\/www.biopapa.de\/lt\/#organization","name":"Biopapa","url":"https:\/\/www.biopapa.de\/lt\/","logo":{"@type":"ImageObject","inLanguage":"lt-LT","@id":"https:\/\/www.biopapa.de\/lt\/#\/schema\/logo\/image\/","url":"https:\/\/www.biopapa.lt\/wp-content\/uploads\/2022\/04\/facebook_biopapa.jpg","contentUrl":"https:\/\/www.biopapa.lt\/wp-content\/uploads\/2022\/04\/facebook_biopapa.jpg","width":1733,"height":907,"caption":"Biopapa"},"image":{"@id":"https:\/\/www.biopapa.de\/lt\/#\/schema\/logo\/image\/"},"sameAs":["https:\/\/www.facebook.com\/biopapa.lt"]}]}},"_links":{"self":[{"href":"https:\/\/www.biopapa.de\/lt\/wp-json\/wp\/v2\/product\/23852","targetHints":{"allow":["GET"]}}],"collection":[{"href":"https:\/\/www.biopapa.de\/lt\/wp-json\/wp\/v2\/product"}],"about":[{"href":"https:\/\/www.biopapa.de\/lt\/wp-json\/wp\/v2\/types\/product"}],"wp:featuredmedia":[{"embeddable":true,"href":"https:\/\/www.biopapa.de\/lt\/wp-json\/wp\/v2\/media\/23886"}],"wp:attachment":[{"href":"https:\/\/www.biopapa.de\/lt\/wp-json\/wp\/v2\/media?parent=23852"}],"wp:term":[{"taxonomy":"product_brand","embeddable":true,"href":"https:\/\/www.biopapa.de\/lt\/wp-json\/wp\/v2\/product_brand?post=23852"},{"taxonomy":"product_cat","embeddable":true,"href":"https:\/\/www.biopapa.de\/lt\/wp-json\/wp\/v2\/product_cat?post=23852"},{"taxonomy":"product_tag","embeddable":true,"href":"https:\/\/www.biopapa.de\/lt\/wp-json\/wp\/v2\/product_tag?post=23852"}],"curies":[{"name":"wp","href":"https:\/\/api.w.org\/{rel}","templated":true}]}}