{"id":24133,"date":"2023-03-06T14:42:35","date_gmt":"2023-03-06T12:42:35","guid":{"rendered":"https:\/\/www.biopapa.lt\/?post_type=product&#038;p=24133"},"modified":"2025-11-27T13:00:05","modified_gmt":"2025-11-27T11:00:05","slug":"msm-metilsulfonilmetano-milteliai","status":"publish","type":"product","link":"https:\/\/www.biopapa.de\/lt\/producte\/msm-metilsulfonilmetano-milteliai\/","title":{"rendered":"MSM (metilsulfonilmetano) milteliai"},"content":{"rendered":"<p>MSM (metilsulfonilmetanas) milteliai \u2013 tai organinis sieros junginys nat\u016braliai randamas vaisiuose, dar\u017eov\u0117se, gr\u016bduose.<\/p>\n<p>MSM papildai gali palengvnti \u012fvairias su sveikata ir jud\u0117jimu susijusias pasekmes, \u012fskaitant u\u017edegim\u0105, s\u0105nari\u0173\/raumen\u0173 skausm\u0105, oksidacin\u012f stres\u0105 ir antioksidacin\u012f paj\u0117gum\u0105.<\/p>\n<p>Rekomenduojama paros norma yra 3-6 g (1-2 arbatiniai \u0161auk\u0161teliai). I\u0161mai\u0161yti vandenyje, sultyse arba arbatoje ir i\u0161gerti.<\/p>\n<p><em>PASTABA. \u010cia pateikiama informacija negali b\u016bti interpretuojama kaip gydymo ar kitokio pob\u016bd\u017eio sveikatos klausim\u0173 sprendimo rekomendacija. Raginame sprendimus, susijusius su asmenine sveikata, priimti asmeni\u0161kai, \u012fvertinus \u012fvairius informacijos \u0161altinius.<\/em><\/p>\n","protected":false},"excerpt":{"rendered":"<p>MSM (metilsulfonilmetanas) milteliai \u2013 tai organinis sieros junginys nat\u016braliai randamas vaisiuose, dar\u017eov\u0117se, gr\u016bduose. MSM papildai gali palengvnti \u012fvairias su sveikata<\/p>\n","protected":false},"featured_media":24518,"template":"","meta":{"_acf_changed":false},"product_brand":[],"product_cat":[1216,2349],"product_tag":[1378],"class_list":{"0":"post-24133","1":"product","2":"type-product","3":"status-publish","4":"has-post-thumbnail","6":"product_cat-augalinis-supermaistas","7":"product_cat-milteliai","8":"product_tag-veganams","9":"pa_svoris-1-kg","10":"pa_svoris-100-g","11":"pa_svoris-200-g","12":"pa_svoris-30-g","13":"pa_svoris-300-g","14":"pa_svoris-400-g","15":"pa_svoris-50-g","16":"pa_svoris-500-g","18":"first","19":"instock","20":"shipping-taxable","21":"purchasable","22":"product-type-variable"},"acf":[],"yoast_head":"<!-- This site is optimized with the Yoast SEO plugin v27.5 - https:\/\/yoast.com\/product\/yoast-seo-wordpress\/ -->\n<title>MSM (metilsulfonilmetano) milteliai - Biopapa<\/title>\n<meta name=\"description\" content=\"MSM papildai gali palengvnti \u012fvairias su sveikata ir jud\u0117jimu susijusias pasekmes, \u012fskaitant u\u017edegim\u0105, s\u0105nari\u0173\/raumen\u0173 skausm\u0105, oksidacin\u012f stres\u0105.\" \/>\n<meta name=\"robots\" content=\"index, follow, max-snippet:-1, max-image-preview:large, max-video-preview:-1\" \/>\n<link rel=\"canonical\" href=\"https:\/\/www.biopapa.de\/lt\/producte\/msm-metilsulfonilmetano-milteliai\/\" \/>\n<meta property=\"og:locale\" content=\"lt_LT\" \/>\n<meta property=\"og:type\" content=\"article\" \/>\n<meta property=\"og:title\" content=\"MSM (metilsulfonilmetano) milteliai - Biopapa\" \/>\n<meta property=\"og:description\" content=\"MSM papildai gali palengvnti \u012fvairias su sveikata ir jud\u0117jimu susijusias pasekmes, \u012fskaitant u\u017edegim\u0105, s\u0105nari\u0173\/raumen\u0173 skausm\u0105, oksidacin\u012f stres\u0105.\" \/>\n<meta property=\"og:url\" content=\"https:\/\/www.biopapa.de\/lt\/producte\/msm-metilsulfonilmetano-milteliai\/\" \/>\n<meta property=\"og:site_name\" content=\"Biopapa\" \/>\n<meta property=\"article:publisher\" content=\"https:\/\/www.facebook.com\/biopapa.lt\" \/>\n<meta property=\"article:modified_time\" content=\"2025-11-27T11:00:05+00:00\" \/>\n<meta property=\"og:image\" content=\"https:\/\/www.biopapa.de\/wp-content\/uploads\/2023\/03\/MSM-1.png\" \/>\n\t<meta property=\"og:image:width\" content=\"800\" \/>\n\t<meta property=\"og:image:height\" content=\"640\" \/>\n\t<meta property=\"og:image:type\" content=\"image\/png\" \/>\n<meta name=\"twitter:card\" content=\"summary_large_image\" \/>\n<script type=\"application\/ld+json\" class=\"yoast-schema-graph\">{\"@context\":\"https:\\\/\\\/schema.org\",\"@graph\":[{\"@type\":\"WebPage\",\"@id\":\"https:\\\/\\\/www.biopapa.de\\\/lt\\\/producte\\\/msm-metilsulfonilmetano-milteliai\\\/\",\"url\":\"https:\\\/\\\/www.biopapa.de\\\/lt\\\/producte\\\/msm-metilsulfonilmetano-milteliai\\\/\",\"name\":\"MSM (metilsulfonilmetano) milteliai - Biopapa\",\"isPartOf\":{\"@id\":\"https:\\\/\\\/www.biopapa.de\\\/lt\\\/#website\"},\"primaryImageOfPage\":{\"@id\":\"https:\\\/\\\/www.biopapa.de\\\/lt\\\/producte\\\/msm-metilsulfonilmetano-milteliai\\\/#primaryimage\"},\"image\":{\"@id\":\"https:\\\/\\\/www.biopapa.de\\\/lt\\\/producte\\\/msm-metilsulfonilmetano-milteliai\\\/#primaryimage\"},\"thumbnailUrl\":\"https:\\\/\\\/www.biopapa.de\\\/wp-content\\\/uploads\\\/2023\\\/03\\\/MSM-1.png\",\"datePublished\":\"2023-03-06T12:42:35+00:00\",\"dateModified\":\"2025-11-27T11:00:05+00:00\",\"description\":\"MSM papildai gali palengvnti \u012fvairias su sveikata ir jud\u0117jimu susijusias pasekmes, \u012fskaitant u\u017edegim\u0105, s\u0105nari\u0173\\\/raumen\u0173 skausm\u0105, oksidacin\u012f stres\u0105.\",\"breadcrumb\":{\"@id\":\"https:\\\/\\\/www.biopapa.de\\\/lt\\\/producte\\\/msm-metilsulfonilmetano-milteliai\\\/#breadcrumb\"},\"inLanguage\":\"lt-LT\",\"potentialAction\":[{\"@type\":\"ReadAction\",\"target\":[\"https:\\\/\\\/www.biopapa.de\\\/lt\\\/producte\\\/msm-metilsulfonilmetano-milteliai\\\/\"]}]},{\"@type\":\"ImageObject\",\"inLanguage\":\"lt-LT\",\"@id\":\"https:\\\/\\\/www.biopapa.de\\\/lt\\\/producte\\\/msm-metilsulfonilmetano-milteliai\\\/#primaryimage\",\"url\":\"https:\\\/\\\/www.biopapa.de\\\/wp-content\\\/uploads\\\/2023\\\/03\\\/MSM-1.png\",\"contentUrl\":\"https:\\\/\\\/www.biopapa.de\\\/wp-content\\\/uploads\\\/2023\\\/03\\\/MSM-1.png\",\"width\":800,\"height\":640,\"caption\":\"MSM (metilsulfonilmetano) milteliai\"},{\"@type\":\"BreadcrumbList\",\"@id\":\"https:\\\/\\\/www.biopapa.de\\\/lt\\\/producte\\\/msm-metilsulfonilmetano-milteliai\\\/#breadcrumb\",\"itemListElement\":[{\"@type\":\"ListItem\",\"position\":1,\"name\":\"Home\",\"item\":\"https:\\\/\\\/www.biopapa.de\\\/lt\\\/\"},{\"@type\":\"ListItem\",\"position\":2,\"name\":\"Parduotuv\u0117\",\"item\":\"https:\\\/\\\/www.biopapa.de\\\/parduotuve\\\/\"},{\"@type\":\"ListItem\",\"position\":3,\"name\":\"MSM (metilsulfonilmetano) milteliai\"}]},{\"@type\":\"WebSite\",\"@id\":\"https:\\\/\\\/www.biopapa.de\\\/lt\\\/#website\",\"url\":\"https:\\\/\\\/www.biopapa.de\\\/lt\\\/\",\"name\":\"Biopapa\",\"description\":\"\u0160var\u016bs ekologi\u0161ki produktai\",\"publisher\":{\"@id\":\"https:\\\/\\\/www.biopapa.de\\\/lt\\\/#organization\"},\"potentialAction\":[{\"@type\":\"SearchAction\",\"target\":{\"@type\":\"EntryPoint\",\"urlTemplate\":\"https:\\\/\\\/www.biopapa.de\\\/lt\\\/?s={search_term_string}\"},\"query-input\":{\"@type\":\"PropertyValueSpecification\",\"valueRequired\":true,\"valueName\":\"search_term_string\"}}],\"inLanguage\":\"lt-LT\"},{\"@type\":\"Organization\",\"@id\":\"https:\\\/\\\/www.biopapa.de\\\/lt\\\/#organization\",\"name\":\"Biopapa\",\"url\":\"https:\\\/\\\/www.biopapa.de\\\/lt\\\/\",\"logo\":{\"@type\":\"ImageObject\",\"inLanguage\":\"lt-LT\",\"@id\":\"https:\\\/\\\/www.biopapa.de\\\/lt\\\/#\\\/schema\\\/logo\\\/image\\\/\",\"url\":\"https:\\\/\\\/www.biopapa.lt\\\/wp-content\\\/uploads\\\/2022\\\/04\\\/facebook_biopapa.jpg\",\"contentUrl\":\"https:\\\/\\\/www.biopapa.lt\\\/wp-content\\\/uploads\\\/2022\\\/04\\\/facebook_biopapa.jpg\",\"width\":1733,\"height\":907,\"caption\":\"Biopapa\"},\"image\":{\"@id\":\"https:\\\/\\\/www.biopapa.de\\\/lt\\\/#\\\/schema\\\/logo\\\/image\\\/\"},\"sameAs\":[\"https:\\\/\\\/www.facebook.com\\\/biopapa.lt\"]}]}<\/script>\n<!-- \/ Yoast SEO plugin. -->","yoast_head_json":{"title":"MSM (metilsulfonilmetano) milteliai - Biopapa","description":"MSM papildai gali palengvnti \u012fvairias su sveikata ir jud\u0117jimu susijusias pasekmes, \u012fskaitant u\u017edegim\u0105, s\u0105nari\u0173\/raumen\u0173 skausm\u0105, oksidacin\u012f stres\u0105.","robots":{"index":"index","follow":"follow","max-snippet":"max-snippet:-1","max-image-preview":"max-image-preview:large","max-video-preview":"max-video-preview:-1"},"canonical":"https:\/\/www.biopapa.de\/lt\/producte\/msm-metilsulfonilmetano-milteliai\/","og_locale":"lt_LT","og_type":"article","og_title":"MSM (metilsulfonilmetano) milteliai - Biopapa","og_description":"MSM papildai gali palengvnti \u012fvairias su sveikata ir jud\u0117jimu susijusias pasekmes, \u012fskaitant u\u017edegim\u0105, s\u0105nari\u0173\/raumen\u0173 skausm\u0105, oksidacin\u012f stres\u0105.","og_url":"https:\/\/www.biopapa.de\/lt\/producte\/msm-metilsulfonilmetano-milteliai\/","og_site_name":"Biopapa","article_publisher":"https:\/\/www.facebook.com\/biopapa.lt","article_modified_time":"2025-11-27T11:00:05+00:00","og_image":[{"width":800,"height":640,"url":"https:\/\/www.biopapa.de\/wp-content\/uploads\/2023\/03\/MSM-1.png","type":"image\/png"}],"twitter_card":"summary_large_image","schema":{"@context":"https:\/\/schema.org","@graph":[{"@type":"WebPage","@id":"https:\/\/www.biopapa.de\/lt\/producte\/msm-metilsulfonilmetano-milteliai\/","url":"https:\/\/www.biopapa.de\/lt\/producte\/msm-metilsulfonilmetano-milteliai\/","name":"MSM (metilsulfonilmetano) milteliai - Biopapa","isPartOf":{"@id":"https:\/\/www.biopapa.de\/lt\/#website"},"primaryImageOfPage":{"@id":"https:\/\/www.biopapa.de\/lt\/producte\/msm-metilsulfonilmetano-milteliai\/#primaryimage"},"image":{"@id":"https:\/\/www.biopapa.de\/lt\/producte\/msm-metilsulfonilmetano-milteliai\/#primaryimage"},"thumbnailUrl":"https:\/\/www.biopapa.de\/wp-content\/uploads\/2023\/03\/MSM-1.png","datePublished":"2023-03-06T12:42:35+00:00","dateModified":"2025-11-27T11:00:05+00:00","description":"MSM papildai gali palengvnti \u012fvairias su sveikata ir jud\u0117jimu susijusias pasekmes, \u012fskaitant u\u017edegim\u0105, s\u0105nari\u0173\/raumen\u0173 skausm\u0105, oksidacin\u012f stres\u0105.","breadcrumb":{"@id":"https:\/\/www.biopapa.de\/lt\/producte\/msm-metilsulfonilmetano-milteliai\/#breadcrumb"},"inLanguage":"lt-LT","potentialAction":[{"@type":"ReadAction","target":["https:\/\/www.biopapa.de\/lt\/producte\/msm-metilsulfonilmetano-milteliai\/"]}]},{"@type":"ImageObject","inLanguage":"lt-LT","@id":"https:\/\/www.biopapa.de\/lt\/producte\/msm-metilsulfonilmetano-milteliai\/#primaryimage","url":"https:\/\/www.biopapa.de\/wp-content\/uploads\/2023\/03\/MSM-1.png","contentUrl":"https:\/\/www.biopapa.de\/wp-content\/uploads\/2023\/03\/MSM-1.png","width":800,"height":640,"caption":"MSM (metilsulfonilmetano) milteliai"},{"@type":"BreadcrumbList","@id":"https:\/\/www.biopapa.de\/lt\/producte\/msm-metilsulfonilmetano-milteliai\/#breadcrumb","itemListElement":[{"@type":"ListItem","position":1,"name":"Home","item":"https:\/\/www.biopapa.de\/lt\/"},{"@type":"ListItem","position":2,"name":"Parduotuv\u0117","item":"https:\/\/www.biopapa.de\/parduotuve\/"},{"@type":"ListItem","position":3,"name":"MSM (metilsulfonilmetano) milteliai"}]},{"@type":"WebSite","@id":"https:\/\/www.biopapa.de\/lt\/#website","url":"https:\/\/www.biopapa.de\/lt\/","name":"Biopapa","description":"\u0160var\u016bs ekologi\u0161ki produktai","publisher":{"@id":"https:\/\/www.biopapa.de\/lt\/#organization"},"potentialAction":[{"@type":"SearchAction","target":{"@type":"EntryPoint","urlTemplate":"https:\/\/www.biopapa.de\/lt\/?s={search_term_string}"},"query-input":{"@type":"PropertyValueSpecification","valueRequired":true,"valueName":"search_term_string"}}],"inLanguage":"lt-LT"},{"@type":"Organization","@id":"https:\/\/www.biopapa.de\/lt\/#organization","name":"Biopapa","url":"https:\/\/www.biopapa.de\/lt\/","logo":{"@type":"ImageObject","inLanguage":"lt-LT","@id":"https:\/\/www.biopapa.de\/lt\/#\/schema\/logo\/image\/","url":"https:\/\/www.biopapa.lt\/wp-content\/uploads\/2022\/04\/facebook_biopapa.jpg","contentUrl":"https:\/\/www.biopapa.lt\/wp-content\/uploads\/2022\/04\/facebook_biopapa.jpg","width":1733,"height":907,"caption":"Biopapa"},"image":{"@id":"https:\/\/www.biopapa.de\/lt\/#\/schema\/logo\/image\/"},"sameAs":["https:\/\/www.facebook.com\/biopapa.lt"]}]}},"_links":{"self":[{"href":"https:\/\/www.biopapa.de\/lt\/wp-json\/wp\/v2\/product\/24133","targetHints":{"allow":["GET"]}}],"collection":[{"href":"https:\/\/www.biopapa.de\/lt\/wp-json\/wp\/v2\/product"}],"about":[{"href":"https:\/\/www.biopapa.de\/lt\/wp-json\/wp\/v2\/types\/product"}],"wp:featuredmedia":[{"embeddable":true,"href":"https:\/\/www.biopapa.de\/lt\/wp-json\/wp\/v2\/media\/24518"}],"wp:attachment":[{"href":"https:\/\/www.biopapa.de\/lt\/wp-json\/wp\/v2\/media?parent=24133"}],"wp:term":[{"taxonomy":"product_brand","embeddable":true,"href":"https:\/\/www.biopapa.de\/lt\/wp-json\/wp\/v2\/product_brand?post=24133"},{"taxonomy":"product_cat","embeddable":true,"href":"https:\/\/www.biopapa.de\/lt\/wp-json\/wp\/v2\/product_cat?post=24133"},{"taxonomy":"product_tag","embeddable":true,"href":"https:\/\/www.biopapa.de\/lt\/wp-json\/wp\/v2\/product_tag?post=24133"}],"curies":[{"name":"wp","href":"https:\/\/api.w.org\/{rel}","templated":true}]}}