{"id":24674,"date":"2023-03-23T11:54:49","date_gmt":"2023-03-23T09:54:49","guid":{"rendered":"https:\/\/www.biopapa.lt\/?post_type=product&#038;p=24674"},"modified":"2026-02-12T09:50:24","modified_gmt":"2026-02-12T07:50:24","slug":"ekologiskas-provanso-zoleliu-misinys","status":"publish","type":"product","link":"https:\/\/www.biopapa.de\/lt\/producte\/ekologiskas-provanso-zoleliu-misinys\/","title":{"rendered":"Ekologi\u0161kas Provanso \u017eoleli\u0173 mi\u0161inys"},"content":{"rendered":"<p>Aromatingas<strong> Provanso \u017eoleli\u0173 mi\u0161inys<\/strong>, sudarytas i\u0161 kruop\u0161\u010diai atrinkt\u0173 d\u017eiovint\u0173 \u017eoleli\u0173: da\u0161io, pankolio, raudon\u0117lio, rozmarino ir \u010diobrelio. \u0160is derinys pasi\u017eymi \u0161iltu, \u0161iek tiek salstel\u0117jusiu ir gaiviu aromatu, b\u016bdingu Vidur\u017eemio j\u016bros virtuvei.<br \/>\nDa\u0161is ir raudon\u0117lis suteikia intensyv\u0173 \u017eoleli\u0173 skon\u012f, pankolis \u2013 lengv\u0105 any\u017ei\u0173 nat\u0105, o rozmarinas ir \u010diobrelis praturtina mi\u0161in\u012f sakrali\u0161ku, mi\u0161ko aromatu. Mi\u0161inys puikiai pabr\u0117\u017eia nat\u016bral\u0173 patiekal\u0173 skon\u012f ir suteikia jiems i\u0161rai\u0161king\u0105, bet subalansuot\u0105 charakter\u012f.<br \/>\nTinka gardinti keptas ir tro\u0161kintas dar\u017eoves, bulves, ry\u017eius, ank\u0161tinius, sriubas, tro\u0161kinius, pada\u017eus, pic\u0105, focaccia, duonos gaminius<br \/>\nPuikiai dera su alyvuogi\u0173 aliejumi, \u010desnaku, citrina. Rekomenduojama berti gaminimo prad\u017eioje arba \u012f marinatus.<\/p>\n<p>&nbsp;<\/p>\n<p>&nbsp;<\/p>\n","protected":false},"excerpt":{"rendered":"<p>Aromatingas Provanso \u017eoleli\u0173 mi\u0161inys, sudarytas i\u0161 kruop\u0161\u010diai atrinkt\u0173 d\u017eiovint\u0173 \u017eoleli\u0173: da\u0161io, pankolio, raudon\u0117lio, rozmarino ir \u010diobrelio. \u0160is derinys pasi\u017eymi \u0161iltu,<\/p>\n","protected":false},"featured_media":25112,"template":"","meta":{"_acf_changed":false},"product_brand":[],"product_cat":[1315],"product_tag":[1378],"class_list":{"0":"post-24674","1":"product","2":"type-product","3":"status-publish","4":"has-post-thumbnail","6":"product_cat-ekologiski-prieskoniai","7":"product_tag-veganams","8":"pa_svoris-1-kg","9":"pa_svoris-100-g","10":"pa_svoris-200-g","11":"pa_svoris-25-g","12":"pa_svoris-300-g","13":"pa_svoris-400-g","14":"pa_svoris-50-g","15":"pa_svoris-500-g","17":"first","18":"instock","19":"shipping-taxable","20":"purchasable","21":"product-type-variable"},"acf":[],"yoast_head":"<!-- This site is optimized with the Yoast SEO plugin v27.5 - https:\/\/yoast.com\/product\/yoast-seo-wordpress\/ -->\n<title>Ekologi\u0161kas Provanso \u017eoleli\u0173 mi\u0161inys - Biopapa<\/title>\n<meta name=\"description\" content=\"Ekologi\u0161kas Provanso \u017eoleli\u0173 mi\u0161inys puikiai tinka daugybei recept\u0173.\" \/>\n<meta name=\"robots\" content=\"index, follow, max-snippet:-1, max-image-preview:large, max-video-preview:-1\" \/>\n<link rel=\"canonical\" href=\"https:\/\/www.biopapa.de\/lt\/producte\/ekologiskas-provanso-zoleliu-misinys\/\" \/>\n<meta property=\"og:locale\" content=\"lt_LT\" \/>\n<meta property=\"og:type\" content=\"article\" \/>\n<meta property=\"og:title\" content=\"Ekologi\u0161kas Provanso \u017eoleli\u0173 mi\u0161inys - Biopapa\" \/>\n<meta property=\"og:description\" content=\"Ekologi\u0161kas Provanso \u017eoleli\u0173 mi\u0161inys puikiai tinka daugybei recept\u0173.\" \/>\n<meta property=\"og:url\" content=\"https:\/\/www.biopapa.de\/lt\/producte\/ekologiskas-provanso-zoleliu-misinys\/\" \/>\n<meta property=\"og:site_name\" content=\"Biopapa\" \/>\n<meta property=\"article:publisher\" content=\"https:\/\/www.facebook.com\/biopapa.lt\" \/>\n<meta property=\"article:modified_time\" content=\"2026-02-12T07:50:24+00:00\" \/>\n<meta property=\"og:image\" content=\"https:\/\/www.biopapa.de\/wp-content\/uploads\/2023\/03\/Ekologiskas-Provanso-zoleliu-misinys.png\" \/>\n\t<meta property=\"og:image:width\" content=\"800\" \/>\n\t<meta property=\"og:image:height\" content=\"640\" \/>\n\t<meta property=\"og:image:type\" content=\"image\/png\" \/>\n<meta name=\"twitter:card\" content=\"summary_large_image\" \/>\n<meta name=\"twitter:label1\" content=\"Est. reading time\" \/>\n\t<meta name=\"twitter:data1\" content=\"1 minut\u0117\" \/>\n<script type=\"application\/ld+json\" class=\"yoast-schema-graph\">{\"@context\":\"https:\\\/\\\/schema.org\",\"@graph\":[{\"@type\":\"WebPage\",\"@id\":\"https:\\\/\\\/www.biopapa.de\\\/lt\\\/producte\\\/ekologiskas-provanso-zoleliu-misinys\\\/\",\"url\":\"https:\\\/\\\/www.biopapa.de\\\/lt\\\/producte\\\/ekologiskas-provanso-zoleliu-misinys\\\/\",\"name\":\"Ekologi\u0161kas Provanso \u017eoleli\u0173 mi\u0161inys - Biopapa\",\"isPartOf\":{\"@id\":\"https:\\\/\\\/www.biopapa.de\\\/lt\\\/#website\"},\"primaryImageOfPage\":{\"@id\":\"https:\\\/\\\/www.biopapa.de\\\/lt\\\/producte\\\/ekologiskas-provanso-zoleliu-misinys\\\/#primaryimage\"},\"image\":{\"@id\":\"https:\\\/\\\/www.biopapa.de\\\/lt\\\/producte\\\/ekologiskas-provanso-zoleliu-misinys\\\/#primaryimage\"},\"thumbnailUrl\":\"https:\\\/\\\/www.biopapa.de\\\/wp-content\\\/uploads\\\/2023\\\/03\\\/Ekologiskas-Provanso-zoleliu-misinys.png\",\"datePublished\":\"2023-03-23T09:54:49+00:00\",\"dateModified\":\"2026-02-12T07:50:24+00:00\",\"description\":\"Ekologi\u0161kas Provanso \u017eoleli\u0173 mi\u0161inys puikiai tinka daugybei recept\u0173.\",\"breadcrumb\":{\"@id\":\"https:\\\/\\\/www.biopapa.de\\\/lt\\\/producte\\\/ekologiskas-provanso-zoleliu-misinys\\\/#breadcrumb\"},\"inLanguage\":\"lt-LT\",\"potentialAction\":[{\"@type\":\"ReadAction\",\"target\":[\"https:\\\/\\\/www.biopapa.de\\\/lt\\\/producte\\\/ekologiskas-provanso-zoleliu-misinys\\\/\"]}]},{\"@type\":\"ImageObject\",\"inLanguage\":\"lt-LT\",\"@id\":\"https:\\\/\\\/www.biopapa.de\\\/lt\\\/producte\\\/ekologiskas-provanso-zoleliu-misinys\\\/#primaryimage\",\"url\":\"https:\\\/\\\/www.biopapa.de\\\/wp-content\\\/uploads\\\/2023\\\/03\\\/Ekologiskas-Provanso-zoleliu-misinys.png\",\"contentUrl\":\"https:\\\/\\\/www.biopapa.de\\\/wp-content\\\/uploads\\\/2023\\\/03\\\/Ekologiskas-Provanso-zoleliu-misinys.png\",\"width\":800,\"height\":640},{\"@type\":\"BreadcrumbList\",\"@id\":\"https:\\\/\\\/www.biopapa.de\\\/lt\\\/producte\\\/ekologiskas-provanso-zoleliu-misinys\\\/#breadcrumb\",\"itemListElement\":[{\"@type\":\"ListItem\",\"position\":1,\"name\":\"Home\",\"item\":\"https:\\\/\\\/www.biopapa.de\\\/lt\\\/\"},{\"@type\":\"ListItem\",\"position\":2,\"name\":\"Parduotuv\u0117\",\"item\":\"https:\\\/\\\/www.biopapa.de\\\/parduotuve\\\/\"},{\"@type\":\"ListItem\",\"position\":3,\"name\":\"Ekologi\u0161kas Provanso \u017eoleli\u0173 mi\u0161inys\"}]},{\"@type\":\"WebSite\",\"@id\":\"https:\\\/\\\/www.biopapa.de\\\/lt\\\/#website\",\"url\":\"https:\\\/\\\/www.biopapa.de\\\/lt\\\/\",\"name\":\"Biopapa\",\"description\":\"\u0160var\u016bs ekologi\u0161ki produktai\",\"publisher\":{\"@id\":\"https:\\\/\\\/www.biopapa.de\\\/lt\\\/#organization\"},\"potentialAction\":[{\"@type\":\"SearchAction\",\"target\":{\"@type\":\"EntryPoint\",\"urlTemplate\":\"https:\\\/\\\/www.biopapa.de\\\/lt\\\/?s={search_term_string}\"},\"query-input\":{\"@type\":\"PropertyValueSpecification\",\"valueRequired\":true,\"valueName\":\"search_term_string\"}}],\"inLanguage\":\"lt-LT\"},{\"@type\":\"Organization\",\"@id\":\"https:\\\/\\\/www.biopapa.de\\\/lt\\\/#organization\",\"name\":\"Biopapa\",\"url\":\"https:\\\/\\\/www.biopapa.de\\\/lt\\\/\",\"logo\":{\"@type\":\"ImageObject\",\"inLanguage\":\"lt-LT\",\"@id\":\"https:\\\/\\\/www.biopapa.de\\\/lt\\\/#\\\/schema\\\/logo\\\/image\\\/\",\"url\":\"https:\\\/\\\/www.biopapa.lt\\\/wp-content\\\/uploads\\\/2022\\\/04\\\/facebook_biopapa.jpg\",\"contentUrl\":\"https:\\\/\\\/www.biopapa.lt\\\/wp-content\\\/uploads\\\/2022\\\/04\\\/facebook_biopapa.jpg\",\"width\":1733,\"height\":907,\"caption\":\"Biopapa\"},\"image\":{\"@id\":\"https:\\\/\\\/www.biopapa.de\\\/lt\\\/#\\\/schema\\\/logo\\\/image\\\/\"},\"sameAs\":[\"https:\\\/\\\/www.facebook.com\\\/biopapa.lt\"]}]}<\/script>\n<!-- \/ Yoast SEO plugin. -->","yoast_head_json":{"title":"Ekologi\u0161kas Provanso \u017eoleli\u0173 mi\u0161inys - Biopapa","description":"Ekologi\u0161kas Provanso \u017eoleli\u0173 mi\u0161inys puikiai tinka daugybei recept\u0173.","robots":{"index":"index","follow":"follow","max-snippet":"max-snippet:-1","max-image-preview":"max-image-preview:large","max-video-preview":"max-video-preview:-1"},"canonical":"https:\/\/www.biopapa.de\/lt\/producte\/ekologiskas-provanso-zoleliu-misinys\/","og_locale":"lt_LT","og_type":"article","og_title":"Ekologi\u0161kas Provanso \u017eoleli\u0173 mi\u0161inys - Biopapa","og_description":"Ekologi\u0161kas Provanso \u017eoleli\u0173 mi\u0161inys puikiai tinka daugybei recept\u0173.","og_url":"https:\/\/www.biopapa.de\/lt\/producte\/ekologiskas-provanso-zoleliu-misinys\/","og_site_name":"Biopapa","article_publisher":"https:\/\/www.facebook.com\/biopapa.lt","article_modified_time":"2026-02-12T07:50:24+00:00","og_image":[{"width":800,"height":640,"url":"https:\/\/www.biopapa.de\/wp-content\/uploads\/2023\/03\/Ekologiskas-Provanso-zoleliu-misinys.png","type":"image\/png"}],"twitter_card":"summary_large_image","twitter_misc":{"Est. reading time":"1 minut\u0117"},"schema":{"@context":"https:\/\/schema.org","@graph":[{"@type":"WebPage","@id":"https:\/\/www.biopapa.de\/lt\/producte\/ekologiskas-provanso-zoleliu-misinys\/","url":"https:\/\/www.biopapa.de\/lt\/producte\/ekologiskas-provanso-zoleliu-misinys\/","name":"Ekologi\u0161kas Provanso \u017eoleli\u0173 mi\u0161inys - Biopapa","isPartOf":{"@id":"https:\/\/www.biopapa.de\/lt\/#website"},"primaryImageOfPage":{"@id":"https:\/\/www.biopapa.de\/lt\/producte\/ekologiskas-provanso-zoleliu-misinys\/#primaryimage"},"image":{"@id":"https:\/\/www.biopapa.de\/lt\/producte\/ekologiskas-provanso-zoleliu-misinys\/#primaryimage"},"thumbnailUrl":"https:\/\/www.biopapa.de\/wp-content\/uploads\/2023\/03\/Ekologiskas-Provanso-zoleliu-misinys.png","datePublished":"2023-03-23T09:54:49+00:00","dateModified":"2026-02-12T07:50:24+00:00","description":"Ekologi\u0161kas Provanso \u017eoleli\u0173 mi\u0161inys puikiai tinka daugybei recept\u0173.","breadcrumb":{"@id":"https:\/\/www.biopapa.de\/lt\/producte\/ekologiskas-provanso-zoleliu-misinys\/#breadcrumb"},"inLanguage":"lt-LT","potentialAction":[{"@type":"ReadAction","target":["https:\/\/www.biopapa.de\/lt\/producte\/ekologiskas-provanso-zoleliu-misinys\/"]}]},{"@type":"ImageObject","inLanguage":"lt-LT","@id":"https:\/\/www.biopapa.de\/lt\/producte\/ekologiskas-provanso-zoleliu-misinys\/#primaryimage","url":"https:\/\/www.biopapa.de\/wp-content\/uploads\/2023\/03\/Ekologiskas-Provanso-zoleliu-misinys.png","contentUrl":"https:\/\/www.biopapa.de\/wp-content\/uploads\/2023\/03\/Ekologiskas-Provanso-zoleliu-misinys.png","width":800,"height":640},{"@type":"BreadcrumbList","@id":"https:\/\/www.biopapa.de\/lt\/producte\/ekologiskas-provanso-zoleliu-misinys\/#breadcrumb","itemListElement":[{"@type":"ListItem","position":1,"name":"Home","item":"https:\/\/www.biopapa.de\/lt\/"},{"@type":"ListItem","position":2,"name":"Parduotuv\u0117","item":"https:\/\/www.biopapa.de\/parduotuve\/"},{"@type":"ListItem","position":3,"name":"Ekologi\u0161kas Provanso \u017eoleli\u0173 mi\u0161inys"}]},{"@type":"WebSite","@id":"https:\/\/www.biopapa.de\/lt\/#website","url":"https:\/\/www.biopapa.de\/lt\/","name":"Biopapa","description":"\u0160var\u016bs ekologi\u0161ki produktai","publisher":{"@id":"https:\/\/www.biopapa.de\/lt\/#organization"},"potentialAction":[{"@type":"SearchAction","target":{"@type":"EntryPoint","urlTemplate":"https:\/\/www.biopapa.de\/lt\/?s={search_term_string}"},"query-input":{"@type":"PropertyValueSpecification","valueRequired":true,"valueName":"search_term_string"}}],"inLanguage":"lt-LT"},{"@type":"Organization","@id":"https:\/\/www.biopapa.de\/lt\/#organization","name":"Biopapa","url":"https:\/\/www.biopapa.de\/lt\/","logo":{"@type":"ImageObject","inLanguage":"lt-LT","@id":"https:\/\/www.biopapa.de\/lt\/#\/schema\/logo\/image\/","url":"https:\/\/www.biopapa.lt\/wp-content\/uploads\/2022\/04\/facebook_biopapa.jpg","contentUrl":"https:\/\/www.biopapa.lt\/wp-content\/uploads\/2022\/04\/facebook_biopapa.jpg","width":1733,"height":907,"caption":"Biopapa"},"image":{"@id":"https:\/\/www.biopapa.de\/lt\/#\/schema\/logo\/image\/"},"sameAs":["https:\/\/www.facebook.com\/biopapa.lt"]}]}},"_links":{"self":[{"href":"https:\/\/www.biopapa.de\/lt\/wp-json\/wp\/v2\/product\/24674","targetHints":{"allow":["GET"]}}],"collection":[{"href":"https:\/\/www.biopapa.de\/lt\/wp-json\/wp\/v2\/product"}],"about":[{"href":"https:\/\/www.biopapa.de\/lt\/wp-json\/wp\/v2\/types\/product"}],"wp:featuredmedia":[{"embeddable":true,"href":"https:\/\/www.biopapa.de\/lt\/wp-json\/wp\/v2\/media\/25112"}],"wp:attachment":[{"href":"https:\/\/www.biopapa.de\/lt\/wp-json\/wp\/v2\/media?parent=24674"}],"wp:term":[{"taxonomy":"product_brand","embeddable":true,"href":"https:\/\/www.biopapa.de\/lt\/wp-json\/wp\/v2\/product_brand?post=24674"},{"taxonomy":"product_cat","embeddable":true,"href":"https:\/\/www.biopapa.de\/lt\/wp-json\/wp\/v2\/product_cat?post=24674"},{"taxonomy":"product_tag","embeddable":true,"href":"https:\/\/www.biopapa.de\/lt\/wp-json\/wp\/v2\/product_tag?post=24674"}],"curies":[{"name":"wp","href":"https:\/\/api.w.org\/{rel}","templated":true}]}}