{"id":24978,"date":"2023-04-03T13:54:50","date_gmt":"2023-04-03T10:54:50","guid":{"rendered":"https:\/\/www.biopapa.lt\/?post_type=product&#038;p=24978"},"modified":"2026-01-16T15:23:56","modified_gmt":"2026-01-16T13:23:56","slug":"ekologiska-pu-erh-arbata","status":"publish","type":"product","link":"https:\/\/www.biopapa.de\/lt\/producte\/ekologiska-pu-erh-arbata\/","title":{"rendered":"Ekologi\u0161ka Pu Erh arbata"},"content":{"rendered":"<p><strong>Ekologi\u0161ka Pu Erh arbata<\/strong><br \/>\nM\u016bs\u0173 Pu Erh arbata\u00a0 &#8211; Shou Pu Erh arbata, brandinta, auk\u0161\u010diausios kokyb\u0117s, \u0161vie\u017eia, gyva, su intensyviu, sodriu skoniu.<\/p>\n<p>Skaniausiai arbatai paruo\u0161ti naudokite 3 g arbatos (12 g\/l) u\u017epilant j\u0105 200 ml kar\u0161to vandens (90 C) ir palaikykite u\u017edengt\u0105 4-5 min., jeigu norite stipresn\u0117s arbatos &#8211; 10 min.<\/p>\n<p>Rinkoje egzistuoja du Pu Erh arbatos tipai:<br \/>\n&#8211; Sheng Pu Erh \u2013 nat\u016bralios fermentacijos b\u016bdu brandinama arbata, pana\u0161i \u012f vyn\u0105. \u0160is procesas trunka daugel\u012f met\u0173 (da\u017eniausiai nuo 5 iki 10, kartais ir ilgiau). Kuo ilgesnis brandinimas \u2013 tuo brangesn\u0117 arbata. Skonis \u0161velnesnis, kupinas niuans\u0173.<br \/>\n&#8211; Shou Pu Erh \u2013 greitai fermentuota arbata, naudojant kontroliuojam\u0105 pramonin\u012f proces\u0105, trunkant\u012f kelis m\u0117nesius arba iki 3 met\u0173. Tai da\u017eniausiai rinkoje randamas Pu Erh tipas, pasi\u017eymintis \u017eemi\u0161ku skoniu ir tamsesne spalva.<\/p>\n<p>Pu-erh arbatos istorija Tradicin\u0117s kinie\u010di\u0173 medicinos (TKM) kontekste:<br \/>\n&#8211; Kilusi i\u0161 Yunnan provincijos Kinijoje, Pu-erh arbata tradici\u0161kai buvo vertinama ne tik kaip g\u0117rimas, bet ir kaip gydomasis preparatas.<br \/>\n&#8211; TKM j\u0105 naudojo vir\u0161kinimo gerinimui, skys\u010di\u0173 balansui palaikyti ir detoksikacijai.<br \/>\n&#8211; TKM filosofijoje Pu-erh da\u017enai siejama su \u0161iltinan\u010diu poveikiu, kuris padeda subalansuoti \u201e\u0161altus\u201c vir\u0161kinimo sutrikimus.<\/p>\n<p>D\u0116MESIO. \u010cia pateikiama informacija negali b\u016bti interpretuojama kaip gydymo ar kitokio pob\u016bd\u017eio sveikatos klausim\u0173 sprendimo rekomendacija. Raginame sprendimus, susijusius su asmenine sveikata, priimti asmeni\u0161kai, \u012fvertinus \u012fvairius informacijos \u0161altinius.<\/p>\n<p>&nbsp;<\/p>\n","protected":false},"excerpt":{"rendered":"<p>Ekologi\u0161ka Pu Erh arbata M\u016bs\u0173 Pu Erh arbata\u00a0 &#8211; Shou Pu Erh arbata, brandinta, auk\u0161\u010diausios kokyb\u0117s, \u0161vie\u017eia, gyva, su intensyviu,<\/p>\n","protected":false},"featured_media":25105,"template":"","meta":{"_acf_changed":false},"product_brand":[],"product_cat":[1907,1265],"product_tag":[1378],"class_list":{"0":"post-24978","1":"product","2":"type-product","3":"status-publish","4":"has-post-thumbnail","6":"product_cat-arbata","7":"product_cat-ekologiska-kakava-arbata-kava","8":"product_tag-veganams","9":"pa_svoris-1-kg","10":"pa_svoris-100-g","11":"pa_svoris-15-kg","12":"pa_svoris-200-g","13":"pa_svoris-25-g","14":"pa_svoris-300-g","15":"pa_svoris-400-g","16":"pa_svoris-50-g","17":"pa_svoris-500-g","19":"first","20":"instock","21":"shipping-taxable","22":"purchasable","23":"product-type-variable"},"acf":[],"yoast_head":"<!-- This site is optimized with the Yoast SEO plugin v27.5 - https:\/\/yoast.com\/product\/yoast-seo-wordpress\/ -->\n<title>Ekologi\u0161ka Pu Erh arbata - Biopapa<\/title>\n<meta name=\"description\" content=\"Ekologi\u0161ka Pu Erh arbata - auk\u0161\u010diausios kokyb\u0117s, kelet\u0105 met\u0173 brandinta, \u0161vie\u017eia, gyva, su intensyviu ir sodriu skoniu.\" \/>\n<meta name=\"robots\" content=\"index, follow, max-snippet:-1, max-image-preview:large, max-video-preview:-1\" \/>\n<link rel=\"canonical\" href=\"https:\/\/www.biopapa.de\/lt\/producte\/ekologiska-pu-erh-arbata\/\" \/>\n<meta property=\"og:locale\" content=\"lt_LT\" \/>\n<meta property=\"og:type\" content=\"article\" \/>\n<meta property=\"og:title\" content=\"Ekologi\u0161ka Pu Erh arbata - Biopapa\" \/>\n<meta property=\"og:description\" content=\"Ekologi\u0161ka Pu Erh arbata - auk\u0161\u010diausios kokyb\u0117s, kelet\u0105 met\u0173 brandinta, \u0161vie\u017eia, gyva, su intensyviu ir sodriu skoniu.\" \/>\n<meta property=\"og:url\" content=\"https:\/\/www.biopapa.de\/lt\/producte\/ekologiska-pu-erh-arbata\/\" \/>\n<meta property=\"og:site_name\" content=\"Biopapa\" \/>\n<meta property=\"article:publisher\" content=\"https:\/\/www.facebook.com\/biopapa.lt\" \/>\n<meta property=\"article:modified_time\" content=\"2026-01-16T13:23:56+00:00\" \/>\n<meta property=\"og:image\" content=\"https:\/\/www.biopapa.de\/wp-content\/uploads\/2023\/04\/Ekologiska-Pu-Erh-arbata.png\" \/>\n\t<meta property=\"og:image:width\" content=\"800\" \/>\n\t<meta property=\"og:image:height\" content=\"640\" \/>\n\t<meta property=\"og:image:type\" content=\"image\/png\" \/>\n<meta name=\"twitter:card\" content=\"summary_large_image\" \/>\n<script type=\"application\/ld+json\" class=\"yoast-schema-graph\">{\"@context\":\"https:\\\/\\\/schema.org\",\"@graph\":[{\"@type\":\"WebPage\",\"@id\":\"https:\\\/\\\/www.biopapa.de\\\/lt\\\/producte\\\/ekologiska-pu-erh-arbata\\\/\",\"url\":\"https:\\\/\\\/www.biopapa.de\\\/lt\\\/producte\\\/ekologiska-pu-erh-arbata\\\/\",\"name\":\"Ekologi\u0161ka Pu Erh arbata - Biopapa\",\"isPartOf\":{\"@id\":\"https:\\\/\\\/www.biopapa.de\\\/lt\\\/#website\"},\"primaryImageOfPage\":{\"@id\":\"https:\\\/\\\/www.biopapa.de\\\/lt\\\/producte\\\/ekologiska-pu-erh-arbata\\\/#primaryimage\"},\"image\":{\"@id\":\"https:\\\/\\\/www.biopapa.de\\\/lt\\\/producte\\\/ekologiska-pu-erh-arbata\\\/#primaryimage\"},\"thumbnailUrl\":\"https:\\\/\\\/www.biopapa.de\\\/wp-content\\\/uploads\\\/2023\\\/04\\\/Ekologiska-Pu-Erh-arbata.png\",\"datePublished\":\"2023-04-03T10:54:50+00:00\",\"dateModified\":\"2026-01-16T13:23:56+00:00\",\"description\":\"Ekologi\u0161ka Pu Erh arbata - auk\u0161\u010diausios kokyb\u0117s, kelet\u0105 met\u0173 brandinta, \u0161vie\u017eia, gyva, su intensyviu ir sodriu skoniu.\",\"breadcrumb\":{\"@id\":\"https:\\\/\\\/www.biopapa.de\\\/lt\\\/producte\\\/ekologiska-pu-erh-arbata\\\/#breadcrumb\"},\"inLanguage\":\"lt-LT\",\"potentialAction\":[{\"@type\":\"ReadAction\",\"target\":[\"https:\\\/\\\/www.biopapa.de\\\/lt\\\/producte\\\/ekologiska-pu-erh-arbata\\\/\"]}]},{\"@type\":\"ImageObject\",\"inLanguage\":\"lt-LT\",\"@id\":\"https:\\\/\\\/www.biopapa.de\\\/lt\\\/producte\\\/ekologiska-pu-erh-arbata\\\/#primaryimage\",\"url\":\"https:\\\/\\\/www.biopapa.de\\\/wp-content\\\/uploads\\\/2023\\\/04\\\/Ekologiska-Pu-Erh-arbata.png\",\"contentUrl\":\"https:\\\/\\\/www.biopapa.de\\\/wp-content\\\/uploads\\\/2023\\\/04\\\/Ekologiska-Pu-Erh-arbata.png\",\"width\":800,\"height\":640,\"caption\":\"Ekologi\u0161ka Pu Erh arbata\"},{\"@type\":\"BreadcrumbList\",\"@id\":\"https:\\\/\\\/www.biopapa.de\\\/lt\\\/producte\\\/ekologiska-pu-erh-arbata\\\/#breadcrumb\",\"itemListElement\":[{\"@type\":\"ListItem\",\"position\":1,\"name\":\"Home\",\"item\":\"https:\\\/\\\/www.biopapa.de\\\/lt\\\/\"},{\"@type\":\"ListItem\",\"position\":2,\"name\":\"Parduotuv\u0117\",\"item\":\"https:\\\/\\\/www.biopapa.de\\\/parduotuve\\\/\"},{\"@type\":\"ListItem\",\"position\":3,\"name\":\"Ekologi\u0161ka Pu Erh arbata\"}]},{\"@type\":\"WebSite\",\"@id\":\"https:\\\/\\\/www.biopapa.de\\\/lt\\\/#website\",\"url\":\"https:\\\/\\\/www.biopapa.de\\\/lt\\\/\",\"name\":\"Biopapa\",\"description\":\"\u0160var\u016bs ekologi\u0161ki produktai\",\"publisher\":{\"@id\":\"https:\\\/\\\/www.biopapa.de\\\/lt\\\/#organization\"},\"potentialAction\":[{\"@type\":\"SearchAction\",\"target\":{\"@type\":\"EntryPoint\",\"urlTemplate\":\"https:\\\/\\\/www.biopapa.de\\\/lt\\\/?s={search_term_string}\"},\"query-input\":{\"@type\":\"PropertyValueSpecification\",\"valueRequired\":true,\"valueName\":\"search_term_string\"}}],\"inLanguage\":\"lt-LT\"},{\"@type\":\"Organization\",\"@id\":\"https:\\\/\\\/www.biopapa.de\\\/lt\\\/#organization\",\"name\":\"Biopapa\",\"url\":\"https:\\\/\\\/www.biopapa.de\\\/lt\\\/\",\"logo\":{\"@type\":\"ImageObject\",\"inLanguage\":\"lt-LT\",\"@id\":\"https:\\\/\\\/www.biopapa.de\\\/lt\\\/#\\\/schema\\\/logo\\\/image\\\/\",\"url\":\"https:\\\/\\\/www.biopapa.lt\\\/wp-content\\\/uploads\\\/2022\\\/04\\\/facebook_biopapa.jpg\",\"contentUrl\":\"https:\\\/\\\/www.biopapa.lt\\\/wp-content\\\/uploads\\\/2022\\\/04\\\/facebook_biopapa.jpg\",\"width\":1733,\"height\":907,\"caption\":\"Biopapa\"},\"image\":{\"@id\":\"https:\\\/\\\/www.biopapa.de\\\/lt\\\/#\\\/schema\\\/logo\\\/image\\\/\"},\"sameAs\":[\"https:\\\/\\\/www.facebook.com\\\/biopapa.lt\"]}]}<\/script>\n<!-- \/ Yoast SEO plugin. -->","yoast_head_json":{"title":"Ekologi\u0161ka Pu Erh arbata - Biopapa","description":"Ekologi\u0161ka Pu Erh arbata - auk\u0161\u010diausios kokyb\u0117s, kelet\u0105 met\u0173 brandinta, \u0161vie\u017eia, gyva, su intensyviu ir sodriu skoniu.","robots":{"index":"index","follow":"follow","max-snippet":"max-snippet:-1","max-image-preview":"max-image-preview:large","max-video-preview":"max-video-preview:-1"},"canonical":"https:\/\/www.biopapa.de\/lt\/producte\/ekologiska-pu-erh-arbata\/","og_locale":"lt_LT","og_type":"article","og_title":"Ekologi\u0161ka Pu Erh arbata - Biopapa","og_description":"Ekologi\u0161ka Pu Erh arbata - auk\u0161\u010diausios kokyb\u0117s, kelet\u0105 met\u0173 brandinta, \u0161vie\u017eia, gyva, su intensyviu ir sodriu skoniu.","og_url":"https:\/\/www.biopapa.de\/lt\/producte\/ekologiska-pu-erh-arbata\/","og_site_name":"Biopapa","article_publisher":"https:\/\/www.facebook.com\/biopapa.lt","article_modified_time":"2026-01-16T13:23:56+00:00","og_image":[{"width":800,"height":640,"url":"https:\/\/www.biopapa.de\/wp-content\/uploads\/2023\/04\/Ekologiska-Pu-Erh-arbata.png","type":"image\/png"}],"twitter_card":"summary_large_image","schema":{"@context":"https:\/\/schema.org","@graph":[{"@type":"WebPage","@id":"https:\/\/www.biopapa.de\/lt\/producte\/ekologiska-pu-erh-arbata\/","url":"https:\/\/www.biopapa.de\/lt\/producte\/ekologiska-pu-erh-arbata\/","name":"Ekologi\u0161ka Pu Erh arbata - Biopapa","isPartOf":{"@id":"https:\/\/www.biopapa.de\/lt\/#website"},"primaryImageOfPage":{"@id":"https:\/\/www.biopapa.de\/lt\/producte\/ekologiska-pu-erh-arbata\/#primaryimage"},"image":{"@id":"https:\/\/www.biopapa.de\/lt\/producte\/ekologiska-pu-erh-arbata\/#primaryimage"},"thumbnailUrl":"https:\/\/www.biopapa.de\/wp-content\/uploads\/2023\/04\/Ekologiska-Pu-Erh-arbata.png","datePublished":"2023-04-03T10:54:50+00:00","dateModified":"2026-01-16T13:23:56+00:00","description":"Ekologi\u0161ka Pu Erh arbata - auk\u0161\u010diausios kokyb\u0117s, kelet\u0105 met\u0173 brandinta, \u0161vie\u017eia, gyva, su intensyviu ir sodriu skoniu.","breadcrumb":{"@id":"https:\/\/www.biopapa.de\/lt\/producte\/ekologiska-pu-erh-arbata\/#breadcrumb"},"inLanguage":"lt-LT","potentialAction":[{"@type":"ReadAction","target":["https:\/\/www.biopapa.de\/lt\/producte\/ekologiska-pu-erh-arbata\/"]}]},{"@type":"ImageObject","inLanguage":"lt-LT","@id":"https:\/\/www.biopapa.de\/lt\/producte\/ekologiska-pu-erh-arbata\/#primaryimage","url":"https:\/\/www.biopapa.de\/wp-content\/uploads\/2023\/04\/Ekologiska-Pu-Erh-arbata.png","contentUrl":"https:\/\/www.biopapa.de\/wp-content\/uploads\/2023\/04\/Ekologiska-Pu-Erh-arbata.png","width":800,"height":640,"caption":"Ekologi\u0161ka Pu Erh arbata"},{"@type":"BreadcrumbList","@id":"https:\/\/www.biopapa.de\/lt\/producte\/ekologiska-pu-erh-arbata\/#breadcrumb","itemListElement":[{"@type":"ListItem","position":1,"name":"Home","item":"https:\/\/www.biopapa.de\/lt\/"},{"@type":"ListItem","position":2,"name":"Parduotuv\u0117","item":"https:\/\/www.biopapa.de\/parduotuve\/"},{"@type":"ListItem","position":3,"name":"Ekologi\u0161ka Pu Erh arbata"}]},{"@type":"WebSite","@id":"https:\/\/www.biopapa.de\/lt\/#website","url":"https:\/\/www.biopapa.de\/lt\/","name":"Biopapa","description":"\u0160var\u016bs ekologi\u0161ki produktai","publisher":{"@id":"https:\/\/www.biopapa.de\/lt\/#organization"},"potentialAction":[{"@type":"SearchAction","target":{"@type":"EntryPoint","urlTemplate":"https:\/\/www.biopapa.de\/lt\/?s={search_term_string}"},"query-input":{"@type":"PropertyValueSpecification","valueRequired":true,"valueName":"search_term_string"}}],"inLanguage":"lt-LT"},{"@type":"Organization","@id":"https:\/\/www.biopapa.de\/lt\/#organization","name":"Biopapa","url":"https:\/\/www.biopapa.de\/lt\/","logo":{"@type":"ImageObject","inLanguage":"lt-LT","@id":"https:\/\/www.biopapa.de\/lt\/#\/schema\/logo\/image\/","url":"https:\/\/www.biopapa.lt\/wp-content\/uploads\/2022\/04\/facebook_biopapa.jpg","contentUrl":"https:\/\/www.biopapa.lt\/wp-content\/uploads\/2022\/04\/facebook_biopapa.jpg","width":1733,"height":907,"caption":"Biopapa"},"image":{"@id":"https:\/\/www.biopapa.de\/lt\/#\/schema\/logo\/image\/"},"sameAs":["https:\/\/www.facebook.com\/biopapa.lt"]}]}},"_links":{"self":[{"href":"https:\/\/www.biopapa.de\/lt\/wp-json\/wp\/v2\/product\/24978","targetHints":{"allow":["GET"]}}],"collection":[{"href":"https:\/\/www.biopapa.de\/lt\/wp-json\/wp\/v2\/product"}],"about":[{"href":"https:\/\/www.biopapa.de\/lt\/wp-json\/wp\/v2\/types\/product"}],"wp:featuredmedia":[{"embeddable":true,"href":"https:\/\/www.biopapa.de\/lt\/wp-json\/wp\/v2\/media\/25105"}],"wp:attachment":[{"href":"https:\/\/www.biopapa.de\/lt\/wp-json\/wp\/v2\/media?parent=24978"}],"wp:term":[{"taxonomy":"product_brand","embeddable":true,"href":"https:\/\/www.biopapa.de\/lt\/wp-json\/wp\/v2\/product_brand?post=24978"},{"taxonomy":"product_cat","embeddable":true,"href":"https:\/\/www.biopapa.de\/lt\/wp-json\/wp\/v2\/product_cat?post=24978"},{"taxonomy":"product_tag","embeddable":true,"href":"https:\/\/www.biopapa.de\/lt\/wp-json\/wp\/v2\/product_tag?post=24978"}],"curies":[{"name":"wp","href":"https:\/\/api.w.org\/{rel}","templated":true}]}}