{"id":26484,"date":"2023-06-07T14:32:04","date_gmt":"2023-06-07T11:32:04","guid":{"rendered":"https:\/\/www.biopapa.lt\/?post_type=product&#038;p=26484"},"modified":"2026-03-25T14:48:26","modified_gmt":"2026-03-25T12:48:26","slug":"ekologiska-cikorijos-kava-skrudinta-smulki","status":"publish","type":"product","link":"https:\/\/www.biopapa.de\/lt\/producte\/ekologiska-cikorijos-kava-skrudinta-smulki\/","title":{"rendered":"Ekologi\u0161ka cikorijos kava, skrudinta, smulki"},"content":{"rendered":"<p><strong>Ekologi\u0161ka cikorijos kava<\/strong>,\u00a0<strong>skrudinta, smulkiai malta<br \/>\n<\/strong>Cikorij\u0173 kava \u2013 g\u0117rimas be kofeino, gaminamas i\u0161 skrudint\u0173 tr\u016bka\u017eol\u0117s \u0161akn\u0173, si\u016blo puiki\u0105 alternatyv\u0105 tradicinei kavai. Garsi d\u0117l savo sodraus, \u017eemi\u0161ko skonio, cikorij\u0173 kava da\u017enai naudojama kaip kavos pakaitalas be kofeino.<br \/>\nD\u0117l \u0161velnaus kartumo ir aromatini\u0173 savybi\u0173 jis yra universalus tiek kar\u0161t\u0173, tiek \u0161alt\u0173 g\u0117rim\u0173 ingredientas, kur\u012f galima mai\u0161yti su tradicine kava arba patiekti vien\u0105. Cikorij\u0105 taip pat galima naudoti gardinti desertus. Turi nat\u016braliai b\u016bdingo kartumo.<\/p>\n<p>Naudojimas:<strong><br \/>\n<\/strong>U\u017epilkite verdan\u010diu vandeniu vien\u0105 piln\u0105 arbatin\u012f \u0161auk\u0161tel\u012f kavos. Palikite br\u0119sti 5\u201310 minu\u010di\u0173. Pagal skon\u012f galite prid\u0117ti augalinio g\u0117rimo, m\u0117gstamo saldiklio. Norint stipresnio u\u017epilo, rekomenduojama kav\u0105 virti apie 2\u20133 minutes.<\/p>\n<p><em>PASTABA. \u010cia pateikta informacija negali b\u016bti interpretuojama kaip gydymo ar kitokio pob\u016bd\u017eio sveikatos klausim\u0173 sprendimo rekomendacija. Raginame sprendimus, susijusius su asmenine sveikata, priimti asmeni\u0161kai, \u012fvertinus \u012fvairius informacijos \u0161altinius.<\/em><\/p>\n","protected":false},"excerpt":{"rendered":"<p>Ekologi\u0161ka cikorijos kava,\u00a0skrudinta, smulkiai malta Cikorij\u0173 kava \u2013 g\u0117rimas be kofeino, gaminamas i\u0161 skrudint\u0173 tr\u016bka\u017eol\u0117s \u0161akn\u0173, si\u016blo puiki\u0105 alternatyv\u0105 tradicinei<\/p>\n","protected":false},"featured_media":26929,"template":"","meta":{"_acf_changed":false},"product_brand":[],"product_cat":[1265,1799,2349],"product_tag":[1940,1378],"class_list":{"0":"post-26484","1":"product","2":"type-product","3":"status-publish","4":"has-post-thumbnail","6":"product_cat-ekologiska-kakava-arbata-kava","7":"product_cat-kava","8":"product_cat-milteliai","9":"product_tag-be-kofeino","10":"product_tag-veganams","11":"pa_svoris-1-kg","12":"pa_svoris-100-g","13":"pa_svoris-15-kg","14":"pa_svoris-200-g","15":"pa_svoris-300-g","16":"pa_svoris-400-g","17":"pa_svoris-50-g","18":"pa_svoris-500-g","20":"first","21":"instock","22":"shipping-taxable","23":"purchasable","24":"product-type-variable"},"acf":[],"yoast_head":"<!-- This site is optimized with the Yoast SEO plugin v27.5 - https:\/\/yoast.com\/product\/yoast-seo-wordpress\/ -->\n<title>Ekologi\u0161ka cikorijos kava, skrudinta, smulki - Biopapa<\/title>\n<meta name=\"description\" content=\"Cikorij\u0173 kava \u2013 g\u0117rimas be kofeino, gaminamas i\u0161 skrudint\u0173 \u0161akn\u0173, si\u016blo puiki\u0105 alternatyv\u0105 tradicinei kavai.\" \/>\n<meta name=\"robots\" content=\"index, follow, max-snippet:-1, max-image-preview:large, max-video-preview:-1\" \/>\n<link rel=\"canonical\" href=\"https:\/\/www.biopapa.de\/lt\/producte\/ekologiska-cikorijos-kava-skrudinta-smulki\/\" \/>\n<meta property=\"og:locale\" content=\"lt_LT\" \/>\n<meta property=\"og:type\" content=\"article\" \/>\n<meta property=\"og:title\" content=\"Ekologi\u0161ka cikorijos kava, skrudinta, smulki - Biopapa\" \/>\n<meta property=\"og:description\" content=\"Cikorij\u0173 kava \u2013 g\u0117rimas be kofeino, gaminamas i\u0161 skrudint\u0173 \u0161akn\u0173, si\u016blo puiki\u0105 alternatyv\u0105 tradicinei kavai.\" \/>\n<meta property=\"og:url\" content=\"https:\/\/www.biopapa.de\/lt\/producte\/ekologiska-cikorijos-kava-skrudinta-smulki\/\" \/>\n<meta property=\"og:site_name\" content=\"Biopapa\" \/>\n<meta property=\"article:publisher\" content=\"https:\/\/www.facebook.com\/biopapa.lt\" \/>\n<meta property=\"article:modified_time\" content=\"2026-03-25T12:48:26+00:00\" \/>\n<meta property=\"og:image\" content=\"https:\/\/www.biopapa.de\/wp-content\/uploads\/2023\/06\/Ekologiska-cikorijos-kava-skrudinta-smulki.png\" \/>\n\t<meta property=\"og:image:width\" content=\"800\" \/>\n\t<meta property=\"og:image:height\" content=\"640\" \/>\n\t<meta property=\"og:image:type\" content=\"image\/png\" \/>\n<meta name=\"twitter:card\" content=\"summary_large_image\" \/>\n<script type=\"application\/ld+json\" class=\"yoast-schema-graph\">{\"@context\":\"https:\\\/\\\/schema.org\",\"@graph\":[{\"@type\":\"WebPage\",\"@id\":\"https:\\\/\\\/www.biopapa.de\\\/lt\\\/producte\\\/ekologiska-cikorijos-kava-skrudinta-smulki\\\/\",\"url\":\"https:\\\/\\\/www.biopapa.de\\\/lt\\\/producte\\\/ekologiska-cikorijos-kava-skrudinta-smulki\\\/\",\"name\":\"Ekologi\u0161ka cikorijos kava, skrudinta, smulki - Biopapa\",\"isPartOf\":{\"@id\":\"https:\\\/\\\/www.biopapa.de\\\/lt\\\/#website\"},\"primaryImageOfPage\":{\"@id\":\"https:\\\/\\\/www.biopapa.de\\\/lt\\\/producte\\\/ekologiska-cikorijos-kava-skrudinta-smulki\\\/#primaryimage\"},\"image\":{\"@id\":\"https:\\\/\\\/www.biopapa.de\\\/lt\\\/producte\\\/ekologiska-cikorijos-kava-skrudinta-smulki\\\/#primaryimage\"},\"thumbnailUrl\":\"https:\\\/\\\/www.biopapa.de\\\/wp-content\\\/uploads\\\/2023\\\/06\\\/Ekologiska-cikorijos-kava-skrudinta-smulki.png\",\"datePublished\":\"2023-06-07T11:32:04+00:00\",\"dateModified\":\"2026-03-25T12:48:26+00:00\",\"description\":\"Cikorij\u0173 kava \u2013 g\u0117rimas be kofeino, gaminamas i\u0161 skrudint\u0173 \u0161akn\u0173, si\u016blo puiki\u0105 alternatyv\u0105 tradicinei kavai.\",\"breadcrumb\":{\"@id\":\"https:\\\/\\\/www.biopapa.de\\\/lt\\\/producte\\\/ekologiska-cikorijos-kava-skrudinta-smulki\\\/#breadcrumb\"},\"inLanguage\":\"lt-LT\",\"potentialAction\":[{\"@type\":\"ReadAction\",\"target\":[\"https:\\\/\\\/www.biopapa.de\\\/lt\\\/producte\\\/ekologiska-cikorijos-kava-skrudinta-smulki\\\/\"]}]},{\"@type\":\"ImageObject\",\"inLanguage\":\"lt-LT\",\"@id\":\"https:\\\/\\\/www.biopapa.de\\\/lt\\\/producte\\\/ekologiska-cikorijos-kava-skrudinta-smulki\\\/#primaryimage\",\"url\":\"https:\\\/\\\/www.biopapa.de\\\/wp-content\\\/uploads\\\/2023\\\/06\\\/Ekologiska-cikorijos-kava-skrudinta-smulki.png\",\"contentUrl\":\"https:\\\/\\\/www.biopapa.de\\\/wp-content\\\/uploads\\\/2023\\\/06\\\/Ekologiska-cikorijos-kava-skrudinta-smulki.png\",\"width\":800,\"height\":640},{\"@type\":\"BreadcrumbList\",\"@id\":\"https:\\\/\\\/www.biopapa.de\\\/lt\\\/producte\\\/ekologiska-cikorijos-kava-skrudinta-smulki\\\/#breadcrumb\",\"itemListElement\":[{\"@type\":\"ListItem\",\"position\":1,\"name\":\"Home\",\"item\":\"https:\\\/\\\/www.biopapa.de\\\/lt\\\/\"},{\"@type\":\"ListItem\",\"position\":2,\"name\":\"Parduotuv\u0117\",\"item\":\"https:\\\/\\\/www.biopapa.de\\\/parduotuve\\\/\"},{\"@type\":\"ListItem\",\"position\":3,\"name\":\"Ekologi\u0161ka cikorijos kava, skrudinta, smulki\"}]},{\"@type\":\"WebSite\",\"@id\":\"https:\\\/\\\/www.biopapa.de\\\/lt\\\/#website\",\"url\":\"https:\\\/\\\/www.biopapa.de\\\/lt\\\/\",\"name\":\"Biopapa\",\"description\":\"\u0160var\u016bs ekologi\u0161ki produktai\",\"publisher\":{\"@id\":\"https:\\\/\\\/www.biopapa.de\\\/lt\\\/#organization\"},\"potentialAction\":[{\"@type\":\"SearchAction\",\"target\":{\"@type\":\"EntryPoint\",\"urlTemplate\":\"https:\\\/\\\/www.biopapa.de\\\/lt\\\/?s={search_term_string}\"},\"query-input\":{\"@type\":\"PropertyValueSpecification\",\"valueRequired\":true,\"valueName\":\"search_term_string\"}}],\"inLanguage\":\"lt-LT\"},{\"@type\":\"Organization\",\"@id\":\"https:\\\/\\\/www.biopapa.de\\\/lt\\\/#organization\",\"name\":\"Biopapa\",\"url\":\"https:\\\/\\\/www.biopapa.de\\\/lt\\\/\",\"logo\":{\"@type\":\"ImageObject\",\"inLanguage\":\"lt-LT\",\"@id\":\"https:\\\/\\\/www.biopapa.de\\\/lt\\\/#\\\/schema\\\/logo\\\/image\\\/\",\"url\":\"https:\\\/\\\/www.biopapa.lt\\\/wp-content\\\/uploads\\\/2022\\\/04\\\/facebook_biopapa.jpg\",\"contentUrl\":\"https:\\\/\\\/www.biopapa.lt\\\/wp-content\\\/uploads\\\/2022\\\/04\\\/facebook_biopapa.jpg\",\"width\":1733,\"height\":907,\"caption\":\"Biopapa\"},\"image\":{\"@id\":\"https:\\\/\\\/www.biopapa.de\\\/lt\\\/#\\\/schema\\\/logo\\\/image\\\/\"},\"sameAs\":[\"https:\\\/\\\/www.facebook.com\\\/biopapa.lt\"]}]}<\/script>\n<!-- \/ Yoast SEO plugin. -->","yoast_head_json":{"title":"Ekologi\u0161ka cikorijos kava, skrudinta, smulki - Biopapa","description":"Cikorij\u0173 kava \u2013 g\u0117rimas be kofeino, gaminamas i\u0161 skrudint\u0173 \u0161akn\u0173, si\u016blo puiki\u0105 alternatyv\u0105 tradicinei kavai.","robots":{"index":"index","follow":"follow","max-snippet":"max-snippet:-1","max-image-preview":"max-image-preview:large","max-video-preview":"max-video-preview:-1"},"canonical":"https:\/\/www.biopapa.de\/lt\/producte\/ekologiska-cikorijos-kava-skrudinta-smulki\/","og_locale":"lt_LT","og_type":"article","og_title":"Ekologi\u0161ka cikorijos kava, skrudinta, smulki - Biopapa","og_description":"Cikorij\u0173 kava \u2013 g\u0117rimas be kofeino, gaminamas i\u0161 skrudint\u0173 \u0161akn\u0173, si\u016blo puiki\u0105 alternatyv\u0105 tradicinei kavai.","og_url":"https:\/\/www.biopapa.de\/lt\/producte\/ekologiska-cikorijos-kava-skrudinta-smulki\/","og_site_name":"Biopapa","article_publisher":"https:\/\/www.facebook.com\/biopapa.lt","article_modified_time":"2026-03-25T12:48:26+00:00","og_image":[{"width":800,"height":640,"url":"https:\/\/www.biopapa.de\/wp-content\/uploads\/2023\/06\/Ekologiska-cikorijos-kava-skrudinta-smulki.png","type":"image\/png"}],"twitter_card":"summary_large_image","schema":{"@context":"https:\/\/schema.org","@graph":[{"@type":"WebPage","@id":"https:\/\/www.biopapa.de\/lt\/producte\/ekologiska-cikorijos-kava-skrudinta-smulki\/","url":"https:\/\/www.biopapa.de\/lt\/producte\/ekologiska-cikorijos-kava-skrudinta-smulki\/","name":"Ekologi\u0161ka cikorijos kava, skrudinta, smulki - Biopapa","isPartOf":{"@id":"https:\/\/www.biopapa.de\/lt\/#website"},"primaryImageOfPage":{"@id":"https:\/\/www.biopapa.de\/lt\/producte\/ekologiska-cikorijos-kava-skrudinta-smulki\/#primaryimage"},"image":{"@id":"https:\/\/www.biopapa.de\/lt\/producte\/ekologiska-cikorijos-kava-skrudinta-smulki\/#primaryimage"},"thumbnailUrl":"https:\/\/www.biopapa.de\/wp-content\/uploads\/2023\/06\/Ekologiska-cikorijos-kava-skrudinta-smulki.png","datePublished":"2023-06-07T11:32:04+00:00","dateModified":"2026-03-25T12:48:26+00:00","description":"Cikorij\u0173 kava \u2013 g\u0117rimas be kofeino, gaminamas i\u0161 skrudint\u0173 \u0161akn\u0173, si\u016blo puiki\u0105 alternatyv\u0105 tradicinei kavai.","breadcrumb":{"@id":"https:\/\/www.biopapa.de\/lt\/producte\/ekologiska-cikorijos-kava-skrudinta-smulki\/#breadcrumb"},"inLanguage":"lt-LT","potentialAction":[{"@type":"ReadAction","target":["https:\/\/www.biopapa.de\/lt\/producte\/ekologiska-cikorijos-kava-skrudinta-smulki\/"]}]},{"@type":"ImageObject","inLanguage":"lt-LT","@id":"https:\/\/www.biopapa.de\/lt\/producte\/ekologiska-cikorijos-kava-skrudinta-smulki\/#primaryimage","url":"https:\/\/www.biopapa.de\/wp-content\/uploads\/2023\/06\/Ekologiska-cikorijos-kava-skrudinta-smulki.png","contentUrl":"https:\/\/www.biopapa.de\/wp-content\/uploads\/2023\/06\/Ekologiska-cikorijos-kava-skrudinta-smulki.png","width":800,"height":640},{"@type":"BreadcrumbList","@id":"https:\/\/www.biopapa.de\/lt\/producte\/ekologiska-cikorijos-kava-skrudinta-smulki\/#breadcrumb","itemListElement":[{"@type":"ListItem","position":1,"name":"Home","item":"https:\/\/www.biopapa.de\/lt\/"},{"@type":"ListItem","position":2,"name":"Parduotuv\u0117","item":"https:\/\/www.biopapa.de\/parduotuve\/"},{"@type":"ListItem","position":3,"name":"Ekologi\u0161ka cikorijos kava, skrudinta, smulki"}]},{"@type":"WebSite","@id":"https:\/\/www.biopapa.de\/lt\/#website","url":"https:\/\/www.biopapa.de\/lt\/","name":"Biopapa","description":"\u0160var\u016bs ekologi\u0161ki produktai","publisher":{"@id":"https:\/\/www.biopapa.de\/lt\/#organization"},"potentialAction":[{"@type":"SearchAction","target":{"@type":"EntryPoint","urlTemplate":"https:\/\/www.biopapa.de\/lt\/?s={search_term_string}"},"query-input":{"@type":"PropertyValueSpecification","valueRequired":true,"valueName":"search_term_string"}}],"inLanguage":"lt-LT"},{"@type":"Organization","@id":"https:\/\/www.biopapa.de\/lt\/#organization","name":"Biopapa","url":"https:\/\/www.biopapa.de\/lt\/","logo":{"@type":"ImageObject","inLanguage":"lt-LT","@id":"https:\/\/www.biopapa.de\/lt\/#\/schema\/logo\/image\/","url":"https:\/\/www.biopapa.lt\/wp-content\/uploads\/2022\/04\/facebook_biopapa.jpg","contentUrl":"https:\/\/www.biopapa.lt\/wp-content\/uploads\/2022\/04\/facebook_biopapa.jpg","width":1733,"height":907,"caption":"Biopapa"},"image":{"@id":"https:\/\/www.biopapa.de\/lt\/#\/schema\/logo\/image\/"},"sameAs":["https:\/\/www.facebook.com\/biopapa.lt"]}]}},"_links":{"self":[{"href":"https:\/\/www.biopapa.de\/lt\/wp-json\/wp\/v2\/product\/26484","targetHints":{"allow":["GET"]}}],"collection":[{"href":"https:\/\/www.biopapa.de\/lt\/wp-json\/wp\/v2\/product"}],"about":[{"href":"https:\/\/www.biopapa.de\/lt\/wp-json\/wp\/v2\/types\/product"}],"wp:featuredmedia":[{"embeddable":true,"href":"https:\/\/www.biopapa.de\/lt\/wp-json\/wp\/v2\/media\/26929"}],"wp:attachment":[{"href":"https:\/\/www.biopapa.de\/lt\/wp-json\/wp\/v2\/media?parent=26484"}],"wp:term":[{"taxonomy":"product_brand","embeddable":true,"href":"https:\/\/www.biopapa.de\/lt\/wp-json\/wp\/v2\/product_brand?post=26484"},{"taxonomy":"product_cat","embeddable":true,"href":"https:\/\/www.biopapa.de\/lt\/wp-json\/wp\/v2\/product_cat?post=26484"},{"taxonomy":"product_tag","embeddable":true,"href":"https:\/\/www.biopapa.de\/lt\/wp-json\/wp\/v2\/product_tag?post=26484"}],"curies":[{"name":"wp","href":"https:\/\/api.w.org\/{rel}","templated":true}]}}