{"id":27432,"date":"2023-07-14T09:34:33","date_gmt":"2023-07-14T06:34:33","guid":{"rendered":"https:\/\/www.biopapa.lt\/?post_type=product&#038;p=27432"},"modified":"2026-04-16T16:45:41","modified_gmt":"2026-04-16T13:45:41","slug":"ekologiski-melynosios-spirulinos-milteliai","status":"publish","type":"product","link":"https:\/\/www.biopapa.de\/lt\/producte\/ekologiski-melynosios-spirulinos-milteliai\/","title":{"rendered":"Ekologi\u0161ki m\u0117lynosios spirulinos milteliai"},"content":{"rendered":"<p><strong>Ekologi\u0161ki m\u0117lynosios spirulinos milteliai<\/strong><br \/>\nM\u0117lynoji spirulina ir \u017ealia spirulina da\u017enai painiojamos, jos yra kilusios i\u0161 skirting\u0173 dumbli\u0173 r\u016b\u0161i\u0173 ir turi skirtingas savybes.<br \/>\nPagrindiniai skirtumai:<br \/>\n&#8211; M\u0117lynoji spirulina gaunama i\u0161 specifini\u0173 melsvadumbli\u0173 r\u016b\u0161i\u0173 &#8211; Arthrospira platensis. \u017dalia spirulina, tai \u012fprasti spirulinos milteliai, gaunami i\u0161 Arthrospira platensis arba Arthrospira maxima r\u016b\u0161i\u0173, kurie yra \u017ealsvos spalvos.<br \/>\n&#8211; Pigmentas ir spalva pagrindinis skirtumas tarp m\u0117lynos ir \u017ealios spirulinos. M\u0117lyna spirulina savo intensyvi\u0105 m\u0117lyn\u0105 spalv\u0105 \u012fgauna i\u0161 pigmento fikocianino, kuris yra m\u0117lynas pigmentas, turintis antioksidacini\u0173 savybi\u0173. \u017dalioji spirulina \u012fgauna \u017eali\u0105 spalv\u0105 d\u0117l chlorofilo (\u017ealio pigmento) ir kit\u0173 pigment\u0173 derinio.<br \/>\n&#8211; M\u0117lynoji spirulina ir \u017ealia spirulina turi daug maistini\u0173 med\u017eiag\u0173 ir vitamin\u0173, mineral\u0173 ir baltym\u0173. J\u0173 maistini\u0173 med\u017eiag\u0173 kiekis gali b\u016bti pana\u0161us, nes jie gaunami i\u0161 pana\u0161i\u0173 dumbli\u0173 r\u016b\u0161i\u0173, ta\u010diau tiksli maistini\u0173 med\u017eiag\u0173 sud\u0117tis skiriasi priklausomai nuo auginimo s\u0105lyg\u0173 ir perdirbimo metod\u0173.<br \/>\n&#8211; M\u0117lynoji spirulina pirmiausia naudojama kaip nat\u016bralus maisto da\u017eiklis, suteikiantis maisto produktams ir g\u0117rimams ry\u0161ki\u0105 m\u0117lyn\u0105 arba turkio atspalv\u012f. Kita vertus, \u017ealioji spirulina d\u0117l turtingo maistini\u0173 med\u017eiag\u0173 profilio da\u017eniausiai naudojama kaip maisto papildas. Jis da\u017enai tiekiamas milteli\u0173 arba kapsuli\u0173 pavidalu ir paprastai vartojamas d\u0117l galimos naudos sveikatai.<br \/>\nNors \u017ealioji spirulina labiau vertinama d\u0117l savo naudos sveikatai, m\u0117lynoji spirulina taip turi pana\u0161i\u0173 savybi\u0173.<\/p>\n<p>Vartojimas<br \/>\nM\u0117lynoji spirulina yra gana \u0161velnaus skonio, kuris apib\u016bdinamas kaip \u0161iek tiek \u017eemi\u0161kas arba \u017eolinis, su subtiliomis j\u016bros dumbli\u0173 u\u017euominomis. Palyginti su \u017eali\u0105ja spirulina, skonis yra daug silpnesnis, ta\u010diau gali skirtis priklausomai nuo koncentracijos ir kit\u0173 ingredient\u0173, su kuriais ji mai\u0161oma.<\/p>\n<p>M\u0117lyna spirulina gali b\u016bti naudojama \u012fvairiais b\u016bdais, norint maistui ir g\u0117rimams suteikti ry\u0161kios m\u0117lynos arba turkio spalvos.<br \/>\nGalite naudoti desertams, kokteiliams, glotnu\u010diams ir kepiniams.<br \/>\nN\u0117ra visuotinai nustatytos standartin\u0117s da\u017eiklio doz\u0117s, tod\u0117l prad\u0117kite nuo ma\u017eo \u017eiupsnelio arba ma\u017edaug 1\/4\u20131\/2 arbatinio \u0161auk\u0161telio m\u0117lynos spirulinos milteli\u0173 ir pakoreguokite, jei reikia.<br \/>\nAtsi\u017evelkite \u012f skonio suderinamum\u0105.<\/p>\n<p>M\u0117lynoji spirulina gali pakeisti spalv\u0105, kai naudojama gaminant maist\u0105 arba mai\u0161oma su tam tikrais ingredientais. Jos spalva gali pakisti, kai j\u0105 veikia skirtingais pH lygiais:<br \/>\nR\u016bg\u0161t\u016bs ingredientai &#8211; \u012fd\u0117jus \u012f r\u016bg\u0161\u010dius ingredientus, pavyzd\u017eiui, citrin\u0173 sultis ar act\u0105, m\u0117lynoji spirulina gali tapti labiau violetin\u0117 arba ro\u017ein\u0117.<br \/>\n\u0160arminiai ingredientai &#8211; sumai\u0161ius su \u0161arminiais ingredientais, ji gali tapti labiau \u017ealia.<br \/>\nKar\u0161tis &#8211; auk\u0161ta temperat\u016bra gaminant maist\u0105 taip pat gali tur\u0117ti \u012ftakos m\u0117lynosios spirulinos spalvai. Veikiama kar\u0161\u010dio ji gali prarasti dal\u012f gyvybingumo arba pakeisti atspalv\u012f.<\/p>\n<p>Naudojant per daug m\u0117lynos spirulinos gali atsirasti kartaus skonio, tod\u0117l geriausia j\u0105 vartoti saikingai.<\/p>\n<p>D\u0117mesio. Spirulinos nerekomenduojama vartoti n\u0117\u0161\u010dioms ir \u017eindan\u010dioms moterims, bei asmenims sergantiems autoimunin\u0117mis ligomis.<\/p>\n<p>\u0160altiniai:<br \/>\nhttps:\/\/www.webmd.com<br \/>\nhttps:\/\/www.emedicinehealth.com<\/p>\n<p>PASTABA. \u010cia pateikta informacija negali b\u016bti interpretuojama kaip gydymo ar kitokio pob\u016bd\u017eio sveikatos klausim\u0173 sprendimo rekomendacija. Raginame sprendimus, susijusius su asmenine sveikata, priimti asmeni\u0161kai, \u012fvertinus \u012fvairius informacijos \u0161altinius.<\/p>\n","protected":false},"excerpt":{"rendered":"<p>Ekologi\u0161ki m\u0117lynosios spirulinos milteliai M\u0117lynoji spirulina ir \u017ealia spirulina da\u017enai painiojamos, jos yra kilusios i\u0161 skirting\u0173 dumbli\u0173 r\u016b\u0161i\u0173 ir turi<\/p>\n","protected":false},"featured_media":35681,"template":"","meta":{"_acf_changed":false},"product_brand":[],"product_cat":[1216,2350,2349],"product_tag":[1433,1380,1378],"class_list":{"0":"post-27432","1":"product","2":"type-product","3":"status-publish","4":"has-post-thumbnail","6":"product_cat-augalinis-supermaistas","7":"product_cat-juros-dumbliai","8":"product_cat-milteliai","9":"product_tag-baltymu-saltinis","10":"product_tag-keto-mityba","11":"product_tag-veganams","12":"pa_svoris-1-kg","13":"pa_svoris-100-g","14":"pa_svoris-2-5-kg","15":"pa_svoris-200-g","16":"pa_svoris-30-g","17":"pa_svoris-300-g","18":"pa_svoris-400-g","19":"pa_svoris-5-kg","20":"pa_svoris-50-g","21":"pa_svoris-500-g","23":"first","24":"instock","25":"shipping-taxable","26":"purchasable","27":"product-type-variable"},"acf":[],"yoast_head":"<!-- This site is optimized with the Yoast SEO plugin v27.5 - https:\/\/yoast.com\/product\/yoast-seo-wordpress\/ -->\n<title>Ekologi\u0161ki m\u0117lynosios spirulinos milteliai - Biopapa<\/title>\n<meta name=\"description\" content=\"Ekologi\u0161ka m\u0117lynoji spirulina yra gana \u0161velnaus skonio, kuris apib\u016bdinamas kaip \u0161iek tiek \u017eemi\u0161kas arba \u017eolinis, su subtiliomis j\u016bros dumbli\u0173 u\u017euominomis. Palyginti su \u017eali\u0105ja spirulina, skonis yra daug silpnesnis.\" \/>\n<meta name=\"robots\" content=\"index, follow, max-snippet:-1, max-image-preview:large, max-video-preview:-1\" \/>\n<link rel=\"canonical\" href=\"https:\/\/www.biopapa.de\/lt\/producte\/ekologiski-melynosios-spirulinos-milteliai\/\" \/>\n<meta property=\"og:locale\" content=\"lt_LT\" \/>\n<meta property=\"og:type\" content=\"article\" \/>\n<meta property=\"og:title\" content=\"Ekologi\u0161ki m\u0117lynosios spirulinos milteliai - Biopapa\" \/>\n<meta property=\"og:description\" content=\"Ekologi\u0161ka m\u0117lynoji spirulina yra gana \u0161velnaus skonio, kuris apib\u016bdinamas kaip \u0161iek tiek \u017eemi\u0161kas arba \u017eolinis, su subtiliomis j\u016bros dumbli\u0173 u\u017euominomis. Palyginti su \u017eali\u0105ja spirulina, skonis yra daug silpnesnis.\" \/>\n<meta property=\"og:url\" content=\"https:\/\/www.biopapa.de\/lt\/producte\/ekologiski-melynosios-spirulinos-milteliai\/\" \/>\n<meta property=\"og:site_name\" content=\"Biopapa\" \/>\n<meta property=\"article:publisher\" content=\"https:\/\/www.facebook.com\/biopapa.lt\" \/>\n<meta property=\"article:modified_time\" content=\"2026-04-16T13:45:41+00:00\" \/>\n<meta property=\"og:image\" content=\"https:\/\/www.biopapa.de\/wp-content\/uploads\/2023\/07\/spirulina-melyna.png\" \/>\n\t<meta property=\"og:image:width\" content=\"800\" \/>\n\t<meta property=\"og:image:height\" content=\"640\" \/>\n\t<meta property=\"og:image:type\" content=\"image\/png\" \/>\n<meta name=\"twitter:card\" content=\"summary_large_image\" \/>\n<meta name=\"twitter:label1\" content=\"Est. reading time\" \/>\n\t<meta name=\"twitter:data1\" content=\"2 minut\u0117s\" \/>\n<script type=\"application\/ld+json\" class=\"yoast-schema-graph\">{\"@context\":\"https:\\\/\\\/schema.org\",\"@graph\":[{\"@type\":\"WebPage\",\"@id\":\"https:\\\/\\\/www.biopapa.de\\\/lt\\\/producte\\\/ekologiski-melynosios-spirulinos-milteliai\\\/\",\"url\":\"https:\\\/\\\/www.biopapa.de\\\/lt\\\/producte\\\/ekologiski-melynosios-spirulinos-milteliai\\\/\",\"name\":\"Ekologi\u0161ki m\u0117lynosios spirulinos milteliai - Biopapa\",\"isPartOf\":{\"@id\":\"https:\\\/\\\/www.biopapa.de\\\/lt\\\/#website\"},\"primaryImageOfPage\":{\"@id\":\"https:\\\/\\\/www.biopapa.de\\\/lt\\\/producte\\\/ekologiski-melynosios-spirulinos-milteliai\\\/#primaryimage\"},\"image\":{\"@id\":\"https:\\\/\\\/www.biopapa.de\\\/lt\\\/producte\\\/ekologiski-melynosios-spirulinos-milteliai\\\/#primaryimage\"},\"thumbnailUrl\":\"https:\\\/\\\/www.biopapa.de\\\/wp-content\\\/uploads\\\/2023\\\/07\\\/spirulina-melyna.png\",\"datePublished\":\"2023-07-14T06:34:33+00:00\",\"dateModified\":\"2026-04-16T13:45:41+00:00\",\"description\":\"Ekologi\u0161ka m\u0117lynoji spirulina yra gana \u0161velnaus skonio, kuris apib\u016bdinamas kaip \u0161iek tiek \u017eemi\u0161kas arba \u017eolinis, su subtiliomis j\u016bros dumbli\u0173 u\u017euominomis. Palyginti su \u017eali\u0105ja spirulina, skonis yra daug silpnesnis.\",\"breadcrumb\":{\"@id\":\"https:\\\/\\\/www.biopapa.de\\\/lt\\\/producte\\\/ekologiski-melynosios-spirulinos-milteliai\\\/#breadcrumb\"},\"inLanguage\":\"lt-LT\",\"potentialAction\":[{\"@type\":\"ReadAction\",\"target\":[\"https:\\\/\\\/www.biopapa.de\\\/lt\\\/producte\\\/ekologiski-melynosios-spirulinos-milteliai\\\/\"]}]},{\"@type\":\"ImageObject\",\"inLanguage\":\"lt-LT\",\"@id\":\"https:\\\/\\\/www.biopapa.de\\\/lt\\\/producte\\\/ekologiski-melynosios-spirulinos-milteliai\\\/#primaryimage\",\"url\":\"https:\\\/\\\/www.biopapa.de\\\/wp-content\\\/uploads\\\/2023\\\/07\\\/spirulina-melyna.png\",\"contentUrl\":\"https:\\\/\\\/www.biopapa.de\\\/wp-content\\\/uploads\\\/2023\\\/07\\\/spirulina-melyna.png\",\"width\":800,\"height\":640},{\"@type\":\"BreadcrumbList\",\"@id\":\"https:\\\/\\\/www.biopapa.de\\\/lt\\\/producte\\\/ekologiski-melynosios-spirulinos-milteliai\\\/#breadcrumb\",\"itemListElement\":[{\"@type\":\"ListItem\",\"position\":1,\"name\":\"Home\",\"item\":\"https:\\\/\\\/www.biopapa.de\\\/lt\\\/\"},{\"@type\":\"ListItem\",\"position\":2,\"name\":\"Parduotuv\u0117\",\"item\":\"https:\\\/\\\/www.biopapa.de\\\/parduotuve\\\/\"},{\"@type\":\"ListItem\",\"position\":3,\"name\":\"Ekologi\u0161ki m\u0117lynosios spirulinos milteliai\"}]},{\"@type\":\"WebSite\",\"@id\":\"https:\\\/\\\/www.biopapa.de\\\/lt\\\/#website\",\"url\":\"https:\\\/\\\/www.biopapa.de\\\/lt\\\/\",\"name\":\"Biopapa\",\"description\":\"\u0160var\u016bs ekologi\u0161ki produktai\",\"publisher\":{\"@id\":\"https:\\\/\\\/www.biopapa.de\\\/lt\\\/#organization\"},\"potentialAction\":[{\"@type\":\"SearchAction\",\"target\":{\"@type\":\"EntryPoint\",\"urlTemplate\":\"https:\\\/\\\/www.biopapa.de\\\/lt\\\/?s={search_term_string}\"},\"query-input\":{\"@type\":\"PropertyValueSpecification\",\"valueRequired\":true,\"valueName\":\"search_term_string\"}}],\"inLanguage\":\"lt-LT\"},{\"@type\":\"Organization\",\"@id\":\"https:\\\/\\\/www.biopapa.de\\\/lt\\\/#organization\",\"name\":\"Biopapa\",\"url\":\"https:\\\/\\\/www.biopapa.de\\\/lt\\\/\",\"logo\":{\"@type\":\"ImageObject\",\"inLanguage\":\"lt-LT\",\"@id\":\"https:\\\/\\\/www.biopapa.de\\\/lt\\\/#\\\/schema\\\/logo\\\/image\\\/\",\"url\":\"https:\\\/\\\/www.biopapa.lt\\\/wp-content\\\/uploads\\\/2022\\\/04\\\/facebook_biopapa.jpg\",\"contentUrl\":\"https:\\\/\\\/www.biopapa.lt\\\/wp-content\\\/uploads\\\/2022\\\/04\\\/facebook_biopapa.jpg\",\"width\":1733,\"height\":907,\"caption\":\"Biopapa\"},\"image\":{\"@id\":\"https:\\\/\\\/www.biopapa.de\\\/lt\\\/#\\\/schema\\\/logo\\\/image\\\/\"},\"sameAs\":[\"https:\\\/\\\/www.facebook.com\\\/biopapa.lt\"]}]}<\/script>\n<!-- \/ Yoast SEO plugin. -->","yoast_head_json":{"title":"Ekologi\u0161ki m\u0117lynosios spirulinos milteliai - Biopapa","description":"Ekologi\u0161ka m\u0117lynoji spirulina yra gana \u0161velnaus skonio, kuris apib\u016bdinamas kaip \u0161iek tiek \u017eemi\u0161kas arba \u017eolinis, su subtiliomis j\u016bros dumbli\u0173 u\u017euominomis. Palyginti su \u017eali\u0105ja spirulina, skonis yra daug silpnesnis.","robots":{"index":"index","follow":"follow","max-snippet":"max-snippet:-1","max-image-preview":"max-image-preview:large","max-video-preview":"max-video-preview:-1"},"canonical":"https:\/\/www.biopapa.de\/lt\/producte\/ekologiski-melynosios-spirulinos-milteliai\/","og_locale":"lt_LT","og_type":"article","og_title":"Ekologi\u0161ki m\u0117lynosios spirulinos milteliai - Biopapa","og_description":"Ekologi\u0161ka m\u0117lynoji spirulina yra gana \u0161velnaus skonio, kuris apib\u016bdinamas kaip \u0161iek tiek \u017eemi\u0161kas arba \u017eolinis, su subtiliomis j\u016bros dumbli\u0173 u\u017euominomis. Palyginti su \u017eali\u0105ja spirulina, skonis yra daug silpnesnis.","og_url":"https:\/\/www.biopapa.de\/lt\/producte\/ekologiski-melynosios-spirulinos-milteliai\/","og_site_name":"Biopapa","article_publisher":"https:\/\/www.facebook.com\/biopapa.lt","article_modified_time":"2026-04-16T13:45:41+00:00","og_image":[{"width":800,"height":640,"url":"https:\/\/www.biopapa.de\/wp-content\/uploads\/2023\/07\/spirulina-melyna.png","type":"image\/png"}],"twitter_card":"summary_large_image","twitter_misc":{"Est. reading time":"2 minut\u0117s"},"schema":{"@context":"https:\/\/schema.org","@graph":[{"@type":"WebPage","@id":"https:\/\/www.biopapa.de\/lt\/producte\/ekologiski-melynosios-spirulinos-milteliai\/","url":"https:\/\/www.biopapa.de\/lt\/producte\/ekologiski-melynosios-spirulinos-milteliai\/","name":"Ekologi\u0161ki m\u0117lynosios spirulinos milteliai - Biopapa","isPartOf":{"@id":"https:\/\/www.biopapa.de\/lt\/#website"},"primaryImageOfPage":{"@id":"https:\/\/www.biopapa.de\/lt\/producte\/ekologiski-melynosios-spirulinos-milteliai\/#primaryimage"},"image":{"@id":"https:\/\/www.biopapa.de\/lt\/producte\/ekologiski-melynosios-spirulinos-milteliai\/#primaryimage"},"thumbnailUrl":"https:\/\/www.biopapa.de\/wp-content\/uploads\/2023\/07\/spirulina-melyna.png","datePublished":"2023-07-14T06:34:33+00:00","dateModified":"2026-04-16T13:45:41+00:00","description":"Ekologi\u0161ka m\u0117lynoji spirulina yra gana \u0161velnaus skonio, kuris apib\u016bdinamas kaip \u0161iek tiek \u017eemi\u0161kas arba \u017eolinis, su subtiliomis j\u016bros dumbli\u0173 u\u017euominomis. Palyginti su \u017eali\u0105ja spirulina, skonis yra daug silpnesnis.","breadcrumb":{"@id":"https:\/\/www.biopapa.de\/lt\/producte\/ekologiski-melynosios-spirulinos-milteliai\/#breadcrumb"},"inLanguage":"lt-LT","potentialAction":[{"@type":"ReadAction","target":["https:\/\/www.biopapa.de\/lt\/producte\/ekologiski-melynosios-spirulinos-milteliai\/"]}]},{"@type":"ImageObject","inLanguage":"lt-LT","@id":"https:\/\/www.biopapa.de\/lt\/producte\/ekologiski-melynosios-spirulinos-milteliai\/#primaryimage","url":"https:\/\/www.biopapa.de\/wp-content\/uploads\/2023\/07\/spirulina-melyna.png","contentUrl":"https:\/\/www.biopapa.de\/wp-content\/uploads\/2023\/07\/spirulina-melyna.png","width":800,"height":640},{"@type":"BreadcrumbList","@id":"https:\/\/www.biopapa.de\/lt\/producte\/ekologiski-melynosios-spirulinos-milteliai\/#breadcrumb","itemListElement":[{"@type":"ListItem","position":1,"name":"Home","item":"https:\/\/www.biopapa.de\/lt\/"},{"@type":"ListItem","position":2,"name":"Parduotuv\u0117","item":"https:\/\/www.biopapa.de\/parduotuve\/"},{"@type":"ListItem","position":3,"name":"Ekologi\u0161ki m\u0117lynosios spirulinos milteliai"}]},{"@type":"WebSite","@id":"https:\/\/www.biopapa.de\/lt\/#website","url":"https:\/\/www.biopapa.de\/lt\/","name":"Biopapa","description":"\u0160var\u016bs ekologi\u0161ki produktai","publisher":{"@id":"https:\/\/www.biopapa.de\/lt\/#organization"},"potentialAction":[{"@type":"SearchAction","target":{"@type":"EntryPoint","urlTemplate":"https:\/\/www.biopapa.de\/lt\/?s={search_term_string}"},"query-input":{"@type":"PropertyValueSpecification","valueRequired":true,"valueName":"search_term_string"}}],"inLanguage":"lt-LT"},{"@type":"Organization","@id":"https:\/\/www.biopapa.de\/lt\/#organization","name":"Biopapa","url":"https:\/\/www.biopapa.de\/lt\/","logo":{"@type":"ImageObject","inLanguage":"lt-LT","@id":"https:\/\/www.biopapa.de\/lt\/#\/schema\/logo\/image\/","url":"https:\/\/www.biopapa.lt\/wp-content\/uploads\/2022\/04\/facebook_biopapa.jpg","contentUrl":"https:\/\/www.biopapa.lt\/wp-content\/uploads\/2022\/04\/facebook_biopapa.jpg","width":1733,"height":907,"caption":"Biopapa"},"image":{"@id":"https:\/\/www.biopapa.de\/lt\/#\/schema\/logo\/image\/"},"sameAs":["https:\/\/www.facebook.com\/biopapa.lt"]}]}},"_links":{"self":[{"href":"https:\/\/www.biopapa.de\/lt\/wp-json\/wp\/v2\/product\/27432","targetHints":{"allow":["GET"]}}],"collection":[{"href":"https:\/\/www.biopapa.de\/lt\/wp-json\/wp\/v2\/product"}],"about":[{"href":"https:\/\/www.biopapa.de\/lt\/wp-json\/wp\/v2\/types\/product"}],"wp:featuredmedia":[{"embeddable":true,"href":"https:\/\/www.biopapa.de\/lt\/wp-json\/wp\/v2\/media\/35681"}],"wp:attachment":[{"href":"https:\/\/www.biopapa.de\/lt\/wp-json\/wp\/v2\/media?parent=27432"}],"wp:term":[{"taxonomy":"product_brand","embeddable":true,"href":"https:\/\/www.biopapa.de\/lt\/wp-json\/wp\/v2\/product_brand?post=27432"},{"taxonomy":"product_cat","embeddable":true,"href":"https:\/\/www.biopapa.de\/lt\/wp-json\/wp\/v2\/product_cat?post=27432"},{"taxonomy":"product_tag","embeddable":true,"href":"https:\/\/www.biopapa.de\/lt\/wp-json\/wp\/v2\/product_tag?post=27432"}],"curies":[{"name":"wp","href":"https:\/\/api.w.org\/{rel}","templated":true}]}}