{"id":31055,"date":"2023-08-14T12:07:38","date_gmt":"2023-08-14T09:07:38","guid":{"rendered":"https:\/\/www.biopapa.lt\/?post_type=product&#038;p=31055"},"modified":"2025-07-24T12:06:40","modified_gmt":"2025-07-24T09:06:40","slug":"ekologiski-trifala-triphala-milteliai","status":"publish","type":"product","link":"https:\/\/www.biopapa.de\/lt\/producte\/ekologiski-trifala-triphala-milteliai\/","title":{"rendered":"Ekologi\u0161ki trifala (Triphala) milteliai"},"content":{"rendered":"<p><strong>Trifala<\/strong>, tradicin\u0117s Ajurvedos medicinos kilm\u0117s augalinis preparatas, si\u016blo unikal\u0173 trij\u0173 galing\u0173 vaisi\u0173 mi\u0161in\u012f: Amalaki vaisiai (Emblica officinalis), Bibhitaki vaisiai (Terminalia belerica), Haritaki vaisiai (Terminalia chebula). \u0160i trijul\u0117 sudaro galing\u0105 formul\u0119, pla\u010diai \u017einom\u0105 d\u0117l savo privalum\u0173 sveikatai.<\/p>\n<p>Ekologi\u0161kos Trifala (Triphala) istorija<br \/>\nAjurvedoje Trifala naudojama d\u0117l savo vir\u0161kinimui nauding\u0173 savybi\u0173 \u2013 skatinti sveik\u0105 vir\u0161kinim\u0105, detoksikuoti organizm\u0105.<br \/>\nSveika vir\u0161kinimo sistema yra b\u016btina gerai sveikatai. Nesubalansuota ir neefektyvi vir\u0161kinimo sistema sukelia daugyb\u0119 sveikatos problem\u0173, nes tiesiogiai silpnina imunitet\u0105.<br \/>\nMokslas tvirtina, kad Trifala yra galinga trij\u0173 augal\u0173 formul\u0117, turinti daugyb\u0119 veiksming\u0173 terapini\u0173 paskir\u010di\u0173.<\/p>\n<p>D\u0117mesio<br \/>\nNors Trifala paprastai yra gerai toleruojama, ta\u010diau jautr\u016bs asmenys gali patirti nedidel\u012f vir\u0161kinimo trakto diskomfort\u0105. Trifala reik\u0117t\u0173 prad\u0117ti vartoti nuo ma\u017eesn\u0117s doz\u0117s ir palaipsniui j\u0105 didinti, taip galima suma\u017einti \u0161\u012f poveik\u012f.<br \/>\nD\u0117l vidurius laisvinan\u010di\u0173 savybi\u0173, per didelis trifala vartojimas gali sukelti viduriavim\u0105.<br \/>\nN\u0117\u0161\u010diosioms ir maitina\u010dioms moterims nerekomenduojama.<\/p>\n<p>Optimalus dozavimas<br \/>\nRekomenduojama prad\u0117ti nuo 3 g (0,5 arbat. \u0161.) per dien\u0105. Maksimali doz\u0117 10 g per dien\u0105.<\/p>\n<p>Vartojimas<br \/>\n\u2013 1-3 kartus per dien\u0105 po valgio 0,5 arbat. \u0161. milteli\u0173 i\u0161mai\u0161ykite 0,5 \u2013 1 stiklin\u0117je kar\u0161to arba \u0161ilto vandens, gerkite \u0161ilt\u0105.<br \/>\n\u2013 1 kart\u0105 per dien\u0105 po vakarien\u0117s, 0,5 \u2013 1 arbat. \u0161. triphala milteli\u0173 i\u0161mai\u0161ykite 0,5 -1 stiklin\u0117je kar\u0161to arba \u0161ilto vandens, gerkite \u0161ilt\u0105.<\/p>\n<p>Vartojant tu\u0161\u010diu skrand\u017eiu jautresni \u017emon\u0117s gali jausti pilvo diskomfort\u0105. Geriausias b\u016bdas vartoti trifala yra po valgio.<br \/>\nPo 3 m\u0117n. vartojimo padaryti pertrauk\u0105.<\/p>\n<p>Burnos higienai<br \/>\nDant\u0173 pasta \u2013 sumai\u0161ykite truput\u012f Trifala milteli\u0173 su vandeniu ir naudokite kaip dant\u0173 past\u0105;<br \/>\nBurnos skaluoklis \u2013 0,5 arb.\u0161. Trifala sumai\u0161ykite su 0,5 stiklin\u0117s vandens ir naudokite kaip skaluokl\u012f.<\/p>\n<p><em>PASTABA. \u010cia pateikta informacija negali b\u016bti interpretuojama kaip gydymo ar kitokio pob\u016bd\u017eio sveikatos klausim\u0173 sprendimo rekomendacija. Raginame sprendimus, susijusius su asmenine sveikata, priimti asmeni\u0161kai, \u012fvertinus \u012fvairius informacijos \u0161altinius. <\/em><\/p>\n","protected":false},"excerpt":{"rendered":"<p>Trifala, tradicin\u0117s Ajurvedos medicinos kilm\u0117s augalinis preparatas, si\u016blo unikal\u0173 trij\u0173 galing\u0173 vaisi\u0173 mi\u0161in\u012f: Amalaki vaisiai (Emblica officinalis), Bibhitaki vaisiai (Terminalia<\/p>\n","protected":false},"featured_media":46644,"template":"","meta":{"_acf_changed":false},"product_brand":[],"product_cat":[1216,2349],"product_tag":[1485,1378],"class_list":{"0":"post-31055","1":"product","2":"type-product","3":"status-publish","4":"has-post-thumbnail","6":"product_cat-augalinis-supermaistas","7":"product_cat-milteliai","8":"product_tag-raw","9":"product_tag-veganams","10":"pa_svoris-1-kg","11":"pa_svoris-100-g","12":"pa_svoris-200-g","13":"pa_svoris-25-kg","14":"pa_svoris-300-g","15":"pa_svoris-400-g","16":"pa_svoris-50-g","17":"pa_svoris-500-g","19":"first","20":"instock","21":"shipping-taxable","22":"purchasable","23":"product-type-variable"},"acf":[],"yoast_head":"<!-- This site is optimized with the Yoast SEO plugin v27.5 - https:\/\/yoast.com\/product\/yoast-seo-wordpress\/ -->\n<title>Ekologi\u0161ki trifala (Triphala) milteliai - Biopapa<\/title>\n<meta name=\"description\" content=\"Ekologi\u0161kos Trifala (Triphala) milteli\u0173 privalumaiAjurvedoje Trifala naudojama d\u0117l savo vir\u0161kinimui nauding\u0173 savybi\u0173 - skatinti sveik\u0105 vir\u0161kinim\u0105, palengvinti viduri\u0173 u\u017ekiet\u0117jim\u0105 ir palaikyti reguliar\u0173 tu\u0161tinim\u0105si, detoksikuoti organizm\u0105.\" \/>\n<meta name=\"robots\" content=\"index, follow, max-snippet:-1, max-image-preview:large, max-video-preview:-1\" \/>\n<link rel=\"canonical\" href=\"https:\/\/www.biopapa.de\/lt\/producte\/ekologiski-trifala-triphala-milteliai\/\" \/>\n<meta property=\"og:locale\" content=\"lt_LT\" \/>\n<meta property=\"og:type\" content=\"article\" \/>\n<meta property=\"og:title\" content=\"Ekologi\u0161ki trifala (Triphala) milteliai - Biopapa\" \/>\n<meta property=\"og:description\" content=\"Ekologi\u0161kos Trifala (Triphala) milteli\u0173 privalumaiAjurvedoje Trifala naudojama d\u0117l savo vir\u0161kinimui nauding\u0173 savybi\u0173 - skatinti sveik\u0105 vir\u0161kinim\u0105, palengvinti viduri\u0173 u\u017ekiet\u0117jim\u0105 ir palaikyti reguliar\u0173 tu\u0161tinim\u0105si, detoksikuoti organizm\u0105.\" \/>\n<meta property=\"og:url\" content=\"https:\/\/www.biopapa.de\/lt\/producte\/ekologiski-trifala-triphala-milteliai\/\" \/>\n<meta property=\"og:site_name\" content=\"Biopapa\" \/>\n<meta property=\"article:publisher\" content=\"https:\/\/www.facebook.com\/biopapa.lt\" \/>\n<meta property=\"article:modified_time\" content=\"2025-07-24T09:06:40+00:00\" \/>\n<meta property=\"og:image\" content=\"https:\/\/www.biopapa.de\/wp-content\/uploads\/2023\/08\/Ekologiski-trifala-Triphala-milteliai-1.jpg.webp\" \/>\n\t<meta property=\"og:image:width\" content=\"800\" \/>\n\t<meta property=\"og:image:height\" content=\"640\" \/>\n\t<meta property=\"og:image:type\" content=\"image\/webp\" \/>\n<meta name=\"twitter:card\" content=\"summary_large_image\" \/>\n<script type=\"application\/ld+json\" class=\"yoast-schema-graph\">{\"@context\":\"https:\\\/\\\/schema.org\",\"@graph\":[{\"@type\":\"WebPage\",\"@id\":\"https:\\\/\\\/www.biopapa.de\\\/lt\\\/producte\\\/ekologiski-trifala-triphala-milteliai\\\/\",\"url\":\"https:\\\/\\\/www.biopapa.de\\\/lt\\\/producte\\\/ekologiski-trifala-triphala-milteliai\\\/\",\"name\":\"Ekologi\u0161ki trifala (Triphala) milteliai - Biopapa\",\"isPartOf\":{\"@id\":\"https:\\\/\\\/www.biopapa.de\\\/lt\\\/#website\"},\"primaryImageOfPage\":{\"@id\":\"https:\\\/\\\/www.biopapa.de\\\/lt\\\/producte\\\/ekologiski-trifala-triphala-milteliai\\\/#primaryimage\"},\"image\":{\"@id\":\"https:\\\/\\\/www.biopapa.de\\\/lt\\\/producte\\\/ekologiski-trifala-triphala-milteliai\\\/#primaryimage\"},\"thumbnailUrl\":\"https:\\\/\\\/www.biopapa.de\\\/wp-content\\\/uploads\\\/2023\\\/08\\\/Ekologiski-trifala-Triphala-milteliai-1.jpg.webp\",\"datePublished\":\"2023-08-14T09:07:38+00:00\",\"dateModified\":\"2025-07-24T09:06:40+00:00\",\"description\":\"Ekologi\u0161kos Trifala (Triphala) milteli\u0173 privalumaiAjurvedoje Trifala naudojama d\u0117l savo vir\u0161kinimui nauding\u0173 savybi\u0173 - skatinti sveik\u0105 vir\u0161kinim\u0105, palengvinti viduri\u0173 u\u017ekiet\u0117jim\u0105 ir palaikyti reguliar\u0173 tu\u0161tinim\u0105si, detoksikuoti organizm\u0105.\",\"breadcrumb\":{\"@id\":\"https:\\\/\\\/www.biopapa.de\\\/lt\\\/producte\\\/ekologiski-trifala-triphala-milteliai\\\/#breadcrumb\"},\"inLanguage\":\"lt-LT\",\"potentialAction\":[{\"@type\":\"ReadAction\",\"target\":[\"https:\\\/\\\/www.biopapa.de\\\/lt\\\/producte\\\/ekologiski-trifala-triphala-milteliai\\\/\"]}]},{\"@type\":\"ImageObject\",\"inLanguage\":\"lt-LT\",\"@id\":\"https:\\\/\\\/www.biopapa.de\\\/lt\\\/producte\\\/ekologiski-trifala-triphala-milteliai\\\/#primaryimage\",\"url\":\"https:\\\/\\\/www.biopapa.de\\\/wp-content\\\/uploads\\\/2023\\\/08\\\/Ekologiski-trifala-Triphala-milteliai-1.jpg.webp\",\"contentUrl\":\"https:\\\/\\\/www.biopapa.de\\\/wp-content\\\/uploads\\\/2023\\\/08\\\/Ekologiski-trifala-Triphala-milteliai-1.jpg.webp\",\"width\":800,\"height\":640},{\"@type\":\"BreadcrumbList\",\"@id\":\"https:\\\/\\\/www.biopapa.de\\\/lt\\\/producte\\\/ekologiski-trifala-triphala-milteliai\\\/#breadcrumb\",\"itemListElement\":[{\"@type\":\"ListItem\",\"position\":1,\"name\":\"Home\",\"item\":\"https:\\\/\\\/www.biopapa.de\\\/lt\\\/\"},{\"@type\":\"ListItem\",\"position\":2,\"name\":\"Parduotuv\u0117\",\"item\":\"https:\\\/\\\/www.biopapa.de\\\/parduotuve\\\/\"},{\"@type\":\"ListItem\",\"position\":3,\"name\":\"Ekologi\u0161ki trifala (Triphala) milteliai\"}]},{\"@type\":\"WebSite\",\"@id\":\"https:\\\/\\\/www.biopapa.de\\\/lt\\\/#website\",\"url\":\"https:\\\/\\\/www.biopapa.de\\\/lt\\\/\",\"name\":\"Biopapa\",\"description\":\"\u0160var\u016bs ekologi\u0161ki produktai\",\"publisher\":{\"@id\":\"https:\\\/\\\/www.biopapa.de\\\/lt\\\/#organization\"},\"potentialAction\":[{\"@type\":\"SearchAction\",\"target\":{\"@type\":\"EntryPoint\",\"urlTemplate\":\"https:\\\/\\\/www.biopapa.de\\\/lt\\\/?s={search_term_string}\"},\"query-input\":{\"@type\":\"PropertyValueSpecification\",\"valueRequired\":true,\"valueName\":\"search_term_string\"}}],\"inLanguage\":\"lt-LT\"},{\"@type\":\"Organization\",\"@id\":\"https:\\\/\\\/www.biopapa.de\\\/lt\\\/#organization\",\"name\":\"Biopapa\",\"url\":\"https:\\\/\\\/www.biopapa.de\\\/lt\\\/\",\"logo\":{\"@type\":\"ImageObject\",\"inLanguage\":\"lt-LT\",\"@id\":\"https:\\\/\\\/www.biopapa.de\\\/lt\\\/#\\\/schema\\\/logo\\\/image\\\/\",\"url\":\"https:\\\/\\\/www.biopapa.lt\\\/wp-content\\\/uploads\\\/2022\\\/04\\\/facebook_biopapa.jpg\",\"contentUrl\":\"https:\\\/\\\/www.biopapa.lt\\\/wp-content\\\/uploads\\\/2022\\\/04\\\/facebook_biopapa.jpg\",\"width\":1733,\"height\":907,\"caption\":\"Biopapa\"},\"image\":{\"@id\":\"https:\\\/\\\/www.biopapa.de\\\/lt\\\/#\\\/schema\\\/logo\\\/image\\\/\"},\"sameAs\":[\"https:\\\/\\\/www.facebook.com\\\/biopapa.lt\"]}]}<\/script>\n<!-- \/ Yoast SEO plugin. -->","yoast_head_json":{"title":"Ekologi\u0161ki trifala (Triphala) milteliai - Biopapa","description":"Ekologi\u0161kos Trifala (Triphala) milteli\u0173 privalumaiAjurvedoje Trifala naudojama d\u0117l savo vir\u0161kinimui nauding\u0173 savybi\u0173 - skatinti sveik\u0105 vir\u0161kinim\u0105, palengvinti viduri\u0173 u\u017ekiet\u0117jim\u0105 ir palaikyti reguliar\u0173 tu\u0161tinim\u0105si, detoksikuoti organizm\u0105.","robots":{"index":"index","follow":"follow","max-snippet":"max-snippet:-1","max-image-preview":"max-image-preview:large","max-video-preview":"max-video-preview:-1"},"canonical":"https:\/\/www.biopapa.de\/lt\/producte\/ekologiski-trifala-triphala-milteliai\/","og_locale":"lt_LT","og_type":"article","og_title":"Ekologi\u0161ki trifala (Triphala) milteliai - Biopapa","og_description":"Ekologi\u0161kos Trifala (Triphala) milteli\u0173 privalumaiAjurvedoje Trifala naudojama d\u0117l savo vir\u0161kinimui nauding\u0173 savybi\u0173 - skatinti sveik\u0105 vir\u0161kinim\u0105, palengvinti viduri\u0173 u\u017ekiet\u0117jim\u0105 ir palaikyti reguliar\u0173 tu\u0161tinim\u0105si, detoksikuoti organizm\u0105.","og_url":"https:\/\/www.biopapa.de\/lt\/producte\/ekologiski-trifala-triphala-milteliai\/","og_site_name":"Biopapa","article_publisher":"https:\/\/www.facebook.com\/biopapa.lt","article_modified_time":"2025-07-24T09:06:40+00:00","og_image":[{"width":800,"height":640,"url":"https:\/\/www.biopapa.de\/wp-content\/uploads\/2023\/08\/Ekologiski-trifala-Triphala-milteliai-1.jpg.webp","type":"image\/webp"}],"twitter_card":"summary_large_image","schema":{"@context":"https:\/\/schema.org","@graph":[{"@type":"WebPage","@id":"https:\/\/www.biopapa.de\/lt\/producte\/ekologiski-trifala-triphala-milteliai\/","url":"https:\/\/www.biopapa.de\/lt\/producte\/ekologiski-trifala-triphala-milteliai\/","name":"Ekologi\u0161ki trifala (Triphala) milteliai - Biopapa","isPartOf":{"@id":"https:\/\/www.biopapa.de\/lt\/#website"},"primaryImageOfPage":{"@id":"https:\/\/www.biopapa.de\/lt\/producte\/ekologiski-trifala-triphala-milteliai\/#primaryimage"},"image":{"@id":"https:\/\/www.biopapa.de\/lt\/producte\/ekologiski-trifala-triphala-milteliai\/#primaryimage"},"thumbnailUrl":"https:\/\/www.biopapa.de\/wp-content\/uploads\/2023\/08\/Ekologiski-trifala-Triphala-milteliai-1.jpg.webp","datePublished":"2023-08-14T09:07:38+00:00","dateModified":"2025-07-24T09:06:40+00:00","description":"Ekologi\u0161kos Trifala (Triphala) milteli\u0173 privalumaiAjurvedoje Trifala naudojama d\u0117l savo vir\u0161kinimui nauding\u0173 savybi\u0173 - skatinti sveik\u0105 vir\u0161kinim\u0105, palengvinti viduri\u0173 u\u017ekiet\u0117jim\u0105 ir palaikyti reguliar\u0173 tu\u0161tinim\u0105si, detoksikuoti organizm\u0105.","breadcrumb":{"@id":"https:\/\/www.biopapa.de\/lt\/producte\/ekologiski-trifala-triphala-milteliai\/#breadcrumb"},"inLanguage":"lt-LT","potentialAction":[{"@type":"ReadAction","target":["https:\/\/www.biopapa.de\/lt\/producte\/ekologiski-trifala-triphala-milteliai\/"]}]},{"@type":"ImageObject","inLanguage":"lt-LT","@id":"https:\/\/www.biopapa.de\/lt\/producte\/ekologiski-trifala-triphala-milteliai\/#primaryimage","url":"https:\/\/www.biopapa.de\/wp-content\/uploads\/2023\/08\/Ekologiski-trifala-Triphala-milteliai-1.jpg.webp","contentUrl":"https:\/\/www.biopapa.de\/wp-content\/uploads\/2023\/08\/Ekologiski-trifala-Triphala-milteliai-1.jpg.webp","width":800,"height":640},{"@type":"BreadcrumbList","@id":"https:\/\/www.biopapa.de\/lt\/producte\/ekologiski-trifala-triphala-milteliai\/#breadcrumb","itemListElement":[{"@type":"ListItem","position":1,"name":"Home","item":"https:\/\/www.biopapa.de\/lt\/"},{"@type":"ListItem","position":2,"name":"Parduotuv\u0117","item":"https:\/\/www.biopapa.de\/parduotuve\/"},{"@type":"ListItem","position":3,"name":"Ekologi\u0161ki trifala (Triphala) milteliai"}]},{"@type":"WebSite","@id":"https:\/\/www.biopapa.de\/lt\/#website","url":"https:\/\/www.biopapa.de\/lt\/","name":"Biopapa","description":"\u0160var\u016bs ekologi\u0161ki produktai","publisher":{"@id":"https:\/\/www.biopapa.de\/lt\/#organization"},"potentialAction":[{"@type":"SearchAction","target":{"@type":"EntryPoint","urlTemplate":"https:\/\/www.biopapa.de\/lt\/?s={search_term_string}"},"query-input":{"@type":"PropertyValueSpecification","valueRequired":true,"valueName":"search_term_string"}}],"inLanguage":"lt-LT"},{"@type":"Organization","@id":"https:\/\/www.biopapa.de\/lt\/#organization","name":"Biopapa","url":"https:\/\/www.biopapa.de\/lt\/","logo":{"@type":"ImageObject","inLanguage":"lt-LT","@id":"https:\/\/www.biopapa.de\/lt\/#\/schema\/logo\/image\/","url":"https:\/\/www.biopapa.lt\/wp-content\/uploads\/2022\/04\/facebook_biopapa.jpg","contentUrl":"https:\/\/www.biopapa.lt\/wp-content\/uploads\/2022\/04\/facebook_biopapa.jpg","width":1733,"height":907,"caption":"Biopapa"},"image":{"@id":"https:\/\/www.biopapa.de\/lt\/#\/schema\/logo\/image\/"},"sameAs":["https:\/\/www.facebook.com\/biopapa.lt"]}]}},"_links":{"self":[{"href":"https:\/\/www.biopapa.de\/lt\/wp-json\/wp\/v2\/product\/31055","targetHints":{"allow":["GET"]}}],"collection":[{"href":"https:\/\/www.biopapa.de\/lt\/wp-json\/wp\/v2\/product"}],"about":[{"href":"https:\/\/www.biopapa.de\/lt\/wp-json\/wp\/v2\/types\/product"}],"wp:featuredmedia":[{"embeddable":true,"href":"https:\/\/www.biopapa.de\/lt\/wp-json\/wp\/v2\/media\/46644"}],"wp:attachment":[{"href":"https:\/\/www.biopapa.de\/lt\/wp-json\/wp\/v2\/media?parent=31055"}],"wp:term":[{"taxonomy":"product_brand","embeddable":true,"href":"https:\/\/www.biopapa.de\/lt\/wp-json\/wp\/v2\/product_brand?post=31055"},{"taxonomy":"product_cat","embeddable":true,"href":"https:\/\/www.biopapa.de\/lt\/wp-json\/wp\/v2\/product_cat?post=31055"},{"taxonomy":"product_tag","embeddable":true,"href":"https:\/\/www.biopapa.de\/lt\/wp-json\/wp\/v2\/product_tag?post=31055"}],"curies":[{"name":"wp","href":"https:\/\/api.w.org\/{rel}","templated":true}]}}