{"id":31064,"date":"2023-08-14T12:15:14","date_gmt":"2023-08-14T09:15:14","guid":{"rendered":"https:\/\/www.biopapa.lt\/?post_type=product&#038;p=31064"},"modified":"2026-02-13T13:43:35","modified_gmt":"2026-02-13T11:43:35","slug":"ekologiski-saldymedzio-saknu-liquorice-milteliai","status":"publish","type":"product","link":"https:\/\/www.biopapa.de\/lt\/producte\/ekologiski-saldymedzio-saknu-liquorice-milteliai\/","title":{"rendered":"Ekologi\u0161ki saldymed\u017eio \u0161akn\u0173 (Liquorice) milteliai"},"content":{"rendered":"<p>Saldymedis, pasi\u017eymintis i\u0161skirtiniu sald\u017eiu ir pikanti\u0161ku skoniu, \u017einomas jau \u0161imtme\u010dius. Ekologi\u0161ki saldymed\u017eio \u0161akn\u0173 (Liquorice) milteliai gaunami i\u0161 <em>Glycyrrhiza glabra<\/em> augalo \u0161akn\u0173.<br \/>\nJie gali pasi\u016blyti ne tik unikali\u0105 kulinarin\u0119 patirt\u012f, bet ir galim\u0105 naud\u0105 sveikatai.<\/p>\n<p><em>Ajurvedoje ir Tradicin\u0117je kin\u0173 medicinoje (TCM) saldymedis buvo naudojamas<\/em><br \/>\n&#8211; nuraminti skrand\u017eio sutrikimus, \u012fskaitant vir\u0161kinimo sutrikimus ir r\u0117men\u012f, skatinti apsaugini\u0173 gleivi\u0173 susidarym\u0105 skrand\u017eio gleivin\u0117je,<br \/>\n&#8211; suma\u017einti u\u017edegim\u0105;<br \/>\n&#8211; gydyti vir\u0161utini\u0173 kv\u0117pavimo tak\u0173 problemas,<br \/>\n&#8211; gerinti aki\u0173 sveikat\u0105,<br \/>\n&#8211; neutralizuoti toksinus organizme; TCM naudojams net apsinuodijus maistu,<br \/>\n&#8211; kaip galingas atioksidantas,<br \/>\n&#8211; energijai padidinti,<br \/>\n&#8211; odos ir plauk\u0173 kokybei pagerinti.<\/p>\n<p><em>\u0160iuolaikiniai tyrimai taip pat tvirtina<\/em><br \/>\nKad aktyv\u016bs saldymed\u017eio junginiai, \u012fskaitant glicirizin\u0105, turi prie\u0161u\u017edegimini\u0173 savybi\u0173, kurios gali pad\u0117ti sergant u\u017edegimin\u0117mis ligomis.<br \/>\nKeletas tyrim\u0173 apib\u016bdino antivirusin\u012f ir antibakterin\u012f saldymed\u017eio \u0161aknies poveik\u012f. Saldymed\u017eio \u0161aknies fitochemin\u0117s med\u017eiagos sul\u0117tina viruso dauginim\u0105si ir trukdo bakterij\u0173 augimui. Antibakterin\u0117 saldymed\u017eio savyb\u0117 turi didel\u0119 reik\u0161m\u0119, ypa\u010d besivystan\u010diose \u0161alyse, kur saldymedis naudojamas siekiant kovoti su infekcijomis.<br \/>\nSaldymedis naudingas esant alergijai ir alerginiam rinitui.<br \/>\nSaldymed\u017eio junginiai gali tur\u0117ti estrogenin\u012f poveik\u012f, kuris gali b\u016bti naudingas valdant hormon\u0173 disbalans\u0105 ir palaikant moter\u0173 sveikat\u0105 &#8211; fitoestrogenai gali atlikti estrogen\u0173 funkcijas ir gali pagelb\u0117ti moterims menopaus\u0117s metu ar esant prie\u0161menstruaciniam sindromui.<\/p>\n<p><em>Nors saldymedis turi galimos naudos, svarbu \u017einoti galim\u0105 \u0161alutin\u012f poveik\u012f<\/em><br \/>\nIlgalaikis arba per didelis saldymed\u017eio vartojimas gali suma\u017einti kalio kiek\u012f.<br \/>\nSaldymedis gali s\u0105veikauti su tam tikrais vaistais, \u012fskaitant vaistus nuo kraujosp\u016bd\u017eio, \u0161irdies lig\u0173 ir diabeto.<br \/>\nKaip ir bet kuriai priemonei, svarbiausia yra saikas.<\/p>\n<p><em>Naudojimas<\/em><br \/>\nD\u0117l i\u0161skirtinio saldymed\u017eio skonio jis yra universalus \u012fvairi\u0173 kulinarini\u0173 gamini\u0173 ingredientas<br \/>\nSaldymedis gali b\u016bti naudojamas g\u0117rimams, saldainiams ir kepiniams pagardinti.<br \/>\nSaldymed\u017eio \u0161aknis yra populiarus \u017eoleli\u0173 arbatos ingredientas, pasi\u017eymintis raminan\u010diomis savyb\u0117mis ir suteikiantis nat\u016bral\u0173 saldum\u0105.<\/p>\n<p>Naudoti ne daugiau nei 3 g per dien\u0105.<\/p>\n<p>Tegul maistas b\u016bna J\u016bs\u0173 vaistas!<\/p>\n<p>\u0160altiniai:<br \/>\nhttps:\/\/www.webmd.com<br \/>\nhttps:\/\/www.healthline.com<\/p>\n<p><em>PASTABA. \u010cia pateikta informacija negali b\u016bti interpretuojama kaip gydymo ar kitokio pob\u016bd\u017eio sveikatos klausim\u0173 sprendimo rekomendacija. Raginame sprendimus, susijusius su asmenine sveikata, priimti asmeni\u0161kai, \u012fvertinus \u012fvairius informacijos \u0161altinius. <\/em><\/p>\n","protected":false},"excerpt":{"rendered":"<p>Saldymedis, pasi\u017eymintis i\u0161skirtiniu sald\u017eiu ir pikanti\u0161ku skoniu, \u017einomas jau \u0161imtme\u010dius. Ekologi\u0161ki saldymed\u017eio \u0161akn\u0173 (Liquorice) milteliai gaunami i\u0161 Glycyrrhiza glabra augalo<\/p>\n","protected":false},"featured_media":31171,"template":"","meta":{"_acf_changed":false},"product_brand":[],"product_cat":[1216,2349],"product_tag":[1381,1378],"class_list":{"0":"post-31064","1":"product","2":"type-product","3":"status-publish","4":"has-post-thumbnail","6":"product_cat-augalinis-supermaistas","7":"product_cat-milteliai","8":"product_tag-be-pridetinio-cukraus","9":"product_tag-veganams","10":"pa_svoris-1-kg","11":"pa_svoris-100-g","12":"pa_svoris-200-g","13":"pa_svoris-300-g","14":"pa_svoris-400-g","15":"pa_svoris-50-g","16":"pa_svoris-500-g","18":"first","19":"outofstock","20":"shipping-taxable","21":"purchasable","22":"product-type-variable"},"acf":[],"yoast_head":"<!-- This site is optimized with the Yoast SEO plugin v27.5 - https:\/\/yoast.com\/product\/yoast-seo-wordpress\/ -->\n<title>Ekologi\u0161ki saldymed\u017eio \u0161akn\u0173 (Liquorice) milteliai - Biopapa<\/title>\n<meta name=\"description\" content=\"Ekologi\u0161ki saldymed\u017eio \u0161akn\u0173 (Liquorice) milteliai gaunami i\u0161 Glycyrrhiza glabra augalo \u0161akn\u0173.Jie gali pasi\u016blyti ne tik unikali\u0105 kulinarin\u0119 patirt\u012f, bet ir galim\u0105 naud\u0105 sveikatai.\" \/>\n<meta name=\"robots\" content=\"index, follow, max-snippet:-1, max-image-preview:large, max-video-preview:-1\" \/>\n<link rel=\"canonical\" href=\"https:\/\/www.biopapa.de\/lt\/producte\/ekologiski-saldymedzio-saknu-liquorice-milteliai\/\" \/>\n<meta property=\"og:locale\" content=\"lt_LT\" \/>\n<meta property=\"og:type\" content=\"article\" \/>\n<meta property=\"og:title\" content=\"Ekologi\u0161ki saldymed\u017eio \u0161akn\u0173 (Liquorice) milteliai - Biopapa\" \/>\n<meta property=\"og:description\" content=\"Ekologi\u0161ki saldymed\u017eio \u0161akn\u0173 (Liquorice) milteliai gaunami i\u0161 Glycyrrhiza glabra augalo \u0161akn\u0173.Jie gali pasi\u016blyti ne tik unikali\u0105 kulinarin\u0119 patirt\u012f, bet ir galim\u0105 naud\u0105 sveikatai.\" \/>\n<meta property=\"og:url\" content=\"https:\/\/www.biopapa.de\/lt\/producte\/ekologiski-saldymedzio-saknu-liquorice-milteliai\/\" \/>\n<meta property=\"og:site_name\" content=\"Biopapa\" \/>\n<meta property=\"article:publisher\" content=\"https:\/\/www.facebook.com\/biopapa.lt\" \/>\n<meta property=\"article:modified_time\" content=\"2026-02-13T11:43:35+00:00\" \/>\n<meta property=\"og:image\" content=\"https:\/\/www.biopapa.de\/wp-content\/uploads\/2023\/08\/Saldymedis.png\" \/>\n\t<meta property=\"og:image:width\" content=\"800\" \/>\n\t<meta property=\"og:image:height\" content=\"640\" \/>\n\t<meta property=\"og:image:type\" content=\"image\/png\" \/>\n<meta name=\"twitter:card\" content=\"summary_large_image\" \/>\n<script type=\"application\/ld+json\" class=\"yoast-schema-graph\">{\"@context\":\"https:\\\/\\\/schema.org\",\"@graph\":[{\"@type\":\"WebPage\",\"@id\":\"https:\\\/\\\/www.biopapa.de\\\/lt\\\/producte\\\/ekologiski-saldymedzio-saknu-liquorice-milteliai\\\/\",\"url\":\"https:\\\/\\\/www.biopapa.de\\\/lt\\\/producte\\\/ekologiski-saldymedzio-saknu-liquorice-milteliai\\\/\",\"name\":\"Ekologi\u0161ki saldymed\u017eio \u0161akn\u0173 (Liquorice) milteliai - Biopapa\",\"isPartOf\":{\"@id\":\"https:\\\/\\\/www.biopapa.de\\\/lt\\\/#website\"},\"primaryImageOfPage\":{\"@id\":\"https:\\\/\\\/www.biopapa.de\\\/lt\\\/producte\\\/ekologiski-saldymedzio-saknu-liquorice-milteliai\\\/#primaryimage\"},\"image\":{\"@id\":\"https:\\\/\\\/www.biopapa.de\\\/lt\\\/producte\\\/ekologiski-saldymedzio-saknu-liquorice-milteliai\\\/#primaryimage\"},\"thumbnailUrl\":\"https:\\\/\\\/www.biopapa.de\\\/wp-content\\\/uploads\\\/2023\\\/08\\\/Saldymedis.png\",\"datePublished\":\"2023-08-14T09:15:14+00:00\",\"dateModified\":\"2026-02-13T11:43:35+00:00\",\"description\":\"Ekologi\u0161ki saldymed\u017eio \u0161akn\u0173 (Liquorice) milteliai gaunami i\u0161 Glycyrrhiza glabra augalo \u0161akn\u0173.Jie gali pasi\u016blyti ne tik unikali\u0105 kulinarin\u0119 patirt\u012f, bet ir galim\u0105 naud\u0105 sveikatai.\",\"breadcrumb\":{\"@id\":\"https:\\\/\\\/www.biopapa.de\\\/lt\\\/producte\\\/ekologiski-saldymedzio-saknu-liquorice-milteliai\\\/#breadcrumb\"},\"inLanguage\":\"lt-LT\",\"potentialAction\":[{\"@type\":\"ReadAction\",\"target\":[\"https:\\\/\\\/www.biopapa.de\\\/lt\\\/producte\\\/ekologiski-saldymedzio-saknu-liquorice-milteliai\\\/\"]}]},{\"@type\":\"ImageObject\",\"inLanguage\":\"lt-LT\",\"@id\":\"https:\\\/\\\/www.biopapa.de\\\/lt\\\/producte\\\/ekologiski-saldymedzio-saknu-liquorice-milteliai\\\/#primaryimage\",\"url\":\"https:\\\/\\\/www.biopapa.de\\\/wp-content\\\/uploads\\\/2023\\\/08\\\/Saldymedis.png\",\"contentUrl\":\"https:\\\/\\\/www.biopapa.de\\\/wp-content\\\/uploads\\\/2023\\\/08\\\/Saldymedis.png\",\"width\":800,\"height\":640},{\"@type\":\"BreadcrumbList\",\"@id\":\"https:\\\/\\\/www.biopapa.de\\\/lt\\\/producte\\\/ekologiski-saldymedzio-saknu-liquorice-milteliai\\\/#breadcrumb\",\"itemListElement\":[{\"@type\":\"ListItem\",\"position\":1,\"name\":\"Home\",\"item\":\"https:\\\/\\\/www.biopapa.de\\\/lt\\\/\"},{\"@type\":\"ListItem\",\"position\":2,\"name\":\"Parduotuv\u0117\",\"item\":\"https:\\\/\\\/www.biopapa.de\\\/parduotuve\\\/\"},{\"@type\":\"ListItem\",\"position\":3,\"name\":\"Ekologi\u0161ki saldymed\u017eio \u0161akn\u0173 (Liquorice) milteliai\"}]},{\"@type\":\"WebSite\",\"@id\":\"https:\\\/\\\/www.biopapa.de\\\/lt\\\/#website\",\"url\":\"https:\\\/\\\/www.biopapa.de\\\/lt\\\/\",\"name\":\"Biopapa\",\"description\":\"\u0160var\u016bs ekologi\u0161ki produktai\",\"publisher\":{\"@id\":\"https:\\\/\\\/www.biopapa.de\\\/lt\\\/#organization\"},\"potentialAction\":[{\"@type\":\"SearchAction\",\"target\":{\"@type\":\"EntryPoint\",\"urlTemplate\":\"https:\\\/\\\/www.biopapa.de\\\/lt\\\/?s={search_term_string}\"},\"query-input\":{\"@type\":\"PropertyValueSpecification\",\"valueRequired\":true,\"valueName\":\"search_term_string\"}}],\"inLanguage\":\"lt-LT\"},{\"@type\":\"Organization\",\"@id\":\"https:\\\/\\\/www.biopapa.de\\\/lt\\\/#organization\",\"name\":\"Biopapa\",\"url\":\"https:\\\/\\\/www.biopapa.de\\\/lt\\\/\",\"logo\":{\"@type\":\"ImageObject\",\"inLanguage\":\"lt-LT\",\"@id\":\"https:\\\/\\\/www.biopapa.de\\\/lt\\\/#\\\/schema\\\/logo\\\/image\\\/\",\"url\":\"https:\\\/\\\/www.biopapa.lt\\\/wp-content\\\/uploads\\\/2022\\\/04\\\/facebook_biopapa.jpg\",\"contentUrl\":\"https:\\\/\\\/www.biopapa.lt\\\/wp-content\\\/uploads\\\/2022\\\/04\\\/facebook_biopapa.jpg\",\"width\":1733,\"height\":907,\"caption\":\"Biopapa\"},\"image\":{\"@id\":\"https:\\\/\\\/www.biopapa.de\\\/lt\\\/#\\\/schema\\\/logo\\\/image\\\/\"},\"sameAs\":[\"https:\\\/\\\/www.facebook.com\\\/biopapa.lt\"]}]}<\/script>\n<!-- \/ Yoast SEO plugin. -->","yoast_head_json":{"title":"Ekologi\u0161ki saldymed\u017eio \u0161akn\u0173 (Liquorice) milteliai - Biopapa","description":"Ekologi\u0161ki saldymed\u017eio \u0161akn\u0173 (Liquorice) milteliai gaunami i\u0161 Glycyrrhiza glabra augalo \u0161akn\u0173.Jie gali pasi\u016blyti ne tik unikali\u0105 kulinarin\u0119 patirt\u012f, bet ir galim\u0105 naud\u0105 sveikatai.","robots":{"index":"index","follow":"follow","max-snippet":"max-snippet:-1","max-image-preview":"max-image-preview:large","max-video-preview":"max-video-preview:-1"},"canonical":"https:\/\/www.biopapa.de\/lt\/producte\/ekologiski-saldymedzio-saknu-liquorice-milteliai\/","og_locale":"lt_LT","og_type":"article","og_title":"Ekologi\u0161ki saldymed\u017eio \u0161akn\u0173 (Liquorice) milteliai - Biopapa","og_description":"Ekologi\u0161ki saldymed\u017eio \u0161akn\u0173 (Liquorice) milteliai gaunami i\u0161 Glycyrrhiza glabra augalo \u0161akn\u0173.Jie gali pasi\u016blyti ne tik unikali\u0105 kulinarin\u0119 patirt\u012f, bet ir galim\u0105 naud\u0105 sveikatai.","og_url":"https:\/\/www.biopapa.de\/lt\/producte\/ekologiski-saldymedzio-saknu-liquorice-milteliai\/","og_site_name":"Biopapa","article_publisher":"https:\/\/www.facebook.com\/biopapa.lt","article_modified_time":"2026-02-13T11:43:35+00:00","og_image":[{"width":800,"height":640,"url":"https:\/\/www.biopapa.de\/wp-content\/uploads\/2023\/08\/Saldymedis.png","type":"image\/png"}],"twitter_card":"summary_large_image","schema":{"@context":"https:\/\/schema.org","@graph":[{"@type":"WebPage","@id":"https:\/\/www.biopapa.de\/lt\/producte\/ekologiski-saldymedzio-saknu-liquorice-milteliai\/","url":"https:\/\/www.biopapa.de\/lt\/producte\/ekologiski-saldymedzio-saknu-liquorice-milteliai\/","name":"Ekologi\u0161ki saldymed\u017eio \u0161akn\u0173 (Liquorice) milteliai - Biopapa","isPartOf":{"@id":"https:\/\/www.biopapa.de\/lt\/#website"},"primaryImageOfPage":{"@id":"https:\/\/www.biopapa.de\/lt\/producte\/ekologiski-saldymedzio-saknu-liquorice-milteliai\/#primaryimage"},"image":{"@id":"https:\/\/www.biopapa.de\/lt\/producte\/ekologiski-saldymedzio-saknu-liquorice-milteliai\/#primaryimage"},"thumbnailUrl":"https:\/\/www.biopapa.de\/wp-content\/uploads\/2023\/08\/Saldymedis.png","datePublished":"2023-08-14T09:15:14+00:00","dateModified":"2026-02-13T11:43:35+00:00","description":"Ekologi\u0161ki saldymed\u017eio \u0161akn\u0173 (Liquorice) milteliai gaunami i\u0161 Glycyrrhiza glabra augalo \u0161akn\u0173.Jie gali pasi\u016blyti ne tik unikali\u0105 kulinarin\u0119 patirt\u012f, bet ir galim\u0105 naud\u0105 sveikatai.","breadcrumb":{"@id":"https:\/\/www.biopapa.de\/lt\/producte\/ekologiski-saldymedzio-saknu-liquorice-milteliai\/#breadcrumb"},"inLanguage":"lt-LT","potentialAction":[{"@type":"ReadAction","target":["https:\/\/www.biopapa.de\/lt\/producte\/ekologiski-saldymedzio-saknu-liquorice-milteliai\/"]}]},{"@type":"ImageObject","inLanguage":"lt-LT","@id":"https:\/\/www.biopapa.de\/lt\/producte\/ekologiski-saldymedzio-saknu-liquorice-milteliai\/#primaryimage","url":"https:\/\/www.biopapa.de\/wp-content\/uploads\/2023\/08\/Saldymedis.png","contentUrl":"https:\/\/www.biopapa.de\/wp-content\/uploads\/2023\/08\/Saldymedis.png","width":800,"height":640},{"@type":"BreadcrumbList","@id":"https:\/\/www.biopapa.de\/lt\/producte\/ekologiski-saldymedzio-saknu-liquorice-milteliai\/#breadcrumb","itemListElement":[{"@type":"ListItem","position":1,"name":"Home","item":"https:\/\/www.biopapa.de\/lt\/"},{"@type":"ListItem","position":2,"name":"Parduotuv\u0117","item":"https:\/\/www.biopapa.de\/parduotuve\/"},{"@type":"ListItem","position":3,"name":"Ekologi\u0161ki saldymed\u017eio \u0161akn\u0173 (Liquorice) milteliai"}]},{"@type":"WebSite","@id":"https:\/\/www.biopapa.de\/lt\/#website","url":"https:\/\/www.biopapa.de\/lt\/","name":"Biopapa","description":"\u0160var\u016bs ekologi\u0161ki produktai","publisher":{"@id":"https:\/\/www.biopapa.de\/lt\/#organization"},"potentialAction":[{"@type":"SearchAction","target":{"@type":"EntryPoint","urlTemplate":"https:\/\/www.biopapa.de\/lt\/?s={search_term_string}"},"query-input":{"@type":"PropertyValueSpecification","valueRequired":true,"valueName":"search_term_string"}}],"inLanguage":"lt-LT"},{"@type":"Organization","@id":"https:\/\/www.biopapa.de\/lt\/#organization","name":"Biopapa","url":"https:\/\/www.biopapa.de\/lt\/","logo":{"@type":"ImageObject","inLanguage":"lt-LT","@id":"https:\/\/www.biopapa.de\/lt\/#\/schema\/logo\/image\/","url":"https:\/\/www.biopapa.lt\/wp-content\/uploads\/2022\/04\/facebook_biopapa.jpg","contentUrl":"https:\/\/www.biopapa.lt\/wp-content\/uploads\/2022\/04\/facebook_biopapa.jpg","width":1733,"height":907,"caption":"Biopapa"},"image":{"@id":"https:\/\/www.biopapa.de\/lt\/#\/schema\/logo\/image\/"},"sameAs":["https:\/\/www.facebook.com\/biopapa.lt"]}]}},"_links":{"self":[{"href":"https:\/\/www.biopapa.de\/lt\/wp-json\/wp\/v2\/product\/31064","targetHints":{"allow":["GET"]}}],"collection":[{"href":"https:\/\/www.biopapa.de\/lt\/wp-json\/wp\/v2\/product"}],"about":[{"href":"https:\/\/www.biopapa.de\/lt\/wp-json\/wp\/v2\/types\/product"}],"wp:featuredmedia":[{"embeddable":true,"href":"https:\/\/www.biopapa.de\/lt\/wp-json\/wp\/v2\/media\/31171"}],"wp:attachment":[{"href":"https:\/\/www.biopapa.de\/lt\/wp-json\/wp\/v2\/media?parent=31064"}],"wp:term":[{"taxonomy":"product_brand","embeddable":true,"href":"https:\/\/www.biopapa.de\/lt\/wp-json\/wp\/v2\/product_brand?post=31064"},{"taxonomy":"product_cat","embeddable":true,"href":"https:\/\/www.biopapa.de\/lt\/wp-json\/wp\/v2\/product_cat?post=31064"},{"taxonomy":"product_tag","embeddable":true,"href":"https:\/\/www.biopapa.de\/lt\/wp-json\/wp\/v2\/product_tag?post=31064"}],"curies":[{"name":"wp","href":"https:\/\/api.w.org\/{rel}","templated":true}]}}