{"id":31704,"date":"2023-08-24T17:19:17","date_gmt":"2023-08-24T14:19:17","guid":{"rendered":"https:\/\/www.biopapa.lt\/?post_type=product&#038;p=31704"},"modified":"2026-02-17T13:58:28","modified_gmt":"2026-02-17T11:58:28","slug":"ekologiskas-maltas-ceilono-cinamonas-38-g-biopapa","status":"publish","type":"product","link":"https:\/\/www.biopapa.de\/lt\/producte\/ekologiskas-maltas-ceilono-cinamonas-38-g-biopapa\/","title":{"rendered":"Ekologi\u0161kas maltas Ceilono cinamonas 38 g, Biopapa"},"content":{"rendered":"<p><strong>Ekologi\u0161kas maltas Ceilono cinamonas 38 g, stikliniame indelyje<\/strong><\/p>\n<p><strong><em>Cinamonas<\/em><\/strong> nuo senov\u0117s vertinamas ne tik kulinarijos tradicijose bet ir nat\u016bralios medicinos praktikose visame pasaulyje. Yra dvi pagrindin\u0117s cinamono r\u016b\u0161ys, kuri\u0173 kiekviena turi savo unikali\u0173 savybi\u0173 ir galim\u0105 poveik\u012f sveikatai: <em>Ceilono cinamonas<\/em> (<em>Cinnamomum verum<\/em>) ir <em>Cassia cinamonas (Cinnamomum cassia)<\/em>.<br \/>\nPagrindinis skirtumas tarp Ceilono ir Cassia cinamono yra kumarino kiekis. Ceilono cinamone kumarino kiekis yra \u017eymiai ma\u017eesnis, tod\u0117l jis yra tinkamiausias pasirinkimas tiems, kurie turi specifini\u0173 sveikatos problem\u0173 arba nori vartoti cinamon\u0105 da\u017eniau.<br \/>\nCeilono cinamonas pasi\u017eymi \u0161velnesniu ir rafinuotu skoniu, o Cassia cinamono skonis yra dr\u0105sesnis ir a\u0161tresnis, o tai gali tur\u0117ti \u012ftakos kulinarijos pasirinkimui.<\/p>\n<p><strong><em>Ceilono cinamonas<\/em><\/strong><br \/>\nCeilono cinamonas, taip pat \u017einomas kaip \u201etikrasis cinamonas\u201c, kil\u0119s i\u0161 \u0160ri Lankos ir kai kuri\u0173 Indijos dali\u0173. Jis \u017einomas d\u0117l savo subtilaus, \u0161velniai saldaus skonio ir aromato.<br \/>\nCeilono cinamone yra ma\u017eesnis kumarino (kvapioji med\u017eiaga, kuri kaupiasi cinamono prieskoniuose) kiekis, kuris vartojant didesniais kiekiais gali tur\u0117ti toksi\u0161k\u0105 poveik\u012f kepenims. D\u0117l to ceilono cinamonas turi pirmenyb\u0119, negu cassia cinamonas, kuriame kumarino kiekis didesnis.<br \/>\nAjurvedoje ir Tradicin\u0117je kinie\u010di\u0173 medicinoje (TCM) Ceilono cinamonas yra labai vertinamas d\u0117l savo gydom\u0173j\u0173 savybi\u0173. Manoma, kad jis palaiko vir\u0161kinimo sistem\u0105, skatina kv\u0117pavimo sistemos sveikat\u0105 ir padeda subalansuoti cukraus kiek\u012f kraujyje.<\/p>\n<p><em>D\u0117mesio.<\/em> Alergin\u0117s reakcijos: nors ir retai, kai kurie asmenys gali patirti alergini\u0173 reakcij\u0173 \u012f cinamon\u0105, nepriklausomai nuo cinamono veisl\u0117s.<br \/>\nN\u0117\u0161ios ir \u017eindan\u010dios moterys, ar asmenys vartojantys vaistus, b\u016bkite atid\u016bs.<\/p>\n<p><strong><em>Ceilono cinamono naudojimas<br \/>\n<\/em><\/strong><em>Kepiniai<\/em>: Ceilono cinamonas yra puikus priedas prie kepini\u0173. Naudokite j\u012f pyragams, sausainiams, bandel\u0117ms ir duonai, cinamonas suteiks subtil\u0173 ir aromating\u0105 skon\u012f.<br \/>\n<em>Dribsniai<\/em>: pabarstykite \u017eiupsneliu Ceilono cinamono ant rytin\u0117s avi\u017ein\u0117s ko\u0161\u0117s ar dribsni\u0173, kad j\u016bs\u0173 diena b\u016bt\u0173 jauki ir skani.<br \/>\n<em>Glotnu\u010diai:<\/em> sumai\u0161ykite Ceilono cinamon\u0105 \u012f savo m\u0117gstamus kokteili\u0173 receptus, kad prid\u0117tum\u0117te \u0161ilt\u0105 ir kvie\u010diant\u012f skon\u012f.<br \/>\n<em>Kar\u0161ti g\u0117rimai:<\/em> \u012fmai\u0161ykite \u017eiupsnel\u012f Ceilono cinamono \u012f kar\u0161tus g\u0117rimus, tokius kaip kava, arbata, kar\u0161tas \u0161okoladas ar Chai masala.<br \/>\n<em>Jogurtas:<\/em> Ceilono cinamon\u0105 \u012fmai\u0161ykite \u012f paprast\u0105 jogurt\u0105 kartu su \u0161iek tiek medaus ar klev\u0173 sirupo.<br \/>\n<em>Tro\u0161kiniai:<\/em> Ceilono cinamonas suteikia pikanti\u0161kiems patiekalams, tokiems kaip karis, tro\u0161kiniai ir pada\u017eai, subtilaus skonio.<br \/>\n<em>Ry\u017ei\u0173 patiekalai:<\/em> Pabarstykite Ceilono cinamonu ant ry\u017ei\u0173 patiekal\u0173, toki\u0173 kaip biryanis ar plovas, kad pagerintum\u0117te j\u0173 skon\u012f.<br \/>\n<em>Vaisi\u0173 salotos:<\/em> Sumai\u0161ykite Ceilono cinamon\u0105 su \u0161vie\u017eiais vaisiais, tokiais kaip obuoliai, kriau\u0161\u0117s ar mangai, kad sukurtum\u0117te gaivias ir aromatingas vaisi\u0173 salotas.<br \/>\n<em>Desertai:<\/em> Ceilono cinamon\u0105 naudokite \u012fvairiuose desertuose, \u012fskaitant ledus, pudingus ir vaisi\u0173 tra\u0161ku\u010dius.<\/p>\n<p>M\u0117gaukit\u0117s \u0161iuo nepaprastu kvapu ir nepakartojamu skoniu, kur\u012f Ceilono cinamonas suteiks j\u016bs\u0173 patiekalams!<\/p>\n<p><em>PASTABA. \u010cia pateikta informacija negali b\u016bti interpretuojama kaip gydymo ar kitokio pob\u016bd\u017eio sveikatos klausim\u0173 sprendimo rekomendacija. Raginame sprendimus, susijusius su asmenine sveikata, priimti asmeni\u0161kai, \u012fvertinus \u012fvairius informacijos \u0161altinius.<\/em><\/p>\n","protected":false},"excerpt":{"rendered":"<p>Ekologi\u0161kas maltas Ceilono cinamonas 38 g, stikliniame indelyje Cinamonas nuo senov\u0117s vertinamas ne tik kulinarijos tradicijose bet ir nat\u016bralios medicinos<\/p>\n","protected":false},"featured_media":34756,"template":"","meta":{"_acf_changed":false},"product_brand":[],"product_cat":[1315],"product_tag":[1378],"class_list":{"0":"post-31704","1":"product","2":"type-product","3":"status-publish","4":"has-post-thumbnail","6":"product_cat-ekologiski-prieskoniai","7":"product_tag-veganams","8":"pa_svoris-1-kg","9":"pa_svoris-100-g","10":"pa_svoris-200-g","11":"pa_svoris-300-g","12":"pa_svoris-400-g","13":"pa_svoris-5-kg","14":"pa_svoris-50-g","15":"pa_svoris-500-g","17":"first","18":"instock","19":"shipping-taxable","20":"purchasable","21":"product-type-simple"},"acf":[],"yoast_head":"<!-- This site is optimized with the Yoast SEO plugin v27.5 - https:\/\/yoast.com\/product\/yoast-seo-wordpress\/ -->\n<title>Ekologi\u0161kas maltas Ceilono cinamonas 38 g, Biopapa - Biopapa<\/title>\n<meta name=\"description\" content=\"Ceilono cinamonas, taip pat \u017einomas kaip \u201etikrasis cinamonas\u201c, kil\u0119s i\u0161 \u0160ri Lankos ir kai kuri\u0173 Indijos dali\u0173. Jis \u017einomas d\u0117l savo subtilaus, \u0161velniai saldaus skonio ir aromato.\" \/>\n<meta name=\"robots\" content=\"index, follow, max-snippet:-1, max-image-preview:large, max-video-preview:-1\" \/>\n<link rel=\"canonical\" href=\"https:\/\/www.biopapa.de\/lt\/producte\/ekologiskas-maltas-ceilono-cinamonas-38-g-biopapa\/\" \/>\n<meta property=\"og:locale\" content=\"lt_LT\" \/>\n<meta property=\"og:type\" content=\"article\" \/>\n<meta property=\"og:title\" content=\"Ekologi\u0161kas maltas Ceilono cinamonas 38 g, Biopapa - Biopapa\" \/>\n<meta property=\"og:description\" content=\"Ceilono cinamonas, taip pat \u017einomas kaip \u201etikrasis cinamonas\u201c, kil\u0119s i\u0161 \u0160ri Lankos ir kai kuri\u0173 Indijos dali\u0173. Jis \u017einomas d\u0117l savo subtilaus, \u0161velniai saldaus skonio ir aromato.\" \/>\n<meta property=\"og:url\" content=\"https:\/\/www.biopapa.de\/lt\/producte\/ekologiskas-maltas-ceilono-cinamonas-38-g-biopapa\/\" \/>\n<meta property=\"og:site_name\" content=\"Biopapa\" \/>\n<meta property=\"article:publisher\" content=\"https:\/\/www.facebook.com\/biopapa.lt\" \/>\n<meta property=\"article:modified_time\" content=\"2026-02-17T11:58:28+00:00\" \/>\n<meta property=\"og:image\" content=\"https:\/\/www.biopapa.de\/wp-content\/uploads\/2023\/08\/ekologiskas-cinamonas-stiklinis-indelis.png\" \/>\n\t<meta property=\"og:image:width\" content=\"800\" \/>\n\t<meta property=\"og:image:height\" content=\"640\" \/>\n\t<meta property=\"og:image:type\" content=\"image\/png\" \/>\n<meta name=\"twitter:card\" content=\"summary_large_image\" \/>\n<meta name=\"twitter:label1\" content=\"Est. reading time\" \/>\n\t<meta name=\"twitter:data1\" content=\"1 minut\u0117\" \/>\n<script type=\"application\/ld+json\" class=\"yoast-schema-graph\">{\"@context\":\"https:\\\/\\\/schema.org\",\"@graph\":[{\"@type\":\"WebPage\",\"@id\":\"https:\\\/\\\/www.biopapa.de\\\/lt\\\/producte\\\/ekologiskas-maltas-ceilono-cinamonas-38-g-biopapa\\\/\",\"url\":\"https:\\\/\\\/www.biopapa.de\\\/lt\\\/producte\\\/ekologiskas-maltas-ceilono-cinamonas-38-g-biopapa\\\/\",\"name\":\"Ekologi\u0161kas maltas Ceilono cinamonas 38 g, Biopapa - Biopapa\",\"isPartOf\":{\"@id\":\"https:\\\/\\\/www.biopapa.de\\\/lt\\\/#website\"},\"primaryImageOfPage\":{\"@id\":\"https:\\\/\\\/www.biopapa.de\\\/lt\\\/producte\\\/ekologiskas-maltas-ceilono-cinamonas-38-g-biopapa\\\/#primaryimage\"},\"image\":{\"@id\":\"https:\\\/\\\/www.biopapa.de\\\/lt\\\/producte\\\/ekologiskas-maltas-ceilono-cinamonas-38-g-biopapa\\\/#primaryimage\"},\"thumbnailUrl\":\"https:\\\/\\\/www.biopapa.de\\\/wp-content\\\/uploads\\\/2023\\\/08\\\/ekologiskas-cinamonas-stiklinis-indelis.png\",\"datePublished\":\"2023-08-24T14:19:17+00:00\",\"dateModified\":\"2026-02-17T11:58:28+00:00\",\"description\":\"Ceilono cinamonas, taip pat \u017einomas kaip \u201etikrasis cinamonas\u201c, kil\u0119s i\u0161 \u0160ri Lankos ir kai kuri\u0173 Indijos dali\u0173. Jis \u017einomas d\u0117l savo subtilaus, \u0161velniai saldaus skonio ir aromato.\",\"breadcrumb\":{\"@id\":\"https:\\\/\\\/www.biopapa.de\\\/lt\\\/producte\\\/ekologiskas-maltas-ceilono-cinamonas-38-g-biopapa\\\/#breadcrumb\"},\"inLanguage\":\"lt-LT\",\"potentialAction\":[{\"@type\":\"ReadAction\",\"target\":[\"https:\\\/\\\/www.biopapa.de\\\/lt\\\/producte\\\/ekologiskas-maltas-ceilono-cinamonas-38-g-biopapa\\\/\"]}]},{\"@type\":\"ImageObject\",\"inLanguage\":\"lt-LT\",\"@id\":\"https:\\\/\\\/www.biopapa.de\\\/lt\\\/producte\\\/ekologiskas-maltas-ceilono-cinamonas-38-g-biopapa\\\/#primaryimage\",\"url\":\"https:\\\/\\\/www.biopapa.de\\\/wp-content\\\/uploads\\\/2023\\\/08\\\/ekologiskas-cinamonas-stiklinis-indelis.png\",\"contentUrl\":\"https:\\\/\\\/www.biopapa.de\\\/wp-content\\\/uploads\\\/2023\\\/08\\\/ekologiskas-cinamonas-stiklinis-indelis.png\",\"width\":800,\"height\":640},{\"@type\":\"BreadcrumbList\",\"@id\":\"https:\\\/\\\/www.biopapa.de\\\/lt\\\/producte\\\/ekologiskas-maltas-ceilono-cinamonas-38-g-biopapa\\\/#breadcrumb\",\"itemListElement\":[{\"@type\":\"ListItem\",\"position\":1,\"name\":\"Home\",\"item\":\"https:\\\/\\\/www.biopapa.de\\\/lt\\\/\"},{\"@type\":\"ListItem\",\"position\":2,\"name\":\"Parduotuv\u0117\",\"item\":\"https:\\\/\\\/www.biopapa.de\\\/parduotuve\\\/\"},{\"@type\":\"ListItem\",\"position\":3,\"name\":\"Ekologi\u0161kas maltas Ceilono cinamonas 38 g, Biopapa\"}]},{\"@type\":\"WebSite\",\"@id\":\"https:\\\/\\\/www.biopapa.de\\\/lt\\\/#website\",\"url\":\"https:\\\/\\\/www.biopapa.de\\\/lt\\\/\",\"name\":\"Biopapa\",\"description\":\"\u0160var\u016bs ekologi\u0161ki produktai\",\"publisher\":{\"@id\":\"https:\\\/\\\/www.biopapa.de\\\/lt\\\/#organization\"},\"potentialAction\":[{\"@type\":\"SearchAction\",\"target\":{\"@type\":\"EntryPoint\",\"urlTemplate\":\"https:\\\/\\\/www.biopapa.de\\\/lt\\\/?s={search_term_string}\"},\"query-input\":{\"@type\":\"PropertyValueSpecification\",\"valueRequired\":true,\"valueName\":\"search_term_string\"}}],\"inLanguage\":\"lt-LT\"},{\"@type\":\"Organization\",\"@id\":\"https:\\\/\\\/www.biopapa.de\\\/lt\\\/#organization\",\"name\":\"Biopapa\",\"url\":\"https:\\\/\\\/www.biopapa.de\\\/lt\\\/\",\"logo\":{\"@type\":\"ImageObject\",\"inLanguage\":\"lt-LT\",\"@id\":\"https:\\\/\\\/www.biopapa.de\\\/lt\\\/#\\\/schema\\\/logo\\\/image\\\/\",\"url\":\"https:\\\/\\\/www.biopapa.lt\\\/wp-content\\\/uploads\\\/2022\\\/04\\\/facebook_biopapa.jpg\",\"contentUrl\":\"https:\\\/\\\/www.biopapa.lt\\\/wp-content\\\/uploads\\\/2022\\\/04\\\/facebook_biopapa.jpg\",\"width\":1733,\"height\":907,\"caption\":\"Biopapa\"},\"image\":{\"@id\":\"https:\\\/\\\/www.biopapa.de\\\/lt\\\/#\\\/schema\\\/logo\\\/image\\\/\"},\"sameAs\":[\"https:\\\/\\\/www.facebook.com\\\/biopapa.lt\"]}]}<\/script>\n<!-- \/ Yoast SEO plugin. -->","yoast_head_json":{"title":"Ekologi\u0161kas maltas Ceilono cinamonas 38 g, Biopapa - Biopapa","description":"Ceilono cinamonas, taip pat \u017einomas kaip \u201etikrasis cinamonas\u201c, kil\u0119s i\u0161 \u0160ri Lankos ir kai kuri\u0173 Indijos dali\u0173. Jis \u017einomas d\u0117l savo subtilaus, \u0161velniai saldaus skonio ir aromato.","robots":{"index":"index","follow":"follow","max-snippet":"max-snippet:-1","max-image-preview":"max-image-preview:large","max-video-preview":"max-video-preview:-1"},"canonical":"https:\/\/www.biopapa.de\/lt\/producte\/ekologiskas-maltas-ceilono-cinamonas-38-g-biopapa\/","og_locale":"lt_LT","og_type":"article","og_title":"Ekologi\u0161kas maltas Ceilono cinamonas 38 g, Biopapa - Biopapa","og_description":"Ceilono cinamonas, taip pat \u017einomas kaip \u201etikrasis cinamonas\u201c, kil\u0119s i\u0161 \u0160ri Lankos ir kai kuri\u0173 Indijos dali\u0173. Jis \u017einomas d\u0117l savo subtilaus, \u0161velniai saldaus skonio ir aromato.","og_url":"https:\/\/www.biopapa.de\/lt\/producte\/ekologiskas-maltas-ceilono-cinamonas-38-g-biopapa\/","og_site_name":"Biopapa","article_publisher":"https:\/\/www.facebook.com\/biopapa.lt","article_modified_time":"2026-02-17T11:58:28+00:00","og_image":[{"width":800,"height":640,"url":"https:\/\/www.biopapa.de\/wp-content\/uploads\/2023\/08\/ekologiskas-cinamonas-stiklinis-indelis.png","type":"image\/png"}],"twitter_card":"summary_large_image","twitter_misc":{"Est. reading time":"1 minut\u0117"},"schema":{"@context":"https:\/\/schema.org","@graph":[{"@type":"WebPage","@id":"https:\/\/www.biopapa.de\/lt\/producte\/ekologiskas-maltas-ceilono-cinamonas-38-g-biopapa\/","url":"https:\/\/www.biopapa.de\/lt\/producte\/ekologiskas-maltas-ceilono-cinamonas-38-g-biopapa\/","name":"Ekologi\u0161kas maltas Ceilono cinamonas 38 g, Biopapa - Biopapa","isPartOf":{"@id":"https:\/\/www.biopapa.de\/lt\/#website"},"primaryImageOfPage":{"@id":"https:\/\/www.biopapa.de\/lt\/producte\/ekologiskas-maltas-ceilono-cinamonas-38-g-biopapa\/#primaryimage"},"image":{"@id":"https:\/\/www.biopapa.de\/lt\/producte\/ekologiskas-maltas-ceilono-cinamonas-38-g-biopapa\/#primaryimage"},"thumbnailUrl":"https:\/\/www.biopapa.de\/wp-content\/uploads\/2023\/08\/ekologiskas-cinamonas-stiklinis-indelis.png","datePublished":"2023-08-24T14:19:17+00:00","dateModified":"2026-02-17T11:58:28+00:00","description":"Ceilono cinamonas, taip pat \u017einomas kaip \u201etikrasis cinamonas\u201c, kil\u0119s i\u0161 \u0160ri Lankos ir kai kuri\u0173 Indijos dali\u0173. Jis \u017einomas d\u0117l savo subtilaus, \u0161velniai saldaus skonio ir aromato.","breadcrumb":{"@id":"https:\/\/www.biopapa.de\/lt\/producte\/ekologiskas-maltas-ceilono-cinamonas-38-g-biopapa\/#breadcrumb"},"inLanguage":"lt-LT","potentialAction":[{"@type":"ReadAction","target":["https:\/\/www.biopapa.de\/lt\/producte\/ekologiskas-maltas-ceilono-cinamonas-38-g-biopapa\/"]}]},{"@type":"ImageObject","inLanguage":"lt-LT","@id":"https:\/\/www.biopapa.de\/lt\/producte\/ekologiskas-maltas-ceilono-cinamonas-38-g-biopapa\/#primaryimage","url":"https:\/\/www.biopapa.de\/wp-content\/uploads\/2023\/08\/ekologiskas-cinamonas-stiklinis-indelis.png","contentUrl":"https:\/\/www.biopapa.de\/wp-content\/uploads\/2023\/08\/ekologiskas-cinamonas-stiklinis-indelis.png","width":800,"height":640},{"@type":"BreadcrumbList","@id":"https:\/\/www.biopapa.de\/lt\/producte\/ekologiskas-maltas-ceilono-cinamonas-38-g-biopapa\/#breadcrumb","itemListElement":[{"@type":"ListItem","position":1,"name":"Home","item":"https:\/\/www.biopapa.de\/lt\/"},{"@type":"ListItem","position":2,"name":"Parduotuv\u0117","item":"https:\/\/www.biopapa.de\/parduotuve\/"},{"@type":"ListItem","position":3,"name":"Ekologi\u0161kas maltas Ceilono cinamonas 38 g, Biopapa"}]},{"@type":"WebSite","@id":"https:\/\/www.biopapa.de\/lt\/#website","url":"https:\/\/www.biopapa.de\/lt\/","name":"Biopapa","description":"\u0160var\u016bs ekologi\u0161ki produktai","publisher":{"@id":"https:\/\/www.biopapa.de\/lt\/#organization"},"potentialAction":[{"@type":"SearchAction","target":{"@type":"EntryPoint","urlTemplate":"https:\/\/www.biopapa.de\/lt\/?s={search_term_string}"},"query-input":{"@type":"PropertyValueSpecification","valueRequired":true,"valueName":"search_term_string"}}],"inLanguage":"lt-LT"},{"@type":"Organization","@id":"https:\/\/www.biopapa.de\/lt\/#organization","name":"Biopapa","url":"https:\/\/www.biopapa.de\/lt\/","logo":{"@type":"ImageObject","inLanguage":"lt-LT","@id":"https:\/\/www.biopapa.de\/lt\/#\/schema\/logo\/image\/","url":"https:\/\/www.biopapa.lt\/wp-content\/uploads\/2022\/04\/facebook_biopapa.jpg","contentUrl":"https:\/\/www.biopapa.lt\/wp-content\/uploads\/2022\/04\/facebook_biopapa.jpg","width":1733,"height":907,"caption":"Biopapa"},"image":{"@id":"https:\/\/www.biopapa.de\/lt\/#\/schema\/logo\/image\/"},"sameAs":["https:\/\/www.facebook.com\/biopapa.lt"]}]}},"_links":{"self":[{"href":"https:\/\/www.biopapa.de\/lt\/wp-json\/wp\/v2\/product\/31704","targetHints":{"allow":["GET"]}}],"collection":[{"href":"https:\/\/www.biopapa.de\/lt\/wp-json\/wp\/v2\/product"}],"about":[{"href":"https:\/\/www.biopapa.de\/lt\/wp-json\/wp\/v2\/types\/product"}],"wp:featuredmedia":[{"embeddable":true,"href":"https:\/\/www.biopapa.de\/lt\/wp-json\/wp\/v2\/media\/34756"}],"wp:attachment":[{"href":"https:\/\/www.biopapa.de\/lt\/wp-json\/wp\/v2\/media?parent=31704"}],"wp:term":[{"taxonomy":"product_brand","embeddable":true,"href":"https:\/\/www.biopapa.de\/lt\/wp-json\/wp\/v2\/product_brand?post=31704"},{"taxonomy":"product_cat","embeddable":true,"href":"https:\/\/www.biopapa.de\/lt\/wp-json\/wp\/v2\/product_cat?post=31704"},{"taxonomy":"product_tag","embeddable":true,"href":"https:\/\/www.biopapa.de\/lt\/wp-json\/wp\/v2\/product_tag?post=31704"}],"curies":[{"name":"wp","href":"https:\/\/api.w.org\/{rel}","templated":true}]}}