{"id":31913,"date":"2023-08-28T16:17:24","date_gmt":"2023-08-28T13:17:24","guid":{"rendered":"https:\/\/www.biopapa.lt\/?post_type=product&#038;p=31913"},"modified":"2025-07-06T16:23:47","modified_gmt":"2025-07-06T13:23:47","slug":"ekologiski-indinio-nimbamedzio-neem-milteliai","status":"publish","type":"product","link":"https:\/\/www.biopapa.de\/lt\/producte\/ekologiski-indinio-nimbamedzio-neem-milteliai\/","title":{"rendered":"Ekologi\u0161ki indinio nimbamed\u017eio (Neem) milteliai"},"content":{"rendered":"<p><strong>Ekologi\u0161ki indinio nimbamed\u017eio (Neem) milteliai<\/strong><br \/>\nNeem (Azadirachta indica)\u00a0yra medis, kil\u0119s i\u0161 Indijos subkontinento ir taip pat auga \u012fvairiose Pietry\u010di\u0173 Azijos dalyse. Nimbamedis, gerbiamas d\u0117l savo daugialypi\u0173 privalum\u0173, \u0161imtme\u010dius buvo naudojamas Ayurvedoje, kur jis gavo pravard\u0119 \u201eDievi\u0161kasis medis\u201c arba \u201eGamtos vaistin\u0117\u201c. \u0160is am\u017einai \u017ealiuojantis medis klesti sausringuose Indijos regionuose, o beveik kiekviena neemo med\u017eio dalis, nuo lap\u0173 iki \u017eiev\u0117s ir s\u0117kl\u0173, buvo naudojama d\u0117l daugyb\u0117s privalum\u0173 ne tik sveikatai.<br \/>\nAjurvedoje, senov\u0117s Indijos medicinos sistemoje, Nimbamedis yra da\u017enai naudojamas \u012fvairiems negalavimams gydyti \u2013 nuo odos lig\u0173 iki vir\u0161kinimo problem\u0173.<\/p>\n<p>D\u0117mesio<br \/>\nPer didelis Nimbamed\u017eio milteli\u0173 suvartojimas gali sukelti vir\u0161kinimo problem\u0173, toki\u0173 kaip skrand\u017eio sutrikimas ir viduriavimas. Jis tur\u0117t\u0173 b\u016bti vartojamas saikingai.<br \/>\nNimbamed\u017eio nerekomenduojama vartoti n\u0117\u0161\u010dioms ar maitinan\u010dioms moterims, nes jis gali tur\u0117ti kontraceptin\u012f poveik\u012f.<\/p>\n<p>Naudojimas<br \/>\nNeem milteliai yra universal\u016bs ir gali b\u016bti naudojami \u012fvairiais b\u016bdais.<\/p>\n<p>Odos prie\u017ei\u016bra &#8211; kurkite kaukes ar kremus sumai\u0161ydami Nimbamed\u017eio miltelius su vandeniu arba kitais nat\u016braliais ingredientais, tokiais kaip medus ar jogurtas.<br \/>\nPlauk\u0173 prie\u017ei\u016bra &#8211; Nimbamed\u017eio miltelius sumai\u0161ykite su vandeniu arba aliejumi, kad sukurtum\u0117te maitinan\u010di\u0105 plauk\u0173 kauk\u0119, kuri skatina galvos odos sveikat\u0105 ir plauk\u0173 augim\u0105.<br \/>\nVabzd\u017ei\u0173 repelentas &#8211; Nimbamed\u017eio miltelius galima mai\u0161yti su kitais ingredientais, kad b\u016bt\u0173 sukurti nat\u016bral\u016bs vabzd\u017ei\u0173 repelentai asmeniniam naudojimui ar sodininkystei.<\/p>\n<p>Vidinis vartojimas &#8211; Nimbamed\u017eio miltelius reikia naudoti saikingai. Jie yra kartaus skonio.<br \/>\nRekomenduojama dienos norma 1\/2 -1 arbt. \u0161. du kartus per dien\u0105, po valgio u\u017egeriant vandeniu. Vartoti ne ilgiau nei 3 m\u0117nesius.<\/p>\n<p>\u0160altiniai<br \/>\nhttps:\/\/global.planetayurveda.com<br \/>\nhttps:\/\/www.webmd.com<\/p>\n<p>PASTABA. \u010cia pateikta informacija negali b\u016bti interpretuojama kaip gydymo ar kitokio pob\u016bd\u017eio sveikatos klausim\u0173 sprendimo rekomendacija. Raginame sprendimus, susijusius su asmenine sveikata, priimti asmeni\u0161kai, \u012fvertinus \u012fvairius informacijos \u0161altinius.<\/p>\n","protected":false},"excerpt":{"rendered":"<p>Ekologi\u0161ki indinio nimbamed\u017eio (Neem) milteliai Neem (Azadirachta indica)\u00a0yra medis, kil\u0119s i\u0161 Indijos subkontinento ir taip pat auga \u012fvairiose Pietry\u010di\u0173 Azijos<\/p>\n","protected":false},"featured_media":35678,"template":"","meta":{"_acf_changed":false},"product_brand":[],"product_cat":[1216,2349],"product_tag":[2336,1485,1378],"class_list":{"0":"post-31913","1":"product","2":"type-product","3":"status-publish","4":"has-post-thumbnail","6":"product_cat-augalinis-supermaistas","7":"product_cat-milteliai","8":"product_tag-ekologiska","9":"product_tag-raw","10":"product_tag-veganams","11":"pa_svoris-1-kg","12":"pa_svoris-100-g","13":"pa_svoris-200-g","14":"pa_svoris-300-g","15":"pa_svoris-400-g","16":"pa_svoris-50-g","17":"pa_svoris-500-g","19":"first","20":"outofstock","21":"shipping-taxable","22":"purchasable","23":"product-type-variable"},"acf":[],"yoast_head":"<!-- This site is optimized with the Yoast SEO plugin v27.5 - https:\/\/yoast.com\/product\/yoast-seo-wordpress\/ -->\n<title>Ekologi\u0161ki indinio nimbamed\u017eio (Neem) milteliai - Biopapa<\/title>\n<meta name=\"description\" content=\"Indinis Nimbamedis, gerbiamas d\u0117l savo daugialypi\u0173 privalum\u0173, \u0161imtme\u010dius buvo naudojamas Ayurvedoje, kur jis gavo pravard\u0119 \u201eDievi\u0161kasis medis\u201c arba \u201eGamtos vaistin\u0117\u201c. Beveik kiekviena neemo med\u017eio dalis, nuo lap\u0173 iki \u017eiev\u0117s ir s\u0117kl\u0173, buvo naudojama d\u0117l daugyb\u0117s privalum\u0173 ne tik sveikatai.\" \/>\n<meta name=\"robots\" content=\"index, follow, max-snippet:-1, max-image-preview:large, max-video-preview:-1\" \/>\n<link rel=\"canonical\" href=\"https:\/\/www.biopapa.de\/lt\/producte\/ekologiski-indinio-nimbamedzio-neem-milteliai\/\" \/>\n<meta property=\"og:locale\" content=\"lt_LT\" \/>\n<meta property=\"og:type\" content=\"article\" \/>\n<meta property=\"og:title\" content=\"Ekologi\u0161ki indinio nimbamed\u017eio (Neem) milteliai - Biopapa\" \/>\n<meta property=\"og:description\" content=\"Indinis Nimbamedis, gerbiamas d\u0117l savo daugialypi\u0173 privalum\u0173, \u0161imtme\u010dius buvo naudojamas Ayurvedoje, kur jis gavo pravard\u0119 \u201eDievi\u0161kasis medis\u201c arba \u201eGamtos vaistin\u0117\u201c. Beveik kiekviena neemo med\u017eio dalis, nuo lap\u0173 iki \u017eiev\u0117s ir s\u0117kl\u0173, buvo naudojama d\u0117l daugyb\u0117s privalum\u0173 ne tik sveikatai.\" \/>\n<meta property=\"og:url\" content=\"https:\/\/www.biopapa.de\/lt\/producte\/ekologiski-indinio-nimbamedzio-neem-milteliai\/\" \/>\n<meta property=\"og:site_name\" content=\"Biopapa\" \/>\n<meta property=\"article:publisher\" content=\"https:\/\/www.facebook.com\/biopapa.lt\" \/>\n<meta property=\"article:modified_time\" content=\"2025-07-06T13:23:47+00:00\" \/>\n<meta property=\"og:image\" content=\"https:\/\/www.biopapa.de\/wp-content\/uploads\/2023\/08\/neem.png\" \/>\n\t<meta property=\"og:image:width\" content=\"800\" \/>\n\t<meta property=\"og:image:height\" content=\"640\" \/>\n\t<meta property=\"og:image:type\" content=\"image\/png\" \/>\n<meta name=\"twitter:card\" content=\"summary_large_image\" \/>\n<script type=\"application\/ld+json\" class=\"yoast-schema-graph\">{\"@context\":\"https:\\\/\\\/schema.org\",\"@graph\":[{\"@type\":\"WebPage\",\"@id\":\"https:\\\/\\\/www.biopapa.de\\\/lt\\\/producte\\\/ekologiski-indinio-nimbamedzio-neem-milteliai\\\/\",\"url\":\"https:\\\/\\\/www.biopapa.de\\\/lt\\\/producte\\\/ekologiski-indinio-nimbamedzio-neem-milteliai\\\/\",\"name\":\"Ekologi\u0161ki indinio nimbamed\u017eio (Neem) milteliai - Biopapa\",\"isPartOf\":{\"@id\":\"https:\\\/\\\/www.biopapa.de\\\/lt\\\/#website\"},\"primaryImageOfPage\":{\"@id\":\"https:\\\/\\\/www.biopapa.de\\\/lt\\\/producte\\\/ekologiski-indinio-nimbamedzio-neem-milteliai\\\/#primaryimage\"},\"image\":{\"@id\":\"https:\\\/\\\/www.biopapa.de\\\/lt\\\/producte\\\/ekologiski-indinio-nimbamedzio-neem-milteliai\\\/#primaryimage\"},\"thumbnailUrl\":\"https:\\\/\\\/www.biopapa.de\\\/wp-content\\\/uploads\\\/2023\\\/08\\\/neem.png\",\"datePublished\":\"2023-08-28T13:17:24+00:00\",\"dateModified\":\"2025-07-06T13:23:47+00:00\",\"description\":\"Indinis Nimbamedis, gerbiamas d\u0117l savo daugialypi\u0173 privalum\u0173, \u0161imtme\u010dius buvo naudojamas Ayurvedoje, kur jis gavo pravard\u0119 \u201eDievi\u0161kasis medis\u201c arba \u201eGamtos vaistin\u0117\u201c. Beveik kiekviena neemo med\u017eio dalis, nuo lap\u0173 iki \u017eiev\u0117s ir s\u0117kl\u0173, buvo naudojama d\u0117l daugyb\u0117s privalum\u0173 ne tik sveikatai.\",\"breadcrumb\":{\"@id\":\"https:\\\/\\\/www.biopapa.de\\\/lt\\\/producte\\\/ekologiski-indinio-nimbamedzio-neem-milteliai\\\/#breadcrumb\"},\"inLanguage\":\"lt-LT\",\"potentialAction\":[{\"@type\":\"ReadAction\",\"target\":[\"https:\\\/\\\/www.biopapa.de\\\/lt\\\/producte\\\/ekologiski-indinio-nimbamedzio-neem-milteliai\\\/\"]}]},{\"@type\":\"ImageObject\",\"inLanguage\":\"lt-LT\",\"@id\":\"https:\\\/\\\/www.biopapa.de\\\/lt\\\/producte\\\/ekologiski-indinio-nimbamedzio-neem-milteliai\\\/#primaryimage\",\"url\":\"https:\\\/\\\/www.biopapa.de\\\/wp-content\\\/uploads\\\/2023\\\/08\\\/neem.png\",\"contentUrl\":\"https:\\\/\\\/www.biopapa.de\\\/wp-content\\\/uploads\\\/2023\\\/08\\\/neem.png\",\"width\":800,\"height\":640},{\"@type\":\"BreadcrumbList\",\"@id\":\"https:\\\/\\\/www.biopapa.de\\\/lt\\\/producte\\\/ekologiski-indinio-nimbamedzio-neem-milteliai\\\/#breadcrumb\",\"itemListElement\":[{\"@type\":\"ListItem\",\"position\":1,\"name\":\"Home\",\"item\":\"https:\\\/\\\/www.biopapa.de\\\/lt\\\/\"},{\"@type\":\"ListItem\",\"position\":2,\"name\":\"Parduotuv\u0117\",\"item\":\"https:\\\/\\\/www.biopapa.de\\\/parduotuve\\\/\"},{\"@type\":\"ListItem\",\"position\":3,\"name\":\"Ekologi\u0161ki indinio nimbamed\u017eio (Neem) milteliai\"}]},{\"@type\":\"WebSite\",\"@id\":\"https:\\\/\\\/www.biopapa.de\\\/lt\\\/#website\",\"url\":\"https:\\\/\\\/www.biopapa.de\\\/lt\\\/\",\"name\":\"Biopapa\",\"description\":\"\u0160var\u016bs ekologi\u0161ki produktai\",\"publisher\":{\"@id\":\"https:\\\/\\\/www.biopapa.de\\\/lt\\\/#organization\"},\"potentialAction\":[{\"@type\":\"SearchAction\",\"target\":{\"@type\":\"EntryPoint\",\"urlTemplate\":\"https:\\\/\\\/www.biopapa.de\\\/lt\\\/?s={search_term_string}\"},\"query-input\":{\"@type\":\"PropertyValueSpecification\",\"valueRequired\":true,\"valueName\":\"search_term_string\"}}],\"inLanguage\":\"lt-LT\"},{\"@type\":\"Organization\",\"@id\":\"https:\\\/\\\/www.biopapa.de\\\/lt\\\/#organization\",\"name\":\"Biopapa\",\"url\":\"https:\\\/\\\/www.biopapa.de\\\/lt\\\/\",\"logo\":{\"@type\":\"ImageObject\",\"inLanguage\":\"lt-LT\",\"@id\":\"https:\\\/\\\/www.biopapa.de\\\/lt\\\/#\\\/schema\\\/logo\\\/image\\\/\",\"url\":\"https:\\\/\\\/www.biopapa.lt\\\/wp-content\\\/uploads\\\/2022\\\/04\\\/facebook_biopapa.jpg\",\"contentUrl\":\"https:\\\/\\\/www.biopapa.lt\\\/wp-content\\\/uploads\\\/2022\\\/04\\\/facebook_biopapa.jpg\",\"width\":1733,\"height\":907,\"caption\":\"Biopapa\"},\"image\":{\"@id\":\"https:\\\/\\\/www.biopapa.de\\\/lt\\\/#\\\/schema\\\/logo\\\/image\\\/\"},\"sameAs\":[\"https:\\\/\\\/www.facebook.com\\\/biopapa.lt\"]}]}<\/script>\n<!-- \/ Yoast SEO plugin. -->","yoast_head_json":{"title":"Ekologi\u0161ki indinio nimbamed\u017eio (Neem) milteliai - Biopapa","description":"Indinis Nimbamedis, gerbiamas d\u0117l savo daugialypi\u0173 privalum\u0173, \u0161imtme\u010dius buvo naudojamas Ayurvedoje, kur jis gavo pravard\u0119 \u201eDievi\u0161kasis medis\u201c arba \u201eGamtos vaistin\u0117\u201c. Beveik kiekviena neemo med\u017eio dalis, nuo lap\u0173 iki \u017eiev\u0117s ir s\u0117kl\u0173, buvo naudojama d\u0117l daugyb\u0117s privalum\u0173 ne tik sveikatai.","robots":{"index":"index","follow":"follow","max-snippet":"max-snippet:-1","max-image-preview":"max-image-preview:large","max-video-preview":"max-video-preview:-1"},"canonical":"https:\/\/www.biopapa.de\/lt\/producte\/ekologiski-indinio-nimbamedzio-neem-milteliai\/","og_locale":"lt_LT","og_type":"article","og_title":"Ekologi\u0161ki indinio nimbamed\u017eio (Neem) milteliai - Biopapa","og_description":"Indinis Nimbamedis, gerbiamas d\u0117l savo daugialypi\u0173 privalum\u0173, \u0161imtme\u010dius buvo naudojamas Ayurvedoje, kur jis gavo pravard\u0119 \u201eDievi\u0161kasis medis\u201c arba \u201eGamtos vaistin\u0117\u201c. Beveik kiekviena neemo med\u017eio dalis, nuo lap\u0173 iki \u017eiev\u0117s ir s\u0117kl\u0173, buvo naudojama d\u0117l daugyb\u0117s privalum\u0173 ne tik sveikatai.","og_url":"https:\/\/www.biopapa.de\/lt\/producte\/ekologiski-indinio-nimbamedzio-neem-milteliai\/","og_site_name":"Biopapa","article_publisher":"https:\/\/www.facebook.com\/biopapa.lt","article_modified_time":"2025-07-06T13:23:47+00:00","og_image":[{"width":800,"height":640,"url":"https:\/\/www.biopapa.de\/wp-content\/uploads\/2023\/08\/neem.png","type":"image\/png"}],"twitter_card":"summary_large_image","schema":{"@context":"https:\/\/schema.org","@graph":[{"@type":"WebPage","@id":"https:\/\/www.biopapa.de\/lt\/producte\/ekologiski-indinio-nimbamedzio-neem-milteliai\/","url":"https:\/\/www.biopapa.de\/lt\/producte\/ekologiski-indinio-nimbamedzio-neem-milteliai\/","name":"Ekologi\u0161ki indinio nimbamed\u017eio (Neem) milteliai - Biopapa","isPartOf":{"@id":"https:\/\/www.biopapa.de\/lt\/#website"},"primaryImageOfPage":{"@id":"https:\/\/www.biopapa.de\/lt\/producte\/ekologiski-indinio-nimbamedzio-neem-milteliai\/#primaryimage"},"image":{"@id":"https:\/\/www.biopapa.de\/lt\/producte\/ekologiski-indinio-nimbamedzio-neem-milteliai\/#primaryimage"},"thumbnailUrl":"https:\/\/www.biopapa.de\/wp-content\/uploads\/2023\/08\/neem.png","datePublished":"2023-08-28T13:17:24+00:00","dateModified":"2025-07-06T13:23:47+00:00","description":"Indinis Nimbamedis, gerbiamas d\u0117l savo daugialypi\u0173 privalum\u0173, \u0161imtme\u010dius buvo naudojamas Ayurvedoje, kur jis gavo pravard\u0119 \u201eDievi\u0161kasis medis\u201c arba \u201eGamtos vaistin\u0117\u201c. Beveik kiekviena neemo med\u017eio dalis, nuo lap\u0173 iki \u017eiev\u0117s ir s\u0117kl\u0173, buvo naudojama d\u0117l daugyb\u0117s privalum\u0173 ne tik sveikatai.","breadcrumb":{"@id":"https:\/\/www.biopapa.de\/lt\/producte\/ekologiski-indinio-nimbamedzio-neem-milteliai\/#breadcrumb"},"inLanguage":"lt-LT","potentialAction":[{"@type":"ReadAction","target":["https:\/\/www.biopapa.de\/lt\/producte\/ekologiski-indinio-nimbamedzio-neem-milteliai\/"]}]},{"@type":"ImageObject","inLanguage":"lt-LT","@id":"https:\/\/www.biopapa.de\/lt\/producte\/ekologiski-indinio-nimbamedzio-neem-milteliai\/#primaryimage","url":"https:\/\/www.biopapa.de\/wp-content\/uploads\/2023\/08\/neem.png","contentUrl":"https:\/\/www.biopapa.de\/wp-content\/uploads\/2023\/08\/neem.png","width":800,"height":640},{"@type":"BreadcrumbList","@id":"https:\/\/www.biopapa.de\/lt\/producte\/ekologiski-indinio-nimbamedzio-neem-milteliai\/#breadcrumb","itemListElement":[{"@type":"ListItem","position":1,"name":"Home","item":"https:\/\/www.biopapa.de\/lt\/"},{"@type":"ListItem","position":2,"name":"Parduotuv\u0117","item":"https:\/\/www.biopapa.de\/parduotuve\/"},{"@type":"ListItem","position":3,"name":"Ekologi\u0161ki indinio nimbamed\u017eio (Neem) milteliai"}]},{"@type":"WebSite","@id":"https:\/\/www.biopapa.de\/lt\/#website","url":"https:\/\/www.biopapa.de\/lt\/","name":"Biopapa","description":"\u0160var\u016bs ekologi\u0161ki produktai","publisher":{"@id":"https:\/\/www.biopapa.de\/lt\/#organization"},"potentialAction":[{"@type":"SearchAction","target":{"@type":"EntryPoint","urlTemplate":"https:\/\/www.biopapa.de\/lt\/?s={search_term_string}"},"query-input":{"@type":"PropertyValueSpecification","valueRequired":true,"valueName":"search_term_string"}}],"inLanguage":"lt-LT"},{"@type":"Organization","@id":"https:\/\/www.biopapa.de\/lt\/#organization","name":"Biopapa","url":"https:\/\/www.biopapa.de\/lt\/","logo":{"@type":"ImageObject","inLanguage":"lt-LT","@id":"https:\/\/www.biopapa.de\/lt\/#\/schema\/logo\/image\/","url":"https:\/\/www.biopapa.lt\/wp-content\/uploads\/2022\/04\/facebook_biopapa.jpg","contentUrl":"https:\/\/www.biopapa.lt\/wp-content\/uploads\/2022\/04\/facebook_biopapa.jpg","width":1733,"height":907,"caption":"Biopapa"},"image":{"@id":"https:\/\/www.biopapa.de\/lt\/#\/schema\/logo\/image\/"},"sameAs":["https:\/\/www.facebook.com\/biopapa.lt"]}]}},"_links":{"self":[{"href":"https:\/\/www.biopapa.de\/lt\/wp-json\/wp\/v2\/product\/31913","targetHints":{"allow":["GET"]}}],"collection":[{"href":"https:\/\/www.biopapa.de\/lt\/wp-json\/wp\/v2\/product"}],"about":[{"href":"https:\/\/www.biopapa.de\/lt\/wp-json\/wp\/v2\/types\/product"}],"wp:featuredmedia":[{"embeddable":true,"href":"https:\/\/www.biopapa.de\/lt\/wp-json\/wp\/v2\/media\/35678"}],"wp:attachment":[{"href":"https:\/\/www.biopapa.de\/lt\/wp-json\/wp\/v2\/media?parent=31913"}],"wp:term":[{"taxonomy":"product_brand","embeddable":true,"href":"https:\/\/www.biopapa.de\/lt\/wp-json\/wp\/v2\/product_brand?post=31913"},{"taxonomy":"product_cat","embeddable":true,"href":"https:\/\/www.biopapa.de\/lt\/wp-json\/wp\/v2\/product_cat?post=31913"},{"taxonomy":"product_tag","embeddable":true,"href":"https:\/\/www.biopapa.de\/lt\/wp-json\/wp\/v2\/product_tag?post=31913"}],"curies":[{"name":"wp","href":"https:\/\/api.w.org\/{rel}","templated":true}]}}