{"id":33292,"date":"2023-09-01T11:38:40","date_gmt":"2023-09-01T08:38:40","guid":{"rendered":"https:\/\/www.biopapa.lt\/?post_type=product&#038;p=33292"},"modified":"2025-12-29T10:07:48","modified_gmt":"2025-12-29T08:07:48","slug":"ekologiskos-dziovintos-juros-darzoves-kombu-dribsniai","status":"publish","type":"product","link":"https:\/\/www.biopapa.de\/lt\/producte\/ekologiskos-dziovintos-juros-darzoves-kombu-dribsniai\/","title":{"rendered":"Ekologi\u0161kos d\u017eiovintos j\u016bros dar\u017eov\u0117s KOMBU (dribsniai)"},"content":{"rendered":"<p><strong>Ekologi\u0161kos d\u017eiovintos j\u016bros dar\u017eov\u0117s KOMBU (dribsniai)<\/strong><\/p>\n<p>Produktas pagamintas i\u0161 valgom\u0173j\u0173 j\u016bros dumbli\u0173 Kombu (<em>Laminaria ochroleuca<\/em>). Europos kilm\u0117s j\u016bros dumbliai, dehidratuoti ir susmulkinti. Neapdoroti j\u016bros dumbliai dehidratuojami \u017eemoje temperat\u016broje.<\/p>\n<p><em>Paskirtis<\/em><br \/>\nKombu tradici\u0161kai naudojamas aromatizuoti vanden\u012f, kuris naudojamas siultiniams, sriuboms, ry\u017eiams, tro\u0161kiniams ir pada\u017eamas ruo\u0161ti. Pasi\u017eymi tir\u0161tinimo savyb\u0117mis, tai labai naudinga ruo\u0161iant pada\u017eus.<\/p>\n<p><em>Savybes<\/em><br \/>\n&#8211; Jodo \u0161altinis<br \/>\n&#8211; Be cukraus<br \/>\n&#8211; Ma\u017eai riebal\u0173<br \/>\n&#8211; Magnio ir kalio \u0161altinis<br \/>\n&#8211; Kvapas ir skonis: j\u016bros vandens ir \u0161iek tiek d\u016bmo kvapo, joduoto skonio.<br \/>\n&#8211; I\u0161vaizda: gelsvai rudi j\u016bros dumbliai. Balta spalva, kuri gali atsirasti ant dumbli\u0173, kilusi i\u0161 drusk\u0173, kurios veikia kaip nat\u016bralus konservantas.<br \/>\n&#8211; Tekst\u016bra: m\u0117singi, tra\u0161k\u016bs ir \u0161iek tiek kremzli\u0161ki.<\/p>\n<p>Ma\u017edaug 50 mg d\u017eiovinto kombu yra 150 \u03bcg jodo.<br \/>\nRekomenduojama kontroliuoti jodo kiek\u012f galutiniame produkte.<\/p>\n<p>Tinka pla\u010diajai visuomenei, i\u0161skyrus k\u016bdikius ir ma\u017eus vaikus (1-3 met\u0173).<br \/>\nTinka veganams ir vegetarams.<\/p>\n<p><strong>Receptas &#8211; Tro\u0161kinti l\u0119\u0161iai su kombu<br \/>\n<\/strong><em>Ingredientai<\/em><br \/>\n&#8211; 250 g l\u0119\u0161i\u0173<br \/>\n&#8211; 1 skiltel\u0117 \u010desnako<br \/>\n&#8211; 2 ma\u017eos morkos<br \/>\n&#8211; 120 g svog\u016bno<br \/>\n&#8211; 10 g dehidratuoto Kombu<br \/>\n&#8211; 2 prinokusi\u0173 pomidor\u0173<br \/>\n&#8211; 100 g trint\u0173 pomidor\u0173<br \/>\n&#8211; 75 g alyvuogi\u0173 aliejaus<br \/>\n&#8211; 1 lauro lapas<br \/>\n&#8211; 1 arbt. \u0161auk\u0161telis sald\u017eiosios paprikos<br \/>\n&#8211; 1 L dar\u017eovi\u0173 sultinio<br \/>\n&#8211; Papildomai vandens pagal poreik\u012f (1 daliai l\u0119\u0161i\u0173 viso reikia 2 \u00bd dalies vandens)<\/p>\n<p><em>Paruo\u0161imas<\/em><br \/>\n&#8211; nuplaukite l\u0119\u0161ius;<br \/>\n&#8211; nulupkite ir nuplaukite morkas, pomidorus, svog\u016bn\u0105, \u010desnak\u0105, smulkiai supjaustykite;<br \/>\n&#8211; puode aliejuje pakepinkite \u010desnak\u0105, suberkite pjaustyt\u0105 svog\u016bn\u0105, kubeliais pjaustytas morkas, dehidruot\u0105 Kombu, smulkintus pomidorus, trintus pomidorus ir paprik\u0105, pakepinkite;<br \/>\n&#8211; supilkite l\u0119\u0161ius ir dar\u017eovi\u0173 sultin\u012f ir virkite apie 30 &#8211; 40 min.<br \/>\n&#8211; patiekite gilioje l\u0117k\u0161t\u0117je arba duben\u0117lyje.<\/p>\n<p>Tegul maistas b\u016bna J\u016bs\u0173 vaistas!<\/p>\n<p><em>PASTABA. \u010cia pateikta informacija negali b\u016bti interpretuojama kaip gydymo ar kitokio pob\u016bd\u017eio sveikatos klausim\u0173 sprendimo rekomendacija. Raginame sprendimus, susijusius su asmenine sveikata, priimti asmeni\u0161kai, \u012fvertinus \u012fvairius informacijos \u0161altinius.<\/em><\/p>\n","protected":false},"excerpt":{"rendered":"<p>Ekologi\u0161kos d\u017eiovintos j\u016bros dar\u017eov\u0117s KOMBU (dribsniai) Produktas pagamintas i\u0161 valgom\u0173j\u0173 j\u016bros dumbli\u0173 Kombu (Laminaria ochroleuca). Europos kilm\u0117s j\u016bros dumbliai, dehidratuoti<\/p>\n","protected":false},"featured_media":34102,"template":"","meta":{"_acf_changed":false},"product_brand":[],"product_cat":[1228,2350],"product_tag":[1381,1378],"class_list":{"0":"post-33292","1":"product","2":"type-product","3":"status-publish","4":"has-post-thumbnail","6":"product_cat-ekologiski-dziovinti-vaisiai-uogos-darzoves","7":"product_cat-juros-dumbliai","8":"product_tag-be-pridetinio-cukraus","9":"product_tag-veganams","10":"pa_svoris-1-kg","11":"pa_svoris-100-g","12":"pa_svoris-200-g","13":"pa_svoris-25-g","14":"pa_svoris-300-g","15":"pa_svoris-400-g","16":"pa_svoris-50-g","17":"pa_svoris-500-g","19":"first","20":"instock","21":"shipping-taxable","22":"purchasable","23":"product-type-variable"},"acf":[],"yoast_head":"<!-- This site is optimized with the Yoast SEO plugin v27.5 - https:\/\/yoast.com\/product\/yoast-seo-wordpress\/ -->\n<title>Ekologi\u0161kos d\u017eiovintos j\u016bros dar\u017eov\u0117s KOMBU (dribsniai) - Biopapa<\/title>\n<meta name=\"description\" content=\"J\u016bros dumbliai Kombu (Laminaria ochroleuca) yar Europos kilm\u0117s j\u016bros dumbliai, dehidratuoti ir susmulkinti. Neapdoroti j\u016bros dumbliai dehidratuojami \u017eemoje temperat\u016broje.\" \/>\n<meta name=\"robots\" content=\"index, follow, max-snippet:-1, max-image-preview:large, max-video-preview:-1\" \/>\n<link rel=\"canonical\" href=\"https:\/\/www.biopapa.de\/lt\/producte\/ekologiskos-dziovintos-juros-darzoves-kombu-dribsniai\/\" \/>\n<meta property=\"og:locale\" content=\"lt_LT\" \/>\n<meta property=\"og:type\" content=\"article\" \/>\n<meta property=\"og:title\" content=\"Ekologi\u0161kos d\u017eiovintos j\u016bros dar\u017eov\u0117s KOMBU (dribsniai) - Biopapa\" \/>\n<meta property=\"og:description\" content=\"J\u016bros dumbliai Kombu (Laminaria ochroleuca) yar Europos kilm\u0117s j\u016bros dumbliai, dehidratuoti ir susmulkinti. Neapdoroti j\u016bros dumbliai dehidratuojami \u017eemoje temperat\u016broje.\" \/>\n<meta property=\"og:url\" content=\"https:\/\/www.biopapa.de\/lt\/producte\/ekologiskos-dziovintos-juros-darzoves-kombu-dribsniai\/\" \/>\n<meta property=\"og:site_name\" content=\"Biopapa\" \/>\n<meta property=\"article:publisher\" content=\"https:\/\/www.facebook.com\/biopapa.lt\" \/>\n<meta property=\"article:modified_time\" content=\"2025-12-29T08:07:48+00:00\" \/>\n<meta property=\"og:image\" content=\"https:\/\/www.biopapa.de\/wp-content\/uploads\/2023\/09\/kombu-800x640-1.png\" \/>\n\t<meta property=\"og:image:width\" content=\"800\" \/>\n\t<meta property=\"og:image:height\" content=\"640\" \/>\n\t<meta property=\"og:image:type\" content=\"image\/png\" \/>\n<meta name=\"twitter:card\" content=\"summary_large_image\" \/>\n<meta name=\"twitter:label1\" content=\"Est. reading time\" \/>\n\t<meta name=\"twitter:data1\" content=\"1 minut\u0117\" \/>\n<script type=\"application\/ld+json\" class=\"yoast-schema-graph\">{\"@context\":\"https:\\\/\\\/schema.org\",\"@graph\":[{\"@type\":\"WebPage\",\"@id\":\"https:\\\/\\\/www.biopapa.de\\\/lt\\\/producte\\\/ekologiskos-dziovintos-juros-darzoves-kombu-dribsniai\\\/\",\"url\":\"https:\\\/\\\/www.biopapa.de\\\/lt\\\/producte\\\/ekologiskos-dziovintos-juros-darzoves-kombu-dribsniai\\\/\",\"name\":\"Ekologi\u0161kos d\u017eiovintos j\u016bros dar\u017eov\u0117s KOMBU (dribsniai) - Biopapa\",\"isPartOf\":{\"@id\":\"https:\\\/\\\/www.biopapa.de\\\/lt\\\/#website\"},\"primaryImageOfPage\":{\"@id\":\"https:\\\/\\\/www.biopapa.de\\\/lt\\\/producte\\\/ekologiskos-dziovintos-juros-darzoves-kombu-dribsniai\\\/#primaryimage\"},\"image\":{\"@id\":\"https:\\\/\\\/www.biopapa.de\\\/lt\\\/producte\\\/ekologiskos-dziovintos-juros-darzoves-kombu-dribsniai\\\/#primaryimage\"},\"thumbnailUrl\":\"https:\\\/\\\/www.biopapa.de\\\/wp-content\\\/uploads\\\/2023\\\/09\\\/kombu-800x640-1.png\",\"datePublished\":\"2023-09-01T08:38:40+00:00\",\"dateModified\":\"2025-12-29T08:07:48+00:00\",\"description\":\"J\u016bros dumbliai Kombu (Laminaria ochroleuca) yar Europos kilm\u0117s j\u016bros dumbliai, dehidratuoti ir susmulkinti. Neapdoroti j\u016bros dumbliai dehidratuojami \u017eemoje temperat\u016broje.\",\"breadcrumb\":{\"@id\":\"https:\\\/\\\/www.biopapa.de\\\/lt\\\/producte\\\/ekologiskos-dziovintos-juros-darzoves-kombu-dribsniai\\\/#breadcrumb\"},\"inLanguage\":\"lt-LT\",\"potentialAction\":[{\"@type\":\"ReadAction\",\"target\":[\"https:\\\/\\\/www.biopapa.de\\\/lt\\\/producte\\\/ekologiskos-dziovintos-juros-darzoves-kombu-dribsniai\\\/\"]}]},{\"@type\":\"ImageObject\",\"inLanguage\":\"lt-LT\",\"@id\":\"https:\\\/\\\/www.biopapa.de\\\/lt\\\/producte\\\/ekologiskos-dziovintos-juros-darzoves-kombu-dribsniai\\\/#primaryimage\",\"url\":\"https:\\\/\\\/www.biopapa.de\\\/wp-content\\\/uploads\\\/2023\\\/09\\\/kombu-800x640-1.png\",\"contentUrl\":\"https:\\\/\\\/www.biopapa.de\\\/wp-content\\\/uploads\\\/2023\\\/09\\\/kombu-800x640-1.png\",\"width\":800,\"height\":640},{\"@type\":\"BreadcrumbList\",\"@id\":\"https:\\\/\\\/www.biopapa.de\\\/lt\\\/producte\\\/ekologiskos-dziovintos-juros-darzoves-kombu-dribsniai\\\/#breadcrumb\",\"itemListElement\":[{\"@type\":\"ListItem\",\"position\":1,\"name\":\"Home\",\"item\":\"https:\\\/\\\/www.biopapa.de\\\/lt\\\/\"},{\"@type\":\"ListItem\",\"position\":2,\"name\":\"Parduotuv\u0117\",\"item\":\"https:\\\/\\\/www.biopapa.de\\\/parduotuve\\\/\"},{\"@type\":\"ListItem\",\"position\":3,\"name\":\"Ekologi\u0161kos d\u017eiovintos j\u016bros dar\u017eov\u0117s KOMBU (dribsniai)\"}]},{\"@type\":\"WebSite\",\"@id\":\"https:\\\/\\\/www.biopapa.de\\\/lt\\\/#website\",\"url\":\"https:\\\/\\\/www.biopapa.de\\\/lt\\\/\",\"name\":\"Biopapa\",\"description\":\"\u0160var\u016bs ekologi\u0161ki produktai\",\"publisher\":{\"@id\":\"https:\\\/\\\/www.biopapa.de\\\/lt\\\/#organization\"},\"potentialAction\":[{\"@type\":\"SearchAction\",\"target\":{\"@type\":\"EntryPoint\",\"urlTemplate\":\"https:\\\/\\\/www.biopapa.de\\\/lt\\\/?s={search_term_string}\"},\"query-input\":{\"@type\":\"PropertyValueSpecification\",\"valueRequired\":true,\"valueName\":\"search_term_string\"}}],\"inLanguage\":\"lt-LT\"},{\"@type\":\"Organization\",\"@id\":\"https:\\\/\\\/www.biopapa.de\\\/lt\\\/#organization\",\"name\":\"Biopapa\",\"url\":\"https:\\\/\\\/www.biopapa.de\\\/lt\\\/\",\"logo\":{\"@type\":\"ImageObject\",\"inLanguage\":\"lt-LT\",\"@id\":\"https:\\\/\\\/www.biopapa.de\\\/lt\\\/#\\\/schema\\\/logo\\\/image\\\/\",\"url\":\"https:\\\/\\\/www.biopapa.lt\\\/wp-content\\\/uploads\\\/2022\\\/04\\\/facebook_biopapa.jpg\",\"contentUrl\":\"https:\\\/\\\/www.biopapa.lt\\\/wp-content\\\/uploads\\\/2022\\\/04\\\/facebook_biopapa.jpg\",\"width\":1733,\"height\":907,\"caption\":\"Biopapa\"},\"image\":{\"@id\":\"https:\\\/\\\/www.biopapa.de\\\/lt\\\/#\\\/schema\\\/logo\\\/image\\\/\"},\"sameAs\":[\"https:\\\/\\\/www.facebook.com\\\/biopapa.lt\"]}]}<\/script>\n<!-- \/ Yoast SEO plugin. -->","yoast_head_json":{"title":"Ekologi\u0161kos d\u017eiovintos j\u016bros dar\u017eov\u0117s KOMBU (dribsniai) - Biopapa","description":"J\u016bros dumbliai Kombu (Laminaria ochroleuca) yar Europos kilm\u0117s j\u016bros dumbliai, dehidratuoti ir susmulkinti. Neapdoroti j\u016bros dumbliai dehidratuojami \u017eemoje temperat\u016broje.","robots":{"index":"index","follow":"follow","max-snippet":"max-snippet:-1","max-image-preview":"max-image-preview:large","max-video-preview":"max-video-preview:-1"},"canonical":"https:\/\/www.biopapa.de\/lt\/producte\/ekologiskos-dziovintos-juros-darzoves-kombu-dribsniai\/","og_locale":"lt_LT","og_type":"article","og_title":"Ekologi\u0161kos d\u017eiovintos j\u016bros dar\u017eov\u0117s KOMBU (dribsniai) - Biopapa","og_description":"J\u016bros dumbliai Kombu (Laminaria ochroleuca) yar Europos kilm\u0117s j\u016bros dumbliai, dehidratuoti ir susmulkinti. Neapdoroti j\u016bros dumbliai dehidratuojami \u017eemoje temperat\u016broje.","og_url":"https:\/\/www.biopapa.de\/lt\/producte\/ekologiskos-dziovintos-juros-darzoves-kombu-dribsniai\/","og_site_name":"Biopapa","article_publisher":"https:\/\/www.facebook.com\/biopapa.lt","article_modified_time":"2025-12-29T08:07:48+00:00","og_image":[{"width":800,"height":640,"url":"https:\/\/www.biopapa.de\/wp-content\/uploads\/2023\/09\/kombu-800x640-1.png","type":"image\/png"}],"twitter_card":"summary_large_image","twitter_misc":{"Est. reading time":"1 minut\u0117"},"schema":{"@context":"https:\/\/schema.org","@graph":[{"@type":"WebPage","@id":"https:\/\/www.biopapa.de\/lt\/producte\/ekologiskos-dziovintos-juros-darzoves-kombu-dribsniai\/","url":"https:\/\/www.biopapa.de\/lt\/producte\/ekologiskos-dziovintos-juros-darzoves-kombu-dribsniai\/","name":"Ekologi\u0161kos d\u017eiovintos j\u016bros dar\u017eov\u0117s KOMBU (dribsniai) - Biopapa","isPartOf":{"@id":"https:\/\/www.biopapa.de\/lt\/#website"},"primaryImageOfPage":{"@id":"https:\/\/www.biopapa.de\/lt\/producte\/ekologiskos-dziovintos-juros-darzoves-kombu-dribsniai\/#primaryimage"},"image":{"@id":"https:\/\/www.biopapa.de\/lt\/producte\/ekologiskos-dziovintos-juros-darzoves-kombu-dribsniai\/#primaryimage"},"thumbnailUrl":"https:\/\/www.biopapa.de\/wp-content\/uploads\/2023\/09\/kombu-800x640-1.png","datePublished":"2023-09-01T08:38:40+00:00","dateModified":"2025-12-29T08:07:48+00:00","description":"J\u016bros dumbliai Kombu (Laminaria ochroleuca) yar Europos kilm\u0117s j\u016bros dumbliai, dehidratuoti ir susmulkinti. Neapdoroti j\u016bros dumbliai dehidratuojami \u017eemoje temperat\u016broje.","breadcrumb":{"@id":"https:\/\/www.biopapa.de\/lt\/producte\/ekologiskos-dziovintos-juros-darzoves-kombu-dribsniai\/#breadcrumb"},"inLanguage":"lt-LT","potentialAction":[{"@type":"ReadAction","target":["https:\/\/www.biopapa.de\/lt\/producte\/ekologiskos-dziovintos-juros-darzoves-kombu-dribsniai\/"]}]},{"@type":"ImageObject","inLanguage":"lt-LT","@id":"https:\/\/www.biopapa.de\/lt\/producte\/ekologiskos-dziovintos-juros-darzoves-kombu-dribsniai\/#primaryimage","url":"https:\/\/www.biopapa.de\/wp-content\/uploads\/2023\/09\/kombu-800x640-1.png","contentUrl":"https:\/\/www.biopapa.de\/wp-content\/uploads\/2023\/09\/kombu-800x640-1.png","width":800,"height":640},{"@type":"BreadcrumbList","@id":"https:\/\/www.biopapa.de\/lt\/producte\/ekologiskos-dziovintos-juros-darzoves-kombu-dribsniai\/#breadcrumb","itemListElement":[{"@type":"ListItem","position":1,"name":"Home","item":"https:\/\/www.biopapa.de\/lt\/"},{"@type":"ListItem","position":2,"name":"Parduotuv\u0117","item":"https:\/\/www.biopapa.de\/parduotuve\/"},{"@type":"ListItem","position":3,"name":"Ekologi\u0161kos d\u017eiovintos j\u016bros dar\u017eov\u0117s KOMBU (dribsniai)"}]},{"@type":"WebSite","@id":"https:\/\/www.biopapa.de\/lt\/#website","url":"https:\/\/www.biopapa.de\/lt\/","name":"Biopapa","description":"\u0160var\u016bs ekologi\u0161ki produktai","publisher":{"@id":"https:\/\/www.biopapa.de\/lt\/#organization"},"potentialAction":[{"@type":"SearchAction","target":{"@type":"EntryPoint","urlTemplate":"https:\/\/www.biopapa.de\/lt\/?s={search_term_string}"},"query-input":{"@type":"PropertyValueSpecification","valueRequired":true,"valueName":"search_term_string"}}],"inLanguage":"lt-LT"},{"@type":"Organization","@id":"https:\/\/www.biopapa.de\/lt\/#organization","name":"Biopapa","url":"https:\/\/www.biopapa.de\/lt\/","logo":{"@type":"ImageObject","inLanguage":"lt-LT","@id":"https:\/\/www.biopapa.de\/lt\/#\/schema\/logo\/image\/","url":"https:\/\/www.biopapa.lt\/wp-content\/uploads\/2022\/04\/facebook_biopapa.jpg","contentUrl":"https:\/\/www.biopapa.lt\/wp-content\/uploads\/2022\/04\/facebook_biopapa.jpg","width":1733,"height":907,"caption":"Biopapa"},"image":{"@id":"https:\/\/www.biopapa.de\/lt\/#\/schema\/logo\/image\/"},"sameAs":["https:\/\/www.facebook.com\/biopapa.lt"]}]}},"_links":{"self":[{"href":"https:\/\/www.biopapa.de\/lt\/wp-json\/wp\/v2\/product\/33292","targetHints":{"allow":["GET"]}}],"collection":[{"href":"https:\/\/www.biopapa.de\/lt\/wp-json\/wp\/v2\/product"}],"about":[{"href":"https:\/\/www.biopapa.de\/lt\/wp-json\/wp\/v2\/types\/product"}],"wp:featuredmedia":[{"embeddable":true,"href":"https:\/\/www.biopapa.de\/lt\/wp-json\/wp\/v2\/media\/34102"}],"wp:attachment":[{"href":"https:\/\/www.biopapa.de\/lt\/wp-json\/wp\/v2\/media?parent=33292"}],"wp:term":[{"taxonomy":"product_brand","embeddable":true,"href":"https:\/\/www.biopapa.de\/lt\/wp-json\/wp\/v2\/product_brand?post=33292"},{"taxonomy":"product_cat","embeddable":true,"href":"https:\/\/www.biopapa.de\/lt\/wp-json\/wp\/v2\/product_cat?post=33292"},{"taxonomy":"product_tag","embeddable":true,"href":"https:\/\/www.biopapa.de\/lt\/wp-json\/wp\/v2\/product_tag?post=33292"}],"curies":[{"name":"wp","href":"https:\/\/api.w.org\/{rel}","templated":true}]}}