{"id":33301,"date":"2023-09-01T11:49:09","date_gmt":"2023-09-01T08:49:09","guid":{"rendered":"https:\/\/www.biopapa.lt\/?post_type=product&#038;p=33301"},"modified":"2026-04-01T10:42:52","modified_gmt":"2026-04-01T07:42:52","slug":"ekologiskos-dziovintos-juros-darzoves-wakame-dribsniai","status":"publish","type":"product","link":"https:\/\/www.biopapa.de\/lt\/producte\/ekologiskos-dziovintos-juros-darzoves-wakame-dribsniai\/","title":{"rendered":"Ekologi\u0161kos d\u017eiovintos j\u016bros dar\u017eov\u0117s WAKAME (dribsniai)"},"content":{"rendered":"<p><strong>Ekologi\u0161kos d\u017eiovintos j\u016bros dar\u017eov\u0117s WAKAME (dribsniai)<\/strong><\/p>\n<p>Produktas pagamintas i\u0161 valgom\u0173j\u0173 j\u016bros dumbli\u0173 Wakame (<em>Undaria pinnatifida<\/em>). Europos kilm\u0117s j\u016bros dumbliai, dehidratuoti ir susmulkinti. Neapdoroti j\u016bros dumbliai dehidratuojami \u017eemoje temperat\u016broje.<\/p>\n<p><em>Paskirtis<\/em><br \/>\nWakame J\u016bros dumbliai turi b\u016bti paruo\u0161ti i\u0161 anksto: virinant 5 minutes arba rehidratuojant vandenyje 10 minu\u010di\u0173 (jo d\u017eiovintas svoris padid\u0117ja \u0161e\u0161is kartus)<br \/>\nRehidratuoti ir blan\u0161iruoti naudojami salotose.<br \/>\nVerdami kaip garnyras prie \u012fvairi\u0173 patiekal\u0173; naudojami sriubose, tro\u0161kiniuose, ry\u017eiuose, makaronuose ir kt.<br \/>\nTinka pla\u010diajai visuomenei, i\u0161skyrus k\u016bdikius ir ma\u017eus vaikus (1-3 met\u0173).<br \/>\nTinka veganams ir vegetarams.<\/p>\n<p><em>Savyb\u0117s<\/em><br \/>\n&#8211; Be cukraus.<br \/>\n&#8211; Daug skaidul\u0173.<br \/>\n&#8211; Skonis ir kvapas: \u0161velnus austri\u0173 skonis, \u0161iek tiek sutraukiantis. N\u0117ra pa\u0161alinio skonio ar kvapo.<br \/>\n&#8211; Tekst\u016bra: m\u0117singa ir \u0161iek tiek tra\u0161ki.<br \/>\n&#8211; I\u0161vaizda: \u0160vie\u017eiai tamsiai ruda, o i\u0161virus tampa \u017ealiais. Balta spalva, kuri gali pasirodyti, i\u0161siskiria i\u0161 dumbli\u0173 sav\u0173 drusk\u0173, kurios veikia kaip nat\u016bralus konservantas.<\/p>\n<p>Referencinis vidutinio suaugusio \u017emogaus suvartojamas kiekis (8400 kJ\/2000 kcal).<br \/>\nRekomenduojama kontroliuoti jodo kiek\u012f galutiniame produkte.<\/p>\n<p>Ma\u017edaug 4 g rehidratuoto wakame ir 1 g dehidratuot\u0173 j\u016bros dumbli\u0173 yra 150 \u03bcg jodo (NRV pagal reglament\u0105 ES 1169\/2011).<\/p>\n<p><em>PASTABA. \u010cia pateikta informacija negali b\u016bti interpretuojama kaip gydymo ar kitokio pob\u016bd\u017eio sveikatos klausim\u0173 sprendimo rekomendacija. Raginame sprendimus, susijusius su asmenine sveikata, priimti asmeni\u0161kai, \u012fvertinus \u012fvairius informacijos \u0161altinius.<\/em><\/p>\n","protected":false},"excerpt":{"rendered":"<p>Ekologi\u0161kos d\u017eiovintos j\u016bros dar\u017eov\u0117s WAKAME (dribsniai) Produktas pagamintas i\u0161 valgom\u0173j\u0173 j\u016bros dumbli\u0173 Wakame (Undaria pinnatifida). Europos kilm\u0117s j\u016bros dumbliai, dehidratuoti<\/p>\n","protected":false},"featured_media":34099,"template":"","meta":{"_acf_changed":false},"product_brand":[],"product_cat":[1228,2350],"product_tag":[1381,1636,1378],"class_list":{"0":"post-33301","1":"product","2":"type-product","3":"status-publish","4":"has-post-thumbnail","6":"product_cat-ekologiski-dziovinti-vaisiai-uogos-darzoves","7":"product_cat-juros-dumbliai","8":"product_tag-be-pridetinio-cukraus","9":"product_tag-skaidulu-saltinis","10":"product_tag-veganams","11":"pa_svoris-1-kg","12":"pa_svoris-100-g","13":"pa_svoris-200-g","14":"pa_svoris-25-g","15":"pa_svoris-300-g","16":"pa_svoris-400-g","17":"pa_svoris-50-g","18":"pa_svoris-500-g","20":"first","21":"instock","22":"shipping-taxable","23":"purchasable","24":"product-type-variable"},"acf":[],"yoast_head":"<!-- This site is optimized with the Yoast SEO plugin v27.3 - https:\/\/yoast.com\/product\/yoast-seo-wordpress\/ -->\n<title>Ekologi\u0161kos d\u017eiovintos j\u016bros dar\u017eov\u0117s WAKAME (dribsniai) - Biopapa<\/title>\n<meta name=\"description\" content=\"Ekologi\u0161kos j\u016bros dar\u017eov\u0117s Wakame (Undaria pinnatifida). Europos kilm\u0117s j\u016bros dumbliai, dehidratuoti ir susmulkinti. Neapdoroti j\u016bros dumbliai dehidratuojami \u017eemoje temperat\u016broje.\" \/>\n<meta name=\"robots\" content=\"index, follow, max-snippet:-1, max-image-preview:large, max-video-preview:-1\" \/>\n<link rel=\"canonical\" href=\"https:\/\/www.biopapa.de\/lt\/producte\/ekologiskos-dziovintos-juros-darzoves-wakame-dribsniai\/\" \/>\n<meta property=\"og:locale\" content=\"lt_LT\" \/>\n<meta property=\"og:type\" content=\"article\" \/>\n<meta property=\"og:title\" content=\"Ekologi\u0161kos d\u017eiovintos j\u016bros dar\u017eov\u0117s WAKAME (dribsniai) - Biopapa\" \/>\n<meta property=\"og:description\" content=\"Ekologi\u0161kos j\u016bros dar\u017eov\u0117s Wakame (Undaria pinnatifida). Europos kilm\u0117s j\u016bros dumbliai, dehidratuoti ir susmulkinti. Neapdoroti j\u016bros dumbliai dehidratuojami \u017eemoje temperat\u016broje.\" \/>\n<meta property=\"og:url\" content=\"https:\/\/www.biopapa.de\/lt\/producte\/ekologiskos-dziovintos-juros-darzoves-wakame-dribsniai\/\" \/>\n<meta property=\"og:site_name\" content=\"Biopapa\" \/>\n<meta property=\"article:publisher\" content=\"https:\/\/www.facebook.com\/biopapa.lt\" \/>\n<meta property=\"article:modified_time\" content=\"2026-04-01T07:42:52+00:00\" \/>\n<meta property=\"og:image\" content=\"https:\/\/www.biopapa.de\/wp-content\/uploads\/2023\/09\/wakame-800x640-2.png\" \/>\n\t<meta property=\"og:image:width\" content=\"800\" \/>\n\t<meta property=\"og:image:height\" content=\"640\" \/>\n\t<meta property=\"og:image:type\" content=\"image\/png\" \/>\n<meta name=\"twitter:card\" content=\"summary_large_image\" \/>\n<meta name=\"twitter:label1\" content=\"Est. reading time\" \/>\n\t<meta name=\"twitter:data1\" content=\"1 minut\u0117\" \/>\n<script type=\"application\/ld+json\" class=\"yoast-schema-graph\">{\"@context\":\"https:\\\/\\\/schema.org\",\"@graph\":[{\"@type\":\"WebPage\",\"@id\":\"https:\\\/\\\/www.biopapa.de\\\/lt\\\/producte\\\/ekologiskos-dziovintos-juros-darzoves-wakame-dribsniai\\\/\",\"url\":\"https:\\\/\\\/www.biopapa.de\\\/lt\\\/producte\\\/ekologiskos-dziovintos-juros-darzoves-wakame-dribsniai\\\/\",\"name\":\"Ekologi\u0161kos d\u017eiovintos j\u016bros dar\u017eov\u0117s WAKAME (dribsniai) - Biopapa\",\"isPartOf\":{\"@id\":\"https:\\\/\\\/www.biopapa.de\\\/lt\\\/#website\"},\"primaryImageOfPage\":{\"@id\":\"https:\\\/\\\/www.biopapa.de\\\/lt\\\/producte\\\/ekologiskos-dziovintos-juros-darzoves-wakame-dribsniai\\\/#primaryimage\"},\"image\":{\"@id\":\"https:\\\/\\\/www.biopapa.de\\\/lt\\\/producte\\\/ekologiskos-dziovintos-juros-darzoves-wakame-dribsniai\\\/#primaryimage\"},\"thumbnailUrl\":\"https:\\\/\\\/www.biopapa.de\\\/wp-content\\\/uploads\\\/2023\\\/09\\\/wakame-800x640-2.png\",\"datePublished\":\"2023-09-01T08:49:09+00:00\",\"dateModified\":\"2026-04-01T07:42:52+00:00\",\"description\":\"Ekologi\u0161kos j\u016bros dar\u017eov\u0117s Wakame (Undaria pinnatifida). Europos kilm\u0117s j\u016bros dumbliai, dehidratuoti ir susmulkinti. Neapdoroti j\u016bros dumbliai dehidratuojami \u017eemoje temperat\u016broje.\",\"breadcrumb\":{\"@id\":\"https:\\\/\\\/www.biopapa.de\\\/lt\\\/producte\\\/ekologiskos-dziovintos-juros-darzoves-wakame-dribsniai\\\/#breadcrumb\"},\"inLanguage\":\"lt-LT\",\"potentialAction\":[{\"@type\":\"ReadAction\",\"target\":[\"https:\\\/\\\/www.biopapa.de\\\/lt\\\/producte\\\/ekologiskos-dziovintos-juros-darzoves-wakame-dribsniai\\\/\"]}]},{\"@type\":\"ImageObject\",\"inLanguage\":\"lt-LT\",\"@id\":\"https:\\\/\\\/www.biopapa.de\\\/lt\\\/producte\\\/ekologiskos-dziovintos-juros-darzoves-wakame-dribsniai\\\/#primaryimage\",\"url\":\"https:\\\/\\\/www.biopapa.de\\\/wp-content\\\/uploads\\\/2023\\\/09\\\/wakame-800x640-2.png\",\"contentUrl\":\"https:\\\/\\\/www.biopapa.de\\\/wp-content\\\/uploads\\\/2023\\\/09\\\/wakame-800x640-2.png\",\"width\":800,\"height\":640},{\"@type\":\"BreadcrumbList\",\"@id\":\"https:\\\/\\\/www.biopapa.de\\\/lt\\\/producte\\\/ekologiskos-dziovintos-juros-darzoves-wakame-dribsniai\\\/#breadcrumb\",\"itemListElement\":[{\"@type\":\"ListItem\",\"position\":1,\"name\":\"Home\",\"item\":\"https:\\\/\\\/www.biopapa.de\\\/lt\\\/\"},{\"@type\":\"ListItem\",\"position\":2,\"name\":\"Parduotuv\u0117\",\"item\":\"https:\\\/\\\/www.biopapa.de\\\/parduotuve\\\/\"},{\"@type\":\"ListItem\",\"position\":3,\"name\":\"Ekologi\u0161kos d\u017eiovintos j\u016bros dar\u017eov\u0117s WAKAME (dribsniai)\"}]},{\"@type\":\"WebSite\",\"@id\":\"https:\\\/\\\/www.biopapa.de\\\/lt\\\/#website\",\"url\":\"https:\\\/\\\/www.biopapa.de\\\/lt\\\/\",\"name\":\"Biopapa\",\"description\":\"\u0160var\u016bs ekologi\u0161ki produktai\",\"publisher\":{\"@id\":\"https:\\\/\\\/www.biopapa.de\\\/lt\\\/#organization\"},\"potentialAction\":[{\"@type\":\"SearchAction\",\"target\":{\"@type\":\"EntryPoint\",\"urlTemplate\":\"https:\\\/\\\/www.biopapa.de\\\/lt\\\/?s={search_term_string}\"},\"query-input\":{\"@type\":\"PropertyValueSpecification\",\"valueRequired\":true,\"valueName\":\"search_term_string\"}}],\"inLanguage\":\"lt-LT\"},{\"@type\":\"Organization\",\"@id\":\"https:\\\/\\\/www.biopapa.de\\\/lt\\\/#organization\",\"name\":\"Biopapa\",\"url\":\"https:\\\/\\\/www.biopapa.de\\\/lt\\\/\",\"logo\":{\"@type\":\"ImageObject\",\"inLanguage\":\"lt-LT\",\"@id\":\"https:\\\/\\\/www.biopapa.de\\\/lt\\\/#\\\/schema\\\/logo\\\/image\\\/\",\"url\":\"https:\\\/\\\/www.biopapa.lt\\\/wp-content\\\/uploads\\\/2022\\\/04\\\/facebook_biopapa.jpg\",\"contentUrl\":\"https:\\\/\\\/www.biopapa.lt\\\/wp-content\\\/uploads\\\/2022\\\/04\\\/facebook_biopapa.jpg\",\"width\":1733,\"height\":907,\"caption\":\"Biopapa\"},\"image\":{\"@id\":\"https:\\\/\\\/www.biopapa.de\\\/lt\\\/#\\\/schema\\\/logo\\\/image\\\/\"},\"sameAs\":[\"https:\\\/\\\/www.facebook.com\\\/biopapa.lt\"]}]}<\/script>\n<!-- \/ Yoast SEO plugin. -->","yoast_head_json":{"title":"Ekologi\u0161kos d\u017eiovintos j\u016bros dar\u017eov\u0117s WAKAME (dribsniai) - Biopapa","description":"Ekologi\u0161kos j\u016bros dar\u017eov\u0117s Wakame (Undaria pinnatifida). Europos kilm\u0117s j\u016bros dumbliai, dehidratuoti ir susmulkinti. Neapdoroti j\u016bros dumbliai dehidratuojami \u017eemoje temperat\u016broje.","robots":{"index":"index","follow":"follow","max-snippet":"max-snippet:-1","max-image-preview":"max-image-preview:large","max-video-preview":"max-video-preview:-1"},"canonical":"https:\/\/www.biopapa.de\/lt\/producte\/ekologiskos-dziovintos-juros-darzoves-wakame-dribsniai\/","og_locale":"lt_LT","og_type":"article","og_title":"Ekologi\u0161kos d\u017eiovintos j\u016bros dar\u017eov\u0117s WAKAME (dribsniai) - Biopapa","og_description":"Ekologi\u0161kos j\u016bros dar\u017eov\u0117s Wakame (Undaria pinnatifida). Europos kilm\u0117s j\u016bros dumbliai, dehidratuoti ir susmulkinti. Neapdoroti j\u016bros dumbliai dehidratuojami \u017eemoje temperat\u016broje.","og_url":"https:\/\/www.biopapa.de\/lt\/producte\/ekologiskos-dziovintos-juros-darzoves-wakame-dribsniai\/","og_site_name":"Biopapa","article_publisher":"https:\/\/www.facebook.com\/biopapa.lt","article_modified_time":"2026-04-01T07:42:52+00:00","og_image":[{"width":800,"height":640,"url":"https:\/\/www.biopapa.de\/wp-content\/uploads\/2023\/09\/wakame-800x640-2.png","type":"image\/png"}],"twitter_card":"summary_large_image","twitter_misc":{"Est. reading time":"1 minut\u0117"},"schema":{"@context":"https:\/\/schema.org","@graph":[{"@type":"WebPage","@id":"https:\/\/www.biopapa.de\/lt\/producte\/ekologiskos-dziovintos-juros-darzoves-wakame-dribsniai\/","url":"https:\/\/www.biopapa.de\/lt\/producte\/ekologiskos-dziovintos-juros-darzoves-wakame-dribsniai\/","name":"Ekologi\u0161kos d\u017eiovintos j\u016bros dar\u017eov\u0117s WAKAME (dribsniai) - Biopapa","isPartOf":{"@id":"https:\/\/www.biopapa.de\/lt\/#website"},"primaryImageOfPage":{"@id":"https:\/\/www.biopapa.de\/lt\/producte\/ekologiskos-dziovintos-juros-darzoves-wakame-dribsniai\/#primaryimage"},"image":{"@id":"https:\/\/www.biopapa.de\/lt\/producte\/ekologiskos-dziovintos-juros-darzoves-wakame-dribsniai\/#primaryimage"},"thumbnailUrl":"https:\/\/www.biopapa.de\/wp-content\/uploads\/2023\/09\/wakame-800x640-2.png","datePublished":"2023-09-01T08:49:09+00:00","dateModified":"2026-04-01T07:42:52+00:00","description":"Ekologi\u0161kos j\u016bros dar\u017eov\u0117s Wakame (Undaria pinnatifida). Europos kilm\u0117s j\u016bros dumbliai, dehidratuoti ir susmulkinti. Neapdoroti j\u016bros dumbliai dehidratuojami \u017eemoje temperat\u016broje.","breadcrumb":{"@id":"https:\/\/www.biopapa.de\/lt\/producte\/ekologiskos-dziovintos-juros-darzoves-wakame-dribsniai\/#breadcrumb"},"inLanguage":"lt-LT","potentialAction":[{"@type":"ReadAction","target":["https:\/\/www.biopapa.de\/lt\/producte\/ekologiskos-dziovintos-juros-darzoves-wakame-dribsniai\/"]}]},{"@type":"ImageObject","inLanguage":"lt-LT","@id":"https:\/\/www.biopapa.de\/lt\/producte\/ekologiskos-dziovintos-juros-darzoves-wakame-dribsniai\/#primaryimage","url":"https:\/\/www.biopapa.de\/wp-content\/uploads\/2023\/09\/wakame-800x640-2.png","contentUrl":"https:\/\/www.biopapa.de\/wp-content\/uploads\/2023\/09\/wakame-800x640-2.png","width":800,"height":640},{"@type":"BreadcrumbList","@id":"https:\/\/www.biopapa.de\/lt\/producte\/ekologiskos-dziovintos-juros-darzoves-wakame-dribsniai\/#breadcrumb","itemListElement":[{"@type":"ListItem","position":1,"name":"Home","item":"https:\/\/www.biopapa.de\/lt\/"},{"@type":"ListItem","position":2,"name":"Parduotuv\u0117","item":"https:\/\/www.biopapa.de\/parduotuve\/"},{"@type":"ListItem","position":3,"name":"Ekologi\u0161kos d\u017eiovintos j\u016bros dar\u017eov\u0117s WAKAME (dribsniai)"}]},{"@type":"WebSite","@id":"https:\/\/www.biopapa.de\/lt\/#website","url":"https:\/\/www.biopapa.de\/lt\/","name":"Biopapa","description":"\u0160var\u016bs ekologi\u0161ki produktai","publisher":{"@id":"https:\/\/www.biopapa.de\/lt\/#organization"},"potentialAction":[{"@type":"SearchAction","target":{"@type":"EntryPoint","urlTemplate":"https:\/\/www.biopapa.de\/lt\/?s={search_term_string}"},"query-input":{"@type":"PropertyValueSpecification","valueRequired":true,"valueName":"search_term_string"}}],"inLanguage":"lt-LT"},{"@type":"Organization","@id":"https:\/\/www.biopapa.de\/lt\/#organization","name":"Biopapa","url":"https:\/\/www.biopapa.de\/lt\/","logo":{"@type":"ImageObject","inLanguage":"lt-LT","@id":"https:\/\/www.biopapa.de\/lt\/#\/schema\/logo\/image\/","url":"https:\/\/www.biopapa.lt\/wp-content\/uploads\/2022\/04\/facebook_biopapa.jpg","contentUrl":"https:\/\/www.biopapa.lt\/wp-content\/uploads\/2022\/04\/facebook_biopapa.jpg","width":1733,"height":907,"caption":"Biopapa"},"image":{"@id":"https:\/\/www.biopapa.de\/lt\/#\/schema\/logo\/image\/"},"sameAs":["https:\/\/www.facebook.com\/biopapa.lt"]}]}},"_links":{"self":[{"href":"https:\/\/www.biopapa.de\/lt\/wp-json\/wp\/v2\/product\/33301","targetHints":{"allow":["GET"]}}],"collection":[{"href":"https:\/\/www.biopapa.de\/lt\/wp-json\/wp\/v2\/product"}],"about":[{"href":"https:\/\/www.biopapa.de\/lt\/wp-json\/wp\/v2\/types\/product"}],"wp:featuredmedia":[{"embeddable":true,"href":"https:\/\/www.biopapa.de\/lt\/wp-json\/wp\/v2\/media\/34099"}],"wp:attachment":[{"href":"https:\/\/www.biopapa.de\/lt\/wp-json\/wp\/v2\/media?parent=33301"}],"wp:term":[{"taxonomy":"product_brand","embeddable":true,"href":"https:\/\/www.biopapa.de\/lt\/wp-json\/wp\/v2\/product_brand?post=33301"},{"taxonomy":"product_cat","embeddable":true,"href":"https:\/\/www.biopapa.de\/lt\/wp-json\/wp\/v2\/product_cat?post=33301"},{"taxonomy":"product_tag","embeddable":true,"href":"https:\/\/www.biopapa.de\/lt\/wp-json\/wp\/v2\/product_tag?post=33301"}],"curies":[{"name":"wp","href":"https:\/\/api.w.org\/{rel}","templated":true}]}}