{"id":33311,"date":"2023-09-01T11:58:17","date_gmt":"2023-09-01T08:58:17","guid":{"rendered":"https:\/\/www.biopapa.lt\/?post_type=product&#038;p=33311"},"modified":"2025-11-27T13:38:06","modified_gmt":"2025-11-27T11:38:06","slug":"ekologiskos-dziovintos-juros-darzoves-dulse-dribsniai","status":"publish","type":"product","link":"https:\/\/www.biopapa.de\/lt\/producte\/ekologiskos-dziovintos-juros-darzoves-dulse-dribsniai\/","title":{"rendered":"Ekologi\u0161kos d\u017eiovintos j\u016bros dar\u017eov\u0117s DULSE (dribsniai)"},"content":{"rendered":"<p><strong>Ekologi\u0161kos d\u017eiovintos j\u016bros dar\u017eov\u0117s DULSE (dribsniai)<\/strong><\/p>\n<p>Produktas pagamintas i\u0161 valgom\u0173j\u0173 j\u016bros dumbli\u0173 Dulse (Palmaria palmata). Europos kilm\u0117s j\u016bros dumbliai, dehidratuoti ir susmulkinti. Neapdoroti j\u016bros dumbliai dehidratuojami \u017eemoje temperat\u016broje.<\/p>\n<p>Paruo\u0161imas: \u0161\u012f produkt\u0105 reikia i\u0161 anksto paruo\u0161ti, j\u012f rehidratuojant vandenyje 5 minutes (j\u0173 i\u0161d\u017eiovinta mas\u0117 padid\u0117ja keturis kartus).<br \/>\nPatiekimas: Rehidratuotas galima naudoti salotose, marinuotas. Taip pat kaip garnyras ir kaip sriub\u0173, tro\u0161kini\u0173, pyrag\u0173, ry\u017ei\u0173 ir makaron\u0173 ingredientas.<br \/>\nSkirta: pla\u010diajai visuomenei, i\u0161skyrus k\u016bdikius ir ma\u017eus vaikus. Tinka veganams ir vegetarams.<\/p>\n<p>Savyb\u0117s:<br \/>\n&#8211; Ma\u017eai riebal\u0173.<br \/>\n&#8211; Be cukraus.<br \/>\n&#8211; Daug skaidul\u0173.<br \/>\n&#8211; Baltym\u0173 \u0161altinis.<br \/>\n&#8211; Skonis ir kvapas: pana\u0161us \u012f v\u0117\u017eiagyvius; daugiau n\u0117ra pa\u0161alinio skonio ar kvapo.<br \/>\n&#8211; Tekst\u016bra: kremzlin\u0117.<br \/>\n&#8211; I\u0161vaizda: raudonieji j\u016bros dumbliai.<\/p>\n<p>Rekomendacija: vidutinio suaugusio \u017emogaus suvartojamas kiekis (8400 kJ\/2000 kcal).<\/p>\n<p>Ma\u017edaug 1 g dehidratuot\u0173 dumbli\u0173 ir 12 g \u0161i\u0173 hidratuot\u0173 j\u016bros dumbli\u0173 yra 150 \u03bcg jodo (NRV pagal reglament\u0105 EU1169\/2011)<\/p>\n<p><strong>Receptas &#8211; Dar\u017eovi\u0173 sriuba ir j\u016bros dar\u017eov\u0117s DULSE<\/strong><br \/>\n<em>Ingredientai<br \/>\n<\/em>&#8211; 1 L dar\u017eovi\u0173 sultinio<br \/>\n&#8211; 100 g lai\u0161kini\u0173 \u010desnak\u0173<br \/>\n&#8211; 150 g por\u0173<br \/>\n&#8211; 90 g mork\u0173<br \/>\n&#8211; 4 \u0161veicari\u0161k\u0173 mangold\u0173 lapai<br \/>\n&#8211; 100 g cukinijos<br \/>\n&#8211; 10 g dehidruotos DULSE<br \/>\n&#8211; \u0161lakelis alyvuogi\u0173 aliejaus<\/p>\n<p><em>Paruo\u0161imas<\/em><br \/>\n&#8211; nuplauti ir smulkiai supjausti dar\u017eoves;<br \/>\n&#8211; \u0161iek tiek pakepinti aliejuje ingredientus eil\u0117s tvarka: lai\u0161kinius \u010desnakus, porus, morkas, mangold\u0173 lapus ir dehidruotas J\u016bros dar\u017eoves DULSE;<br \/>\n&#8211; supilti sultin\u012f ir pavirti apie 12 min.;<br \/>\n&#8211; pabaigoje \u012fd\u0117ti cukinij\u0105 ir pavirti 3 minutes;<br \/>\n&#8211; patiekite gilioje l\u0117k\u0161t\u0117je arba duben\u0117lyje.<\/p>\n<p>Tegul maistas b\u016bna J\u016bs\u0173 vaistas!<\/p>\n<p><em>PASTABA. \u010cia pateikta informacija negali b\u016bti interpretuojama kaip gydymo ar kitokio pob\u016bd\u017eio sveikatos klausim\u0173 sprendimo rekomendacija. Raginame sprendimus, susijusius su asmenine sveikata, priimti asmeni\u0161kai, \u012fvertinus \u012fvairius informacijos \u0161altinius. <\/em><\/p>\n","protected":false},"excerpt":{"rendered":"<p>Ekologi\u0161kos d\u017eiovintos j\u016bros dar\u017eov\u0117s DULSE (dribsniai) Produktas pagamintas i\u0161 valgom\u0173j\u0173 j\u016bros dumbli\u0173 Dulse (Palmaria palmata). Europos kilm\u0117s j\u016bros dumbliai, dehidratuoti<\/p>\n","protected":false},"featured_media":34096,"template":"","meta":{"_acf_changed":false},"product_brand":[],"product_cat":[1228,2350],"product_tag":[1433,1381,1636,1378],"class_list":{"0":"post-33311","1":"product","2":"type-product","3":"status-publish","4":"has-post-thumbnail","6":"product_cat-ekologiski-dziovinti-vaisiai-uogos-darzoves","7":"product_cat-juros-dumbliai","8":"product_tag-baltymu-saltinis","9":"product_tag-be-pridetinio-cukraus","10":"product_tag-skaidulu-saltinis","11":"product_tag-veganams","12":"pa_svoris-1-kg","13":"pa_svoris-100-g","14":"pa_svoris-200-g","15":"pa_svoris-25-g","16":"pa_svoris-300-g","17":"pa_svoris-400-g","18":"pa_svoris-50-g","19":"pa_svoris-500-g","21":"first","22":"instock","23":"shipping-taxable","24":"purchasable","25":"product-type-variable"},"acf":[],"yoast_head":"<!-- This site is optimized with the Yoast SEO plugin v27.3 - https:\/\/yoast.com\/product\/yoast-seo-wordpress\/ -->\n<title>Ekologi\u0161kos d\u017eiovintos j\u016bros dar\u017eov\u0117s DULSE (dribsniai) - Biopapa<\/title>\n<meta name=\"description\" content=\"Europos kilm\u0117s valgomieji j\u016bros dumbliai, dehidratuoti ir susmulkinti. Rehidratuotas galima naudoti salotose, marinuotas. Taip pat kaip garnyras ir kaip sriub\u0173, tro\u0161kini\u0173, pyrag\u0173, ry\u017ei\u0173 ir makaron\u0173 ingredientas.\" \/>\n<meta name=\"robots\" content=\"index, follow, max-snippet:-1, max-image-preview:large, max-video-preview:-1\" \/>\n<link rel=\"canonical\" href=\"https:\/\/www.biopapa.de\/lt\/producte\/ekologiskos-dziovintos-juros-darzoves-dulse-dribsniai\/\" \/>\n<meta property=\"og:locale\" content=\"lt_LT\" \/>\n<meta property=\"og:type\" content=\"article\" \/>\n<meta property=\"og:title\" content=\"Ekologi\u0161kos d\u017eiovintos j\u016bros dar\u017eov\u0117s DULSE (dribsniai) - Biopapa\" \/>\n<meta property=\"og:description\" content=\"Europos kilm\u0117s valgomieji j\u016bros dumbliai, dehidratuoti ir susmulkinti. Rehidratuotas galima naudoti salotose, marinuotas. Taip pat kaip garnyras ir kaip sriub\u0173, tro\u0161kini\u0173, pyrag\u0173, ry\u017ei\u0173 ir makaron\u0173 ingredientas.\" \/>\n<meta property=\"og:url\" content=\"https:\/\/www.biopapa.de\/lt\/producte\/ekologiskos-dziovintos-juros-darzoves-dulse-dribsniai\/\" \/>\n<meta property=\"og:site_name\" content=\"Biopapa\" \/>\n<meta property=\"article:publisher\" content=\"https:\/\/www.facebook.com\/biopapa.lt\" \/>\n<meta property=\"article:modified_time\" content=\"2025-11-27T11:38:06+00:00\" \/>\n<meta property=\"og:image\" content=\"https:\/\/www.biopapa.de\/wp-content\/uploads\/2023\/09\/dulse-800x640-1.png\" \/>\n\t<meta property=\"og:image:width\" content=\"800\" \/>\n\t<meta property=\"og:image:height\" content=\"640\" \/>\n\t<meta property=\"og:image:type\" content=\"image\/png\" \/>\n<meta name=\"twitter:card\" content=\"summary_large_image\" \/>\n<meta name=\"twitter:label1\" content=\"Est. reading time\" \/>\n\t<meta name=\"twitter:data1\" content=\"1 minut\u0117\" \/>\n<script type=\"application\/ld+json\" class=\"yoast-schema-graph\">{\"@context\":\"https:\\\/\\\/schema.org\",\"@graph\":[{\"@type\":\"WebPage\",\"@id\":\"https:\\\/\\\/www.biopapa.de\\\/lt\\\/producte\\\/ekologiskos-dziovintos-juros-darzoves-dulse-dribsniai\\\/\",\"url\":\"https:\\\/\\\/www.biopapa.de\\\/lt\\\/producte\\\/ekologiskos-dziovintos-juros-darzoves-dulse-dribsniai\\\/\",\"name\":\"Ekologi\u0161kos d\u017eiovintos j\u016bros dar\u017eov\u0117s DULSE (dribsniai) - Biopapa\",\"isPartOf\":{\"@id\":\"https:\\\/\\\/www.biopapa.de\\\/lt\\\/#website\"},\"primaryImageOfPage\":{\"@id\":\"https:\\\/\\\/www.biopapa.de\\\/lt\\\/producte\\\/ekologiskos-dziovintos-juros-darzoves-dulse-dribsniai\\\/#primaryimage\"},\"image\":{\"@id\":\"https:\\\/\\\/www.biopapa.de\\\/lt\\\/producte\\\/ekologiskos-dziovintos-juros-darzoves-dulse-dribsniai\\\/#primaryimage\"},\"thumbnailUrl\":\"https:\\\/\\\/www.biopapa.de\\\/wp-content\\\/uploads\\\/2023\\\/09\\\/dulse-800x640-1.png\",\"datePublished\":\"2023-09-01T08:58:17+00:00\",\"dateModified\":\"2025-11-27T11:38:06+00:00\",\"description\":\"Europos kilm\u0117s valgomieji j\u016bros dumbliai, dehidratuoti ir susmulkinti. Rehidratuotas galima naudoti salotose, marinuotas. Taip pat kaip garnyras ir kaip sriub\u0173, tro\u0161kini\u0173, pyrag\u0173, ry\u017ei\u0173 ir makaron\u0173 ingredientas.\",\"breadcrumb\":{\"@id\":\"https:\\\/\\\/www.biopapa.de\\\/lt\\\/producte\\\/ekologiskos-dziovintos-juros-darzoves-dulse-dribsniai\\\/#breadcrumb\"},\"inLanguage\":\"lt-LT\",\"potentialAction\":[{\"@type\":\"ReadAction\",\"target\":[\"https:\\\/\\\/www.biopapa.de\\\/lt\\\/producte\\\/ekologiskos-dziovintos-juros-darzoves-dulse-dribsniai\\\/\"]}]},{\"@type\":\"ImageObject\",\"inLanguage\":\"lt-LT\",\"@id\":\"https:\\\/\\\/www.biopapa.de\\\/lt\\\/producte\\\/ekologiskos-dziovintos-juros-darzoves-dulse-dribsniai\\\/#primaryimage\",\"url\":\"https:\\\/\\\/www.biopapa.de\\\/wp-content\\\/uploads\\\/2023\\\/09\\\/dulse-800x640-1.png\",\"contentUrl\":\"https:\\\/\\\/www.biopapa.de\\\/wp-content\\\/uploads\\\/2023\\\/09\\\/dulse-800x640-1.png\",\"width\":800,\"height\":640},{\"@type\":\"BreadcrumbList\",\"@id\":\"https:\\\/\\\/www.biopapa.de\\\/lt\\\/producte\\\/ekologiskos-dziovintos-juros-darzoves-dulse-dribsniai\\\/#breadcrumb\",\"itemListElement\":[{\"@type\":\"ListItem\",\"position\":1,\"name\":\"Home\",\"item\":\"https:\\\/\\\/www.biopapa.de\\\/lt\\\/\"},{\"@type\":\"ListItem\",\"position\":2,\"name\":\"Parduotuv\u0117\",\"item\":\"https:\\\/\\\/www.biopapa.de\\\/parduotuve\\\/\"},{\"@type\":\"ListItem\",\"position\":3,\"name\":\"Ekologi\u0161kos d\u017eiovintos j\u016bros dar\u017eov\u0117s DULSE (dribsniai)\"}]},{\"@type\":\"WebSite\",\"@id\":\"https:\\\/\\\/www.biopapa.de\\\/lt\\\/#website\",\"url\":\"https:\\\/\\\/www.biopapa.de\\\/lt\\\/\",\"name\":\"Biopapa\",\"description\":\"\u0160var\u016bs ekologi\u0161ki produktai\",\"publisher\":{\"@id\":\"https:\\\/\\\/www.biopapa.de\\\/lt\\\/#organization\"},\"potentialAction\":[{\"@type\":\"SearchAction\",\"target\":{\"@type\":\"EntryPoint\",\"urlTemplate\":\"https:\\\/\\\/www.biopapa.de\\\/lt\\\/?s={search_term_string}\"},\"query-input\":{\"@type\":\"PropertyValueSpecification\",\"valueRequired\":true,\"valueName\":\"search_term_string\"}}],\"inLanguage\":\"lt-LT\"},{\"@type\":\"Organization\",\"@id\":\"https:\\\/\\\/www.biopapa.de\\\/lt\\\/#organization\",\"name\":\"Biopapa\",\"url\":\"https:\\\/\\\/www.biopapa.de\\\/lt\\\/\",\"logo\":{\"@type\":\"ImageObject\",\"inLanguage\":\"lt-LT\",\"@id\":\"https:\\\/\\\/www.biopapa.de\\\/lt\\\/#\\\/schema\\\/logo\\\/image\\\/\",\"url\":\"https:\\\/\\\/www.biopapa.lt\\\/wp-content\\\/uploads\\\/2022\\\/04\\\/facebook_biopapa.jpg\",\"contentUrl\":\"https:\\\/\\\/www.biopapa.lt\\\/wp-content\\\/uploads\\\/2022\\\/04\\\/facebook_biopapa.jpg\",\"width\":1733,\"height\":907,\"caption\":\"Biopapa\"},\"image\":{\"@id\":\"https:\\\/\\\/www.biopapa.de\\\/lt\\\/#\\\/schema\\\/logo\\\/image\\\/\"},\"sameAs\":[\"https:\\\/\\\/www.facebook.com\\\/biopapa.lt\"]}]}<\/script>\n<!-- \/ Yoast SEO plugin. -->","yoast_head_json":{"title":"Ekologi\u0161kos d\u017eiovintos j\u016bros dar\u017eov\u0117s DULSE (dribsniai) - Biopapa","description":"Europos kilm\u0117s valgomieji j\u016bros dumbliai, dehidratuoti ir susmulkinti. Rehidratuotas galima naudoti salotose, marinuotas. Taip pat kaip garnyras ir kaip sriub\u0173, tro\u0161kini\u0173, pyrag\u0173, ry\u017ei\u0173 ir makaron\u0173 ingredientas.","robots":{"index":"index","follow":"follow","max-snippet":"max-snippet:-1","max-image-preview":"max-image-preview:large","max-video-preview":"max-video-preview:-1"},"canonical":"https:\/\/www.biopapa.de\/lt\/producte\/ekologiskos-dziovintos-juros-darzoves-dulse-dribsniai\/","og_locale":"lt_LT","og_type":"article","og_title":"Ekologi\u0161kos d\u017eiovintos j\u016bros dar\u017eov\u0117s DULSE (dribsniai) - Biopapa","og_description":"Europos kilm\u0117s valgomieji j\u016bros dumbliai, dehidratuoti ir susmulkinti. Rehidratuotas galima naudoti salotose, marinuotas. Taip pat kaip garnyras ir kaip sriub\u0173, tro\u0161kini\u0173, pyrag\u0173, ry\u017ei\u0173 ir makaron\u0173 ingredientas.","og_url":"https:\/\/www.biopapa.de\/lt\/producte\/ekologiskos-dziovintos-juros-darzoves-dulse-dribsniai\/","og_site_name":"Biopapa","article_publisher":"https:\/\/www.facebook.com\/biopapa.lt","article_modified_time":"2025-11-27T11:38:06+00:00","og_image":[{"width":800,"height":640,"url":"https:\/\/www.biopapa.de\/wp-content\/uploads\/2023\/09\/dulse-800x640-1.png","type":"image\/png"}],"twitter_card":"summary_large_image","twitter_misc":{"Est. reading time":"1 minut\u0117"},"schema":{"@context":"https:\/\/schema.org","@graph":[{"@type":"WebPage","@id":"https:\/\/www.biopapa.de\/lt\/producte\/ekologiskos-dziovintos-juros-darzoves-dulse-dribsniai\/","url":"https:\/\/www.biopapa.de\/lt\/producte\/ekologiskos-dziovintos-juros-darzoves-dulse-dribsniai\/","name":"Ekologi\u0161kos d\u017eiovintos j\u016bros dar\u017eov\u0117s DULSE (dribsniai) - Biopapa","isPartOf":{"@id":"https:\/\/www.biopapa.de\/lt\/#website"},"primaryImageOfPage":{"@id":"https:\/\/www.biopapa.de\/lt\/producte\/ekologiskos-dziovintos-juros-darzoves-dulse-dribsniai\/#primaryimage"},"image":{"@id":"https:\/\/www.biopapa.de\/lt\/producte\/ekologiskos-dziovintos-juros-darzoves-dulse-dribsniai\/#primaryimage"},"thumbnailUrl":"https:\/\/www.biopapa.de\/wp-content\/uploads\/2023\/09\/dulse-800x640-1.png","datePublished":"2023-09-01T08:58:17+00:00","dateModified":"2025-11-27T11:38:06+00:00","description":"Europos kilm\u0117s valgomieji j\u016bros dumbliai, dehidratuoti ir susmulkinti. Rehidratuotas galima naudoti salotose, marinuotas. Taip pat kaip garnyras ir kaip sriub\u0173, tro\u0161kini\u0173, pyrag\u0173, ry\u017ei\u0173 ir makaron\u0173 ingredientas.","breadcrumb":{"@id":"https:\/\/www.biopapa.de\/lt\/producte\/ekologiskos-dziovintos-juros-darzoves-dulse-dribsniai\/#breadcrumb"},"inLanguage":"lt-LT","potentialAction":[{"@type":"ReadAction","target":["https:\/\/www.biopapa.de\/lt\/producte\/ekologiskos-dziovintos-juros-darzoves-dulse-dribsniai\/"]}]},{"@type":"ImageObject","inLanguage":"lt-LT","@id":"https:\/\/www.biopapa.de\/lt\/producte\/ekologiskos-dziovintos-juros-darzoves-dulse-dribsniai\/#primaryimage","url":"https:\/\/www.biopapa.de\/wp-content\/uploads\/2023\/09\/dulse-800x640-1.png","contentUrl":"https:\/\/www.biopapa.de\/wp-content\/uploads\/2023\/09\/dulse-800x640-1.png","width":800,"height":640},{"@type":"BreadcrumbList","@id":"https:\/\/www.biopapa.de\/lt\/producte\/ekologiskos-dziovintos-juros-darzoves-dulse-dribsniai\/#breadcrumb","itemListElement":[{"@type":"ListItem","position":1,"name":"Home","item":"https:\/\/www.biopapa.de\/lt\/"},{"@type":"ListItem","position":2,"name":"Parduotuv\u0117","item":"https:\/\/www.biopapa.de\/parduotuve\/"},{"@type":"ListItem","position":3,"name":"Ekologi\u0161kos d\u017eiovintos j\u016bros dar\u017eov\u0117s DULSE (dribsniai)"}]},{"@type":"WebSite","@id":"https:\/\/www.biopapa.de\/lt\/#website","url":"https:\/\/www.biopapa.de\/lt\/","name":"Biopapa","description":"\u0160var\u016bs ekologi\u0161ki produktai","publisher":{"@id":"https:\/\/www.biopapa.de\/lt\/#organization"},"potentialAction":[{"@type":"SearchAction","target":{"@type":"EntryPoint","urlTemplate":"https:\/\/www.biopapa.de\/lt\/?s={search_term_string}"},"query-input":{"@type":"PropertyValueSpecification","valueRequired":true,"valueName":"search_term_string"}}],"inLanguage":"lt-LT"},{"@type":"Organization","@id":"https:\/\/www.biopapa.de\/lt\/#organization","name":"Biopapa","url":"https:\/\/www.biopapa.de\/lt\/","logo":{"@type":"ImageObject","inLanguage":"lt-LT","@id":"https:\/\/www.biopapa.de\/lt\/#\/schema\/logo\/image\/","url":"https:\/\/www.biopapa.lt\/wp-content\/uploads\/2022\/04\/facebook_biopapa.jpg","contentUrl":"https:\/\/www.biopapa.lt\/wp-content\/uploads\/2022\/04\/facebook_biopapa.jpg","width":1733,"height":907,"caption":"Biopapa"},"image":{"@id":"https:\/\/www.biopapa.de\/lt\/#\/schema\/logo\/image\/"},"sameAs":["https:\/\/www.facebook.com\/biopapa.lt"]}]}},"_links":{"self":[{"href":"https:\/\/www.biopapa.de\/lt\/wp-json\/wp\/v2\/product\/33311","targetHints":{"allow":["GET"]}}],"collection":[{"href":"https:\/\/www.biopapa.de\/lt\/wp-json\/wp\/v2\/product"}],"about":[{"href":"https:\/\/www.biopapa.de\/lt\/wp-json\/wp\/v2\/types\/product"}],"wp:featuredmedia":[{"embeddable":true,"href":"https:\/\/www.biopapa.de\/lt\/wp-json\/wp\/v2\/media\/34096"}],"wp:attachment":[{"href":"https:\/\/www.biopapa.de\/lt\/wp-json\/wp\/v2\/media?parent=33311"}],"wp:term":[{"taxonomy":"product_brand","embeddable":true,"href":"https:\/\/www.biopapa.de\/lt\/wp-json\/wp\/v2\/product_brand?post=33311"},{"taxonomy":"product_cat","embeddable":true,"href":"https:\/\/www.biopapa.de\/lt\/wp-json\/wp\/v2\/product_cat?post=33311"},{"taxonomy":"product_tag","embeddable":true,"href":"https:\/\/www.biopapa.de\/lt\/wp-json\/wp\/v2\/product_tag?post=33311"}],"curies":[{"name":"wp","href":"https:\/\/api.w.org\/{rel}","templated":true}]}}