{"id":34759,"date":"2023-09-11T07:39:43","date_gmt":"2023-09-11T04:39:43","guid":{"rendered":"https:\/\/www.biopapa.lt\/?post_type=product&#038;p=34759"},"modified":"2025-11-12T10:46:13","modified_gmt":"2025-11-12T08:46:13","slug":"ekologiski-ciberzoles-milteliai-64-g-biopapa","status":"publish","type":"product","link":"https:\/\/www.biopapa.de\/lt\/producte\/ekologiski-ciberzoles-milteliai-64-g-biopapa\/","title":{"rendered":"Ekologi\u0161ki ciber\u017eol\u0117s milteliai, 64 g, Biopapa"},"content":{"rendered":"<p>Ciber\u017eol\u0117, ry\u0161kus auksinio atspalvio prieskonis, yra daugelio virtuvi\u0173 ir tradicin\u0117s medicinos sistem\u0173 pagrindas visame pasaulyje. Nesvarbu, ar vartojama \u0161vie\u017eia, ar sausa, ciber\u017eol\u0117 turi \u012fsp\u016bding\u0105 naud\u0105 sveikatai d\u0117l savo aktyvaus junginio kurkumino. Ciber\u017eol\u0117 arba Curcuma longa \u2013 imbierini\u0173 (Zingiberaceae) \u0161eimos augalas, kil\u0119s i\u0161 Pietry\u010di\u0173 Azijos, t\u016bkstanme\u010dius buvo gerbiama d\u0117l savo gydom\u0173j\u0173 savybi\u0173. Jos naud\u0105 tvirtina ir tradicin\u0117s medicinos sistemos, kaip Ajurveda ir Tradicin\u0117 kin\u0173 medicina (TCM) ir \u0161iuolaikiniai moksliniai tyrimai.<\/p>\n<p><em>Naudojimas<br \/>\n<\/em>\u012epilkite saus\u0173 ciber\u017eol\u0117s milteli\u0173 \u012f sriubas, tro\u0161kinius, ry\u017ei\u0173 patiekalus ar l\u0119\u0161i\u0173 patiekalus, netgi pabarstykite salotas, kad gautum\u0117te \u0161ilt\u0105 ir i\u0161skirtin\u012f skon\u012f.<br \/>\nTaip pat galite pasigaminti arbatos, bei auksin\u012f pien\u0105 su ciber\u017eole, sumai\u0161\u0119 j\u012f su \u0161iltu augaliniu pienu ir \u0161iek tiek saldiklio.<\/p>\n<p>Tyrimai tvirtina, kad juod\u0173j\u0173 pipir\u0173 piperino ir ciber\u017eol\u0117je esan\u010dio kurkumino derinys padidina kurkumino absorbcij\u0105 iki 2000 %.<br \/>\nD\u0117l to ciber\u017eol\u0117s derinimas su juodaisiais pipirais padidina galim\u0105 jo naud\u0105 sveikatai.<\/p>\n<p>M\u016bs\u0173 parduotuv\u0117je taip pat rasite sveriam\u0173<a href=\"https:\/\/www.biopapa.lt\/produktas\/ekologiski-ciberzoles-milteliai\/\"> ciber\u017eol\u0117s milteli\u0173<\/a>.<\/p>\n<p><em>PASTABA. \u010cia pateikta informacija negali b\u016bti interpretuojama kaip gydymo ar kitokio pob\u016bd\u017eio sveikatos klausim\u0173 sprendimo rekomendacija. Raginame sprendimus, susijusius su asmenine sveikata, priimti asmeni\u0161kai, \u012fvertinus \u012fvairius informacijos \u0161altinius.<\/em><\/p>\n","protected":false},"excerpt":{"rendered":"<p>Ciber\u017eol\u0117, ry\u0161kus auksinio atspalvio prieskonis, yra daugelio virtuvi\u0173 ir tradicin\u0117s medicinos sistem\u0173 pagrindas visame pasaulyje. Nesvarbu, ar vartojama \u0161vie\u017eia, ar<\/p>\n","protected":false},"featured_media":34760,"template":"","meta":{"_acf_changed":false},"product_brand":[],"product_cat":[1315],"product_tag":[1378],"class_list":{"0":"post-34759","1":"product","2":"type-product","3":"status-publish","4":"has-post-thumbnail","6":"product_cat-ekologiski-prieskoniai","7":"product_tag-veganams","8":"pa_svoris-1-kg","9":"pa_svoris-100-g","10":"pa_svoris-200-g","11":"pa_svoris-300-g","12":"pa_svoris-400-g","13":"pa_svoris-5-kg","14":"pa_svoris-50-g","15":"pa_svoris-500-g","17":"first","18":"instock","19":"shipping-taxable","20":"purchasable","21":"product-type-simple"},"acf":[],"yoast_head":"<!-- This site is optimized with the Yoast SEO plugin v27.5 - https:\/\/yoast.com\/product\/yoast-seo-wordpress\/ -->\n<title>Ekologi\u0161ki ciber\u017eol\u0117s milteliai, 64 g, Biopapa - Biopapa<\/title>\n<meta name=\"description\" content=\"Ciber\u017eol\u0117, ry\u0161kus auksinio atspalvio prieskonis, yra daugelio virtuvi\u0173 ir tradicin\u0117s medicinos sistem\u0173 pagrindas visame pasaulyje. Jos naud\u0105 tvirtina ir tradicin\u0117s medicinos sistemos, kaip Ajurveda ir Tradicin\u0117 kin\u0173 medicina (TCM) ir \u0161iuolaikiniai moksliniai tyrimai.\" \/>\n<meta name=\"robots\" content=\"index, follow, max-snippet:-1, max-image-preview:large, max-video-preview:-1\" \/>\n<link rel=\"canonical\" href=\"https:\/\/www.biopapa.de\/lt\/producte\/ekologiski-ciberzoles-milteliai-64-g-biopapa\/\" \/>\n<meta property=\"og:locale\" content=\"lt_LT\" \/>\n<meta property=\"og:type\" content=\"article\" \/>\n<meta property=\"og:title\" content=\"Ekologi\u0161ki ciber\u017eol\u0117s milteliai, 64 g, Biopapa - Biopapa\" \/>\n<meta property=\"og:description\" content=\"Ciber\u017eol\u0117, ry\u0161kus auksinio atspalvio prieskonis, yra daugelio virtuvi\u0173 ir tradicin\u0117s medicinos sistem\u0173 pagrindas visame pasaulyje. Jos naud\u0105 tvirtina ir tradicin\u0117s medicinos sistemos, kaip Ajurveda ir Tradicin\u0117 kin\u0173 medicina (TCM) ir \u0161iuolaikiniai moksliniai tyrimai.\" \/>\n<meta property=\"og:url\" content=\"https:\/\/www.biopapa.de\/lt\/producte\/ekologiski-ciberzoles-milteliai-64-g-biopapa\/\" \/>\n<meta property=\"og:site_name\" content=\"Biopapa\" \/>\n<meta property=\"article:publisher\" content=\"https:\/\/www.facebook.com\/biopapa.lt\" \/>\n<meta property=\"article:modified_time\" content=\"2025-11-12T08:46:13+00:00\" \/>\n<meta property=\"og:image\" content=\"https:\/\/www.biopapa.de\/wp-content\/uploads\/2023\/09\/ekologiski-ciberzoles-milteliai-stikliniame-indelyje.png\" \/>\n\t<meta property=\"og:image:width\" content=\"800\" \/>\n\t<meta property=\"og:image:height\" content=\"640\" \/>\n\t<meta property=\"og:image:type\" content=\"image\/png\" \/>\n<meta name=\"twitter:card\" content=\"summary_large_image\" \/>\n<meta name=\"twitter:label1\" content=\"Est. reading time\" \/>\n\t<meta name=\"twitter:data1\" content=\"1 minut\u0117\" \/>\n<script type=\"application\/ld+json\" class=\"yoast-schema-graph\">{\"@context\":\"https:\\\/\\\/schema.org\",\"@graph\":[{\"@type\":\"WebPage\",\"@id\":\"https:\\\/\\\/www.biopapa.de\\\/lt\\\/producte\\\/ekologiski-ciberzoles-milteliai-64-g-biopapa\\\/\",\"url\":\"https:\\\/\\\/www.biopapa.de\\\/lt\\\/producte\\\/ekologiski-ciberzoles-milteliai-64-g-biopapa\\\/\",\"name\":\"Ekologi\u0161ki ciber\u017eol\u0117s milteliai, 64 g, Biopapa - Biopapa\",\"isPartOf\":{\"@id\":\"https:\\\/\\\/www.biopapa.de\\\/lt\\\/#website\"},\"primaryImageOfPage\":{\"@id\":\"https:\\\/\\\/www.biopapa.de\\\/lt\\\/producte\\\/ekologiski-ciberzoles-milteliai-64-g-biopapa\\\/#primaryimage\"},\"image\":{\"@id\":\"https:\\\/\\\/www.biopapa.de\\\/lt\\\/producte\\\/ekologiski-ciberzoles-milteliai-64-g-biopapa\\\/#primaryimage\"},\"thumbnailUrl\":\"https:\\\/\\\/www.biopapa.de\\\/wp-content\\\/uploads\\\/2023\\\/09\\\/ekologiski-ciberzoles-milteliai-stikliniame-indelyje.png\",\"datePublished\":\"2023-09-11T04:39:43+00:00\",\"dateModified\":\"2025-11-12T08:46:13+00:00\",\"description\":\"Ciber\u017eol\u0117, ry\u0161kus auksinio atspalvio prieskonis, yra daugelio virtuvi\u0173 ir tradicin\u0117s medicinos sistem\u0173 pagrindas visame pasaulyje. Jos naud\u0105 tvirtina ir tradicin\u0117s medicinos sistemos, kaip Ajurveda ir Tradicin\u0117 kin\u0173 medicina (TCM) ir \u0161iuolaikiniai moksliniai tyrimai.\",\"breadcrumb\":{\"@id\":\"https:\\\/\\\/www.biopapa.de\\\/lt\\\/producte\\\/ekologiski-ciberzoles-milteliai-64-g-biopapa\\\/#breadcrumb\"},\"inLanguage\":\"lt-LT\",\"potentialAction\":[{\"@type\":\"ReadAction\",\"target\":[\"https:\\\/\\\/www.biopapa.de\\\/lt\\\/producte\\\/ekologiski-ciberzoles-milteliai-64-g-biopapa\\\/\"]}]},{\"@type\":\"ImageObject\",\"inLanguage\":\"lt-LT\",\"@id\":\"https:\\\/\\\/www.biopapa.de\\\/lt\\\/producte\\\/ekologiski-ciberzoles-milteliai-64-g-biopapa\\\/#primaryimage\",\"url\":\"https:\\\/\\\/www.biopapa.de\\\/wp-content\\\/uploads\\\/2023\\\/09\\\/ekologiski-ciberzoles-milteliai-stikliniame-indelyje.png\",\"contentUrl\":\"https:\\\/\\\/www.biopapa.de\\\/wp-content\\\/uploads\\\/2023\\\/09\\\/ekologiski-ciberzoles-milteliai-stikliniame-indelyje.png\",\"width\":800,\"height\":640},{\"@type\":\"BreadcrumbList\",\"@id\":\"https:\\\/\\\/www.biopapa.de\\\/lt\\\/producte\\\/ekologiski-ciberzoles-milteliai-64-g-biopapa\\\/#breadcrumb\",\"itemListElement\":[{\"@type\":\"ListItem\",\"position\":1,\"name\":\"Home\",\"item\":\"https:\\\/\\\/www.biopapa.de\\\/lt\\\/\"},{\"@type\":\"ListItem\",\"position\":2,\"name\":\"Parduotuv\u0117\",\"item\":\"https:\\\/\\\/www.biopapa.de\\\/parduotuve\\\/\"},{\"@type\":\"ListItem\",\"position\":3,\"name\":\"Ekologi\u0161ki ciber\u017eol\u0117s milteliai, 64 g, Biopapa\"}]},{\"@type\":\"WebSite\",\"@id\":\"https:\\\/\\\/www.biopapa.de\\\/lt\\\/#website\",\"url\":\"https:\\\/\\\/www.biopapa.de\\\/lt\\\/\",\"name\":\"Biopapa\",\"description\":\"\u0160var\u016bs ekologi\u0161ki produktai\",\"publisher\":{\"@id\":\"https:\\\/\\\/www.biopapa.de\\\/lt\\\/#organization\"},\"potentialAction\":[{\"@type\":\"SearchAction\",\"target\":{\"@type\":\"EntryPoint\",\"urlTemplate\":\"https:\\\/\\\/www.biopapa.de\\\/lt\\\/?s={search_term_string}\"},\"query-input\":{\"@type\":\"PropertyValueSpecification\",\"valueRequired\":true,\"valueName\":\"search_term_string\"}}],\"inLanguage\":\"lt-LT\"},{\"@type\":\"Organization\",\"@id\":\"https:\\\/\\\/www.biopapa.de\\\/lt\\\/#organization\",\"name\":\"Biopapa\",\"url\":\"https:\\\/\\\/www.biopapa.de\\\/lt\\\/\",\"logo\":{\"@type\":\"ImageObject\",\"inLanguage\":\"lt-LT\",\"@id\":\"https:\\\/\\\/www.biopapa.de\\\/lt\\\/#\\\/schema\\\/logo\\\/image\\\/\",\"url\":\"https:\\\/\\\/www.biopapa.lt\\\/wp-content\\\/uploads\\\/2022\\\/04\\\/facebook_biopapa.jpg\",\"contentUrl\":\"https:\\\/\\\/www.biopapa.lt\\\/wp-content\\\/uploads\\\/2022\\\/04\\\/facebook_biopapa.jpg\",\"width\":1733,\"height\":907,\"caption\":\"Biopapa\"},\"image\":{\"@id\":\"https:\\\/\\\/www.biopapa.de\\\/lt\\\/#\\\/schema\\\/logo\\\/image\\\/\"},\"sameAs\":[\"https:\\\/\\\/www.facebook.com\\\/biopapa.lt\"]}]}<\/script>\n<!-- \/ Yoast SEO plugin. -->","yoast_head_json":{"title":"Ekologi\u0161ki ciber\u017eol\u0117s milteliai, 64 g, Biopapa - Biopapa","description":"Ciber\u017eol\u0117, ry\u0161kus auksinio atspalvio prieskonis, yra daugelio virtuvi\u0173 ir tradicin\u0117s medicinos sistem\u0173 pagrindas visame pasaulyje. Jos naud\u0105 tvirtina ir tradicin\u0117s medicinos sistemos, kaip Ajurveda ir Tradicin\u0117 kin\u0173 medicina (TCM) ir \u0161iuolaikiniai moksliniai tyrimai.","robots":{"index":"index","follow":"follow","max-snippet":"max-snippet:-1","max-image-preview":"max-image-preview:large","max-video-preview":"max-video-preview:-1"},"canonical":"https:\/\/www.biopapa.de\/lt\/producte\/ekologiski-ciberzoles-milteliai-64-g-biopapa\/","og_locale":"lt_LT","og_type":"article","og_title":"Ekologi\u0161ki ciber\u017eol\u0117s milteliai, 64 g, Biopapa - Biopapa","og_description":"Ciber\u017eol\u0117, ry\u0161kus auksinio atspalvio prieskonis, yra daugelio virtuvi\u0173 ir tradicin\u0117s medicinos sistem\u0173 pagrindas visame pasaulyje. Jos naud\u0105 tvirtina ir tradicin\u0117s medicinos sistemos, kaip Ajurveda ir Tradicin\u0117 kin\u0173 medicina (TCM) ir \u0161iuolaikiniai moksliniai tyrimai.","og_url":"https:\/\/www.biopapa.de\/lt\/producte\/ekologiski-ciberzoles-milteliai-64-g-biopapa\/","og_site_name":"Biopapa","article_publisher":"https:\/\/www.facebook.com\/biopapa.lt","article_modified_time":"2025-11-12T08:46:13+00:00","og_image":[{"width":800,"height":640,"url":"https:\/\/www.biopapa.de\/wp-content\/uploads\/2023\/09\/ekologiski-ciberzoles-milteliai-stikliniame-indelyje.png","type":"image\/png"}],"twitter_card":"summary_large_image","twitter_misc":{"Est. reading time":"1 minut\u0117"},"schema":{"@context":"https:\/\/schema.org","@graph":[{"@type":"WebPage","@id":"https:\/\/www.biopapa.de\/lt\/producte\/ekologiski-ciberzoles-milteliai-64-g-biopapa\/","url":"https:\/\/www.biopapa.de\/lt\/producte\/ekologiski-ciberzoles-milteliai-64-g-biopapa\/","name":"Ekologi\u0161ki ciber\u017eol\u0117s milteliai, 64 g, Biopapa - Biopapa","isPartOf":{"@id":"https:\/\/www.biopapa.de\/lt\/#website"},"primaryImageOfPage":{"@id":"https:\/\/www.biopapa.de\/lt\/producte\/ekologiski-ciberzoles-milteliai-64-g-biopapa\/#primaryimage"},"image":{"@id":"https:\/\/www.biopapa.de\/lt\/producte\/ekologiski-ciberzoles-milteliai-64-g-biopapa\/#primaryimage"},"thumbnailUrl":"https:\/\/www.biopapa.de\/wp-content\/uploads\/2023\/09\/ekologiski-ciberzoles-milteliai-stikliniame-indelyje.png","datePublished":"2023-09-11T04:39:43+00:00","dateModified":"2025-11-12T08:46:13+00:00","description":"Ciber\u017eol\u0117, ry\u0161kus auksinio atspalvio prieskonis, yra daugelio virtuvi\u0173 ir tradicin\u0117s medicinos sistem\u0173 pagrindas visame pasaulyje. Jos naud\u0105 tvirtina ir tradicin\u0117s medicinos sistemos, kaip Ajurveda ir Tradicin\u0117 kin\u0173 medicina (TCM) ir \u0161iuolaikiniai moksliniai tyrimai.","breadcrumb":{"@id":"https:\/\/www.biopapa.de\/lt\/producte\/ekologiski-ciberzoles-milteliai-64-g-biopapa\/#breadcrumb"},"inLanguage":"lt-LT","potentialAction":[{"@type":"ReadAction","target":["https:\/\/www.biopapa.de\/lt\/producte\/ekologiski-ciberzoles-milteliai-64-g-biopapa\/"]}]},{"@type":"ImageObject","inLanguage":"lt-LT","@id":"https:\/\/www.biopapa.de\/lt\/producte\/ekologiski-ciberzoles-milteliai-64-g-biopapa\/#primaryimage","url":"https:\/\/www.biopapa.de\/wp-content\/uploads\/2023\/09\/ekologiski-ciberzoles-milteliai-stikliniame-indelyje.png","contentUrl":"https:\/\/www.biopapa.de\/wp-content\/uploads\/2023\/09\/ekologiski-ciberzoles-milteliai-stikliniame-indelyje.png","width":800,"height":640},{"@type":"BreadcrumbList","@id":"https:\/\/www.biopapa.de\/lt\/producte\/ekologiski-ciberzoles-milteliai-64-g-biopapa\/#breadcrumb","itemListElement":[{"@type":"ListItem","position":1,"name":"Home","item":"https:\/\/www.biopapa.de\/lt\/"},{"@type":"ListItem","position":2,"name":"Parduotuv\u0117","item":"https:\/\/www.biopapa.de\/parduotuve\/"},{"@type":"ListItem","position":3,"name":"Ekologi\u0161ki ciber\u017eol\u0117s milteliai, 64 g, Biopapa"}]},{"@type":"WebSite","@id":"https:\/\/www.biopapa.de\/lt\/#website","url":"https:\/\/www.biopapa.de\/lt\/","name":"Biopapa","description":"\u0160var\u016bs ekologi\u0161ki produktai","publisher":{"@id":"https:\/\/www.biopapa.de\/lt\/#organization"},"potentialAction":[{"@type":"SearchAction","target":{"@type":"EntryPoint","urlTemplate":"https:\/\/www.biopapa.de\/lt\/?s={search_term_string}"},"query-input":{"@type":"PropertyValueSpecification","valueRequired":true,"valueName":"search_term_string"}}],"inLanguage":"lt-LT"},{"@type":"Organization","@id":"https:\/\/www.biopapa.de\/lt\/#organization","name":"Biopapa","url":"https:\/\/www.biopapa.de\/lt\/","logo":{"@type":"ImageObject","inLanguage":"lt-LT","@id":"https:\/\/www.biopapa.de\/lt\/#\/schema\/logo\/image\/","url":"https:\/\/www.biopapa.lt\/wp-content\/uploads\/2022\/04\/facebook_biopapa.jpg","contentUrl":"https:\/\/www.biopapa.lt\/wp-content\/uploads\/2022\/04\/facebook_biopapa.jpg","width":1733,"height":907,"caption":"Biopapa"},"image":{"@id":"https:\/\/www.biopapa.de\/lt\/#\/schema\/logo\/image\/"},"sameAs":["https:\/\/www.facebook.com\/biopapa.lt"]}]}},"_links":{"self":[{"href":"https:\/\/www.biopapa.de\/lt\/wp-json\/wp\/v2\/product\/34759","targetHints":{"allow":["GET"]}}],"collection":[{"href":"https:\/\/www.biopapa.de\/lt\/wp-json\/wp\/v2\/product"}],"about":[{"href":"https:\/\/www.biopapa.de\/lt\/wp-json\/wp\/v2\/types\/product"}],"wp:featuredmedia":[{"embeddable":true,"href":"https:\/\/www.biopapa.de\/lt\/wp-json\/wp\/v2\/media\/34760"}],"wp:attachment":[{"href":"https:\/\/www.biopapa.de\/lt\/wp-json\/wp\/v2\/media?parent=34759"}],"wp:term":[{"taxonomy":"product_brand","embeddable":true,"href":"https:\/\/www.biopapa.de\/lt\/wp-json\/wp\/v2\/product_brand?post=34759"},{"taxonomy":"product_cat","embeddable":true,"href":"https:\/\/www.biopapa.de\/lt\/wp-json\/wp\/v2\/product_cat?post=34759"},{"taxonomy":"product_tag","embeddable":true,"href":"https:\/\/www.biopapa.de\/lt\/wp-json\/wp\/v2\/product_tag?post=34759"}],"curies":[{"name":"wp","href":"https:\/\/api.w.org\/{rel}","templated":true}]}}