{"id":35417,"date":"2023-09-18T12:29:52","date_gmt":"2023-09-18T09:29:52","guid":{"rendered":"https:\/\/www.biopapa.lt\/?post_type=product&#038;p=35417"},"modified":"2026-04-16T16:07:58","modified_gmt":"2026-04-16T13:07:58","slug":"ekologiskas-soju-lecitinas","status":"publish","type":"product","link":"https:\/\/www.biopapa.de\/lt\/producte\/ekologiskas-soju-lecitinas\/","title":{"rendered":"Ekologi\u0161kas soj\u0173 lecitinas"},"content":{"rendered":"<p><strong>Ekologi\u0161kas soj\u0173 lecitinas<br \/>\n<\/strong>Ekologi\u0161kas soj\u0173 lecitinas pagamintas i\u0161 ekologi\u0161k\u0173 soj\u0173 pupeli\u0173, auginam\u0173 be sintetini\u0173 pesticid\u0173 ar GMO.<br \/>\nTaip gautas soj\u0173 lecitinas kruop\u0161\u010diai i\u0161d\u017eiovinamas ir supakuojamas, kad b\u016bt\u0173 i\u0161laikytas organinis vientisumas, tod\u0117l jis yra geid\u017eiamas ingredientas tiems, kurie nori emulsikli\u0173 ir stabilizatori\u0173 i\u0161 nat\u016brali\u0173 ir tvari\u0173 \u0161altini\u0173.<\/p>\n<p>D\u0117mesio<br \/>\nSoj\u0173 lecitinas yra gaunamas i\u0161 soj\u0173 pupeli\u0173, tod\u0117l asmenys, turintys alergij\u0105 sojai, tur\u0117t\u0173 b\u016bti atsarg\u016bs. Nors perdirbimo metu dauguma alergij\u0105 sukelian\u010di\u0173 baltym\u0173 pa\u0161alinami, p\u0117dsak\u0173 gali likti.<br \/>\nSoj\u0173 lecitinas gali s\u0105veikauti su tam tikrais vaistais, ypa\u010d krauj\u0105 skystinan\u010diais vaistais, tokiais kaip varfarinas. B\u016bkite atid\u016bs.<br \/>\nN\u0117ra pakankamai patikimos informacijos, ar n\u0117\u0161\u010dioms ar \u017eindan\u010dioms moterims saugu naudoti lecitin\u0105 didesniais kiekiais. B\u016bkite atid\u016bs.<\/p>\n<p><strong>Soj\u0173 lecitino naudojimas<br \/>\n<\/strong>Maisto pramon\u0117. Soj\u0173 lecitinas yra \u012fprastas maisto pramon\u0117s ingredientas. Jis naudojamas gaminiuose, tokiuose kaip \u0161okoladas, kepiniai, margarinas ir salot\u0173 pada\u017eai, siekiant pagerinti tekst\u016br\u0105 ir pailginti galiojimo laik\u0105.<br \/>\nMaisto papildai. Lecitino papildai yra \u012fvairi\u0173 form\u0173, \u012fskaitant kapsules ir granules. \u0160ie papildai naudojami smegen\u0173 funkcijai pagerinti, \u0161irdies ir kraujagysli\u0173 sveikatai palaikyti, bei svorio valdymui.<br \/>\nKosmetika ir odos prie\u017ei\u016bra. D\u0117l savo mink\u0161tinam\u0173j\u0173 savybi\u0173 soj\u0173 lecitinas randamas daugelyje odos prie\u017ei\u016bros ir kosmetikos gamini\u0173. Jis padeda palaikyti odos dr\u0117gm\u0119, veikdamas kaip nat\u016bralus dr\u0117kiklis.<\/p>\n<p>Apibendrinant galima pasakyti, kad soj\u0173 lecitinas yra universalus ir pla\u010diai naudojamas ingredientas, turintis daugyb\u0119 privalum\u0173 ir pritaikymo b\u016bd\u0173.<br \/>\nKepant jis da\u017enai dedamas, kad pagerint\u0173 duonos, pyrag\u0173 ir pyragai\u010di\u0173 tekst\u016br\u0105 ir i\u0161laikyt\u0173 dr\u0117gm\u0119. Jis veikia kaip salot\u0173 pada\u017e\u0173 ir majonezo emulsiklis, u\u017etikrinantis, kad aliejaus ir vandens komponentai skland\u017eiai susimai\u0161yt\u0173.<br \/>\nGlotnu\u010diuose soj\u0173 lecitinas naudingas d\u0117l geb\u0117jimo gaminti kreminius, gerai sumai\u0161ytus g\u0117rimus.<br \/>\nJis gali b\u016bti naudojamas pada\u017e\u0173 konsistencijai pagerinti.<br \/>\nD\u0117l savo universalumo soj\u0173 lecitinas yra vertingas tiek sald\u017ei\u0173, tiek pikanti\u0161k\u0173 patiekal\u0173 priedas, prisidedantis prie tekst\u016bros, skonio ir bendros kokyb\u0117s.<\/p>\n<p>Rekomenduojama soj\u0173 lecitino milteli\u0173 paros doz\u0117 yra ma\u017edaug 1\u20132 \u0161auk\u0161tai, o tai yra ma\u017edaug 7\u201314 gram\u0173.<\/p>\n<p><strong>Naminis soj\u0173 lecitino salot\u0173 pada\u017eo receptas<\/strong><\/p>\n<p><em>Ingredientai:<\/em><br \/>\n2 \u0161auk\u0161tai soj\u0173 lecitino milteli\u0173<br \/>\n1\/4 puodelio \u0161ilto vandens<br \/>\n3 \u0161auk\u0161tai <a href=\"https:\/\/www.biopapa.lt\/produktas\/ekologiskas-extra-virgin-alyvuogiu-aliejus-500-ml\/\">ekologi\u0161ko pirmo spaudimo alyvuogi\u0173 aliejaus<\/a><br \/>\n2 \u0161auk\u0161tai<a href=\"https:\/\/www.biopapa.lt\/produktas\/ekologiskas-modenos-balzaminis-actas-250ml\/\"> ekologi\u0161ko balzaminio acto<\/a><br \/>\n1 skiltel\u0117 <a href=\"https:\/\/www.biopapa.lt\/produktas\/ekologiski-cesnakai\/\">ekologi\u0161ko \u010desnako<\/a> arba <a href=\"https:\/\/www.biopapa.lt\/produktas\/ekologiskos-cesnaku-granules-05x15mm-raw\/\">1\/4 a.\u0161. \u010desnako granuli\u0173<\/a> (neb\u016btina)<br \/>\n1\/2 arbatinio \u0161auk\u0161telio <a href=\"https:\/\/www.biopapa.lt\/produktas\/ekologiskos-garstycios-200-g\/\">garsty\u010di\u0173<\/a><br \/>\nDruska ir pipirai pagal skon\u012f<\/p>\n<p><em>Paruo\u0161imas:<br \/>\n<\/em>Nedideliame dubenyje sumai\u0161ykite soj\u0173 lecitino miltelius su \u0161iltu vandeniu. Gerai i\u0161mai\u0161ykite, kol milteliai visi\u0161kai i\u0161tirps. Tai gali u\u017etrukti kelet\u0105 minu\u010di\u0173, tod\u0117l b\u016bkite kantr\u016bs.<br \/>\nAtskirame dubenyje sumai\u0161ykite ekologi\u0161k\u0105 \u0161alto spaudimo alyvuogi\u0173 aliej\u0173, balzamin\u012f act\u0105,\u00a0 \u010desnak\u0105 (jei naudojate) ir garsty\u010dias.<br \/>\nL\u0117tai supilkite i\u0161tirpint\u0105 soj\u0173 lecitino mi\u0161in\u012f \u012f duben\u012f su aliejumi, actu ir kitais ingredientais. Pildami toliau plakite, kad \u012fsitikintum\u0117te, jog u\u017epilas tinkamai emulsuojasi. Plakite, kol pada\u017eas sutir\u0161t\u0117s ir taps kreminis.<br \/>\nPada\u017e\u0105 pagardinkite druska ir pipirais.<br \/>\nTaip pat galite reguliuoti r\u016bg\u0161tingum\u0105 ar saldum\u0105, \u012fpildami daugiau balzamiko acto arba \u0161iek tiek medaus, jei norite.<br \/>\nPaskaninkite savo pada\u017e\u0105 prid\u0117dami \u017eoleli\u0173, toki\u0173 kaip bazilikas, \u010diobreliai ar raudon\u0117lis.<br \/>\nCitrusini\u0173 vaisi\u0173 \u017eievel\u0117 (citrinos, \u017ealiosios citrinos ar apelsino) suteiks pada\u017eui gaivumo.<br \/>\nJei norite kreminio pada\u017eo, galite prid\u0117ti \u0161auk\u0161t\u0105 jogurto arba majonezo.<\/p>\n<p>J\u016bs\u0173 naminis soj\u0173 lecitino salot\u0173 pada\u017eas yra paruo\u0161tas naudoti!<\/p>\n<p><em>\u0160altiniai<\/em><br \/>\nhttps:\/\/www.medicalnewstoday.com<br \/>\nhttps:\/\/www.verywellhealth.com<\/p>\n<p><em>PASTABA. \u010cia pateikta informacija negali b\u016bti interpretuojama kaip gydymo ar kitokio pob\u016bd\u017eio sveikatos klausim\u0173 sprendimo rekomendacija. Raginame sprendimus, susijusius su asmenine sveikata, priimti asmeni\u0161kai, \u012fvertinus \u012fvairius informacijos \u0161altinius. <\/em><\/p>\n","protected":false},"excerpt":{"rendered":"<p>Ekologi\u0161kas soj\u0173 lecitinas Ekologi\u0161kas soj\u0173 lecitinas pagamintas i\u0161 ekologi\u0161k\u0173 soj\u0173 pupeli\u0173, auginam\u0173 be sintetini\u0173 pesticid\u0173 ar GMO. Taip gautas soj\u0173<\/p>\n","protected":false},"featured_media":35783,"template":"","meta":{"_acf_changed":false},"product_brand":[],"product_cat":[1216,2349],"product_tag":[1378],"class_list":{"0":"post-35417","1":"product","2":"type-product","3":"status-publish","4":"has-post-thumbnail","6":"product_cat-augalinis-supermaistas","7":"product_cat-milteliai","8":"product_tag-veganams","9":"pa_svoris-1-kg","10":"pa_svoris-100-g","11":"pa_svoris-20-kg","12":"pa_svoris-200-g","13":"pa_svoris-300-g","14":"pa_svoris-400-g","15":"pa_svoris-5-kg","16":"pa_svoris-50-g","17":"pa_svoris-500-g","19":"first","20":"instock","21":"shipping-taxable","22":"purchasable","23":"product-type-variable"},"acf":[],"yoast_head":"<!-- This site is optimized with the Yoast SEO plugin v27.5 - https:\/\/yoast.com\/product\/yoast-seo-wordpress\/ -->\n<title>Ekologi\u0161kas soj\u0173 lecitinas - Biopapa<\/title>\n<meta name=\"description\" content=\"Ekologi\u0161kas soj\u0173 lecitinas pagamintas i\u0161 ekologi\u0161k\u0173 soj\u0173 pupeli\u0173, auginam\u0173 be sintetini\u0173 pesticid\u0173 ar GMO.\" \/>\n<meta name=\"robots\" content=\"index, follow, max-snippet:-1, max-image-preview:large, max-video-preview:-1\" \/>\n<link rel=\"canonical\" href=\"https:\/\/www.biopapa.de\/lt\/producte\/ekologiskas-soju-lecitinas\/\" \/>\n<meta property=\"og:locale\" content=\"lt_LT\" \/>\n<meta property=\"og:type\" content=\"article\" \/>\n<meta property=\"og:title\" content=\"Ekologi\u0161kas soj\u0173 lecitinas - Biopapa\" \/>\n<meta property=\"og:description\" content=\"Ekologi\u0161kas soj\u0173 lecitinas pagamintas i\u0161 ekologi\u0161k\u0173 soj\u0173 pupeli\u0173, auginam\u0173 be sintetini\u0173 pesticid\u0173 ar GMO.\" \/>\n<meta property=\"og:url\" content=\"https:\/\/www.biopapa.de\/lt\/producte\/ekologiskas-soju-lecitinas\/\" \/>\n<meta property=\"og:site_name\" content=\"Biopapa\" \/>\n<meta property=\"article:publisher\" content=\"https:\/\/www.facebook.com\/biopapa.lt\" \/>\n<meta property=\"article:modified_time\" content=\"2026-04-16T13:07:58+00:00\" \/>\n<meta property=\"og:image\" content=\"https:\/\/www.biopapa.de\/wp-content\/uploads\/2023\/09\/3691C24C-4069-4CC8-ADDB-602EC9D58C65.png\" \/>\n\t<meta property=\"og:image:width\" content=\"800\" \/>\n\t<meta property=\"og:image:height\" content=\"640\" \/>\n\t<meta property=\"og:image:type\" content=\"image\/png\" \/>\n<meta name=\"twitter:card\" content=\"summary_large_image\" \/>\n<script type=\"application\/ld+json\" class=\"yoast-schema-graph\">{\"@context\":\"https:\\\/\\\/schema.org\",\"@graph\":[{\"@type\":\"WebPage\",\"@id\":\"https:\\\/\\\/www.biopapa.de\\\/lt\\\/producte\\\/ekologiskas-soju-lecitinas\\\/\",\"url\":\"https:\\\/\\\/www.biopapa.de\\\/lt\\\/producte\\\/ekologiskas-soju-lecitinas\\\/\",\"name\":\"Ekologi\u0161kas soj\u0173 lecitinas - Biopapa\",\"isPartOf\":{\"@id\":\"https:\\\/\\\/www.biopapa.de\\\/lt\\\/#website\"},\"primaryImageOfPage\":{\"@id\":\"https:\\\/\\\/www.biopapa.de\\\/lt\\\/producte\\\/ekologiskas-soju-lecitinas\\\/#primaryimage\"},\"image\":{\"@id\":\"https:\\\/\\\/www.biopapa.de\\\/lt\\\/producte\\\/ekologiskas-soju-lecitinas\\\/#primaryimage\"},\"thumbnailUrl\":\"https:\\\/\\\/www.biopapa.de\\\/wp-content\\\/uploads\\\/2023\\\/09\\\/3691C24C-4069-4CC8-ADDB-602EC9D58C65.png\",\"datePublished\":\"2023-09-18T09:29:52+00:00\",\"dateModified\":\"2026-04-16T13:07:58+00:00\",\"description\":\"Ekologi\u0161kas soj\u0173 lecitinas pagamintas i\u0161 ekologi\u0161k\u0173 soj\u0173 pupeli\u0173, auginam\u0173 be sintetini\u0173 pesticid\u0173 ar GMO.\",\"breadcrumb\":{\"@id\":\"https:\\\/\\\/www.biopapa.de\\\/lt\\\/producte\\\/ekologiskas-soju-lecitinas\\\/#breadcrumb\"},\"inLanguage\":\"lt-LT\",\"potentialAction\":[{\"@type\":\"ReadAction\",\"target\":[\"https:\\\/\\\/www.biopapa.de\\\/lt\\\/producte\\\/ekologiskas-soju-lecitinas\\\/\"]}]},{\"@type\":\"ImageObject\",\"inLanguage\":\"lt-LT\",\"@id\":\"https:\\\/\\\/www.biopapa.de\\\/lt\\\/producte\\\/ekologiskas-soju-lecitinas\\\/#primaryimage\",\"url\":\"https:\\\/\\\/www.biopapa.de\\\/wp-content\\\/uploads\\\/2023\\\/09\\\/3691C24C-4069-4CC8-ADDB-602EC9D58C65.png\",\"contentUrl\":\"https:\\\/\\\/www.biopapa.de\\\/wp-content\\\/uploads\\\/2023\\\/09\\\/3691C24C-4069-4CC8-ADDB-602EC9D58C65.png\",\"width\":800,\"height\":640},{\"@type\":\"BreadcrumbList\",\"@id\":\"https:\\\/\\\/www.biopapa.de\\\/lt\\\/producte\\\/ekologiskas-soju-lecitinas\\\/#breadcrumb\",\"itemListElement\":[{\"@type\":\"ListItem\",\"position\":1,\"name\":\"Home\",\"item\":\"https:\\\/\\\/www.biopapa.de\\\/lt\\\/\"},{\"@type\":\"ListItem\",\"position\":2,\"name\":\"Parduotuv\u0117\",\"item\":\"https:\\\/\\\/www.biopapa.de\\\/parduotuve\\\/\"},{\"@type\":\"ListItem\",\"position\":3,\"name\":\"Ekologi\u0161kas soj\u0173 lecitinas\"}]},{\"@type\":\"WebSite\",\"@id\":\"https:\\\/\\\/www.biopapa.de\\\/lt\\\/#website\",\"url\":\"https:\\\/\\\/www.biopapa.de\\\/lt\\\/\",\"name\":\"Biopapa\",\"description\":\"\u0160var\u016bs ekologi\u0161ki produktai\",\"publisher\":{\"@id\":\"https:\\\/\\\/www.biopapa.de\\\/lt\\\/#organization\"},\"potentialAction\":[{\"@type\":\"SearchAction\",\"target\":{\"@type\":\"EntryPoint\",\"urlTemplate\":\"https:\\\/\\\/www.biopapa.de\\\/lt\\\/?s={search_term_string}\"},\"query-input\":{\"@type\":\"PropertyValueSpecification\",\"valueRequired\":true,\"valueName\":\"search_term_string\"}}],\"inLanguage\":\"lt-LT\"},{\"@type\":\"Organization\",\"@id\":\"https:\\\/\\\/www.biopapa.de\\\/lt\\\/#organization\",\"name\":\"Biopapa\",\"url\":\"https:\\\/\\\/www.biopapa.de\\\/lt\\\/\",\"logo\":{\"@type\":\"ImageObject\",\"inLanguage\":\"lt-LT\",\"@id\":\"https:\\\/\\\/www.biopapa.de\\\/lt\\\/#\\\/schema\\\/logo\\\/image\\\/\",\"url\":\"https:\\\/\\\/www.biopapa.lt\\\/wp-content\\\/uploads\\\/2022\\\/04\\\/facebook_biopapa.jpg\",\"contentUrl\":\"https:\\\/\\\/www.biopapa.lt\\\/wp-content\\\/uploads\\\/2022\\\/04\\\/facebook_biopapa.jpg\",\"width\":1733,\"height\":907,\"caption\":\"Biopapa\"},\"image\":{\"@id\":\"https:\\\/\\\/www.biopapa.de\\\/lt\\\/#\\\/schema\\\/logo\\\/image\\\/\"},\"sameAs\":[\"https:\\\/\\\/www.facebook.com\\\/biopapa.lt\"]}]}<\/script>\n<!-- \/ Yoast SEO plugin. -->","yoast_head_json":{"title":"Ekologi\u0161kas soj\u0173 lecitinas - Biopapa","description":"Ekologi\u0161kas soj\u0173 lecitinas pagamintas i\u0161 ekologi\u0161k\u0173 soj\u0173 pupeli\u0173, auginam\u0173 be sintetini\u0173 pesticid\u0173 ar GMO.","robots":{"index":"index","follow":"follow","max-snippet":"max-snippet:-1","max-image-preview":"max-image-preview:large","max-video-preview":"max-video-preview:-1"},"canonical":"https:\/\/www.biopapa.de\/lt\/producte\/ekologiskas-soju-lecitinas\/","og_locale":"lt_LT","og_type":"article","og_title":"Ekologi\u0161kas soj\u0173 lecitinas - Biopapa","og_description":"Ekologi\u0161kas soj\u0173 lecitinas pagamintas i\u0161 ekologi\u0161k\u0173 soj\u0173 pupeli\u0173, auginam\u0173 be sintetini\u0173 pesticid\u0173 ar GMO.","og_url":"https:\/\/www.biopapa.de\/lt\/producte\/ekologiskas-soju-lecitinas\/","og_site_name":"Biopapa","article_publisher":"https:\/\/www.facebook.com\/biopapa.lt","article_modified_time":"2026-04-16T13:07:58+00:00","og_image":[{"width":800,"height":640,"url":"https:\/\/www.biopapa.de\/wp-content\/uploads\/2023\/09\/3691C24C-4069-4CC8-ADDB-602EC9D58C65.png","type":"image\/png"}],"twitter_card":"summary_large_image","schema":{"@context":"https:\/\/schema.org","@graph":[{"@type":"WebPage","@id":"https:\/\/www.biopapa.de\/lt\/producte\/ekologiskas-soju-lecitinas\/","url":"https:\/\/www.biopapa.de\/lt\/producte\/ekologiskas-soju-lecitinas\/","name":"Ekologi\u0161kas soj\u0173 lecitinas - Biopapa","isPartOf":{"@id":"https:\/\/www.biopapa.de\/lt\/#website"},"primaryImageOfPage":{"@id":"https:\/\/www.biopapa.de\/lt\/producte\/ekologiskas-soju-lecitinas\/#primaryimage"},"image":{"@id":"https:\/\/www.biopapa.de\/lt\/producte\/ekologiskas-soju-lecitinas\/#primaryimage"},"thumbnailUrl":"https:\/\/www.biopapa.de\/wp-content\/uploads\/2023\/09\/3691C24C-4069-4CC8-ADDB-602EC9D58C65.png","datePublished":"2023-09-18T09:29:52+00:00","dateModified":"2026-04-16T13:07:58+00:00","description":"Ekologi\u0161kas soj\u0173 lecitinas pagamintas i\u0161 ekologi\u0161k\u0173 soj\u0173 pupeli\u0173, auginam\u0173 be sintetini\u0173 pesticid\u0173 ar GMO.","breadcrumb":{"@id":"https:\/\/www.biopapa.de\/lt\/producte\/ekologiskas-soju-lecitinas\/#breadcrumb"},"inLanguage":"lt-LT","potentialAction":[{"@type":"ReadAction","target":["https:\/\/www.biopapa.de\/lt\/producte\/ekologiskas-soju-lecitinas\/"]}]},{"@type":"ImageObject","inLanguage":"lt-LT","@id":"https:\/\/www.biopapa.de\/lt\/producte\/ekologiskas-soju-lecitinas\/#primaryimage","url":"https:\/\/www.biopapa.de\/wp-content\/uploads\/2023\/09\/3691C24C-4069-4CC8-ADDB-602EC9D58C65.png","contentUrl":"https:\/\/www.biopapa.de\/wp-content\/uploads\/2023\/09\/3691C24C-4069-4CC8-ADDB-602EC9D58C65.png","width":800,"height":640},{"@type":"BreadcrumbList","@id":"https:\/\/www.biopapa.de\/lt\/producte\/ekologiskas-soju-lecitinas\/#breadcrumb","itemListElement":[{"@type":"ListItem","position":1,"name":"Home","item":"https:\/\/www.biopapa.de\/lt\/"},{"@type":"ListItem","position":2,"name":"Parduotuv\u0117","item":"https:\/\/www.biopapa.de\/parduotuve\/"},{"@type":"ListItem","position":3,"name":"Ekologi\u0161kas soj\u0173 lecitinas"}]},{"@type":"WebSite","@id":"https:\/\/www.biopapa.de\/lt\/#website","url":"https:\/\/www.biopapa.de\/lt\/","name":"Biopapa","description":"\u0160var\u016bs ekologi\u0161ki produktai","publisher":{"@id":"https:\/\/www.biopapa.de\/lt\/#organization"},"potentialAction":[{"@type":"SearchAction","target":{"@type":"EntryPoint","urlTemplate":"https:\/\/www.biopapa.de\/lt\/?s={search_term_string}"},"query-input":{"@type":"PropertyValueSpecification","valueRequired":true,"valueName":"search_term_string"}}],"inLanguage":"lt-LT"},{"@type":"Organization","@id":"https:\/\/www.biopapa.de\/lt\/#organization","name":"Biopapa","url":"https:\/\/www.biopapa.de\/lt\/","logo":{"@type":"ImageObject","inLanguage":"lt-LT","@id":"https:\/\/www.biopapa.de\/lt\/#\/schema\/logo\/image\/","url":"https:\/\/www.biopapa.lt\/wp-content\/uploads\/2022\/04\/facebook_biopapa.jpg","contentUrl":"https:\/\/www.biopapa.lt\/wp-content\/uploads\/2022\/04\/facebook_biopapa.jpg","width":1733,"height":907,"caption":"Biopapa"},"image":{"@id":"https:\/\/www.biopapa.de\/lt\/#\/schema\/logo\/image\/"},"sameAs":["https:\/\/www.facebook.com\/biopapa.lt"]}]}},"_links":{"self":[{"href":"https:\/\/www.biopapa.de\/lt\/wp-json\/wp\/v2\/product\/35417","targetHints":{"allow":["GET"]}}],"collection":[{"href":"https:\/\/www.biopapa.de\/lt\/wp-json\/wp\/v2\/product"}],"about":[{"href":"https:\/\/www.biopapa.de\/lt\/wp-json\/wp\/v2\/types\/product"}],"wp:featuredmedia":[{"embeddable":true,"href":"https:\/\/www.biopapa.de\/lt\/wp-json\/wp\/v2\/media\/35783"}],"wp:attachment":[{"href":"https:\/\/www.biopapa.de\/lt\/wp-json\/wp\/v2\/media?parent=35417"}],"wp:term":[{"taxonomy":"product_brand","embeddable":true,"href":"https:\/\/www.biopapa.de\/lt\/wp-json\/wp\/v2\/product_brand?post=35417"},{"taxonomy":"product_cat","embeddable":true,"href":"https:\/\/www.biopapa.de\/lt\/wp-json\/wp\/v2\/product_cat?post=35417"},{"taxonomy":"product_tag","embeddable":true,"href":"https:\/\/www.biopapa.de\/lt\/wp-json\/wp\/v2\/product_tag?post=35417"}],"curies":[{"name":"wp","href":"https:\/\/api.w.org\/{rel}","templated":true}]}}