{"id":35463,"date":"2023-09-18T14:24:30","date_gmt":"2023-09-18T11:24:30","guid":{"rendered":"https:\/\/www.biopapa.lt\/?post_type=product&#038;p=35463"},"modified":"2026-04-23T16:16:26","modified_gmt":"2026-04-23T13:16:26","slug":"ekologiskas-zirniu-baltymu-izoliatas-80","status":"publish","type":"product","link":"https:\/\/www.biopapa.de\/lt\/producte\/ekologiskas-zirniu-baltymu-izoliatas-80\/","title":{"rendered":"Ekologi\u0161ki \u017eirni\u0173 baltym\u0173 milteliai (izoliatas, 80% baltym\u0173)"},"content":{"rendered":"<p><strong>Ekologi\u0161ki \u017eirni\u0173 baltym\u0173 milteliai (izoliatas, 80% baltym\u0173)<\/strong><br \/>\n\u017dirni\u0173 baltym\u0173 milteli\u0173 izoliatas yra pagamintas i\u0161 skaldyt\u0173 gelton\u0173j\u0173 \u017eirneli\u0173 (Pisum sativum), ank\u0161tini\u0173 augal\u0173, \u017einom\u0173 d\u0117l i\u0161skirtinio baltym\u0173 kiekio. Procesas apima baltym\u0173 atskirim\u0105 i\u0161 \u017eirni\u0173, paliekant angliavandenius ir skaidulas, tod\u0117l gaunami labai koncentruoti baltym\u0173 milteliai. I\u0161skyrimo procesas paprastai apima tokius veiksmus kaip \u017eirni\u0173 valymas, d\u017eiovinimas ir malimas, po to pa\u0161alinamas krakmolas ir pluo\u0161tas, kad b\u016bt\u0173 gautas grynas baltym\u0173 izoliatas. \u0160i kruop\u0161ti gamyba u\u017etikrina, kad \u017eirni\u0173 baltym\u0173 milteli\u0173 izoliatas yra \u0161varus, nekenksmingas ir maistini\u0173 med\u017eiag\u0173 turtingas augalini\u0173 baltym\u0173 \u0161altinis, tod\u0117l jis yra tinkamiausias pasirinkimas \u012fvairiems mitybos poreikiams ir kulinarijos reikm\u0117ms.<br \/>\nVartotojai, ie\u0161kantys ekologi\u0161k\u0173 produkt\u0173, gali pasitik\u0117ti, kad ekologi\u0161k\u0173 \u017eirni\u0173 baltym\u0173 milteli\u0173 izoliatas gaminamas laikantis ekologini\u0173 princip\u0173, pabr\u0117\u017eiant tvarum\u0105, atsakomyb\u0119 aplinkai ir sintetini\u0173 chemini\u0173 med\u017eiag\u0173 nebuvim\u0105. D\u0117l \u0161io proceso gaunamas auk\u0161tos kokyb\u0117s ekologi\u0161kas produktas.<\/p>\n<p>\u017dirni\u0173 baltym\u0173 milteli\u0173 izoliate baltym\u0173 kiekis da\u017enai vir\u0161ija 90% mas\u0117s. D\u0117l to tai puikus pasirinkimas tiems, kurie nori padidinti baltym\u0173 suvartojim\u0105, ypa\u010d veganams, vegetarams ir sportininkams.<\/p>\n<p>D\u0117mesio<br \/>\nKai kuriems \u017emon\u0117ms \u017eirni\u0173 baltym\u0173 vartojimas gali sukelti laikin\u0105 duj\u0173 susidarym\u0105 ir pilvo p\u016btim\u0105. Palaipsniui didinant suvartojim\u0105, galima suma\u017einti \u0161\u012f \u0161alutin\u012f poveik\u012f.<br \/>\nNors ir retai, kai kurie asmenys gali b\u016bti alergi\u0161ki \u017eirniams ir vartodami \u017eirni\u0173 baltymus gali patirti alergini\u0173 reakcij\u0173. B\u016bkite atid\u016bs.<br \/>\nJei jau\u010diate vir\u0161kinimo diskomfort\u0105, suma\u017einkite suvartojam\u0105 kiek\u012f arba i\u0161bandykite kit\u0105 baltym\u0173 \u0161altin\u012f.<\/p>\n<p><strong>\u017dirni\u0173 baltym\u0173 milteli\u0173 izoliato naudojimas<\/strong><\/p>\n<p>&#8211; Glotnu\u010diai. Sumai\u0161ykite \u017eirni\u0173 baltym\u0173 milteli\u0173 \u012f savo kokteil\u012f ir greitai gausite baltym\u0173.<br \/>\n&#8211; Kepiniai. Dal\u012f milt\u0173 kepini\u0173, toki\u0173 kaip blynai, bandel\u0117s ir sausainiai, receptuose pakeiskite \u017eirni\u0173 baltym\u0173 milteli\u0173 izoliatu, kad padidintum\u0117te baltym\u0173 kiek\u012f juose.<br \/>\n&#8211; Gaminimas. D\u0117kite \u012f sriubas, tro\u0161kinius ar pada\u017eus, kad padidintum\u0117te baltym\u0173 kiek\u012f patiekaluose.<br \/>\n&#8211; Energijos baton\u0117liai. Sukurkite savo naminius baltym\u0173 baton\u0117lius naudodami \u017eirni\u0173 baltym\u0173 milteli\u0173 izoliat\u0105, rie\u0161utus ir d\u017eiovintus vaisius.<br \/>\n&#8211; Salot\u0173 pada\u017eai. Gaminkite salot\u0173 pada\u017eus su \u017eirni\u0173 baltym\u0173 milteli\u0173 izoliatu, kad gautum\u0117te kremin\u0119 tekst\u016br\u0105 ir prid\u0117t\u0173 baltym\u0173.<\/p>\n<p>\u0160altiniai<br \/>\nhttps:\/\/www.researchgate.net<br \/>\nhttps:\/\/www.healthline.com<\/p>\n<p><em>PASTABA. \u010cia pateikta informacija negali b\u016bti interpretuojama kaip gydymo ar kitokio pob\u016bd\u017eio sveikatos klausim\u0173 sprendimo rekomendacija. Raginame sprendimus, susijusius su asmenine sveikata, priimti asmeni\u0161kai, \u012fvertinus \u012fvairius informacijos \u0161altinius. <\/em><\/p>\n","protected":false},"excerpt":{"rendered":"<p>Ekologi\u0161ki \u017eirni\u0173 baltym\u0173 milteliai (izoliatas, 80% baltym\u0173) \u017dirni\u0173 baltym\u0173 milteli\u0173 izoliatas yra pagamintas i\u0161 skaldyt\u0173 gelton\u0173j\u0173 \u017eirneli\u0173 (Pisum sativum), ank\u0161tini\u0173<\/p>\n","protected":false},"featured_media":35786,"template":"","meta":{"_acf_changed":false},"product_brand":[],"product_cat":[1216,2349],"product_tag":[1433,1378],"class_list":{"0":"post-35463","1":"product","2":"type-product","3":"status-publish","4":"has-post-thumbnail","6":"product_cat-augalinis-supermaistas","7":"product_cat-milteliai","8":"product_tag-baltymu-saltinis","9":"product_tag-veganams","10":"pa_svoris-1-kg","11":"pa_svoris-100-g","12":"pa_svoris-20-kg","13":"pa_svoris-200-g","14":"pa_svoris-300-g","15":"pa_svoris-400-g","16":"pa_svoris-50-g","17":"pa_svoris-500-g","19":"first","20":"instock","21":"shipping-taxable","22":"purchasable","23":"product-type-variable"},"acf":[],"yoast_head":"<!-- This site is optimized with the Yoast SEO plugin v27.5 - https:\/\/yoast.com\/product\/yoast-seo-wordpress\/ -->\n<title>Ekologi\u0161ki \u017eirni\u0173 baltym\u0173 milteliai (izoliatas, 80% baltym\u0173) - Biopapa<\/title>\n<meta name=\"description\" content=\"Ekologi\u0161ki \u017eirni\u0173 baltym\u0173 milteliai (izoliatas, 80% baltym\u0173) yra pagaminti i\u0161 skaldyt\u0173 gelton\u0173j\u0173 \u017eirneli\u0173, ank\u0161tini\u0173 augal\u0173, \u017einom\u0173 d\u0117l i\u0161skirtinio baltym\u0173 kiekio. \u017dirni\u0173 baltym\u0173 milteli\u0173 izoliate baltym\u0173 kiekis da\u017enai vir\u0161ija 90% mas\u0117s.\" \/>\n<meta name=\"robots\" content=\"index, follow, max-snippet:-1, max-image-preview:large, max-video-preview:-1\" \/>\n<link rel=\"canonical\" href=\"https:\/\/www.biopapa.de\/lt\/producte\/ekologiskas-zirniu-baltymu-izoliatas-80\/\" \/>\n<meta property=\"og:locale\" content=\"lt_LT\" \/>\n<meta property=\"og:type\" content=\"article\" \/>\n<meta property=\"og:title\" content=\"Ekologi\u0161ki \u017eirni\u0173 baltym\u0173 milteliai (izoliatas, 80% baltym\u0173) - Biopapa\" \/>\n<meta property=\"og:description\" content=\"Ekologi\u0161ki \u017eirni\u0173 baltym\u0173 milteliai (izoliatas, 80% baltym\u0173) yra pagaminti i\u0161 skaldyt\u0173 gelton\u0173j\u0173 \u017eirneli\u0173, ank\u0161tini\u0173 augal\u0173, \u017einom\u0173 d\u0117l i\u0161skirtinio baltym\u0173 kiekio. \u017dirni\u0173 baltym\u0173 milteli\u0173 izoliate baltym\u0173 kiekis da\u017enai vir\u0161ija 90% mas\u0117s.\" \/>\n<meta property=\"og:url\" content=\"https:\/\/www.biopapa.de\/lt\/producte\/ekologiskas-zirniu-baltymu-izoliatas-80\/\" \/>\n<meta property=\"og:site_name\" content=\"Biopapa\" \/>\n<meta property=\"article:publisher\" content=\"https:\/\/www.facebook.com\/biopapa.lt\" \/>\n<meta property=\"article:modified_time\" content=\"2026-04-23T13:16:26+00:00\" \/>\n<meta property=\"og:image\" content=\"https:\/\/www.biopapa.de\/wp-content\/uploads\/2023\/09\/45CAB6B2-98B0-4471-8938-56BAF1595267.png\" \/>\n\t<meta property=\"og:image:width\" content=\"800\" \/>\n\t<meta property=\"og:image:height\" content=\"640\" \/>\n\t<meta property=\"og:image:type\" content=\"image\/png\" \/>\n<meta name=\"twitter:card\" content=\"summary_large_image\" \/>\n<script type=\"application\/ld+json\" class=\"yoast-schema-graph\">{\"@context\":\"https:\\\/\\\/schema.org\",\"@graph\":[{\"@type\":\"WebPage\",\"@id\":\"https:\\\/\\\/www.biopapa.de\\\/lt\\\/producte\\\/ekologiskas-zirniu-baltymu-izoliatas-80\\\/\",\"url\":\"https:\\\/\\\/www.biopapa.de\\\/lt\\\/producte\\\/ekologiskas-zirniu-baltymu-izoliatas-80\\\/\",\"name\":\"Ekologi\u0161ki \u017eirni\u0173 baltym\u0173 milteliai (izoliatas, 80% baltym\u0173) - Biopapa\",\"isPartOf\":{\"@id\":\"https:\\\/\\\/www.biopapa.de\\\/lt\\\/#website\"},\"primaryImageOfPage\":{\"@id\":\"https:\\\/\\\/www.biopapa.de\\\/lt\\\/producte\\\/ekologiskas-zirniu-baltymu-izoliatas-80\\\/#primaryimage\"},\"image\":{\"@id\":\"https:\\\/\\\/www.biopapa.de\\\/lt\\\/producte\\\/ekologiskas-zirniu-baltymu-izoliatas-80\\\/#primaryimage\"},\"thumbnailUrl\":\"https:\\\/\\\/www.biopapa.de\\\/wp-content\\\/uploads\\\/2023\\\/09\\\/45CAB6B2-98B0-4471-8938-56BAF1595267.png\",\"datePublished\":\"2023-09-18T11:24:30+00:00\",\"dateModified\":\"2026-04-23T13:16:26+00:00\",\"description\":\"Ekologi\u0161ki \u017eirni\u0173 baltym\u0173 milteliai (izoliatas, 80% baltym\u0173) yra pagaminti i\u0161 skaldyt\u0173 gelton\u0173j\u0173 \u017eirneli\u0173, ank\u0161tini\u0173 augal\u0173, \u017einom\u0173 d\u0117l i\u0161skirtinio baltym\u0173 kiekio. \u017dirni\u0173 baltym\u0173 milteli\u0173 izoliate baltym\u0173 kiekis da\u017enai vir\u0161ija 90% mas\u0117s.\",\"breadcrumb\":{\"@id\":\"https:\\\/\\\/www.biopapa.de\\\/lt\\\/producte\\\/ekologiskas-zirniu-baltymu-izoliatas-80\\\/#breadcrumb\"},\"inLanguage\":\"lt-LT\",\"potentialAction\":[{\"@type\":\"ReadAction\",\"target\":[\"https:\\\/\\\/www.biopapa.de\\\/lt\\\/producte\\\/ekologiskas-zirniu-baltymu-izoliatas-80\\\/\"]}]},{\"@type\":\"ImageObject\",\"inLanguage\":\"lt-LT\",\"@id\":\"https:\\\/\\\/www.biopapa.de\\\/lt\\\/producte\\\/ekologiskas-zirniu-baltymu-izoliatas-80\\\/#primaryimage\",\"url\":\"https:\\\/\\\/www.biopapa.de\\\/wp-content\\\/uploads\\\/2023\\\/09\\\/45CAB6B2-98B0-4471-8938-56BAF1595267.png\",\"contentUrl\":\"https:\\\/\\\/www.biopapa.de\\\/wp-content\\\/uploads\\\/2023\\\/09\\\/45CAB6B2-98B0-4471-8938-56BAF1595267.png\",\"width\":800,\"height\":640},{\"@type\":\"BreadcrumbList\",\"@id\":\"https:\\\/\\\/www.biopapa.de\\\/lt\\\/producte\\\/ekologiskas-zirniu-baltymu-izoliatas-80\\\/#breadcrumb\",\"itemListElement\":[{\"@type\":\"ListItem\",\"position\":1,\"name\":\"Home\",\"item\":\"https:\\\/\\\/www.biopapa.de\\\/lt\\\/\"},{\"@type\":\"ListItem\",\"position\":2,\"name\":\"Parduotuv\u0117\",\"item\":\"https:\\\/\\\/www.biopapa.de\\\/parduotuve\\\/\"},{\"@type\":\"ListItem\",\"position\":3,\"name\":\"Ekologi\u0161ki \u017eirni\u0173 baltym\u0173 milteliai (izoliatas, 80% baltym\u0173)\"}]},{\"@type\":\"WebSite\",\"@id\":\"https:\\\/\\\/www.biopapa.de\\\/lt\\\/#website\",\"url\":\"https:\\\/\\\/www.biopapa.de\\\/lt\\\/\",\"name\":\"Biopapa\",\"description\":\"\u0160var\u016bs ekologi\u0161ki produktai\",\"publisher\":{\"@id\":\"https:\\\/\\\/www.biopapa.de\\\/lt\\\/#organization\"},\"potentialAction\":[{\"@type\":\"SearchAction\",\"target\":{\"@type\":\"EntryPoint\",\"urlTemplate\":\"https:\\\/\\\/www.biopapa.de\\\/lt\\\/?s={search_term_string}\"},\"query-input\":{\"@type\":\"PropertyValueSpecification\",\"valueRequired\":true,\"valueName\":\"search_term_string\"}}],\"inLanguage\":\"lt-LT\"},{\"@type\":\"Organization\",\"@id\":\"https:\\\/\\\/www.biopapa.de\\\/lt\\\/#organization\",\"name\":\"Biopapa\",\"url\":\"https:\\\/\\\/www.biopapa.de\\\/lt\\\/\",\"logo\":{\"@type\":\"ImageObject\",\"inLanguage\":\"lt-LT\",\"@id\":\"https:\\\/\\\/www.biopapa.de\\\/lt\\\/#\\\/schema\\\/logo\\\/image\\\/\",\"url\":\"https:\\\/\\\/www.biopapa.lt\\\/wp-content\\\/uploads\\\/2022\\\/04\\\/facebook_biopapa.jpg\",\"contentUrl\":\"https:\\\/\\\/www.biopapa.lt\\\/wp-content\\\/uploads\\\/2022\\\/04\\\/facebook_biopapa.jpg\",\"width\":1733,\"height\":907,\"caption\":\"Biopapa\"},\"image\":{\"@id\":\"https:\\\/\\\/www.biopapa.de\\\/lt\\\/#\\\/schema\\\/logo\\\/image\\\/\"},\"sameAs\":[\"https:\\\/\\\/www.facebook.com\\\/biopapa.lt\"]}]}<\/script>\n<!-- \/ Yoast SEO plugin. -->","yoast_head_json":{"title":"Ekologi\u0161ki \u017eirni\u0173 baltym\u0173 milteliai (izoliatas, 80% baltym\u0173) - Biopapa","description":"Ekologi\u0161ki \u017eirni\u0173 baltym\u0173 milteliai (izoliatas, 80% baltym\u0173) yra pagaminti i\u0161 skaldyt\u0173 gelton\u0173j\u0173 \u017eirneli\u0173, ank\u0161tini\u0173 augal\u0173, \u017einom\u0173 d\u0117l i\u0161skirtinio baltym\u0173 kiekio. \u017dirni\u0173 baltym\u0173 milteli\u0173 izoliate baltym\u0173 kiekis da\u017enai vir\u0161ija 90% mas\u0117s.","robots":{"index":"index","follow":"follow","max-snippet":"max-snippet:-1","max-image-preview":"max-image-preview:large","max-video-preview":"max-video-preview:-1"},"canonical":"https:\/\/www.biopapa.de\/lt\/producte\/ekologiskas-zirniu-baltymu-izoliatas-80\/","og_locale":"lt_LT","og_type":"article","og_title":"Ekologi\u0161ki \u017eirni\u0173 baltym\u0173 milteliai (izoliatas, 80% baltym\u0173) - Biopapa","og_description":"Ekologi\u0161ki \u017eirni\u0173 baltym\u0173 milteliai (izoliatas, 80% baltym\u0173) yra pagaminti i\u0161 skaldyt\u0173 gelton\u0173j\u0173 \u017eirneli\u0173, ank\u0161tini\u0173 augal\u0173, \u017einom\u0173 d\u0117l i\u0161skirtinio baltym\u0173 kiekio. \u017dirni\u0173 baltym\u0173 milteli\u0173 izoliate baltym\u0173 kiekis da\u017enai vir\u0161ija 90% mas\u0117s.","og_url":"https:\/\/www.biopapa.de\/lt\/producte\/ekologiskas-zirniu-baltymu-izoliatas-80\/","og_site_name":"Biopapa","article_publisher":"https:\/\/www.facebook.com\/biopapa.lt","article_modified_time":"2026-04-23T13:16:26+00:00","og_image":[{"width":800,"height":640,"url":"https:\/\/www.biopapa.de\/wp-content\/uploads\/2023\/09\/45CAB6B2-98B0-4471-8938-56BAF1595267.png","type":"image\/png"}],"twitter_card":"summary_large_image","schema":{"@context":"https:\/\/schema.org","@graph":[{"@type":"WebPage","@id":"https:\/\/www.biopapa.de\/lt\/producte\/ekologiskas-zirniu-baltymu-izoliatas-80\/","url":"https:\/\/www.biopapa.de\/lt\/producte\/ekologiskas-zirniu-baltymu-izoliatas-80\/","name":"Ekologi\u0161ki \u017eirni\u0173 baltym\u0173 milteliai (izoliatas, 80% baltym\u0173) - Biopapa","isPartOf":{"@id":"https:\/\/www.biopapa.de\/lt\/#website"},"primaryImageOfPage":{"@id":"https:\/\/www.biopapa.de\/lt\/producte\/ekologiskas-zirniu-baltymu-izoliatas-80\/#primaryimage"},"image":{"@id":"https:\/\/www.biopapa.de\/lt\/producte\/ekologiskas-zirniu-baltymu-izoliatas-80\/#primaryimage"},"thumbnailUrl":"https:\/\/www.biopapa.de\/wp-content\/uploads\/2023\/09\/45CAB6B2-98B0-4471-8938-56BAF1595267.png","datePublished":"2023-09-18T11:24:30+00:00","dateModified":"2026-04-23T13:16:26+00:00","description":"Ekologi\u0161ki \u017eirni\u0173 baltym\u0173 milteliai (izoliatas, 80% baltym\u0173) yra pagaminti i\u0161 skaldyt\u0173 gelton\u0173j\u0173 \u017eirneli\u0173, ank\u0161tini\u0173 augal\u0173, \u017einom\u0173 d\u0117l i\u0161skirtinio baltym\u0173 kiekio. \u017dirni\u0173 baltym\u0173 milteli\u0173 izoliate baltym\u0173 kiekis da\u017enai vir\u0161ija 90% mas\u0117s.","breadcrumb":{"@id":"https:\/\/www.biopapa.de\/lt\/producte\/ekologiskas-zirniu-baltymu-izoliatas-80\/#breadcrumb"},"inLanguage":"lt-LT","potentialAction":[{"@type":"ReadAction","target":["https:\/\/www.biopapa.de\/lt\/producte\/ekologiskas-zirniu-baltymu-izoliatas-80\/"]}]},{"@type":"ImageObject","inLanguage":"lt-LT","@id":"https:\/\/www.biopapa.de\/lt\/producte\/ekologiskas-zirniu-baltymu-izoliatas-80\/#primaryimage","url":"https:\/\/www.biopapa.de\/wp-content\/uploads\/2023\/09\/45CAB6B2-98B0-4471-8938-56BAF1595267.png","contentUrl":"https:\/\/www.biopapa.de\/wp-content\/uploads\/2023\/09\/45CAB6B2-98B0-4471-8938-56BAF1595267.png","width":800,"height":640},{"@type":"BreadcrumbList","@id":"https:\/\/www.biopapa.de\/lt\/producte\/ekologiskas-zirniu-baltymu-izoliatas-80\/#breadcrumb","itemListElement":[{"@type":"ListItem","position":1,"name":"Home","item":"https:\/\/www.biopapa.de\/lt\/"},{"@type":"ListItem","position":2,"name":"Parduotuv\u0117","item":"https:\/\/www.biopapa.de\/parduotuve\/"},{"@type":"ListItem","position":3,"name":"Ekologi\u0161ki \u017eirni\u0173 baltym\u0173 milteliai (izoliatas, 80% baltym\u0173)"}]},{"@type":"WebSite","@id":"https:\/\/www.biopapa.de\/lt\/#website","url":"https:\/\/www.biopapa.de\/lt\/","name":"Biopapa","description":"\u0160var\u016bs ekologi\u0161ki produktai","publisher":{"@id":"https:\/\/www.biopapa.de\/lt\/#organization"},"potentialAction":[{"@type":"SearchAction","target":{"@type":"EntryPoint","urlTemplate":"https:\/\/www.biopapa.de\/lt\/?s={search_term_string}"},"query-input":{"@type":"PropertyValueSpecification","valueRequired":true,"valueName":"search_term_string"}}],"inLanguage":"lt-LT"},{"@type":"Organization","@id":"https:\/\/www.biopapa.de\/lt\/#organization","name":"Biopapa","url":"https:\/\/www.biopapa.de\/lt\/","logo":{"@type":"ImageObject","inLanguage":"lt-LT","@id":"https:\/\/www.biopapa.de\/lt\/#\/schema\/logo\/image\/","url":"https:\/\/www.biopapa.lt\/wp-content\/uploads\/2022\/04\/facebook_biopapa.jpg","contentUrl":"https:\/\/www.biopapa.lt\/wp-content\/uploads\/2022\/04\/facebook_biopapa.jpg","width":1733,"height":907,"caption":"Biopapa"},"image":{"@id":"https:\/\/www.biopapa.de\/lt\/#\/schema\/logo\/image\/"},"sameAs":["https:\/\/www.facebook.com\/biopapa.lt"]}]}},"_links":{"self":[{"href":"https:\/\/www.biopapa.de\/lt\/wp-json\/wp\/v2\/product\/35463","targetHints":{"allow":["GET"]}}],"collection":[{"href":"https:\/\/www.biopapa.de\/lt\/wp-json\/wp\/v2\/product"}],"about":[{"href":"https:\/\/www.biopapa.de\/lt\/wp-json\/wp\/v2\/types\/product"}],"wp:featuredmedia":[{"embeddable":true,"href":"https:\/\/www.biopapa.de\/lt\/wp-json\/wp\/v2\/media\/35786"}],"wp:attachment":[{"href":"https:\/\/www.biopapa.de\/lt\/wp-json\/wp\/v2\/media?parent=35463"}],"wp:term":[{"taxonomy":"product_brand","embeddable":true,"href":"https:\/\/www.biopapa.de\/lt\/wp-json\/wp\/v2\/product_brand?post=35463"},{"taxonomy":"product_cat","embeddable":true,"href":"https:\/\/www.biopapa.de\/lt\/wp-json\/wp\/v2\/product_cat?post=35463"},{"taxonomy":"product_tag","embeddable":true,"href":"https:\/\/www.biopapa.de\/lt\/wp-json\/wp\/v2\/product_tag?post=35463"}],"curies":[{"name":"wp","href":"https:\/\/api.w.org\/{rel}","templated":true}]}}