{"id":35620,"date":"2023-09-22T08:23:36","date_gmt":"2023-09-22T05:23:36","guid":{"rendered":"https:\/\/www.biopapa.lt\/?post_type=product&#038;p=35620"},"modified":"2026-04-07T10:39:16","modified_gmt":"2026-04-07T07:39:16","slug":"ekologiskos-raudonosios-pupeles","status":"publish","type":"product","link":"https:\/\/www.biopapa.de\/lt\/producte\/ekologiskos-raudonosios-pupeles\/","title":{"rendered":"Ekologi\u0161kos raudonosios pupel\u0117s"},"content":{"rendered":"<p>Ekologi\u0161kos raudonosios pupel\u0117s (<em>Phaseolus vulgaris<\/em>), yra maistingas ir universalus ank\u0161tinis augalas, \u017einomas d\u0117l savo naudos sveikatai. \u0160ios pupel\u0117s yra puikus augalini\u0173 baltym\u0173 \u0161altinis, tod\u0117l jos yra vertingas vegetari\u0161kos ir vegani\u0161kos dietos priedas. Be baltym\u0173 kiekio, pupel\u0117se gausu maistini\u0173 skaidul\u0173, kurios gerina vir\u0161kinim\u0105, skatina sotumo jausm\u0105 ir padeda stabilizuoti cukraus kiek\u012f kraujyje. Be to, pupel\u0117se gausu b\u016btin\u0173 vitamin\u0173 ir mineral\u0173, \u012fskaitant folio r\u016bg\u0161t\u012f, mangan\u0105, kal\u012f ir gele\u017e\u012f. Folio r\u016bg\u0161tis ypa\u010d svarbi n\u0117\u0161\u010dioms moterims, nes palaiko vaisiaus vystym\u0105si. Didelis kalio kiekis padeda palaikyti sveik\u0105 kraujosp\u016bd\u017eio lyg\u012f, o gele\u017eis skatina raudon\u0173j\u0173 kraujo k\u016bneli\u0173 gamyb\u0105. Pupel\u0117s taip pat yra puikus antioksidant\u0173, toki\u0173 kaip antocianinai ir kvercetinas, \u0161altinis, kurie padeda apsaugoti l\u0105steles nuo oksidacinio streso ir u\u017edegim\u0173.<\/p>\n<p>Pupel\u0117s yra ne\u012ftik\u0117tinai universalios ir gali b\u016bti naudojamos \u012fvairiems patiekalams, \u012fskaitant sriubas, tro\u0161kinius, burgerius, salotas ir \u010dili. Juos taip pat galima sutrinti ir pagardinti prieskoniais, kad gautum\u0117te skani\u0105 pupeli\u0173 u\u017etep\u0117l\u0119 arba \u012fdar\u0105 taco ir burrito.<br \/>\nD\u0117l sodraus, \u017eemi\u0161ko skonio ir maistin\u0117s vert\u0117s pupel\u0117s yra puikus pasirinkimas tiems, kurie nori \u012f savo mityb\u0105 \u012ftraukti daugiau augalini\u0173 baltym\u0173 ir skaidul\u0173.<\/p>\n<p>Norint paruo\u0161ti pupeles, b\u016btina <strong>mirkyti jas per nakt\u012f arba bent 8 valandas<\/strong>. \u0160is procesas ne tik suma\u017eina gaminimo laik\u0105, bet ir padeda pa\u0161alinti kai kuriuos nat\u016braliai pupel\u0117se susidaran\u010dius junginius, kurie gali sukelti vir\u0161kinimo diskomfort\u0105.<br \/>\nPo mirkymo gerai nuplaukite pupeles ir i\u0161pilkite mirkymo vanden\u012f.<br \/>\nTada perkelkite pupeles \u012f didel\u012f puod\u0105, u\u017epilkite \u0161vie\u017eiu vandeniu ir u\u017evirkite. Suma\u017einkite ugn\u012f iki silpnos ugnies ir virkite apie 45 minutes iki 1 valandos arba tol, kol pupel\u0117s sumink\u0161t\u0117s.<br \/>\nPupeli\u0173 skon\u012f galite pagerinti atskiroje keptuv\u0117je pakepindami svog\u016bnus, \u010desnakus ir pasirinktus prieskonius, tiks tokie kaip malta kalendra, maltas kuminas, garam masala arba priekonius pagal savo skon\u012f. Kai pupel\u0117s i\u0161virs, supilkite \u0161\u012f priekoni\u0173 mi\u0161in\u012f \u012f puod\u0105 ir tro\u0161kinkite dar 10\u201315 minu\u010di\u0173, kad skoniai susimai\u0161yt\u0173.<\/p>\n<p>Tegul maistas b\u016bna J\u016bs\u0173 vaistas!<\/p>\n<p><em>PASTABA. \u010cia pateikta informacija negali b\u016bti interpretuojama kaip gydymo ar kitokio pob\u016bd\u017eio sveikatos klausim\u0173 sprendimo rekomendacija. Raginame sprendimus, susijusius su asmenine sveikata, priimti asmeni\u0161kai, \u012fvertinus \u012fvairius informacijos \u0161altinius.<\/em><\/p>\n","protected":false},"excerpt":{"rendered":"<p>Ekologi\u0161kos raudonosios pupel\u0117s (Phaseolus vulgaris), yra maistingas ir universalus ank\u0161tinis augalas, \u017einomas d\u0117l savo naudos sveikatai. \u0160ios pupel\u0117s yra puikus<\/p>\n","protected":false},"featured_media":35692,"template":"","meta":{"_acf_changed":false},"product_brand":[],"product_cat":[1933,1295],"product_tag":[1433,1497,1636,1378],"class_list":{"0":"post-35620","1":"product","2":"type-product","3":"status-publish","4":"has-post-thumbnail","6":"product_cat-ankstiniai","7":"product_cat-ekologiskos-kruopos-ankstiniai","8":"product_tag-baltymu-saltinis","9":"product_tag-ne-gmo","10":"product_tag-skaidulu-saltinis","11":"product_tag-veganams","12":"pa_svoris-1-kg","13":"pa_svoris-100-g","14":"pa_svoris-200-g","15":"pa_svoris-25-kg","16":"pa_svoris-300-g","17":"pa_svoris-400-g","18":"pa_svoris-500-g","20":"first","21":"instock","22":"shipping-taxable","23":"purchasable","24":"product-type-variable"},"acf":[],"yoast_head":"<!-- This site is optimized with the Yoast SEO plugin v27.4 - https:\/\/yoast.com\/product\/yoast-seo-wordpress\/ -->\n<title>Ekologi\u0161kos raudonosios pupel\u0117s - Biopapa<\/title>\n<meta name=\"description\" content=\"\u0160ios pupel\u0117s yra puikus augalini\u0173 baltym\u0173 \u0161altinis, tod\u0117l jos yra vertingas vegetari\u0161kos ir vegani\u0161kos dietos priedas. Be baltym\u0173 kiekio, pupel\u0117se gausu maistini\u0173 skaidul\u0173, kurios gerina vir\u0161kinim\u0105, skatina sotumo jausm\u0105 ir padeda stabilizuoti cukraus kiek\u012f kraujyje.\" \/>\n<meta name=\"robots\" content=\"index, follow, max-snippet:-1, max-image-preview:large, max-video-preview:-1\" \/>\n<link rel=\"canonical\" href=\"https:\/\/www.biopapa.de\/lt\/producte\/ekologiskos-raudonosios-pupeles\/\" \/>\n<meta property=\"og:locale\" content=\"lt_LT\" \/>\n<meta property=\"og:type\" content=\"article\" \/>\n<meta property=\"og:title\" content=\"Ekologi\u0161kos raudonosios pupel\u0117s - Biopapa\" \/>\n<meta property=\"og:description\" content=\"\u0160ios pupel\u0117s yra puikus augalini\u0173 baltym\u0173 \u0161altinis, tod\u0117l jos yra vertingas vegetari\u0161kos ir vegani\u0161kos dietos priedas. Be baltym\u0173 kiekio, pupel\u0117se gausu maistini\u0173 skaidul\u0173, kurios gerina vir\u0161kinim\u0105, skatina sotumo jausm\u0105 ir padeda stabilizuoti cukraus kiek\u012f kraujyje.\" \/>\n<meta property=\"og:url\" content=\"https:\/\/www.biopapa.de\/lt\/producte\/ekologiskos-raudonosios-pupeles\/\" \/>\n<meta property=\"og:site_name\" content=\"Biopapa\" \/>\n<meta property=\"article:publisher\" content=\"https:\/\/www.facebook.com\/biopapa.lt\" \/>\n<meta property=\"article:modified_time\" content=\"2026-04-07T07:39:16+00:00\" \/>\n<meta property=\"og:image\" content=\"https:\/\/www.biopapa.de\/wp-content\/uploads\/2023\/09\/pupeles.png\" \/>\n\t<meta property=\"og:image:width\" content=\"800\" \/>\n\t<meta property=\"og:image:height\" content=\"640\" \/>\n\t<meta property=\"og:image:type\" content=\"image\/png\" \/>\n<meta name=\"twitter:card\" content=\"summary_large_image\" \/>\n<script type=\"application\/ld+json\" class=\"yoast-schema-graph\">{\"@context\":\"https:\\\/\\\/schema.org\",\"@graph\":[{\"@type\":\"WebPage\",\"@id\":\"https:\\\/\\\/www.biopapa.de\\\/lt\\\/producte\\\/ekologiskos-raudonosios-pupeles\\\/\",\"url\":\"https:\\\/\\\/www.biopapa.de\\\/lt\\\/producte\\\/ekologiskos-raudonosios-pupeles\\\/\",\"name\":\"Ekologi\u0161kos raudonosios pupel\u0117s - Biopapa\",\"isPartOf\":{\"@id\":\"https:\\\/\\\/www.biopapa.de\\\/lt\\\/#website\"},\"primaryImageOfPage\":{\"@id\":\"https:\\\/\\\/www.biopapa.de\\\/lt\\\/producte\\\/ekologiskos-raudonosios-pupeles\\\/#primaryimage\"},\"image\":{\"@id\":\"https:\\\/\\\/www.biopapa.de\\\/lt\\\/producte\\\/ekologiskos-raudonosios-pupeles\\\/#primaryimage\"},\"thumbnailUrl\":\"https:\\\/\\\/www.biopapa.de\\\/wp-content\\\/uploads\\\/2023\\\/09\\\/pupeles.png\",\"datePublished\":\"2023-09-22T05:23:36+00:00\",\"dateModified\":\"2026-04-07T07:39:16+00:00\",\"description\":\"\u0160ios pupel\u0117s yra puikus augalini\u0173 baltym\u0173 \u0161altinis, tod\u0117l jos yra vertingas vegetari\u0161kos ir vegani\u0161kos dietos priedas. Be baltym\u0173 kiekio, pupel\u0117se gausu maistini\u0173 skaidul\u0173, kurios gerina vir\u0161kinim\u0105, skatina sotumo jausm\u0105 ir padeda stabilizuoti cukraus kiek\u012f kraujyje.\",\"breadcrumb\":{\"@id\":\"https:\\\/\\\/www.biopapa.de\\\/lt\\\/producte\\\/ekologiskos-raudonosios-pupeles\\\/#breadcrumb\"},\"inLanguage\":\"lt-LT\",\"potentialAction\":[{\"@type\":\"ReadAction\",\"target\":[\"https:\\\/\\\/www.biopapa.de\\\/lt\\\/producte\\\/ekologiskos-raudonosios-pupeles\\\/\"]}]},{\"@type\":\"ImageObject\",\"inLanguage\":\"lt-LT\",\"@id\":\"https:\\\/\\\/www.biopapa.de\\\/lt\\\/producte\\\/ekologiskos-raudonosios-pupeles\\\/#primaryimage\",\"url\":\"https:\\\/\\\/www.biopapa.de\\\/wp-content\\\/uploads\\\/2023\\\/09\\\/pupeles.png\",\"contentUrl\":\"https:\\\/\\\/www.biopapa.de\\\/wp-content\\\/uploads\\\/2023\\\/09\\\/pupeles.png\",\"width\":800,\"height\":640},{\"@type\":\"BreadcrumbList\",\"@id\":\"https:\\\/\\\/www.biopapa.de\\\/lt\\\/producte\\\/ekologiskos-raudonosios-pupeles\\\/#breadcrumb\",\"itemListElement\":[{\"@type\":\"ListItem\",\"position\":1,\"name\":\"Home\",\"item\":\"https:\\\/\\\/www.biopapa.de\\\/lt\\\/\"},{\"@type\":\"ListItem\",\"position\":2,\"name\":\"Parduotuv\u0117\",\"item\":\"https:\\\/\\\/www.biopapa.de\\\/parduotuve\\\/\"},{\"@type\":\"ListItem\",\"position\":3,\"name\":\"Ekologi\u0161kos raudonosios pupel\u0117s\"}]},{\"@type\":\"WebSite\",\"@id\":\"https:\\\/\\\/www.biopapa.de\\\/lt\\\/#website\",\"url\":\"https:\\\/\\\/www.biopapa.de\\\/lt\\\/\",\"name\":\"Biopapa\",\"description\":\"\u0160var\u016bs ekologi\u0161ki produktai\",\"publisher\":{\"@id\":\"https:\\\/\\\/www.biopapa.de\\\/lt\\\/#organization\"},\"potentialAction\":[{\"@type\":\"SearchAction\",\"target\":{\"@type\":\"EntryPoint\",\"urlTemplate\":\"https:\\\/\\\/www.biopapa.de\\\/lt\\\/?s={search_term_string}\"},\"query-input\":{\"@type\":\"PropertyValueSpecification\",\"valueRequired\":true,\"valueName\":\"search_term_string\"}}],\"inLanguage\":\"lt-LT\"},{\"@type\":\"Organization\",\"@id\":\"https:\\\/\\\/www.biopapa.de\\\/lt\\\/#organization\",\"name\":\"Biopapa\",\"url\":\"https:\\\/\\\/www.biopapa.de\\\/lt\\\/\",\"logo\":{\"@type\":\"ImageObject\",\"inLanguage\":\"lt-LT\",\"@id\":\"https:\\\/\\\/www.biopapa.de\\\/lt\\\/#\\\/schema\\\/logo\\\/image\\\/\",\"url\":\"https:\\\/\\\/www.biopapa.lt\\\/wp-content\\\/uploads\\\/2022\\\/04\\\/facebook_biopapa.jpg\",\"contentUrl\":\"https:\\\/\\\/www.biopapa.lt\\\/wp-content\\\/uploads\\\/2022\\\/04\\\/facebook_biopapa.jpg\",\"width\":1733,\"height\":907,\"caption\":\"Biopapa\"},\"image\":{\"@id\":\"https:\\\/\\\/www.biopapa.de\\\/lt\\\/#\\\/schema\\\/logo\\\/image\\\/\"},\"sameAs\":[\"https:\\\/\\\/www.facebook.com\\\/biopapa.lt\"]}]}<\/script>\n<!-- \/ Yoast SEO plugin. -->","yoast_head_json":{"title":"Ekologi\u0161kos raudonosios pupel\u0117s - Biopapa","description":"\u0160ios pupel\u0117s yra puikus augalini\u0173 baltym\u0173 \u0161altinis, tod\u0117l jos yra vertingas vegetari\u0161kos ir vegani\u0161kos dietos priedas. Be baltym\u0173 kiekio, pupel\u0117se gausu maistini\u0173 skaidul\u0173, kurios gerina vir\u0161kinim\u0105, skatina sotumo jausm\u0105 ir padeda stabilizuoti cukraus kiek\u012f kraujyje.","robots":{"index":"index","follow":"follow","max-snippet":"max-snippet:-1","max-image-preview":"max-image-preview:large","max-video-preview":"max-video-preview:-1"},"canonical":"https:\/\/www.biopapa.de\/lt\/producte\/ekologiskos-raudonosios-pupeles\/","og_locale":"lt_LT","og_type":"article","og_title":"Ekologi\u0161kos raudonosios pupel\u0117s - Biopapa","og_description":"\u0160ios pupel\u0117s yra puikus augalini\u0173 baltym\u0173 \u0161altinis, tod\u0117l jos yra vertingas vegetari\u0161kos ir vegani\u0161kos dietos priedas. Be baltym\u0173 kiekio, pupel\u0117se gausu maistini\u0173 skaidul\u0173, kurios gerina vir\u0161kinim\u0105, skatina sotumo jausm\u0105 ir padeda stabilizuoti cukraus kiek\u012f kraujyje.","og_url":"https:\/\/www.biopapa.de\/lt\/producte\/ekologiskos-raudonosios-pupeles\/","og_site_name":"Biopapa","article_publisher":"https:\/\/www.facebook.com\/biopapa.lt","article_modified_time":"2026-04-07T07:39:16+00:00","og_image":[{"width":800,"height":640,"url":"https:\/\/www.biopapa.de\/wp-content\/uploads\/2023\/09\/pupeles.png","type":"image\/png"}],"twitter_card":"summary_large_image","schema":{"@context":"https:\/\/schema.org","@graph":[{"@type":"WebPage","@id":"https:\/\/www.biopapa.de\/lt\/producte\/ekologiskos-raudonosios-pupeles\/","url":"https:\/\/www.biopapa.de\/lt\/producte\/ekologiskos-raudonosios-pupeles\/","name":"Ekologi\u0161kos raudonosios pupel\u0117s - Biopapa","isPartOf":{"@id":"https:\/\/www.biopapa.de\/lt\/#website"},"primaryImageOfPage":{"@id":"https:\/\/www.biopapa.de\/lt\/producte\/ekologiskos-raudonosios-pupeles\/#primaryimage"},"image":{"@id":"https:\/\/www.biopapa.de\/lt\/producte\/ekologiskos-raudonosios-pupeles\/#primaryimage"},"thumbnailUrl":"https:\/\/www.biopapa.de\/wp-content\/uploads\/2023\/09\/pupeles.png","datePublished":"2023-09-22T05:23:36+00:00","dateModified":"2026-04-07T07:39:16+00:00","description":"\u0160ios pupel\u0117s yra puikus augalini\u0173 baltym\u0173 \u0161altinis, tod\u0117l jos yra vertingas vegetari\u0161kos ir vegani\u0161kos dietos priedas. Be baltym\u0173 kiekio, pupel\u0117se gausu maistini\u0173 skaidul\u0173, kurios gerina vir\u0161kinim\u0105, skatina sotumo jausm\u0105 ir padeda stabilizuoti cukraus kiek\u012f kraujyje.","breadcrumb":{"@id":"https:\/\/www.biopapa.de\/lt\/producte\/ekologiskos-raudonosios-pupeles\/#breadcrumb"},"inLanguage":"lt-LT","potentialAction":[{"@type":"ReadAction","target":["https:\/\/www.biopapa.de\/lt\/producte\/ekologiskos-raudonosios-pupeles\/"]}]},{"@type":"ImageObject","inLanguage":"lt-LT","@id":"https:\/\/www.biopapa.de\/lt\/producte\/ekologiskos-raudonosios-pupeles\/#primaryimage","url":"https:\/\/www.biopapa.de\/wp-content\/uploads\/2023\/09\/pupeles.png","contentUrl":"https:\/\/www.biopapa.de\/wp-content\/uploads\/2023\/09\/pupeles.png","width":800,"height":640},{"@type":"BreadcrumbList","@id":"https:\/\/www.biopapa.de\/lt\/producte\/ekologiskos-raudonosios-pupeles\/#breadcrumb","itemListElement":[{"@type":"ListItem","position":1,"name":"Home","item":"https:\/\/www.biopapa.de\/lt\/"},{"@type":"ListItem","position":2,"name":"Parduotuv\u0117","item":"https:\/\/www.biopapa.de\/parduotuve\/"},{"@type":"ListItem","position":3,"name":"Ekologi\u0161kos raudonosios pupel\u0117s"}]},{"@type":"WebSite","@id":"https:\/\/www.biopapa.de\/lt\/#website","url":"https:\/\/www.biopapa.de\/lt\/","name":"Biopapa","description":"\u0160var\u016bs ekologi\u0161ki produktai","publisher":{"@id":"https:\/\/www.biopapa.de\/lt\/#organization"},"potentialAction":[{"@type":"SearchAction","target":{"@type":"EntryPoint","urlTemplate":"https:\/\/www.biopapa.de\/lt\/?s={search_term_string}"},"query-input":{"@type":"PropertyValueSpecification","valueRequired":true,"valueName":"search_term_string"}}],"inLanguage":"lt-LT"},{"@type":"Organization","@id":"https:\/\/www.biopapa.de\/lt\/#organization","name":"Biopapa","url":"https:\/\/www.biopapa.de\/lt\/","logo":{"@type":"ImageObject","inLanguage":"lt-LT","@id":"https:\/\/www.biopapa.de\/lt\/#\/schema\/logo\/image\/","url":"https:\/\/www.biopapa.lt\/wp-content\/uploads\/2022\/04\/facebook_biopapa.jpg","contentUrl":"https:\/\/www.biopapa.lt\/wp-content\/uploads\/2022\/04\/facebook_biopapa.jpg","width":1733,"height":907,"caption":"Biopapa"},"image":{"@id":"https:\/\/www.biopapa.de\/lt\/#\/schema\/logo\/image\/"},"sameAs":["https:\/\/www.facebook.com\/biopapa.lt"]}]}},"_links":{"self":[{"href":"https:\/\/www.biopapa.de\/lt\/wp-json\/wp\/v2\/product\/35620","targetHints":{"allow":["GET"]}}],"collection":[{"href":"https:\/\/www.biopapa.de\/lt\/wp-json\/wp\/v2\/product"}],"about":[{"href":"https:\/\/www.biopapa.de\/lt\/wp-json\/wp\/v2\/types\/product"}],"wp:featuredmedia":[{"embeddable":true,"href":"https:\/\/www.biopapa.de\/lt\/wp-json\/wp\/v2\/media\/35692"}],"wp:attachment":[{"href":"https:\/\/www.biopapa.de\/lt\/wp-json\/wp\/v2\/media?parent=35620"}],"wp:term":[{"taxonomy":"product_brand","embeddable":true,"href":"https:\/\/www.biopapa.de\/lt\/wp-json\/wp\/v2\/product_brand?post=35620"},{"taxonomy":"product_cat","embeddable":true,"href":"https:\/\/www.biopapa.de\/lt\/wp-json\/wp\/v2\/product_cat?post=35620"},{"taxonomy":"product_tag","embeddable":true,"href":"https:\/\/www.biopapa.de\/lt\/wp-json\/wp\/v2\/product_tag?post=35620"}],"curies":[{"name":"wp","href":"https:\/\/api.w.org\/{rel}","templated":true}]}}