{"id":42640,"date":"2024-01-08T16:30:51","date_gmt":"2024-01-08T14:30:51","guid":{"rendered":"https:\/\/www.biopapa.de\/?post_type=product&#038;p=42640"},"modified":"2026-04-02T10:37:23","modified_gmt":"2026-04-02T07:37:23","slug":"ekologiski-saltyje-dziovinti-drakono-vaisiu-milteliai-pitaya","status":"publish","type":"product","link":"https:\/\/www.biopapa.de\/lt\/producte\/ekologiski-saltyje-dziovinti-drakono-vaisiu-milteliai-pitaya\/","title":{"rendered":"Ekologi\u0161ki \u0161altyje d\u017eiovinti drakono vaisi\u0173 milteliai (Pitaya)"},"content":{"rendered":"<p><strong>Ekologi\u0161ki \u0161altyje d\u017eiovinti drakono vaisi\u0173 milteliai (Pitaya)<br \/>\n<\/strong>Drakono vaisius, taip pat \u017einomas kaip Pitaya, yra kaktuso (Hylocereus Costaricensis) vaisius. \u0160is kaktusas kil\u0119s i\u0161 Amerikos, ta\u010diau dabar auginamas \u012fvairiose tropiniuose ir subtropiniuose regionuose visame pasaulyje. Hylocereus kaktusas turi didelius, spalvingus Drakono vaisius su i\u0161skirtine i\u0161vaizda, paprastai turin\u010dius ry\u0161kiai ro\u017ein\u0117s ar geltonos spalvos su baltu ar raudonu mink\u0161timu, kuriame yra ma\u017e\u0173 juod\u0173 s\u0117kl\u0173.<\/p>\n<p>Drakono vaisius turi savo tradicinio naudojimo \u0161aknis \u012fvairiose kult\u016brose, ypa\u010d Centrin\u0117je ir Piet\u0173 Amerikoje, taip pat Pietry\u010di\u0173 Azijoje. Tradici\u0161kai \u0161is vaisius buvo vertinamas ne tik d\u0117l savo unikalaus skonio ir kaip maisto \u0161altinis, bet ir d\u0117l naudos sveikatai. Vietin\u0117s tautos da\u017enai vartojo drakono vaisi\u0173 d\u0117l jo galimo sugeb\u0117jimo pagelb\u0117ti vir\u0161kinimui d\u0117l jo skaidul\u0173 kiekio, be to, jis buvo gerbiamas d\u0117l savo vitamin\u0173 ir mineral\u0173 turinio, kuris, manoma, stiprina imunin\u0119 sistem\u0105.<\/p>\n<p><em>Nauda<\/em><br \/>\nTurtinga Maistin\u0117mis Med\u017eiagomis: Drakono vaisiaus milteliai ma\u017eai kaloringi, bet turtingi svarbiomis vitamin\u0173 ir mineral\u0173, toki\u0173 kaip magnis, gele\u017eis, vitaminas C ir vitaminas E\u200b\u200b.<br \/>\nTurtinga Antioksidantais: Juose yra daug antioksidant\u0173, kurie prisideda prie \u0161irdies sveikatos ir potencialiai padeda spr\u0119sti metabolizmo problemas\u200b\u200b.<br \/>\nImunin\u0117s Sistemos Palaikymas: Auk\u0161tas vitamin\u0173 kiekis pitajos vaisiuose stiprina imunitet\u0105 ir pagreitina antioksidant\u0173 veikl\u0105 organizme\u200b\u200b.<br \/>\nVir\u0161kinimo Sveikata: D\u0117l didelio skaidul\u0173 kiekio ir oligosacharid\u0173 Drakono vaisiai gerina vir\u0161kinim\u0105 ir skatina \u017earnyno sveikat\u0105\u200b\u200b\u200b\u200b.<br \/>\nDiabeto Kontrol\u0117: Pitajos milteliai gali pad\u0117ti stabilizuoti cukraus kiek\u012f kraujyje, kas yra naudinga diabeto valdymui\u200b\u200b\u200b\u200b.<br \/>\n\u0160irdies Sveikata: Juose esantis \u201egerasis\u201c cholesterolis ir tr\u016bkumas nesveik\u0173 so\u010di\u0173j\u0173 riebal\u0173 gali pad\u0117ti \u0161irdies sveikatai\u200b\u200b.<br \/>\nOda ir Plaukai: Antioksidantai pitajos vaisiuose yra naudingi odai, gali ma\u017einti sen\u0117jimo po\u017eymius ir gerinti plauk\u0173 sveikat\u0105\u200b\u200b.<br \/>\nKaul\u0173 Sveikata: Didelis kalcio kiekis pitajos vaisiuose gali gerinti kaul\u0173 mineral\u0173 tank\u012f\u200b\u200b.<br \/>\nV\u0117\u017eio Prevencija: Kai kurie tyrimai rodo, kad Drakono vaisiai gali tur\u0117ti savybi\u0173, padedan\u010di\u0173 kovoti su tam tikr\u0173 r\u016b\u0161i\u0173 v\u0117\u017eiu, pvz., kr\u016bties ir prostatos v\u0117\u017eiu\u200b\u200b\u200b\u200b.<\/p>\n<p><em>D\u0117mesio<\/em><br \/>\nPer didelis vartojimas gali sukelti nepageidaujam\u0105 poveik\u012f, galima patirti alergines reakcijas\u200b\u200b.<br \/>\nDidelis Drakono vaisiaus milteli\u0173 kiekis gali sukelti kraujo spaudimo suma\u017e\u0117jim\u0105\u200b\u200b.<br \/>\nB\u016bkite atid\u016bs jei vartojate vaistus.<\/p>\n<p><em>Naudojimas<\/em><br \/>\nVaisiai d\u017eiovinami \u0161altyje, kad b\u016bt\u0173 i\u0161saugotos visos maistingosios med\u017eiagos, aromatai ir ry\u0161kios spalvos. Liofilizuoti produktas sumalamas \u012f smulkius miltelius, tod\u0117l jie yra universalus ir patogus priedas \u012f kokteilius, sultis, jogurtus ir kepinius. Juos taip pat galima naudoti kaip nat\u016bral\u0173 maisto da\u017eikl\u012f arba barstyti desertus ir dribsnius, kad gauti maisting\u0173j\u0173 med\u017eiag\u0173 ir egzotikos.<\/p>\n<p>\u012eprasta rekomenduojama doz\u0117 yra apie 1 arbatinis \u0161auk\u0161telis (3-6 gramai) per dien\u0105.<\/p>\n<p>Svarbu prad\u0117ti nuo ma\u017eesnio kiekio ir palaipsniui didinti, kad b\u016bt\u0173 galima \u012fvertinti organizmo tolerancij\u0105. Atsi\u017evelgiant \u012f didel\u012f skaidul\u0173 kiek\u012f, b\u016btina vartoti pakankamai vandens, kad b\u016bt\u0173 palengvintas vir\u0161kinimas ir i\u0161vengta \u017earnyno diskomforto.<\/p>\n<p><em>\u0160altiniai:<\/em><br \/>\nwww.draxe.com<br \/>\nwww.researchgate.net<br \/>\nwww.ncbi.nlm.nih.gov<\/p>\n<p><em>PASTABA. \u010cia pateikta informacija negali b\u016bti interpretuojama kaip gydymo ar kitokio pob\u016bd\u017eio sveikatos klausim\u0173 sprendimo rekomendacija. Raginame sprendimus, susijusius su asmenine sveikata, priimti asmeni\u0161kai, \u012fvertinus \u012fvairius informacijos \u0161altinius.<\/em><\/p>\n","protected":false},"excerpt":{"rendered":"<p>Ekologi\u0161ki \u0161altyje d\u017eiovinti drakono vaisi\u0173 milteliai (Pitaya) Drakono vaisius, taip pat \u017einomas kaip Pitaya, yra kaktuso (Hylocereus Costaricensis) vaisius. \u0160is<\/p>\n","protected":false},"featured_media":42693,"template":"","meta":{"_acf_changed":false},"product_brand":[],"product_cat":[1216,2349],"product_tag":[1378],"class_list":{"0":"post-42640","1":"product","2":"type-product","3":"status-publish","4":"has-post-thumbnail","6":"product_cat-augalinis-supermaistas","7":"product_cat-milteliai","8":"product_tag-veganams","9":"pa_svoris-1-kg","10":"pa_svoris-100-g","11":"pa_svoris-200-g","12":"pa_svoris-300-g","13":"pa_svoris-400-g","14":"pa_svoris-500-g","15":"pa_svoris-7-5-kg","17":"first","18":"instock","19":"shipping-taxable","20":"purchasable","21":"product-type-variable"},"acf":[],"yoast_head":"<!-- This site is optimized with the Yoast SEO plugin v27.4 - https:\/\/yoast.com\/product\/yoast-seo-wordpress\/ -->\n<title>Ekologi\u0161ki \u0161altyje d\u017eiovinti drakono vaisi\u0173 milteliai (Pitaya) - Biopapa<\/title>\n<meta name=\"description\" content=\"Drakono vaisius turi savo tradicinio naudojimo \u0161aknis \u012fvairiose kult\u016brose, ypa\u010d Centrin\u0117je ir Piet\u0173 Amerikoje, taip pat Pietry\u010di\u0173 Azijoje. Tradici\u0161kai \u0161is vaisius buvo vertinamas ne tik d\u0117l savo unikalaus skonio ir kaip maisto \u0161altinis, bet ir d\u0117l naudos sveikatai.\" \/>\n<meta name=\"robots\" content=\"index, follow, max-snippet:-1, max-image-preview:large, max-video-preview:-1\" \/>\n<link rel=\"canonical\" href=\"https:\/\/www.biopapa.de\/lt\/producte\/ekologiski-saltyje-dziovinti-drakono-vaisiu-milteliai-pitaya\/\" \/>\n<meta property=\"og:locale\" content=\"lt_LT\" \/>\n<meta property=\"og:type\" content=\"article\" \/>\n<meta property=\"og:title\" content=\"Ekologi\u0161ki \u0161altyje d\u017eiovinti drakono vaisi\u0173 milteliai (Pitaya) - Biopapa\" \/>\n<meta property=\"og:description\" content=\"Drakono vaisius turi savo tradicinio naudojimo \u0161aknis \u012fvairiose kult\u016brose, ypa\u010d Centrin\u0117je ir Piet\u0173 Amerikoje, taip pat Pietry\u010di\u0173 Azijoje. Tradici\u0161kai \u0161is vaisius buvo vertinamas ne tik d\u0117l savo unikalaus skonio ir kaip maisto \u0161altinis, bet ir d\u0117l naudos sveikatai.\" \/>\n<meta property=\"og:url\" content=\"https:\/\/www.biopapa.de\/lt\/producte\/ekologiski-saltyje-dziovinti-drakono-vaisiu-milteliai-pitaya\/\" \/>\n<meta property=\"og:site_name\" content=\"Biopapa\" \/>\n<meta property=\"article:publisher\" content=\"https:\/\/www.facebook.com\/biopapa.lt\" \/>\n<meta property=\"article:modified_time\" content=\"2026-04-02T07:37:23+00:00\" \/>\n<meta property=\"og:image\" content=\"https:\/\/www.biopapa.de\/wp-content\/uploads\/2024\/01\/Dragon-fruit.png\" \/>\n\t<meta property=\"og:image:width\" content=\"800\" \/>\n\t<meta property=\"og:image:height\" content=\"640\" \/>\n\t<meta property=\"og:image:type\" content=\"image\/png\" \/>\n<meta name=\"twitter:card\" content=\"summary_large_image\" \/>\n<script type=\"application\/ld+json\" class=\"yoast-schema-graph\">{\"@context\":\"https:\\\/\\\/schema.org\",\"@graph\":[{\"@type\":\"WebPage\",\"@id\":\"https:\\\/\\\/www.biopapa.de\\\/lt\\\/producte\\\/ekologiski-saltyje-dziovinti-drakono-vaisiu-milteliai-pitaya\\\/\",\"url\":\"https:\\\/\\\/www.biopapa.de\\\/lt\\\/producte\\\/ekologiski-saltyje-dziovinti-drakono-vaisiu-milteliai-pitaya\\\/\",\"name\":\"Ekologi\u0161ki \u0161altyje d\u017eiovinti drakono vaisi\u0173 milteliai (Pitaya) - Biopapa\",\"isPartOf\":{\"@id\":\"https:\\\/\\\/www.biopapa.de\\\/lt\\\/#website\"},\"primaryImageOfPage\":{\"@id\":\"https:\\\/\\\/www.biopapa.de\\\/lt\\\/producte\\\/ekologiski-saltyje-dziovinti-drakono-vaisiu-milteliai-pitaya\\\/#primaryimage\"},\"image\":{\"@id\":\"https:\\\/\\\/www.biopapa.de\\\/lt\\\/producte\\\/ekologiski-saltyje-dziovinti-drakono-vaisiu-milteliai-pitaya\\\/#primaryimage\"},\"thumbnailUrl\":\"https:\\\/\\\/www.biopapa.de\\\/wp-content\\\/uploads\\\/2024\\\/01\\\/Dragon-fruit.png\",\"datePublished\":\"2024-01-08T14:30:51+00:00\",\"dateModified\":\"2026-04-02T07:37:23+00:00\",\"description\":\"Drakono vaisius turi savo tradicinio naudojimo \u0161aknis \u012fvairiose kult\u016brose, ypa\u010d Centrin\u0117je ir Piet\u0173 Amerikoje, taip pat Pietry\u010di\u0173 Azijoje. Tradici\u0161kai \u0161is vaisius buvo vertinamas ne tik d\u0117l savo unikalaus skonio ir kaip maisto \u0161altinis, bet ir d\u0117l naudos sveikatai.\",\"breadcrumb\":{\"@id\":\"https:\\\/\\\/www.biopapa.de\\\/lt\\\/producte\\\/ekologiski-saltyje-dziovinti-drakono-vaisiu-milteliai-pitaya\\\/#breadcrumb\"},\"inLanguage\":\"lt-LT\",\"potentialAction\":[{\"@type\":\"ReadAction\",\"target\":[\"https:\\\/\\\/www.biopapa.de\\\/lt\\\/producte\\\/ekologiski-saltyje-dziovinti-drakono-vaisiu-milteliai-pitaya\\\/\"]}]},{\"@type\":\"ImageObject\",\"inLanguage\":\"lt-LT\",\"@id\":\"https:\\\/\\\/www.biopapa.de\\\/lt\\\/producte\\\/ekologiski-saltyje-dziovinti-drakono-vaisiu-milteliai-pitaya\\\/#primaryimage\",\"url\":\"https:\\\/\\\/www.biopapa.de\\\/wp-content\\\/uploads\\\/2024\\\/01\\\/Dragon-fruit.png\",\"contentUrl\":\"https:\\\/\\\/www.biopapa.de\\\/wp-content\\\/uploads\\\/2024\\\/01\\\/Dragon-fruit.png\",\"width\":800,\"height\":640},{\"@type\":\"BreadcrumbList\",\"@id\":\"https:\\\/\\\/www.biopapa.de\\\/lt\\\/producte\\\/ekologiski-saltyje-dziovinti-drakono-vaisiu-milteliai-pitaya\\\/#breadcrumb\",\"itemListElement\":[{\"@type\":\"ListItem\",\"position\":1,\"name\":\"Home\",\"item\":\"https:\\\/\\\/www.biopapa.de\\\/lt\\\/\"},{\"@type\":\"ListItem\",\"position\":2,\"name\":\"Parduotuv\u0117\",\"item\":\"https:\\\/\\\/www.biopapa.de\\\/parduotuve\\\/\"},{\"@type\":\"ListItem\",\"position\":3,\"name\":\"Ekologi\u0161ki \u0161altyje d\u017eiovinti drakono vaisi\u0173 milteliai (Pitaya)\"}]},{\"@type\":\"WebSite\",\"@id\":\"https:\\\/\\\/www.biopapa.de\\\/lt\\\/#website\",\"url\":\"https:\\\/\\\/www.biopapa.de\\\/lt\\\/\",\"name\":\"Biopapa\",\"description\":\"\u0160var\u016bs ekologi\u0161ki produktai\",\"publisher\":{\"@id\":\"https:\\\/\\\/www.biopapa.de\\\/lt\\\/#organization\"},\"potentialAction\":[{\"@type\":\"SearchAction\",\"target\":{\"@type\":\"EntryPoint\",\"urlTemplate\":\"https:\\\/\\\/www.biopapa.de\\\/lt\\\/?s={search_term_string}\"},\"query-input\":{\"@type\":\"PropertyValueSpecification\",\"valueRequired\":true,\"valueName\":\"search_term_string\"}}],\"inLanguage\":\"lt-LT\"},{\"@type\":\"Organization\",\"@id\":\"https:\\\/\\\/www.biopapa.de\\\/lt\\\/#organization\",\"name\":\"Biopapa\",\"url\":\"https:\\\/\\\/www.biopapa.de\\\/lt\\\/\",\"logo\":{\"@type\":\"ImageObject\",\"inLanguage\":\"lt-LT\",\"@id\":\"https:\\\/\\\/www.biopapa.de\\\/lt\\\/#\\\/schema\\\/logo\\\/image\\\/\",\"url\":\"https:\\\/\\\/www.biopapa.lt\\\/wp-content\\\/uploads\\\/2022\\\/04\\\/facebook_biopapa.jpg\",\"contentUrl\":\"https:\\\/\\\/www.biopapa.lt\\\/wp-content\\\/uploads\\\/2022\\\/04\\\/facebook_biopapa.jpg\",\"width\":1733,\"height\":907,\"caption\":\"Biopapa\"},\"image\":{\"@id\":\"https:\\\/\\\/www.biopapa.de\\\/lt\\\/#\\\/schema\\\/logo\\\/image\\\/\"},\"sameAs\":[\"https:\\\/\\\/www.facebook.com\\\/biopapa.lt\"]}]}<\/script>\n<!-- \/ Yoast SEO plugin. -->","yoast_head_json":{"title":"Ekologi\u0161ki \u0161altyje d\u017eiovinti drakono vaisi\u0173 milteliai (Pitaya) - Biopapa","description":"Drakono vaisius turi savo tradicinio naudojimo \u0161aknis \u012fvairiose kult\u016brose, ypa\u010d Centrin\u0117je ir Piet\u0173 Amerikoje, taip pat Pietry\u010di\u0173 Azijoje. Tradici\u0161kai \u0161is vaisius buvo vertinamas ne tik d\u0117l savo unikalaus skonio ir kaip maisto \u0161altinis, bet ir d\u0117l naudos sveikatai.","robots":{"index":"index","follow":"follow","max-snippet":"max-snippet:-1","max-image-preview":"max-image-preview:large","max-video-preview":"max-video-preview:-1"},"canonical":"https:\/\/www.biopapa.de\/lt\/producte\/ekologiski-saltyje-dziovinti-drakono-vaisiu-milteliai-pitaya\/","og_locale":"lt_LT","og_type":"article","og_title":"Ekologi\u0161ki \u0161altyje d\u017eiovinti drakono vaisi\u0173 milteliai (Pitaya) - Biopapa","og_description":"Drakono vaisius turi savo tradicinio naudojimo \u0161aknis \u012fvairiose kult\u016brose, ypa\u010d Centrin\u0117je ir Piet\u0173 Amerikoje, taip pat Pietry\u010di\u0173 Azijoje. Tradici\u0161kai \u0161is vaisius buvo vertinamas ne tik d\u0117l savo unikalaus skonio ir kaip maisto \u0161altinis, bet ir d\u0117l naudos sveikatai.","og_url":"https:\/\/www.biopapa.de\/lt\/producte\/ekologiski-saltyje-dziovinti-drakono-vaisiu-milteliai-pitaya\/","og_site_name":"Biopapa","article_publisher":"https:\/\/www.facebook.com\/biopapa.lt","article_modified_time":"2026-04-02T07:37:23+00:00","og_image":[{"width":800,"height":640,"url":"https:\/\/www.biopapa.de\/wp-content\/uploads\/2024\/01\/Dragon-fruit.png","type":"image\/png"}],"twitter_card":"summary_large_image","schema":{"@context":"https:\/\/schema.org","@graph":[{"@type":"WebPage","@id":"https:\/\/www.biopapa.de\/lt\/producte\/ekologiski-saltyje-dziovinti-drakono-vaisiu-milteliai-pitaya\/","url":"https:\/\/www.biopapa.de\/lt\/producte\/ekologiski-saltyje-dziovinti-drakono-vaisiu-milteliai-pitaya\/","name":"Ekologi\u0161ki \u0161altyje d\u017eiovinti drakono vaisi\u0173 milteliai (Pitaya) - Biopapa","isPartOf":{"@id":"https:\/\/www.biopapa.de\/lt\/#website"},"primaryImageOfPage":{"@id":"https:\/\/www.biopapa.de\/lt\/producte\/ekologiski-saltyje-dziovinti-drakono-vaisiu-milteliai-pitaya\/#primaryimage"},"image":{"@id":"https:\/\/www.biopapa.de\/lt\/producte\/ekologiski-saltyje-dziovinti-drakono-vaisiu-milteliai-pitaya\/#primaryimage"},"thumbnailUrl":"https:\/\/www.biopapa.de\/wp-content\/uploads\/2024\/01\/Dragon-fruit.png","datePublished":"2024-01-08T14:30:51+00:00","dateModified":"2026-04-02T07:37:23+00:00","description":"Drakono vaisius turi savo tradicinio naudojimo \u0161aknis \u012fvairiose kult\u016brose, ypa\u010d Centrin\u0117je ir Piet\u0173 Amerikoje, taip pat Pietry\u010di\u0173 Azijoje. Tradici\u0161kai \u0161is vaisius buvo vertinamas ne tik d\u0117l savo unikalaus skonio ir kaip maisto \u0161altinis, bet ir d\u0117l naudos sveikatai.","breadcrumb":{"@id":"https:\/\/www.biopapa.de\/lt\/producte\/ekologiski-saltyje-dziovinti-drakono-vaisiu-milteliai-pitaya\/#breadcrumb"},"inLanguage":"lt-LT","potentialAction":[{"@type":"ReadAction","target":["https:\/\/www.biopapa.de\/lt\/producte\/ekologiski-saltyje-dziovinti-drakono-vaisiu-milteliai-pitaya\/"]}]},{"@type":"ImageObject","inLanguage":"lt-LT","@id":"https:\/\/www.biopapa.de\/lt\/producte\/ekologiski-saltyje-dziovinti-drakono-vaisiu-milteliai-pitaya\/#primaryimage","url":"https:\/\/www.biopapa.de\/wp-content\/uploads\/2024\/01\/Dragon-fruit.png","contentUrl":"https:\/\/www.biopapa.de\/wp-content\/uploads\/2024\/01\/Dragon-fruit.png","width":800,"height":640},{"@type":"BreadcrumbList","@id":"https:\/\/www.biopapa.de\/lt\/producte\/ekologiski-saltyje-dziovinti-drakono-vaisiu-milteliai-pitaya\/#breadcrumb","itemListElement":[{"@type":"ListItem","position":1,"name":"Home","item":"https:\/\/www.biopapa.de\/lt\/"},{"@type":"ListItem","position":2,"name":"Parduotuv\u0117","item":"https:\/\/www.biopapa.de\/parduotuve\/"},{"@type":"ListItem","position":3,"name":"Ekologi\u0161ki \u0161altyje d\u017eiovinti drakono vaisi\u0173 milteliai (Pitaya)"}]},{"@type":"WebSite","@id":"https:\/\/www.biopapa.de\/lt\/#website","url":"https:\/\/www.biopapa.de\/lt\/","name":"Biopapa","description":"\u0160var\u016bs ekologi\u0161ki produktai","publisher":{"@id":"https:\/\/www.biopapa.de\/lt\/#organization"},"potentialAction":[{"@type":"SearchAction","target":{"@type":"EntryPoint","urlTemplate":"https:\/\/www.biopapa.de\/lt\/?s={search_term_string}"},"query-input":{"@type":"PropertyValueSpecification","valueRequired":true,"valueName":"search_term_string"}}],"inLanguage":"lt-LT"},{"@type":"Organization","@id":"https:\/\/www.biopapa.de\/lt\/#organization","name":"Biopapa","url":"https:\/\/www.biopapa.de\/lt\/","logo":{"@type":"ImageObject","inLanguage":"lt-LT","@id":"https:\/\/www.biopapa.de\/lt\/#\/schema\/logo\/image\/","url":"https:\/\/www.biopapa.lt\/wp-content\/uploads\/2022\/04\/facebook_biopapa.jpg","contentUrl":"https:\/\/www.biopapa.lt\/wp-content\/uploads\/2022\/04\/facebook_biopapa.jpg","width":1733,"height":907,"caption":"Biopapa"},"image":{"@id":"https:\/\/www.biopapa.de\/lt\/#\/schema\/logo\/image\/"},"sameAs":["https:\/\/www.facebook.com\/biopapa.lt"]}]}},"_links":{"self":[{"href":"https:\/\/www.biopapa.de\/lt\/wp-json\/wp\/v2\/product\/42640","targetHints":{"allow":["GET"]}}],"collection":[{"href":"https:\/\/www.biopapa.de\/lt\/wp-json\/wp\/v2\/product"}],"about":[{"href":"https:\/\/www.biopapa.de\/lt\/wp-json\/wp\/v2\/types\/product"}],"wp:featuredmedia":[{"embeddable":true,"href":"https:\/\/www.biopapa.de\/lt\/wp-json\/wp\/v2\/media\/42693"}],"wp:attachment":[{"href":"https:\/\/www.biopapa.de\/lt\/wp-json\/wp\/v2\/media?parent=42640"}],"wp:term":[{"taxonomy":"product_brand","embeddable":true,"href":"https:\/\/www.biopapa.de\/lt\/wp-json\/wp\/v2\/product_brand?post=42640"},{"taxonomy":"product_cat","embeddable":true,"href":"https:\/\/www.biopapa.de\/lt\/wp-json\/wp\/v2\/product_cat?post=42640"},{"taxonomy":"product_tag","embeddable":true,"href":"https:\/\/www.biopapa.de\/lt\/wp-json\/wp\/v2\/product_tag?post=42640"}],"curies":[{"name":"wp","href":"https:\/\/api.w.org\/{rel}","templated":true}]}}