{"id":42739,"date":"2024-02-13T09:36:38","date_gmt":"2024-02-13T07:36:38","guid":{"rendered":"https:\/\/www.biopapa.de\/?post_type=product&#038;p=42739"},"modified":"2026-03-27T18:53:01","modified_gmt":"2026-03-27T16:53:01","slug":"ekologiski-zensenio-saknu-milteliai","status":"publish","type":"product","link":"https:\/\/www.biopapa.de\/lt\/producte\/ekologiski-zensenio-saknu-milteliai\/","title":{"rendered":"Ekologi\u0161ki \u017een\u0161enio \u0161akn\u0173 milteliai"},"content":{"rendered":"<p><strong>Ekologi\u0161ki \u017een\u0161enio \u0161akn\u0173 milteliai<\/strong><br \/>\n\u017den\u0161enio \u0161akn\u0173 milteliai, turintys turting\u0105 tradicin\u0117s kin\u0173 medicinos (TCM) istorij\u0105, sulauk\u0117 pasaulinio pripa\u017einimo d\u0117l savo \u012fvairios naudos sveikatai ir galimo pritaikymo \u0161iuolaikin\u0117je medicinoje.<br \/>\n\u017den\u0161enis arba kin\u0173 kalba \u201eRen Shen\u201c \u0161imtme\u010dius buvo naudojamas TCM kaip galingas adaptogenas, kuris, kaip manoma, subalansuoja organizmo gyvybin\u0119 energij\u0105 arba Qi. Kadangi \u017een\u0161enio \u0161akn\u0173 milteliai tapo prieinamesni visame pasaulyje, \u0161iuolaikiniai moksliniai tyrimai atskleid\u0117 \u012fvairi\u0173 privalum\u0173, kurie atitinka tradicinius \u012fsitikinimus.<\/p>\n<p>D\u0117mesio<br \/>\nPer didelis \u017een\u0161enio vartojimas, ypa\u010d v\u0117liau, gali sukelti nerim\u0105 ir nemig\u0105. Kai kurie asmenys gali jausti vir\u0161kinimo diskomfort\u0105.<br \/>\n\u017den\u0161enis gali tur\u0117ti \u012ftakos kraujosp\u016bd\u017eiui, tod\u0117l \u017emon\u0117ms, sergantiems hipertenzija, reikia steb\u0117ti.<br \/>\n\u017den\u0161enis gali s\u0105veikauti su tam tikrais vaistais, \u012fskaitant antikoaguliantus ir vaistus nuo diabeto.<\/p>\n<p>Naudojimas<br \/>\n\u017den\u0161enio \u0161aknies milteliai gali b\u016bti vertingas subalansuotos mitybos papildymas arba kaip \u012fvairi\u0173 sveikatos problem\u0173 parama.<br \/>\nTiek tradicin\u0117je, tiek \u0161iuolaikin\u0117je virtuv\u0117je \u017een\u0161enio \u0161akn\u0173 milteliai gali b\u016bti unikalus sriub\u0173, sultini\u0173 ir arbat\u0173 ingredientas, suteikiantis puik\u0173 skon\u012f ir naud\u0105 sveikatai.<br \/>\nTradicin\u0117s i\u0161minties ir \u0161iuolaikinio mokslo s\u0105jungoje \u017een\u0161enio \u0161akn\u0173 milteliai yra \u017eoleli\u0173 sinergijos simbolis.<br \/>\nB\u016bdingas \u017eemi\u0161kas skonis su sald\u017eiai kartoku prieskoniu, lipnumo poj\u016b\u010diu.<\/p>\n<p>\u0160altiniai<br \/>\nwww.healthline.com<br \/>\nwww.ncbi.nlm.nih.gov<br \/>\nwww.webmd.com<\/p>\n<p><em>PASTABA. \u010cia pateikta informacija negali b\u016bti interpretuojama kaip gydymo ar kitokio pob\u016bd\u017eio sveikatos klausim\u0173 sprendimo rekomendacija. Raginame sprendimus, susijusius su asmenine sveikata, priimti asmeni\u0161kai, \u012fvertinus \u012fvairius informacijos \u0161altinius.<\/em><\/p>\n","protected":false},"excerpt":{"rendered":"<p>Ekologi\u0161ki \u017een\u0161enio \u0161akn\u0173 milteliai \u017den\u0161enio \u0161akn\u0173 milteliai, turintys turting\u0105 tradicin\u0117s kin\u0173 medicinos (TCM) istorij\u0105, sulauk\u0117 pasaulinio pripa\u017einimo d\u0117l savo \u012fvairios<\/p>\n","protected":false},"featured_media":42771,"template":"","meta":{"_acf_changed":false},"product_brand":[],"product_cat":[1216,2349],"product_tag":[1378],"class_list":{"0":"post-42739","1":"product","2":"type-product","3":"status-publish","4":"has-post-thumbnail","6":"product_cat-augalinis-supermaistas","7":"product_cat-milteliai","8":"product_tag-veganams","9":"pa_svoris-1-kg","10":"pa_svoris-100-g","11":"pa_svoris-200-g","12":"pa_svoris-300-g","13":"pa_svoris-400-g","14":"pa_svoris-50-g","15":"pa_svoris-500-g","17":"first","18":"outofstock","19":"shipping-taxable","20":"purchasable","21":"product-type-variable"},"acf":[],"yoast_head":"<!-- This site is optimized with the Yoast SEO plugin v27.5 - https:\/\/yoast.com\/product\/yoast-seo-wordpress\/ -->\n<title>Ekologi\u0161ki \u017een\u0161enio \u0161akn\u0173 milteliai - Biopapa<\/title>\n<meta name=\"description\" content=\"\u017den\u0161enis arba kin\u0173 kalba \u201eRen Shen\u201c \u0161imtme\u010dius buvo naudojamas TKM kaip galingas adaptogenas, kuris, kaip manoma, subalansuoja organizmo gyvybin\u0119 energij\u0105 arba Qi.\" \/>\n<meta name=\"robots\" content=\"index, follow, max-snippet:-1, max-image-preview:large, max-video-preview:-1\" \/>\n<link rel=\"canonical\" href=\"https:\/\/www.biopapa.de\/lt\/producte\/ekologiski-zensenio-saknu-milteliai\/\" \/>\n<meta property=\"og:locale\" content=\"lt_LT\" \/>\n<meta property=\"og:type\" content=\"article\" \/>\n<meta property=\"og:title\" content=\"Ekologi\u0161ki \u017een\u0161enio \u0161akn\u0173 milteliai - Biopapa\" \/>\n<meta property=\"og:description\" content=\"\u017den\u0161enis arba kin\u0173 kalba \u201eRen Shen\u201c \u0161imtme\u010dius buvo naudojamas TKM kaip galingas adaptogenas, kuris, kaip manoma, subalansuoja organizmo gyvybin\u0119 energij\u0105 arba Qi.\" \/>\n<meta property=\"og:url\" content=\"https:\/\/www.biopapa.de\/lt\/producte\/ekologiski-zensenio-saknu-milteliai\/\" \/>\n<meta property=\"og:site_name\" content=\"Biopapa\" \/>\n<meta property=\"article:publisher\" content=\"https:\/\/www.facebook.com\/biopapa.lt\" \/>\n<meta property=\"article:modified_time\" content=\"2026-03-27T16:53:01+00:00\" \/>\n<meta property=\"og:image\" content=\"https:\/\/www.biopapa.de\/wp-content\/uploads\/2024\/02\/Ekologiski-zensenio-saknu-milteliai.png\" \/>\n\t<meta property=\"og:image:width\" content=\"800\" \/>\n\t<meta property=\"og:image:height\" content=\"640\" \/>\n\t<meta property=\"og:image:type\" content=\"image\/png\" \/>\n<meta name=\"twitter:card\" content=\"summary_large_image\" \/>\n<script type=\"application\/ld+json\" class=\"yoast-schema-graph\">{\"@context\":\"https:\\\/\\\/schema.org\",\"@graph\":[{\"@type\":\"WebPage\",\"@id\":\"https:\\\/\\\/www.biopapa.de\\\/lt\\\/producte\\\/ekologiski-zensenio-saknu-milteliai\\\/\",\"url\":\"https:\\\/\\\/www.biopapa.de\\\/lt\\\/producte\\\/ekologiski-zensenio-saknu-milteliai\\\/\",\"name\":\"Ekologi\u0161ki \u017een\u0161enio \u0161akn\u0173 milteliai - Biopapa\",\"isPartOf\":{\"@id\":\"https:\\\/\\\/www.biopapa.de\\\/lt\\\/#website\"},\"primaryImageOfPage\":{\"@id\":\"https:\\\/\\\/www.biopapa.de\\\/lt\\\/producte\\\/ekologiski-zensenio-saknu-milteliai\\\/#primaryimage\"},\"image\":{\"@id\":\"https:\\\/\\\/www.biopapa.de\\\/lt\\\/producte\\\/ekologiski-zensenio-saknu-milteliai\\\/#primaryimage\"},\"thumbnailUrl\":\"https:\\\/\\\/www.biopapa.de\\\/wp-content\\\/uploads\\\/2024\\\/02\\\/Ekologiski-zensenio-saknu-milteliai.png\",\"datePublished\":\"2024-02-13T07:36:38+00:00\",\"dateModified\":\"2026-03-27T16:53:01+00:00\",\"description\":\"\u017den\u0161enis arba kin\u0173 kalba \u201eRen Shen\u201c \u0161imtme\u010dius buvo naudojamas TKM kaip galingas adaptogenas, kuris, kaip manoma, subalansuoja organizmo gyvybin\u0119 energij\u0105 arba Qi.\",\"breadcrumb\":{\"@id\":\"https:\\\/\\\/www.biopapa.de\\\/lt\\\/producte\\\/ekologiski-zensenio-saknu-milteliai\\\/#breadcrumb\"},\"inLanguage\":\"lt-LT\",\"potentialAction\":[{\"@type\":\"ReadAction\",\"target\":[\"https:\\\/\\\/www.biopapa.de\\\/lt\\\/producte\\\/ekologiski-zensenio-saknu-milteliai\\\/\"]}]},{\"@type\":\"ImageObject\",\"inLanguage\":\"lt-LT\",\"@id\":\"https:\\\/\\\/www.biopapa.de\\\/lt\\\/producte\\\/ekologiski-zensenio-saknu-milteliai\\\/#primaryimage\",\"url\":\"https:\\\/\\\/www.biopapa.de\\\/wp-content\\\/uploads\\\/2024\\\/02\\\/Ekologiski-zensenio-saknu-milteliai.png\",\"contentUrl\":\"https:\\\/\\\/www.biopapa.de\\\/wp-content\\\/uploads\\\/2024\\\/02\\\/Ekologiski-zensenio-saknu-milteliai.png\",\"width\":800,\"height\":640},{\"@type\":\"BreadcrumbList\",\"@id\":\"https:\\\/\\\/www.biopapa.de\\\/lt\\\/producte\\\/ekologiski-zensenio-saknu-milteliai\\\/#breadcrumb\",\"itemListElement\":[{\"@type\":\"ListItem\",\"position\":1,\"name\":\"Home\",\"item\":\"https:\\\/\\\/www.biopapa.de\\\/lt\\\/\"},{\"@type\":\"ListItem\",\"position\":2,\"name\":\"Parduotuv\u0117\",\"item\":\"https:\\\/\\\/www.biopapa.de\\\/parduotuve\\\/\"},{\"@type\":\"ListItem\",\"position\":3,\"name\":\"Ekologi\u0161ki \u017een\u0161enio \u0161akn\u0173 milteliai\"}]},{\"@type\":\"WebSite\",\"@id\":\"https:\\\/\\\/www.biopapa.de\\\/lt\\\/#website\",\"url\":\"https:\\\/\\\/www.biopapa.de\\\/lt\\\/\",\"name\":\"Biopapa\",\"description\":\"\u0160var\u016bs ekologi\u0161ki produktai\",\"publisher\":{\"@id\":\"https:\\\/\\\/www.biopapa.de\\\/lt\\\/#organization\"},\"potentialAction\":[{\"@type\":\"SearchAction\",\"target\":{\"@type\":\"EntryPoint\",\"urlTemplate\":\"https:\\\/\\\/www.biopapa.de\\\/lt\\\/?s={search_term_string}\"},\"query-input\":{\"@type\":\"PropertyValueSpecification\",\"valueRequired\":true,\"valueName\":\"search_term_string\"}}],\"inLanguage\":\"lt-LT\"},{\"@type\":\"Organization\",\"@id\":\"https:\\\/\\\/www.biopapa.de\\\/lt\\\/#organization\",\"name\":\"Biopapa\",\"url\":\"https:\\\/\\\/www.biopapa.de\\\/lt\\\/\",\"logo\":{\"@type\":\"ImageObject\",\"inLanguage\":\"lt-LT\",\"@id\":\"https:\\\/\\\/www.biopapa.de\\\/lt\\\/#\\\/schema\\\/logo\\\/image\\\/\",\"url\":\"https:\\\/\\\/www.biopapa.lt\\\/wp-content\\\/uploads\\\/2022\\\/04\\\/facebook_biopapa.jpg\",\"contentUrl\":\"https:\\\/\\\/www.biopapa.lt\\\/wp-content\\\/uploads\\\/2022\\\/04\\\/facebook_biopapa.jpg\",\"width\":1733,\"height\":907,\"caption\":\"Biopapa\"},\"image\":{\"@id\":\"https:\\\/\\\/www.biopapa.de\\\/lt\\\/#\\\/schema\\\/logo\\\/image\\\/\"},\"sameAs\":[\"https:\\\/\\\/www.facebook.com\\\/biopapa.lt\"]}]}<\/script>\n<!-- \/ Yoast SEO plugin. -->","yoast_head_json":{"title":"Ekologi\u0161ki \u017een\u0161enio \u0161akn\u0173 milteliai - Biopapa","description":"\u017den\u0161enis arba kin\u0173 kalba \u201eRen Shen\u201c \u0161imtme\u010dius buvo naudojamas TKM kaip galingas adaptogenas, kuris, kaip manoma, subalansuoja organizmo gyvybin\u0119 energij\u0105 arba Qi.","robots":{"index":"index","follow":"follow","max-snippet":"max-snippet:-1","max-image-preview":"max-image-preview:large","max-video-preview":"max-video-preview:-1"},"canonical":"https:\/\/www.biopapa.de\/lt\/producte\/ekologiski-zensenio-saknu-milteliai\/","og_locale":"lt_LT","og_type":"article","og_title":"Ekologi\u0161ki \u017een\u0161enio \u0161akn\u0173 milteliai - Biopapa","og_description":"\u017den\u0161enis arba kin\u0173 kalba \u201eRen Shen\u201c \u0161imtme\u010dius buvo naudojamas TKM kaip galingas adaptogenas, kuris, kaip manoma, subalansuoja organizmo gyvybin\u0119 energij\u0105 arba Qi.","og_url":"https:\/\/www.biopapa.de\/lt\/producte\/ekologiski-zensenio-saknu-milteliai\/","og_site_name":"Biopapa","article_publisher":"https:\/\/www.facebook.com\/biopapa.lt","article_modified_time":"2026-03-27T16:53:01+00:00","og_image":[{"width":800,"height":640,"url":"https:\/\/www.biopapa.de\/wp-content\/uploads\/2024\/02\/Ekologiski-zensenio-saknu-milteliai.png","type":"image\/png"}],"twitter_card":"summary_large_image","schema":{"@context":"https:\/\/schema.org","@graph":[{"@type":"WebPage","@id":"https:\/\/www.biopapa.de\/lt\/producte\/ekologiski-zensenio-saknu-milteliai\/","url":"https:\/\/www.biopapa.de\/lt\/producte\/ekologiski-zensenio-saknu-milteliai\/","name":"Ekologi\u0161ki \u017een\u0161enio \u0161akn\u0173 milteliai - Biopapa","isPartOf":{"@id":"https:\/\/www.biopapa.de\/lt\/#website"},"primaryImageOfPage":{"@id":"https:\/\/www.biopapa.de\/lt\/producte\/ekologiski-zensenio-saknu-milteliai\/#primaryimage"},"image":{"@id":"https:\/\/www.biopapa.de\/lt\/producte\/ekologiski-zensenio-saknu-milteliai\/#primaryimage"},"thumbnailUrl":"https:\/\/www.biopapa.de\/wp-content\/uploads\/2024\/02\/Ekologiski-zensenio-saknu-milteliai.png","datePublished":"2024-02-13T07:36:38+00:00","dateModified":"2026-03-27T16:53:01+00:00","description":"\u017den\u0161enis arba kin\u0173 kalba \u201eRen Shen\u201c \u0161imtme\u010dius buvo naudojamas TKM kaip galingas adaptogenas, kuris, kaip manoma, subalansuoja organizmo gyvybin\u0119 energij\u0105 arba Qi.","breadcrumb":{"@id":"https:\/\/www.biopapa.de\/lt\/producte\/ekologiski-zensenio-saknu-milteliai\/#breadcrumb"},"inLanguage":"lt-LT","potentialAction":[{"@type":"ReadAction","target":["https:\/\/www.biopapa.de\/lt\/producte\/ekologiski-zensenio-saknu-milteliai\/"]}]},{"@type":"ImageObject","inLanguage":"lt-LT","@id":"https:\/\/www.biopapa.de\/lt\/producte\/ekologiski-zensenio-saknu-milteliai\/#primaryimage","url":"https:\/\/www.biopapa.de\/wp-content\/uploads\/2024\/02\/Ekologiski-zensenio-saknu-milteliai.png","contentUrl":"https:\/\/www.biopapa.de\/wp-content\/uploads\/2024\/02\/Ekologiski-zensenio-saknu-milteliai.png","width":800,"height":640},{"@type":"BreadcrumbList","@id":"https:\/\/www.biopapa.de\/lt\/producte\/ekologiski-zensenio-saknu-milteliai\/#breadcrumb","itemListElement":[{"@type":"ListItem","position":1,"name":"Home","item":"https:\/\/www.biopapa.de\/lt\/"},{"@type":"ListItem","position":2,"name":"Parduotuv\u0117","item":"https:\/\/www.biopapa.de\/parduotuve\/"},{"@type":"ListItem","position":3,"name":"Ekologi\u0161ki \u017een\u0161enio \u0161akn\u0173 milteliai"}]},{"@type":"WebSite","@id":"https:\/\/www.biopapa.de\/lt\/#website","url":"https:\/\/www.biopapa.de\/lt\/","name":"Biopapa","description":"\u0160var\u016bs ekologi\u0161ki produktai","publisher":{"@id":"https:\/\/www.biopapa.de\/lt\/#organization"},"potentialAction":[{"@type":"SearchAction","target":{"@type":"EntryPoint","urlTemplate":"https:\/\/www.biopapa.de\/lt\/?s={search_term_string}"},"query-input":{"@type":"PropertyValueSpecification","valueRequired":true,"valueName":"search_term_string"}}],"inLanguage":"lt-LT"},{"@type":"Organization","@id":"https:\/\/www.biopapa.de\/lt\/#organization","name":"Biopapa","url":"https:\/\/www.biopapa.de\/lt\/","logo":{"@type":"ImageObject","inLanguage":"lt-LT","@id":"https:\/\/www.biopapa.de\/lt\/#\/schema\/logo\/image\/","url":"https:\/\/www.biopapa.lt\/wp-content\/uploads\/2022\/04\/facebook_biopapa.jpg","contentUrl":"https:\/\/www.biopapa.lt\/wp-content\/uploads\/2022\/04\/facebook_biopapa.jpg","width":1733,"height":907,"caption":"Biopapa"},"image":{"@id":"https:\/\/www.biopapa.de\/lt\/#\/schema\/logo\/image\/"},"sameAs":["https:\/\/www.facebook.com\/biopapa.lt"]}]}},"_links":{"self":[{"href":"https:\/\/www.biopapa.de\/lt\/wp-json\/wp\/v2\/product\/42739","targetHints":{"allow":["GET"]}}],"collection":[{"href":"https:\/\/www.biopapa.de\/lt\/wp-json\/wp\/v2\/product"}],"about":[{"href":"https:\/\/www.biopapa.de\/lt\/wp-json\/wp\/v2\/types\/product"}],"wp:featuredmedia":[{"embeddable":true,"href":"https:\/\/www.biopapa.de\/lt\/wp-json\/wp\/v2\/media\/42771"}],"wp:attachment":[{"href":"https:\/\/www.biopapa.de\/lt\/wp-json\/wp\/v2\/media?parent=42739"}],"wp:term":[{"taxonomy":"product_brand","embeddable":true,"href":"https:\/\/www.biopapa.de\/lt\/wp-json\/wp\/v2\/product_brand?post=42739"},{"taxonomy":"product_cat","embeddable":true,"href":"https:\/\/www.biopapa.de\/lt\/wp-json\/wp\/v2\/product_cat?post=42739"},{"taxonomy":"product_tag","embeddable":true,"href":"https:\/\/www.biopapa.de\/lt\/wp-json\/wp\/v2\/product_tag?post=42739"}],"curies":[{"name":"wp","href":"https:\/\/api.w.org\/{rel}","templated":true}]}}