{"id":42803,"date":"2024-02-23T07:34:42","date_gmt":"2024-02-23T05:34:42","guid":{"rendered":"https:\/\/www.biopapa.de\/?post_type=product&#038;p=42803"},"modified":"2026-03-23T13:02:01","modified_gmt":"2026-03-23T11:02:01","slug":"ekologiski-melyniu-uogu-milteliai","status":"publish","type":"product","link":"https:\/\/www.biopapa.de\/lt\/producte\/ekologiski-melyniu-uogu-milteliai\/","title":{"rendered":"Ekologi\u0161ki m\u0117lyni\u0173 uog\u0173 milteliai"},"content":{"rendered":"<p><strong>Ekologi\u0161ki m\u0117lyni\u0173 uog\u0173 milteliai<br \/>\n<\/strong>M\u0117lyn\u0117s yra ne\u012ftik\u0117tinai skanios uogos, nuo seno \u017einomos d\u0117l savo naudos sveikatai. Pripildytos b\u016btin\u0173 maistini\u0173 med\u017eiag\u0173 ir antioksidant\u0173, m\u0117lyn\u0117s tinka \u012f \u012fvairius kulinarinius receptus \u2013 nuo bandeli\u0173 iki kokteili\u0173. Vienas novatori\u0161k\u0173 b\u016bd\u0173 \u012ftraukti \u0161iuos supermaisto produktus \u012f savo mityb\u0105 yra m\u0117lyni\u0173 milteliai.<br \/>\nIstori\u0161kai d\u017eiovintos m\u0117lyn\u0117s buvo vertinamos d\u0117l savo daugyb\u0117s sveikatai nauding\u0173 savybi\u0173, ypa\u010d \u0160iaur\u0117s Amerikos vietini\u0173 gyventoj\u0173. D\u0117l gausaus antioksidant\u0173 kiekio, ypa\u010d antocianin\u0173, d\u017eiovintos m\u0117lyn\u0117s buvo naudojamos kovai su u\u017edegimais ir bendram sveikatos gerinimui. Jos taip pat buvo laikomos naudingomis vir\u0161kinimo sistemai, nes yra geras maistini\u0173 skaidul\u0173 \u0161altinis. Be to, m\u0117lyn\u0117s buvo naudojamos stiprinti imunitet\u0105 ir gerinti protin\u0119 funkcij\u0105, tod\u0117l jos buvo vertingas maistas tiek maistin\u0117s, tiek gydomosios vert\u0117s po\u017ei\u016briu.<\/p>\n<p>Naudojimas<\/p>\n<p>Glotnu\u010diai. \u012e savo rytin\u012f kokteil\u012f \u012fpilkite arbatin\u012f \u0161auk\u0161tel\u012f ar du m\u0117lyni\u0173 milteli\u0173, kad gautum\u0117te aromato ir antioksidant\u0173.<br \/>\nKepiniai. \u012ed\u0117kite m\u0117lyni\u0173 milteli\u0173 \u012f bandeles, blynus ar vafli\u0173 te\u0161l\u0105.<br \/>\nKo\u0161\u0117s. Pabarstykite m\u0117lyni\u0173 milteli\u0173 ant rytini\u0173 ko\u0161i\u0173 arba jogurto, kad gautum\u0117te papildom\u0105 maistingumo ir skonio.<br \/>\nG\u0117rimai. Sumai\u0161ykite m\u0117lyni\u0173 miltelius \u012f vanden\u012f, sultis ar arbat\u0105, kad gautum\u0117te gaiv\u0173 ir maisting\u0105 g\u0117rim\u0105.<br \/>\nSalotos. \u012e salot\u0173 pada\u017eus \u012fpilkite \u017eiupsnel\u012f m\u0117lyni\u0173 milteli\u0173, kad tradicin\u0117s salotos tapt\u0173 unikalios.<br \/>\nDesertai. \u012eberkite m\u0117lyni\u0173 milteli\u0173 \u012f ledus, \u0161erbet\u0105 ar puding\u0105.<br \/>\nD\u0117mesio<br \/>\nKai kurie asmenys gali b\u016bti alergi\u0161ki m\u0117lyn\u0117ms ar m\u0117lyni\u0173 milteli\u0173 sudedamosioms dalims.<br \/>\nRetais atvejais vartojant didelius m\u0117lyni\u0173 milteli\u0173 kiekius, gali atsirasti vir\u0161kinimo sutrikim\u0173, toki\u0173 kaip viduriavimas ar skrand\u017eio spazmai.<\/p>\n<p>\u0160altiniai<br \/>\nwww.ncbi.nlm.nih.gov<br \/>\nwww.examine.com<\/p>\n<p><em>PASTABA. \u010cia pateikta informacija negali b\u016bti interpretuojama kaip gydymo ar kitokio pob\u016bd\u017eio sveikatos klausim\u0173 sprendimo rekomendacija. Raginame sprendimus, susijusius su asmenine sveikata, priimti asmeni\u0161kai, \u012fvertinus \u012fvairius informacijos \u0161altinius.<\/em><\/p>\n","protected":false},"excerpt":{"rendered":"<p>Ekologi\u0161ki m\u0117lyni\u0173 uog\u0173 milteliai M\u0117lyn\u0117s yra ne\u012ftik\u0117tinai skanios uogos, nuo seno \u017einomos d\u0117l savo naudos sveikatai. Pripildytos b\u016btin\u0173 maistini\u0173 med\u017eiag\u0173<\/p>\n","protected":false},"featured_media":42835,"template":"","meta":{"_acf_changed":false},"product_brand":[],"product_cat":[1216,2349],"product_tag":[1380,1378,1382],"class_list":{"0":"post-42803","1":"product","2":"type-product","3":"status-publish","4":"has-post-thumbnail","6":"product_cat-augalinis-supermaistas","7":"product_cat-milteliai","8":"product_tag-keto-mityba","9":"product_tag-veganams","10":"product_tag-zaliavalgiams","11":"pa_svoris-1-kg","12":"pa_svoris-100-g","13":"pa_svoris-200-g","14":"pa_svoris-300-g","15":"pa_svoris-400-g","16":"pa_svoris-5-kg","17":"pa_svoris-500-g","19":"first","20":"outofstock","21":"shipping-taxable","22":"purchasable","23":"product-type-variable"},"acf":[],"yoast_head":"<!-- This site is optimized with the Yoast SEO plugin v27.5 - https:\/\/yoast.com\/product\/yoast-seo-wordpress\/ -->\n<title>Ekologi\u0161ki m\u0117lyni\u0173 uog\u0173 milteliai - Biopapa<\/title>\n<meta name=\"description\" content=\"M\u0117lyn\u0117s yra ne\u012ftik\u0117tinai skanios uogos, nuo seno \u017einomos d\u0117l savo naudos sveikatai. Pripildytos b\u016btin\u0173 maistini\u0173 med\u017eiag\u0173 ir antioksidant\u0173, m\u0117lyn\u0117s tinka \u012f \u012fvairius kulinarinius receptus \u2013 nuo bandeli\u0173 iki kokteili\u0173.\" \/>\n<meta name=\"robots\" content=\"index, follow, max-snippet:-1, max-image-preview:large, max-video-preview:-1\" \/>\n<link rel=\"canonical\" href=\"https:\/\/www.biopapa.de\/lt\/producte\/ekologiski-melyniu-uogu-milteliai\/\" \/>\n<meta property=\"og:locale\" content=\"lt_LT\" \/>\n<meta property=\"og:type\" content=\"article\" \/>\n<meta property=\"og:title\" content=\"Ekologi\u0161ki m\u0117lyni\u0173 uog\u0173 milteliai - Biopapa\" \/>\n<meta property=\"og:description\" content=\"M\u0117lyn\u0117s yra ne\u012ftik\u0117tinai skanios uogos, nuo seno \u017einomos d\u0117l savo naudos sveikatai. Pripildytos b\u016btin\u0173 maistini\u0173 med\u017eiag\u0173 ir antioksidant\u0173, m\u0117lyn\u0117s tinka \u012f \u012fvairius kulinarinius receptus \u2013 nuo bandeli\u0173 iki kokteili\u0173.\" \/>\n<meta property=\"og:url\" content=\"https:\/\/www.biopapa.de\/lt\/producte\/ekologiski-melyniu-uogu-milteliai\/\" \/>\n<meta property=\"og:site_name\" content=\"Biopapa\" \/>\n<meta property=\"article:publisher\" content=\"https:\/\/www.facebook.com\/biopapa.lt\" \/>\n<meta property=\"article:modified_time\" content=\"2026-03-23T11:02:01+00:00\" \/>\n<meta property=\"og:image\" content=\"https:\/\/www.biopapa.de\/wp-content\/uploads\/2024\/02\/Ekologiski-melyniu-milteliai-1-1024x819.png\" \/>\n\t<meta property=\"og:image:width\" content=\"1024\" \/>\n\t<meta property=\"og:image:height\" content=\"819\" \/>\n\t<meta property=\"og:image:type\" content=\"image\/png\" \/>\n<meta name=\"twitter:card\" content=\"summary_large_image\" \/>\n<script type=\"application\/ld+json\" class=\"yoast-schema-graph\">{\"@context\":\"https:\\\/\\\/schema.org\",\"@graph\":[{\"@type\":\"WebPage\",\"@id\":\"https:\\\/\\\/www.biopapa.de\\\/lt\\\/producte\\\/ekologiski-melyniu-uogu-milteliai\\\/\",\"url\":\"https:\\\/\\\/www.biopapa.de\\\/lt\\\/producte\\\/ekologiski-melyniu-uogu-milteliai\\\/\",\"name\":\"Ekologi\u0161ki m\u0117lyni\u0173 uog\u0173 milteliai - Biopapa\",\"isPartOf\":{\"@id\":\"https:\\\/\\\/www.biopapa.de\\\/lt\\\/#website\"},\"primaryImageOfPage\":{\"@id\":\"https:\\\/\\\/www.biopapa.de\\\/lt\\\/producte\\\/ekologiski-melyniu-uogu-milteliai\\\/#primaryimage\"},\"image\":{\"@id\":\"https:\\\/\\\/www.biopapa.de\\\/lt\\\/producte\\\/ekologiski-melyniu-uogu-milteliai\\\/#primaryimage\"},\"thumbnailUrl\":\"https:\\\/\\\/www.biopapa.de\\\/wp-content\\\/uploads\\\/2024\\\/02\\\/Ekologiski-melyniu-milteliai-1.png\",\"datePublished\":\"2024-02-23T05:34:42+00:00\",\"dateModified\":\"2026-03-23T11:02:01+00:00\",\"description\":\"M\u0117lyn\u0117s yra ne\u012ftik\u0117tinai skanios uogos, nuo seno \u017einomos d\u0117l savo naudos sveikatai. Pripildytos b\u016btin\u0173 maistini\u0173 med\u017eiag\u0173 ir antioksidant\u0173, m\u0117lyn\u0117s tinka \u012f \u012fvairius kulinarinius receptus \u2013 nuo bandeli\u0173 iki kokteili\u0173.\",\"breadcrumb\":{\"@id\":\"https:\\\/\\\/www.biopapa.de\\\/lt\\\/producte\\\/ekologiski-melyniu-uogu-milteliai\\\/#breadcrumb\"},\"inLanguage\":\"lt-LT\",\"potentialAction\":[{\"@type\":\"ReadAction\",\"target\":[\"https:\\\/\\\/www.biopapa.de\\\/lt\\\/producte\\\/ekologiski-melyniu-uogu-milteliai\\\/\"]}]},{\"@type\":\"ImageObject\",\"inLanguage\":\"lt-LT\",\"@id\":\"https:\\\/\\\/www.biopapa.de\\\/lt\\\/producte\\\/ekologiski-melyniu-uogu-milteliai\\\/#primaryimage\",\"url\":\"https:\\\/\\\/www.biopapa.de\\\/wp-content\\\/uploads\\\/2024\\\/02\\\/Ekologiski-melyniu-milteliai-1.png\",\"contentUrl\":\"https:\\\/\\\/www.biopapa.de\\\/wp-content\\\/uploads\\\/2024\\\/02\\\/Ekologiski-melyniu-milteliai-1.png\",\"width\":1600,\"height\":1280},{\"@type\":\"BreadcrumbList\",\"@id\":\"https:\\\/\\\/www.biopapa.de\\\/lt\\\/producte\\\/ekologiski-melyniu-uogu-milteliai\\\/#breadcrumb\",\"itemListElement\":[{\"@type\":\"ListItem\",\"position\":1,\"name\":\"Home\",\"item\":\"https:\\\/\\\/www.biopapa.de\\\/lt\\\/\"},{\"@type\":\"ListItem\",\"position\":2,\"name\":\"Parduotuv\u0117\",\"item\":\"https:\\\/\\\/www.biopapa.de\\\/parduotuve\\\/\"},{\"@type\":\"ListItem\",\"position\":3,\"name\":\"Ekologi\u0161ki m\u0117lyni\u0173 uog\u0173 milteliai\"}]},{\"@type\":\"WebSite\",\"@id\":\"https:\\\/\\\/www.biopapa.de\\\/lt\\\/#website\",\"url\":\"https:\\\/\\\/www.biopapa.de\\\/lt\\\/\",\"name\":\"Biopapa\",\"description\":\"\u0160var\u016bs ekologi\u0161ki produktai\",\"publisher\":{\"@id\":\"https:\\\/\\\/www.biopapa.de\\\/lt\\\/#organization\"},\"potentialAction\":[{\"@type\":\"SearchAction\",\"target\":{\"@type\":\"EntryPoint\",\"urlTemplate\":\"https:\\\/\\\/www.biopapa.de\\\/lt\\\/?s={search_term_string}\"},\"query-input\":{\"@type\":\"PropertyValueSpecification\",\"valueRequired\":true,\"valueName\":\"search_term_string\"}}],\"inLanguage\":\"lt-LT\"},{\"@type\":\"Organization\",\"@id\":\"https:\\\/\\\/www.biopapa.de\\\/lt\\\/#organization\",\"name\":\"Biopapa\",\"url\":\"https:\\\/\\\/www.biopapa.de\\\/lt\\\/\",\"logo\":{\"@type\":\"ImageObject\",\"inLanguage\":\"lt-LT\",\"@id\":\"https:\\\/\\\/www.biopapa.de\\\/lt\\\/#\\\/schema\\\/logo\\\/image\\\/\",\"url\":\"https:\\\/\\\/www.biopapa.lt\\\/wp-content\\\/uploads\\\/2022\\\/04\\\/facebook_biopapa.jpg\",\"contentUrl\":\"https:\\\/\\\/www.biopapa.lt\\\/wp-content\\\/uploads\\\/2022\\\/04\\\/facebook_biopapa.jpg\",\"width\":1733,\"height\":907,\"caption\":\"Biopapa\"},\"image\":{\"@id\":\"https:\\\/\\\/www.biopapa.de\\\/lt\\\/#\\\/schema\\\/logo\\\/image\\\/\"},\"sameAs\":[\"https:\\\/\\\/www.facebook.com\\\/biopapa.lt\"]}]}<\/script>\n<!-- \/ Yoast SEO plugin. -->","yoast_head_json":{"title":"Ekologi\u0161ki m\u0117lyni\u0173 uog\u0173 milteliai - Biopapa","description":"M\u0117lyn\u0117s yra ne\u012ftik\u0117tinai skanios uogos, nuo seno \u017einomos d\u0117l savo naudos sveikatai. Pripildytos b\u016btin\u0173 maistini\u0173 med\u017eiag\u0173 ir antioksidant\u0173, m\u0117lyn\u0117s tinka \u012f \u012fvairius kulinarinius receptus \u2013 nuo bandeli\u0173 iki kokteili\u0173.","robots":{"index":"index","follow":"follow","max-snippet":"max-snippet:-1","max-image-preview":"max-image-preview:large","max-video-preview":"max-video-preview:-1"},"canonical":"https:\/\/www.biopapa.de\/lt\/producte\/ekologiski-melyniu-uogu-milteliai\/","og_locale":"lt_LT","og_type":"article","og_title":"Ekologi\u0161ki m\u0117lyni\u0173 uog\u0173 milteliai - Biopapa","og_description":"M\u0117lyn\u0117s yra ne\u012ftik\u0117tinai skanios uogos, nuo seno \u017einomos d\u0117l savo naudos sveikatai. Pripildytos b\u016btin\u0173 maistini\u0173 med\u017eiag\u0173 ir antioksidant\u0173, m\u0117lyn\u0117s tinka \u012f \u012fvairius kulinarinius receptus \u2013 nuo bandeli\u0173 iki kokteili\u0173.","og_url":"https:\/\/www.biopapa.de\/lt\/producte\/ekologiski-melyniu-uogu-milteliai\/","og_site_name":"Biopapa","article_publisher":"https:\/\/www.facebook.com\/biopapa.lt","article_modified_time":"2026-03-23T11:02:01+00:00","og_image":[{"width":1024,"height":819,"url":"https:\/\/www.biopapa.de\/wp-content\/uploads\/2024\/02\/Ekologiski-melyniu-milteliai-1-1024x819.png","type":"image\/png"}],"twitter_card":"summary_large_image","schema":{"@context":"https:\/\/schema.org","@graph":[{"@type":"WebPage","@id":"https:\/\/www.biopapa.de\/lt\/producte\/ekologiski-melyniu-uogu-milteliai\/","url":"https:\/\/www.biopapa.de\/lt\/producte\/ekologiski-melyniu-uogu-milteliai\/","name":"Ekologi\u0161ki m\u0117lyni\u0173 uog\u0173 milteliai - Biopapa","isPartOf":{"@id":"https:\/\/www.biopapa.de\/lt\/#website"},"primaryImageOfPage":{"@id":"https:\/\/www.biopapa.de\/lt\/producte\/ekologiski-melyniu-uogu-milteliai\/#primaryimage"},"image":{"@id":"https:\/\/www.biopapa.de\/lt\/producte\/ekologiski-melyniu-uogu-milteliai\/#primaryimage"},"thumbnailUrl":"https:\/\/www.biopapa.de\/wp-content\/uploads\/2024\/02\/Ekologiski-melyniu-milteliai-1.png","datePublished":"2024-02-23T05:34:42+00:00","dateModified":"2026-03-23T11:02:01+00:00","description":"M\u0117lyn\u0117s yra ne\u012ftik\u0117tinai skanios uogos, nuo seno \u017einomos d\u0117l savo naudos sveikatai. Pripildytos b\u016btin\u0173 maistini\u0173 med\u017eiag\u0173 ir antioksidant\u0173, m\u0117lyn\u0117s tinka \u012f \u012fvairius kulinarinius receptus \u2013 nuo bandeli\u0173 iki kokteili\u0173.","breadcrumb":{"@id":"https:\/\/www.biopapa.de\/lt\/producte\/ekologiski-melyniu-uogu-milteliai\/#breadcrumb"},"inLanguage":"lt-LT","potentialAction":[{"@type":"ReadAction","target":["https:\/\/www.biopapa.de\/lt\/producte\/ekologiski-melyniu-uogu-milteliai\/"]}]},{"@type":"ImageObject","inLanguage":"lt-LT","@id":"https:\/\/www.biopapa.de\/lt\/producte\/ekologiski-melyniu-uogu-milteliai\/#primaryimage","url":"https:\/\/www.biopapa.de\/wp-content\/uploads\/2024\/02\/Ekologiski-melyniu-milteliai-1.png","contentUrl":"https:\/\/www.biopapa.de\/wp-content\/uploads\/2024\/02\/Ekologiski-melyniu-milteliai-1.png","width":1600,"height":1280},{"@type":"BreadcrumbList","@id":"https:\/\/www.biopapa.de\/lt\/producte\/ekologiski-melyniu-uogu-milteliai\/#breadcrumb","itemListElement":[{"@type":"ListItem","position":1,"name":"Home","item":"https:\/\/www.biopapa.de\/lt\/"},{"@type":"ListItem","position":2,"name":"Parduotuv\u0117","item":"https:\/\/www.biopapa.de\/parduotuve\/"},{"@type":"ListItem","position":3,"name":"Ekologi\u0161ki m\u0117lyni\u0173 uog\u0173 milteliai"}]},{"@type":"WebSite","@id":"https:\/\/www.biopapa.de\/lt\/#website","url":"https:\/\/www.biopapa.de\/lt\/","name":"Biopapa","description":"\u0160var\u016bs ekologi\u0161ki produktai","publisher":{"@id":"https:\/\/www.biopapa.de\/lt\/#organization"},"potentialAction":[{"@type":"SearchAction","target":{"@type":"EntryPoint","urlTemplate":"https:\/\/www.biopapa.de\/lt\/?s={search_term_string}"},"query-input":{"@type":"PropertyValueSpecification","valueRequired":true,"valueName":"search_term_string"}}],"inLanguage":"lt-LT"},{"@type":"Organization","@id":"https:\/\/www.biopapa.de\/lt\/#organization","name":"Biopapa","url":"https:\/\/www.biopapa.de\/lt\/","logo":{"@type":"ImageObject","inLanguage":"lt-LT","@id":"https:\/\/www.biopapa.de\/lt\/#\/schema\/logo\/image\/","url":"https:\/\/www.biopapa.lt\/wp-content\/uploads\/2022\/04\/facebook_biopapa.jpg","contentUrl":"https:\/\/www.biopapa.lt\/wp-content\/uploads\/2022\/04\/facebook_biopapa.jpg","width":1733,"height":907,"caption":"Biopapa"},"image":{"@id":"https:\/\/www.biopapa.de\/lt\/#\/schema\/logo\/image\/"},"sameAs":["https:\/\/www.facebook.com\/biopapa.lt"]}]}},"_links":{"self":[{"href":"https:\/\/www.biopapa.de\/lt\/wp-json\/wp\/v2\/product\/42803","targetHints":{"allow":["GET"]}}],"collection":[{"href":"https:\/\/www.biopapa.de\/lt\/wp-json\/wp\/v2\/product"}],"about":[{"href":"https:\/\/www.biopapa.de\/lt\/wp-json\/wp\/v2\/types\/product"}],"wp:featuredmedia":[{"embeddable":true,"href":"https:\/\/www.biopapa.de\/lt\/wp-json\/wp\/v2\/media\/42835"}],"wp:attachment":[{"href":"https:\/\/www.biopapa.de\/lt\/wp-json\/wp\/v2\/media?parent=42803"}],"wp:term":[{"taxonomy":"product_brand","embeddable":true,"href":"https:\/\/www.biopapa.de\/lt\/wp-json\/wp\/v2\/product_brand?post=42803"},{"taxonomy":"product_cat","embeddable":true,"href":"https:\/\/www.biopapa.de\/lt\/wp-json\/wp\/v2\/product_cat?post=42803"},{"taxonomy":"product_tag","embeddable":true,"href":"https:\/\/www.biopapa.de\/lt\/wp-json\/wp\/v2\/product_tag?post=42803"}],"curies":[{"name":"wp","href":"https:\/\/api.w.org\/{rel}","templated":true}]}}