{"id":42860,"date":"2024-02-23T08:06:51","date_gmt":"2024-02-23T06:06:51","guid":{"rendered":"https:\/\/www.biopapa.de\/?post_type=product&#038;p=42860"},"modified":"2025-01-08T13:13:22","modified_gmt":"2025-01-08T11:13:22","slug":"ekologiska-zalioji-japoniska-premium-sencha-konomi-arbata","status":"publish","type":"product","link":"https:\/\/www.biopapa.de\/lt\/producte\/ekologiska-zalioji-japoniska-premium-sencha-konomi-arbata\/","title":{"rendered":"Ekologi\u0161ka \u017ealioji Japoni\u0161ka Premium Sencha Konomi arbata"},"content":{"rendered":"<p><strong>Ekologi\u0161ka \u017ealioji Japoni\u0161ka Premium Sencha Konomi arbata<br \/>\n<\/strong>Japonijoje arbatos yra \u012fvairi\u0173 r\u016b\u0161i\u0173. Paprastai tariant, taisykl\u0117 tokia: tamsiai \u017eali, smulk\u016bs lapeliai ir intensyvus aromatas liudija auk\u0161t\u0105 kokyb\u0119. Kaip ir m\u016bs\u0173 \u201cSencha Konomi\u201d arbata.<br \/>\nJai b\u016bdinga auksin\u0117 spalva, gaivus kvapas ir putojimas. Skonio po\u017ei\u016briu Japoni\u0161koje Premium Sencha Konomi arbatoje dera lengvi kart\u016bs tonai ir subtilus g\u0117li\u0173 charakteris. Sencha arbatoje gausu vitamino C, tod\u0117l ji ypa\u010d populiari tarp moter\u0173 savo t\u0117vyn\u0117je. \u0160i Sencha \u017ealioji arbata i\u0161 Kyushu Kagoshima. Tai pie\u010diausia Japonijos prefekt\u016bra, esanti pagrindin\u0117je Ki\u016b\u0161i\u016b saloje, apie 1000 km atstumu nuo Tokijo, pasi\u017eyminti vidutinio \u0161iltumo ir dr\u0117gnumo klimato zona.<\/p>\n<p>Populiari japoni\u0161ka \u017ealioji arbata Sencha vertinama d\u0117l savo subtilaus skonio ir nauding\u0173 sveikatai savybi\u0173.<br \/>\nJoje gausu antioksidant\u0173, pavyzd\u017eiui, katechin\u0173 ir EGCG, kurie gali pad\u0117ti ma\u017einti u\u017edegim\u0105, apsaugoti nuo l\u0105steli\u0173 pa\u017eeidimo ir ma\u017einti l\u0117tini\u0173 lig\u0173 rizik\u0105.<br \/>\nSen\u010doje esantis kofeinas ir aminor\u016bg\u0161tis L-teaninas atitinkamai didina protin\u012f budrum\u0105 ir skatina atsipalaidavim\u0105.<br \/>\nReguliarus Sencha arbatos vartojimas taip pat siejamas su nauda dant\u0173 sveikatai d\u0117l jos antibakterini\u0173 savybi\u0173, galimu svorio reguliavimu d\u0117l pager\u0117jusios med\u017eiag\u0173 apykaitos ir imunin\u0117s sistemos palaikymu.<\/p>\n<p>Paruo\u0161imas:<br \/>\n12-15 g arbatos \u2013 1 L ka\u0161to vandens (75-80\u00b0C), palaikyti 2-3 min.<br \/>\n3 g arbatos \u2013 200 ml ka\u0161to vandens (75-80\u00b0C), palaikyti 2-3 min.<\/p>\n<p><em>PASTABA. \u010cia pateikta informacija negali b\u016bti interpretuojama kaip gydymo ar kitokio pob\u016bd\u017eio sveikatos klausim\u0173 sprendimo rekomendacija. <\/em><em>Raginame sprendimus, susijusius su asmenine sveikata, priimti asmeni\u0161kai, \u012fvertinus \u012fvairius informacijos \u0161altinius.<\/em><\/p>\n","protected":false},"excerpt":{"rendered":"<p>Ekologi\u0161ka \u017ealioji Japoni\u0161ka Premium Sencha Konomi arbata Japonijoje arbatos yra \u012fvairi\u0173 r\u016b\u0161i\u0173. Paprastai tariant, taisykl\u0117 tokia: tamsiai \u017eali, smulk\u016bs lapeliai<\/p>\n","protected":false},"featured_media":42896,"template":"","meta":{"_acf_changed":false},"product_brand":[],"product_cat":[1907,1265],"product_tag":[1378],"class_list":{"0":"post-42860","1":"product","2":"type-product","3":"status-publish","4":"has-post-thumbnail","6":"product_cat-arbata","7":"product_cat-ekologiska-kakava-arbata-kava","8":"product_tag-veganams","9":"pa_svoris-1-kg","10":"pa_svoris-100-g","11":"pa_svoris-15-kg","12":"pa_svoris-200-g","13":"pa_svoris-25-g","14":"pa_svoris-300-g","15":"pa_svoris-400-g","16":"pa_svoris-50-g","17":"pa_svoris-500-g","19":"first","20":"instock","21":"shipping-taxable","22":"purchasable","23":"product-type-variable"},"acf":[],"yoast_head":"<!-- This site is optimized with the Yoast SEO plugin v27.5 - https:\/\/yoast.com\/product\/yoast-seo-wordpress\/ -->\n<title>Ekologi\u0161ka \u017ealioji Japoni\u0161ka Premium Sencha Konomi arbata - Biopapa<\/title>\n<meta name=\"description\" content=\"Japoni\u0161koje Premium Sencha Konomi arbatoje dera lengvi kart\u016bs tonai ir subtilus g\u0117li\u0173 charakteris. Sencha arbatoje gausu vitamino C, tod\u0117l ji ypa\u010d populiari tarp moter\u0173 savo t\u0117vyn\u0117je.\" \/>\n<meta name=\"robots\" content=\"index, follow, max-snippet:-1, max-image-preview:large, max-video-preview:-1\" \/>\n<link rel=\"canonical\" href=\"https:\/\/www.biopapa.de\/lt\/producte\/ekologiska-zalioji-japoniska-premium-sencha-konomi-arbata\/\" \/>\n<meta property=\"og:locale\" content=\"lt_LT\" \/>\n<meta property=\"og:type\" content=\"article\" \/>\n<meta property=\"og:title\" content=\"Ekologi\u0161ka \u017ealioji Japoni\u0161ka Premium Sencha Konomi arbata - Biopapa\" \/>\n<meta property=\"og:description\" content=\"Japoni\u0161koje Premium Sencha Konomi arbatoje dera lengvi kart\u016bs tonai ir subtilus g\u0117li\u0173 charakteris. Sencha arbatoje gausu vitamino C, tod\u0117l ji ypa\u010d populiari tarp moter\u0173 savo t\u0117vyn\u0117je.\" \/>\n<meta property=\"og:url\" content=\"https:\/\/www.biopapa.de\/lt\/producte\/ekologiska-zalioji-japoniska-premium-sencha-konomi-arbata\/\" \/>\n<meta property=\"og:site_name\" content=\"Biopapa\" \/>\n<meta property=\"article:publisher\" content=\"https:\/\/www.facebook.com\/biopapa.lt\" \/>\n<meta property=\"article:modified_time\" content=\"2025-01-08T11:13:22+00:00\" \/>\n<meta property=\"og:image\" content=\"https:\/\/www.biopapa.de\/wp-content\/uploads\/2024\/02\/Ekologiska-zalioji-Japoniska-sencha-arbata-1024x819.jpg\" \/>\n\t<meta property=\"og:image:width\" content=\"1024\" \/>\n\t<meta property=\"og:image:height\" content=\"819\" \/>\n\t<meta property=\"og:image:type\" content=\"image\/jpeg\" \/>\n<meta name=\"twitter:card\" content=\"summary_large_image\" \/>\n<script type=\"application\/ld+json\" class=\"yoast-schema-graph\">{\"@context\":\"https:\\\/\\\/schema.org\",\"@graph\":[{\"@type\":\"WebPage\",\"@id\":\"https:\\\/\\\/www.biopapa.de\\\/lt\\\/producte\\\/ekologiska-zalioji-japoniska-premium-sencha-konomi-arbata\\\/\",\"url\":\"https:\\\/\\\/www.biopapa.de\\\/lt\\\/producte\\\/ekologiska-zalioji-japoniska-premium-sencha-konomi-arbata\\\/\",\"name\":\"Ekologi\u0161ka \u017ealioji Japoni\u0161ka Premium Sencha Konomi arbata - Biopapa\",\"isPartOf\":{\"@id\":\"https:\\\/\\\/www.biopapa.de\\\/lt\\\/#website\"},\"primaryImageOfPage\":{\"@id\":\"https:\\\/\\\/www.biopapa.de\\\/lt\\\/producte\\\/ekologiska-zalioji-japoniska-premium-sencha-konomi-arbata\\\/#primaryimage\"},\"image\":{\"@id\":\"https:\\\/\\\/www.biopapa.de\\\/lt\\\/producte\\\/ekologiska-zalioji-japoniska-premium-sencha-konomi-arbata\\\/#primaryimage\"},\"thumbnailUrl\":\"https:\\\/\\\/www.biopapa.de\\\/wp-content\\\/uploads\\\/2024\\\/02\\\/Ekologiska-zalioji-Japoniska-sencha-arbata.jpg\",\"datePublished\":\"2024-02-23T06:06:51+00:00\",\"dateModified\":\"2025-01-08T11:13:22+00:00\",\"description\":\"Japoni\u0161koje Premium Sencha Konomi arbatoje dera lengvi kart\u016bs tonai ir subtilus g\u0117li\u0173 charakteris. Sencha arbatoje gausu vitamino C, tod\u0117l ji ypa\u010d populiari tarp moter\u0173 savo t\u0117vyn\u0117je.\",\"breadcrumb\":{\"@id\":\"https:\\\/\\\/www.biopapa.de\\\/lt\\\/producte\\\/ekologiska-zalioji-japoniska-premium-sencha-konomi-arbata\\\/#breadcrumb\"},\"inLanguage\":\"lt-LT\",\"potentialAction\":[{\"@type\":\"ReadAction\",\"target\":[\"https:\\\/\\\/www.biopapa.de\\\/lt\\\/producte\\\/ekologiska-zalioji-japoniska-premium-sencha-konomi-arbata\\\/\"]}]},{\"@type\":\"ImageObject\",\"inLanguage\":\"lt-LT\",\"@id\":\"https:\\\/\\\/www.biopapa.de\\\/lt\\\/producte\\\/ekologiska-zalioji-japoniska-premium-sencha-konomi-arbata\\\/#primaryimage\",\"url\":\"https:\\\/\\\/www.biopapa.de\\\/wp-content\\\/uploads\\\/2024\\\/02\\\/Ekologiska-zalioji-Japoniska-sencha-arbata.jpg\",\"contentUrl\":\"https:\\\/\\\/www.biopapa.de\\\/wp-content\\\/uploads\\\/2024\\\/02\\\/Ekologiska-zalioji-Japoniska-sencha-arbata.jpg\",\"width\":1600,\"height\":1280},{\"@type\":\"BreadcrumbList\",\"@id\":\"https:\\\/\\\/www.biopapa.de\\\/lt\\\/producte\\\/ekologiska-zalioji-japoniska-premium-sencha-konomi-arbata\\\/#breadcrumb\",\"itemListElement\":[{\"@type\":\"ListItem\",\"position\":1,\"name\":\"Home\",\"item\":\"https:\\\/\\\/www.biopapa.de\\\/lt\\\/\"},{\"@type\":\"ListItem\",\"position\":2,\"name\":\"Parduotuv\u0117\",\"item\":\"https:\\\/\\\/www.biopapa.de\\\/parduotuve\\\/\"},{\"@type\":\"ListItem\",\"position\":3,\"name\":\"Ekologi\u0161ka \u017ealioji Japoni\u0161ka Premium Sencha Konomi arbata\"}]},{\"@type\":\"WebSite\",\"@id\":\"https:\\\/\\\/www.biopapa.de\\\/lt\\\/#website\",\"url\":\"https:\\\/\\\/www.biopapa.de\\\/lt\\\/\",\"name\":\"Biopapa\",\"description\":\"\u0160var\u016bs ekologi\u0161ki produktai\",\"publisher\":{\"@id\":\"https:\\\/\\\/www.biopapa.de\\\/lt\\\/#organization\"},\"potentialAction\":[{\"@type\":\"SearchAction\",\"target\":{\"@type\":\"EntryPoint\",\"urlTemplate\":\"https:\\\/\\\/www.biopapa.de\\\/lt\\\/?s={search_term_string}\"},\"query-input\":{\"@type\":\"PropertyValueSpecification\",\"valueRequired\":true,\"valueName\":\"search_term_string\"}}],\"inLanguage\":\"lt-LT\"},{\"@type\":\"Organization\",\"@id\":\"https:\\\/\\\/www.biopapa.de\\\/lt\\\/#organization\",\"name\":\"Biopapa\",\"url\":\"https:\\\/\\\/www.biopapa.de\\\/lt\\\/\",\"logo\":{\"@type\":\"ImageObject\",\"inLanguage\":\"lt-LT\",\"@id\":\"https:\\\/\\\/www.biopapa.de\\\/lt\\\/#\\\/schema\\\/logo\\\/image\\\/\",\"url\":\"https:\\\/\\\/www.biopapa.lt\\\/wp-content\\\/uploads\\\/2022\\\/04\\\/facebook_biopapa.jpg\",\"contentUrl\":\"https:\\\/\\\/www.biopapa.lt\\\/wp-content\\\/uploads\\\/2022\\\/04\\\/facebook_biopapa.jpg\",\"width\":1733,\"height\":907,\"caption\":\"Biopapa\"},\"image\":{\"@id\":\"https:\\\/\\\/www.biopapa.de\\\/lt\\\/#\\\/schema\\\/logo\\\/image\\\/\"},\"sameAs\":[\"https:\\\/\\\/www.facebook.com\\\/biopapa.lt\"]}]}<\/script>\n<!-- \/ Yoast SEO plugin. -->","yoast_head_json":{"title":"Ekologi\u0161ka \u017ealioji Japoni\u0161ka Premium Sencha Konomi arbata - Biopapa","description":"Japoni\u0161koje Premium Sencha Konomi arbatoje dera lengvi kart\u016bs tonai ir subtilus g\u0117li\u0173 charakteris. Sencha arbatoje gausu vitamino C, tod\u0117l ji ypa\u010d populiari tarp moter\u0173 savo t\u0117vyn\u0117je.","robots":{"index":"index","follow":"follow","max-snippet":"max-snippet:-1","max-image-preview":"max-image-preview:large","max-video-preview":"max-video-preview:-1"},"canonical":"https:\/\/www.biopapa.de\/lt\/producte\/ekologiska-zalioji-japoniska-premium-sencha-konomi-arbata\/","og_locale":"lt_LT","og_type":"article","og_title":"Ekologi\u0161ka \u017ealioji Japoni\u0161ka Premium Sencha Konomi arbata - Biopapa","og_description":"Japoni\u0161koje Premium Sencha Konomi arbatoje dera lengvi kart\u016bs tonai ir subtilus g\u0117li\u0173 charakteris. Sencha arbatoje gausu vitamino C, tod\u0117l ji ypa\u010d populiari tarp moter\u0173 savo t\u0117vyn\u0117je.","og_url":"https:\/\/www.biopapa.de\/lt\/producte\/ekologiska-zalioji-japoniska-premium-sencha-konomi-arbata\/","og_site_name":"Biopapa","article_publisher":"https:\/\/www.facebook.com\/biopapa.lt","article_modified_time":"2025-01-08T11:13:22+00:00","og_image":[{"width":1024,"height":819,"url":"https:\/\/www.biopapa.de\/wp-content\/uploads\/2024\/02\/Ekologiska-zalioji-Japoniska-sencha-arbata-1024x819.jpg","type":"image\/jpeg"}],"twitter_card":"summary_large_image","schema":{"@context":"https:\/\/schema.org","@graph":[{"@type":"WebPage","@id":"https:\/\/www.biopapa.de\/lt\/producte\/ekologiska-zalioji-japoniska-premium-sencha-konomi-arbata\/","url":"https:\/\/www.biopapa.de\/lt\/producte\/ekologiska-zalioji-japoniska-premium-sencha-konomi-arbata\/","name":"Ekologi\u0161ka \u017ealioji Japoni\u0161ka Premium Sencha Konomi arbata - Biopapa","isPartOf":{"@id":"https:\/\/www.biopapa.de\/lt\/#website"},"primaryImageOfPage":{"@id":"https:\/\/www.biopapa.de\/lt\/producte\/ekologiska-zalioji-japoniska-premium-sencha-konomi-arbata\/#primaryimage"},"image":{"@id":"https:\/\/www.biopapa.de\/lt\/producte\/ekologiska-zalioji-japoniska-premium-sencha-konomi-arbata\/#primaryimage"},"thumbnailUrl":"https:\/\/www.biopapa.de\/wp-content\/uploads\/2024\/02\/Ekologiska-zalioji-Japoniska-sencha-arbata.jpg","datePublished":"2024-02-23T06:06:51+00:00","dateModified":"2025-01-08T11:13:22+00:00","description":"Japoni\u0161koje Premium Sencha Konomi arbatoje dera lengvi kart\u016bs tonai ir subtilus g\u0117li\u0173 charakteris. Sencha arbatoje gausu vitamino C, tod\u0117l ji ypa\u010d populiari tarp moter\u0173 savo t\u0117vyn\u0117je.","breadcrumb":{"@id":"https:\/\/www.biopapa.de\/lt\/producte\/ekologiska-zalioji-japoniska-premium-sencha-konomi-arbata\/#breadcrumb"},"inLanguage":"lt-LT","potentialAction":[{"@type":"ReadAction","target":["https:\/\/www.biopapa.de\/lt\/producte\/ekologiska-zalioji-japoniska-premium-sencha-konomi-arbata\/"]}]},{"@type":"ImageObject","inLanguage":"lt-LT","@id":"https:\/\/www.biopapa.de\/lt\/producte\/ekologiska-zalioji-japoniska-premium-sencha-konomi-arbata\/#primaryimage","url":"https:\/\/www.biopapa.de\/wp-content\/uploads\/2024\/02\/Ekologiska-zalioji-Japoniska-sencha-arbata.jpg","contentUrl":"https:\/\/www.biopapa.de\/wp-content\/uploads\/2024\/02\/Ekologiska-zalioji-Japoniska-sencha-arbata.jpg","width":1600,"height":1280},{"@type":"BreadcrumbList","@id":"https:\/\/www.biopapa.de\/lt\/producte\/ekologiska-zalioji-japoniska-premium-sencha-konomi-arbata\/#breadcrumb","itemListElement":[{"@type":"ListItem","position":1,"name":"Home","item":"https:\/\/www.biopapa.de\/lt\/"},{"@type":"ListItem","position":2,"name":"Parduotuv\u0117","item":"https:\/\/www.biopapa.de\/parduotuve\/"},{"@type":"ListItem","position":3,"name":"Ekologi\u0161ka \u017ealioji Japoni\u0161ka Premium Sencha Konomi arbata"}]},{"@type":"WebSite","@id":"https:\/\/www.biopapa.de\/lt\/#website","url":"https:\/\/www.biopapa.de\/lt\/","name":"Biopapa","description":"\u0160var\u016bs ekologi\u0161ki produktai","publisher":{"@id":"https:\/\/www.biopapa.de\/lt\/#organization"},"potentialAction":[{"@type":"SearchAction","target":{"@type":"EntryPoint","urlTemplate":"https:\/\/www.biopapa.de\/lt\/?s={search_term_string}"},"query-input":{"@type":"PropertyValueSpecification","valueRequired":true,"valueName":"search_term_string"}}],"inLanguage":"lt-LT"},{"@type":"Organization","@id":"https:\/\/www.biopapa.de\/lt\/#organization","name":"Biopapa","url":"https:\/\/www.biopapa.de\/lt\/","logo":{"@type":"ImageObject","inLanguage":"lt-LT","@id":"https:\/\/www.biopapa.de\/lt\/#\/schema\/logo\/image\/","url":"https:\/\/www.biopapa.lt\/wp-content\/uploads\/2022\/04\/facebook_biopapa.jpg","contentUrl":"https:\/\/www.biopapa.lt\/wp-content\/uploads\/2022\/04\/facebook_biopapa.jpg","width":1733,"height":907,"caption":"Biopapa"},"image":{"@id":"https:\/\/www.biopapa.de\/lt\/#\/schema\/logo\/image\/"},"sameAs":["https:\/\/www.facebook.com\/biopapa.lt"]}]}},"_links":{"self":[{"href":"https:\/\/www.biopapa.de\/lt\/wp-json\/wp\/v2\/product\/42860","targetHints":{"allow":["GET"]}}],"collection":[{"href":"https:\/\/www.biopapa.de\/lt\/wp-json\/wp\/v2\/product"}],"about":[{"href":"https:\/\/www.biopapa.de\/lt\/wp-json\/wp\/v2\/types\/product"}],"wp:featuredmedia":[{"embeddable":true,"href":"https:\/\/www.biopapa.de\/lt\/wp-json\/wp\/v2\/media\/42896"}],"wp:attachment":[{"href":"https:\/\/www.biopapa.de\/lt\/wp-json\/wp\/v2\/media?parent=42860"}],"wp:term":[{"taxonomy":"product_brand","embeddable":true,"href":"https:\/\/www.biopapa.de\/lt\/wp-json\/wp\/v2\/product_brand?post=42860"},{"taxonomy":"product_cat","embeddable":true,"href":"https:\/\/www.biopapa.de\/lt\/wp-json\/wp\/v2\/product_cat?post=42860"},{"taxonomy":"product_tag","embeddable":true,"href":"https:\/\/www.biopapa.de\/lt\/wp-json\/wp\/v2\/product_tag?post=42860"}],"curies":[{"name":"wp","href":"https:\/\/api.w.org\/{rel}","templated":true}]}}