{"id":42925,"date":"2024-02-23T08:32:01","date_gmt":"2024-02-23T06:32:01","guid":{"rendered":"https:\/\/www.biopapa.de\/?post_type=product&#038;p=42925"},"modified":"2026-03-12T13:07:33","modified_gmt":"2026-03-12T11:07:33","slug":"ekologiski-dziovintu-ananasu-rutuliukai","status":"publish","type":"product","link":"https:\/\/www.biopapa.de\/lt\/producte\/ekologiski-dziovintu-ananasu-rutuliukai\/","title":{"rendered":"Ekologi\u0161ki d\u017eiovint\u0173 ananas\u0173 rutuliukai"},"content":{"rendered":"<p><strong>Ekologi\u0161ki d\u017eiovint\u0173 ananas\u0173 rutuliukai<\/strong><br \/>\nD\u017eiovinti ananasai yra geras vitamin\u0173 ir mineral\u0173 \u0161altinis. D\u017eiovinti ananasai taip pat yra turtingi skaidul\u0173. Be to, nat\u016bral\u016bs cukr\u016bs d\u017eiovintuose ananasuose galimai suteikia greit\u0105 energijos pakel\u012f, tod\u0117l tai puikus u\u017ekand\u017eio pasirinkimas prie\u0161 treniruot\u0119 arba vidurdienio energijos \u0161altinis.<br \/>\nIntegruodami d\u017eiovintus ananasus \u012f savo diet\u0105, atid\u017eiai steb\u0117kite porcij\u0173 dyd\u012f d\u0117l nat\u016bralaus cukraus kiekio juose.<br \/>\nD\u017eiovint\u0173 ananas\u0173 rutuliukai patogus, maistingas ir skanus u\u017ekandis. Jie prad\u017eiugins bet kur\u012f smali\u017ei\u0173, net tik vaik\u0105 bet ir suaugus\u012f.<\/p>\n<p><em>PASTABA. \u010cia pateikta informacija negali b\u016bti interpretuojama kaip gydymo ar kitokio pob\u016bd\u017eio sveikatos klausim\u0173 sprendimo rekomendacija.\u00a0Raginame sprendimus, susijusius su asmenine sveikata, priimti asmeni\u0161kai, \u012fvertinus \u012fvairius informacijos \u0161altinius.<\/em><\/p>\n","protected":false},"excerpt":{"rendered":"<p>Ekologi\u0161ki d\u017eiovint\u0173 ananas\u0173 rutuliukai D\u017eiovinti ananasai yra geras vitamin\u0173 ir mineral\u0173 \u0161altinis. D\u017eiovinti ananasai taip pat yra turtingi skaidul\u0173. Be<\/p>\n","protected":false},"featured_media":21913,"template":"","meta":{"_acf_changed":false},"product_brand":[],"product_cat":[1934,1228,1902],"product_tag":[1381,1497,1378],"class_list":{"0":"post-42925","1":"product","2":"type-product","3":"status-publish","4":"has-post-thumbnail","6":"product_cat-dziovinti-vaisiai","7":"product_cat-ekologiski-dziovinti-vaisiai-uogos-darzoves","8":"product_cat-vaikams","9":"product_tag-be-pridetinio-cukraus","10":"product_tag-ne-gmo","11":"product_tag-veganams","12":"pa_svoris-1-kg","13":"pa_svoris-10-kg","14":"pa_svoris-100-g","15":"pa_svoris-2-5-kg","16":"pa_svoris-200-g","17":"pa_svoris-300-g","18":"pa_svoris-400-g","19":"pa_svoris-500-g","21":"first","22":"instock","23":"shipping-taxable","24":"purchasable","25":"product-type-variable"},"acf":[],"yoast_head":"<!-- This site is optimized with the Yoast SEO plugin v27.5 - https:\/\/yoast.com\/product\/yoast-seo-wordpress\/ -->\n<title>Ekologi\u0161ki d\u017eiovint\u0173 ananas\u0173 rutuliukai - Biopapa<\/title>\n<meta name=\"description\" content=\"D\u017eiovint\u0173 ananas\u0173 rutuliukai patogus, maistingas ir skanus u\u017ekandis. Jie prad\u017eiugins bet kur\u012f smali\u017ei\u0173, net tik vaik\u0105 bet ir suaugus\u012f.\" \/>\n<meta name=\"robots\" content=\"index, follow, max-snippet:-1, max-image-preview:large, max-video-preview:-1\" \/>\n<link rel=\"canonical\" href=\"https:\/\/www.biopapa.de\/lt\/producte\/ekologiski-dziovintu-ananasu-rutuliukai\/\" \/>\n<meta property=\"og:locale\" content=\"lt_LT\" \/>\n<meta property=\"og:type\" content=\"article\" \/>\n<meta property=\"og:title\" content=\"Ekologi\u0161ki d\u017eiovint\u0173 ananas\u0173 rutuliukai - Biopapa\" \/>\n<meta property=\"og:description\" content=\"D\u017eiovint\u0173 ananas\u0173 rutuliukai patogus, maistingas ir skanus u\u017ekandis. Jie prad\u017eiugins bet kur\u012f smali\u017ei\u0173, net tik vaik\u0105 bet ir suaugus\u012f.\" \/>\n<meta property=\"og:url\" content=\"https:\/\/www.biopapa.de\/lt\/producte\/ekologiski-dziovintu-ananasu-rutuliukai\/\" \/>\n<meta property=\"og:site_name\" content=\"Biopapa\" \/>\n<meta property=\"article:publisher\" content=\"https:\/\/www.facebook.com\/biopapa.lt\" \/>\n<meta property=\"article:modified_time\" content=\"2026-03-12T11:07:33+00:00\" \/>\n<meta property=\"og:image\" content=\"https:\/\/www.biopapa.de\/wp-content\/uploads\/2022\/12\/mango-rutuliukai.png\" \/>\n\t<meta property=\"og:image:width\" content=\"800\" \/>\n\t<meta property=\"og:image:height\" content=\"640\" \/>\n\t<meta property=\"og:image:type\" content=\"image\/png\" \/>\n<meta name=\"twitter:card\" content=\"summary_large_image\" \/>\n<meta name=\"twitter:label1\" content=\"Est. reading time\" \/>\n\t<meta name=\"twitter:data1\" content=\"1 minut\u0117\" \/>\n<script type=\"application\/ld+json\" class=\"yoast-schema-graph\">{\"@context\":\"https:\\\/\\\/schema.org\",\"@graph\":[{\"@type\":\"WebPage\",\"@id\":\"https:\\\/\\\/www.biopapa.de\\\/lt\\\/producte\\\/ekologiski-dziovintu-ananasu-rutuliukai\\\/\",\"url\":\"https:\\\/\\\/www.biopapa.de\\\/lt\\\/producte\\\/ekologiski-dziovintu-ananasu-rutuliukai\\\/\",\"name\":\"Ekologi\u0161ki d\u017eiovint\u0173 ananas\u0173 rutuliukai - Biopapa\",\"isPartOf\":{\"@id\":\"https:\\\/\\\/www.biopapa.de\\\/lt\\\/#website\"},\"primaryImageOfPage\":{\"@id\":\"https:\\\/\\\/www.biopapa.de\\\/lt\\\/producte\\\/ekologiski-dziovintu-ananasu-rutuliukai\\\/#primaryimage\"},\"image\":{\"@id\":\"https:\\\/\\\/www.biopapa.de\\\/lt\\\/producte\\\/ekologiski-dziovintu-ananasu-rutuliukai\\\/#primaryimage\"},\"thumbnailUrl\":\"https:\\\/\\\/www.biopapa.de\\\/wp-content\\\/uploads\\\/2022\\\/12\\\/mango-rutuliukai.png\",\"datePublished\":\"2024-02-23T06:32:01+00:00\",\"dateModified\":\"2026-03-12T11:07:33+00:00\",\"description\":\"D\u017eiovint\u0173 ananas\u0173 rutuliukai patogus, maistingas ir skanus u\u017ekandis. Jie prad\u017eiugins bet kur\u012f smali\u017ei\u0173, net tik vaik\u0105 bet ir suaugus\u012f.\",\"breadcrumb\":{\"@id\":\"https:\\\/\\\/www.biopapa.de\\\/lt\\\/producte\\\/ekologiski-dziovintu-ananasu-rutuliukai\\\/#breadcrumb\"},\"inLanguage\":\"lt-LT\",\"potentialAction\":[{\"@type\":\"ReadAction\",\"target\":[\"https:\\\/\\\/www.biopapa.de\\\/lt\\\/producte\\\/ekologiski-dziovintu-ananasu-rutuliukai\\\/\"]}]},{\"@type\":\"ImageObject\",\"inLanguage\":\"lt-LT\",\"@id\":\"https:\\\/\\\/www.biopapa.de\\\/lt\\\/producte\\\/ekologiski-dziovintu-ananasu-rutuliukai\\\/#primaryimage\",\"url\":\"https:\\\/\\\/www.biopapa.de\\\/wp-content\\\/uploads\\\/2022\\\/12\\\/mango-rutuliukai.png\",\"contentUrl\":\"https:\\\/\\\/www.biopapa.de\\\/wp-content\\\/uploads\\\/2022\\\/12\\\/mango-rutuliukai.png\",\"width\":800,\"height\":640,\"caption\":\"Ekologi\u0161ki d\u017eiovint\u0173 mang\u0173 rutuliukai\"},{\"@type\":\"BreadcrumbList\",\"@id\":\"https:\\\/\\\/www.biopapa.de\\\/lt\\\/producte\\\/ekologiski-dziovintu-ananasu-rutuliukai\\\/#breadcrumb\",\"itemListElement\":[{\"@type\":\"ListItem\",\"position\":1,\"name\":\"Home\",\"item\":\"https:\\\/\\\/www.biopapa.de\\\/lt\\\/\"},{\"@type\":\"ListItem\",\"position\":2,\"name\":\"Parduotuv\u0117\",\"item\":\"https:\\\/\\\/www.biopapa.de\\\/parduotuve\\\/\"},{\"@type\":\"ListItem\",\"position\":3,\"name\":\"Ekologi\u0161ki d\u017eiovint\u0173 ananas\u0173 rutuliukai\"}]},{\"@type\":\"WebSite\",\"@id\":\"https:\\\/\\\/www.biopapa.de\\\/lt\\\/#website\",\"url\":\"https:\\\/\\\/www.biopapa.de\\\/lt\\\/\",\"name\":\"Biopapa\",\"description\":\"\u0160var\u016bs ekologi\u0161ki produktai\",\"publisher\":{\"@id\":\"https:\\\/\\\/www.biopapa.de\\\/lt\\\/#organization\"},\"potentialAction\":[{\"@type\":\"SearchAction\",\"target\":{\"@type\":\"EntryPoint\",\"urlTemplate\":\"https:\\\/\\\/www.biopapa.de\\\/lt\\\/?s={search_term_string}\"},\"query-input\":{\"@type\":\"PropertyValueSpecification\",\"valueRequired\":true,\"valueName\":\"search_term_string\"}}],\"inLanguage\":\"lt-LT\"},{\"@type\":\"Organization\",\"@id\":\"https:\\\/\\\/www.biopapa.de\\\/lt\\\/#organization\",\"name\":\"Biopapa\",\"url\":\"https:\\\/\\\/www.biopapa.de\\\/lt\\\/\",\"logo\":{\"@type\":\"ImageObject\",\"inLanguage\":\"lt-LT\",\"@id\":\"https:\\\/\\\/www.biopapa.de\\\/lt\\\/#\\\/schema\\\/logo\\\/image\\\/\",\"url\":\"https:\\\/\\\/www.biopapa.lt\\\/wp-content\\\/uploads\\\/2022\\\/04\\\/facebook_biopapa.jpg\",\"contentUrl\":\"https:\\\/\\\/www.biopapa.lt\\\/wp-content\\\/uploads\\\/2022\\\/04\\\/facebook_biopapa.jpg\",\"width\":1733,\"height\":907,\"caption\":\"Biopapa\"},\"image\":{\"@id\":\"https:\\\/\\\/www.biopapa.de\\\/lt\\\/#\\\/schema\\\/logo\\\/image\\\/\"},\"sameAs\":[\"https:\\\/\\\/www.facebook.com\\\/biopapa.lt\"]}]}<\/script>\n<!-- \/ Yoast SEO plugin. -->","yoast_head_json":{"title":"Ekologi\u0161ki d\u017eiovint\u0173 ananas\u0173 rutuliukai - Biopapa","description":"D\u017eiovint\u0173 ananas\u0173 rutuliukai patogus, maistingas ir skanus u\u017ekandis. Jie prad\u017eiugins bet kur\u012f smali\u017ei\u0173, net tik vaik\u0105 bet ir suaugus\u012f.","robots":{"index":"index","follow":"follow","max-snippet":"max-snippet:-1","max-image-preview":"max-image-preview:large","max-video-preview":"max-video-preview:-1"},"canonical":"https:\/\/www.biopapa.de\/lt\/producte\/ekologiski-dziovintu-ananasu-rutuliukai\/","og_locale":"lt_LT","og_type":"article","og_title":"Ekologi\u0161ki d\u017eiovint\u0173 ananas\u0173 rutuliukai - Biopapa","og_description":"D\u017eiovint\u0173 ananas\u0173 rutuliukai patogus, maistingas ir skanus u\u017ekandis. Jie prad\u017eiugins bet kur\u012f smali\u017ei\u0173, net tik vaik\u0105 bet ir suaugus\u012f.","og_url":"https:\/\/www.biopapa.de\/lt\/producte\/ekologiski-dziovintu-ananasu-rutuliukai\/","og_site_name":"Biopapa","article_publisher":"https:\/\/www.facebook.com\/biopapa.lt","article_modified_time":"2026-03-12T11:07:33+00:00","og_image":[{"width":800,"height":640,"url":"https:\/\/www.biopapa.de\/wp-content\/uploads\/2022\/12\/mango-rutuliukai.png","type":"image\/png"}],"twitter_card":"summary_large_image","twitter_misc":{"Est. reading time":"1 minut\u0117"},"schema":{"@context":"https:\/\/schema.org","@graph":[{"@type":"WebPage","@id":"https:\/\/www.biopapa.de\/lt\/producte\/ekologiski-dziovintu-ananasu-rutuliukai\/","url":"https:\/\/www.biopapa.de\/lt\/producte\/ekologiski-dziovintu-ananasu-rutuliukai\/","name":"Ekologi\u0161ki d\u017eiovint\u0173 ananas\u0173 rutuliukai - Biopapa","isPartOf":{"@id":"https:\/\/www.biopapa.de\/lt\/#website"},"primaryImageOfPage":{"@id":"https:\/\/www.biopapa.de\/lt\/producte\/ekologiski-dziovintu-ananasu-rutuliukai\/#primaryimage"},"image":{"@id":"https:\/\/www.biopapa.de\/lt\/producte\/ekologiski-dziovintu-ananasu-rutuliukai\/#primaryimage"},"thumbnailUrl":"https:\/\/www.biopapa.de\/wp-content\/uploads\/2022\/12\/mango-rutuliukai.png","datePublished":"2024-02-23T06:32:01+00:00","dateModified":"2026-03-12T11:07:33+00:00","description":"D\u017eiovint\u0173 ananas\u0173 rutuliukai patogus, maistingas ir skanus u\u017ekandis. Jie prad\u017eiugins bet kur\u012f smali\u017ei\u0173, net tik vaik\u0105 bet ir suaugus\u012f.","breadcrumb":{"@id":"https:\/\/www.biopapa.de\/lt\/producte\/ekologiski-dziovintu-ananasu-rutuliukai\/#breadcrumb"},"inLanguage":"lt-LT","potentialAction":[{"@type":"ReadAction","target":["https:\/\/www.biopapa.de\/lt\/producte\/ekologiski-dziovintu-ananasu-rutuliukai\/"]}]},{"@type":"ImageObject","inLanguage":"lt-LT","@id":"https:\/\/www.biopapa.de\/lt\/producte\/ekologiski-dziovintu-ananasu-rutuliukai\/#primaryimage","url":"https:\/\/www.biopapa.de\/wp-content\/uploads\/2022\/12\/mango-rutuliukai.png","contentUrl":"https:\/\/www.biopapa.de\/wp-content\/uploads\/2022\/12\/mango-rutuliukai.png","width":800,"height":640,"caption":"Ekologi\u0161ki d\u017eiovint\u0173 mang\u0173 rutuliukai"},{"@type":"BreadcrumbList","@id":"https:\/\/www.biopapa.de\/lt\/producte\/ekologiski-dziovintu-ananasu-rutuliukai\/#breadcrumb","itemListElement":[{"@type":"ListItem","position":1,"name":"Home","item":"https:\/\/www.biopapa.de\/lt\/"},{"@type":"ListItem","position":2,"name":"Parduotuv\u0117","item":"https:\/\/www.biopapa.de\/parduotuve\/"},{"@type":"ListItem","position":3,"name":"Ekologi\u0161ki d\u017eiovint\u0173 ananas\u0173 rutuliukai"}]},{"@type":"WebSite","@id":"https:\/\/www.biopapa.de\/lt\/#website","url":"https:\/\/www.biopapa.de\/lt\/","name":"Biopapa","description":"\u0160var\u016bs ekologi\u0161ki produktai","publisher":{"@id":"https:\/\/www.biopapa.de\/lt\/#organization"},"potentialAction":[{"@type":"SearchAction","target":{"@type":"EntryPoint","urlTemplate":"https:\/\/www.biopapa.de\/lt\/?s={search_term_string}"},"query-input":{"@type":"PropertyValueSpecification","valueRequired":true,"valueName":"search_term_string"}}],"inLanguage":"lt-LT"},{"@type":"Organization","@id":"https:\/\/www.biopapa.de\/lt\/#organization","name":"Biopapa","url":"https:\/\/www.biopapa.de\/lt\/","logo":{"@type":"ImageObject","inLanguage":"lt-LT","@id":"https:\/\/www.biopapa.de\/lt\/#\/schema\/logo\/image\/","url":"https:\/\/www.biopapa.lt\/wp-content\/uploads\/2022\/04\/facebook_biopapa.jpg","contentUrl":"https:\/\/www.biopapa.lt\/wp-content\/uploads\/2022\/04\/facebook_biopapa.jpg","width":1733,"height":907,"caption":"Biopapa"},"image":{"@id":"https:\/\/www.biopapa.de\/lt\/#\/schema\/logo\/image\/"},"sameAs":["https:\/\/www.facebook.com\/biopapa.lt"]}]}},"_links":{"self":[{"href":"https:\/\/www.biopapa.de\/lt\/wp-json\/wp\/v2\/product\/42925","targetHints":{"allow":["GET"]}}],"collection":[{"href":"https:\/\/www.biopapa.de\/lt\/wp-json\/wp\/v2\/product"}],"about":[{"href":"https:\/\/www.biopapa.de\/lt\/wp-json\/wp\/v2\/types\/product"}],"wp:featuredmedia":[{"embeddable":true,"href":"https:\/\/www.biopapa.de\/lt\/wp-json\/wp\/v2\/media\/21913"}],"wp:attachment":[{"href":"https:\/\/www.biopapa.de\/lt\/wp-json\/wp\/v2\/media?parent=42925"}],"wp:term":[{"taxonomy":"product_brand","embeddable":true,"href":"https:\/\/www.biopapa.de\/lt\/wp-json\/wp\/v2\/product_brand?post=42925"},{"taxonomy":"product_cat","embeddable":true,"href":"https:\/\/www.biopapa.de\/lt\/wp-json\/wp\/v2\/product_cat?post=42925"},{"taxonomy":"product_tag","embeddable":true,"href":"https:\/\/www.biopapa.de\/lt\/wp-json\/wp\/v2\/product_tag?post=42925"}],"curies":[{"name":"wp","href":"https:\/\/api.w.org\/{rel}","templated":true}]}}