{"id":43124,"date":"2024-02-25T11:47:02","date_gmt":"2024-02-25T09:47:02","guid":{"rendered":"https:\/\/www.biopapa.de\/?post_type=product&#038;p=43124"},"modified":"2026-01-09T15:47:49","modified_gmt":"2026-01-09T13:47:49","slug":"ekologiskas-svelnus-aromatinis-misinys-seklos-daiginimui-bioforce-40-g","status":"publish","type":"product","link":"https:\/\/www.biopapa.de\/lt\/producte\/ekologiskas-svelnus-aromatinis-misinys-seklos-daiginimui-bioforce-40-g\/","title":{"rendered":"Ekologi\u0161kas \u0160velnus aromatinis mi\u0161inys (s\u0117klos daiginimui), BIOFORCE, 40 g"},"content":{"rendered":"<p><strong>\u0160velnus aromatinis mi\u0161inys (s\u0117klos daiginimui), BIOFORCE, 40 g<\/strong><\/p>\n<p>\u0160iame mi\u0161inyje\u00a0yra \u012fvairi\u0173 s\u0117kl\u0173.<br \/>\nI\u0161augintos, jos suteikia ypating\u0105 skon\u012f dar\u017eovi\u0173 patiekalams, sriuboms, tro\u0161kiniams, sumu\u0161tiniams, salotoms ir daugeliui kit\u0173 patiekal\u0173.<\/p>\n<p>\u0160velnus-Aromatingas Mi\u0161inys yra puikus papildas lengviems patiekalams visus metus. \u0160velnus, skanus skonis suteikia ypating\u0105 aromat\u0105 patiekalams.<\/p>\n<p>J\u0173 daiginimas yra lengvas. Auk\u0161tos kokyb\u0117s s\u0117klos ir BioSnacky auginimo pad\u0117klai u\u017etikrina geriausi\u0105 daigum\u0105.<\/p>\n<p>2 \u0161auk\u0161tus s\u0117kl\u0173 u\u017emerkite \u012f daiginimo ind\u0105, auginkite esant 18-22 \u00baC temperat\u016brai, palaistykite vandeniu 2 kartus per dien\u0105.<br \/>\nDaigai tinkami valgymui po 3-5 dien\u0173.<br \/>\nPrie\u0161 s\u0117jant kruop\u0161\u010diai nuplaukite s\u0117klas \u0161variu vandeniu.<br \/>\nNor\u0117dami pasiekti geriausi\u0105 rezultat\u0105, s\u0117kite s\u0117klas plonu sluoksniu.<br \/>\nDaigumo laikas priklauso nuo temperat\u016bros ir s\u0117kl\u0173 r\u016b\u0161ies.<br \/>\nLaikykite v\u0117sioje, sausoje vietoje, toli nuo tiesiogini\u0173 saul\u0117s spinduli\u0173.<\/p>\n","protected":false},"excerpt":{"rendered":"<p>\u0160velnus aromatinis mi\u0161inys (s\u0117klos daiginimui), BIOFORCE, 40 g \u0160iame mi\u0161inyje\u00a0yra \u012fvairi\u0173 s\u0117kl\u0173. I\u0161augintos, jos suteikia ypating\u0105 skon\u012f dar\u017eovi\u0173 patiekalams, sriuboms,<\/p>\n","protected":false},"featured_media":43128,"template":"","meta":{"_acf_changed":false},"product_brand":[],"product_cat":[730,1905],"product_tag":[1378,1382],"class_list":{"0":"post-43124","1":"product","2":"type-product","3":"status-publish","4":"has-post-thumbnail","6":"product_cat-ekologiski-riesutai-seklos","7":"product_cat-seklos","8":"product_tag-veganams","9":"product_tag-zaliavalgiams","11":"first","12":"outofstock","13":"shipping-taxable","14":"purchasable","15":"product-type-simple"},"acf":[],"yoast_head":"<!-- This site is optimized with the Yoast SEO plugin v27.5 - https:\/\/yoast.com\/product\/yoast-seo-wordpress\/ -->\n<title>Ekologi\u0161kas \u0160velnus aromatinis mi\u0161inys (s\u0117klos daiginimui), BIOFORCE, 40 g - Biopapa<\/title>\n<meta name=\"description\" content=\"\u0160velnus-Aromatingas Mi\u0161inys yra puikus papildas lengviems patiekalams visus metus. \u0160velnus, skanus skonis suteikia ypating\u0105 aromat\u0105 patiekalams.\" \/>\n<meta name=\"robots\" content=\"index, follow, max-snippet:-1, max-image-preview:large, max-video-preview:-1\" \/>\n<link rel=\"canonical\" href=\"https:\/\/www.biopapa.de\/lt\/producte\/ekologiskas-svelnus-aromatinis-misinys-seklos-daiginimui-bioforce-40-g\/\" \/>\n<meta property=\"og:locale\" content=\"lt_LT\" \/>\n<meta property=\"og:type\" content=\"article\" \/>\n<meta property=\"og:title\" content=\"Ekologi\u0161kas \u0160velnus aromatinis mi\u0161inys (s\u0117klos daiginimui), BIOFORCE, 40 g - Biopapa\" \/>\n<meta property=\"og:description\" content=\"\u0160velnus-Aromatingas Mi\u0161inys yra puikus papildas lengviems patiekalams visus metus. \u0160velnus, skanus skonis suteikia ypating\u0105 aromat\u0105 patiekalams.\" \/>\n<meta property=\"og:url\" content=\"https:\/\/www.biopapa.de\/lt\/producte\/ekologiskas-svelnus-aromatinis-misinys-seklos-daiginimui-bioforce-40-g\/\" \/>\n<meta property=\"og:site_name\" content=\"Biopapa\" \/>\n<meta property=\"article:publisher\" content=\"https:\/\/www.facebook.com\/biopapa.lt\" \/>\n<meta property=\"article:modified_time\" content=\"2026-01-09T13:47:49+00:00\" \/>\n<meta property=\"og:image\" content=\"https:\/\/www.biopapa.de\/wp-content\/uploads\/2024\/02\/Svelnus-aromatinis-misinys-seklos-daiginimui-BIOFORCE-40-g.png\" \/>\n\t<meta property=\"og:image:width\" content=\"1600\" \/>\n\t<meta property=\"og:image:height\" content=\"1280\" \/>\n\t<meta property=\"og:image:type\" content=\"image\/png\" \/>\n<meta name=\"twitter:card\" content=\"summary_large_image\" \/>\n<meta name=\"twitter:label1\" content=\"Est. reading time\" \/>\n\t<meta name=\"twitter:data1\" content=\"1 minut\u0117\" \/>\n<script type=\"application\/ld+json\" class=\"yoast-schema-graph\">{\"@context\":\"https:\\\/\\\/schema.org\",\"@graph\":[{\"@type\":\"WebPage\",\"@id\":\"https:\\\/\\\/www.biopapa.de\\\/lt\\\/producte\\\/ekologiskas-svelnus-aromatinis-misinys-seklos-daiginimui-bioforce-40-g\\\/\",\"url\":\"https:\\\/\\\/www.biopapa.de\\\/lt\\\/producte\\\/ekologiskas-svelnus-aromatinis-misinys-seklos-daiginimui-bioforce-40-g\\\/\",\"name\":\"Ekologi\u0161kas \u0160velnus aromatinis mi\u0161inys (s\u0117klos daiginimui), BIOFORCE, 40 g - Biopapa\",\"isPartOf\":{\"@id\":\"https:\\\/\\\/www.biopapa.de\\\/lt\\\/#website\"},\"primaryImageOfPage\":{\"@id\":\"https:\\\/\\\/www.biopapa.de\\\/lt\\\/producte\\\/ekologiskas-svelnus-aromatinis-misinys-seklos-daiginimui-bioforce-40-g\\\/#primaryimage\"},\"image\":{\"@id\":\"https:\\\/\\\/www.biopapa.de\\\/lt\\\/producte\\\/ekologiskas-svelnus-aromatinis-misinys-seklos-daiginimui-bioforce-40-g\\\/#primaryimage\"},\"thumbnailUrl\":\"https:\\\/\\\/www.biopapa.de\\\/wp-content\\\/uploads\\\/2024\\\/02\\\/Svelnus-aromatinis-misinys-seklos-daiginimui-BIOFORCE-40-g.png\",\"datePublished\":\"2024-02-25T09:47:02+00:00\",\"dateModified\":\"2026-01-09T13:47:49+00:00\",\"description\":\"\u0160velnus-Aromatingas Mi\u0161inys yra puikus papildas lengviems patiekalams visus metus. \u0160velnus, skanus skonis suteikia ypating\u0105 aromat\u0105 patiekalams.\",\"breadcrumb\":{\"@id\":\"https:\\\/\\\/www.biopapa.de\\\/lt\\\/producte\\\/ekologiskas-svelnus-aromatinis-misinys-seklos-daiginimui-bioforce-40-g\\\/#breadcrumb\"},\"inLanguage\":\"lt-LT\",\"potentialAction\":[{\"@type\":\"ReadAction\",\"target\":[\"https:\\\/\\\/www.biopapa.de\\\/lt\\\/producte\\\/ekologiskas-svelnus-aromatinis-misinys-seklos-daiginimui-bioforce-40-g\\\/\"]}]},{\"@type\":\"ImageObject\",\"inLanguage\":\"lt-LT\",\"@id\":\"https:\\\/\\\/www.biopapa.de\\\/lt\\\/producte\\\/ekologiskas-svelnus-aromatinis-misinys-seklos-daiginimui-bioforce-40-g\\\/#primaryimage\",\"url\":\"https:\\\/\\\/www.biopapa.de\\\/wp-content\\\/uploads\\\/2024\\\/02\\\/Svelnus-aromatinis-misinys-seklos-daiginimui-BIOFORCE-40-g.png\",\"contentUrl\":\"https:\\\/\\\/www.biopapa.de\\\/wp-content\\\/uploads\\\/2024\\\/02\\\/Svelnus-aromatinis-misinys-seklos-daiginimui-BIOFORCE-40-g.png\",\"width\":1600,\"height\":1280},{\"@type\":\"BreadcrumbList\",\"@id\":\"https:\\\/\\\/www.biopapa.de\\\/lt\\\/producte\\\/ekologiskas-svelnus-aromatinis-misinys-seklos-daiginimui-bioforce-40-g\\\/#breadcrumb\",\"itemListElement\":[{\"@type\":\"ListItem\",\"position\":1,\"name\":\"Home\",\"item\":\"https:\\\/\\\/www.biopapa.de\\\/lt\\\/\"},{\"@type\":\"ListItem\",\"position\":2,\"name\":\"Parduotuv\u0117\",\"item\":\"https:\\\/\\\/www.biopapa.de\\\/parduotuve\\\/\"},{\"@type\":\"ListItem\",\"position\":3,\"name\":\"Ekologi\u0161kas \u0160velnus aromatinis mi\u0161inys (s\u0117klos daiginimui), BIOFORCE, 40 g\"}]},{\"@type\":\"WebSite\",\"@id\":\"https:\\\/\\\/www.biopapa.de\\\/lt\\\/#website\",\"url\":\"https:\\\/\\\/www.biopapa.de\\\/lt\\\/\",\"name\":\"Biopapa\",\"description\":\"\u0160var\u016bs ekologi\u0161ki produktai\",\"publisher\":{\"@id\":\"https:\\\/\\\/www.biopapa.de\\\/lt\\\/#organization\"},\"potentialAction\":[{\"@type\":\"SearchAction\",\"target\":{\"@type\":\"EntryPoint\",\"urlTemplate\":\"https:\\\/\\\/www.biopapa.de\\\/lt\\\/?s={search_term_string}\"},\"query-input\":{\"@type\":\"PropertyValueSpecification\",\"valueRequired\":true,\"valueName\":\"search_term_string\"}}],\"inLanguage\":\"lt-LT\"},{\"@type\":\"Organization\",\"@id\":\"https:\\\/\\\/www.biopapa.de\\\/lt\\\/#organization\",\"name\":\"Biopapa\",\"url\":\"https:\\\/\\\/www.biopapa.de\\\/lt\\\/\",\"logo\":{\"@type\":\"ImageObject\",\"inLanguage\":\"lt-LT\",\"@id\":\"https:\\\/\\\/www.biopapa.de\\\/lt\\\/#\\\/schema\\\/logo\\\/image\\\/\",\"url\":\"https:\\\/\\\/www.biopapa.lt\\\/wp-content\\\/uploads\\\/2022\\\/04\\\/facebook_biopapa.jpg\",\"contentUrl\":\"https:\\\/\\\/www.biopapa.lt\\\/wp-content\\\/uploads\\\/2022\\\/04\\\/facebook_biopapa.jpg\",\"width\":1733,\"height\":907,\"caption\":\"Biopapa\"},\"image\":{\"@id\":\"https:\\\/\\\/www.biopapa.de\\\/lt\\\/#\\\/schema\\\/logo\\\/image\\\/\"},\"sameAs\":[\"https:\\\/\\\/www.facebook.com\\\/biopapa.lt\"]}]}<\/script>\n<!-- \/ Yoast SEO plugin. -->","yoast_head_json":{"title":"Ekologi\u0161kas \u0160velnus aromatinis mi\u0161inys (s\u0117klos daiginimui), BIOFORCE, 40 g - Biopapa","description":"\u0160velnus-Aromatingas Mi\u0161inys yra puikus papildas lengviems patiekalams visus metus. \u0160velnus, skanus skonis suteikia ypating\u0105 aromat\u0105 patiekalams.","robots":{"index":"index","follow":"follow","max-snippet":"max-snippet:-1","max-image-preview":"max-image-preview:large","max-video-preview":"max-video-preview:-1"},"canonical":"https:\/\/www.biopapa.de\/lt\/producte\/ekologiskas-svelnus-aromatinis-misinys-seklos-daiginimui-bioforce-40-g\/","og_locale":"lt_LT","og_type":"article","og_title":"Ekologi\u0161kas \u0160velnus aromatinis mi\u0161inys (s\u0117klos daiginimui), BIOFORCE, 40 g - Biopapa","og_description":"\u0160velnus-Aromatingas Mi\u0161inys yra puikus papildas lengviems patiekalams visus metus. \u0160velnus, skanus skonis suteikia ypating\u0105 aromat\u0105 patiekalams.","og_url":"https:\/\/www.biopapa.de\/lt\/producte\/ekologiskas-svelnus-aromatinis-misinys-seklos-daiginimui-bioforce-40-g\/","og_site_name":"Biopapa","article_publisher":"https:\/\/www.facebook.com\/biopapa.lt","article_modified_time":"2026-01-09T13:47:49+00:00","og_image":[{"width":1600,"height":1280,"url":"https:\/\/www.biopapa.de\/wp-content\/uploads\/2024\/02\/Svelnus-aromatinis-misinys-seklos-daiginimui-BIOFORCE-40-g.png","type":"image\/png"}],"twitter_card":"summary_large_image","twitter_misc":{"Est. reading time":"1 minut\u0117"},"schema":{"@context":"https:\/\/schema.org","@graph":[{"@type":"WebPage","@id":"https:\/\/www.biopapa.de\/lt\/producte\/ekologiskas-svelnus-aromatinis-misinys-seklos-daiginimui-bioforce-40-g\/","url":"https:\/\/www.biopapa.de\/lt\/producte\/ekologiskas-svelnus-aromatinis-misinys-seklos-daiginimui-bioforce-40-g\/","name":"Ekologi\u0161kas \u0160velnus aromatinis mi\u0161inys (s\u0117klos daiginimui), BIOFORCE, 40 g - Biopapa","isPartOf":{"@id":"https:\/\/www.biopapa.de\/lt\/#website"},"primaryImageOfPage":{"@id":"https:\/\/www.biopapa.de\/lt\/producte\/ekologiskas-svelnus-aromatinis-misinys-seklos-daiginimui-bioforce-40-g\/#primaryimage"},"image":{"@id":"https:\/\/www.biopapa.de\/lt\/producte\/ekologiskas-svelnus-aromatinis-misinys-seklos-daiginimui-bioforce-40-g\/#primaryimage"},"thumbnailUrl":"https:\/\/www.biopapa.de\/wp-content\/uploads\/2024\/02\/Svelnus-aromatinis-misinys-seklos-daiginimui-BIOFORCE-40-g.png","datePublished":"2024-02-25T09:47:02+00:00","dateModified":"2026-01-09T13:47:49+00:00","description":"\u0160velnus-Aromatingas Mi\u0161inys yra puikus papildas lengviems patiekalams visus metus. \u0160velnus, skanus skonis suteikia ypating\u0105 aromat\u0105 patiekalams.","breadcrumb":{"@id":"https:\/\/www.biopapa.de\/lt\/producte\/ekologiskas-svelnus-aromatinis-misinys-seklos-daiginimui-bioforce-40-g\/#breadcrumb"},"inLanguage":"lt-LT","potentialAction":[{"@type":"ReadAction","target":["https:\/\/www.biopapa.de\/lt\/producte\/ekologiskas-svelnus-aromatinis-misinys-seklos-daiginimui-bioforce-40-g\/"]}]},{"@type":"ImageObject","inLanguage":"lt-LT","@id":"https:\/\/www.biopapa.de\/lt\/producte\/ekologiskas-svelnus-aromatinis-misinys-seklos-daiginimui-bioforce-40-g\/#primaryimage","url":"https:\/\/www.biopapa.de\/wp-content\/uploads\/2024\/02\/Svelnus-aromatinis-misinys-seklos-daiginimui-BIOFORCE-40-g.png","contentUrl":"https:\/\/www.biopapa.de\/wp-content\/uploads\/2024\/02\/Svelnus-aromatinis-misinys-seklos-daiginimui-BIOFORCE-40-g.png","width":1600,"height":1280},{"@type":"BreadcrumbList","@id":"https:\/\/www.biopapa.de\/lt\/producte\/ekologiskas-svelnus-aromatinis-misinys-seklos-daiginimui-bioforce-40-g\/#breadcrumb","itemListElement":[{"@type":"ListItem","position":1,"name":"Home","item":"https:\/\/www.biopapa.de\/lt\/"},{"@type":"ListItem","position":2,"name":"Parduotuv\u0117","item":"https:\/\/www.biopapa.de\/parduotuve\/"},{"@type":"ListItem","position":3,"name":"Ekologi\u0161kas \u0160velnus aromatinis mi\u0161inys (s\u0117klos daiginimui), BIOFORCE, 40 g"}]},{"@type":"WebSite","@id":"https:\/\/www.biopapa.de\/lt\/#website","url":"https:\/\/www.biopapa.de\/lt\/","name":"Biopapa","description":"\u0160var\u016bs ekologi\u0161ki produktai","publisher":{"@id":"https:\/\/www.biopapa.de\/lt\/#organization"},"potentialAction":[{"@type":"SearchAction","target":{"@type":"EntryPoint","urlTemplate":"https:\/\/www.biopapa.de\/lt\/?s={search_term_string}"},"query-input":{"@type":"PropertyValueSpecification","valueRequired":true,"valueName":"search_term_string"}}],"inLanguage":"lt-LT"},{"@type":"Organization","@id":"https:\/\/www.biopapa.de\/lt\/#organization","name":"Biopapa","url":"https:\/\/www.biopapa.de\/lt\/","logo":{"@type":"ImageObject","inLanguage":"lt-LT","@id":"https:\/\/www.biopapa.de\/lt\/#\/schema\/logo\/image\/","url":"https:\/\/www.biopapa.lt\/wp-content\/uploads\/2022\/04\/facebook_biopapa.jpg","contentUrl":"https:\/\/www.biopapa.lt\/wp-content\/uploads\/2022\/04\/facebook_biopapa.jpg","width":1733,"height":907,"caption":"Biopapa"},"image":{"@id":"https:\/\/www.biopapa.de\/lt\/#\/schema\/logo\/image\/"},"sameAs":["https:\/\/www.facebook.com\/biopapa.lt"]}]}},"_links":{"self":[{"href":"https:\/\/www.biopapa.de\/lt\/wp-json\/wp\/v2\/product\/43124","targetHints":{"allow":["GET"]}}],"collection":[{"href":"https:\/\/www.biopapa.de\/lt\/wp-json\/wp\/v2\/product"}],"about":[{"href":"https:\/\/www.biopapa.de\/lt\/wp-json\/wp\/v2\/types\/product"}],"wp:featuredmedia":[{"embeddable":true,"href":"https:\/\/www.biopapa.de\/lt\/wp-json\/wp\/v2\/media\/43128"}],"wp:attachment":[{"href":"https:\/\/www.biopapa.de\/lt\/wp-json\/wp\/v2\/media?parent=43124"}],"wp:term":[{"taxonomy":"product_brand","embeddable":true,"href":"https:\/\/www.biopapa.de\/lt\/wp-json\/wp\/v2\/product_brand?post=43124"},{"taxonomy":"product_cat","embeddable":true,"href":"https:\/\/www.biopapa.de\/lt\/wp-json\/wp\/v2\/product_cat?post=43124"},{"taxonomy":"product_tag","embeddable":true,"href":"https:\/\/www.biopapa.de\/lt\/wp-json\/wp\/v2\/product_tag?post=43124"}],"curies":[{"name":"wp","href":"https:\/\/api.w.org\/{rel}","templated":true}]}}